{"id":81836,"date":"2020-07-27T10:48:05","date_gmt":"2020-07-27T08:48:06","guid":{"rendered":"https:\/\/tourtravelandmore.com\/?post_type=product&#038;p=81836"},"modified":"2022-11-29T01:44:25","modified_gmt":"2022-11-29T00:44:25","slug":"traslado-aeropuerto-fuerteventura-traslado-privado-con-chofer","status":"publish","type":"product","link":"https:\/\/tourtravelandmore.com\/es\/tours\/espana-es\/fuerteventura-es\/traslado-aeropuerto-fuerteventura-traslado-privado-con-chofer\/","title":{"rendered":"Traslados privados en Fuerteventura"},"content":{"rendered":"<h2>Descripci\u00f3n de los Traslados\u00a0privados en Fuerteventura<\/h2>\n<p>Nuestro traslado aeropuerto Fuerteventura, es la mejor forma de llagar a su Hotel o lugar de su elecci\u00f3n en la isla, de forma r\u00e1pida, sin colas y segura.<\/p>\n<p>El conductor esperar\u00e1 en llegadas con un cartel con su nombre. No se tiene que preocupar si hay retrasos en el vuelo, nosotros lo monitorizamos y enviamos el conductor a la hora de su aterrizaje.<\/p>\n<p>Adem\u00e1s de traslado aeropuerto Fuerteventura, ofrecemos m\u00e1s servicios en la Isla:<\/p>\n<ul>\n<li><strong>Traslados Aeropuerto<\/strong><\/li>\n<li><strong>Traslados Terminal de Cruceros o Puertos<\/strong><\/li>\n<li><strong>Disposiciones con conductor<\/strong><\/li>\n<li><strong>Tours para conoce la Isla con chofer\/gu\u00eda (El chofer-gu\u00eda es un gu\u00eda oficial, titulado que hace de conductor).<\/strong><\/li>\n<\/ul>\n<p>Puede consultar nuestro listado de <a href=\"https:\/\/tourtravelandmore.com\/es\/ciudad\/espana-es\/fuerteventura-es\/\">tours privados en Fuerteventura.<\/a><\/p>\n<p>Todos nuestros servicios son completamente privados, podr\u00e1 escoger la hora y lugar de comienzo.<\/p>\n<p>Los conductores han sido formados y nuestros veh\u00edculos tienen las correspondientes licencias.<\/p>\n<h2>Puntos de Inter\u00e9s en los Traslados\u00a0privados en Fuerteventura<\/h2>\n<p>Fuerteventura es la segunda isla m\u00e1s grande de las islas Canarias, se encuentra en el oc\u00e9ano Atl\u00e1ntico, a 100 km de la costa norte de \u00c1frica. Es un destino de vacaciones muy conocido por sus playas de arena blanca y su clima c\u00e1lido durante todo el a\u00f1o, que refrescan las brisas constantes.<\/p>\n","protected":false},"excerpt":{"rendered":"<p>Aproveche esta oportunidad para disfrutar de esta c\u00f3moda forma de llegar a tu destino final en <strong>Fuerteventura<\/strong>. Tendr\u00e1s tu propio veh\u00edculo privado de lujo con chofer para llevarte r\u00e1pida y c\u00f3modamente a tu ubicaci\u00f3n elegida. La recogida puede realizarse en el hotel, aeropuerto, estaci\u00f3n de tren o lugar de elecci\u00f3n dentro de la isla.<\/p>\n","protected":false},"featured_media":59261,"comment_status":"open","ping_status":"closed","template":"","meta":{"_acf_changed":false},"product_brand":[],"product_cat":[1035,1036],"product_tag":[],"class_list":{"0":"post-81836","1":"product","2":"type-product","3":"status-publish","4":"has-post-thumbnail","6":"product_cat-fuerteventura-es","7":"product_cat-fuerteventura-actividades-es","9":"first","10":"instock","11":"shipping-taxable","12":"purchasable","13":"product-type-simple"},"acf":[],"yoast_head":"<!-- This site is optimized with the Yoast SEO Premium plugin v25.3.1 (Yoast SEO v25.3.1) - https:\/\/yoast.com\/wordpress\/plugins\/seo\/ -->\n<title>\u27a1\ufe0f Traslado aeropuerto Fuerteventura: Traslado privado con chofer | Tour Travel &amp; More<\/title>\n<meta name=\"description\" content=\"El Traslado Aeropuerto Fuerteventura le permitir\u00e1 moverse de forma r\u00e1pida, sin colas y segura. Adem\u00e1s de Traslados puedes consultar nuestros tours \u2705\" \/>\n<meta name=\"robots\" content=\"index, follow, max-snippet:-1, max-image-preview:large, max-video-preview:-1\" \/>\n<link rel=\"canonical\" href=\"https:\/\/tourtravelandmore.com\/es\/tours\/espana-es\/fuerteventura-es\/traslado-aeropuerto-fuerteventura-traslado-privado-con-chofer\/\" \/>\n<meta property=\"og:locale\" content=\"es_ES\" \/>\n<meta property=\"og:type\" content=\"article\" \/>\n<meta property=\"og:title\" content=\"Traslados privados en Fuerteventura\" \/>\n<meta property=\"og:description\" content=\"El Traslado Aeropuerto Fuerteventura le permitir\u00e1 moverse de forma r\u00e1pida, sin colas y segura. Adem\u00e1s de Traslados puedes consultar nuestros tours \u2705\" \/>\n<meta property=\"og:url\" content=\"https:\/\/tourtravelandmore.com\/es\/tours\/espana-es\/fuerteventura-es\/traslado-aeropuerto-fuerteventura-traslado-privado-con-chofer\/\" \/>\n<meta property=\"og:site_name\" content=\"Tour Travel And More\" \/>\n<meta property=\"article:publisher\" content=\"https:\/\/www.facebook.com\/tourtravelandmore\/\" \/>\n<meta property=\"article:modified_time\" content=\"2022-11-29T00:44:25+00:00\" \/>\n<meta property=\"og:image\" content=\"https:\/\/tourtravelandmore.com\/wp-content\/uploads\/2016\/11\/Luxurycar.jpg\" \/>\n\t<meta property=\"og:image:width\" content=\"800\" \/>\n\t<meta property=\"og:image:height\" content=\"500\" \/>\n\t<meta property=\"og:image:type\" content=\"image\/jpeg\" \/>\n<meta name=\"twitter:card\" content=\"summary_large_image\" \/>\n<meta name=\"twitter:site\" content=\"@TourTravel_More\" \/>\n<meta name=\"twitter:label1\" content=\"Tiempo de lectura\" \/>\n\t<meta name=\"twitter:data1\" content=\"1 minuto\" \/>\n<script type=\"application\/ld+json\" class=\"yoast-schema-graph\">{\"@context\":\"https:\/\/schema.org\",\"@graph\":[{\"@type\":\"WebPage\",\"@id\":\"https:\/\/tourtravelandmore.com\/es\/tours\/espana-es\/fuerteventura-es\/traslado-aeropuerto-fuerteventura-traslado-privado-con-chofer\/\",\"url\":\"https:\/\/tourtravelandmore.com\/es\/tours\/espana-es\/fuerteventura-es\/traslado-aeropuerto-fuerteventura-traslado-privado-con-chofer\/\",\"name\":\"\u27a1\ufe0f Traslado aeropuerto Fuerteventura: Traslado privado con chofer | Tour Travel & More\",\"isPartOf\":{\"@id\":\"https:\/\/tourtravelandmore.com\/es\/#website\"},\"primaryImageOfPage\":{\"@id\":\"https:\/\/tourtravelandmore.com\/es\/tours\/espana-es\/fuerteventura-es\/traslado-aeropuerto-fuerteventura-traslado-privado-con-chofer\/#primaryimage\"},\"image\":{\"@id\":\"https:\/\/tourtravelandmore.com\/es\/tours\/espana-es\/fuerteventura-es\/traslado-aeropuerto-fuerteventura-traslado-privado-con-chofer\/#primaryimage\"},\"thumbnailUrl\":\"https:\/\/tourtravelandmore.com\/wp-content\/uploads\/2016\/11\/Luxurycar.jpg\",\"datePublished\":\"2020-07-27T08:48:06+00:00\",\"dateModified\":\"2022-11-29T00:44:25+00:00\",\"description\":\"El Traslado Aeropuerto Fuerteventura le permitir\u00e1 moverse de forma r\u00e1pida, sin colas y segura. Adem\u00e1s de Traslados puedes consultar nuestros tours \u2705\",\"breadcrumb\":{\"@id\":\"https:\/\/tourtravelandmore.com\/es\/tours\/espana-es\/fuerteventura-es\/traslado-aeropuerto-fuerteventura-traslado-privado-con-chofer\/#breadcrumb\"},\"inLanguage\":\"es\",\"potentialAction\":[{\"@type\":\"ReadAction\",\"target\":[\"https:\/\/tourtravelandmore.com\/es\/tours\/espana-es\/fuerteventura-es\/traslado-aeropuerto-fuerteventura-traslado-privado-con-chofer\/\"]}]},{\"@type\":\"ImageObject\",\"inLanguage\":\"es\",\"@id\":\"https:\/\/tourtravelandmore.com\/es\/tours\/espana-es\/fuerteventura-es\/traslado-aeropuerto-fuerteventura-traslado-privado-con-chofer\/#primaryimage\",\"url\":\"https:\/\/tourtravelandmore.com\/wp-content\/uploads\/2016\/11\/Luxurycar.jpg\",\"contentUrl\":\"https:\/\/tourtravelandmore.com\/wp-content\/uploads\/2016\/11\/Luxurycar.jpg\",\"width\":800,\"height\":500},{\"@type\":\"BreadcrumbList\",\"@id\":\"https:\/\/tourtravelandmore.com\/es\/tours\/espana-es\/fuerteventura-es\/traslado-aeropuerto-fuerteventura-traslado-privado-con-chofer\/#breadcrumb\",\"itemListElement\":[{\"@type\":\"ListItem\",\"position\":1,\"name\":\"Home\",\"item\":\"https:\/\/tourtravelandmore.com\/es\/\"},{\"@type\":\"ListItem\",\"position\":2,\"name\":\"Tours\",\"item\":\"https:\/\/tourtravelandmore.com\/es\/tours\/\"},{\"@type\":\"ListItem\",\"position\":3,\"name\":\"Traslados privados en Fuerteventura\"}]},{\"@type\":\"WebSite\",\"@id\":\"https:\/\/tourtravelandmore.com\/es\/#website\",\"url\":\"https:\/\/tourtravelandmore.com\/es\/\",\"name\":\"Tour Travel And More\",\"description\":\"Private sightseeing tours and luxury transfers in Spain\",\"publisher\":{\"@id\":\"https:\/\/tourtravelandmore.com\/es\/#organization\"},\"potentialAction\":[{\"@type\":\"SearchAction\",\"target\":{\"@type\":\"EntryPoint\",\"urlTemplate\":\"https:\/\/tourtravelandmore.com\/es\/?s={search_term_string}\"},\"query-input\":{\"@type\":\"PropertyValueSpecification\",\"valueRequired\":true,\"valueName\":\"search_term_string\"}}],\"inLanguage\":\"es\"},{\"@type\":\"Organization\",\"@id\":\"https:\/\/tourtravelandmore.com\/es\/#organization\",\"name\":\"Tour Travel And More\",\"url\":\"https:\/\/tourtravelandmore.com\/es\/\",\"logo\":{\"@type\":\"ImageObject\",\"inLanguage\":\"es\",\"@id\":\"https:\/\/tourtravelandmore.com\/es\/#\/schema\/logo\/image\/\",\"url\":\"https:\/\/tourtravelandmore.com\/wp-content\/uploads\/2022\/12\/cropped-logo-cabecera-new.png\",\"contentUrl\":\"https:\/\/tourtravelandmore.com\/wp-content\/uploads\/2022\/12\/cropped-logo-cabecera-new.png\",\"width\":430,\"height\":61,\"caption\":\"Tour Travel And More\"},\"image\":{\"@id\":\"https:\/\/tourtravelandmore.com\/es\/#\/schema\/logo\/image\/\"},\"sameAs\":[\"https:\/\/www.facebook.com\/tourtravelandmore\/\",\"https:\/\/x.com\/TourTravel_More\"]}]}<\/script>\n<!-- \/ Yoast SEO Premium plugin. -->","yoast_head_json":{"title":"\u27a1\ufe0f Traslado aeropuerto Fuerteventura: Traslado privado con chofer | Tour Travel & More","description":"El Traslado Aeropuerto Fuerteventura le permitir\u00e1 moverse de forma r\u00e1pida, sin colas y segura. Adem\u00e1s de Traslados puedes consultar nuestros tours \u2705","robots":{"index":"index","follow":"follow","max-snippet":"max-snippet:-1","max-image-preview":"max-image-preview:large","max-video-preview":"max-video-preview:-1"},"canonical":"https:\/\/tourtravelandmore.com\/es\/tours\/espana-es\/fuerteventura-es\/traslado-aeropuerto-fuerteventura-traslado-privado-con-chofer\/","og_locale":"es_ES","og_type":"article","og_title":"Traslados privados en Fuerteventura","og_description":"El Traslado Aeropuerto Fuerteventura le permitir\u00e1 moverse de forma r\u00e1pida, sin colas y segura. Adem\u00e1s de Traslados puedes consultar nuestros tours \u2705","og_url":"https:\/\/tourtravelandmore.com\/es\/tours\/espana-es\/fuerteventura-es\/traslado-aeropuerto-fuerteventura-traslado-privado-con-chofer\/","og_site_name":"Tour Travel And More","article_publisher":"https:\/\/www.facebook.com\/tourtravelandmore\/","article_modified_time":"2022-11-29T00:44:25+00:00","og_image":[{"width":800,"height":500,"url":"https:\/\/tourtravelandmore.com\/wp-content\/uploads\/2016\/11\/Luxurycar.jpg","type":"image\/jpeg"}],"twitter_card":"summary_large_image","twitter_site":"@TourTravel_More","twitter_misc":{"Tiempo de lectura":"1 minuto"},"schema":{"@context":"https:\/\/schema.org","@graph":[{"@type":"WebPage","@id":"https:\/\/tourtravelandmore.com\/es\/tours\/espana-es\/fuerteventura-es\/traslado-aeropuerto-fuerteventura-traslado-privado-con-chofer\/","url":"https:\/\/tourtravelandmore.com\/es\/tours\/espana-es\/fuerteventura-es\/traslado-aeropuerto-fuerteventura-traslado-privado-con-chofer\/","name":"\u27a1\ufe0f Traslado aeropuerto Fuerteventura: Traslado privado con chofer | Tour Travel & More","isPartOf":{"@id":"https:\/\/tourtravelandmore.com\/es\/#website"},"primaryImageOfPage":{"@id":"https:\/\/tourtravelandmore.com\/es\/tours\/espana-es\/fuerteventura-es\/traslado-aeropuerto-fuerteventura-traslado-privado-con-chofer\/#primaryimage"},"image":{"@id":"https:\/\/tourtravelandmore.com\/es\/tours\/espana-es\/fuerteventura-es\/traslado-aeropuerto-fuerteventura-traslado-privado-con-chofer\/#primaryimage"},"thumbnailUrl":"https:\/\/tourtravelandmore.com\/wp-content\/uploads\/2016\/11\/Luxurycar.jpg","datePublished":"2020-07-27T08:48:06+00:00","dateModified":"2022-11-29T00:44:25+00:00","description":"El Traslado Aeropuerto Fuerteventura le permitir\u00e1 moverse de forma r\u00e1pida, sin colas y segura. Adem\u00e1s de Traslados puedes consultar nuestros tours \u2705","breadcrumb":{"@id":"https:\/\/tourtravelandmore.com\/es\/tours\/espana-es\/fuerteventura-es\/traslado-aeropuerto-fuerteventura-traslado-privado-con-chofer\/#breadcrumb"},"inLanguage":"es","potentialAction":[{"@type":"ReadAction","target":["https:\/\/tourtravelandmore.com\/es\/tours\/espana-es\/fuerteventura-es\/traslado-aeropuerto-fuerteventura-traslado-privado-con-chofer\/"]}]},{"@type":"ImageObject","inLanguage":"es","@id":"https:\/\/tourtravelandmore.com\/es\/tours\/espana-es\/fuerteventura-es\/traslado-aeropuerto-fuerteventura-traslado-privado-con-chofer\/#primaryimage","url":"https:\/\/tourtravelandmore.com\/wp-content\/uploads\/2016\/11\/Luxurycar.jpg","contentUrl":"https:\/\/tourtravelandmore.com\/wp-content\/uploads\/2016\/11\/Luxurycar.jpg","width":800,"height":500},{"@type":"BreadcrumbList","@id":"https:\/\/tourtravelandmore.com\/es\/tours\/espana-es\/fuerteventura-es\/traslado-aeropuerto-fuerteventura-traslado-privado-con-chofer\/#breadcrumb","itemListElement":[{"@type":"ListItem","position":1,"name":"Home","item":"https:\/\/tourtravelandmore.com\/es\/"},{"@type":"ListItem","position":2,"name":"Tours","item":"https:\/\/tourtravelandmore.com\/es\/tours\/"},{"@type":"ListItem","position":3,"name":"Traslados privados en Fuerteventura"}]},{"@type":"WebSite","@id":"https:\/\/tourtravelandmore.com\/es\/#website","url":"https:\/\/tourtravelandmore.com\/es\/","name":"Tour Travel And More","description":"Private sightseeing tours and luxury transfers in Spain","publisher":{"@id":"https:\/\/tourtravelandmore.com\/es\/#organization"},"potentialAction":[{"@type":"SearchAction","target":{"@type":"EntryPoint","urlTemplate":"https:\/\/tourtravelandmore.com\/es\/?s={search_term_string}"},"query-input":{"@type":"PropertyValueSpecification","valueRequired":true,"valueName":"search_term_string"}}],"inLanguage":"es"},{"@type":"Organization","@id":"https:\/\/tourtravelandmore.com\/es\/#organization","name":"Tour Travel And More","url":"https:\/\/tourtravelandmore.com\/es\/","logo":{"@type":"ImageObject","inLanguage":"es","@id":"https:\/\/tourtravelandmore.com\/es\/#\/schema\/logo\/image\/","url":"https:\/\/tourtravelandmore.com\/wp-content\/uploads\/2022\/12\/cropped-logo-cabecera-new.png","contentUrl":"https:\/\/tourtravelandmore.com\/wp-content\/uploads\/2022\/12\/cropped-logo-cabecera-new.png","width":430,"height":61,"caption":"Tour Travel And More"},"image":{"@id":"https:\/\/tourtravelandmore.com\/es\/#\/schema\/logo\/image\/"},"sameAs":["https:\/\/www.facebook.com\/tourtravelandmore\/","https:\/\/x.com\/TourTravel_More"]}]}},"_links":{"self":[{"href":"https:\/\/tourtravelandmore.com\/es\/wp-json\/wp\/v2\/product\/81836","targetHints":{"allow":["GET"]}}],"collection":[{"href":"https:\/\/tourtravelandmore.com\/es\/wp-json\/wp\/v2\/product"}],"about":[{"href":"https:\/\/tourtravelandmore.com\/es\/wp-json\/wp\/v2\/types\/product"}],"replies":[{"embeddable":true,"href":"https:\/\/tourtravelandmore.com\/es\/wp-json\/wp\/v2\/comments?post=81836"}],"wp:featuredmedia":[{"embeddable":true,"href":"https:\/\/tourtravelandmore.com\/es\/wp-json\/wp\/v2\/media\/59261"}],"wp:attachment":[{"href":"https:\/\/tourtravelandmore.com\/es\/wp-json\/wp\/v2\/media?parent=81836"}],"wp:term":[{"taxonomy":"product_brand","embeddable":true,"href":"https:\/\/tourtravelandmore.com\/es\/wp-json\/wp\/v2\/product_brand?post=81836"},{"taxonomy":"product_cat","embeddable":true,"href":"https:\/\/tourtravelandmore.com\/es\/wp-json\/wp\/v2\/product_cat?post=81836"},{"taxonomy":"product_tag","embeddable":true,"href":"https:\/\/tourtravelandmore.com\/es\/wp-json\/wp\/v2\/product_tag?post=81836"}],"curies":[{"name":"wp","href":"https:\/\/api.w.org\/{rel}","templated":true}]}}