{"id":81802,"date":"2020-07-27T10:22:01","date_gmt":"2020-07-27T08:22:01","guid":{"rendered":"https:\/\/tourtravelandmore.com\/?post_type=product&#038;p=81802"},"modified":"2022-11-29T01:40:04","modified_gmt":"2022-11-29T00:40:04","slug":"excursion-de-fuerteventura-privada-la-oliva-betancuria-y-corralejo","status":"publish","type":"product","link":"https:\/\/tourtravelandmore.com\/es\/tours\/espana-es\/fuerteventura-es\/excursion-de-fuerteventura-privada-la-oliva-betancuria-y-corralejo\/","title":{"rendered":"Excursi\u00f3n privada a La Oliva, Betancuria y Corralejo"},"content":{"rendered":"<h2>Descripci\u00f3n de la Excursi\u00f3n\u00a0privada a La Oliva, Betancuria y Corralejo<\/h2>\n<p>Conoce la historia y la naturaleza de Fuerteventura con esta excursion de Fuerteventura privada, en la que podr\u00e1s visitar las zonas m\u00e1s fascinantes del litoral e interior de la isla: <strong>Oliva, Betancuria y Corralejo.<\/strong><\/p>\n<p>La duraci\u00f3n de la excursion de Fuerteventura privada son 8 horas.<\/p>\n<p>La Excursion de Fuerteventura es completamente privado, os recogeremos desde su Hotel, Apartamento o Terminal de Cruceros. Pueden escoger la hora y lugar de comienzo.<\/p>\n<p>Nuestro chofer\/gu\u00eda os recoger\u00e1 para empezar la excursi\u00f3n privada de Fuerteventura. A lo largo del tour podr\u00e1n para comer en un lugar t\u00edpico de la isla.<\/p>\n<h2><strong>Puntos de inter\u00e9s en la Excursi\u00f3n\u00a0privada a La Oliva, Betancuria y Corralejo<\/strong><\/h2>\n<p>Empezaremos por el <b>municipio de La Oliva<\/b>, situado en el norte de la isla. Podremos conocer el <strong>Parque Natural de las Dunas de Corralejo e Isla de Lobos<\/strong>, con incre\u00edbles paisajes de arenas doradas y hermos\u00edsimas playas de aguas transparentes, adem\u00e1s de la magn\u00edfica formaci\u00f3n <strong>volc\u00e1nica de Bayuyo.<\/strong><\/p>\n<p>La Oliva, adem\u00e1s de sus paisajes, destaca por sus edificaciones se\u00f1oriales,<strong> la Case de los Coroneles<\/strong>, excepcional ejemplo de arquitectura colonial.<\/p>\n<p>A continuaci\u00f3n nos dirigiremos hacia <strong>Betancuria,<\/strong> es uno de los pueblos m\u00e1s bonitos de Espa\u00f1a y uno de los m\u00e1s antiguos de las islas Canarias. Hay muchas cosas que ver: l<strong>a Iglesia de Santa Mar\u00eda, el Museo Arqueol\u00f3gico y Etnogr\u00e1fico, la Ermita de Nuestra Se\u00f1ora de la Pe\u00f1a, el Parque Rural de Betancuria, as\u00ed como, en los alrededores, el Mirador de Morro Velosa y el Mirador de Guise<\/strong>.<\/p>\n<p>Finalizaremos la excursi\u00f3n privada de Lanzarote, disfrutando del cautivador paraje de las <strong>dunas de Corralejo<\/strong>.<\/p>\n<p>Una vez terminemos nuestro chofer\/gu\u00eda os devolver\u00e1 a su hotel.<\/p>\n<p>A lo largo de estas 8 horas pararemos para comer en un lugar t\u00edpico de vuestra elecci\u00f3n.<\/p>\n<p>Nuestro chofer\/gu\u00eda en todo momento estar\u00e1 con vosotros, para que vuestra experiencia sea \u00fanica y pod\u00e1is conocer la isla.<\/p>\n<p>Si desea realizar otra actividad, puede consultar nuestro listado de<a href=\"https:\/\/tourtravelandmore.com\/es\/ciudad\/espana-es\/fuerteventura-es\/\"> tours privado de Fuerteventura.<\/a><\/p>\n","protected":false},"excerpt":{"rendered":"<p>Aproveche la oportunidad de visitar los lugares m\u00e1s bellos de <strong>Fuerteventura<\/strong> con este tour privado de d\u00eda completo. Visitar\u00e1 <strong>La Oliva<\/strong>, <strong>Betancuria<\/strong> y <strong>Corralejo<\/strong> junto con su conductor\/gu\u00eda privado en un veh\u00edculo privado de lujo. Disfrutar\u00e1s de un d\u00eda lleno de experiencia. Podemos organizar la recogida desde cualquier parte de la isla de Fuerteventura<\/p>\n","protected":false},"featured_media":81773,"comment_status":"open","ping_status":"closed","template":"","meta":{"_acf_changed":false},"product_brand":[],"product_cat":[1035,1036,1037,1038],"product_tag":[],"class_list":{"0":"post-81802","1":"product","2":"type-product","3":"status-publish","4":"has-post-thumbnail","6":"product_cat-fuerteventura-es","7":"product_cat-fuerteventura-actividades-es","8":"product_cat-fuerteventura-rutas-turisticas-privadas-es","9":"product_cat-fuerteventura-excursiones-privadas-cruceros-es","11":"first","12":"instock","13":"shipping-taxable","14":"purchasable","15":"product-type-simple"},"acf":[],"yoast_head":"<!-- This site is optimized with the Yoast SEO Premium plugin v25.3.1 (Yoast SEO v25.3.1) - https:\/\/yoast.com\/wordpress\/plugins\/seo\/ -->\n<title>\u27a1\ufe0f Excursion de Fuerteventura Privada: La Oliva, Betancuria y Corralejo | Tour Travel &amp; More<\/title>\n<meta name=\"description\" content=\"Disfruta de est\u00e1 excursion de Fuerteventura Privada y conoce lo m\u00e1s importante de la isla: La Oliva, Betancuria y Corralejo, junto a su chofer\/gu\u00eda \u2705\" \/>\n<meta name=\"robots\" content=\"index, follow, max-snippet:-1, max-image-preview:large, max-video-preview:-1\" \/>\n<link rel=\"canonical\" href=\"https:\/\/tourtravelandmore.com\/es\/tours\/espana-es\/fuerteventura-es\/excursion-de-fuerteventura-privada-la-oliva-betancuria-y-corralejo\/\" \/>\n<meta property=\"og:locale\" content=\"es_ES\" \/>\n<meta property=\"og:type\" content=\"article\" \/>\n<meta property=\"og:title\" content=\"Excursi\u00f3n privada a La Oliva, Betancuria y Corralejo\" \/>\n<meta property=\"og:description\" content=\"Disfruta de est\u00e1 excursion de Fuerteventura Privada y conoce lo m\u00e1s importante de la isla: La Oliva, Betancuria y Corralejo, junto a su chofer\/gu\u00eda \u2705\" \/>\n<meta property=\"og:url\" content=\"https:\/\/tourtravelandmore.com\/es\/tours\/espana-es\/fuerteventura-es\/excursion-de-fuerteventura-privada-la-oliva-betancuria-y-corralejo\/\" \/>\n<meta property=\"og:site_name\" content=\"Tour Travel And More\" \/>\n<meta property=\"article:publisher\" content=\"https:\/\/www.facebook.com\/tourtravelandmore\/\" \/>\n<meta property=\"article:modified_time\" content=\"2022-11-29T00:40:04+00:00\" \/>\n<meta property=\"og:image\" content=\"https:\/\/tourtravelandmore.com\/wp-content\/uploads\/2020\/07\/Fuerteventura-2.jpg\" \/>\n\t<meta property=\"og:image:width\" content=\"1024\" \/>\n\t<meta property=\"og:image:height\" content=\"768\" \/>\n\t<meta property=\"og:image:type\" content=\"image\/jpeg\" \/>\n<meta name=\"twitter:card\" content=\"summary_large_image\" \/>\n<meta name=\"twitter:site\" content=\"@TourTravel_More\" \/>\n<meta name=\"twitter:label1\" content=\"Tiempo de lectura\" \/>\n\t<meta name=\"twitter:data1\" content=\"2 minutos\" \/>\n<script type=\"application\/ld+json\" class=\"yoast-schema-graph\">{\"@context\":\"https:\/\/schema.org\",\"@graph\":[{\"@type\":\"WebPage\",\"@id\":\"https:\/\/tourtravelandmore.com\/es\/tours\/espana-es\/fuerteventura-es\/excursion-de-fuerteventura-privada-la-oliva-betancuria-y-corralejo\/\",\"url\":\"https:\/\/tourtravelandmore.com\/es\/tours\/espana-es\/fuerteventura-es\/excursion-de-fuerteventura-privada-la-oliva-betancuria-y-corralejo\/\",\"name\":\"\u27a1\ufe0f Excursion de Fuerteventura Privada: La Oliva, Betancuria y Corralejo | Tour Travel & More\",\"isPartOf\":{\"@id\":\"https:\/\/tourtravelandmore.com\/es\/#website\"},\"primaryImageOfPage\":{\"@id\":\"https:\/\/tourtravelandmore.com\/es\/tours\/espana-es\/fuerteventura-es\/excursion-de-fuerteventura-privada-la-oliva-betancuria-y-corralejo\/#primaryimage\"},\"image\":{\"@id\":\"https:\/\/tourtravelandmore.com\/es\/tours\/espana-es\/fuerteventura-es\/excursion-de-fuerteventura-privada-la-oliva-betancuria-y-corralejo\/#primaryimage\"},\"thumbnailUrl\":\"https:\/\/tourtravelandmore.com\/wp-content\/uploads\/2020\/07\/Fuerteventura-2.jpg\",\"datePublished\":\"2020-07-27T08:22:01+00:00\",\"dateModified\":\"2022-11-29T00:40:04+00:00\",\"description\":\"Disfruta de est\u00e1 excursion de Fuerteventura Privada y conoce lo m\u00e1s importante de la isla: La Oliva, Betancuria y Corralejo, junto a su chofer\/gu\u00eda \u2705\",\"breadcrumb\":{\"@id\":\"https:\/\/tourtravelandmore.com\/es\/tours\/espana-es\/fuerteventura-es\/excursion-de-fuerteventura-privada-la-oliva-betancuria-y-corralejo\/#breadcrumb\"},\"inLanguage\":\"es\",\"potentialAction\":[{\"@type\":\"ReadAction\",\"target\":[\"https:\/\/tourtravelandmore.com\/es\/tours\/espana-es\/fuerteventura-es\/excursion-de-fuerteventura-privada-la-oliva-betancuria-y-corralejo\/\"]}]},{\"@type\":\"ImageObject\",\"inLanguage\":\"es\",\"@id\":\"https:\/\/tourtravelandmore.com\/es\/tours\/espana-es\/fuerteventura-es\/excursion-de-fuerteventura-privada-la-oliva-betancuria-y-corralejo\/#primaryimage\",\"url\":\"https:\/\/tourtravelandmore.com\/wp-content\/uploads\/2020\/07\/Fuerteventura-2.jpg\",\"contentUrl\":\"https:\/\/tourtravelandmore.com\/wp-content\/uploads\/2020\/07\/Fuerteventura-2.jpg\",\"width\":1024,\"height\":768},{\"@type\":\"BreadcrumbList\",\"@id\":\"https:\/\/tourtravelandmore.com\/es\/tours\/espana-es\/fuerteventura-es\/excursion-de-fuerteventura-privada-la-oliva-betancuria-y-corralejo\/#breadcrumb\",\"itemListElement\":[{\"@type\":\"ListItem\",\"position\":1,\"name\":\"Home\",\"item\":\"https:\/\/tourtravelandmore.com\/es\/\"},{\"@type\":\"ListItem\",\"position\":2,\"name\":\"Tours\",\"item\":\"https:\/\/tourtravelandmore.com\/es\/tours\/\"},{\"@type\":\"ListItem\",\"position\":3,\"name\":\"Excursi\u00f3n privada a La Oliva, Betancuria y Corralejo\"}]},{\"@type\":\"WebSite\",\"@id\":\"https:\/\/tourtravelandmore.com\/es\/#website\",\"url\":\"https:\/\/tourtravelandmore.com\/es\/\",\"name\":\"Tour Travel And More\",\"description\":\"Private sightseeing tours and luxury transfers in Spain\",\"publisher\":{\"@id\":\"https:\/\/tourtravelandmore.com\/es\/#organization\"},\"potentialAction\":[{\"@type\":\"SearchAction\",\"target\":{\"@type\":\"EntryPoint\",\"urlTemplate\":\"https:\/\/tourtravelandmore.com\/es\/?s={search_term_string}\"},\"query-input\":{\"@type\":\"PropertyValueSpecification\",\"valueRequired\":true,\"valueName\":\"search_term_string\"}}],\"inLanguage\":\"es\"},{\"@type\":\"Organization\",\"@id\":\"https:\/\/tourtravelandmore.com\/es\/#organization\",\"name\":\"Tour Travel And More\",\"url\":\"https:\/\/tourtravelandmore.com\/es\/\",\"logo\":{\"@type\":\"ImageObject\",\"inLanguage\":\"es\",\"@id\":\"https:\/\/tourtravelandmore.com\/es\/#\/schema\/logo\/image\/\",\"url\":\"https:\/\/tourtravelandmore.com\/wp-content\/uploads\/2022\/12\/cropped-logo-cabecera-new.png\",\"contentUrl\":\"https:\/\/tourtravelandmore.com\/wp-content\/uploads\/2022\/12\/cropped-logo-cabecera-new.png\",\"width\":430,\"height\":61,\"caption\":\"Tour Travel And More\"},\"image\":{\"@id\":\"https:\/\/tourtravelandmore.com\/es\/#\/schema\/logo\/image\/\"},\"sameAs\":[\"https:\/\/www.facebook.com\/tourtravelandmore\/\",\"https:\/\/x.com\/TourTravel_More\"]}]}<\/script>\n<!-- \/ Yoast SEO Premium plugin. -->","yoast_head_json":{"title":"\u27a1\ufe0f Excursion de Fuerteventura Privada: La Oliva, Betancuria y Corralejo | Tour Travel & More","description":"Disfruta de est\u00e1 excursion de Fuerteventura Privada y conoce lo m\u00e1s importante de la isla: La Oliva, Betancuria y Corralejo, junto a su chofer\/gu\u00eda \u2705","robots":{"index":"index","follow":"follow","max-snippet":"max-snippet:-1","max-image-preview":"max-image-preview:large","max-video-preview":"max-video-preview:-1"},"canonical":"https:\/\/tourtravelandmore.com\/es\/tours\/espana-es\/fuerteventura-es\/excursion-de-fuerteventura-privada-la-oliva-betancuria-y-corralejo\/","og_locale":"es_ES","og_type":"article","og_title":"Excursi\u00f3n privada a La Oliva, Betancuria y Corralejo","og_description":"Disfruta de est\u00e1 excursion de Fuerteventura Privada y conoce lo m\u00e1s importante de la isla: La Oliva, Betancuria y Corralejo, junto a su chofer\/gu\u00eda \u2705","og_url":"https:\/\/tourtravelandmore.com\/es\/tours\/espana-es\/fuerteventura-es\/excursion-de-fuerteventura-privada-la-oliva-betancuria-y-corralejo\/","og_site_name":"Tour Travel And More","article_publisher":"https:\/\/www.facebook.com\/tourtravelandmore\/","article_modified_time":"2022-11-29T00:40:04+00:00","og_image":[{"width":1024,"height":768,"url":"https:\/\/tourtravelandmore.com\/wp-content\/uploads\/2020\/07\/Fuerteventura-2.jpg","type":"image\/jpeg"}],"twitter_card":"summary_large_image","twitter_site":"@TourTravel_More","twitter_misc":{"Tiempo de lectura":"2 minutos"},"schema":{"@context":"https:\/\/schema.org","@graph":[{"@type":"WebPage","@id":"https:\/\/tourtravelandmore.com\/es\/tours\/espana-es\/fuerteventura-es\/excursion-de-fuerteventura-privada-la-oliva-betancuria-y-corralejo\/","url":"https:\/\/tourtravelandmore.com\/es\/tours\/espana-es\/fuerteventura-es\/excursion-de-fuerteventura-privada-la-oliva-betancuria-y-corralejo\/","name":"\u27a1\ufe0f Excursion de Fuerteventura Privada: La Oliva, Betancuria y Corralejo | Tour Travel & More","isPartOf":{"@id":"https:\/\/tourtravelandmore.com\/es\/#website"},"primaryImageOfPage":{"@id":"https:\/\/tourtravelandmore.com\/es\/tours\/espana-es\/fuerteventura-es\/excursion-de-fuerteventura-privada-la-oliva-betancuria-y-corralejo\/#primaryimage"},"image":{"@id":"https:\/\/tourtravelandmore.com\/es\/tours\/espana-es\/fuerteventura-es\/excursion-de-fuerteventura-privada-la-oliva-betancuria-y-corralejo\/#primaryimage"},"thumbnailUrl":"https:\/\/tourtravelandmore.com\/wp-content\/uploads\/2020\/07\/Fuerteventura-2.jpg","datePublished":"2020-07-27T08:22:01+00:00","dateModified":"2022-11-29T00:40:04+00:00","description":"Disfruta de est\u00e1 excursion de Fuerteventura Privada y conoce lo m\u00e1s importante de la isla: La Oliva, Betancuria y Corralejo, junto a su chofer\/gu\u00eda \u2705","breadcrumb":{"@id":"https:\/\/tourtravelandmore.com\/es\/tours\/espana-es\/fuerteventura-es\/excursion-de-fuerteventura-privada-la-oliva-betancuria-y-corralejo\/#breadcrumb"},"inLanguage":"es","potentialAction":[{"@type":"ReadAction","target":["https:\/\/tourtravelandmore.com\/es\/tours\/espana-es\/fuerteventura-es\/excursion-de-fuerteventura-privada-la-oliva-betancuria-y-corralejo\/"]}]},{"@type":"ImageObject","inLanguage":"es","@id":"https:\/\/tourtravelandmore.com\/es\/tours\/espana-es\/fuerteventura-es\/excursion-de-fuerteventura-privada-la-oliva-betancuria-y-corralejo\/#primaryimage","url":"https:\/\/tourtravelandmore.com\/wp-content\/uploads\/2020\/07\/Fuerteventura-2.jpg","contentUrl":"https:\/\/tourtravelandmore.com\/wp-content\/uploads\/2020\/07\/Fuerteventura-2.jpg","width":1024,"height":768},{"@type":"BreadcrumbList","@id":"https:\/\/tourtravelandmore.com\/es\/tours\/espana-es\/fuerteventura-es\/excursion-de-fuerteventura-privada-la-oliva-betancuria-y-corralejo\/#breadcrumb","itemListElement":[{"@type":"ListItem","position":1,"name":"Home","item":"https:\/\/tourtravelandmore.com\/es\/"},{"@type":"ListItem","position":2,"name":"Tours","item":"https:\/\/tourtravelandmore.com\/es\/tours\/"},{"@type":"ListItem","position":3,"name":"Excursi\u00f3n privada a La Oliva, Betancuria y Corralejo"}]},{"@type":"WebSite","@id":"https:\/\/tourtravelandmore.com\/es\/#website","url":"https:\/\/tourtravelandmore.com\/es\/","name":"Tour Travel And More","description":"Private sightseeing tours and luxury transfers in Spain","publisher":{"@id":"https:\/\/tourtravelandmore.com\/es\/#organization"},"potentialAction":[{"@type":"SearchAction","target":{"@type":"EntryPoint","urlTemplate":"https:\/\/tourtravelandmore.com\/es\/?s={search_term_string}"},"query-input":{"@type":"PropertyValueSpecification","valueRequired":true,"valueName":"search_term_string"}}],"inLanguage":"es"},{"@type":"Organization","@id":"https:\/\/tourtravelandmore.com\/es\/#organization","name":"Tour Travel And More","url":"https:\/\/tourtravelandmore.com\/es\/","logo":{"@type":"ImageObject","inLanguage":"es","@id":"https:\/\/tourtravelandmore.com\/es\/#\/schema\/logo\/image\/","url":"https:\/\/tourtravelandmore.com\/wp-content\/uploads\/2022\/12\/cropped-logo-cabecera-new.png","contentUrl":"https:\/\/tourtravelandmore.com\/wp-content\/uploads\/2022\/12\/cropped-logo-cabecera-new.png","width":430,"height":61,"caption":"Tour Travel And More"},"image":{"@id":"https:\/\/tourtravelandmore.com\/es\/#\/schema\/logo\/image\/"},"sameAs":["https:\/\/www.facebook.com\/tourtravelandmore\/","https:\/\/x.com\/TourTravel_More"]}]}},"_links":{"self":[{"href":"https:\/\/tourtravelandmore.com\/es\/wp-json\/wp\/v2\/product\/81802","targetHints":{"allow":["GET"]}}],"collection":[{"href":"https:\/\/tourtravelandmore.com\/es\/wp-json\/wp\/v2\/product"}],"about":[{"href":"https:\/\/tourtravelandmore.com\/es\/wp-json\/wp\/v2\/types\/product"}],"replies":[{"embeddable":true,"href":"https:\/\/tourtravelandmore.com\/es\/wp-json\/wp\/v2\/comments?post=81802"}],"wp:featuredmedia":[{"embeddable":true,"href":"https:\/\/tourtravelandmore.com\/es\/wp-json\/wp\/v2\/media\/81773"}],"wp:attachment":[{"href":"https:\/\/tourtravelandmore.com\/es\/wp-json\/wp\/v2\/media?parent=81802"}],"wp:term":[{"taxonomy":"product_brand","embeddable":true,"href":"https:\/\/tourtravelandmore.com\/es\/wp-json\/wp\/v2\/product_brand?post=81802"},{"taxonomy":"product_cat","embeddable":true,"href":"https:\/\/tourtravelandmore.com\/es\/wp-json\/wp\/v2\/product_cat?post=81802"},{"taxonomy":"product_tag","embeddable":true,"href":"https:\/\/tourtravelandmore.com\/es\/wp-json\/wp\/v2\/product_tag?post=81802"}],"curies":[{"name":"wp","href":"https:\/\/api.w.org\/{rel}","templated":true}]}}