{"id":81759,"date":"2020-07-27T09:59:57","date_gmt":"2020-07-27T07:59:59","guid":{"rendered":"https:\/\/tourtravelandmore.com\/?post_type=product&#038;p=81759"},"modified":"2022-11-29T01:38:49","modified_gmt":"2022-11-29T00:38:49","slug":"tour-privado-fuerteventura-tour-privado-ajuy-betancuria-y-costa-calma","status":"publish","type":"product","link":"https:\/\/tourtravelandmore.com\/es\/tours\/espana-es\/fuerteventura-es\/tour-privado-fuerteventura-tour-privado-ajuy-betancuria-y-costa-calma\/","title":{"rendered":"Tour privado Ajuy, Betancuria y Costa Calma"},"content":{"rendered":"<h2>Descripci\u00f3n del Tour privado Ajuy, Betancuria y Costa Calma<\/h2>\n<p>Descubra la zona central de la Isla<b> de Fuerteventura,\u00a0<\/b>gracias a este tour privado Fuerteventura. Combina espacios des\u00e9rticos con pintorescos <b>pueblos canarios<\/b>.<\/p>\n<p>La duraci\u00f3n del tour privado Fuerteventura son 8 horas. Nuestro chofer\/gu\u00eda le recoger\u00e1 en su Hotel, Apartamento, Terminal de cruceros a la hora seleccionada.<\/p>\n<div class=\"o-slider js-module-slider\">\n<div id=\"o-slider--image-detail\" class=\"o-slider--image-detail swiper-container\">\n<div class=\"swiper-wrapper owl-carousel owl-loaded owl-drag\">\n<div class=\"owl-stage-outer\">\n<div class=\"owl-stage\">Al ser un tour completamente privado pueden escoger la hora de comienzo y lugar de recogida.<\/div>\n<\/div>\n<\/div>\n<\/div>\n<\/div>\n<div><\/div>\n<div>Nuestro chofer\/gu\u00eda es un gu\u00eda oficial, conoce la isla perfectamente.<\/div>\n<div><\/div>\n<div>A lo largo del tour privado Fuerteventura podr\u00e1n para a comer en un lugar t\u00edpico de la isla.<\/div>\n<h2><strong>Puntos de Inter\u00e9s en el Tour privado Ajuy, Betancuria y Costa Calma<\/strong><\/h2>\n<p>Nuestra primera parada antes de llegar<b> Ajuy,<\/b> ser\u00e1 el <b>rompeolas de La Pared<\/b>, una zona de acantilados conocida por sus espectaculares paisajes.<\/p>\n<p>En Ajuy conoceremos el pueblo y sus famosas <strong>cuevas de Ajuy.<\/strong> Destacan por su elevado valor geol\u00f3gico, paleontol\u00f3gico y etnogr\u00e1fico. <strong>Las Cuevas de Ajuy est\u00e1n consideradas como Monumento Natural<\/strong> y forman parte de Parque Rural de Betancuria. La cueva en cuesti\u00f3n tiene unos 40 metros de altura y es fruto de la lava.<\/p>\n<p>Despu\u00e9s nos dirigiremos hacia <b>P\u00e1jara<\/b>. En este municipio del interior encontraremos diversos edificios hist\u00f3ricos como la <b>iglesia de Nuestra Se\u00f1ora de Regla<\/b>.<\/p>\n<p>A solo 30 minutos nos encontraremos con el pueblo de <strong>Betancuria. <\/strong>D\u00f3nde lo visitaremos y dispondremos de tiempo libre para comer, en un lugar t\u00edpico. Si vienes a Fuerteventura por primera vez es una de las zonas obligadas que hay que visitar. Es la Zona de mayor inter\u00e9s hist\u00f3rico art\u00edstico de la isla y de las m\u00e1s antiguas de todas las islas Canarias.<\/p>\n<p>Destaca la Iglesia de Santa Mar\u00eda del Siglo XV y que fue arrasada por los piratas en el siglo XVI. En su interior se pueden ver diversas obras de arte sacro.<\/p>\n<p>Realizaremos una \u00faltima parada en <b>Costa Calma<\/b>. Tras fotografiar este precioso litoral de Fuerteventura, regresaros a nuestro Hotel.<\/p>\n<p>Si dispone de m\u00e1s d\u00edas en la isla puede consultar el resto de nuestros <a href=\"https:\/\/tourtravelandmore.com\/es\/ciudad\/espana-es\/fuerteventura-es\/\">tours privado de Fuerteventura.<\/a><\/p>\n","protected":false},"excerpt":{"rendered":"<p>Disfrute de esta excursi\u00f3n privada de un d\u00eda completamente personalizada para conocer algunas de las mejores partes de <strong>Fuerteventura<\/strong>. Admire de sus sitios m\u00e1s importantes y singulares. Con este tour privado podr\u00e1 visitar <strong>Ajuy<\/strong>, <strong>Betancuria<\/strong> y <strong>Costa Calma<\/strong> junto con su conductor\/gu\u00eda privado en un veh\u00edculo privado de lujo. Podemos gestionar la entrada a cualquier monumento o museo que desee visitar.<\/p>\n","protected":false},"featured_media":81770,"comment_status":"open","ping_status":"closed","template":"","meta":{"_acf_changed":false},"product_brand":[],"product_cat":[1035,1036,1037,1038],"product_tag":[],"class_list":{"0":"post-81759","1":"product","2":"type-product","3":"status-publish","4":"has-post-thumbnail","6":"product_cat-fuerteventura-es","7":"product_cat-fuerteventura-actividades-es","8":"product_cat-fuerteventura-rutas-turisticas-privadas-es","9":"product_cat-fuerteventura-excursiones-privadas-cruceros-es","11":"first","12":"instock","13":"shipping-taxable","14":"purchasable","15":"product-type-simple"},"acf":[],"yoast_head":"<!-- This site is optimized with the Yoast SEO Premium plugin v25.3.1 (Yoast SEO v25.3.1) - https:\/\/yoast.com\/wordpress\/plugins\/seo\/ -->\n<title>\u27a1\ufe0f Tour privado Fuerteventura: Tour privado Ajuy, Betancuria y Costa Calma | Tour Travel &amp; More<\/title>\n<meta name=\"description\" content=\"Disfruta de este tour privado de Fuerteventura y conoce las principales zonas del interior de la Isla: Ajuy, Betancuria y Costa Calma, junto a su gu\u00eda \u2705\" \/>\n<meta name=\"robots\" content=\"index, follow, max-snippet:-1, max-image-preview:large, max-video-preview:-1\" \/>\n<link rel=\"canonical\" href=\"https:\/\/tourtravelandmore.com\/es\/tours\/espana-es\/fuerteventura-es\/tour-privado-fuerteventura-tour-privado-ajuy-betancuria-y-costa-calma\/\" \/>\n<meta property=\"og:locale\" content=\"es_ES\" \/>\n<meta property=\"og:type\" content=\"article\" \/>\n<meta property=\"og:title\" content=\"Tour privado Ajuy, Betancuria y Costa Calma\" \/>\n<meta property=\"og:description\" content=\"Disfruta de este tour privado de Fuerteventura y conoce las principales zonas del interior de la Isla: Ajuy, Betancuria y Costa Calma, junto a su gu\u00eda \u2705\" \/>\n<meta property=\"og:url\" content=\"https:\/\/tourtravelandmore.com\/es\/tours\/espana-es\/fuerteventura-es\/tour-privado-fuerteventura-tour-privado-ajuy-betancuria-y-costa-calma\/\" \/>\n<meta property=\"og:site_name\" content=\"Tour Travel And More\" \/>\n<meta property=\"article:publisher\" content=\"https:\/\/www.facebook.com\/tourtravelandmore\/\" \/>\n<meta property=\"article:modified_time\" content=\"2022-11-29T00:38:49+00:00\" \/>\n<meta property=\"og:image\" content=\"https:\/\/tourtravelandmore.com\/wp-content\/uploads\/2020\/07\/Fuerteventura-1.jpg\" \/>\n\t<meta property=\"og:image:width\" content=\"1280\" \/>\n\t<meta property=\"og:image:height\" content=\"931\" \/>\n\t<meta property=\"og:image:type\" content=\"image\/jpeg\" \/>\n<meta name=\"twitter:card\" content=\"summary_large_image\" \/>\n<meta name=\"twitter:site\" content=\"@TourTravel_More\" \/>\n<meta name=\"twitter:label1\" content=\"Tiempo de lectura\" \/>\n\t<meta name=\"twitter:data1\" content=\"2 minutos\" \/>\n<script type=\"application\/ld+json\" class=\"yoast-schema-graph\">{\"@context\":\"https:\/\/schema.org\",\"@graph\":[{\"@type\":\"WebPage\",\"@id\":\"https:\/\/tourtravelandmore.com\/es\/tours\/espana-es\/fuerteventura-es\/tour-privado-fuerteventura-tour-privado-ajuy-betancuria-y-costa-calma\/\",\"url\":\"https:\/\/tourtravelandmore.com\/es\/tours\/espana-es\/fuerteventura-es\/tour-privado-fuerteventura-tour-privado-ajuy-betancuria-y-costa-calma\/\",\"name\":\"\u27a1\ufe0f Tour privado Fuerteventura: Tour privado Ajuy, Betancuria y Costa Calma | Tour Travel & More\",\"isPartOf\":{\"@id\":\"https:\/\/tourtravelandmore.com\/es\/#website\"},\"primaryImageOfPage\":{\"@id\":\"https:\/\/tourtravelandmore.com\/es\/tours\/espana-es\/fuerteventura-es\/tour-privado-fuerteventura-tour-privado-ajuy-betancuria-y-costa-calma\/#primaryimage\"},\"image\":{\"@id\":\"https:\/\/tourtravelandmore.com\/es\/tours\/espana-es\/fuerteventura-es\/tour-privado-fuerteventura-tour-privado-ajuy-betancuria-y-costa-calma\/#primaryimage\"},\"thumbnailUrl\":\"https:\/\/tourtravelandmore.com\/wp-content\/uploads\/2020\/07\/Fuerteventura-1.jpg\",\"datePublished\":\"2020-07-27T07:59:59+00:00\",\"dateModified\":\"2022-11-29T00:38:49+00:00\",\"description\":\"Disfruta de este tour privado de Fuerteventura y conoce las principales zonas del interior de la Isla: Ajuy, Betancuria y Costa Calma, junto a su gu\u00eda \u2705\",\"breadcrumb\":{\"@id\":\"https:\/\/tourtravelandmore.com\/es\/tours\/espana-es\/fuerteventura-es\/tour-privado-fuerteventura-tour-privado-ajuy-betancuria-y-costa-calma\/#breadcrumb\"},\"inLanguage\":\"es\",\"potentialAction\":[{\"@type\":\"ReadAction\",\"target\":[\"https:\/\/tourtravelandmore.com\/es\/tours\/espana-es\/fuerteventura-es\/tour-privado-fuerteventura-tour-privado-ajuy-betancuria-y-costa-calma\/\"]}]},{\"@type\":\"ImageObject\",\"inLanguage\":\"es\",\"@id\":\"https:\/\/tourtravelandmore.com\/es\/tours\/espana-es\/fuerteventura-es\/tour-privado-fuerteventura-tour-privado-ajuy-betancuria-y-costa-calma\/#primaryimage\",\"url\":\"https:\/\/tourtravelandmore.com\/wp-content\/uploads\/2020\/07\/Fuerteventura-1.jpg\",\"contentUrl\":\"https:\/\/tourtravelandmore.com\/wp-content\/uploads\/2020\/07\/Fuerteventura-1.jpg\",\"width\":1280,\"height\":931},{\"@type\":\"BreadcrumbList\",\"@id\":\"https:\/\/tourtravelandmore.com\/es\/tours\/espana-es\/fuerteventura-es\/tour-privado-fuerteventura-tour-privado-ajuy-betancuria-y-costa-calma\/#breadcrumb\",\"itemListElement\":[{\"@type\":\"ListItem\",\"position\":1,\"name\":\"Home\",\"item\":\"https:\/\/tourtravelandmore.com\/es\/\"},{\"@type\":\"ListItem\",\"position\":2,\"name\":\"Tours\",\"item\":\"https:\/\/tourtravelandmore.com\/es\/tours\/\"},{\"@type\":\"ListItem\",\"position\":3,\"name\":\"Tour privado Ajuy, Betancuria y Costa Calma\"}]},{\"@type\":\"WebSite\",\"@id\":\"https:\/\/tourtravelandmore.com\/es\/#website\",\"url\":\"https:\/\/tourtravelandmore.com\/es\/\",\"name\":\"Tour Travel And More\",\"description\":\"Private sightseeing tours and luxury transfers in Spain\",\"publisher\":{\"@id\":\"https:\/\/tourtravelandmore.com\/es\/#organization\"},\"potentialAction\":[{\"@type\":\"SearchAction\",\"target\":{\"@type\":\"EntryPoint\",\"urlTemplate\":\"https:\/\/tourtravelandmore.com\/es\/?s={search_term_string}\"},\"query-input\":{\"@type\":\"PropertyValueSpecification\",\"valueRequired\":true,\"valueName\":\"search_term_string\"}}],\"inLanguage\":\"es\"},{\"@type\":\"Organization\",\"@id\":\"https:\/\/tourtravelandmore.com\/es\/#organization\",\"name\":\"Tour Travel And More\",\"url\":\"https:\/\/tourtravelandmore.com\/es\/\",\"logo\":{\"@type\":\"ImageObject\",\"inLanguage\":\"es\",\"@id\":\"https:\/\/tourtravelandmore.com\/es\/#\/schema\/logo\/image\/\",\"url\":\"https:\/\/tourtravelandmore.com\/wp-content\/uploads\/2022\/12\/cropped-logo-cabecera-new.png\",\"contentUrl\":\"https:\/\/tourtravelandmore.com\/wp-content\/uploads\/2022\/12\/cropped-logo-cabecera-new.png\",\"width\":430,\"height\":61,\"caption\":\"Tour Travel And More\"},\"image\":{\"@id\":\"https:\/\/tourtravelandmore.com\/es\/#\/schema\/logo\/image\/\"},\"sameAs\":[\"https:\/\/www.facebook.com\/tourtravelandmore\/\",\"https:\/\/x.com\/TourTravel_More\"]}]}<\/script>\n<!-- \/ Yoast SEO Premium plugin. -->","yoast_head_json":{"title":"\u27a1\ufe0f Tour privado Fuerteventura: Tour privado Ajuy, Betancuria y Costa Calma | Tour Travel & More","description":"Disfruta de este tour privado de Fuerteventura y conoce las principales zonas del interior de la Isla: Ajuy, Betancuria y Costa Calma, junto a su gu\u00eda \u2705","robots":{"index":"index","follow":"follow","max-snippet":"max-snippet:-1","max-image-preview":"max-image-preview:large","max-video-preview":"max-video-preview:-1"},"canonical":"https:\/\/tourtravelandmore.com\/es\/tours\/espana-es\/fuerteventura-es\/tour-privado-fuerteventura-tour-privado-ajuy-betancuria-y-costa-calma\/","og_locale":"es_ES","og_type":"article","og_title":"Tour privado Ajuy, Betancuria y Costa Calma","og_description":"Disfruta de este tour privado de Fuerteventura y conoce las principales zonas del interior de la Isla: Ajuy, Betancuria y Costa Calma, junto a su gu\u00eda \u2705","og_url":"https:\/\/tourtravelandmore.com\/es\/tours\/espana-es\/fuerteventura-es\/tour-privado-fuerteventura-tour-privado-ajuy-betancuria-y-costa-calma\/","og_site_name":"Tour Travel And More","article_publisher":"https:\/\/www.facebook.com\/tourtravelandmore\/","article_modified_time":"2022-11-29T00:38:49+00:00","og_image":[{"width":1280,"height":931,"url":"https:\/\/tourtravelandmore.com\/wp-content\/uploads\/2020\/07\/Fuerteventura-1.jpg","type":"image\/jpeg"}],"twitter_card":"summary_large_image","twitter_site":"@TourTravel_More","twitter_misc":{"Tiempo de lectura":"2 minutos"},"schema":{"@context":"https:\/\/schema.org","@graph":[{"@type":"WebPage","@id":"https:\/\/tourtravelandmore.com\/es\/tours\/espana-es\/fuerteventura-es\/tour-privado-fuerteventura-tour-privado-ajuy-betancuria-y-costa-calma\/","url":"https:\/\/tourtravelandmore.com\/es\/tours\/espana-es\/fuerteventura-es\/tour-privado-fuerteventura-tour-privado-ajuy-betancuria-y-costa-calma\/","name":"\u27a1\ufe0f Tour privado Fuerteventura: Tour privado Ajuy, Betancuria y Costa Calma | Tour Travel & More","isPartOf":{"@id":"https:\/\/tourtravelandmore.com\/es\/#website"},"primaryImageOfPage":{"@id":"https:\/\/tourtravelandmore.com\/es\/tours\/espana-es\/fuerteventura-es\/tour-privado-fuerteventura-tour-privado-ajuy-betancuria-y-costa-calma\/#primaryimage"},"image":{"@id":"https:\/\/tourtravelandmore.com\/es\/tours\/espana-es\/fuerteventura-es\/tour-privado-fuerteventura-tour-privado-ajuy-betancuria-y-costa-calma\/#primaryimage"},"thumbnailUrl":"https:\/\/tourtravelandmore.com\/wp-content\/uploads\/2020\/07\/Fuerteventura-1.jpg","datePublished":"2020-07-27T07:59:59+00:00","dateModified":"2022-11-29T00:38:49+00:00","description":"Disfruta de este tour privado de Fuerteventura y conoce las principales zonas del interior de la Isla: Ajuy, Betancuria y Costa Calma, junto a su gu\u00eda \u2705","breadcrumb":{"@id":"https:\/\/tourtravelandmore.com\/es\/tours\/espana-es\/fuerteventura-es\/tour-privado-fuerteventura-tour-privado-ajuy-betancuria-y-costa-calma\/#breadcrumb"},"inLanguage":"es","potentialAction":[{"@type":"ReadAction","target":["https:\/\/tourtravelandmore.com\/es\/tours\/espana-es\/fuerteventura-es\/tour-privado-fuerteventura-tour-privado-ajuy-betancuria-y-costa-calma\/"]}]},{"@type":"ImageObject","inLanguage":"es","@id":"https:\/\/tourtravelandmore.com\/es\/tours\/espana-es\/fuerteventura-es\/tour-privado-fuerteventura-tour-privado-ajuy-betancuria-y-costa-calma\/#primaryimage","url":"https:\/\/tourtravelandmore.com\/wp-content\/uploads\/2020\/07\/Fuerteventura-1.jpg","contentUrl":"https:\/\/tourtravelandmore.com\/wp-content\/uploads\/2020\/07\/Fuerteventura-1.jpg","width":1280,"height":931},{"@type":"BreadcrumbList","@id":"https:\/\/tourtravelandmore.com\/es\/tours\/espana-es\/fuerteventura-es\/tour-privado-fuerteventura-tour-privado-ajuy-betancuria-y-costa-calma\/#breadcrumb","itemListElement":[{"@type":"ListItem","position":1,"name":"Home","item":"https:\/\/tourtravelandmore.com\/es\/"},{"@type":"ListItem","position":2,"name":"Tours","item":"https:\/\/tourtravelandmore.com\/es\/tours\/"},{"@type":"ListItem","position":3,"name":"Tour privado Ajuy, Betancuria y Costa Calma"}]},{"@type":"WebSite","@id":"https:\/\/tourtravelandmore.com\/es\/#website","url":"https:\/\/tourtravelandmore.com\/es\/","name":"Tour Travel And More","description":"Private sightseeing tours and luxury transfers in Spain","publisher":{"@id":"https:\/\/tourtravelandmore.com\/es\/#organization"},"potentialAction":[{"@type":"SearchAction","target":{"@type":"EntryPoint","urlTemplate":"https:\/\/tourtravelandmore.com\/es\/?s={search_term_string}"},"query-input":{"@type":"PropertyValueSpecification","valueRequired":true,"valueName":"search_term_string"}}],"inLanguage":"es"},{"@type":"Organization","@id":"https:\/\/tourtravelandmore.com\/es\/#organization","name":"Tour Travel And More","url":"https:\/\/tourtravelandmore.com\/es\/","logo":{"@type":"ImageObject","inLanguage":"es","@id":"https:\/\/tourtravelandmore.com\/es\/#\/schema\/logo\/image\/","url":"https:\/\/tourtravelandmore.com\/wp-content\/uploads\/2022\/12\/cropped-logo-cabecera-new.png","contentUrl":"https:\/\/tourtravelandmore.com\/wp-content\/uploads\/2022\/12\/cropped-logo-cabecera-new.png","width":430,"height":61,"caption":"Tour Travel And More"},"image":{"@id":"https:\/\/tourtravelandmore.com\/es\/#\/schema\/logo\/image\/"},"sameAs":["https:\/\/www.facebook.com\/tourtravelandmore\/","https:\/\/x.com\/TourTravel_More"]}]}},"_links":{"self":[{"href":"https:\/\/tourtravelandmore.com\/es\/wp-json\/wp\/v2\/product\/81759","targetHints":{"allow":["GET"]}}],"collection":[{"href":"https:\/\/tourtravelandmore.com\/es\/wp-json\/wp\/v2\/product"}],"about":[{"href":"https:\/\/tourtravelandmore.com\/es\/wp-json\/wp\/v2\/types\/product"}],"replies":[{"embeddable":true,"href":"https:\/\/tourtravelandmore.com\/es\/wp-json\/wp\/v2\/comments?post=81759"}],"wp:featuredmedia":[{"embeddable":true,"href":"https:\/\/tourtravelandmore.com\/es\/wp-json\/wp\/v2\/media\/81770"}],"wp:attachment":[{"href":"https:\/\/tourtravelandmore.com\/es\/wp-json\/wp\/v2\/media?parent=81759"}],"wp:term":[{"taxonomy":"product_brand","embeddable":true,"href":"https:\/\/tourtravelandmore.com\/es\/wp-json\/wp\/v2\/product_brand?post=81759"},{"taxonomy":"product_cat","embeddable":true,"href":"https:\/\/tourtravelandmore.com\/es\/wp-json\/wp\/v2\/product_cat?post=81759"},{"taxonomy":"product_tag","embeddable":true,"href":"https:\/\/tourtravelandmore.com\/es\/wp-json\/wp\/v2\/product_tag?post=81759"}],"curies":[{"name":"wp","href":"https:\/\/api.w.org\/{rel}","templated":true}]}}