{"id":81724,"date":"2020-07-24T11:40:23","date_gmt":"2020-07-24T09:40:24","guid":{"rendered":"https:\/\/tourtravelandmore.com\/?post_type=product&#038;p=81724"},"modified":"2022-12-13T02:02:00","modified_gmt":"2022-12-13T01:02:00","slug":"tour-privado-del-norte-de-lanzarote-copy","status":"publish","type":"product","link":"https:\/\/tourtravelandmore.com\/es\/tours\/espana-es\/lanzarote-es\/tour-privado-del-norte-de-lanzarote-copy\/","title":{"rendered":"Tour privado Jameos del Agua y Cueva de los Verdes"},"content":{"rendered":"<h2><strong>Descripci\u00f3n del Tour privado Jameos del Agua y Cueva de los Verdes<\/strong><\/h2>\n<p>Disfrute de este tour privado Lanzarote, de la Zona de los <strong>Jameos del agua y Cueva de los Verdes.<\/strong> Dos lugares \u00fanicos y maravillosos para conocer.<\/p>\n<p>La duraci\u00f3n del tour privado Lanzarote es de 8 horas.<\/p>\n<p>El Tour es completamente privado, podemos personalizar su tour con base en su preferencia. Cualquier cosa que desee conocer nos podemos adaptar. Solo tiene que indicarlo en el formulario de contacto del tour.<\/p>\n<p>El tour se hace con un Chofer\/gu\u00eda oficial titulado, que conoce la isla, la Historia y las an\u00e9cdotas.<\/p>\n<p>Al ser un tour privado puede escoger la hora y sitio de comienzo, a la hora seleccionada nuestro chofer\/gu\u00eda est\u00e1 preparado para empezar su tour privado de Lanzarote.<\/p>\n<h2>Puntos de inter\u00e9s en el Tour privado Jameos del Agua y Cueva de los Verdes<\/h2>\n<p>Los <strong>Jameos del Agua<\/strong>, al igual que la <strong>Cueva de los Verdes<\/strong>, se localizan en el interior de un\u00a0t\u00fanel volc\u00e1nico producido por las erupciones del Volc\u00e1n de la Corona.<\/p>\n<p>Intervino el arquitecto canario <a href=\"https:\/\/es.wikipedia.org\/wiki\/C%C3%A9sar_Manrique\"><strong>C\u00e9sar Manrique<\/strong><\/a> para crear una serie de espacios, desde un <strong>restaurante hasta un auditorio semisubterr\u00e1neo<\/strong>, aprovechando el desplome del techo de un <strong>tubo volc\u00e1nico.<br \/>\n<\/strong><\/p>\n<p>Los <strong>Jameos del agua<\/strong> son famosos por la presencia de un cangrejo, albino y ciego, end\u00e9mico de Lanzarote.<\/p>\n<p><strong>La Cueva de los Verdes<\/strong>, es un t\u00fanel formado por el Volc\u00e1n de la Corona es uno de los m\u00e1s extensos e interesantes del planeta. A lo largo de su recorrido existen al menos diecis\u00e9is Jameos. No te puedes perder este hermoso paraje, \u00fanico en el mundo, parece que estemos viajando a otro mundo, es una experiencia \u00fanica.<\/p>\n<p>Antiguamente, se utilizaba la vueva por los habitantes de la zona, para esconderse de los constantes ataques de piratas que acosaban a la isla constantemente.<\/p>\n<p>No te pierdas este tour privado \u00fanico, y una de la visitas obligatorias si vienes a Lanzarote por primera vez o no conoces esta zona.<\/p>\n","protected":false},"excerpt":{"rendered":"<p>Disfrute de este <strong>tour privado y completamente personalizado a Jameos del Agua y Cuevas Verdes<\/strong> en Lanzarote desde su hotel. Tendr\u00e1 a su disposici\u00f3n durante todo el tour un veh\u00edculo privado de lujo con chofer\/gu\u00eda que lo llevara a recorrer estos fant\u00e1sticos lugares. Las entradas a ambos lugares est\u00e1n incluidas en el precio del tour.<\/p>\n","protected":false},"featured_media":81751,"comment_status":"open","ping_status":"closed","template":"","meta":{"_acf_changed":false},"product_brand":[],"product_cat":[1059,1060,1061,1062],"product_tag":[],"class_list":{"0":"post-81724","1":"product","2":"type-product","3":"status-publish","4":"has-post-thumbnail","6":"product_cat-lanzarote-es","7":"product_cat-lanzarote-actividades-es","8":"product_cat-lanzarote-rutas-turisticas-privadas-es","9":"product_cat-lanzarote-excursiones-privadas-cruceros-es","11":"first","12":"instock","13":"shipping-taxable","14":"purchasable","15":"product-type-simple"},"acf":[],"yoast_head":"<!-- This site is optimized with the Yoast SEO Premium plugin v25.3.1 (Yoast SEO v25.3.1) - https:\/\/yoast.com\/wordpress\/plugins\/seo\/ -->\n<title>\u27a1\ufe0f Tour privado Lanzarote: Jameos del Agua y Cueva de los Verdes | Tour Travel &amp; More<\/title>\n<meta name=\"description\" content=\"Descubre Jameos del Agua y Cuevas de los Verdes, gracias a este tour privado Lanzarote, junto a su chofer\/gu\u00eda privado. Las Entradas est\u00e1n inclu\u00eddas \u2705\" \/>\n<meta name=\"robots\" content=\"index, follow, max-snippet:-1, max-image-preview:large, max-video-preview:-1\" \/>\n<link rel=\"canonical\" href=\"https:\/\/tourtravelandmore.com\/es\/tours\/espana-es\/lanzarote-es\/tour-privado-del-norte-de-lanzarote-copy\/\" \/>\n<meta property=\"og:locale\" content=\"es_ES\" \/>\n<meta property=\"og:type\" content=\"article\" \/>\n<meta property=\"og:title\" content=\"Tour privado Jameos del Agua y Cueva de los Verdes\" \/>\n<meta property=\"og:description\" content=\"Descubre Jameos del Agua y Cuevas de los Verdes, gracias a este tour privado Lanzarote, junto a su chofer\/gu\u00eda privado. Las Entradas est\u00e1n inclu\u00eddas \u2705\" \/>\n<meta property=\"og:url\" content=\"https:\/\/tourtravelandmore.com\/es\/tours\/espana-es\/lanzarote-es\/tour-privado-del-norte-de-lanzarote-copy\/\" \/>\n<meta property=\"og:site_name\" content=\"Tour Travel And More\" \/>\n<meta property=\"article:publisher\" content=\"https:\/\/www.facebook.com\/tourtravelandmore\/\" \/>\n<meta property=\"article:modified_time\" content=\"2022-12-13T01:02:00+00:00\" \/>\n<meta property=\"og:image\" content=\"https:\/\/tourtravelandmore.com\/wp-content\/uploads\/2020\/07\/Lanzarote-6.jpg\" \/>\n\t<meta property=\"og:image:width\" content=\"1280\" \/>\n\t<meta property=\"og:image:height\" content=\"850\" \/>\n\t<meta property=\"og:image:type\" content=\"image\/jpeg\" \/>\n<meta name=\"twitter:card\" content=\"summary_large_image\" \/>\n<meta name=\"twitter:site\" content=\"@TourTravel_More\" \/>\n<meta name=\"twitter:label1\" content=\"Tiempo de lectura\" \/>\n\t<meta name=\"twitter:data1\" content=\"2 minutos\" \/>\n<script type=\"application\/ld+json\" class=\"yoast-schema-graph\">{\"@context\":\"https:\/\/schema.org\",\"@graph\":[{\"@type\":\"WebPage\",\"@id\":\"https:\/\/tourtravelandmore.com\/es\/tours\/espana-es\/lanzarote-es\/tour-privado-del-norte-de-lanzarote-copy\/\",\"url\":\"https:\/\/tourtravelandmore.com\/es\/tours\/espana-es\/lanzarote-es\/tour-privado-del-norte-de-lanzarote-copy\/\",\"name\":\"\u27a1\ufe0f Tour privado Lanzarote: Jameos del Agua y Cueva de los Verdes | Tour Travel & More\",\"isPartOf\":{\"@id\":\"https:\/\/tourtravelandmore.com\/es\/#website\"},\"primaryImageOfPage\":{\"@id\":\"https:\/\/tourtravelandmore.com\/es\/tours\/espana-es\/lanzarote-es\/tour-privado-del-norte-de-lanzarote-copy\/#primaryimage\"},\"image\":{\"@id\":\"https:\/\/tourtravelandmore.com\/es\/tours\/espana-es\/lanzarote-es\/tour-privado-del-norte-de-lanzarote-copy\/#primaryimage\"},\"thumbnailUrl\":\"https:\/\/tourtravelandmore.com\/wp-content\/uploads\/2020\/07\/Lanzarote-6.jpg\",\"datePublished\":\"2020-07-24T09:40:24+00:00\",\"dateModified\":\"2022-12-13T01:02:00+00:00\",\"description\":\"Descubre Jameos del Agua y Cuevas de los Verdes, gracias a este tour privado Lanzarote, junto a su chofer\/gu\u00eda privado. Las Entradas est\u00e1n inclu\u00eddas \u2705\",\"breadcrumb\":{\"@id\":\"https:\/\/tourtravelandmore.com\/es\/tours\/espana-es\/lanzarote-es\/tour-privado-del-norte-de-lanzarote-copy\/#breadcrumb\"},\"inLanguage\":\"es\",\"potentialAction\":[{\"@type\":\"ReadAction\",\"target\":[\"https:\/\/tourtravelandmore.com\/es\/tours\/espana-es\/lanzarote-es\/tour-privado-del-norte-de-lanzarote-copy\/\"]}]},{\"@type\":\"ImageObject\",\"inLanguage\":\"es\",\"@id\":\"https:\/\/tourtravelandmore.com\/es\/tours\/espana-es\/lanzarote-es\/tour-privado-del-norte-de-lanzarote-copy\/#primaryimage\",\"url\":\"https:\/\/tourtravelandmore.com\/wp-content\/uploads\/2020\/07\/Lanzarote-6.jpg\",\"contentUrl\":\"https:\/\/tourtravelandmore.com\/wp-content\/uploads\/2020\/07\/Lanzarote-6.jpg\",\"width\":1280,\"height\":850},{\"@type\":\"BreadcrumbList\",\"@id\":\"https:\/\/tourtravelandmore.com\/es\/tours\/espana-es\/lanzarote-es\/tour-privado-del-norte-de-lanzarote-copy\/#breadcrumb\",\"itemListElement\":[{\"@type\":\"ListItem\",\"position\":1,\"name\":\"Home\",\"item\":\"https:\/\/tourtravelandmore.com\/es\/\"},{\"@type\":\"ListItem\",\"position\":2,\"name\":\"Tours\",\"item\":\"https:\/\/tourtravelandmore.com\/es\/tours\/\"},{\"@type\":\"ListItem\",\"position\":3,\"name\":\"Tour privado Jameos del Agua y Cueva de los Verdes\"}]},{\"@type\":\"WebSite\",\"@id\":\"https:\/\/tourtravelandmore.com\/es\/#website\",\"url\":\"https:\/\/tourtravelandmore.com\/es\/\",\"name\":\"Tour Travel And More\",\"description\":\"Private sightseeing tours and luxury transfers in Spain\",\"publisher\":{\"@id\":\"https:\/\/tourtravelandmore.com\/es\/#organization\"},\"potentialAction\":[{\"@type\":\"SearchAction\",\"target\":{\"@type\":\"EntryPoint\",\"urlTemplate\":\"https:\/\/tourtravelandmore.com\/es\/?s={search_term_string}\"},\"query-input\":{\"@type\":\"PropertyValueSpecification\",\"valueRequired\":true,\"valueName\":\"search_term_string\"}}],\"inLanguage\":\"es\"},{\"@type\":\"Organization\",\"@id\":\"https:\/\/tourtravelandmore.com\/es\/#organization\",\"name\":\"Tour Travel And More\",\"url\":\"https:\/\/tourtravelandmore.com\/es\/\",\"logo\":{\"@type\":\"ImageObject\",\"inLanguage\":\"es\",\"@id\":\"https:\/\/tourtravelandmore.com\/es\/#\/schema\/logo\/image\/\",\"url\":\"https:\/\/tourtravelandmore.com\/wp-content\/uploads\/2022\/12\/cropped-logo-cabecera-new.png\",\"contentUrl\":\"https:\/\/tourtravelandmore.com\/wp-content\/uploads\/2022\/12\/cropped-logo-cabecera-new.png\",\"width\":430,\"height\":61,\"caption\":\"Tour Travel And More\"},\"image\":{\"@id\":\"https:\/\/tourtravelandmore.com\/es\/#\/schema\/logo\/image\/\"},\"sameAs\":[\"https:\/\/www.facebook.com\/tourtravelandmore\/\",\"https:\/\/x.com\/TourTravel_More\"]}]}<\/script>\n<!-- \/ Yoast SEO Premium plugin. -->","yoast_head_json":{"title":"\u27a1\ufe0f Tour privado Lanzarote: Jameos del Agua y Cueva de los Verdes | Tour Travel & More","description":"Descubre Jameos del Agua y Cuevas de los Verdes, gracias a este tour privado Lanzarote, junto a su chofer\/gu\u00eda privado. Las Entradas est\u00e1n inclu\u00eddas \u2705","robots":{"index":"index","follow":"follow","max-snippet":"max-snippet:-1","max-image-preview":"max-image-preview:large","max-video-preview":"max-video-preview:-1"},"canonical":"https:\/\/tourtravelandmore.com\/es\/tours\/espana-es\/lanzarote-es\/tour-privado-del-norte-de-lanzarote-copy\/","og_locale":"es_ES","og_type":"article","og_title":"Tour privado Jameos del Agua y Cueva de los Verdes","og_description":"Descubre Jameos del Agua y Cuevas de los Verdes, gracias a este tour privado Lanzarote, junto a su chofer\/gu\u00eda privado. Las Entradas est\u00e1n inclu\u00eddas \u2705","og_url":"https:\/\/tourtravelandmore.com\/es\/tours\/espana-es\/lanzarote-es\/tour-privado-del-norte-de-lanzarote-copy\/","og_site_name":"Tour Travel And More","article_publisher":"https:\/\/www.facebook.com\/tourtravelandmore\/","article_modified_time":"2022-12-13T01:02:00+00:00","og_image":[{"width":1280,"height":850,"url":"https:\/\/tourtravelandmore.com\/wp-content\/uploads\/2020\/07\/Lanzarote-6.jpg","type":"image\/jpeg"}],"twitter_card":"summary_large_image","twitter_site":"@TourTravel_More","twitter_misc":{"Tiempo de lectura":"2 minutos"},"schema":{"@context":"https:\/\/schema.org","@graph":[{"@type":"WebPage","@id":"https:\/\/tourtravelandmore.com\/es\/tours\/espana-es\/lanzarote-es\/tour-privado-del-norte-de-lanzarote-copy\/","url":"https:\/\/tourtravelandmore.com\/es\/tours\/espana-es\/lanzarote-es\/tour-privado-del-norte-de-lanzarote-copy\/","name":"\u27a1\ufe0f Tour privado Lanzarote: Jameos del Agua y Cueva de los Verdes | Tour Travel & More","isPartOf":{"@id":"https:\/\/tourtravelandmore.com\/es\/#website"},"primaryImageOfPage":{"@id":"https:\/\/tourtravelandmore.com\/es\/tours\/espana-es\/lanzarote-es\/tour-privado-del-norte-de-lanzarote-copy\/#primaryimage"},"image":{"@id":"https:\/\/tourtravelandmore.com\/es\/tours\/espana-es\/lanzarote-es\/tour-privado-del-norte-de-lanzarote-copy\/#primaryimage"},"thumbnailUrl":"https:\/\/tourtravelandmore.com\/wp-content\/uploads\/2020\/07\/Lanzarote-6.jpg","datePublished":"2020-07-24T09:40:24+00:00","dateModified":"2022-12-13T01:02:00+00:00","description":"Descubre Jameos del Agua y Cuevas de los Verdes, gracias a este tour privado Lanzarote, junto a su chofer\/gu\u00eda privado. Las Entradas est\u00e1n inclu\u00eddas \u2705","breadcrumb":{"@id":"https:\/\/tourtravelandmore.com\/es\/tours\/espana-es\/lanzarote-es\/tour-privado-del-norte-de-lanzarote-copy\/#breadcrumb"},"inLanguage":"es","potentialAction":[{"@type":"ReadAction","target":["https:\/\/tourtravelandmore.com\/es\/tours\/espana-es\/lanzarote-es\/tour-privado-del-norte-de-lanzarote-copy\/"]}]},{"@type":"ImageObject","inLanguage":"es","@id":"https:\/\/tourtravelandmore.com\/es\/tours\/espana-es\/lanzarote-es\/tour-privado-del-norte-de-lanzarote-copy\/#primaryimage","url":"https:\/\/tourtravelandmore.com\/wp-content\/uploads\/2020\/07\/Lanzarote-6.jpg","contentUrl":"https:\/\/tourtravelandmore.com\/wp-content\/uploads\/2020\/07\/Lanzarote-6.jpg","width":1280,"height":850},{"@type":"BreadcrumbList","@id":"https:\/\/tourtravelandmore.com\/es\/tours\/espana-es\/lanzarote-es\/tour-privado-del-norte-de-lanzarote-copy\/#breadcrumb","itemListElement":[{"@type":"ListItem","position":1,"name":"Home","item":"https:\/\/tourtravelandmore.com\/es\/"},{"@type":"ListItem","position":2,"name":"Tours","item":"https:\/\/tourtravelandmore.com\/es\/tours\/"},{"@type":"ListItem","position":3,"name":"Tour privado Jameos del Agua y Cueva de los Verdes"}]},{"@type":"WebSite","@id":"https:\/\/tourtravelandmore.com\/es\/#website","url":"https:\/\/tourtravelandmore.com\/es\/","name":"Tour Travel And More","description":"Private sightseeing tours and luxury transfers in Spain","publisher":{"@id":"https:\/\/tourtravelandmore.com\/es\/#organization"},"potentialAction":[{"@type":"SearchAction","target":{"@type":"EntryPoint","urlTemplate":"https:\/\/tourtravelandmore.com\/es\/?s={search_term_string}"},"query-input":{"@type":"PropertyValueSpecification","valueRequired":true,"valueName":"search_term_string"}}],"inLanguage":"es"},{"@type":"Organization","@id":"https:\/\/tourtravelandmore.com\/es\/#organization","name":"Tour Travel And More","url":"https:\/\/tourtravelandmore.com\/es\/","logo":{"@type":"ImageObject","inLanguage":"es","@id":"https:\/\/tourtravelandmore.com\/es\/#\/schema\/logo\/image\/","url":"https:\/\/tourtravelandmore.com\/wp-content\/uploads\/2022\/12\/cropped-logo-cabecera-new.png","contentUrl":"https:\/\/tourtravelandmore.com\/wp-content\/uploads\/2022\/12\/cropped-logo-cabecera-new.png","width":430,"height":61,"caption":"Tour Travel And More"},"image":{"@id":"https:\/\/tourtravelandmore.com\/es\/#\/schema\/logo\/image\/"},"sameAs":["https:\/\/www.facebook.com\/tourtravelandmore\/","https:\/\/x.com\/TourTravel_More"]}]}},"_links":{"self":[{"href":"https:\/\/tourtravelandmore.com\/es\/wp-json\/wp\/v2\/product\/81724","targetHints":{"allow":["GET"]}}],"collection":[{"href":"https:\/\/tourtravelandmore.com\/es\/wp-json\/wp\/v2\/product"}],"about":[{"href":"https:\/\/tourtravelandmore.com\/es\/wp-json\/wp\/v2\/types\/product"}],"replies":[{"embeddable":true,"href":"https:\/\/tourtravelandmore.com\/es\/wp-json\/wp\/v2\/comments?post=81724"}],"wp:featuredmedia":[{"embeddable":true,"href":"https:\/\/tourtravelandmore.com\/es\/wp-json\/wp\/v2\/media\/81751"}],"wp:attachment":[{"href":"https:\/\/tourtravelandmore.com\/es\/wp-json\/wp\/v2\/media?parent=81724"}],"wp:term":[{"taxonomy":"product_brand","embeddable":true,"href":"https:\/\/tourtravelandmore.com\/es\/wp-json\/wp\/v2\/product_brand?post=81724"},{"taxonomy":"product_cat","embeddable":true,"href":"https:\/\/tourtravelandmore.com\/es\/wp-json\/wp\/v2\/product_cat?post=81724"},{"taxonomy":"product_tag","embeddable":true,"href":"https:\/\/tourtravelandmore.com\/es\/wp-json\/wp\/v2\/product_tag?post=81724"}],"curies":[{"name":"wp","href":"https:\/\/api.w.org\/{rel}","templated":true}]}}