{"id":81714,"date":"2020-07-24T11:20:17","date_gmt":"2020-07-24T09:20:18","guid":{"rendered":"https:\/\/tourtravelandmore.com\/?post_type=product&#038;p=81714"},"modified":"2020-09-03T10:42:47","modified_gmt":"2020-09-03T08:42:47","slug":"traslado-aeropuerto-lanzarote","status":"publish","type":"product","link":"https:\/\/tourtravelandmore.com\/es\/tours\/espana-es\/lanzarote-es\/traslado-aeropuerto-lanzarote\/","title":{"rendered":"Traslados privados en Lanzarote"},"content":{"rendered":"<h2><strong>Descripci\u00f3n:<\/strong><\/h2>\n<p>La isla de Lanzarote no es una isla muy grande, pero para llegar de un lugar a otro, la forma m\u00e1s r\u00e1pida es con un traslado privado. Tome nuestro traslado aeropuerto Lanzarote o desde cualquier lugar de la isla. Ya sea que llegue al puerto o al aeropuerto, le llevaremos r\u00e1pidamente a su destino final con nuestro traslado privado, y evite esperas.<\/p>\n<p>Nuestros traslados privados en Lanzarote tambi\u00e9n se pueden utilizar dentro de la isla. Nuestros conductores experimentados le lleven a la ubicaci\u00f3n que desee.<\/p>\n<p>En el Traslado Aeropuerto Lanzarote nuestro conductor siempre estar\u00e1 esperando con un cartel con su nombre, en la terminal de llegadas.<\/p>\n<p>No limitamos la cantidad de equipaje. S\u00f3lo solicitamos que se informe del Equipaje para calcular correctamente el espacio del vehiculo y enviar el correcto.<\/p>\n<p>Inf\u00f3rmenos si necesita un asiento para ni\u00f1os. Necesitar\u00edamos saber la edad del ni\u00f1o para organizar el asiento correspondiente.<\/p>\n<p>Tambi\u00e9n ofrecemos disposiciones privadas o tours en la Isla. Pueden consultar nuestro listado de <a href=\"https:\/\/tourtravelandmore.com\/es\/ciudad\/espana-es\/lanzarote-es\/\">tours privados en Lanzarote.<\/a><\/p>\n<h2>Puntos de Inter\u00e9s:<\/h2>\n<p>Lanzarote es una de las islas de las Islas Canarias. Tambi\u00e9n se encuentra en la parte noroeste de \u00c1frica.\u00a0 Lanzarote es la cuarta isla m\u00e1s grande de las Islas Canarias. Tiene casi 150,000 habitantes. La capital es Arrecife y una de las principales atracciones es el<strong> Parque Nacional de Timanfaya, Jameos del Agua y Cueva de los Verdes.<br \/>\n<\/strong><\/p>\n<p>Una vez que est\u00e9 en Lanzarote y se relaje en las playas, no pierda la oportunidad de ver qu\u00e9 tipo de tours privados puede disfrutar.<\/p>\n<p><a href=\"https:\/\/tourtravelandmore.com\/es\/ciudad\/espana-es\/lanzarote-es\/\">\u00a1M\u00edralos aqu\u00ed!<\/a> Puedes disfrutar de excursiones de un d\u00eda a los volcanes y al Parque Nacional de Timanfaya.\u00a0 Tambi\u00e9n existe la opci\u00f3n de disfrutar de los tours de d\u00eda completo de Lanzarote o el norte o el sur de la isla.<\/p>\n<p>Todos nuestros tours y servicios son privados nos adaptamos a sus necesidades, no dude en contactar con nosotros.<\/p>\n<p>&nbsp;<\/p>\n","protected":false},"excerpt":{"rendered":"<p>Aproveche esta oportunidad para <strong>llegar a su destino final en Lanzarote<\/strong>\u00a0de la manera m\u00e1s c\u00f3moda y r\u00e1pida posible.<br \/>\nOrganizamos recogidas desde su hotel, aeropuerto, terminal de cruceros o cualquier lugar de <strong>la isla Lanzarote<\/strong>. Solo es necesario saber el lugar de recogida y devoluci\u00f3n y arreglaremos todo por ti.<\/p>\n<p>&nbsp;<\/p>\n","protected":false},"featured_media":59261,"comment_status":"open","ping_status":"closed","template":"","meta":{"_acf_changed":false},"product_brand":[],"product_cat":[1059,1060],"product_tag":[],"class_list":{"0":"post-81714","1":"product","2":"type-product","3":"status-publish","4":"has-post-thumbnail","6":"product_cat-lanzarote-es","7":"product_cat-lanzarote-actividades-es","9":"first","10":"instock","11":"shipping-taxable","12":"purchasable","13":"product-type-simple"},"acf":[],"yoast_head":"<!-- This site is optimized with the Yoast SEO Premium plugin v25.3.1 (Yoast SEO v25.3.1) - https:\/\/yoast.com\/wordpress\/plugins\/seo\/ -->\n<title>Traslado aeropuerto Lanzarote: Servicios privados de Traslados y Tours<\/title>\n<meta name=\"description\" content=\"Ofrecemos servicios privados en la Isla de Lanzarote: Traslado Aeropuerto Lanzarote, Disposiciones, Tours y excursiones con chofer\/gu\u00eda.\" \/>\n<meta name=\"robots\" content=\"index, follow, max-snippet:-1, max-image-preview:large, max-video-preview:-1\" \/>\n<link rel=\"canonical\" href=\"https:\/\/tourtravelandmore.com\/es\/tours\/espana-es\/lanzarote-es\/traslado-aeropuerto-lanzarote\/\" \/>\n<meta property=\"og:locale\" content=\"es_ES\" \/>\n<meta property=\"og:type\" content=\"article\" \/>\n<meta property=\"og:title\" content=\"Traslados privados en Lanzarote\" \/>\n<meta property=\"og:description\" content=\"Ofrecemos servicios privados en la Isla de Lanzarote: Traslado Aeropuerto Lanzarote, Disposiciones, Tours y excursiones con chofer\/gu\u00eda.\" \/>\n<meta property=\"og:url\" content=\"https:\/\/tourtravelandmore.com\/es\/tours\/espana-es\/lanzarote-es\/traslado-aeropuerto-lanzarote\/\" \/>\n<meta property=\"og:site_name\" content=\"Tour Travel And More\" \/>\n<meta property=\"article:publisher\" content=\"https:\/\/www.facebook.com\/tourtravelandmore\/\" \/>\n<meta property=\"article:modified_time\" content=\"2020-09-03T08:42:47+00:00\" \/>\n<meta property=\"og:image\" content=\"https:\/\/tourtravelandmore.com\/wp-content\/uploads\/2016\/11\/Luxurycar.jpg\" \/>\n\t<meta property=\"og:image:width\" content=\"800\" \/>\n\t<meta property=\"og:image:height\" content=\"500\" \/>\n\t<meta property=\"og:image:type\" content=\"image\/jpeg\" \/>\n<meta name=\"twitter:card\" content=\"summary_large_image\" \/>\n<meta name=\"twitter:site\" content=\"@TourTravel_More\" \/>\n<meta name=\"twitter:label1\" content=\"Tiempo de lectura\" \/>\n\t<meta name=\"twitter:data1\" content=\"2 minutos\" \/>\n<script type=\"application\/ld+json\" class=\"yoast-schema-graph\">{\"@context\":\"https:\/\/schema.org\",\"@graph\":[{\"@type\":\"WebPage\",\"@id\":\"https:\/\/tourtravelandmore.com\/es\/tours\/espana-es\/lanzarote-es\/traslado-aeropuerto-lanzarote\/\",\"url\":\"https:\/\/tourtravelandmore.com\/es\/tours\/espana-es\/lanzarote-es\/traslado-aeropuerto-lanzarote\/\",\"name\":\"Traslado aeropuerto Lanzarote: Servicios privados de Traslados y Tours\",\"isPartOf\":{\"@id\":\"https:\/\/tourtravelandmore.com\/es\/#website\"},\"primaryImageOfPage\":{\"@id\":\"https:\/\/tourtravelandmore.com\/es\/tours\/espana-es\/lanzarote-es\/traslado-aeropuerto-lanzarote\/#primaryimage\"},\"image\":{\"@id\":\"https:\/\/tourtravelandmore.com\/es\/tours\/espana-es\/lanzarote-es\/traslado-aeropuerto-lanzarote\/#primaryimage\"},\"thumbnailUrl\":\"https:\/\/tourtravelandmore.com\/wp-content\/uploads\/2016\/11\/Luxurycar.jpg\",\"datePublished\":\"2020-07-24T09:20:18+00:00\",\"dateModified\":\"2020-09-03T08:42:47+00:00\",\"description\":\"Ofrecemos servicios privados en la Isla de Lanzarote: Traslado Aeropuerto Lanzarote, Disposiciones, Tours y excursiones con chofer\/gu\u00eda.\",\"breadcrumb\":{\"@id\":\"https:\/\/tourtravelandmore.com\/es\/tours\/espana-es\/lanzarote-es\/traslado-aeropuerto-lanzarote\/#breadcrumb\"},\"inLanguage\":\"es\",\"potentialAction\":[{\"@type\":\"ReadAction\",\"target\":[\"https:\/\/tourtravelandmore.com\/es\/tours\/espana-es\/lanzarote-es\/traslado-aeropuerto-lanzarote\/\"]}]},{\"@type\":\"ImageObject\",\"inLanguage\":\"es\",\"@id\":\"https:\/\/tourtravelandmore.com\/es\/tours\/espana-es\/lanzarote-es\/traslado-aeropuerto-lanzarote\/#primaryimage\",\"url\":\"https:\/\/tourtravelandmore.com\/wp-content\/uploads\/2016\/11\/Luxurycar.jpg\",\"contentUrl\":\"https:\/\/tourtravelandmore.com\/wp-content\/uploads\/2016\/11\/Luxurycar.jpg\",\"width\":800,\"height\":500},{\"@type\":\"BreadcrumbList\",\"@id\":\"https:\/\/tourtravelandmore.com\/es\/tours\/espana-es\/lanzarote-es\/traslado-aeropuerto-lanzarote\/#breadcrumb\",\"itemListElement\":[{\"@type\":\"ListItem\",\"position\":1,\"name\":\"Home\",\"item\":\"https:\/\/tourtravelandmore.com\/es\/\"},{\"@type\":\"ListItem\",\"position\":2,\"name\":\"Tours\",\"item\":\"https:\/\/tourtravelandmore.com\/es\/tours\/\"},{\"@type\":\"ListItem\",\"position\":3,\"name\":\"Traslados privados en Lanzarote\"}]},{\"@type\":\"WebSite\",\"@id\":\"https:\/\/tourtravelandmore.com\/es\/#website\",\"url\":\"https:\/\/tourtravelandmore.com\/es\/\",\"name\":\"Tour Travel And More\",\"description\":\"Private sightseeing tours and luxury transfers in Spain\",\"publisher\":{\"@id\":\"https:\/\/tourtravelandmore.com\/es\/#organization\"},\"potentialAction\":[{\"@type\":\"SearchAction\",\"target\":{\"@type\":\"EntryPoint\",\"urlTemplate\":\"https:\/\/tourtravelandmore.com\/es\/?s={search_term_string}\"},\"query-input\":{\"@type\":\"PropertyValueSpecification\",\"valueRequired\":true,\"valueName\":\"search_term_string\"}}],\"inLanguage\":\"es\"},{\"@type\":\"Organization\",\"@id\":\"https:\/\/tourtravelandmore.com\/es\/#organization\",\"name\":\"Tour Travel And More\",\"url\":\"https:\/\/tourtravelandmore.com\/es\/\",\"logo\":{\"@type\":\"ImageObject\",\"inLanguage\":\"es\",\"@id\":\"https:\/\/tourtravelandmore.com\/es\/#\/schema\/logo\/image\/\",\"url\":\"https:\/\/tourtravelandmore.com\/wp-content\/uploads\/2022\/12\/cropped-logo-cabecera-new.png\",\"contentUrl\":\"https:\/\/tourtravelandmore.com\/wp-content\/uploads\/2022\/12\/cropped-logo-cabecera-new.png\",\"width\":430,\"height\":61,\"caption\":\"Tour Travel And More\"},\"image\":{\"@id\":\"https:\/\/tourtravelandmore.com\/es\/#\/schema\/logo\/image\/\"},\"sameAs\":[\"https:\/\/www.facebook.com\/tourtravelandmore\/\",\"https:\/\/x.com\/TourTravel_More\"]}]}<\/script>\n<!-- \/ Yoast SEO Premium plugin. -->","yoast_head_json":{"title":"Traslado aeropuerto Lanzarote: Servicios privados de Traslados y Tours","description":"Ofrecemos servicios privados en la Isla de Lanzarote: Traslado Aeropuerto Lanzarote, Disposiciones, Tours y excursiones con chofer\/gu\u00eda.","robots":{"index":"index","follow":"follow","max-snippet":"max-snippet:-1","max-image-preview":"max-image-preview:large","max-video-preview":"max-video-preview:-1"},"canonical":"https:\/\/tourtravelandmore.com\/es\/tours\/espana-es\/lanzarote-es\/traslado-aeropuerto-lanzarote\/","og_locale":"es_ES","og_type":"article","og_title":"Traslados privados en Lanzarote","og_description":"Ofrecemos servicios privados en la Isla de Lanzarote: Traslado Aeropuerto Lanzarote, Disposiciones, Tours y excursiones con chofer\/gu\u00eda.","og_url":"https:\/\/tourtravelandmore.com\/es\/tours\/espana-es\/lanzarote-es\/traslado-aeropuerto-lanzarote\/","og_site_name":"Tour Travel And More","article_publisher":"https:\/\/www.facebook.com\/tourtravelandmore\/","article_modified_time":"2020-09-03T08:42:47+00:00","og_image":[{"width":800,"height":500,"url":"https:\/\/tourtravelandmore.com\/wp-content\/uploads\/2016\/11\/Luxurycar.jpg","type":"image\/jpeg"}],"twitter_card":"summary_large_image","twitter_site":"@TourTravel_More","twitter_misc":{"Tiempo de lectura":"2 minutos"},"schema":{"@context":"https:\/\/schema.org","@graph":[{"@type":"WebPage","@id":"https:\/\/tourtravelandmore.com\/es\/tours\/espana-es\/lanzarote-es\/traslado-aeropuerto-lanzarote\/","url":"https:\/\/tourtravelandmore.com\/es\/tours\/espana-es\/lanzarote-es\/traslado-aeropuerto-lanzarote\/","name":"Traslado aeropuerto Lanzarote: Servicios privados de Traslados y Tours","isPartOf":{"@id":"https:\/\/tourtravelandmore.com\/es\/#website"},"primaryImageOfPage":{"@id":"https:\/\/tourtravelandmore.com\/es\/tours\/espana-es\/lanzarote-es\/traslado-aeropuerto-lanzarote\/#primaryimage"},"image":{"@id":"https:\/\/tourtravelandmore.com\/es\/tours\/espana-es\/lanzarote-es\/traslado-aeropuerto-lanzarote\/#primaryimage"},"thumbnailUrl":"https:\/\/tourtravelandmore.com\/wp-content\/uploads\/2016\/11\/Luxurycar.jpg","datePublished":"2020-07-24T09:20:18+00:00","dateModified":"2020-09-03T08:42:47+00:00","description":"Ofrecemos servicios privados en la Isla de Lanzarote: Traslado Aeropuerto Lanzarote, Disposiciones, Tours y excursiones con chofer\/gu\u00eda.","breadcrumb":{"@id":"https:\/\/tourtravelandmore.com\/es\/tours\/espana-es\/lanzarote-es\/traslado-aeropuerto-lanzarote\/#breadcrumb"},"inLanguage":"es","potentialAction":[{"@type":"ReadAction","target":["https:\/\/tourtravelandmore.com\/es\/tours\/espana-es\/lanzarote-es\/traslado-aeropuerto-lanzarote\/"]}]},{"@type":"ImageObject","inLanguage":"es","@id":"https:\/\/tourtravelandmore.com\/es\/tours\/espana-es\/lanzarote-es\/traslado-aeropuerto-lanzarote\/#primaryimage","url":"https:\/\/tourtravelandmore.com\/wp-content\/uploads\/2016\/11\/Luxurycar.jpg","contentUrl":"https:\/\/tourtravelandmore.com\/wp-content\/uploads\/2016\/11\/Luxurycar.jpg","width":800,"height":500},{"@type":"BreadcrumbList","@id":"https:\/\/tourtravelandmore.com\/es\/tours\/espana-es\/lanzarote-es\/traslado-aeropuerto-lanzarote\/#breadcrumb","itemListElement":[{"@type":"ListItem","position":1,"name":"Home","item":"https:\/\/tourtravelandmore.com\/es\/"},{"@type":"ListItem","position":2,"name":"Tours","item":"https:\/\/tourtravelandmore.com\/es\/tours\/"},{"@type":"ListItem","position":3,"name":"Traslados privados en Lanzarote"}]},{"@type":"WebSite","@id":"https:\/\/tourtravelandmore.com\/es\/#website","url":"https:\/\/tourtravelandmore.com\/es\/","name":"Tour Travel And More","description":"Private sightseeing tours and luxury transfers in Spain","publisher":{"@id":"https:\/\/tourtravelandmore.com\/es\/#organization"},"potentialAction":[{"@type":"SearchAction","target":{"@type":"EntryPoint","urlTemplate":"https:\/\/tourtravelandmore.com\/es\/?s={search_term_string}"},"query-input":{"@type":"PropertyValueSpecification","valueRequired":true,"valueName":"search_term_string"}}],"inLanguage":"es"},{"@type":"Organization","@id":"https:\/\/tourtravelandmore.com\/es\/#organization","name":"Tour Travel And More","url":"https:\/\/tourtravelandmore.com\/es\/","logo":{"@type":"ImageObject","inLanguage":"es","@id":"https:\/\/tourtravelandmore.com\/es\/#\/schema\/logo\/image\/","url":"https:\/\/tourtravelandmore.com\/wp-content\/uploads\/2022\/12\/cropped-logo-cabecera-new.png","contentUrl":"https:\/\/tourtravelandmore.com\/wp-content\/uploads\/2022\/12\/cropped-logo-cabecera-new.png","width":430,"height":61,"caption":"Tour Travel And More"},"image":{"@id":"https:\/\/tourtravelandmore.com\/es\/#\/schema\/logo\/image\/"},"sameAs":["https:\/\/www.facebook.com\/tourtravelandmore\/","https:\/\/x.com\/TourTravel_More"]}]}},"_links":{"self":[{"href":"https:\/\/tourtravelandmore.com\/es\/wp-json\/wp\/v2\/product\/81714","targetHints":{"allow":["GET"]}}],"collection":[{"href":"https:\/\/tourtravelandmore.com\/es\/wp-json\/wp\/v2\/product"}],"about":[{"href":"https:\/\/tourtravelandmore.com\/es\/wp-json\/wp\/v2\/types\/product"}],"replies":[{"embeddable":true,"href":"https:\/\/tourtravelandmore.com\/es\/wp-json\/wp\/v2\/comments?post=81714"}],"wp:featuredmedia":[{"embeddable":true,"href":"https:\/\/tourtravelandmore.com\/es\/wp-json\/wp\/v2\/media\/59261"}],"wp:attachment":[{"href":"https:\/\/tourtravelandmore.com\/es\/wp-json\/wp\/v2\/media?parent=81714"}],"wp:term":[{"taxonomy":"product_brand","embeddable":true,"href":"https:\/\/tourtravelandmore.com\/es\/wp-json\/wp\/v2\/product_brand?post=81714"},{"taxonomy":"product_cat","embeddable":true,"href":"https:\/\/tourtravelandmore.com\/es\/wp-json\/wp\/v2\/product_cat?post=81714"},{"taxonomy":"product_tag","embeddable":true,"href":"https:\/\/tourtravelandmore.com\/es\/wp-json\/wp\/v2\/product_tag?post=81714"}],"curies":[{"name":"wp","href":"https:\/\/api.w.org\/{rel}","templated":true}]}}