{"id":81674,"date":"2020-07-23T22:09:28","date_gmt":"2020-07-23T20:09:29","guid":{"rendered":"https:\/\/tourtravelandmore.com\/?post_type=product&#038;p=81674"},"modified":"2022-12-06T02:12:16","modified_gmt":"2022-12-06T01:12:16","slug":"tour-privado-de-puerto-mogan-y-inagua","status":"publish","type":"product","link":"https:\/\/tourtravelandmore.com\/es\/tours\/espana-es\/gran-canaria-es\/tour-privado-de-puerto-mogan-y-inagua\/","title":{"rendered":"Tour Puerto Mogan y Inagua &#8211; Tour Privado de dia completo"},"content":{"rendered":"<h2>Descripci\u00f3n del Tour Puerto Mogan y Inagua &#8211; Tour Privado de d\u00eda completo<\/h2>\n<p>Este tour de Puerto Mogan y Inagua es completamente privado<\/p>\n<p>Nuestro<strong> Chofer\/Gu\u00eda<\/strong> os recoger\u00e1 desde su Hotel o lugar de su elecci\u00f3n en Gran Canar\u00edas.<strong> Nuestro gu\u00eda es oficial<\/strong>, conoce perfectamente la isla. En todo momento estar\u00e1 con vosotros y os llevar\u00e1 con vuestro veh\u00edculo privado a conocer dos zonas muy famosas de la isla: <strong>Puerto Mogan y la reserva natural de Inagua.<\/strong><\/p>\n<p>La duraci\u00f3n del tour de Puerto Mogan y Inagua son 8 horas, podre\u00eds parar a comer a lo largo del tour.<\/p>\n<h2><strong>Puntos de inter\u00e9s en el Tour Puerto Mogan y Inagua &#8211; Tour Privado de d\u00eda completo<\/strong><\/h2>\n<p>El <strong>Puerto de Mog\u00e1n, <\/strong>es un barrio marinero que ha dado origen a una de las urbanizaciones m\u00e1s bellas de Canarias. Su muelle deportivo es un punto de encuentro de la n\u00e1utica internacional, dispone de 225 atraques, con un gran ambiente marinero, haciendo del Puerto de Mog\u00e1n, un sitio fabuloso.<\/p>\n<p>El puerto est\u00e1 situado en Mog\u00e1n, adem\u00e1s del puerto conoceremos el pueblo, un pueblo blanco precioso, se puede contemplar la <strong>Iglesia de San Antonio<\/strong>, levantada en 1814. En ella se puede admirar un bello artesonado de madera labrada, as\u00ed como las im\u00e1genes de San Antonio de Padua y de la Inmaculada Concepci\u00f3n.<\/p>\n<p>Despu\u00e9s conoceremos los alrededores de Mog\u00e1n, ya que alberga un entorno natural \u00fanico, conocido como el<strong> Macizo del Suroeste,<\/strong> es un espacio de gran inter\u00e9s geomorfol\u00f3gico y bot\u00e1nico, as\u00ed como de singulares valores paisaj\u00edsticos y arqueol\u00f3gicos.<\/p>\n<p>Por \u00faltimo nos dirigiremos a la <strong>reserva natural de Inagua.<\/strong> Constituyen uno de los pinares naturales mejor conservados de la isla. Tambi\u00e9n alberga varias cabeceras de barrancos importantes.<\/p>\n<p>Adem\u00e1s, hay varias playas que merecen la pena conocer, os recomendamos coger ba\u00f1ador para hacer un peque\u00f1o ba\u00f1o antes de volver a su hotel: <strong>La Playa de Patalavaca<\/strong>, <strong>la Playa de la Verga<\/strong>, <strong>La Playa de Puerto Rico<\/strong> y muchas m\u00e1s que veremos junto a nuestro chofer\/gu\u00eda.<\/p>\n<p>Si dispone de m\u00e1s d\u00edas puede consultar el resto de nuestros <a href=\"https:\/\/tourtravelandmore.com\/es\/ciudad\/espana-es\/gran-canaria-en\/\">tours privados en Gran Canarias<\/a>, ya que es necesario m\u00e1s de un d\u00eda para conocer bien la isla.<\/p>\n","protected":false},"excerpt":{"rendered":"<p>Aproveche la oportunidad de visitar el <strong>Puerto de Mog\u00e1n y la Reserva Natural de Inagua en Gran Canaria<\/strong> con este tour privado de d\u00eda completo. La recogida puede realizarse desde cualquier parte de la isla. Tendr\u00e1 un veh\u00edculo privado de lujo con conductor\/gu\u00eda a su completa disposici\u00f3n durante todo el recorrido. Conocer\u00e1s los maravillosos y \u00fanicos parajes del Puerto de Mog\u00e1n y la Reserva Natural.<\/p>\n","protected":false},"featured_media":81694,"comment_status":"open","ping_status":"closed","template":"","meta":{"_acf_changed":false},"product_brand":[],"product_cat":[1047,1048,1049,1050],"product_tag":[],"class_list":{"0":"post-81674","1":"product","2":"type-product","3":"status-publish","4":"has-post-thumbnail","6":"product_cat-gran-canaria-es","7":"product_cat-gran-canaria-actividades-es","8":"product_cat-gran-canaria-rutas-turisticas-privadas-es","9":"product_cat-gran-canaria-excursiones-privadas-cruceros-es","11":"first","12":"instock","13":"shipping-taxable","14":"purchasable","15":"product-type-simple"},"acf":[],"yoast_head":"<!-- This site is optimized with the Yoast SEO Premium plugin v25.3.1 (Yoast SEO v25.3.1) - https:\/\/yoast.com\/wordpress\/plugins\/seo\/ -->\n<title>\u27a1\ufe0f Tour de Puerto Mogan y Inagua | Tour Travel &amp; More<\/title>\n<meta name=\"description\" content=\"Conoce dos de las principales zonas de Gran Canarias, gracias a este tour de Puerto Mogan y Inagua, con su chofer\/guia privado \u2705\" \/>\n<meta name=\"robots\" content=\"index, follow, max-snippet:-1, max-image-preview:large, max-video-preview:-1\" \/>\n<link rel=\"canonical\" href=\"https:\/\/tourtravelandmore.com\/es\/tours\/espana-es\/gran-canaria-es\/tour-privado-de-puerto-mogan-y-inagua\/\" \/>\n<meta property=\"og:locale\" content=\"es_ES\" \/>\n<meta property=\"og:type\" content=\"article\" \/>\n<meta property=\"og:title\" content=\"Tour Puerto Mogan y Inagua - Tour Privado de dia completo\" \/>\n<meta property=\"og:description\" content=\"Conoce dos de las principales zonas de Gran Canarias, gracias a este tour de Puerto Mogan y Inagua, con su chofer\/guia privado \u2705\" \/>\n<meta property=\"og:url\" content=\"https:\/\/tourtravelandmore.com\/es\/tours\/espana-es\/gran-canaria-es\/tour-privado-de-puerto-mogan-y-inagua\/\" \/>\n<meta property=\"og:site_name\" content=\"Tour Travel And More\" \/>\n<meta property=\"article:publisher\" content=\"https:\/\/www.facebook.com\/tourtravelandmore\/\" \/>\n<meta property=\"article:modified_time\" content=\"2022-12-06T01:12:16+00:00\" \/>\n<meta property=\"og:image\" content=\"https:\/\/tourtravelandmore.com\/wp-content\/uploads\/2020\/07\/Gran-Canarias-3.jpg\" \/>\n\t<meta property=\"og:image:width\" content=\"2048\" \/>\n\t<meta property=\"og:image:height\" content=\"1536\" \/>\n\t<meta property=\"og:image:type\" content=\"image\/jpeg\" \/>\n<meta name=\"twitter:card\" content=\"summary_large_image\" \/>\n<meta name=\"twitter:site\" content=\"@TourTravel_More\" \/>\n<meta name=\"twitter:label1\" content=\"Tiempo de lectura\" \/>\n\t<meta name=\"twitter:data1\" content=\"2 minutos\" \/>\n<script type=\"application\/ld+json\" class=\"yoast-schema-graph\">{\"@context\":\"https:\/\/schema.org\",\"@graph\":[{\"@type\":\"WebPage\",\"@id\":\"https:\/\/tourtravelandmore.com\/es\/tours\/espana-es\/gran-canaria-es\/tour-privado-de-puerto-mogan-y-inagua\/\",\"url\":\"https:\/\/tourtravelandmore.com\/es\/tours\/espana-es\/gran-canaria-es\/tour-privado-de-puerto-mogan-y-inagua\/\",\"name\":\"\u27a1\ufe0f Tour de Puerto Mogan y Inagua | Tour Travel & More\",\"isPartOf\":{\"@id\":\"https:\/\/tourtravelandmore.com\/es\/#website\"},\"primaryImageOfPage\":{\"@id\":\"https:\/\/tourtravelandmore.com\/es\/tours\/espana-es\/gran-canaria-es\/tour-privado-de-puerto-mogan-y-inagua\/#primaryimage\"},\"image\":{\"@id\":\"https:\/\/tourtravelandmore.com\/es\/tours\/espana-es\/gran-canaria-es\/tour-privado-de-puerto-mogan-y-inagua\/#primaryimage\"},\"thumbnailUrl\":\"https:\/\/tourtravelandmore.com\/wp-content\/uploads\/2020\/07\/Gran-Canarias-3.jpg\",\"datePublished\":\"2020-07-23T20:09:29+00:00\",\"dateModified\":\"2022-12-06T01:12:16+00:00\",\"description\":\"Conoce dos de las principales zonas de Gran Canarias, gracias a este tour de Puerto Mogan y Inagua, con su chofer\/guia privado \u2705\",\"breadcrumb\":{\"@id\":\"https:\/\/tourtravelandmore.com\/es\/tours\/espana-es\/gran-canaria-es\/tour-privado-de-puerto-mogan-y-inagua\/#breadcrumb\"},\"inLanguage\":\"es\",\"potentialAction\":[{\"@type\":\"ReadAction\",\"target\":[\"https:\/\/tourtravelandmore.com\/es\/tours\/espana-es\/gran-canaria-es\/tour-privado-de-puerto-mogan-y-inagua\/\"]}]},{\"@type\":\"ImageObject\",\"inLanguage\":\"es\",\"@id\":\"https:\/\/tourtravelandmore.com\/es\/tours\/espana-es\/gran-canaria-es\/tour-privado-de-puerto-mogan-y-inagua\/#primaryimage\",\"url\":\"https:\/\/tourtravelandmore.com\/wp-content\/uploads\/2020\/07\/Gran-Canarias-3.jpg\",\"contentUrl\":\"https:\/\/tourtravelandmore.com\/wp-content\/uploads\/2020\/07\/Gran-Canarias-3.jpg\",\"width\":2048,\"height\":1536,\"caption\":\"Exif JPEG\"},{\"@type\":\"BreadcrumbList\",\"@id\":\"https:\/\/tourtravelandmore.com\/es\/tours\/espana-es\/gran-canaria-es\/tour-privado-de-puerto-mogan-y-inagua\/#breadcrumb\",\"itemListElement\":[{\"@type\":\"ListItem\",\"position\":1,\"name\":\"Home\",\"item\":\"https:\/\/tourtravelandmore.com\/es\/\"},{\"@type\":\"ListItem\",\"position\":2,\"name\":\"Tours\",\"item\":\"https:\/\/tourtravelandmore.com\/es\/tours\/\"},{\"@type\":\"ListItem\",\"position\":3,\"name\":\"Tour Puerto Mogan y Inagua &#8211; Tour Privado de dia completo\"}]},{\"@type\":\"WebSite\",\"@id\":\"https:\/\/tourtravelandmore.com\/es\/#website\",\"url\":\"https:\/\/tourtravelandmore.com\/es\/\",\"name\":\"Tour Travel And More\",\"description\":\"Private sightseeing tours and luxury transfers in Spain\",\"publisher\":{\"@id\":\"https:\/\/tourtravelandmore.com\/es\/#organization\"},\"potentialAction\":[{\"@type\":\"SearchAction\",\"target\":{\"@type\":\"EntryPoint\",\"urlTemplate\":\"https:\/\/tourtravelandmore.com\/es\/?s={search_term_string}\"},\"query-input\":{\"@type\":\"PropertyValueSpecification\",\"valueRequired\":true,\"valueName\":\"search_term_string\"}}],\"inLanguage\":\"es\"},{\"@type\":\"Organization\",\"@id\":\"https:\/\/tourtravelandmore.com\/es\/#organization\",\"name\":\"Tour Travel And More\",\"url\":\"https:\/\/tourtravelandmore.com\/es\/\",\"logo\":{\"@type\":\"ImageObject\",\"inLanguage\":\"es\",\"@id\":\"https:\/\/tourtravelandmore.com\/es\/#\/schema\/logo\/image\/\",\"url\":\"https:\/\/tourtravelandmore.com\/wp-content\/uploads\/2022\/12\/cropped-logo-cabecera-new.png\",\"contentUrl\":\"https:\/\/tourtravelandmore.com\/wp-content\/uploads\/2022\/12\/cropped-logo-cabecera-new.png\",\"width\":430,\"height\":61,\"caption\":\"Tour Travel And More\"},\"image\":{\"@id\":\"https:\/\/tourtravelandmore.com\/es\/#\/schema\/logo\/image\/\"},\"sameAs\":[\"https:\/\/www.facebook.com\/tourtravelandmore\/\",\"https:\/\/x.com\/TourTravel_More\"]}]}<\/script>\n<!-- \/ Yoast SEO Premium plugin. -->","yoast_head_json":{"title":"\u27a1\ufe0f Tour de Puerto Mogan y Inagua | Tour Travel & More","description":"Conoce dos de las principales zonas de Gran Canarias, gracias a este tour de Puerto Mogan y Inagua, con su chofer\/guia privado \u2705","robots":{"index":"index","follow":"follow","max-snippet":"max-snippet:-1","max-image-preview":"max-image-preview:large","max-video-preview":"max-video-preview:-1"},"canonical":"https:\/\/tourtravelandmore.com\/es\/tours\/espana-es\/gran-canaria-es\/tour-privado-de-puerto-mogan-y-inagua\/","og_locale":"es_ES","og_type":"article","og_title":"Tour Puerto Mogan y Inagua - Tour Privado de dia completo","og_description":"Conoce dos de las principales zonas de Gran Canarias, gracias a este tour de Puerto Mogan y Inagua, con su chofer\/guia privado \u2705","og_url":"https:\/\/tourtravelandmore.com\/es\/tours\/espana-es\/gran-canaria-es\/tour-privado-de-puerto-mogan-y-inagua\/","og_site_name":"Tour Travel And More","article_publisher":"https:\/\/www.facebook.com\/tourtravelandmore\/","article_modified_time":"2022-12-06T01:12:16+00:00","og_image":[{"width":2048,"height":1536,"url":"https:\/\/tourtravelandmore.com\/wp-content\/uploads\/2020\/07\/Gran-Canarias-3.jpg","type":"image\/jpeg"}],"twitter_card":"summary_large_image","twitter_site":"@TourTravel_More","twitter_misc":{"Tiempo de lectura":"2 minutos"},"schema":{"@context":"https:\/\/schema.org","@graph":[{"@type":"WebPage","@id":"https:\/\/tourtravelandmore.com\/es\/tours\/espana-es\/gran-canaria-es\/tour-privado-de-puerto-mogan-y-inagua\/","url":"https:\/\/tourtravelandmore.com\/es\/tours\/espana-es\/gran-canaria-es\/tour-privado-de-puerto-mogan-y-inagua\/","name":"\u27a1\ufe0f Tour de Puerto Mogan y Inagua | Tour Travel & More","isPartOf":{"@id":"https:\/\/tourtravelandmore.com\/es\/#website"},"primaryImageOfPage":{"@id":"https:\/\/tourtravelandmore.com\/es\/tours\/espana-es\/gran-canaria-es\/tour-privado-de-puerto-mogan-y-inagua\/#primaryimage"},"image":{"@id":"https:\/\/tourtravelandmore.com\/es\/tours\/espana-es\/gran-canaria-es\/tour-privado-de-puerto-mogan-y-inagua\/#primaryimage"},"thumbnailUrl":"https:\/\/tourtravelandmore.com\/wp-content\/uploads\/2020\/07\/Gran-Canarias-3.jpg","datePublished":"2020-07-23T20:09:29+00:00","dateModified":"2022-12-06T01:12:16+00:00","description":"Conoce dos de las principales zonas de Gran Canarias, gracias a este tour de Puerto Mogan y Inagua, con su chofer\/guia privado \u2705","breadcrumb":{"@id":"https:\/\/tourtravelandmore.com\/es\/tours\/espana-es\/gran-canaria-es\/tour-privado-de-puerto-mogan-y-inagua\/#breadcrumb"},"inLanguage":"es","potentialAction":[{"@type":"ReadAction","target":["https:\/\/tourtravelandmore.com\/es\/tours\/espana-es\/gran-canaria-es\/tour-privado-de-puerto-mogan-y-inagua\/"]}]},{"@type":"ImageObject","inLanguage":"es","@id":"https:\/\/tourtravelandmore.com\/es\/tours\/espana-es\/gran-canaria-es\/tour-privado-de-puerto-mogan-y-inagua\/#primaryimage","url":"https:\/\/tourtravelandmore.com\/wp-content\/uploads\/2020\/07\/Gran-Canarias-3.jpg","contentUrl":"https:\/\/tourtravelandmore.com\/wp-content\/uploads\/2020\/07\/Gran-Canarias-3.jpg","width":2048,"height":1536,"caption":"Exif JPEG"},{"@type":"BreadcrumbList","@id":"https:\/\/tourtravelandmore.com\/es\/tours\/espana-es\/gran-canaria-es\/tour-privado-de-puerto-mogan-y-inagua\/#breadcrumb","itemListElement":[{"@type":"ListItem","position":1,"name":"Home","item":"https:\/\/tourtravelandmore.com\/es\/"},{"@type":"ListItem","position":2,"name":"Tours","item":"https:\/\/tourtravelandmore.com\/es\/tours\/"},{"@type":"ListItem","position":3,"name":"Tour Puerto Mogan y Inagua &#8211; Tour Privado de dia completo"}]},{"@type":"WebSite","@id":"https:\/\/tourtravelandmore.com\/es\/#website","url":"https:\/\/tourtravelandmore.com\/es\/","name":"Tour Travel And More","description":"Private sightseeing tours and luxury transfers in Spain","publisher":{"@id":"https:\/\/tourtravelandmore.com\/es\/#organization"},"potentialAction":[{"@type":"SearchAction","target":{"@type":"EntryPoint","urlTemplate":"https:\/\/tourtravelandmore.com\/es\/?s={search_term_string}"},"query-input":{"@type":"PropertyValueSpecification","valueRequired":true,"valueName":"search_term_string"}}],"inLanguage":"es"},{"@type":"Organization","@id":"https:\/\/tourtravelandmore.com\/es\/#organization","name":"Tour Travel And More","url":"https:\/\/tourtravelandmore.com\/es\/","logo":{"@type":"ImageObject","inLanguage":"es","@id":"https:\/\/tourtravelandmore.com\/es\/#\/schema\/logo\/image\/","url":"https:\/\/tourtravelandmore.com\/wp-content\/uploads\/2022\/12\/cropped-logo-cabecera-new.png","contentUrl":"https:\/\/tourtravelandmore.com\/wp-content\/uploads\/2022\/12\/cropped-logo-cabecera-new.png","width":430,"height":61,"caption":"Tour Travel And More"},"image":{"@id":"https:\/\/tourtravelandmore.com\/es\/#\/schema\/logo\/image\/"},"sameAs":["https:\/\/www.facebook.com\/tourtravelandmore\/","https:\/\/x.com\/TourTravel_More"]}]}},"_links":{"self":[{"href":"https:\/\/tourtravelandmore.com\/es\/wp-json\/wp\/v2\/product\/81674","targetHints":{"allow":["GET"]}}],"collection":[{"href":"https:\/\/tourtravelandmore.com\/es\/wp-json\/wp\/v2\/product"}],"about":[{"href":"https:\/\/tourtravelandmore.com\/es\/wp-json\/wp\/v2\/types\/product"}],"replies":[{"embeddable":true,"href":"https:\/\/tourtravelandmore.com\/es\/wp-json\/wp\/v2\/comments?post=81674"}],"wp:featuredmedia":[{"embeddable":true,"href":"https:\/\/tourtravelandmore.com\/es\/wp-json\/wp\/v2\/media\/81694"}],"wp:attachment":[{"href":"https:\/\/tourtravelandmore.com\/es\/wp-json\/wp\/v2\/media?parent=81674"}],"wp:term":[{"taxonomy":"product_brand","embeddable":true,"href":"https:\/\/tourtravelandmore.com\/es\/wp-json\/wp\/v2\/product_brand?post=81674"},{"taxonomy":"product_cat","embeddable":true,"href":"https:\/\/tourtravelandmore.com\/es\/wp-json\/wp\/v2\/product_cat?post=81674"},{"taxonomy":"product_tag","embeddable":true,"href":"https:\/\/tourtravelandmore.com\/es\/wp-json\/wp\/v2\/product_tag?post=81674"}],"curies":[{"name":"wp","href":"https:\/\/api.w.org\/{rel}","templated":true}]}}