{"id":81664,"date":"2020-07-23T21:59:44","date_gmt":"2020-07-23T19:59:45","guid":{"rendered":"https:\/\/tourtravelandmore.com\/?post_type=product&#038;p=81664"},"modified":"2022-12-06T02:18:33","modified_gmt":"2022-12-06T01:18:33","slug":"traslado-privado-gran-canarias","status":"publish","type":"product","link":"https:\/\/tourtravelandmore.com\/es\/tours\/espana-es\/gran-canaria-es\/traslado-privado-gran-canarias\/","title":{"rendered":"Traslados privados en Gran Canarias"},"content":{"rendered":"<h2><strong>Descripci\u00f3n de los Traslados\u00a0privados en Gran Canarias<\/strong><\/h2>\n<p>Ofrecemos <strong>Traslado privado en Gran Canarias<\/strong>, desde el <strong>Aeropuerto, Terminal de cruceros, Hotel o su apartamento.<\/strong><\/p>\n<p>Nuestro conductor le recoger\u00e1 y le llevar\u00e1 a un lugar de su elecci\u00f3n.<\/p>\n<p>Siempre que su origen sea el Aeropuerto o Terminal de Cruceros, llevar\u00e1 un cartel con su nombre y os ayudar\u00e1 con las maletas.<\/p>\n<p>Operamos en todas Gran Canaria, si adem\u00e1s de un Traslado privado en Gran Canarias, desea una disposici\u00f3n con conductor para ir a conocer la Isla o un Tour con un gu\u00eda oficial, puede consultar nuestros listados<a href=\"https:\/\/tourtravelandmore.com\/es\/ciudad\/espana-es\/gran-canaria-es\/\">\u00a0de tours privados de Gran Canaria<\/a>.<\/p>\n<p>El Traslado privado en Gran Canarias son siempre privados, y pueden escoger el sitio de recogida y la hora.<\/p>\n<p>Es muy importante informar correctamente del equipaje para que podamos enviar un veh\u00edculo acorde al n\u00famero de maletas por pasajero.<\/p>\n<p>En todas nuestros Traslados en Gran Canarias, hay que informar del n\u00famero de vuelo, para calcular bien las distancias, ya que depende del lugar en que se aloje en la isla.<\/p>\n<p>A trav\u00e9s del formulario de contacto, nos puede realizar la petici\u00f3n y nuestro equipo r\u00e1pidamente le enviar\u00e1 la informaci\u00f3n detallada.<\/p>\n<h2><strong>Puntos de inter\u00e9s en los Traslados\u00a0privados en Gran Canarias<\/strong><\/h2>\n<p>Gran Canarias es conocida por sus playas de arena blanca y de lava negra. Al sur, destacan las bulliciosas playas del Ingl\u00e9s y de Puerto Rico, adem\u00e1s de las playas m\u00e1s tranquilas de Puerto de Mog\u00e1n y San Agust\u00edn. Al norte, la ciudad capitalina de Las Palmas es una parada principal para los cruceros y una zona de compras sin impuestos<\/p>\n","protected":false},"excerpt":{"rendered":"<p>Aproveche esta oportunidad para <strong>llegar a su destino final en Gran Canaria<\/strong>\u00a0de la manera m\u00e1s c\u00f3moda y r\u00e1pida posible.<br \/>\nOrganizamos recogidas desde su hotel, aeropuerto, puerto de cruceros o cualquier lugar de <strong>Gran Canaria<\/strong>. Solo tiene que informarnos el lugar de recogida y devoluci\u00f3n y organizaremos todo para usted.<\/p>\n","protected":false},"featured_media":59354,"comment_status":"open","ping_status":"closed","template":"","meta":{"_acf_changed":false},"product_brand":[],"product_cat":[1047,1048],"product_tag":[],"class_list":{"0":"post-81664","1":"product","2":"type-product","3":"status-publish","4":"has-post-thumbnail","6":"product_cat-gran-canaria-es","7":"product_cat-gran-canaria-actividades-es","9":"first","10":"instock","11":"shipping-taxable","12":"purchasable","13":"product-type-simple"},"acf":[],"yoast_head":"<!-- This site is optimized with the Yoast SEO Premium plugin v25.3.1 (Yoast SEO v25.3.1) - https:\/\/yoast.com\/wordpress\/plugins\/seo\/ -->\n<title>\u27a1\ufe0f Traslado privado Gran Canarias | Tour Travel &amp; More<\/title>\n<meta name=\"description\" content=\"Llega a su Hote, gracias a este Traslado privado en Gran Canarias. Evita esperas, colas y llega r\u00e1pidamente para aprovechar el m\u00e1ximo posible \u2705\" \/>\n<meta name=\"robots\" content=\"index, follow, max-snippet:-1, max-image-preview:large, max-video-preview:-1\" \/>\n<link rel=\"canonical\" href=\"https:\/\/tourtravelandmore.com\/es\/tours\/espana-es\/gran-canaria-es\/traslado-privado-gran-canarias\/\" \/>\n<meta property=\"og:locale\" content=\"es_ES\" \/>\n<meta property=\"og:type\" content=\"article\" \/>\n<meta property=\"og:title\" content=\"Traslados privados en Gran Canarias\" \/>\n<meta property=\"og:description\" content=\"Llega a su Hote, gracias a este Traslado privado en Gran Canarias. Evita esperas, colas y llega r\u00e1pidamente para aprovechar el m\u00e1ximo posible \u2705\" \/>\n<meta property=\"og:url\" content=\"https:\/\/tourtravelandmore.com\/es\/tours\/espana-es\/gran-canaria-es\/traslado-privado-gran-canarias\/\" \/>\n<meta property=\"og:site_name\" content=\"Tour Travel And More\" \/>\n<meta property=\"article:publisher\" content=\"https:\/\/www.facebook.com\/tourtravelandmore\/\" \/>\n<meta property=\"article:modified_time\" content=\"2022-12-06T01:18:33+00:00\" \/>\n<meta property=\"og:image\" content=\"https:\/\/tourtravelandmore.com\/wp-content\/uploads\/2016\/11\/Luxurycar-1.jpg\" \/>\n\t<meta property=\"og:image:width\" content=\"800\" \/>\n\t<meta property=\"og:image:height\" content=\"500\" \/>\n\t<meta property=\"og:image:type\" content=\"image\/jpeg\" \/>\n<meta name=\"twitter:card\" content=\"summary_large_image\" \/>\n<meta name=\"twitter:site\" content=\"@TourTravel_More\" \/>\n<meta name=\"twitter:label1\" content=\"Tiempo de lectura\" \/>\n\t<meta name=\"twitter:data1\" content=\"1 minuto\" \/>\n<script type=\"application\/ld+json\" class=\"yoast-schema-graph\">{\"@context\":\"https:\/\/schema.org\",\"@graph\":[{\"@type\":\"WebPage\",\"@id\":\"https:\/\/tourtravelandmore.com\/es\/tours\/espana-es\/gran-canaria-es\/traslado-privado-gran-canarias\/\",\"url\":\"https:\/\/tourtravelandmore.com\/es\/tours\/espana-es\/gran-canaria-es\/traslado-privado-gran-canarias\/\",\"name\":\"\u27a1\ufe0f Traslado privado Gran Canarias | Tour Travel & More\",\"isPartOf\":{\"@id\":\"https:\/\/tourtravelandmore.com\/es\/#website\"},\"primaryImageOfPage\":{\"@id\":\"https:\/\/tourtravelandmore.com\/es\/tours\/espana-es\/gran-canaria-es\/traslado-privado-gran-canarias\/#primaryimage\"},\"image\":{\"@id\":\"https:\/\/tourtravelandmore.com\/es\/tours\/espana-es\/gran-canaria-es\/traslado-privado-gran-canarias\/#primaryimage\"},\"thumbnailUrl\":\"https:\/\/tourtravelandmore.com\/wp-content\/uploads\/2016\/11\/Luxurycar-1.jpg\",\"datePublished\":\"2020-07-23T19:59:45+00:00\",\"dateModified\":\"2022-12-06T01:18:33+00:00\",\"description\":\"Llega a su Hote, gracias a este Traslado privado en Gran Canarias. Evita esperas, colas y llega r\u00e1pidamente para aprovechar el m\u00e1ximo posible \u2705\",\"breadcrumb\":{\"@id\":\"https:\/\/tourtravelandmore.com\/es\/tours\/espana-es\/gran-canaria-es\/traslado-privado-gran-canarias\/#breadcrumb\"},\"inLanguage\":\"es\",\"potentialAction\":[{\"@type\":\"ReadAction\",\"target\":[\"https:\/\/tourtravelandmore.com\/es\/tours\/espana-es\/gran-canaria-es\/traslado-privado-gran-canarias\/\"]}]},{\"@type\":\"ImageObject\",\"inLanguage\":\"es\",\"@id\":\"https:\/\/tourtravelandmore.com\/es\/tours\/espana-es\/gran-canaria-es\/traslado-privado-gran-canarias\/#primaryimage\",\"url\":\"https:\/\/tourtravelandmore.com\/wp-content\/uploads\/2016\/11\/Luxurycar-1.jpg\",\"contentUrl\":\"https:\/\/tourtravelandmore.com\/wp-content\/uploads\/2016\/11\/Luxurycar-1.jpg\",\"width\":800,\"height\":500},{\"@type\":\"BreadcrumbList\",\"@id\":\"https:\/\/tourtravelandmore.com\/es\/tours\/espana-es\/gran-canaria-es\/traslado-privado-gran-canarias\/#breadcrumb\",\"itemListElement\":[{\"@type\":\"ListItem\",\"position\":1,\"name\":\"Home\",\"item\":\"https:\/\/tourtravelandmore.com\/es\/\"},{\"@type\":\"ListItem\",\"position\":2,\"name\":\"Tours\",\"item\":\"https:\/\/tourtravelandmore.com\/es\/tours\/\"},{\"@type\":\"ListItem\",\"position\":3,\"name\":\"Traslados privados en Gran Canarias\"}]},{\"@type\":\"WebSite\",\"@id\":\"https:\/\/tourtravelandmore.com\/es\/#website\",\"url\":\"https:\/\/tourtravelandmore.com\/es\/\",\"name\":\"Tour Travel And More\",\"description\":\"Private sightseeing tours and luxury transfers in Spain\",\"publisher\":{\"@id\":\"https:\/\/tourtravelandmore.com\/es\/#organization\"},\"potentialAction\":[{\"@type\":\"SearchAction\",\"target\":{\"@type\":\"EntryPoint\",\"urlTemplate\":\"https:\/\/tourtravelandmore.com\/es\/?s={search_term_string}\"},\"query-input\":{\"@type\":\"PropertyValueSpecification\",\"valueRequired\":true,\"valueName\":\"search_term_string\"}}],\"inLanguage\":\"es\"},{\"@type\":\"Organization\",\"@id\":\"https:\/\/tourtravelandmore.com\/es\/#organization\",\"name\":\"Tour Travel And More\",\"url\":\"https:\/\/tourtravelandmore.com\/es\/\",\"logo\":{\"@type\":\"ImageObject\",\"inLanguage\":\"es\",\"@id\":\"https:\/\/tourtravelandmore.com\/es\/#\/schema\/logo\/image\/\",\"url\":\"https:\/\/tourtravelandmore.com\/wp-content\/uploads\/2022\/12\/cropped-logo-cabecera-new.png\",\"contentUrl\":\"https:\/\/tourtravelandmore.com\/wp-content\/uploads\/2022\/12\/cropped-logo-cabecera-new.png\",\"width\":430,\"height\":61,\"caption\":\"Tour Travel And More\"},\"image\":{\"@id\":\"https:\/\/tourtravelandmore.com\/es\/#\/schema\/logo\/image\/\"},\"sameAs\":[\"https:\/\/www.facebook.com\/tourtravelandmore\/\",\"https:\/\/x.com\/TourTravel_More\"]}]}<\/script>\n<!-- \/ Yoast SEO Premium plugin. -->","yoast_head_json":{"title":"\u27a1\ufe0f Traslado privado Gran Canarias | Tour Travel & More","description":"Llega a su Hote, gracias a este Traslado privado en Gran Canarias. Evita esperas, colas y llega r\u00e1pidamente para aprovechar el m\u00e1ximo posible \u2705","robots":{"index":"index","follow":"follow","max-snippet":"max-snippet:-1","max-image-preview":"max-image-preview:large","max-video-preview":"max-video-preview:-1"},"canonical":"https:\/\/tourtravelandmore.com\/es\/tours\/espana-es\/gran-canaria-es\/traslado-privado-gran-canarias\/","og_locale":"es_ES","og_type":"article","og_title":"Traslados privados en Gran Canarias","og_description":"Llega a su Hote, gracias a este Traslado privado en Gran Canarias. Evita esperas, colas y llega r\u00e1pidamente para aprovechar el m\u00e1ximo posible \u2705","og_url":"https:\/\/tourtravelandmore.com\/es\/tours\/espana-es\/gran-canaria-es\/traslado-privado-gran-canarias\/","og_site_name":"Tour Travel And More","article_publisher":"https:\/\/www.facebook.com\/tourtravelandmore\/","article_modified_time":"2022-12-06T01:18:33+00:00","og_image":[{"width":800,"height":500,"url":"https:\/\/tourtravelandmore.com\/wp-content\/uploads\/2016\/11\/Luxurycar-1.jpg","type":"image\/jpeg"}],"twitter_card":"summary_large_image","twitter_site":"@TourTravel_More","twitter_misc":{"Tiempo de lectura":"1 minuto"},"schema":{"@context":"https:\/\/schema.org","@graph":[{"@type":"WebPage","@id":"https:\/\/tourtravelandmore.com\/es\/tours\/espana-es\/gran-canaria-es\/traslado-privado-gran-canarias\/","url":"https:\/\/tourtravelandmore.com\/es\/tours\/espana-es\/gran-canaria-es\/traslado-privado-gran-canarias\/","name":"\u27a1\ufe0f Traslado privado Gran Canarias | Tour Travel & More","isPartOf":{"@id":"https:\/\/tourtravelandmore.com\/es\/#website"},"primaryImageOfPage":{"@id":"https:\/\/tourtravelandmore.com\/es\/tours\/espana-es\/gran-canaria-es\/traslado-privado-gran-canarias\/#primaryimage"},"image":{"@id":"https:\/\/tourtravelandmore.com\/es\/tours\/espana-es\/gran-canaria-es\/traslado-privado-gran-canarias\/#primaryimage"},"thumbnailUrl":"https:\/\/tourtravelandmore.com\/wp-content\/uploads\/2016\/11\/Luxurycar-1.jpg","datePublished":"2020-07-23T19:59:45+00:00","dateModified":"2022-12-06T01:18:33+00:00","description":"Llega a su Hote, gracias a este Traslado privado en Gran Canarias. Evita esperas, colas y llega r\u00e1pidamente para aprovechar el m\u00e1ximo posible \u2705","breadcrumb":{"@id":"https:\/\/tourtravelandmore.com\/es\/tours\/espana-es\/gran-canaria-es\/traslado-privado-gran-canarias\/#breadcrumb"},"inLanguage":"es","potentialAction":[{"@type":"ReadAction","target":["https:\/\/tourtravelandmore.com\/es\/tours\/espana-es\/gran-canaria-es\/traslado-privado-gran-canarias\/"]}]},{"@type":"ImageObject","inLanguage":"es","@id":"https:\/\/tourtravelandmore.com\/es\/tours\/espana-es\/gran-canaria-es\/traslado-privado-gran-canarias\/#primaryimage","url":"https:\/\/tourtravelandmore.com\/wp-content\/uploads\/2016\/11\/Luxurycar-1.jpg","contentUrl":"https:\/\/tourtravelandmore.com\/wp-content\/uploads\/2016\/11\/Luxurycar-1.jpg","width":800,"height":500},{"@type":"BreadcrumbList","@id":"https:\/\/tourtravelandmore.com\/es\/tours\/espana-es\/gran-canaria-es\/traslado-privado-gran-canarias\/#breadcrumb","itemListElement":[{"@type":"ListItem","position":1,"name":"Home","item":"https:\/\/tourtravelandmore.com\/es\/"},{"@type":"ListItem","position":2,"name":"Tours","item":"https:\/\/tourtravelandmore.com\/es\/tours\/"},{"@type":"ListItem","position":3,"name":"Traslados privados en Gran Canarias"}]},{"@type":"WebSite","@id":"https:\/\/tourtravelandmore.com\/es\/#website","url":"https:\/\/tourtravelandmore.com\/es\/","name":"Tour Travel And More","description":"Private sightseeing tours and luxury transfers in Spain","publisher":{"@id":"https:\/\/tourtravelandmore.com\/es\/#organization"},"potentialAction":[{"@type":"SearchAction","target":{"@type":"EntryPoint","urlTemplate":"https:\/\/tourtravelandmore.com\/es\/?s={search_term_string}"},"query-input":{"@type":"PropertyValueSpecification","valueRequired":true,"valueName":"search_term_string"}}],"inLanguage":"es"},{"@type":"Organization","@id":"https:\/\/tourtravelandmore.com\/es\/#organization","name":"Tour Travel And More","url":"https:\/\/tourtravelandmore.com\/es\/","logo":{"@type":"ImageObject","inLanguage":"es","@id":"https:\/\/tourtravelandmore.com\/es\/#\/schema\/logo\/image\/","url":"https:\/\/tourtravelandmore.com\/wp-content\/uploads\/2022\/12\/cropped-logo-cabecera-new.png","contentUrl":"https:\/\/tourtravelandmore.com\/wp-content\/uploads\/2022\/12\/cropped-logo-cabecera-new.png","width":430,"height":61,"caption":"Tour Travel And More"},"image":{"@id":"https:\/\/tourtravelandmore.com\/es\/#\/schema\/logo\/image\/"},"sameAs":["https:\/\/www.facebook.com\/tourtravelandmore\/","https:\/\/x.com\/TourTravel_More"]}]}},"_links":{"self":[{"href":"https:\/\/tourtravelandmore.com\/es\/wp-json\/wp\/v2\/product\/81664","targetHints":{"allow":["GET"]}}],"collection":[{"href":"https:\/\/tourtravelandmore.com\/es\/wp-json\/wp\/v2\/product"}],"about":[{"href":"https:\/\/tourtravelandmore.com\/es\/wp-json\/wp\/v2\/types\/product"}],"replies":[{"embeddable":true,"href":"https:\/\/tourtravelandmore.com\/es\/wp-json\/wp\/v2\/comments?post=81664"}],"wp:featuredmedia":[{"embeddable":true,"href":"https:\/\/tourtravelandmore.com\/es\/wp-json\/wp\/v2\/media\/59354"}],"wp:attachment":[{"href":"https:\/\/tourtravelandmore.com\/es\/wp-json\/wp\/v2\/media?parent=81664"}],"wp:term":[{"taxonomy":"product_brand","embeddable":true,"href":"https:\/\/tourtravelandmore.com\/es\/wp-json\/wp\/v2\/product_brand?post=81664"},{"taxonomy":"product_cat","embeddable":true,"href":"https:\/\/tourtravelandmore.com\/es\/wp-json\/wp\/v2\/product_cat?post=81664"},{"taxonomy":"product_tag","embeddable":true,"href":"https:\/\/tourtravelandmore.com\/es\/wp-json\/wp\/v2\/product_tag?post=81664"}],"curies":[{"name":"wp","href":"https:\/\/api.w.org\/{rel}","templated":true}]}}