{"id":81648,"date":"2020-07-23T20:56:41","date_gmt":"2020-07-23T18:56:41","guid":{"rendered":"https:\/\/tourtravelandmore.com\/?post_type=product&#038;p=81648"},"modified":"2022-12-06T02:16:09","modified_gmt":"2022-12-06T01:16:09","slug":"tour-las-palmas-de-gran-canarias-tour-privado","status":"publish","type":"product","link":"https:\/\/tourtravelandmore.com\/es\/tours\/espana-es\/gran-canaria-es\/tour-las-palmas-de-gran-canarias-tour-privado\/","title":{"rendered":"Tour Privado a pie de Las Palmas de Gran Canarias"},"content":{"rendered":"<h2>Descripci\u00f3n del Tour Privado a pie de Las Palmas de Gran Canarias<\/h2>\n<p>Disfruta de este Tour Las palmas de Gran Canaria, junto a su gu\u00eda privado. El Tour es un recorrido a pie en el centro de Las Palmas, junto a su gu\u00eda oficial.<\/p>\n<p>Si se encuentra fuera de las Palmas, podemos organizar la recogida y devoluci\u00f3n desde su Hotel. El mismo gu\u00eda es chofer\/gu\u00eda.<\/p>\n<p>La duraci\u00f3n del Tour Las Palmas de Gran Canaria es de 3 horas.<\/p>\n<p>Al ser un tour privado, pod\u00e9is escoger la hora de comienzo.<\/p>\n<h2>Puntos de Inter\u00e9s en el Tour Privado a pie de Las Palmas de Gran Canarias<\/h2>\n<p><span class=\"cb-itemprop\"><strong>Las Palmas es <\/strong><strong>una ciudad espectacular<\/strong>, donde lo antiguo se mezcla con lo moderno. <strong>Una ciudad llena de luz y color<\/strong>. Muchas veces nos dedicamos a conocer los alrededores de la isla y sus fabulosas playas, pero Las Palmas, es una ciudad con mucho encanto.<br \/>\n<\/span><\/p>\n<p>A lo largo del recorrido a pie, conoceremos la Historia y los principales monumentos de la ciudad:<\/p>\n<p><strong>Catedral de Santa Ana:<\/strong> La Catedral de las Palmas, nunca llego a terminarse, es una mezcla de varios estilos: G\u00f3tico,<span class=\"cb-itemprop\">\u00a0tard\u00edo, Barroco y Neocl\u00e1sico. <\/span><\/p>\n<p><strong><span id=\"2-_Que_ver_en_Las_Palmas_de_Gran_Canaria_Vegueta\">Vegueta: <\/span><\/strong><span id=\"2-_Que_ver_en_Las_Palmas_de_Gran_Canaria_Vegueta\">Es un barrio colonial y uno del m\u00e1s bonito de la ciudad, conocerlo nos permite entender la Historia de la ciudad, por sus lazos coloniales.<br \/>\n<\/span><\/p>\n<p><strong><span id=\"3-_Visitar_la_Plaza_de_San_Antonio_Abad\">Plaza de San Antonio Abad: <\/span><\/strong><span id=\"3-_Visitar_la_Plaza_de_San_Antonio_Abad\">Punto d\u00f3nde se fundi\u00f3 la ciudad y se empez\u00f3 a construir.<br \/>\n<\/span><\/p>\n<p><strong>Museo de Gald\u00f3s: <\/strong>La entrada es opcional. <span class=\"cb-itemprop\">Emplazado en una casa t\u00edpica canaria donde el autor pas\u00f3 su juventud y ni\u00f1ez.<\/span><\/p>\n<p>Por \u00faltimo terminaremos el recorrido privado del centro tomando una tapas t\u00edpicas de la ciudad en <strong><span id=\"5-_Tomar_unas_tapas_en_la_Calle_Mendizabal\">la Calle Mendiz\u00e1bal. <\/span><\/strong><span id=\"5-_Tomar_unas_tapas_en_la_Calle_Mendizabal\">Es una de las calles con m\u00e1s ambiente de la ciudad, d\u00f3nde hay n\u00fameros, bares y restaurantes, para poder sentarnos, tomar algo r\u00e1pido y despedirnos de nuestro gu\u00eda privado oficial.<br \/>\n<\/span><\/p>\n<p>Si va dispone de m\u00e1s d\u00edas en la Isla puede consultar nuestro listado de<a href=\"https:\/\/tourtravelandmore.com\/es\/ciudad\/espana-es\/gran-canaria-es\/\"> tours privados de Gran Canar\u00edas.<\/a><\/p>\n<p>Puede contactar a trav\u00e9s del formulario de contacto de tour y nuestro equipo le enviar\u00e1 la informaci\u00f3n detallada.<\/p>\n","protected":false},"excerpt":{"rendered":"<p>Disfrute de este <strong>tour privado a pie completamente personalizado por Las Palma<\/strong>s, la principal ciudad de Gran Canaria. Conozca los sitios m\u00e1s bellos de la isla y su ciudad principal con su gu\u00eda tur\u00edstico oficial. Aproveche esta oportunidad para conocer <strong>Gran Canaria<\/strong> en esta experiencia a tu propio ritmo y visita los lugares m\u00e1s incre\u00edbles. Personalice su propia experiencia con nosotros.<\/p>\n","protected":false},"featured_media":31261,"comment_status":"open","ping_status":"closed","template":"","meta":{"_acf_changed":false},"product_brand":[],"product_cat":[1047,1048,1049,1050],"product_tag":[],"class_list":{"0":"post-81648","1":"product","2":"type-product","3":"status-publish","4":"has-post-thumbnail","6":"product_cat-gran-canaria-es","7":"product_cat-gran-canaria-actividades-es","8":"product_cat-gran-canaria-rutas-turisticas-privadas-es","9":"product_cat-gran-canaria-excursiones-privadas-cruceros-es","11":"first","12":"instock","13":"shipping-taxable","14":"purchasable","15":"product-type-simple"},"acf":[],"yoast_head":"<!-- This site is optimized with the Yoast SEO Premium plugin v25.3.1 (Yoast SEO v25.3.1) - https:\/\/yoast.com\/wordpress\/plugins\/seo\/ -->\n<title>\u27a1\ufe0f Tour Las palmas de Gran Canaria | Tour Travel &amp; More<\/title>\n<meta name=\"description\" content=\"Conoce la ciudad de las Palmas, gracias a este Tour Las Palmas de Gran Canaria, con su gu\u00eda oficial privado, con Transporte Opcional \u2705\" \/>\n<meta name=\"robots\" content=\"index, follow, max-snippet:-1, max-image-preview:large, max-video-preview:-1\" \/>\n<link rel=\"canonical\" href=\"https:\/\/tourtravelandmore.com\/es\/tours\/espana-es\/gran-canaria-es\/tour-las-palmas-de-gran-canarias-tour-privado\/\" \/>\n<meta property=\"og:locale\" content=\"es_ES\" \/>\n<meta property=\"og:type\" content=\"article\" \/>\n<meta property=\"og:title\" content=\"Tour Privado a pie de Las Palmas de Gran Canarias\" \/>\n<meta property=\"og:description\" content=\"Conoce la ciudad de las Palmas, gracias a este Tour Las Palmas de Gran Canaria, con su gu\u00eda oficial privado, con Transporte Opcional \u2705\" \/>\n<meta property=\"og:url\" content=\"https:\/\/tourtravelandmore.com\/es\/tours\/espana-es\/gran-canaria-es\/tour-las-palmas-de-gran-canarias-tour-privado\/\" \/>\n<meta property=\"og:site_name\" content=\"Tour Travel And More\" \/>\n<meta property=\"article:publisher\" content=\"https:\/\/www.facebook.com\/tourtravelandmore\/\" \/>\n<meta property=\"article:modified_time\" content=\"2022-12-06T01:16:09+00:00\" \/>\n<meta property=\"og:image\" content=\"https:\/\/tourtravelandmore.com\/wp-content\/uploads\/2019\/01\/las-palmas-1340736_960_720.jpg\" \/>\n\t<meta property=\"og:image:width\" content=\"960\" \/>\n\t<meta property=\"og:image:height\" content=\"640\" \/>\n\t<meta property=\"og:image:type\" content=\"image\/jpeg\" \/>\n<meta name=\"twitter:card\" content=\"summary_large_image\" \/>\n<meta name=\"twitter:site\" content=\"@TourTravel_More\" \/>\n<meta name=\"twitter:label1\" content=\"Tiempo de lectura\" \/>\n\t<meta name=\"twitter:data1\" content=\"2 minutos\" \/>\n<script type=\"application\/ld+json\" class=\"yoast-schema-graph\">{\"@context\":\"https:\/\/schema.org\",\"@graph\":[{\"@type\":\"WebPage\",\"@id\":\"https:\/\/tourtravelandmore.com\/es\/tours\/espana-es\/gran-canaria-es\/tour-las-palmas-de-gran-canarias-tour-privado\/\",\"url\":\"https:\/\/tourtravelandmore.com\/es\/tours\/espana-es\/gran-canaria-es\/tour-las-palmas-de-gran-canarias-tour-privado\/\",\"name\":\"\u27a1\ufe0f Tour Las palmas de Gran Canaria | Tour Travel & More\",\"isPartOf\":{\"@id\":\"https:\/\/tourtravelandmore.com\/es\/#website\"},\"primaryImageOfPage\":{\"@id\":\"https:\/\/tourtravelandmore.com\/es\/tours\/espana-es\/gran-canaria-es\/tour-las-palmas-de-gran-canarias-tour-privado\/#primaryimage\"},\"image\":{\"@id\":\"https:\/\/tourtravelandmore.com\/es\/tours\/espana-es\/gran-canaria-es\/tour-las-palmas-de-gran-canarias-tour-privado\/#primaryimage\"},\"thumbnailUrl\":\"https:\/\/tourtravelandmore.com\/wp-content\/uploads\/2019\/01\/las-palmas-1340736_960_720.jpg\",\"datePublished\":\"2020-07-23T18:56:41+00:00\",\"dateModified\":\"2022-12-06T01:16:09+00:00\",\"description\":\"Conoce la ciudad de las Palmas, gracias a este Tour Las Palmas de Gran Canaria, con su gu\u00eda oficial privado, con Transporte Opcional \u2705\",\"breadcrumb\":{\"@id\":\"https:\/\/tourtravelandmore.com\/es\/tours\/espana-es\/gran-canaria-es\/tour-las-palmas-de-gran-canarias-tour-privado\/#breadcrumb\"},\"inLanguage\":\"es\",\"potentialAction\":[{\"@type\":\"ReadAction\",\"target\":[\"https:\/\/tourtravelandmore.com\/es\/tours\/espana-es\/gran-canaria-es\/tour-las-palmas-de-gran-canarias-tour-privado\/\"]}]},{\"@type\":\"ImageObject\",\"inLanguage\":\"es\",\"@id\":\"https:\/\/tourtravelandmore.com\/es\/tours\/espana-es\/gran-canaria-es\/tour-las-palmas-de-gran-canarias-tour-privado\/#primaryimage\",\"url\":\"https:\/\/tourtravelandmore.com\/wp-content\/uploads\/2019\/01\/las-palmas-1340736_960_720.jpg\",\"contentUrl\":\"https:\/\/tourtravelandmore.com\/wp-content\/uploads\/2019\/01\/las-palmas-1340736_960_720.jpg\",\"width\":960,\"height\":640},{\"@type\":\"BreadcrumbList\",\"@id\":\"https:\/\/tourtravelandmore.com\/es\/tours\/espana-es\/gran-canaria-es\/tour-las-palmas-de-gran-canarias-tour-privado\/#breadcrumb\",\"itemListElement\":[{\"@type\":\"ListItem\",\"position\":1,\"name\":\"Home\",\"item\":\"https:\/\/tourtravelandmore.com\/es\/\"},{\"@type\":\"ListItem\",\"position\":2,\"name\":\"Tours\",\"item\":\"https:\/\/tourtravelandmore.com\/es\/tours\/\"},{\"@type\":\"ListItem\",\"position\":3,\"name\":\"Tour Privado a pie de Las Palmas de Gran Canarias\"}]},{\"@type\":\"WebSite\",\"@id\":\"https:\/\/tourtravelandmore.com\/es\/#website\",\"url\":\"https:\/\/tourtravelandmore.com\/es\/\",\"name\":\"Tour Travel And More\",\"description\":\"Private sightseeing tours and luxury transfers in Spain\",\"publisher\":{\"@id\":\"https:\/\/tourtravelandmore.com\/es\/#organization\"},\"potentialAction\":[{\"@type\":\"SearchAction\",\"target\":{\"@type\":\"EntryPoint\",\"urlTemplate\":\"https:\/\/tourtravelandmore.com\/es\/?s={search_term_string}\"},\"query-input\":{\"@type\":\"PropertyValueSpecification\",\"valueRequired\":true,\"valueName\":\"search_term_string\"}}],\"inLanguage\":\"es\"},{\"@type\":\"Organization\",\"@id\":\"https:\/\/tourtravelandmore.com\/es\/#organization\",\"name\":\"Tour Travel And More\",\"url\":\"https:\/\/tourtravelandmore.com\/es\/\",\"logo\":{\"@type\":\"ImageObject\",\"inLanguage\":\"es\",\"@id\":\"https:\/\/tourtravelandmore.com\/es\/#\/schema\/logo\/image\/\",\"url\":\"https:\/\/tourtravelandmore.com\/wp-content\/uploads\/2022\/12\/cropped-logo-cabecera-new.png\",\"contentUrl\":\"https:\/\/tourtravelandmore.com\/wp-content\/uploads\/2022\/12\/cropped-logo-cabecera-new.png\",\"width\":430,\"height\":61,\"caption\":\"Tour Travel And More\"},\"image\":{\"@id\":\"https:\/\/tourtravelandmore.com\/es\/#\/schema\/logo\/image\/\"},\"sameAs\":[\"https:\/\/www.facebook.com\/tourtravelandmore\/\",\"https:\/\/x.com\/TourTravel_More\"]}]}<\/script>\n<!-- \/ Yoast SEO Premium plugin. -->","yoast_head_json":{"title":"\u27a1\ufe0f Tour Las palmas de Gran Canaria | Tour Travel & More","description":"Conoce la ciudad de las Palmas, gracias a este Tour Las Palmas de Gran Canaria, con su gu\u00eda oficial privado, con Transporte Opcional \u2705","robots":{"index":"index","follow":"follow","max-snippet":"max-snippet:-1","max-image-preview":"max-image-preview:large","max-video-preview":"max-video-preview:-1"},"canonical":"https:\/\/tourtravelandmore.com\/es\/tours\/espana-es\/gran-canaria-es\/tour-las-palmas-de-gran-canarias-tour-privado\/","og_locale":"es_ES","og_type":"article","og_title":"Tour Privado a pie de Las Palmas de Gran Canarias","og_description":"Conoce la ciudad de las Palmas, gracias a este Tour Las Palmas de Gran Canaria, con su gu\u00eda oficial privado, con Transporte Opcional \u2705","og_url":"https:\/\/tourtravelandmore.com\/es\/tours\/espana-es\/gran-canaria-es\/tour-las-palmas-de-gran-canarias-tour-privado\/","og_site_name":"Tour Travel And More","article_publisher":"https:\/\/www.facebook.com\/tourtravelandmore\/","article_modified_time":"2022-12-06T01:16:09+00:00","og_image":[{"width":960,"height":640,"url":"https:\/\/tourtravelandmore.com\/wp-content\/uploads\/2019\/01\/las-palmas-1340736_960_720.jpg","type":"image\/jpeg"}],"twitter_card":"summary_large_image","twitter_site":"@TourTravel_More","twitter_misc":{"Tiempo de lectura":"2 minutos"},"schema":{"@context":"https:\/\/schema.org","@graph":[{"@type":"WebPage","@id":"https:\/\/tourtravelandmore.com\/es\/tours\/espana-es\/gran-canaria-es\/tour-las-palmas-de-gran-canarias-tour-privado\/","url":"https:\/\/tourtravelandmore.com\/es\/tours\/espana-es\/gran-canaria-es\/tour-las-palmas-de-gran-canarias-tour-privado\/","name":"\u27a1\ufe0f Tour Las palmas de Gran Canaria | Tour Travel & More","isPartOf":{"@id":"https:\/\/tourtravelandmore.com\/es\/#website"},"primaryImageOfPage":{"@id":"https:\/\/tourtravelandmore.com\/es\/tours\/espana-es\/gran-canaria-es\/tour-las-palmas-de-gran-canarias-tour-privado\/#primaryimage"},"image":{"@id":"https:\/\/tourtravelandmore.com\/es\/tours\/espana-es\/gran-canaria-es\/tour-las-palmas-de-gran-canarias-tour-privado\/#primaryimage"},"thumbnailUrl":"https:\/\/tourtravelandmore.com\/wp-content\/uploads\/2019\/01\/las-palmas-1340736_960_720.jpg","datePublished":"2020-07-23T18:56:41+00:00","dateModified":"2022-12-06T01:16:09+00:00","description":"Conoce la ciudad de las Palmas, gracias a este Tour Las Palmas de Gran Canaria, con su gu\u00eda oficial privado, con Transporte Opcional \u2705","breadcrumb":{"@id":"https:\/\/tourtravelandmore.com\/es\/tours\/espana-es\/gran-canaria-es\/tour-las-palmas-de-gran-canarias-tour-privado\/#breadcrumb"},"inLanguage":"es","potentialAction":[{"@type":"ReadAction","target":["https:\/\/tourtravelandmore.com\/es\/tours\/espana-es\/gran-canaria-es\/tour-las-palmas-de-gran-canarias-tour-privado\/"]}]},{"@type":"ImageObject","inLanguage":"es","@id":"https:\/\/tourtravelandmore.com\/es\/tours\/espana-es\/gran-canaria-es\/tour-las-palmas-de-gran-canarias-tour-privado\/#primaryimage","url":"https:\/\/tourtravelandmore.com\/wp-content\/uploads\/2019\/01\/las-palmas-1340736_960_720.jpg","contentUrl":"https:\/\/tourtravelandmore.com\/wp-content\/uploads\/2019\/01\/las-palmas-1340736_960_720.jpg","width":960,"height":640},{"@type":"BreadcrumbList","@id":"https:\/\/tourtravelandmore.com\/es\/tours\/espana-es\/gran-canaria-es\/tour-las-palmas-de-gran-canarias-tour-privado\/#breadcrumb","itemListElement":[{"@type":"ListItem","position":1,"name":"Home","item":"https:\/\/tourtravelandmore.com\/es\/"},{"@type":"ListItem","position":2,"name":"Tours","item":"https:\/\/tourtravelandmore.com\/es\/tours\/"},{"@type":"ListItem","position":3,"name":"Tour Privado a pie de Las Palmas de Gran Canarias"}]},{"@type":"WebSite","@id":"https:\/\/tourtravelandmore.com\/es\/#website","url":"https:\/\/tourtravelandmore.com\/es\/","name":"Tour Travel And More","description":"Private sightseeing tours and luxury transfers in Spain","publisher":{"@id":"https:\/\/tourtravelandmore.com\/es\/#organization"},"potentialAction":[{"@type":"SearchAction","target":{"@type":"EntryPoint","urlTemplate":"https:\/\/tourtravelandmore.com\/es\/?s={search_term_string}"},"query-input":{"@type":"PropertyValueSpecification","valueRequired":true,"valueName":"search_term_string"}}],"inLanguage":"es"},{"@type":"Organization","@id":"https:\/\/tourtravelandmore.com\/es\/#organization","name":"Tour Travel And More","url":"https:\/\/tourtravelandmore.com\/es\/","logo":{"@type":"ImageObject","inLanguage":"es","@id":"https:\/\/tourtravelandmore.com\/es\/#\/schema\/logo\/image\/","url":"https:\/\/tourtravelandmore.com\/wp-content\/uploads\/2022\/12\/cropped-logo-cabecera-new.png","contentUrl":"https:\/\/tourtravelandmore.com\/wp-content\/uploads\/2022\/12\/cropped-logo-cabecera-new.png","width":430,"height":61,"caption":"Tour Travel And More"},"image":{"@id":"https:\/\/tourtravelandmore.com\/es\/#\/schema\/logo\/image\/"},"sameAs":["https:\/\/www.facebook.com\/tourtravelandmore\/","https:\/\/x.com\/TourTravel_More"]}]}},"_links":{"self":[{"href":"https:\/\/tourtravelandmore.com\/es\/wp-json\/wp\/v2\/product\/81648","targetHints":{"allow":["GET"]}}],"collection":[{"href":"https:\/\/tourtravelandmore.com\/es\/wp-json\/wp\/v2\/product"}],"about":[{"href":"https:\/\/tourtravelandmore.com\/es\/wp-json\/wp\/v2\/types\/product"}],"replies":[{"embeddable":true,"href":"https:\/\/tourtravelandmore.com\/es\/wp-json\/wp\/v2\/comments?post=81648"}],"wp:featuredmedia":[{"embeddable":true,"href":"https:\/\/tourtravelandmore.com\/es\/wp-json\/wp\/v2\/media\/31261"}],"wp:attachment":[{"href":"https:\/\/tourtravelandmore.com\/es\/wp-json\/wp\/v2\/media?parent=81648"}],"wp:term":[{"taxonomy":"product_brand","embeddable":true,"href":"https:\/\/tourtravelandmore.com\/es\/wp-json\/wp\/v2\/product_brand?post=81648"},{"taxonomy":"product_cat","embeddable":true,"href":"https:\/\/tourtravelandmore.com\/es\/wp-json\/wp\/v2\/product_cat?post=81648"},{"taxonomy":"product_tag","embeddable":true,"href":"https:\/\/tourtravelandmore.com\/es\/wp-json\/wp\/v2\/product_tag?post=81648"}],"curies":[{"name":"wp","href":"https:\/\/api.w.org\/{rel}","templated":true}]}}