{"id":81350,"date":"2020-07-14T21:00:47","date_gmt":"2020-07-15T09:10:39","guid":{"rendered":"https:\/\/tourtravelandmore.com\/?post_type=product&#038;p=81350"},"modified":"2022-10-24T07:18:01","modified_gmt":"2022-10-24T05:18:01","slug":"tour-privado-a-pie-de-avila","status":"publish","type":"product","link":"https:\/\/tourtravelandmore.com\/es\/tours\/espana-es\/avila-tour-es\/avila-tours-privados-a-pie-es\/tour-privado-a-pie-de-avila\/","title":{"rendered":"Tour privado a pie de Avila"},"content":{"rendered":"<h2>Descripci\u00f3n del Tour privado a pie de Avila<\/h2>\n<p>El Tour Avila, nos permitir\u00e1 conocer la ciudad junto a nuestro gu\u00eda oficial privado, en un recorrido a pie de 3 horas de la ciudad.<\/p>\n<p>Le recogeremos desde su Hotel, si est\u00e1 alejado del centro le indicaremos un punto de encuentro del centro para no perder tiempo de su Tour Avila.<\/p>\n<p>El tour Avila es completamente privado, puede escoger la hora de comienzo.<\/p>\n<p>Las entradas que est\u00e1n incluidas y las que recomendamos, ya que es una de las maravillas de la ciudad, es la <strong>muralla de Avila. <\/strong>Las entradas son sin cola.<\/p>\n<p>La duraci\u00f3n total del tour son 3 horas.<\/p>\n<h2>Puntos de inter\u00e9s en el Tour privado a pie de Avila<\/h2>\n<p>El recorrido de Avila empezar\u00e1 desde el centro de la ciudad. Comenzaremos visitando <strong>Casa de las Carnicer\u00edas<\/strong>, y desde ah\u00ed accederemos al casco hist\u00f3rico de la ciudad, declarado Patrominio de la humanidad.<\/p>\n<p>LLegaremos a la famosa<strong> Muralla de Avila<\/strong>, perfectamente conservada, y nos subiremos para conocer la historia y sentirnos un caballero medieval por unos momentos. La entrada a la muralla de Avila est\u00e1 incluida en el tour, es algo imprescindible si viene a conocer la ciudad.<\/p>\n<p>Nuestra siguiente parada ser\u00e1 la <strong>Catedral de Avila,\u00a0<\/strong>de esilo g\u00f3tico y situada en el recinto amurallado. Enfrente de la Caedral nos encontraremos con la, <strong>Plaza del Mercado Chico, <\/strong>una plaza repleta de edificios medievales. En sus terrazas podemos para un segundo a tomar algo y aprecir los diferentes edificios junto a nuestro gu\u00eda oficial privado.<\/p>\n<p>Caminaremos hasa llegar a la <strong>Plaza del Mercado Grande.\u00a0<\/strong>Nos encontraremos una de las puertas de acceso m\u00e1s grande, <strong>la Puerta del Alc\u00e1zar,<\/strong> tambi\u00e9n con la Iglesia de San Pedro justo en frente.<\/p>\n<p>Al sur de la muralla nos encontraremos con el <strong>Convento y Museo de Santa Teresa, <\/strong>si est\u00e1is interesados se puede visitar por dentro.<\/p>\n<p>Para finalizar saldremos de la muralla si disponemos de tiempo para conocer la <strong>Bas\u00edlica de San Vicente.<\/strong><\/p>\n<p>Si viene desde Madrid, puede escoger nuestro <a href=\"https:\/\/tourtravelandmore.com\/es\/tours\/espana-es\/avila-tour-es\/avila-excursiones-privadas-es\/tour-privado-avila-desde-madrid\/\">tour privado de Avila desde Madrid<\/a>, d\u00f3nde est\u00e1 incluido un veh\u00edculo privado con chofer para recogerle y devolverle.<\/p>\n","protected":false},"excerpt":{"rendered":"<p>l recorrido de Avila empezar\u00e1 desde el centro de la ciudad. Comenzaremos visitando <strong>Casa de las Carnicer\u00edas<\/strong>, y desde ah\u00ed accederemos al casco hist\u00f3rico de la ciudad, declarado Patrominio de la humanidad.<\/p>\n<p>&nbsp;<\/p>\n","protected":false},"featured_media":13253,"comment_status":"open","ping_status":"closed","template":"","meta":{"_acf_changed":false},"product_brand":[],"product_cat":[2404,2406],"product_tag":[],"class_list":{"0":"post-81350","1":"product","2":"type-product","3":"status-publish","4":"has-post-thumbnail","6":"product_cat-avila-tour-es","7":"product_cat-avila-tours-privados-a-pie-es","9":"first","10":"instock","11":"shipping-taxable","12":"purchasable","13":"product-type-simple"},"acf":[],"yoast_head":"<!-- This site is optimized with the Yoast SEO Premium plugin v25.3.1 (Yoast SEO v25.3.1) - https:\/\/yoast.com\/wordpress\/plugins\/seo\/ -->\n<title>\u27a1\ufe0f Tour Avila a pie | Tour Travel &amp; More<\/title>\n<meta name=\"description\" content=\"El Tour de Avila conocer\u00e1 una autentica ciudad medieval y una de las ciudades amuralladas mejor conservadas de Europa, junto a su gu\u00eda oficial privado \u2705\" \/>\n<meta name=\"robots\" content=\"index, follow, max-snippet:-1, max-image-preview:large, max-video-preview:-1\" \/>\n<link rel=\"canonical\" href=\"https:\/\/tourtravelandmore.com\/es\/tours\/espana-es\/avila-tour-es\/avila-tours-privados-a-pie-es\/tour-privado-a-pie-de-avila\/\" \/>\n<meta property=\"og:locale\" content=\"es_ES\" \/>\n<meta property=\"og:type\" content=\"article\" \/>\n<meta property=\"og:title\" content=\"Tour privado a pie de Avila\" \/>\n<meta property=\"og:description\" content=\"El Tour de Avila conocer\u00e1 una autentica ciudad medieval y una de las ciudades amuralladas mejor conservadas de Europa, junto a su gu\u00eda oficial privado \u2705\" \/>\n<meta property=\"og:url\" content=\"https:\/\/tourtravelandmore.com\/es\/tours\/espana-es\/avila-tour-es\/avila-tours-privados-a-pie-es\/tour-privado-a-pie-de-avila\/\" \/>\n<meta property=\"og:site_name\" content=\"Tour Travel And More\" \/>\n<meta property=\"article:publisher\" content=\"https:\/\/www.facebook.com\/tourtravelandmore\/\" \/>\n<meta property=\"article:modified_time\" content=\"2022-10-24T05:18:01+00:00\" \/>\n<meta property=\"og:image\" content=\"https:\/\/tourtravelandmore.com\/wp-content\/uploads\/2017\/06\/avila_murallas.jpg\" \/>\n\t<meta property=\"og:image:width\" content=\"1024\" \/>\n\t<meta property=\"og:image:height\" content=\"680\" \/>\n\t<meta property=\"og:image:type\" content=\"image\/jpeg\" \/>\n<meta name=\"twitter:card\" content=\"summary_large_image\" \/>\n<meta name=\"twitter:site\" content=\"@TourTravel_More\" \/>\n<meta name=\"twitter:label1\" content=\"Tiempo de lectura\" \/>\n\t<meta name=\"twitter:data1\" content=\"2 minutos\" \/>\n<script type=\"application\/ld+json\" class=\"yoast-schema-graph\">{\"@context\":\"https:\/\/schema.org\",\"@graph\":[{\"@type\":\"WebPage\",\"@id\":\"https:\/\/tourtravelandmore.com\/es\/tours\/espana-es\/avila-tour-es\/avila-tours-privados-a-pie-es\/tour-privado-a-pie-de-avila\/\",\"url\":\"https:\/\/tourtravelandmore.com\/es\/tours\/espana-es\/avila-tour-es\/avila-tours-privados-a-pie-es\/tour-privado-a-pie-de-avila\/\",\"name\":\"\u27a1\ufe0f Tour Avila a pie | Tour Travel & More\",\"isPartOf\":{\"@id\":\"https:\/\/tourtravelandmore.com\/es\/#website\"},\"primaryImageOfPage\":{\"@id\":\"https:\/\/tourtravelandmore.com\/es\/tours\/espana-es\/avila-tour-es\/avila-tours-privados-a-pie-es\/tour-privado-a-pie-de-avila\/#primaryimage\"},\"image\":{\"@id\":\"https:\/\/tourtravelandmore.com\/es\/tours\/espana-es\/avila-tour-es\/avila-tours-privados-a-pie-es\/tour-privado-a-pie-de-avila\/#primaryimage\"},\"thumbnailUrl\":\"https:\/\/tourtravelandmore.com\/wp-content\/uploads\/2017\/06\/avila_murallas.jpg\",\"datePublished\":\"2020-07-15T09:10:39+00:00\",\"dateModified\":\"2022-10-24T05:18:01+00:00\",\"description\":\"El Tour de Avila conocer\u00e1 una autentica ciudad medieval y una de las ciudades amuralladas mejor conservadas de Europa, junto a su gu\u00eda oficial privado \u2705\",\"breadcrumb\":{\"@id\":\"https:\/\/tourtravelandmore.com\/es\/tours\/espana-es\/avila-tour-es\/avila-tours-privados-a-pie-es\/tour-privado-a-pie-de-avila\/#breadcrumb\"},\"inLanguage\":\"es\",\"potentialAction\":[{\"@type\":\"ReadAction\",\"target\":[\"https:\/\/tourtravelandmore.com\/es\/tours\/espana-es\/avila-tour-es\/avila-tours-privados-a-pie-es\/tour-privado-a-pie-de-avila\/\"]}]},{\"@type\":\"ImageObject\",\"inLanguage\":\"es\",\"@id\":\"https:\/\/tourtravelandmore.com\/es\/tours\/espana-es\/avila-tour-es\/avila-tours-privados-a-pie-es\/tour-privado-a-pie-de-avila\/#primaryimage\",\"url\":\"https:\/\/tourtravelandmore.com\/wp-content\/uploads\/2017\/06\/avila_murallas.jpg\",\"contentUrl\":\"https:\/\/tourtravelandmore.com\/wp-content\/uploads\/2017\/06\/avila_murallas.jpg\",\"width\":3216,\"height\":2136},{\"@type\":\"BreadcrumbList\",\"@id\":\"https:\/\/tourtravelandmore.com\/es\/tours\/espana-es\/avila-tour-es\/avila-tours-privados-a-pie-es\/tour-privado-a-pie-de-avila\/#breadcrumb\",\"itemListElement\":[{\"@type\":\"ListItem\",\"position\":1,\"name\":\"Home\",\"item\":\"https:\/\/tourtravelandmore.com\/es\/\"},{\"@type\":\"ListItem\",\"position\":2,\"name\":\"Tours\",\"item\":\"https:\/\/tourtravelandmore.com\/es\/tours\/\"},{\"@type\":\"ListItem\",\"position\":3,\"name\":\"Tour privado a pie de Avila\"}]},{\"@type\":\"WebSite\",\"@id\":\"https:\/\/tourtravelandmore.com\/es\/#website\",\"url\":\"https:\/\/tourtravelandmore.com\/es\/\",\"name\":\"Tour Travel And More\",\"description\":\"Private sightseeing tours and luxury transfers in Spain\",\"publisher\":{\"@id\":\"https:\/\/tourtravelandmore.com\/es\/#organization\"},\"potentialAction\":[{\"@type\":\"SearchAction\",\"target\":{\"@type\":\"EntryPoint\",\"urlTemplate\":\"https:\/\/tourtravelandmore.com\/es\/?s={search_term_string}\"},\"query-input\":{\"@type\":\"PropertyValueSpecification\",\"valueRequired\":true,\"valueName\":\"search_term_string\"}}],\"inLanguage\":\"es\"},{\"@type\":\"Organization\",\"@id\":\"https:\/\/tourtravelandmore.com\/es\/#organization\",\"name\":\"Tour Travel And More\",\"url\":\"https:\/\/tourtravelandmore.com\/es\/\",\"logo\":{\"@type\":\"ImageObject\",\"inLanguage\":\"es\",\"@id\":\"https:\/\/tourtravelandmore.com\/es\/#\/schema\/logo\/image\/\",\"url\":\"https:\/\/tourtravelandmore.com\/wp-content\/uploads\/2022\/12\/cropped-logo-cabecera-new.png\",\"contentUrl\":\"https:\/\/tourtravelandmore.com\/wp-content\/uploads\/2022\/12\/cropped-logo-cabecera-new.png\",\"width\":430,\"height\":61,\"caption\":\"Tour Travel And More\"},\"image\":{\"@id\":\"https:\/\/tourtravelandmore.com\/es\/#\/schema\/logo\/image\/\"},\"sameAs\":[\"https:\/\/www.facebook.com\/tourtravelandmore\/\",\"https:\/\/x.com\/TourTravel_More\"]}]}<\/script>\n<!-- \/ Yoast SEO Premium plugin. -->","yoast_head_json":{"title":"\u27a1\ufe0f Tour Avila a pie | Tour Travel & More","description":"El Tour de Avila conocer\u00e1 una autentica ciudad medieval y una de las ciudades amuralladas mejor conservadas de Europa, junto a su gu\u00eda oficial privado \u2705","robots":{"index":"index","follow":"follow","max-snippet":"max-snippet:-1","max-image-preview":"max-image-preview:large","max-video-preview":"max-video-preview:-1"},"canonical":"https:\/\/tourtravelandmore.com\/es\/tours\/espana-es\/avila-tour-es\/avila-tours-privados-a-pie-es\/tour-privado-a-pie-de-avila\/","og_locale":"es_ES","og_type":"article","og_title":"Tour privado a pie de Avila","og_description":"El Tour de Avila conocer\u00e1 una autentica ciudad medieval y una de las ciudades amuralladas mejor conservadas de Europa, junto a su gu\u00eda oficial privado \u2705","og_url":"https:\/\/tourtravelandmore.com\/es\/tours\/espana-es\/avila-tour-es\/avila-tours-privados-a-pie-es\/tour-privado-a-pie-de-avila\/","og_site_name":"Tour Travel And More","article_publisher":"https:\/\/www.facebook.com\/tourtravelandmore\/","article_modified_time":"2022-10-24T05:18:01+00:00","og_image":[{"url":"https:\/\/tourtravelandmore.com\/wp-content\/uploads\/2017\/06\/avila_murallas.jpg","width":1024,"height":680,"type":"image\/jpeg"}],"twitter_card":"summary_large_image","twitter_site":"@TourTravel_More","twitter_misc":{"Tiempo de lectura":"2 minutos"},"schema":{"@context":"https:\/\/schema.org","@graph":[{"@type":"WebPage","@id":"https:\/\/tourtravelandmore.com\/es\/tours\/espana-es\/avila-tour-es\/avila-tours-privados-a-pie-es\/tour-privado-a-pie-de-avila\/","url":"https:\/\/tourtravelandmore.com\/es\/tours\/espana-es\/avila-tour-es\/avila-tours-privados-a-pie-es\/tour-privado-a-pie-de-avila\/","name":"\u27a1\ufe0f Tour Avila a pie | Tour Travel & More","isPartOf":{"@id":"https:\/\/tourtravelandmore.com\/es\/#website"},"primaryImageOfPage":{"@id":"https:\/\/tourtravelandmore.com\/es\/tours\/espana-es\/avila-tour-es\/avila-tours-privados-a-pie-es\/tour-privado-a-pie-de-avila\/#primaryimage"},"image":{"@id":"https:\/\/tourtravelandmore.com\/es\/tours\/espana-es\/avila-tour-es\/avila-tours-privados-a-pie-es\/tour-privado-a-pie-de-avila\/#primaryimage"},"thumbnailUrl":"https:\/\/tourtravelandmore.com\/wp-content\/uploads\/2017\/06\/avila_murallas.jpg","datePublished":"2020-07-15T09:10:39+00:00","dateModified":"2022-10-24T05:18:01+00:00","description":"El Tour de Avila conocer\u00e1 una autentica ciudad medieval y una de las ciudades amuralladas mejor conservadas de Europa, junto a su gu\u00eda oficial privado \u2705","breadcrumb":{"@id":"https:\/\/tourtravelandmore.com\/es\/tours\/espana-es\/avila-tour-es\/avila-tours-privados-a-pie-es\/tour-privado-a-pie-de-avila\/#breadcrumb"},"inLanguage":"es","potentialAction":[{"@type":"ReadAction","target":["https:\/\/tourtravelandmore.com\/es\/tours\/espana-es\/avila-tour-es\/avila-tours-privados-a-pie-es\/tour-privado-a-pie-de-avila\/"]}]},{"@type":"ImageObject","inLanguage":"es","@id":"https:\/\/tourtravelandmore.com\/es\/tours\/espana-es\/avila-tour-es\/avila-tours-privados-a-pie-es\/tour-privado-a-pie-de-avila\/#primaryimage","url":"https:\/\/tourtravelandmore.com\/wp-content\/uploads\/2017\/06\/avila_murallas.jpg","contentUrl":"https:\/\/tourtravelandmore.com\/wp-content\/uploads\/2017\/06\/avila_murallas.jpg","width":3216,"height":2136},{"@type":"BreadcrumbList","@id":"https:\/\/tourtravelandmore.com\/es\/tours\/espana-es\/avila-tour-es\/avila-tours-privados-a-pie-es\/tour-privado-a-pie-de-avila\/#breadcrumb","itemListElement":[{"@type":"ListItem","position":1,"name":"Home","item":"https:\/\/tourtravelandmore.com\/es\/"},{"@type":"ListItem","position":2,"name":"Tours","item":"https:\/\/tourtravelandmore.com\/es\/tours\/"},{"@type":"ListItem","position":3,"name":"Tour privado a pie de Avila"}]},{"@type":"WebSite","@id":"https:\/\/tourtravelandmore.com\/es\/#website","url":"https:\/\/tourtravelandmore.com\/es\/","name":"Tour Travel And More","description":"Private sightseeing tours and luxury transfers in Spain","publisher":{"@id":"https:\/\/tourtravelandmore.com\/es\/#organization"},"potentialAction":[{"@type":"SearchAction","target":{"@type":"EntryPoint","urlTemplate":"https:\/\/tourtravelandmore.com\/es\/?s={search_term_string}"},"query-input":{"@type":"PropertyValueSpecification","valueRequired":true,"valueName":"search_term_string"}}],"inLanguage":"es"},{"@type":"Organization","@id":"https:\/\/tourtravelandmore.com\/es\/#organization","name":"Tour Travel And More","url":"https:\/\/tourtravelandmore.com\/es\/","logo":{"@type":"ImageObject","inLanguage":"es","@id":"https:\/\/tourtravelandmore.com\/es\/#\/schema\/logo\/image\/","url":"https:\/\/tourtravelandmore.com\/wp-content\/uploads\/2022\/12\/cropped-logo-cabecera-new.png","contentUrl":"https:\/\/tourtravelandmore.com\/wp-content\/uploads\/2022\/12\/cropped-logo-cabecera-new.png","width":430,"height":61,"caption":"Tour Travel And More"},"image":{"@id":"https:\/\/tourtravelandmore.com\/es\/#\/schema\/logo\/image\/"},"sameAs":["https:\/\/www.facebook.com\/tourtravelandmore\/","https:\/\/x.com\/TourTravel_More"]}]}},"_links":{"self":[{"href":"https:\/\/tourtravelandmore.com\/es\/wp-json\/wp\/v2\/product\/81350","targetHints":{"allow":["GET"]}}],"collection":[{"href":"https:\/\/tourtravelandmore.com\/es\/wp-json\/wp\/v2\/product"}],"about":[{"href":"https:\/\/tourtravelandmore.com\/es\/wp-json\/wp\/v2\/types\/product"}],"replies":[{"embeddable":true,"href":"https:\/\/tourtravelandmore.com\/es\/wp-json\/wp\/v2\/comments?post=81350"}],"wp:featuredmedia":[{"embeddable":true,"href":"https:\/\/tourtravelandmore.com\/es\/wp-json\/wp\/v2\/media\/13253"}],"wp:attachment":[{"href":"https:\/\/tourtravelandmore.com\/es\/wp-json\/wp\/v2\/media?parent=81350"}],"wp:term":[{"taxonomy":"product_brand","embeddable":true,"href":"https:\/\/tourtravelandmore.com\/es\/wp-json\/wp\/v2\/product_brand?post=81350"},{"taxonomy":"product_cat","embeddable":true,"href":"https:\/\/tourtravelandmore.com\/es\/wp-json\/wp\/v2\/product_cat?post=81350"},{"taxonomy":"product_tag","embeddable":true,"href":"https:\/\/tourtravelandmore.com\/es\/wp-json\/wp\/v2\/product_tag?post=81350"}],"curies":[{"name":"wp","href":"https:\/\/api.w.org\/{rel}","templated":true}]}}