{"id":81296,"date":"2020-07-06T11:37:58","date_gmt":"2020-07-14T09:55:36","guid":{"rendered":"https:\/\/tourtravelandmore.com\/?post_type=product&#038;p=81296"},"modified":"2024-05-02T19:46:59","modified_gmt":"2024-05-02T17:46:59","slug":"tour-privado-de-segovia-y-avila-desde-madrid","status":"publish","type":"product","link":"https:\/\/tourtravelandmore.com\/es\/tours\/espana-es\/avila-tour-es\/avila-excursiones-privadas-es\/tour-privado-de-segovia-y-avila-desde-madrid\/","title":{"rendered":"Tour privado de Segovia y Avila desde Madrid"},"content":{"rendered":"<h2>Descripci\u00f3n del Tour privado de Segovia y Avila desde Madrid<\/h2>\n<p>Nuestro conductor con veh\u00edculo privado os recoger\u00e1 para iniciar el tour de Segovia y Avila desde Madrid. Desde ah\u00ed nos dirigiremos en primer lugar a Segovia, donde estar\u00e1 esperando nuestro gu\u00eda privado oficial para empezar el Tour a pie de Segovia. La duraci\u00f3n del Tour ser\u00e1 de 2 horas. Al finalizar podr\u00e1 comer en un sitio t\u00edpico, y probar dos de los platos m\u00e1s conocidos de la regi\u00f3n, cochinillo o lecha.<\/p>\n<p>Al finalizar la comida nuestro conductor os recoger\u00e1 para ir a conocer Avila, d\u00f3nde esperar\u00e1 nuestro gu\u00eda oficial privado para hacer un recorrido a pie de la ciudad de 2 horas. Al finalizar os dejar\u00e1 con el conductor para volver a Madrid.<\/p>\n<p>La duraci\u00f3n del tour de Segovia a Avila son 10 Horas y la recogida es en Madrid o cualquier lugar de la ciudad.<\/p>\n<p>El Tour de Segovia a Avila es completamente privado, nos adaptamos a sus necesidades y horarios de comienzo, solo tiene que indicarlo a nuestro equipo.<\/p>\n<h2><strong>Puntos de inter\u00e9s en el Tour privado de Segovia y Avila desde Madrid<\/strong><\/h2>\n<p>Nuestro gu\u00eda privados oficiales os ense\u00f1ar\u00e1n la historia, rincones Especiales, leyendas y an\u00e9cdotas a lo largo del recorrido. Los estar\u00e1n esperando a vuestra llegada para iniciar los recorridos privados a pie.<\/p>\n<p>En Segovia veremos a lo largo del recorrido:<\/p>\n<ul>\n<li><strong>Acueducto<\/strong><\/li>\n<li><strong>Alcazar de Segovia<\/strong><\/li>\n<li><strong>Barrio Judio<\/strong><\/li>\n<li><strong>Catedral de Segovia<\/strong><\/li>\n<li><strong>Puerta de San Andr\u00e9s<\/strong><\/li>\n<li><strong>Plaza Medina del Campo<\/strong><\/li>\n<li><strong>La Alh\u00f3ndiga<\/strong><\/li>\n<li><strong>Mucho m\u00e1s!<\/strong><\/li>\n<\/ul>\n<p>En Avila veremos a lo largo del recorrido:<\/p>\n<ul>\n<li><strong>La Muralla <\/strong><\/li>\n<li><strong>Catedral de Avila<\/strong><\/li>\n<li><strong><span id=\"3_Plaza_del_Mercado_Chico\">Plaza del Mercado Chico<\/span><\/strong><\/li>\n<li><strong>Iglesia de San Pedro<\/strong><\/li>\n<li><strong>Bas\u00edlica de San Vicente<\/strong><\/li>\n<li><strong><span id=\"5_Convento_y_Museo_de_Santa_Teresa\">Convento y Museo de Santa Teresa<\/span><\/strong><\/li>\n<li><strong><span id=\"7_Real_Monasterio_de_Santo_Tomas\">Real Monasterio de Santo Tom\u00e1s<\/span><span id=\"5_Convento_y_Museo_de_Santa_Teresa\"><\/span><\/strong><\/li>\n<li><strong>Los Palacios<\/strong><\/li>\n<li><strong>Mucho m\u00e1s!<\/strong><\/li>\n<\/ul>\n<p>Ambos recorridos son a pie, ya que en muchos lugares el veh\u00edculo no puede acceder, aunque si tiene dificultades para andar nos lo comunica y en lugares podemos acceder para recoger y dejar, as\u00ed intentaremos que anden lo menos posible.<\/p>\n<p>Puede consultar nuestra lista de <a href=\"https:\/\/tourtravelandmore.com\/es\/ciudad\/espana-es\/madrid-es\/\">Tours privados de Madrid<\/a> si dispone de m\u00e1s d\u00edas en la ciudad.<\/p>\n","protected":false},"excerpt":{"rendered":"<p>Descubre en un mismo d\u00eda dos ciudades, gracias a este <strong>tour de Segovia y Avila desde Madrid<\/strong>, con gu\u00eda oficial privado y veh\u00edculo privado con conductor.<\/p>\n","protected":false},"featured_media":80968,"comment_status":"open","ping_status":"closed","template":"","meta":{"_acf_changed":false},"product_brand":[],"product_cat":[2404,2405,284,293,285,287,286,533,534,351],"product_tag":[],"class_list":{"0":"post-81296","1":"product","2":"type-product","3":"status-publish","4":"has-post-thumbnail","6":"product_cat-avila-tour-es","7":"product_cat-avila-excursiones-privadas-es","8":"product_cat-madrid-es","9":"product_cat-madrid-top-ventas-es","10":"product_cat-madrid-actividades-es","11":"product_cat-madrid-rutas-turisticas-privadas-es","12":"product_cat-madrid-excursiones-es","13":"product_cat-segovia-actividades-es","14":"product_cat-segovia-rutas-turisticas-privadas-es","15":"product_cat-segovia-excursiones-es","17":"first","18":"instock","19":"shipping-taxable","20":"purchasable","21":"product-type-simple"},"acf":[],"yoast_head":"<!-- This site is optimized with the Yoast SEO Premium plugin v25.3.1 (Yoast SEO v25.3.1) - https:\/\/yoast.com\/wordpress\/plugins\/seo\/ -->\n<title>\u27a1\ufe0f Tour Segovia y Avila desde Madrid | Tour Travel &amp; More<\/title>\n<meta name=\"description\" content=\"Descubre en un mismo dias dos ciudades, gracias a este tour de Segovia y Avila desde Madrid, con guia oficial privado y vehiculo privado con conductor \u2705\" \/>\n<meta name=\"robots\" content=\"index, follow, max-snippet:-1, max-image-preview:large, max-video-preview:-1\" \/>\n<link rel=\"canonical\" href=\"https:\/\/tourtravelandmore.com\/es\/tours\/espana-es\/avila-tour-es\/avila-excursiones-privadas-es\/tour-privado-de-segovia-y-avila-desde-madrid\/\" \/>\n<meta property=\"og:locale\" content=\"es_ES\" \/>\n<meta property=\"og:type\" content=\"article\" \/>\n<meta property=\"og:title\" content=\"Tour privado de Segovia y Avila desde Madrid\" \/>\n<meta property=\"og:description\" content=\"Descubre en un mismo dias dos ciudades, gracias a este tour de Segovia y Avila desde Madrid, con guia oficial privado y vehiculo privado con conductor \u2705\" \/>\n<meta property=\"og:url\" content=\"https:\/\/tourtravelandmore.com\/es\/tours\/espana-es\/avila-tour-es\/avila-excursiones-privadas-es\/tour-privado-de-segovia-y-avila-desde-madrid\/\" \/>\n<meta property=\"og:site_name\" content=\"Tour Travel And More\" \/>\n<meta property=\"article:publisher\" content=\"https:\/\/www.facebook.com\/tourtravelandmore\/\" \/>\n<meta property=\"article:modified_time\" content=\"2024-05-02T17:46:59+00:00\" \/>\n<meta property=\"og:image\" content=\"https:\/\/tourtravelandmore.com\/wp-content\/uploads\/2020\/07\/Segovia4.jpg\" \/>\n\t<meta property=\"og:image:width\" content=\"960\" \/>\n\t<meta property=\"og:image:height\" content=\"640\" \/>\n\t<meta property=\"og:image:type\" content=\"image\/jpeg\" \/>\n<meta name=\"twitter:card\" content=\"summary_large_image\" \/>\n<meta name=\"twitter:site\" content=\"@TourTravel_More\" \/>\n<meta name=\"twitter:label1\" content=\"Tiempo de lectura\" \/>\n\t<meta name=\"twitter:data1\" content=\"2 minutos\" \/>\n<script type=\"application\/ld+json\" class=\"yoast-schema-graph\">{\"@context\":\"https:\/\/schema.org\",\"@graph\":[{\"@type\":\"WebPage\",\"@id\":\"https:\/\/tourtravelandmore.com\/es\/tours\/espana-es\/avila-tour-es\/avila-excursiones-privadas-es\/tour-privado-de-segovia-y-avila-desde-madrid\/\",\"url\":\"https:\/\/tourtravelandmore.com\/es\/tours\/espana-es\/avila-tour-es\/avila-excursiones-privadas-es\/tour-privado-de-segovia-y-avila-desde-madrid\/\",\"name\":\"\u27a1\ufe0f Tour Segovia y Avila desde Madrid | Tour Travel & More\",\"isPartOf\":{\"@id\":\"https:\/\/tourtravelandmore.com\/es\/#website\"},\"primaryImageOfPage\":{\"@id\":\"https:\/\/tourtravelandmore.com\/es\/tours\/espana-es\/avila-tour-es\/avila-excursiones-privadas-es\/tour-privado-de-segovia-y-avila-desde-madrid\/#primaryimage\"},\"image\":{\"@id\":\"https:\/\/tourtravelandmore.com\/es\/tours\/espana-es\/avila-tour-es\/avila-excursiones-privadas-es\/tour-privado-de-segovia-y-avila-desde-madrid\/#primaryimage\"},\"thumbnailUrl\":\"https:\/\/tourtravelandmore.com\/wp-content\/uploads\/2020\/07\/Segovia4.jpg\",\"datePublished\":\"2020-07-14T09:55:36+00:00\",\"dateModified\":\"2024-05-02T17:46:59+00:00\",\"description\":\"Descubre en un mismo dias dos ciudades, gracias a este tour de Segovia y Avila desde Madrid, con guia oficial privado y vehiculo privado con conductor \u2705\",\"breadcrumb\":{\"@id\":\"https:\/\/tourtravelandmore.com\/es\/tours\/espana-es\/avila-tour-es\/avila-excursiones-privadas-es\/tour-privado-de-segovia-y-avila-desde-madrid\/#breadcrumb\"},\"inLanguage\":\"es\",\"potentialAction\":[{\"@type\":\"ReadAction\",\"target\":[\"https:\/\/tourtravelandmore.com\/es\/tours\/espana-es\/avila-tour-es\/avila-excursiones-privadas-es\/tour-privado-de-segovia-y-avila-desde-madrid\/\"]}]},{\"@type\":\"ImageObject\",\"inLanguage\":\"es\",\"@id\":\"https:\/\/tourtravelandmore.com\/es\/tours\/espana-es\/avila-tour-es\/avila-excursiones-privadas-es\/tour-privado-de-segovia-y-avila-desde-madrid\/#primaryimage\",\"url\":\"https:\/\/tourtravelandmore.com\/wp-content\/uploads\/2020\/07\/Segovia4.jpg\",\"contentUrl\":\"https:\/\/tourtravelandmore.com\/wp-content\/uploads\/2020\/07\/Segovia4.jpg\",\"width\":960,\"height\":640},{\"@type\":\"BreadcrumbList\",\"@id\":\"https:\/\/tourtravelandmore.com\/es\/tours\/espana-es\/avila-tour-es\/avila-excursiones-privadas-es\/tour-privado-de-segovia-y-avila-desde-madrid\/#breadcrumb\",\"itemListElement\":[{\"@type\":\"ListItem\",\"position\":1,\"name\":\"Home\",\"item\":\"https:\/\/tourtravelandmore.com\/es\/\"},{\"@type\":\"ListItem\",\"position\":2,\"name\":\"Tours\",\"item\":\"https:\/\/tourtravelandmore.com\/es\/tours\/\"},{\"@type\":\"ListItem\",\"position\":3,\"name\":\"Tour privado de Segovia y Avila desde Madrid\"}]},{\"@type\":\"WebSite\",\"@id\":\"https:\/\/tourtravelandmore.com\/es\/#website\",\"url\":\"https:\/\/tourtravelandmore.com\/es\/\",\"name\":\"Tour Travel And More\",\"description\":\"Private sightseeing tours and luxury transfers in Spain\",\"publisher\":{\"@id\":\"https:\/\/tourtravelandmore.com\/es\/#organization\"},\"potentialAction\":[{\"@type\":\"SearchAction\",\"target\":{\"@type\":\"EntryPoint\",\"urlTemplate\":\"https:\/\/tourtravelandmore.com\/es\/?s={search_term_string}\"},\"query-input\":{\"@type\":\"PropertyValueSpecification\",\"valueRequired\":true,\"valueName\":\"search_term_string\"}}],\"inLanguage\":\"es\"},{\"@type\":\"Organization\",\"@id\":\"https:\/\/tourtravelandmore.com\/es\/#organization\",\"name\":\"Tour Travel And More\",\"url\":\"https:\/\/tourtravelandmore.com\/es\/\",\"logo\":{\"@type\":\"ImageObject\",\"inLanguage\":\"es\",\"@id\":\"https:\/\/tourtravelandmore.com\/es\/#\/schema\/logo\/image\/\",\"url\":\"https:\/\/tourtravelandmore.com\/wp-content\/uploads\/2022\/12\/cropped-logo-cabecera-new.png\",\"contentUrl\":\"https:\/\/tourtravelandmore.com\/wp-content\/uploads\/2022\/12\/cropped-logo-cabecera-new.png\",\"width\":430,\"height\":61,\"caption\":\"Tour Travel And More\"},\"image\":{\"@id\":\"https:\/\/tourtravelandmore.com\/es\/#\/schema\/logo\/image\/\"},\"sameAs\":[\"https:\/\/www.facebook.com\/tourtravelandmore\/\",\"https:\/\/x.com\/TourTravel_More\"]}]}<\/script>\n<!-- \/ Yoast SEO Premium plugin. -->","yoast_head_json":{"title":"\u27a1\ufe0f Tour Segovia y Avila desde Madrid | Tour Travel & More","description":"Descubre en un mismo dias dos ciudades, gracias a este tour de Segovia y Avila desde Madrid, con guia oficial privado y vehiculo privado con conductor \u2705","robots":{"index":"index","follow":"follow","max-snippet":"max-snippet:-1","max-image-preview":"max-image-preview:large","max-video-preview":"max-video-preview:-1"},"canonical":"https:\/\/tourtravelandmore.com\/es\/tours\/espana-es\/avila-tour-es\/avila-excursiones-privadas-es\/tour-privado-de-segovia-y-avila-desde-madrid\/","og_locale":"es_ES","og_type":"article","og_title":"Tour privado de Segovia y Avila desde Madrid","og_description":"Descubre en un mismo dias dos ciudades, gracias a este tour de Segovia y Avila desde Madrid, con guia oficial privado y vehiculo privado con conductor \u2705","og_url":"https:\/\/tourtravelandmore.com\/es\/tours\/espana-es\/avila-tour-es\/avila-excursiones-privadas-es\/tour-privado-de-segovia-y-avila-desde-madrid\/","og_site_name":"Tour Travel And More","article_publisher":"https:\/\/www.facebook.com\/tourtravelandmore\/","article_modified_time":"2024-05-02T17:46:59+00:00","og_image":[{"width":960,"height":640,"url":"https:\/\/tourtravelandmore.com\/wp-content\/uploads\/2020\/07\/Segovia4.jpg","type":"image\/jpeg"}],"twitter_card":"summary_large_image","twitter_site":"@TourTravel_More","twitter_misc":{"Tiempo de lectura":"2 minutos"},"schema":{"@context":"https:\/\/schema.org","@graph":[{"@type":"WebPage","@id":"https:\/\/tourtravelandmore.com\/es\/tours\/espana-es\/avila-tour-es\/avila-excursiones-privadas-es\/tour-privado-de-segovia-y-avila-desde-madrid\/","url":"https:\/\/tourtravelandmore.com\/es\/tours\/espana-es\/avila-tour-es\/avila-excursiones-privadas-es\/tour-privado-de-segovia-y-avila-desde-madrid\/","name":"\u27a1\ufe0f Tour Segovia y Avila desde Madrid | Tour Travel & More","isPartOf":{"@id":"https:\/\/tourtravelandmore.com\/es\/#website"},"primaryImageOfPage":{"@id":"https:\/\/tourtravelandmore.com\/es\/tours\/espana-es\/avila-tour-es\/avila-excursiones-privadas-es\/tour-privado-de-segovia-y-avila-desde-madrid\/#primaryimage"},"image":{"@id":"https:\/\/tourtravelandmore.com\/es\/tours\/espana-es\/avila-tour-es\/avila-excursiones-privadas-es\/tour-privado-de-segovia-y-avila-desde-madrid\/#primaryimage"},"thumbnailUrl":"https:\/\/tourtravelandmore.com\/wp-content\/uploads\/2020\/07\/Segovia4.jpg","datePublished":"2020-07-14T09:55:36+00:00","dateModified":"2024-05-02T17:46:59+00:00","description":"Descubre en un mismo dias dos ciudades, gracias a este tour de Segovia y Avila desde Madrid, con guia oficial privado y vehiculo privado con conductor \u2705","breadcrumb":{"@id":"https:\/\/tourtravelandmore.com\/es\/tours\/espana-es\/avila-tour-es\/avila-excursiones-privadas-es\/tour-privado-de-segovia-y-avila-desde-madrid\/#breadcrumb"},"inLanguage":"es","potentialAction":[{"@type":"ReadAction","target":["https:\/\/tourtravelandmore.com\/es\/tours\/espana-es\/avila-tour-es\/avila-excursiones-privadas-es\/tour-privado-de-segovia-y-avila-desde-madrid\/"]}]},{"@type":"ImageObject","inLanguage":"es","@id":"https:\/\/tourtravelandmore.com\/es\/tours\/espana-es\/avila-tour-es\/avila-excursiones-privadas-es\/tour-privado-de-segovia-y-avila-desde-madrid\/#primaryimage","url":"https:\/\/tourtravelandmore.com\/wp-content\/uploads\/2020\/07\/Segovia4.jpg","contentUrl":"https:\/\/tourtravelandmore.com\/wp-content\/uploads\/2020\/07\/Segovia4.jpg","width":960,"height":640},{"@type":"BreadcrumbList","@id":"https:\/\/tourtravelandmore.com\/es\/tours\/espana-es\/avila-tour-es\/avila-excursiones-privadas-es\/tour-privado-de-segovia-y-avila-desde-madrid\/#breadcrumb","itemListElement":[{"@type":"ListItem","position":1,"name":"Home","item":"https:\/\/tourtravelandmore.com\/es\/"},{"@type":"ListItem","position":2,"name":"Tours","item":"https:\/\/tourtravelandmore.com\/es\/tours\/"},{"@type":"ListItem","position":3,"name":"Tour privado de Segovia y Avila desde Madrid"}]},{"@type":"WebSite","@id":"https:\/\/tourtravelandmore.com\/es\/#website","url":"https:\/\/tourtravelandmore.com\/es\/","name":"Tour Travel And More","description":"Private sightseeing tours and luxury transfers in Spain","publisher":{"@id":"https:\/\/tourtravelandmore.com\/es\/#organization"},"potentialAction":[{"@type":"SearchAction","target":{"@type":"EntryPoint","urlTemplate":"https:\/\/tourtravelandmore.com\/es\/?s={search_term_string}"},"query-input":{"@type":"PropertyValueSpecification","valueRequired":true,"valueName":"search_term_string"}}],"inLanguage":"es"},{"@type":"Organization","@id":"https:\/\/tourtravelandmore.com\/es\/#organization","name":"Tour Travel And More","url":"https:\/\/tourtravelandmore.com\/es\/","logo":{"@type":"ImageObject","inLanguage":"es","@id":"https:\/\/tourtravelandmore.com\/es\/#\/schema\/logo\/image\/","url":"https:\/\/tourtravelandmore.com\/wp-content\/uploads\/2022\/12\/cropped-logo-cabecera-new.png","contentUrl":"https:\/\/tourtravelandmore.com\/wp-content\/uploads\/2022\/12\/cropped-logo-cabecera-new.png","width":430,"height":61,"caption":"Tour Travel And More"},"image":{"@id":"https:\/\/tourtravelandmore.com\/es\/#\/schema\/logo\/image\/"},"sameAs":["https:\/\/www.facebook.com\/tourtravelandmore\/","https:\/\/x.com\/TourTravel_More"]}]}},"_links":{"self":[{"href":"https:\/\/tourtravelandmore.com\/es\/wp-json\/wp\/v2\/product\/81296","targetHints":{"allow":["GET"]}}],"collection":[{"href":"https:\/\/tourtravelandmore.com\/es\/wp-json\/wp\/v2\/product"}],"about":[{"href":"https:\/\/tourtravelandmore.com\/es\/wp-json\/wp\/v2\/types\/product"}],"replies":[{"embeddable":true,"href":"https:\/\/tourtravelandmore.com\/es\/wp-json\/wp\/v2\/comments?post=81296"}],"wp:featuredmedia":[{"embeddable":true,"href":"https:\/\/tourtravelandmore.com\/es\/wp-json\/wp\/v2\/media\/80968"}],"wp:attachment":[{"href":"https:\/\/tourtravelandmore.com\/es\/wp-json\/wp\/v2\/media?parent=81296"}],"wp:term":[{"taxonomy":"product_brand","embeddable":true,"href":"https:\/\/tourtravelandmore.com\/es\/wp-json\/wp\/v2\/product_brand?post=81296"},{"taxonomy":"product_cat","embeddable":true,"href":"https:\/\/tourtravelandmore.com\/es\/wp-json\/wp\/v2\/product_cat?post=81296"},{"taxonomy":"product_tag","embeddable":true,"href":"https:\/\/tourtravelandmore.com\/es\/wp-json\/wp\/v2\/product_tag?post=81296"}],"curies":[{"name":"wp","href":"https:\/\/api.w.org\/{rel}","templated":true}]}}