{"id":81228,"date":"2020-07-06T12:34:24","date_gmt":"2020-07-13T08:55:21","guid":{"rendered":"https:\/\/tourtravelandmore.com\/?post_type=product&#038;p=81228"},"modified":"2024-05-02T18:46:46","modified_gmt":"2024-05-02T16:46:46","slug":"tour-privado-de-toledo-y-segovia-desde-madrid","status":"publish","type":"product","link":"https:\/\/tourtravelandmore.com\/es\/tours\/espana-es\/madrid-es\/tour-privado-de-toledo-y-segovia-desde-madrid\/","title":{"rendered":"Tour Privado de Toledo y Segovia desde Madrid"},"content":{"rendered":"<h2><strong>Descripci\u00f3n del Tour Privado de Toledo y Segovia desde Madrid<\/strong><\/h2>\n<p>El Tour a Toledo y Segovia desde Madrid, es la forma perfecta de conocer en un d\u00eda junto a nuestro gu\u00eda oficial, privado y veh\u00edculo privado con conductor dos de las principales ciudades de alrededor de Madrid.<\/p>\n<p>Nuestros gu\u00edas oficiales privados esperar\u00e1n en Toledo para realizar un recorrido a pie de 2 horas, al finalizar nos dirigiremos a Segovia para comer en un lugar t\u00edpico, el famoso cochinillo o lechal. Una vez acabemos de comer nuestro gu\u00eda os recoger\u00e1 para empezar el recorrido a pie de Segovia.<\/p>\n<p>La Duraci\u00f3n del Tour a Toledo y Segovia desde Madrid son 10 horas.<\/p>\n<p>El Tour es completamente privado, nos adaptamos a sus preferencias. Nosotros solemos ir primero a Toledo para luego comer en Segovia, pero si desean podemos cambiar el orden. Solo lo tiene que indicar en el formulario de contacto del tour.<\/p>\n<p>La recogida puede ser en su Hotel de Madrid o cualquier lugar de la ciudad, nuestro conductor privado estar\u00e1 esperando a la hora escogida para empezar el tour.<\/p>\n<h2><strong>Puntos de inter\u00e9s en el Tour Privado de Toledo y Segovia desde Madrid<br \/>\n<\/strong><\/h2>\n<p>Al llegar a Toledo empezaremos por una panor\u00e1mica de la ciudad, nuestro gu\u00eda subir\u00e1 al veh\u00edculo y iremos a uno de los miradores para empezar a conocer la ciudad. Cuando finalicemos bajaremos al centro para empezar el recorrido a pie, ya que el veh\u00edculo no puede acceder hasta el centro.<\/p>\n<p>Ah\u00ed veremos lo m\u00e1s importante de la ciudad:<\/p>\n<ul>\n<li><strong>Plaza Zocodover<\/strong><\/li>\n<li><strong>Catedral de Toledo conocida con el nombre de Santa Mar\u00eda.<\/strong><\/li>\n<li><strong>Alcazar<\/strong><\/li>\n<li><strong>Sinagoga de Santa Mar\u00eda La Blanca<\/strong><\/li>\n<li><strong>Monasterio de San Juan de los Reyes<\/strong><\/li>\n<li><strong>Puente de Alc\u00e1ntara<\/strong><\/li>\n<li><strong>Iglesia de Santo Tom\u00e9<\/strong><\/li>\n<li><strong>Barrio Jud\u00edo<\/strong><\/li>\n<li><strong>Iglesia de los Jesuitas<\/strong><\/li>\n<li><strong>Mezquita de Cristo de la Luz<\/strong><\/li>\n<\/ul>\n<p>Al finalizar nuestro gu\u00eda oficial privado nos dejar\u00e1 con el conductor para ir hacia Segovia. D\u00f3nde iremos a un restaurante t\u00edpico para comer. Recomendamos reservar con antelaci\u00f3n. Despu\u00e9s de comer el gu\u00eda nos recoger\u00e1 para comenzar el recorrido a pie de Segovia.<\/p>\n<p>Veremos las principales atracciones de la ciudad:<\/p>\n<ul>\n<li><strong>Acueducto<\/strong><\/li>\n<li><strong>El Alcazar<\/strong><\/li>\n<li><strong>Catedral de Segovia<\/strong><\/li>\n<li><strong>Puerta de San Andr\u00e9s<\/strong><\/li>\n<li><strong>Plaza Medina del Campo<\/strong><\/li>\n<li><strong>Barrio Judio<\/strong><\/li>\n<li><strong>La Alh\u00f3ndiga<\/strong><\/li>\n<\/ul>\n<p>Nuestro no solo sabe de historia, conoce rincones \u00fanicos, leyendas y an\u00e9cdotas, para convertir su Tour a Toledo y Segovida desde Madrid, con gu\u00eda oficial privado en una experiencia \u00fanica.<\/p>\n<p>Si desea conocer la ciudad de Madrid, puede consultar el listado de <a href=\"https:\/\/tourtravelandmore.com\/es\/ciudad\/espana-es\/madrid-es\/\">tours privados de Madrid.<\/a><\/p>\n<p>Para solicitar m\u00e1s informaci\u00f3n, rellene el formulario de contacto y nuestro equipo le contactar\u00e1 de inmediato para enviar la informaci\u00f3n detallada.<\/p>\n","protected":false},"excerpt":{"rendered":"<p>Disfruta de un tour de d\u00eda completo y conoce es un mismo d\u00eda dos ciudad: Toledo y Segovia, junto a nuestro gu\u00eda y vehiculo con conductor.<\/p>\n","protected":false},"featured_media":80994,"comment_status":"open","ping_status":"closed","template":"","meta":{"_acf_changed":false},"product_brand":[],"product_cat":[284,293,285,287,286,350,533,534,351,353,541,542,354],"product_tag":[],"class_list":{"0":"post-81228","1":"product","2":"type-product","3":"status-publish","4":"has-post-thumbnail","6":"product_cat-madrid-es","7":"product_cat-madrid-top-ventas-es","8":"product_cat-madrid-actividades-es","9":"product_cat-madrid-rutas-turisticas-privadas-es","10":"product_cat-madrid-excursiones-es","11":"product_cat-segovia-es","12":"product_cat-segovia-actividades-es","13":"product_cat-segovia-rutas-turisticas-privadas-es","14":"product_cat-segovia-excursiones-es","15":"product_cat-toledo-es","16":"product_cat-toledo-actividades-es","17":"product_cat-toledo-rutas-turisticas-privadas-es","18":"product_cat-toledo-excursiones-es","20":"first","21":"instock","22":"shipping-taxable","23":"purchasable","24":"product-type-simple"},"acf":[],"yoast_head":"<!-- This site is optimized with the Yoast SEO Premium plugin v25.3.1 (Yoast SEO v25.3.1) - https:\/\/yoast.com\/wordpress\/plugins\/seo\/ -->\n<title>\u27a1\ufe0f Tour a Toledo y Segovia desde Madrid | Tour Travel &amp; More<\/title>\n<meta name=\"description\" content=\"El tour a Toledo y Segovia desde Madrid, conocer\u00e1 dos de las ciudades m\u00e1s importantes de los alrededores, junto con su gu\u00eda oficial y vehiculo privado \u2705\" \/>\n<meta name=\"robots\" content=\"index, follow, max-snippet:-1, max-image-preview:large, max-video-preview:-1\" \/>\n<link rel=\"canonical\" href=\"https:\/\/tourtravelandmore.com\/es\/tours\/espana-es\/madrid-es\/tour-privado-de-toledo-y-segovia-desde-madrid\/\" \/>\n<meta property=\"og:locale\" content=\"es_ES\" \/>\n<meta property=\"og:type\" content=\"article\" \/>\n<meta property=\"og:title\" content=\"Tour Privado de Toledo y Segovia desde Madrid\" \/>\n<meta property=\"og:description\" content=\"El tour a Toledo y Segovia desde Madrid, conocer\u00e1 dos de las ciudades m\u00e1s importantes de los alrededores, junto con su gu\u00eda oficial y vehiculo privado \u2705\" \/>\n<meta property=\"og:url\" content=\"https:\/\/tourtravelandmore.com\/es\/tours\/espana-es\/madrid-es\/tour-privado-de-toledo-y-segovia-desde-madrid\/\" \/>\n<meta property=\"og:site_name\" content=\"Tour Travel And More\" \/>\n<meta property=\"article:publisher\" content=\"https:\/\/www.facebook.com\/tourtravelandmore\/\" \/>\n<meta property=\"article:modified_time\" content=\"2024-05-02T16:46:46+00:00\" \/>\n<meta property=\"og:image\" content=\"https:\/\/tourtravelandmore.com\/wp-content\/uploads\/2020\/07\/Toledo4.jpg\" \/>\n\t<meta property=\"og:image:width\" content=\"1920\" \/>\n\t<meta property=\"og:image:height\" content=\"1271\" \/>\n\t<meta property=\"og:image:type\" content=\"image\/jpeg\" \/>\n<meta name=\"twitter:card\" content=\"summary_large_image\" \/>\n<meta name=\"twitter:site\" content=\"@TourTravel_More\" \/>\n<meta name=\"twitter:label1\" content=\"Tiempo de lectura\" \/>\n\t<meta name=\"twitter:data1\" content=\"2 minutos\" \/>\n<script type=\"application\/ld+json\" class=\"yoast-schema-graph\">{\"@context\":\"https:\/\/schema.org\",\"@graph\":[{\"@type\":\"WebPage\",\"@id\":\"https:\/\/tourtravelandmore.com\/es\/tours\/espana-es\/madrid-es\/tour-privado-de-toledo-y-segovia-desde-madrid\/\",\"url\":\"https:\/\/tourtravelandmore.com\/es\/tours\/espana-es\/madrid-es\/tour-privado-de-toledo-y-segovia-desde-madrid\/\",\"name\":\"\u27a1\ufe0f Tour a Toledo y Segovia desde Madrid | Tour Travel & More\",\"isPartOf\":{\"@id\":\"https:\/\/tourtravelandmore.com\/es\/#website\"},\"primaryImageOfPage\":{\"@id\":\"https:\/\/tourtravelandmore.com\/es\/tours\/espana-es\/madrid-es\/tour-privado-de-toledo-y-segovia-desde-madrid\/#primaryimage\"},\"image\":{\"@id\":\"https:\/\/tourtravelandmore.com\/es\/tours\/espana-es\/madrid-es\/tour-privado-de-toledo-y-segovia-desde-madrid\/#primaryimage\"},\"thumbnailUrl\":\"https:\/\/tourtravelandmore.com\/wp-content\/uploads\/2020\/07\/Toledo4.jpg\",\"datePublished\":\"2020-07-13T08:55:21+00:00\",\"dateModified\":\"2024-05-02T16:46:46+00:00\",\"description\":\"El tour a Toledo y Segovia desde Madrid, conocer\u00e1 dos de las ciudades m\u00e1s importantes de los alrededores, junto con su gu\u00eda oficial y vehiculo privado \u2705\",\"breadcrumb\":{\"@id\":\"https:\/\/tourtravelandmore.com\/es\/tours\/espana-es\/madrid-es\/tour-privado-de-toledo-y-segovia-desde-madrid\/#breadcrumb\"},\"inLanguage\":\"es\",\"potentialAction\":[{\"@type\":\"ReadAction\",\"target\":[\"https:\/\/tourtravelandmore.com\/es\/tours\/espana-es\/madrid-es\/tour-privado-de-toledo-y-segovia-desde-madrid\/\"]}]},{\"@type\":\"ImageObject\",\"inLanguage\":\"es\",\"@id\":\"https:\/\/tourtravelandmore.com\/es\/tours\/espana-es\/madrid-es\/tour-privado-de-toledo-y-segovia-desde-madrid\/#primaryimage\",\"url\":\"https:\/\/tourtravelandmore.com\/wp-content\/uploads\/2020\/07\/Toledo4.jpg\",\"contentUrl\":\"https:\/\/tourtravelandmore.com\/wp-content\/uploads\/2020\/07\/Toledo4.jpg\",\"width\":1920,\"height\":1271},{\"@type\":\"BreadcrumbList\",\"@id\":\"https:\/\/tourtravelandmore.com\/es\/tours\/espana-es\/madrid-es\/tour-privado-de-toledo-y-segovia-desde-madrid\/#breadcrumb\",\"itemListElement\":[{\"@type\":\"ListItem\",\"position\":1,\"name\":\"Home\",\"item\":\"https:\/\/tourtravelandmore.com\/es\/\"},{\"@type\":\"ListItem\",\"position\":2,\"name\":\"Tours\",\"item\":\"https:\/\/tourtravelandmore.com\/es\/tours\/\"},{\"@type\":\"ListItem\",\"position\":3,\"name\":\"Tour Privado de Toledo y Segovia desde Madrid\"}]},{\"@type\":\"WebSite\",\"@id\":\"https:\/\/tourtravelandmore.com\/es\/#website\",\"url\":\"https:\/\/tourtravelandmore.com\/es\/\",\"name\":\"Tour Travel And More\",\"description\":\"Private sightseeing tours and luxury transfers in Spain\",\"publisher\":{\"@id\":\"https:\/\/tourtravelandmore.com\/es\/#organization\"},\"potentialAction\":[{\"@type\":\"SearchAction\",\"target\":{\"@type\":\"EntryPoint\",\"urlTemplate\":\"https:\/\/tourtravelandmore.com\/es\/?s={search_term_string}\"},\"query-input\":{\"@type\":\"PropertyValueSpecification\",\"valueRequired\":true,\"valueName\":\"search_term_string\"}}],\"inLanguage\":\"es\"},{\"@type\":\"Organization\",\"@id\":\"https:\/\/tourtravelandmore.com\/es\/#organization\",\"name\":\"Tour Travel And More\",\"url\":\"https:\/\/tourtravelandmore.com\/es\/\",\"logo\":{\"@type\":\"ImageObject\",\"inLanguage\":\"es\",\"@id\":\"https:\/\/tourtravelandmore.com\/es\/#\/schema\/logo\/image\/\",\"url\":\"https:\/\/tourtravelandmore.com\/wp-content\/uploads\/2022\/12\/cropped-logo-cabecera-new.png\",\"contentUrl\":\"https:\/\/tourtravelandmore.com\/wp-content\/uploads\/2022\/12\/cropped-logo-cabecera-new.png\",\"width\":430,\"height\":61,\"caption\":\"Tour Travel And More\"},\"image\":{\"@id\":\"https:\/\/tourtravelandmore.com\/es\/#\/schema\/logo\/image\/\"},\"sameAs\":[\"https:\/\/www.facebook.com\/tourtravelandmore\/\",\"https:\/\/x.com\/TourTravel_More\"]}]}<\/script>\n<!-- \/ Yoast SEO Premium plugin. -->","yoast_head_json":{"title":"\u27a1\ufe0f Tour a Toledo y Segovia desde Madrid | Tour Travel & More","description":"El tour a Toledo y Segovia desde Madrid, conocer\u00e1 dos de las ciudades m\u00e1s importantes de los alrededores, junto con su gu\u00eda oficial y vehiculo privado \u2705","robots":{"index":"index","follow":"follow","max-snippet":"max-snippet:-1","max-image-preview":"max-image-preview:large","max-video-preview":"max-video-preview:-1"},"canonical":"https:\/\/tourtravelandmore.com\/es\/tours\/espana-es\/madrid-es\/tour-privado-de-toledo-y-segovia-desde-madrid\/","og_locale":"es_ES","og_type":"article","og_title":"Tour Privado de Toledo y Segovia desde Madrid","og_description":"El tour a Toledo y Segovia desde Madrid, conocer\u00e1 dos de las ciudades m\u00e1s importantes de los alrededores, junto con su gu\u00eda oficial y vehiculo privado \u2705","og_url":"https:\/\/tourtravelandmore.com\/es\/tours\/espana-es\/madrid-es\/tour-privado-de-toledo-y-segovia-desde-madrid\/","og_site_name":"Tour Travel And More","article_publisher":"https:\/\/www.facebook.com\/tourtravelandmore\/","article_modified_time":"2024-05-02T16:46:46+00:00","og_image":[{"width":1920,"height":1271,"url":"https:\/\/tourtravelandmore.com\/wp-content\/uploads\/2020\/07\/Toledo4.jpg","type":"image\/jpeg"}],"twitter_card":"summary_large_image","twitter_site":"@TourTravel_More","twitter_misc":{"Tiempo de lectura":"2 minutos"},"schema":{"@context":"https:\/\/schema.org","@graph":[{"@type":"WebPage","@id":"https:\/\/tourtravelandmore.com\/es\/tours\/espana-es\/madrid-es\/tour-privado-de-toledo-y-segovia-desde-madrid\/","url":"https:\/\/tourtravelandmore.com\/es\/tours\/espana-es\/madrid-es\/tour-privado-de-toledo-y-segovia-desde-madrid\/","name":"\u27a1\ufe0f Tour a Toledo y Segovia desde Madrid | Tour Travel & More","isPartOf":{"@id":"https:\/\/tourtravelandmore.com\/es\/#website"},"primaryImageOfPage":{"@id":"https:\/\/tourtravelandmore.com\/es\/tours\/espana-es\/madrid-es\/tour-privado-de-toledo-y-segovia-desde-madrid\/#primaryimage"},"image":{"@id":"https:\/\/tourtravelandmore.com\/es\/tours\/espana-es\/madrid-es\/tour-privado-de-toledo-y-segovia-desde-madrid\/#primaryimage"},"thumbnailUrl":"https:\/\/tourtravelandmore.com\/wp-content\/uploads\/2020\/07\/Toledo4.jpg","datePublished":"2020-07-13T08:55:21+00:00","dateModified":"2024-05-02T16:46:46+00:00","description":"El tour a Toledo y Segovia desde Madrid, conocer\u00e1 dos de las ciudades m\u00e1s importantes de los alrededores, junto con su gu\u00eda oficial y vehiculo privado \u2705","breadcrumb":{"@id":"https:\/\/tourtravelandmore.com\/es\/tours\/espana-es\/madrid-es\/tour-privado-de-toledo-y-segovia-desde-madrid\/#breadcrumb"},"inLanguage":"es","potentialAction":[{"@type":"ReadAction","target":["https:\/\/tourtravelandmore.com\/es\/tours\/espana-es\/madrid-es\/tour-privado-de-toledo-y-segovia-desde-madrid\/"]}]},{"@type":"ImageObject","inLanguage":"es","@id":"https:\/\/tourtravelandmore.com\/es\/tours\/espana-es\/madrid-es\/tour-privado-de-toledo-y-segovia-desde-madrid\/#primaryimage","url":"https:\/\/tourtravelandmore.com\/wp-content\/uploads\/2020\/07\/Toledo4.jpg","contentUrl":"https:\/\/tourtravelandmore.com\/wp-content\/uploads\/2020\/07\/Toledo4.jpg","width":1920,"height":1271},{"@type":"BreadcrumbList","@id":"https:\/\/tourtravelandmore.com\/es\/tours\/espana-es\/madrid-es\/tour-privado-de-toledo-y-segovia-desde-madrid\/#breadcrumb","itemListElement":[{"@type":"ListItem","position":1,"name":"Home","item":"https:\/\/tourtravelandmore.com\/es\/"},{"@type":"ListItem","position":2,"name":"Tours","item":"https:\/\/tourtravelandmore.com\/es\/tours\/"},{"@type":"ListItem","position":3,"name":"Tour Privado de Toledo y Segovia desde Madrid"}]},{"@type":"WebSite","@id":"https:\/\/tourtravelandmore.com\/es\/#website","url":"https:\/\/tourtravelandmore.com\/es\/","name":"Tour Travel And More","description":"Private sightseeing tours and luxury transfers in Spain","publisher":{"@id":"https:\/\/tourtravelandmore.com\/es\/#organization"},"potentialAction":[{"@type":"SearchAction","target":{"@type":"EntryPoint","urlTemplate":"https:\/\/tourtravelandmore.com\/es\/?s={search_term_string}"},"query-input":{"@type":"PropertyValueSpecification","valueRequired":true,"valueName":"search_term_string"}}],"inLanguage":"es"},{"@type":"Organization","@id":"https:\/\/tourtravelandmore.com\/es\/#organization","name":"Tour Travel And More","url":"https:\/\/tourtravelandmore.com\/es\/","logo":{"@type":"ImageObject","inLanguage":"es","@id":"https:\/\/tourtravelandmore.com\/es\/#\/schema\/logo\/image\/","url":"https:\/\/tourtravelandmore.com\/wp-content\/uploads\/2022\/12\/cropped-logo-cabecera-new.png","contentUrl":"https:\/\/tourtravelandmore.com\/wp-content\/uploads\/2022\/12\/cropped-logo-cabecera-new.png","width":430,"height":61,"caption":"Tour Travel And More"},"image":{"@id":"https:\/\/tourtravelandmore.com\/es\/#\/schema\/logo\/image\/"},"sameAs":["https:\/\/www.facebook.com\/tourtravelandmore\/","https:\/\/x.com\/TourTravel_More"]}]}},"_links":{"self":[{"href":"https:\/\/tourtravelandmore.com\/es\/wp-json\/wp\/v2\/product\/81228","targetHints":{"allow":["GET"]}}],"collection":[{"href":"https:\/\/tourtravelandmore.com\/es\/wp-json\/wp\/v2\/product"}],"about":[{"href":"https:\/\/tourtravelandmore.com\/es\/wp-json\/wp\/v2\/types\/product"}],"replies":[{"embeddable":true,"href":"https:\/\/tourtravelandmore.com\/es\/wp-json\/wp\/v2\/comments?post=81228"}],"wp:featuredmedia":[{"embeddable":true,"href":"https:\/\/tourtravelandmore.com\/es\/wp-json\/wp\/v2\/media\/80994"}],"wp:attachment":[{"href":"https:\/\/tourtravelandmore.com\/es\/wp-json\/wp\/v2\/media?parent=81228"}],"wp:term":[{"taxonomy":"product_brand","embeddable":true,"href":"https:\/\/tourtravelandmore.com\/es\/wp-json\/wp\/v2\/product_brand?post=81228"},{"taxonomy":"product_cat","embeddable":true,"href":"https:\/\/tourtravelandmore.com\/es\/wp-json\/wp\/v2\/product_cat?post=81228"},{"taxonomy":"product_tag","embeddable":true,"href":"https:\/\/tourtravelandmore.com\/es\/wp-json\/wp\/v2\/product_tag?post=81228"}],"curies":[{"name":"wp","href":"https:\/\/api.w.org\/{rel}","templated":true}]}}