{"id":811,"date":"2016-03-13T18:05:18","date_gmt":"2016-04-14T18:52:05","guid":{"rendered":"http:\/\/tourtravelandmore.com\/?post_type=product&#038;p=811&#038;lang=es"},"modified":"2023-01-28T08:47:24","modified_gmt":"2023-01-28T07:47:24","slug":"tour-privado-a-pie-ronda-tour-con-guia-oficial-y-entradas-incluidas","status":"publish","type":"product","link":"https:\/\/tourtravelandmore.com\/es\/tours\/espana-es\/ronda-es\/tour-privado-a-pie-ronda-tour-con-guia-oficial-y-entradas-incluidas\/","title":{"rendered":"Tour Privado a pie de Ronda"},"content":{"rendered":"<h2>Descripci\u00f3n del Tour Privado a pie de Ronda<\/h2>\n<p><span lang=\"es\">Este Ronda tour con gu\u00eda privado oficial, comenzar\u00e1 en un punto de encuentro c\u00e9ntrico en Ronda o en su hotel. <\/span><\/p>\n<p><span lang=\"es\">Desde all\u00ed comenzaremos su tour privado a pie Ronda. Esta es una de las mejores formas de conocer Ronda y aprender lo que la ciudad tiene para ofrecer. La duraci\u00f3n del Ronda tour es de 3 horas.<\/span><\/p>\n<p><span lang=\"es\">En primer lugar, estableceremos un punto de encuentro d\u00f3nde se encontrar\u00e1n con su gu\u00eda privado oficial. Si te alojas en un hotel c\u00e9ntrico, podemos quedar desde all\u00ed. Si viene de fuera de la ciudad, podemos encontrarnos en un estacionamiento para una experiencia m\u00e1s c\u00f3moda. <\/span><\/p>\n<p><span lang=\"es\">Tambi\u00e9n podemos organizar transporte privado para recogerle desde cualquier ciudad de Andaluc\u00eda y llevarle a Ronda, solo lo tiene que indicar en el formulario de contacto.<\/span><\/p>\n<p><span lang=\"es\">Ronda es una peque\u00f1a ciudad \u00fanica. Disfrute de la antigua ciudadela junto a su propio gu\u00eda tur\u00edstico privado. Conozca la historia morisca y el famoso Puente Nuevo del siglo XVIII. <\/span><\/p>\n<h2>Puntos de inter\u00e9s en el Tour Privado a pie de Ronda<\/h2>\n<p><span lang=\"es\">A continuaci\u00f3n se muestra un ejemplo de algunos de los lugares m\u00e1s importantes que vamos a conocer a lo largo de su tour privado a pie Ronda. <\/span><\/p>\n<p><span lang=\"es\">Esto le dar\u00e1 una idea de lo que puede ver, pero su recorrido ser\u00e1 completamente personalizado para satisfacer sus deseos.<\/span><\/p>\n<p><span lang=\"es\">A continuaci\u00f3n se muestran algunos ejemplos de los sitios m\u00e1s importantes que se incluyen en la ciudad de Ronda. <\/span><\/p>\n<ul>\n<li><strong><span lang=\"es\">Tres puentes de Ronda: Puente Romano, El Puente Viejo y Puente Nuevo: este puente del siglo XVIII es un verdadero icono en Ronda. Se eleva hasta 120 metros de altura sobre el desfiladero del Tajo. <\/span><\/strong><\/li>\n<li><strong><span lang=\"es\">Ayuntamiento<\/span><\/strong><\/li>\n<li><strong><span lang=\"es\">Puerta de Almoc\u00e1bar<\/span><\/strong><\/li>\n<li><strong><span lang=\"es\">Iglesia de Santa Mar\u00eda La Mayor<\/span><\/strong><\/li>\n<li><strong><span lang=\"es\">Alameda del Tajo <\/span><\/strong><\/li>\n<li><strong>Casa de Don Bosco<\/strong><\/li>\n<li><strong><span lang=\"es\">Plaza de Toros (plaza de toros m\u00e1s antigua) <\/span><\/strong><\/li>\n<li><strong><span lang=\"es\">Ba\u00f1os \u00e1rabes: herencia morisca completa<\/span><\/strong><\/li>\n<li><strong><span lang=\"es\">\u00a1Mucho m\u00e1s!<\/span><\/strong><\/li>\n<\/ul>\n<p>Las entradas a la Plaza de Toros y la Casa de don Bosco est\u00e1n incluidas en el tour.<\/p>\n<p><span lang=\"es\">El Tour privado a pie por Ronda terminar\u00e1 en un punto c\u00e9ntrico de Ronda.<\/span><\/p>\n<p>Puedes consultar <a href=\"https:\/\/tourtravelandmore.com\/es\/ciudad\/espana-es\/ronda-es\/\">aqu\u00ed<\/a> el resto de tours que ofrecemos en Ronda.<\/p>\n","protected":false},"excerpt":{"rendered":"<p>Descubre la ciudad de Ronda, gracias a este tour privado a pie con gu\u00eda oficial. Conocer\u00e1s la historia y los principales monumentos: <span lang=\"es\">Tres puentes de Ronda (Puente Romano, El Puente Viejo y Puente Nuevo), <\/span><span lang=\"es\">Ayuntamiento, <\/span><span lang=\"es\">Puerta de Almoc\u00e1bar, <\/span><span lang=\"es\">Iglesia de Santa Mar\u00eda La Mayor, Plaza de Toros, Ba\u00f1os Arabes y mucho mas!<br \/>\n<\/span><\/p>\n<p>&nbsp;<\/p>\n","protected":false},"featured_media":692,"comment_status":"open","ping_status":"closed","template":"","meta":{"_acf_changed":false},"product_brand":[],"product_cat":[100,518,102,101,103],"product_tag":[],"class_list":{"0":"post-811","1":"product","2":"type-product","3":"status-publish","4":"has-post-thumbnail","6":"product_cat-ronda-es","7":"product_cat-ronda-actividades-es","8":"product_cat-ronda-rutas-turisticas-privadas-es","9":"product_cat-ronda-excursiones-es","10":"product_cat-ronda-tours-privados-pie-es","12":"first","13":"instock","14":"shipping-taxable","15":"purchasable","16":"product-type-simple"},"acf":[],"yoast_head":"<!-- This site is optimized with the Yoast SEO Premium plugin v25.3.1 (Yoast SEO v25.3.1) - https:\/\/yoast.com\/wordpress\/plugins\/seo\/ -->\n<title>\u27a1\ufe0f Tour Privado a pie Ronda | Tour Travel &amp; More<\/title>\n<meta name=\"description\" content=\"Disfruta de este tour privado a pie Ronda y descubre una de las ciudades con m\u00e1s encanto de Espa\u00f1a, junto a su gu\u00eda oficial privado \u2705\" \/>\n<meta name=\"robots\" content=\"index, follow, max-snippet:-1, max-image-preview:large, max-video-preview:-1\" \/>\n<link rel=\"canonical\" href=\"https:\/\/tourtravelandmore.com\/es\/tours\/espana-es\/ronda-es\/tour-privado-a-pie-ronda-tour-con-guia-oficial-y-entradas-incluidas\/\" \/>\n<meta property=\"og:locale\" content=\"es_ES\" \/>\n<meta property=\"og:type\" content=\"article\" \/>\n<meta property=\"og:title\" content=\"Tour Privado a pie de Ronda\" \/>\n<meta property=\"og:description\" content=\"Disfruta de este tour privado a pie Ronda y descubre una de las ciudades con m\u00e1s encanto de Espa\u00f1a, junto a su gu\u00eda oficial privado \u2705\" \/>\n<meta property=\"og:url\" content=\"https:\/\/tourtravelandmore.com\/es\/tours\/espana-es\/ronda-es\/tour-privado-a-pie-ronda-tour-con-guia-oficial-y-entradas-incluidas\/\" \/>\n<meta property=\"og:site_name\" content=\"Tour Travel And More\" \/>\n<meta property=\"article:publisher\" content=\"https:\/\/www.facebook.com\/tourtravelandmore\/\" \/>\n<meta property=\"article:modified_time\" content=\"2023-01-28T07:47:24+00:00\" \/>\n<meta property=\"og:image\" content=\"https:\/\/tourtravelandmore.com\/wp-content\/uploads\/2016\/03\/ronda-3.jpg\" \/>\n\t<meta property=\"og:image:width\" content=\"1613\" \/>\n\t<meta property=\"og:image:height\" content=\"1080\" \/>\n\t<meta property=\"og:image:type\" content=\"image\/jpeg\" \/>\n<meta name=\"twitter:card\" content=\"summary_large_image\" \/>\n<meta name=\"twitter:site\" content=\"@TourTravel_More\" \/>\n<meta name=\"twitter:label1\" content=\"Tiempo de lectura\" \/>\n\t<meta name=\"twitter:data1\" content=\"2 minutos\" \/>\n<script type=\"application\/ld+json\" class=\"yoast-schema-graph\">{\"@context\":\"https:\/\/schema.org\",\"@graph\":[{\"@type\":\"WebPage\",\"@id\":\"https:\/\/tourtravelandmore.com\/es\/tours\/espana-es\/ronda-es\/tour-privado-a-pie-ronda-tour-con-guia-oficial-y-entradas-incluidas\/\",\"url\":\"https:\/\/tourtravelandmore.com\/es\/tours\/espana-es\/ronda-es\/tour-privado-a-pie-ronda-tour-con-guia-oficial-y-entradas-incluidas\/\",\"name\":\"\u27a1\ufe0f Tour Privado a pie Ronda | Tour Travel & More\",\"isPartOf\":{\"@id\":\"https:\/\/tourtravelandmore.com\/es\/#website\"},\"primaryImageOfPage\":{\"@id\":\"https:\/\/tourtravelandmore.com\/es\/tours\/espana-es\/ronda-es\/tour-privado-a-pie-ronda-tour-con-guia-oficial-y-entradas-incluidas\/#primaryimage\"},\"image\":{\"@id\":\"https:\/\/tourtravelandmore.com\/es\/tours\/espana-es\/ronda-es\/tour-privado-a-pie-ronda-tour-con-guia-oficial-y-entradas-incluidas\/#primaryimage\"},\"thumbnailUrl\":\"https:\/\/tourtravelandmore.com\/wp-content\/uploads\/2016\/03\/ronda-3.jpg\",\"datePublished\":\"2016-04-14T18:52:05+00:00\",\"dateModified\":\"2023-01-28T07:47:24+00:00\",\"description\":\"Disfruta de este tour privado a pie Ronda y descubre una de las ciudades con m\u00e1s encanto de Espa\u00f1a, junto a su gu\u00eda oficial privado \u2705\",\"breadcrumb\":{\"@id\":\"https:\/\/tourtravelandmore.com\/es\/tours\/espana-es\/ronda-es\/tour-privado-a-pie-ronda-tour-con-guia-oficial-y-entradas-incluidas\/#breadcrumb\"},\"inLanguage\":\"es\",\"potentialAction\":[{\"@type\":\"ReadAction\",\"target\":[\"https:\/\/tourtravelandmore.com\/es\/tours\/espana-es\/ronda-es\/tour-privado-a-pie-ronda-tour-con-guia-oficial-y-entradas-incluidas\/\"]}]},{\"@type\":\"ImageObject\",\"inLanguage\":\"es\",\"@id\":\"https:\/\/tourtravelandmore.com\/es\/tours\/espana-es\/ronda-es\/tour-privado-a-pie-ronda-tour-con-guia-oficial-y-entradas-incluidas\/#primaryimage\",\"url\":\"https:\/\/tourtravelandmore.com\/wp-content\/uploads\/2016\/03\/ronda-3.jpg\",\"contentUrl\":\"https:\/\/tourtravelandmore.com\/wp-content\/uploads\/2016\/03\/ronda-3.jpg\",\"width\":1613,\"height\":1080},{\"@type\":\"BreadcrumbList\",\"@id\":\"https:\/\/tourtravelandmore.com\/es\/tours\/espana-es\/ronda-es\/tour-privado-a-pie-ronda-tour-con-guia-oficial-y-entradas-incluidas\/#breadcrumb\",\"itemListElement\":[{\"@type\":\"ListItem\",\"position\":1,\"name\":\"Home\",\"item\":\"https:\/\/tourtravelandmore.com\/es\/\"},{\"@type\":\"ListItem\",\"position\":2,\"name\":\"Tours\",\"item\":\"https:\/\/tourtravelandmore.com\/es\/tours\/\"},{\"@type\":\"ListItem\",\"position\":3,\"name\":\"Tour Privado a pie de Ronda\"}]},{\"@type\":\"WebSite\",\"@id\":\"https:\/\/tourtravelandmore.com\/es\/#website\",\"url\":\"https:\/\/tourtravelandmore.com\/es\/\",\"name\":\"Tour Travel And More\",\"description\":\"Private sightseeing tours and luxury transfers in Spain\",\"publisher\":{\"@id\":\"https:\/\/tourtravelandmore.com\/es\/#organization\"},\"potentialAction\":[{\"@type\":\"SearchAction\",\"target\":{\"@type\":\"EntryPoint\",\"urlTemplate\":\"https:\/\/tourtravelandmore.com\/es\/?s={search_term_string}\"},\"query-input\":{\"@type\":\"PropertyValueSpecification\",\"valueRequired\":true,\"valueName\":\"search_term_string\"}}],\"inLanguage\":\"es\"},{\"@type\":\"Organization\",\"@id\":\"https:\/\/tourtravelandmore.com\/es\/#organization\",\"name\":\"Tour Travel And More\",\"url\":\"https:\/\/tourtravelandmore.com\/es\/\",\"logo\":{\"@type\":\"ImageObject\",\"inLanguage\":\"es\",\"@id\":\"https:\/\/tourtravelandmore.com\/es\/#\/schema\/logo\/image\/\",\"url\":\"https:\/\/tourtravelandmore.com\/wp-content\/uploads\/2022\/12\/cropped-logo-cabecera-new.png\",\"contentUrl\":\"https:\/\/tourtravelandmore.com\/wp-content\/uploads\/2022\/12\/cropped-logo-cabecera-new.png\",\"width\":430,\"height\":61,\"caption\":\"Tour Travel And More\"},\"image\":{\"@id\":\"https:\/\/tourtravelandmore.com\/es\/#\/schema\/logo\/image\/\"},\"sameAs\":[\"https:\/\/www.facebook.com\/tourtravelandmore\/\",\"https:\/\/x.com\/TourTravel_More\"]}]}<\/script>\n<!-- \/ Yoast SEO Premium plugin. -->","yoast_head_json":{"title":"\u27a1\ufe0f Tour Privado a pie Ronda | Tour Travel & More","description":"Disfruta de este tour privado a pie Ronda y descubre una de las ciudades con m\u00e1s encanto de Espa\u00f1a, junto a su gu\u00eda oficial privado \u2705","robots":{"index":"index","follow":"follow","max-snippet":"max-snippet:-1","max-image-preview":"max-image-preview:large","max-video-preview":"max-video-preview:-1"},"canonical":"https:\/\/tourtravelandmore.com\/es\/tours\/espana-es\/ronda-es\/tour-privado-a-pie-ronda-tour-con-guia-oficial-y-entradas-incluidas\/","og_locale":"es_ES","og_type":"article","og_title":"Tour Privado a pie de Ronda","og_description":"Disfruta de este tour privado a pie Ronda y descubre una de las ciudades con m\u00e1s encanto de Espa\u00f1a, junto a su gu\u00eda oficial privado \u2705","og_url":"https:\/\/tourtravelandmore.com\/es\/tours\/espana-es\/ronda-es\/tour-privado-a-pie-ronda-tour-con-guia-oficial-y-entradas-incluidas\/","og_site_name":"Tour Travel And More","article_publisher":"https:\/\/www.facebook.com\/tourtravelandmore\/","article_modified_time":"2023-01-28T07:47:24+00:00","og_image":[{"width":1613,"height":1080,"url":"https:\/\/tourtravelandmore.com\/wp-content\/uploads\/2016\/03\/ronda-3.jpg","type":"image\/jpeg"}],"twitter_card":"summary_large_image","twitter_site":"@TourTravel_More","twitter_misc":{"Tiempo de lectura":"2 minutos"},"schema":{"@context":"https:\/\/schema.org","@graph":[{"@type":"WebPage","@id":"https:\/\/tourtravelandmore.com\/es\/tours\/espana-es\/ronda-es\/tour-privado-a-pie-ronda-tour-con-guia-oficial-y-entradas-incluidas\/","url":"https:\/\/tourtravelandmore.com\/es\/tours\/espana-es\/ronda-es\/tour-privado-a-pie-ronda-tour-con-guia-oficial-y-entradas-incluidas\/","name":"\u27a1\ufe0f Tour Privado a pie Ronda | Tour Travel & More","isPartOf":{"@id":"https:\/\/tourtravelandmore.com\/es\/#website"},"primaryImageOfPage":{"@id":"https:\/\/tourtravelandmore.com\/es\/tours\/espana-es\/ronda-es\/tour-privado-a-pie-ronda-tour-con-guia-oficial-y-entradas-incluidas\/#primaryimage"},"image":{"@id":"https:\/\/tourtravelandmore.com\/es\/tours\/espana-es\/ronda-es\/tour-privado-a-pie-ronda-tour-con-guia-oficial-y-entradas-incluidas\/#primaryimage"},"thumbnailUrl":"https:\/\/tourtravelandmore.com\/wp-content\/uploads\/2016\/03\/ronda-3.jpg","datePublished":"2016-04-14T18:52:05+00:00","dateModified":"2023-01-28T07:47:24+00:00","description":"Disfruta de este tour privado a pie Ronda y descubre una de las ciudades con m\u00e1s encanto de Espa\u00f1a, junto a su gu\u00eda oficial privado \u2705","breadcrumb":{"@id":"https:\/\/tourtravelandmore.com\/es\/tours\/espana-es\/ronda-es\/tour-privado-a-pie-ronda-tour-con-guia-oficial-y-entradas-incluidas\/#breadcrumb"},"inLanguage":"es","potentialAction":[{"@type":"ReadAction","target":["https:\/\/tourtravelandmore.com\/es\/tours\/espana-es\/ronda-es\/tour-privado-a-pie-ronda-tour-con-guia-oficial-y-entradas-incluidas\/"]}]},{"@type":"ImageObject","inLanguage":"es","@id":"https:\/\/tourtravelandmore.com\/es\/tours\/espana-es\/ronda-es\/tour-privado-a-pie-ronda-tour-con-guia-oficial-y-entradas-incluidas\/#primaryimage","url":"https:\/\/tourtravelandmore.com\/wp-content\/uploads\/2016\/03\/ronda-3.jpg","contentUrl":"https:\/\/tourtravelandmore.com\/wp-content\/uploads\/2016\/03\/ronda-3.jpg","width":1613,"height":1080},{"@type":"BreadcrumbList","@id":"https:\/\/tourtravelandmore.com\/es\/tours\/espana-es\/ronda-es\/tour-privado-a-pie-ronda-tour-con-guia-oficial-y-entradas-incluidas\/#breadcrumb","itemListElement":[{"@type":"ListItem","position":1,"name":"Home","item":"https:\/\/tourtravelandmore.com\/es\/"},{"@type":"ListItem","position":2,"name":"Tours","item":"https:\/\/tourtravelandmore.com\/es\/tours\/"},{"@type":"ListItem","position":3,"name":"Tour Privado a pie de Ronda"}]},{"@type":"WebSite","@id":"https:\/\/tourtravelandmore.com\/es\/#website","url":"https:\/\/tourtravelandmore.com\/es\/","name":"Tour Travel And More","description":"Private sightseeing tours and luxury transfers in Spain","publisher":{"@id":"https:\/\/tourtravelandmore.com\/es\/#organization"},"potentialAction":[{"@type":"SearchAction","target":{"@type":"EntryPoint","urlTemplate":"https:\/\/tourtravelandmore.com\/es\/?s={search_term_string}"},"query-input":{"@type":"PropertyValueSpecification","valueRequired":true,"valueName":"search_term_string"}}],"inLanguage":"es"},{"@type":"Organization","@id":"https:\/\/tourtravelandmore.com\/es\/#organization","name":"Tour Travel And More","url":"https:\/\/tourtravelandmore.com\/es\/","logo":{"@type":"ImageObject","inLanguage":"es","@id":"https:\/\/tourtravelandmore.com\/es\/#\/schema\/logo\/image\/","url":"https:\/\/tourtravelandmore.com\/wp-content\/uploads\/2022\/12\/cropped-logo-cabecera-new.png","contentUrl":"https:\/\/tourtravelandmore.com\/wp-content\/uploads\/2022\/12\/cropped-logo-cabecera-new.png","width":430,"height":61,"caption":"Tour Travel And More"},"image":{"@id":"https:\/\/tourtravelandmore.com\/es\/#\/schema\/logo\/image\/"},"sameAs":["https:\/\/www.facebook.com\/tourtravelandmore\/","https:\/\/x.com\/TourTravel_More"]}]}},"_links":{"self":[{"href":"https:\/\/tourtravelandmore.com\/es\/wp-json\/wp\/v2\/product\/811","targetHints":{"allow":["GET"]}}],"collection":[{"href":"https:\/\/tourtravelandmore.com\/es\/wp-json\/wp\/v2\/product"}],"about":[{"href":"https:\/\/tourtravelandmore.com\/es\/wp-json\/wp\/v2\/types\/product"}],"replies":[{"embeddable":true,"href":"https:\/\/tourtravelandmore.com\/es\/wp-json\/wp\/v2\/comments?post=811"}],"wp:featuredmedia":[{"embeddable":true,"href":"https:\/\/tourtravelandmore.com\/es\/wp-json\/wp\/v2\/media\/692"}],"wp:attachment":[{"href":"https:\/\/tourtravelandmore.com\/es\/wp-json\/wp\/v2\/media?parent=811"}],"wp:term":[{"taxonomy":"product_brand","embeddable":true,"href":"https:\/\/tourtravelandmore.com\/es\/wp-json\/wp\/v2\/product_brand?post=811"},{"taxonomy":"product_cat","embeddable":true,"href":"https:\/\/tourtravelandmore.com\/es\/wp-json\/wp\/v2\/product_cat?post=811"},{"taxonomy":"product_tag","embeddable":true,"href":"https:\/\/tourtravelandmore.com\/es\/wp-json\/wp\/v2\/product_tag?post=811"}],"curies":[{"name":"wp","href":"https:\/\/api.w.org\/{rel}","templated":true}]}}