{"id":805,"date":"2016-03-13T19:06:51","date_gmt":"2016-04-14T18:47:32","guid":{"rendered":"http:\/\/tourtravelandmore.com\/?post_type=product&#038;p=805&#038;lang=es"},"modified":"2025-05-26T10:38:26","modified_gmt":"2025-05-26T08:38:26","slug":"tour-privado-sevilla-con-guia-oficial-y-vehiculo-con-chofer","status":"publish","type":"product","link":"https:\/\/tourtravelandmore.com\/es\/tours\/espana-es\/sevilla-es\/tour-privado-sevilla-con-guia-oficial-y-vehiculo-con-chofer\/","title":{"rendered":"Tour privado de Sevilla con gu\u00eda y vehiculo"},"content":{"rendered":"<h2>Descripci\u00f3n del Tour privado de Sevilla con gu\u00eda y veh\u00edculo<\/h2>\n<p class=\"p1\">Este <a href=\"https:\/\/tourtravelandmore.com\/es\/ciudad\/espana-es\/sevilla-es\/\">tour privado en Sevilla<\/a> es perfecto para conocer la ciudad en medio d\u00eda, ya que combina el veh\u00edculo y un recorrido a pie por el Casco Hist\u00f3rico de la ciudad. Podr\u00e1s descubrir Sevilla junto a nuestro gu\u00eda oficial, de manera completamente privada y con veh\u00edculo incluido.<\/p>\n<p class=\"p1\">La duraci\u00f3n del <a href=\"https:\/\/tourtravelandmore.com\/es\/ciudad\/espana-es\/sevilla-es\/\">tour privado en Sevilla<\/a> es de 4 horas. El tour es totalmente privado, y pueden escoger tanto la hora como el lugar de comienzo.<\/p>\n<p class=\"p1\">No hay entradas incluidas, pero si lo solicitan a trav\u00e9s del formulario de contacto del tour se pueden a\u00f1adir, por ejemplo, la entrada a la Catedral y al Alc\u00e1zar de Sevilla.<\/p>\n<h2>Puntos de inter\u00e9s en el Tour privado de Sevilla con gu\u00eda y veh\u00edculo<\/h2>\n<p>Sevilla es la capital de Andaluc\u00eda, es uno de los lugares m\u00e1s apreciados de Espa\u00f1a en el exterior. Aunque su influencia arquitect\u00f3nica musulmana es lo m\u00e1s llamativo. Fue ocupada por los moros durante unos 800 a\u00f1os.<\/p>\n<p>Empezaremos nuestro tour privado Sevilla por la famosa<strong> Plaza Espa\u00f1a.<\/strong> Estamos ante uno de los lugares m\u00e1s espectaculares que ver en Sevilla y una de las plazas m\u00e1s bonitas de Espa\u00f1a, la plaza de Espa\u00f1a.<\/p>\n<p>Esta maravillosa plaza fue construida para albergar el pabell\u00f3n de Espa\u00f1a en la exposici\u00f3n iberoamericana de 1929. Sus edificios tienen forma semiel\u00edptica y simbolizan el abrazo de Espa\u00f1a a sus antiguos territorios americanos.<\/p>\n<p>A continuaci\u00f3n nos dirigiremos hacia el Casco Hist\u00f3rico de la ciudad, para realizar un recorrido a pie,\u00a0 d\u00f3nde veremos dos de los principales monumentos:<strong> El Alcazar y La Catedral.<\/strong><\/p>\n<p>La <strong>Catedral de Sevilla<\/strong> es el tercer templo m\u00e1s grande del mundo y la catedral de estilo g\u00f3tico de mayor tama\u00f1o.<\/p>\n<p><strong>El Alcazar de Sevilla<\/strong> es un espl\u00e9ndido conjunto palaciego en el que podr\u00e1s contemplar construcciones de varios estilos arquitect\u00f3nicos unidos por preciosos jardines.<\/p>\n<p>A medida vayamos caminando por el centro hist\u00f3rico, recorremos sus principales calles, d\u00f3nde conoceremos: <strong>Barrio Santa Cruz, Ocupa parte de la antigua juder\u00eda de la ciudad, el Archivo de Indias, la Plazuela de Santa Marta, el Patio de Banderas, la Calle Agua, la Plaza de Santa Cruz y la calle de las Cruces, las setas (<\/strong><strong id=\"yui_3_17_2_1_1600850186138_1710\">Metropol Parasol), Museo Bellas Artes.<br \/>\n<\/strong><\/p>\n<p>Despu\u00e9s de conocer el centro hist\u00f3rico seguiremos con la panor\u00e1mica de la ciudad y conoceremos los alrededores de Sevilla y su famoso <strong>Barrio de Triana. <\/strong>Es uno de los m\u00e1s m\u00edticos de Sevilla. En sus coloridas calles se respira un sabor muy especial y paseando por ellas podr\u00e1s conocer la esencia m\u00e1s pura de Sevilla. En \u00e9l no debes perderte el castillo de San Jorge, el callej\u00f3n de la Inquisici\u00f3n y el Mercado y el Puente de Triana, que da acceso al barrio desde la otra orilla del r\u00edo Guadalquivir.<\/p>\n<p>Si dispones de m\u00e1s d\u00edas en Sevilla, consulta <a href=\"https:\/\/tourtravelandmore.com\/es\/ciudad\/espana-es\/sevilla-es\/\"><strong>aqu\u00ed<\/strong><\/a>, el listado de tours privados que ofrecemos en la ciudad de Sevilla.<\/p>\n","protected":false},"excerpt":{"rendered":"<p>Descubre la ciudad de Sevilla, gracias a este tour privado, que combina una panor\u00e1mica de la ciudad y un recorrido a pie del Casco Hist\u00f3rico. Es un tour perfecto para conocer la ciudad en medio d\u00eda. En todo momento ir\u00e1n acompa\u00f1ados de su gu\u00eda oficial privado y dispondr\u00e1n del veh\u00edculo para desplazarse.<\/p>\n","protected":false},"featured_media":16024,"comment_status":"open","ping_status":"closed","template":"","meta":{"_acf_changed":false},"product_brand":[],"product_cat":[105,107],"product_tag":[],"class_list":{"0":"post-805","1":"product","2":"type-product","3":"status-publish","4":"has-post-thumbnail","6":"product_cat-sevilla-es","7":"product_cat-sevilla-rutas-turisticas-privadas-es","9":"first","10":"instock","11":"shipping-taxable","12":"purchasable","13":"product-type-simple"},"acf":[],"yoast_head":"<!-- This site is optimized with the Yoast SEO Premium plugin v25.3.1 (Yoast SEO v25.3.1) - https:\/\/yoast.com\/wordpress\/plugins\/seo\/ -->\n<title>\u27a1\ufe0f Tour por Sevilla con Guia y Chofer | Tour Travel &amp; More<\/title>\n<meta name=\"description\" content=\"Descubre la ciudad y sus principales monumentos, gracias a este tour privado Sevilla, junto a su gu\u00eda oficial y vehiculo con chofer \u2705\" \/>\n<meta name=\"robots\" content=\"index, follow, max-snippet:-1, max-image-preview:large, max-video-preview:-1\" \/>\n<link rel=\"canonical\" href=\"https:\/\/tourtravelandmore.com\/es\/tours\/espana-es\/sevilla-es\/tour-privado-sevilla-con-guia-oficial-y-vehiculo-con-chofer\/\" \/>\n<meta property=\"og:locale\" content=\"es_ES\" \/>\n<meta property=\"og:type\" content=\"article\" \/>\n<meta property=\"og:title\" content=\"Tour privado de Sevilla con gu\u00eda y vehiculo\" \/>\n<meta property=\"og:description\" content=\"Descubre la ciudad y sus principales monumentos, gracias a este tour privado Sevilla, junto a su gu\u00eda oficial y vehiculo con chofer \u2705\" \/>\n<meta property=\"og:url\" content=\"https:\/\/tourtravelandmore.com\/es\/tours\/espana-es\/sevilla-es\/tour-privado-sevilla-con-guia-oficial-y-vehiculo-con-chofer\/\" \/>\n<meta property=\"og:site_name\" content=\"Tour Travel And More\" \/>\n<meta property=\"article:publisher\" content=\"https:\/\/www.facebook.com\/tourtravelandmore\/\" \/>\n<meta property=\"article:modified_time\" content=\"2025-05-26T08:38:26+00:00\" \/>\n<meta property=\"og:image\" content=\"https:\/\/tourtravelandmore.com\/wp-content\/uploads\/2016\/03\/plaza-espa\u00f1a-sevilla.jpg\" \/>\n\t<meta property=\"og:image:width\" content=\"1024\" \/>\n\t<meta property=\"og:image:height\" content=\"681\" \/>\n\t<meta property=\"og:image:type\" content=\"image\/jpeg\" \/>\n<meta name=\"twitter:card\" content=\"summary_large_image\" \/>\n<meta name=\"twitter:site\" content=\"@TourTravel_More\" \/>\n<meta name=\"twitter:label1\" content=\"Tiempo de lectura\" \/>\n\t<meta name=\"twitter:data1\" content=\"3 minutos\" \/>\n<script type=\"application\/ld+json\" class=\"yoast-schema-graph\">{\"@context\":\"https:\/\/schema.org\",\"@graph\":[{\"@type\":\"WebPage\",\"@id\":\"https:\/\/tourtravelandmore.com\/es\/tours\/espana-es\/sevilla-es\/tour-privado-sevilla-con-guia-oficial-y-vehiculo-con-chofer\/\",\"url\":\"https:\/\/tourtravelandmore.com\/es\/tours\/espana-es\/sevilla-es\/tour-privado-sevilla-con-guia-oficial-y-vehiculo-con-chofer\/\",\"name\":\"\u27a1\ufe0f Tour por Sevilla con Guia y Chofer | Tour Travel & More\",\"isPartOf\":{\"@id\":\"https:\/\/tourtravelandmore.com\/es\/#website\"},\"primaryImageOfPage\":{\"@id\":\"https:\/\/tourtravelandmore.com\/es\/tours\/espana-es\/sevilla-es\/tour-privado-sevilla-con-guia-oficial-y-vehiculo-con-chofer\/#primaryimage\"},\"image\":{\"@id\":\"https:\/\/tourtravelandmore.com\/es\/tours\/espana-es\/sevilla-es\/tour-privado-sevilla-con-guia-oficial-y-vehiculo-con-chofer\/#primaryimage\"},\"thumbnailUrl\":\"https:\/\/tourtravelandmore.com\/wp-content\/uploads\/2016\/03\/plaza-espa\u00f1a-sevilla.jpg\",\"datePublished\":\"2016-04-14T18:47:32+00:00\",\"dateModified\":\"2025-05-26T08:38:26+00:00\",\"description\":\"Descubre la ciudad y sus principales monumentos, gracias a este tour privado Sevilla, junto a su gu\u00eda oficial y vehiculo con chofer \u2705\",\"breadcrumb\":{\"@id\":\"https:\/\/tourtravelandmore.com\/es\/tours\/espana-es\/sevilla-es\/tour-privado-sevilla-con-guia-oficial-y-vehiculo-con-chofer\/#breadcrumb\"},\"inLanguage\":\"es\",\"potentialAction\":[{\"@type\":\"ReadAction\",\"target\":[\"https:\/\/tourtravelandmore.com\/es\/tours\/espana-es\/sevilla-es\/tour-privado-sevilla-con-guia-oficial-y-vehiculo-con-chofer\/\"]}]},{\"@type\":\"ImageObject\",\"inLanguage\":\"es\",\"@id\":\"https:\/\/tourtravelandmore.com\/es\/tours\/espana-es\/sevilla-es\/tour-privado-sevilla-con-guia-oficial-y-vehiculo-con-chofer\/#primaryimage\",\"url\":\"https:\/\/tourtravelandmore.com\/wp-content\/uploads\/2016\/03\/plaza-espa\u00f1a-sevilla.jpg\",\"contentUrl\":\"https:\/\/tourtravelandmore.com\/wp-content\/uploads\/2016\/03\/plaza-espa\u00f1a-sevilla.jpg\",\"width\":1024,\"height\":681,\"caption\":\"SONY DSC\"},{\"@type\":\"BreadcrumbList\",\"@id\":\"https:\/\/tourtravelandmore.com\/es\/tours\/espana-es\/sevilla-es\/tour-privado-sevilla-con-guia-oficial-y-vehiculo-con-chofer\/#breadcrumb\",\"itemListElement\":[{\"@type\":\"ListItem\",\"position\":1,\"name\":\"Home\",\"item\":\"https:\/\/tourtravelandmore.com\/es\/\"},{\"@type\":\"ListItem\",\"position\":2,\"name\":\"Tours\",\"item\":\"https:\/\/tourtravelandmore.com\/es\/tours\/\"},{\"@type\":\"ListItem\",\"position\":3,\"name\":\"Tour privado de Sevilla con gu\u00eda y vehiculo\"}]},{\"@type\":\"WebSite\",\"@id\":\"https:\/\/tourtravelandmore.com\/es\/#website\",\"url\":\"https:\/\/tourtravelandmore.com\/es\/\",\"name\":\"Tour Travel And More\",\"description\":\"Private sightseeing tours and luxury transfers in Spain\",\"publisher\":{\"@id\":\"https:\/\/tourtravelandmore.com\/es\/#organization\"},\"potentialAction\":[{\"@type\":\"SearchAction\",\"target\":{\"@type\":\"EntryPoint\",\"urlTemplate\":\"https:\/\/tourtravelandmore.com\/es\/?s={search_term_string}\"},\"query-input\":{\"@type\":\"PropertyValueSpecification\",\"valueRequired\":true,\"valueName\":\"search_term_string\"}}],\"inLanguage\":\"es\"},{\"@type\":\"Organization\",\"@id\":\"https:\/\/tourtravelandmore.com\/es\/#organization\",\"name\":\"Tour Travel And More\",\"url\":\"https:\/\/tourtravelandmore.com\/es\/\",\"logo\":{\"@type\":\"ImageObject\",\"inLanguage\":\"es\",\"@id\":\"https:\/\/tourtravelandmore.com\/es\/#\/schema\/logo\/image\/\",\"url\":\"https:\/\/tourtravelandmore.com\/wp-content\/uploads\/2022\/12\/cropped-logo-cabecera-new.png\",\"contentUrl\":\"https:\/\/tourtravelandmore.com\/wp-content\/uploads\/2022\/12\/cropped-logo-cabecera-new.png\",\"width\":430,\"height\":61,\"caption\":\"Tour Travel And More\"},\"image\":{\"@id\":\"https:\/\/tourtravelandmore.com\/es\/#\/schema\/logo\/image\/\"},\"sameAs\":[\"https:\/\/www.facebook.com\/tourtravelandmore\/\",\"https:\/\/x.com\/TourTravel_More\"]}]}<\/script>\n<!-- \/ Yoast SEO Premium plugin. -->","yoast_head_json":{"title":"\u27a1\ufe0f Tour por Sevilla con Guia y Chofer | Tour Travel & More","description":"Descubre la ciudad y sus principales monumentos, gracias a este tour privado Sevilla, junto a su gu\u00eda oficial y vehiculo con chofer \u2705","robots":{"index":"index","follow":"follow","max-snippet":"max-snippet:-1","max-image-preview":"max-image-preview:large","max-video-preview":"max-video-preview:-1"},"canonical":"https:\/\/tourtravelandmore.com\/es\/tours\/espana-es\/sevilla-es\/tour-privado-sevilla-con-guia-oficial-y-vehiculo-con-chofer\/","og_locale":"es_ES","og_type":"article","og_title":"Tour privado de Sevilla con gu\u00eda y vehiculo","og_description":"Descubre la ciudad y sus principales monumentos, gracias a este tour privado Sevilla, junto a su gu\u00eda oficial y vehiculo con chofer \u2705","og_url":"https:\/\/tourtravelandmore.com\/es\/tours\/espana-es\/sevilla-es\/tour-privado-sevilla-con-guia-oficial-y-vehiculo-con-chofer\/","og_site_name":"Tour Travel And More","article_publisher":"https:\/\/www.facebook.com\/tourtravelandmore\/","article_modified_time":"2025-05-26T08:38:26+00:00","og_image":[{"width":1024,"height":681,"url":"https:\/\/tourtravelandmore.com\/wp-content\/uploads\/2016\/03\/plaza-espa\u00f1a-sevilla.jpg","type":"image\/jpeg"}],"twitter_card":"summary_large_image","twitter_site":"@TourTravel_More","twitter_misc":{"Tiempo de lectura":"3 minutos"},"schema":{"@context":"https:\/\/schema.org","@graph":[{"@type":"WebPage","@id":"https:\/\/tourtravelandmore.com\/es\/tours\/espana-es\/sevilla-es\/tour-privado-sevilla-con-guia-oficial-y-vehiculo-con-chofer\/","url":"https:\/\/tourtravelandmore.com\/es\/tours\/espana-es\/sevilla-es\/tour-privado-sevilla-con-guia-oficial-y-vehiculo-con-chofer\/","name":"\u27a1\ufe0f Tour por Sevilla con Guia y Chofer | Tour Travel & More","isPartOf":{"@id":"https:\/\/tourtravelandmore.com\/es\/#website"},"primaryImageOfPage":{"@id":"https:\/\/tourtravelandmore.com\/es\/tours\/espana-es\/sevilla-es\/tour-privado-sevilla-con-guia-oficial-y-vehiculo-con-chofer\/#primaryimage"},"image":{"@id":"https:\/\/tourtravelandmore.com\/es\/tours\/espana-es\/sevilla-es\/tour-privado-sevilla-con-guia-oficial-y-vehiculo-con-chofer\/#primaryimage"},"thumbnailUrl":"https:\/\/tourtravelandmore.com\/wp-content\/uploads\/2016\/03\/plaza-espa\u00f1a-sevilla.jpg","datePublished":"2016-04-14T18:47:32+00:00","dateModified":"2025-05-26T08:38:26+00:00","description":"Descubre la ciudad y sus principales monumentos, gracias a este tour privado Sevilla, junto a su gu\u00eda oficial y vehiculo con chofer \u2705","breadcrumb":{"@id":"https:\/\/tourtravelandmore.com\/es\/tours\/espana-es\/sevilla-es\/tour-privado-sevilla-con-guia-oficial-y-vehiculo-con-chofer\/#breadcrumb"},"inLanguage":"es","potentialAction":[{"@type":"ReadAction","target":["https:\/\/tourtravelandmore.com\/es\/tours\/espana-es\/sevilla-es\/tour-privado-sevilla-con-guia-oficial-y-vehiculo-con-chofer\/"]}]},{"@type":"ImageObject","inLanguage":"es","@id":"https:\/\/tourtravelandmore.com\/es\/tours\/espana-es\/sevilla-es\/tour-privado-sevilla-con-guia-oficial-y-vehiculo-con-chofer\/#primaryimage","url":"https:\/\/tourtravelandmore.com\/wp-content\/uploads\/2016\/03\/plaza-espa\u00f1a-sevilla.jpg","contentUrl":"https:\/\/tourtravelandmore.com\/wp-content\/uploads\/2016\/03\/plaza-espa\u00f1a-sevilla.jpg","width":1024,"height":681,"caption":"SONY DSC"},{"@type":"BreadcrumbList","@id":"https:\/\/tourtravelandmore.com\/es\/tours\/espana-es\/sevilla-es\/tour-privado-sevilla-con-guia-oficial-y-vehiculo-con-chofer\/#breadcrumb","itemListElement":[{"@type":"ListItem","position":1,"name":"Home","item":"https:\/\/tourtravelandmore.com\/es\/"},{"@type":"ListItem","position":2,"name":"Tours","item":"https:\/\/tourtravelandmore.com\/es\/tours\/"},{"@type":"ListItem","position":3,"name":"Tour privado de Sevilla con gu\u00eda y vehiculo"}]},{"@type":"WebSite","@id":"https:\/\/tourtravelandmore.com\/es\/#website","url":"https:\/\/tourtravelandmore.com\/es\/","name":"Tour Travel And More","description":"Private sightseeing tours and luxury transfers in Spain","publisher":{"@id":"https:\/\/tourtravelandmore.com\/es\/#organization"},"potentialAction":[{"@type":"SearchAction","target":{"@type":"EntryPoint","urlTemplate":"https:\/\/tourtravelandmore.com\/es\/?s={search_term_string}"},"query-input":{"@type":"PropertyValueSpecification","valueRequired":true,"valueName":"search_term_string"}}],"inLanguage":"es"},{"@type":"Organization","@id":"https:\/\/tourtravelandmore.com\/es\/#organization","name":"Tour Travel And More","url":"https:\/\/tourtravelandmore.com\/es\/","logo":{"@type":"ImageObject","inLanguage":"es","@id":"https:\/\/tourtravelandmore.com\/es\/#\/schema\/logo\/image\/","url":"https:\/\/tourtravelandmore.com\/wp-content\/uploads\/2022\/12\/cropped-logo-cabecera-new.png","contentUrl":"https:\/\/tourtravelandmore.com\/wp-content\/uploads\/2022\/12\/cropped-logo-cabecera-new.png","width":430,"height":61,"caption":"Tour Travel And More"},"image":{"@id":"https:\/\/tourtravelandmore.com\/es\/#\/schema\/logo\/image\/"},"sameAs":["https:\/\/www.facebook.com\/tourtravelandmore\/","https:\/\/x.com\/TourTravel_More"]}]}},"_links":{"self":[{"href":"https:\/\/tourtravelandmore.com\/es\/wp-json\/wp\/v2\/product\/805","targetHints":{"allow":["GET"]}}],"collection":[{"href":"https:\/\/tourtravelandmore.com\/es\/wp-json\/wp\/v2\/product"}],"about":[{"href":"https:\/\/tourtravelandmore.com\/es\/wp-json\/wp\/v2\/types\/product"}],"replies":[{"embeddable":true,"href":"https:\/\/tourtravelandmore.com\/es\/wp-json\/wp\/v2\/comments?post=805"}],"wp:featuredmedia":[{"embeddable":true,"href":"https:\/\/tourtravelandmore.com\/es\/wp-json\/wp\/v2\/media\/16024"}],"wp:attachment":[{"href":"https:\/\/tourtravelandmore.com\/es\/wp-json\/wp\/v2\/media?parent=805"}],"wp:term":[{"taxonomy":"product_brand","embeddable":true,"href":"https:\/\/tourtravelandmore.com\/es\/wp-json\/wp\/v2\/product_brand?post=805"},{"taxonomy":"product_cat","embeddable":true,"href":"https:\/\/tourtravelandmore.com\/es\/wp-json\/wp\/v2\/product_cat?post=805"},{"taxonomy":"product_tag","embeddable":true,"href":"https:\/\/tourtravelandmore.com\/es\/wp-json\/wp\/v2\/product_tag?post=805"}],"curies":[{"name":"wp","href":"https:\/\/api.w.org\/{rel}","templated":true}]}}