{"id":80255,"date":"2020-06-01T12:54:47","date_gmt":"2020-06-01T10:54:48","guid":{"rendered":"https:\/\/tourtravelandmore.com\/?post_type=product&#038;p=80255"},"modified":"2025-05-30T19:18:45","modified_gmt":"2025-05-30T17:18:45","slug":"tour-privado-a-la-aurora-boreal","status":"publish","type":"product","link":"https:\/\/tourtravelandmore.com\/es\/tours\/islandia-es\/reykjavik-es\/reykjavik-actividades-es\/tour-privado-a-la-aurora-boreal\/","title":{"rendered":"Tour Privado a la Aurora Boreal desde Reykjavik"},"content":{"rendered":"<h2 id=\"tw-target-text\" class=\"tw-data-text tw-text-large XcVN5d tw-ta\" dir=\"ltr\" data-placeholder=\"Traducci\u00f3n\"><span lang=\"es\">Descripci\u00f3n del Tour Privado a la Aurora Boreal desde Reykjavik<\/span><\/h2>\n<p>Islandia se ha convertido en uno de los principales destinos tur\u00edsticos de los \u00faltimos a\u00f1os. <span class=\"JLqJ4b ChMk0b\" data-language-for-alternatives=\"es\" data-language-to-translate-into=\"en\" data-phrase-index=\"1\">Echa un vistazo a nuestro <strong>Tour Privado a la Aurora Boreal desde Reykjavik<\/strong>. Esto se debe a sus hermosos paisajes y poblaci\u00f3n amigable. <\/span><\/p>\n<p><span class=\"JLqJ4b ChMk0b\" data-language-for-alternatives=\"es\" data-language-to-translate-into=\"en\" data-phrase-index=\"1\">La ciudad de Reykjavik es la base perfecta para descubrir el pa\u00eds. Una de las excursiones m\u00e1s solicitadas desde la ciudad es la persecuci\u00f3n de la aurora boreal. Perm\u00edtanos guiarlo en privado por una noche persiguiendo la aurora boreal desde Reykjavik. <\/span><\/p>\n<p><span class=\"JLqJ4b ChMk0b\" data-language-for-alternatives=\"es\" data-language-to-translate-into=\"en\" data-phrase-index=\"1\"><span class=\"JLqJ4b\" data-language-for-alternatives=\"es\" data-language-to-translate-into=\"en\" data-phrase-index=\"6\"><strong>Tour Travel and More<\/strong> tiene como objetivo ayudar a sus clientes a descubrir sus destinos a su propio ritmo. Nuestros traslados y tours privados est\u00e1n hechos a medida y se adaptan a los intereses personales de nuestros clientes. Nuestros gu\u00edas y conductores tienen licencia y tienen experiencia. Organizamos excursiones privadas de un d\u00eda, varios d\u00edas y transporte por Islandia.<\/span><\/span><\/p>\n<p><span class=\"JLqJ4b ChMk0b\" data-language-for-alternatives=\"es\" data-language-to-translate-into=\"en\" data-phrase-index=\"1\"><span class=\"JLqJ4b\" data-language-for-alternatives=\"es\" data-language-to-translate-into=\"en\" data-phrase-index=\"6\">Organizaremos una recogida c\u00f3moda para usted en su lugar a elecci\u00f3n y comenzaremos este tour privado a la aurora boreal desde Reykjavik.<\/span><\/span><\/p>\n<h2>Puntos emblem\u00e1ticos y de inter\u00e9s en el Tour Privado a la Aurora Boreal desde Reykjavik<\/h2>\n<p>Una visita a Islandia sin un encuentro con la aurora boreal ser\u00eda una experiencia incompleta. Perm\u00edtanos guiarlo a la maravillosa aurora boreal en un tour privado desde Reykjavik. Desde finales de agosto hasta finales de abril, Islandia tiene las condiciones atmosf\u00e9ricas perfectas para ver las luces en el cielo. Carga tu c\u00e1mara y disfruta con nosotros de este maravilloso fen\u00f3meno natural.<\/p>\n<p>En primer lugar, su conductor\/gu\u00eda privado lo recoger\u00e1 en su alojamiento en Reykjavik. Despu\u00e9s de eso, comenzar\u00e1 su persecuci\u00f3n privada de la aurora boreal. Nuestros gu\u00edas son expertos en auroras boreales. Verifican el pron\u00f3stico del mejor lugar fuera de la ciudad para ver las luces en la maravillosa noche \u00e1rtica. Su gu\u00eda privado tambi\u00e9n le dar\u00e1 consejos sobre la mejor manera de capturar im\u00e1genes.<\/p>\n<p>Su conductor\/gu\u00eda (o gu\u00eda independiente como prefiera) est\u00e1 a su entera disposici\u00f3n durante su recorrido privado. Todos nuestros gu\u00edas son oficiales y licenciados, con una larga experiencia como gu\u00edas. Estudian el pron\u00f3stico del tiempo y las auroras antes de cada excursi\u00f3n.<\/p>\n<p><a href=\"https:\/\/tourtravelandmore.com\/es\/ciudad\/islandia-es\/reykjavik-es\/\">Consulte nuestros otros tours privados en Islandia y Reykjavik<\/a>.<\/p>\n","protected":false},"excerpt":{"rendered":"<p>Disfrute de nuestro<strong> tour privado para ver la aurora boreal desde Reykjavik<\/strong> y aproveche la oportunidad para admirar uno de los fen\u00f3menos naturales m\u00e1s bellos del mundo. Nuestros gu\u00edas, experimentados y con licencia, verificar\u00e1n el clima y el pron\u00f3stico de antemano para capturar la maravillosa <strong>aurora boreal<\/strong>.<\/p>\n","protected":false},"featured_media":80267,"comment_status":"open","ping_status":"closed","template":"","meta":{"_acf_changed":false},"product_brand":[],"product_cat":[2298,2299,2300,2306],"product_tag":[],"class_list":{"0":"post-80255","1":"product","2":"type-product","3":"status-publish","4":"has-post-thumbnail","6":"product_cat-islandia-es","7":"product_cat-reykjavik-es","8":"product_cat-reykjavik-actividades-es","9":"product_cat-reykjavik-excursiones-privadas-es","11":"first","12":"instock","13":"shipping-taxable","14":"purchasable","15":"product-type-simple"},"acf":[],"yoast_head":"<!-- This site is optimized with the Yoast SEO Premium plugin v25.3.1 (Yoast SEO v25.3.1) - https:\/\/yoast.com\/wordpress\/plugins\/seo\/ -->\n<title>\u27a1\ufe0f Tour Privado a la Aurora Boreal desde Reykjavik con chofer\/gu\u00eda | Tour Travel &amp; More<\/title>\n<meta name=\"description\" content=\"Disfrute de nuestro Tour Privado a la Aurora Boreal desde Reykjavik. Descubra uno de los espect\u00e1culos m\u00e1s bonitos de la naturaleza \u2705\" \/>\n<meta name=\"robots\" content=\"index, follow, max-snippet:-1, max-image-preview:large, max-video-preview:-1\" \/>\n<link rel=\"canonical\" href=\"https:\/\/tourtravelandmore.com\/es\/tours\/islandia-es\/reykjavik-es\/reykjavik-actividades-es\/tour-privado-a-la-aurora-boreal\/\" \/>\n<meta property=\"og:locale\" content=\"es_ES\" \/>\n<meta property=\"og:type\" content=\"article\" \/>\n<meta property=\"og:title\" content=\"Tour Privado a la Aurora Boreal desde Reykjavik\" \/>\n<meta property=\"og:description\" content=\"Disfrute de nuestro Tour Privado a la Aurora Boreal desde Reykjavik. Descubra uno de los espect\u00e1culos m\u00e1s bonitos de la naturaleza \u2705\" \/>\n<meta property=\"og:url\" content=\"https:\/\/tourtravelandmore.com\/es\/tours\/islandia-es\/reykjavik-es\/reykjavik-actividades-es\/tour-privado-a-la-aurora-boreal\/\" \/>\n<meta property=\"og:site_name\" content=\"Tour Travel And More\" \/>\n<meta property=\"article:publisher\" content=\"https:\/\/www.facebook.com\/tourtravelandmore\/\" \/>\n<meta property=\"article:modified_time\" content=\"2025-05-30T17:18:45+00:00\" \/>\n<meta property=\"og:image\" content=\"https:\/\/tourtravelandmore.com\/wp-content\/uploads\/2020\/06\/aurora-borealis-northern-lights-in-iceland-362-small.jpg\" \/>\n\t<meta property=\"og:image:width\" content=\"1280\" \/>\n\t<meta property=\"og:image:height\" content=\"854\" \/>\n\t<meta property=\"og:image:type\" content=\"image\/jpeg\" \/>\n<meta name=\"twitter:card\" content=\"summary_large_image\" \/>\n<meta name=\"twitter:site\" content=\"@TourTravel_More\" \/>\n<meta name=\"twitter:label1\" content=\"Tiempo de lectura\" \/>\n\t<meta name=\"twitter:data1\" content=\"2 minutos\" \/>\n<script type=\"application\/ld+json\" class=\"yoast-schema-graph\">{\"@context\":\"https:\/\/schema.org\",\"@graph\":[{\"@type\":\"WebPage\",\"@id\":\"https:\/\/tourtravelandmore.com\/es\/tours\/islandia-es\/reykjavik-es\/reykjavik-actividades-es\/tour-privado-a-la-aurora-boreal\/\",\"url\":\"https:\/\/tourtravelandmore.com\/es\/tours\/islandia-es\/reykjavik-es\/reykjavik-actividades-es\/tour-privado-a-la-aurora-boreal\/\",\"name\":\"\u27a1\ufe0f Tour Privado a la Aurora Boreal desde Reykjavik con chofer\/gu\u00eda | Tour Travel & More\",\"isPartOf\":{\"@id\":\"https:\/\/tourtravelandmore.com\/es\/#website\"},\"primaryImageOfPage\":{\"@id\":\"https:\/\/tourtravelandmore.com\/es\/tours\/islandia-es\/reykjavik-es\/reykjavik-actividades-es\/tour-privado-a-la-aurora-boreal\/#primaryimage\"},\"image\":{\"@id\":\"https:\/\/tourtravelandmore.com\/es\/tours\/islandia-es\/reykjavik-es\/reykjavik-actividades-es\/tour-privado-a-la-aurora-boreal\/#primaryimage\"},\"thumbnailUrl\":\"https:\/\/tourtravelandmore.com\/wp-content\/uploads\/2020\/06\/aurora-borealis-northern-lights-in-iceland-362-small.jpg\",\"datePublished\":\"2020-06-01T10:54:48+00:00\",\"dateModified\":\"2025-05-30T17:18:45+00:00\",\"description\":\"Disfrute de nuestro Tour Privado a la Aurora Boreal desde Reykjavik. Descubra uno de los espect\u00e1culos m\u00e1s bonitos de la naturaleza \u2705\",\"breadcrumb\":{\"@id\":\"https:\/\/tourtravelandmore.com\/es\/tours\/islandia-es\/reykjavik-es\/reykjavik-actividades-es\/tour-privado-a-la-aurora-boreal\/#breadcrumb\"},\"inLanguage\":\"es\",\"potentialAction\":[{\"@type\":\"ReadAction\",\"target\":[\"https:\/\/tourtravelandmore.com\/es\/tours\/islandia-es\/reykjavik-es\/reykjavik-actividades-es\/tour-privado-a-la-aurora-boreal\/\"]}]},{\"@type\":\"ImageObject\",\"inLanguage\":\"es\",\"@id\":\"https:\/\/tourtravelandmore.com\/es\/tours\/islandia-es\/reykjavik-es\/reykjavik-actividades-es\/tour-privado-a-la-aurora-boreal\/#primaryimage\",\"url\":\"https:\/\/tourtravelandmore.com\/wp-content\/uploads\/2020\/06\/aurora-borealis-northern-lights-in-iceland-362-small.jpg\",\"contentUrl\":\"https:\/\/tourtravelandmore.com\/wp-content\/uploads\/2020\/06\/aurora-borealis-northern-lights-in-iceland-362-small.jpg\",\"width\":1280,\"height\":854},{\"@type\":\"BreadcrumbList\",\"@id\":\"https:\/\/tourtravelandmore.com\/es\/tours\/islandia-es\/reykjavik-es\/reykjavik-actividades-es\/tour-privado-a-la-aurora-boreal\/#breadcrumb\",\"itemListElement\":[{\"@type\":\"ListItem\",\"position\":1,\"name\":\"Home\",\"item\":\"https:\/\/tourtravelandmore.com\/es\/\"},{\"@type\":\"ListItem\",\"position\":2,\"name\":\"Tours\",\"item\":\"https:\/\/tourtravelandmore.com\/es\/tours\/\"},{\"@type\":\"ListItem\",\"position\":3,\"name\":\"Tour Privado a la Aurora Boreal desde Reykjavik\"}]},{\"@type\":\"WebSite\",\"@id\":\"https:\/\/tourtravelandmore.com\/es\/#website\",\"url\":\"https:\/\/tourtravelandmore.com\/es\/\",\"name\":\"Tour Travel And More\",\"description\":\"Private sightseeing tours and luxury transfers in Spain\",\"publisher\":{\"@id\":\"https:\/\/tourtravelandmore.com\/es\/#organization\"},\"potentialAction\":[{\"@type\":\"SearchAction\",\"target\":{\"@type\":\"EntryPoint\",\"urlTemplate\":\"https:\/\/tourtravelandmore.com\/es\/?s={search_term_string}\"},\"query-input\":{\"@type\":\"PropertyValueSpecification\",\"valueRequired\":true,\"valueName\":\"search_term_string\"}}],\"inLanguage\":\"es\"},{\"@type\":\"Organization\",\"@id\":\"https:\/\/tourtravelandmore.com\/es\/#organization\",\"name\":\"Tour Travel And More\",\"url\":\"https:\/\/tourtravelandmore.com\/es\/\",\"logo\":{\"@type\":\"ImageObject\",\"inLanguage\":\"es\",\"@id\":\"https:\/\/tourtravelandmore.com\/es\/#\/schema\/logo\/image\/\",\"url\":\"https:\/\/tourtravelandmore.com\/wp-content\/uploads\/2022\/12\/cropped-logo-cabecera-new.png\",\"contentUrl\":\"https:\/\/tourtravelandmore.com\/wp-content\/uploads\/2022\/12\/cropped-logo-cabecera-new.png\",\"width\":430,\"height\":61,\"caption\":\"Tour Travel And More\"},\"image\":{\"@id\":\"https:\/\/tourtravelandmore.com\/es\/#\/schema\/logo\/image\/\"},\"sameAs\":[\"https:\/\/www.facebook.com\/tourtravelandmore\/\",\"https:\/\/x.com\/TourTravel_More\"]}]}<\/script>\n<!-- \/ Yoast SEO Premium plugin. -->","yoast_head_json":{"title":"\u27a1\ufe0f Tour Privado a la Aurora Boreal desde Reykjavik con chofer\/gu\u00eda | Tour Travel & More","description":"Disfrute de nuestro Tour Privado a la Aurora Boreal desde Reykjavik. Descubra uno de los espect\u00e1culos m\u00e1s bonitos de la naturaleza \u2705","robots":{"index":"index","follow":"follow","max-snippet":"max-snippet:-1","max-image-preview":"max-image-preview:large","max-video-preview":"max-video-preview:-1"},"canonical":"https:\/\/tourtravelandmore.com\/es\/tours\/islandia-es\/reykjavik-es\/reykjavik-actividades-es\/tour-privado-a-la-aurora-boreal\/","og_locale":"es_ES","og_type":"article","og_title":"Tour Privado a la Aurora Boreal desde Reykjavik","og_description":"Disfrute de nuestro Tour Privado a la Aurora Boreal desde Reykjavik. Descubra uno de los espect\u00e1culos m\u00e1s bonitos de la naturaleza \u2705","og_url":"https:\/\/tourtravelandmore.com\/es\/tours\/islandia-es\/reykjavik-es\/reykjavik-actividades-es\/tour-privado-a-la-aurora-boreal\/","og_site_name":"Tour Travel And More","article_publisher":"https:\/\/www.facebook.com\/tourtravelandmore\/","article_modified_time":"2025-05-30T17:18:45+00:00","og_image":[{"width":1280,"height":854,"url":"https:\/\/tourtravelandmore.com\/wp-content\/uploads\/2020\/06\/aurora-borealis-northern-lights-in-iceland-362-small.jpg","type":"image\/jpeg"}],"twitter_card":"summary_large_image","twitter_site":"@TourTravel_More","twitter_misc":{"Tiempo de lectura":"2 minutos"},"schema":{"@context":"https:\/\/schema.org","@graph":[{"@type":"WebPage","@id":"https:\/\/tourtravelandmore.com\/es\/tours\/islandia-es\/reykjavik-es\/reykjavik-actividades-es\/tour-privado-a-la-aurora-boreal\/","url":"https:\/\/tourtravelandmore.com\/es\/tours\/islandia-es\/reykjavik-es\/reykjavik-actividades-es\/tour-privado-a-la-aurora-boreal\/","name":"\u27a1\ufe0f Tour Privado a la Aurora Boreal desde Reykjavik con chofer\/gu\u00eda | Tour Travel & More","isPartOf":{"@id":"https:\/\/tourtravelandmore.com\/es\/#website"},"primaryImageOfPage":{"@id":"https:\/\/tourtravelandmore.com\/es\/tours\/islandia-es\/reykjavik-es\/reykjavik-actividades-es\/tour-privado-a-la-aurora-boreal\/#primaryimage"},"image":{"@id":"https:\/\/tourtravelandmore.com\/es\/tours\/islandia-es\/reykjavik-es\/reykjavik-actividades-es\/tour-privado-a-la-aurora-boreal\/#primaryimage"},"thumbnailUrl":"https:\/\/tourtravelandmore.com\/wp-content\/uploads\/2020\/06\/aurora-borealis-northern-lights-in-iceland-362-small.jpg","datePublished":"2020-06-01T10:54:48+00:00","dateModified":"2025-05-30T17:18:45+00:00","description":"Disfrute de nuestro Tour Privado a la Aurora Boreal desde Reykjavik. Descubra uno de los espect\u00e1culos m\u00e1s bonitos de la naturaleza \u2705","breadcrumb":{"@id":"https:\/\/tourtravelandmore.com\/es\/tours\/islandia-es\/reykjavik-es\/reykjavik-actividades-es\/tour-privado-a-la-aurora-boreal\/#breadcrumb"},"inLanguage":"es","potentialAction":[{"@type":"ReadAction","target":["https:\/\/tourtravelandmore.com\/es\/tours\/islandia-es\/reykjavik-es\/reykjavik-actividades-es\/tour-privado-a-la-aurora-boreal\/"]}]},{"@type":"ImageObject","inLanguage":"es","@id":"https:\/\/tourtravelandmore.com\/es\/tours\/islandia-es\/reykjavik-es\/reykjavik-actividades-es\/tour-privado-a-la-aurora-boreal\/#primaryimage","url":"https:\/\/tourtravelandmore.com\/wp-content\/uploads\/2020\/06\/aurora-borealis-northern-lights-in-iceland-362-small.jpg","contentUrl":"https:\/\/tourtravelandmore.com\/wp-content\/uploads\/2020\/06\/aurora-borealis-northern-lights-in-iceland-362-small.jpg","width":1280,"height":854},{"@type":"BreadcrumbList","@id":"https:\/\/tourtravelandmore.com\/es\/tours\/islandia-es\/reykjavik-es\/reykjavik-actividades-es\/tour-privado-a-la-aurora-boreal\/#breadcrumb","itemListElement":[{"@type":"ListItem","position":1,"name":"Home","item":"https:\/\/tourtravelandmore.com\/es\/"},{"@type":"ListItem","position":2,"name":"Tours","item":"https:\/\/tourtravelandmore.com\/es\/tours\/"},{"@type":"ListItem","position":3,"name":"Tour Privado a la Aurora Boreal desde Reykjavik"}]},{"@type":"WebSite","@id":"https:\/\/tourtravelandmore.com\/es\/#website","url":"https:\/\/tourtravelandmore.com\/es\/","name":"Tour Travel And More","description":"Private sightseeing tours and luxury transfers in Spain","publisher":{"@id":"https:\/\/tourtravelandmore.com\/es\/#organization"},"potentialAction":[{"@type":"SearchAction","target":{"@type":"EntryPoint","urlTemplate":"https:\/\/tourtravelandmore.com\/es\/?s={search_term_string}"},"query-input":{"@type":"PropertyValueSpecification","valueRequired":true,"valueName":"search_term_string"}}],"inLanguage":"es"},{"@type":"Organization","@id":"https:\/\/tourtravelandmore.com\/es\/#organization","name":"Tour Travel And More","url":"https:\/\/tourtravelandmore.com\/es\/","logo":{"@type":"ImageObject","inLanguage":"es","@id":"https:\/\/tourtravelandmore.com\/es\/#\/schema\/logo\/image\/","url":"https:\/\/tourtravelandmore.com\/wp-content\/uploads\/2022\/12\/cropped-logo-cabecera-new.png","contentUrl":"https:\/\/tourtravelandmore.com\/wp-content\/uploads\/2022\/12\/cropped-logo-cabecera-new.png","width":430,"height":61,"caption":"Tour Travel And More"},"image":{"@id":"https:\/\/tourtravelandmore.com\/es\/#\/schema\/logo\/image\/"},"sameAs":["https:\/\/www.facebook.com\/tourtravelandmore\/","https:\/\/x.com\/TourTravel_More"]}]}},"_links":{"self":[{"href":"https:\/\/tourtravelandmore.com\/es\/wp-json\/wp\/v2\/product\/80255","targetHints":{"allow":["GET"]}}],"collection":[{"href":"https:\/\/tourtravelandmore.com\/es\/wp-json\/wp\/v2\/product"}],"about":[{"href":"https:\/\/tourtravelandmore.com\/es\/wp-json\/wp\/v2\/types\/product"}],"replies":[{"embeddable":true,"href":"https:\/\/tourtravelandmore.com\/es\/wp-json\/wp\/v2\/comments?post=80255"}],"wp:featuredmedia":[{"embeddable":true,"href":"https:\/\/tourtravelandmore.com\/es\/wp-json\/wp\/v2\/media\/80267"}],"wp:attachment":[{"href":"https:\/\/tourtravelandmore.com\/es\/wp-json\/wp\/v2\/media?parent=80255"}],"wp:term":[{"taxonomy":"product_brand","embeddable":true,"href":"https:\/\/tourtravelandmore.com\/es\/wp-json\/wp\/v2\/product_brand?post=80255"},{"taxonomy":"product_cat","embeddable":true,"href":"https:\/\/tourtravelandmore.com\/es\/wp-json\/wp\/v2\/product_cat?post=80255"},{"taxonomy":"product_tag","embeddable":true,"href":"https:\/\/tourtravelandmore.com\/es\/wp-json\/wp\/v2\/product_tag?post=80255"}],"curies":[{"name":"wp","href":"https:\/\/api.w.org\/{rel}","templated":true}]}}