{"id":80231,"date":"2020-06-01T09:55:36","date_gmt":"2020-06-01T07:55:37","guid":{"rendered":"https:\/\/tourtravelandmore.com\/?post_type=product&#038;p=80231"},"modified":"2025-05-30T16:26:36","modified_gmt":"2025-05-30T14:26:36","slug":"tour-privado-por-reykjavik","status":"publish","type":"product","link":"https:\/\/tourtravelandmore.com\/es\/tours\/islandia-es\/reykjavik-es\/reykjavik-actividades-es\/tour-privado-por-reykjavik\/","title":{"rendered":"Tour Privado por Reykjavik"},"content":{"rendered":"<h2><b><strong>Tour privado por Reikiavik Descripci\u00f3n<\/strong><\/b><\/h2>\n<p><b>Islandia<\/b> es un destino maravilloso para los viajeros alternativos de hoy en d\u00eda. Gracias a sus hermosos paisajes y a la buena reputaci\u00f3n de su poblaci\u00f3n, el pa\u00eds ha aumentado sus visitas. Reikiavik, la capital, es el primer contacto con el pa\u00eds para los nuevos visitantes. Por eso este tour privado por Reikiavik es perfecto. La ciudad es la mejor base para descubrir el pa\u00eds. Pero Reikiavik tambi\u00e9n tiene una gran actividad cultural y social que ofrecer. Descubra esta maravillosa ciudad con nuestro tour por Reikiavik.<\/p>\n<p>Para este tour privado por Reikiavik, organizaremos un c\u00f3modo traslado desde el lugar que elija en Reikiavik.<\/p>\n<h2><b>Tour privado por Reikiavik | Puntos de inter\u00e9s y lugares emblem\u00e1ticos<\/b><\/h2>\n<p>Reikiavik es la capital de Islandia y la capital m\u00e1s septentrional del mundo. La ciudad, que tiene una poblaci\u00f3n aproximada de 123 000 habitantes, fue ocupada por primera vez alrededor del a\u00f1o 870 d. C. Nuestra propuesta de <b><i>tour privado por Reikiavik<\/i><\/b> tiene una duraci\u00f3n de 3 horas, pero se puede adaptar a los intereses de nuestros clientes.<\/p>\n<p>En primer lugar, su <b>conductor\/gu\u00eda privado<\/b> le recoger\u00e1 en su alojamiento en Reikiavik. A continuaci\u00f3n, dar\u00e1 comienzo su tour privado. La hora de recogida la decide usted, al igual que el itinerario final, que se puede adaptar totalmente a sus intereses. A continuaci\u00f3n le mostramos una lista de algunos de los lugares que puede visitar en su tour privado por Reikiavik:<\/p>\n<ul>\n<li><b><strong>Iglesia Hallgrimskirkja<\/strong><\/b><\/li>\n<li><b><strong>La Perla<\/strong><\/b><\/li>\n<li><b><strong>Casco antiguo de Reikiavik (Parlamento Al\u00feingi, edificios del siglo XIX, sede del Gobierno<\/strong><\/b><\/li>\n<li><a href=\"https:\/\/en.harpa.is\/\"><b><strong>Sala de conciertos Harpa<\/strong><\/b><\/a><\/li>\n<li><b><strong>Puerto de Reikiavik<\/strong><\/b><\/li>\n<li><b><strong>Casa H\u00f6f\u00f0i (donde se reunieron Reagan y Gorbachov durante la Guerra Fr\u00eda)<\/strong><\/b><\/li>\n<li><b><strong>Bessasta\u00f0ir (residencia presidencial)<\/strong><\/b><\/li>\n<li><b><strong>\u00a1Y mucho m\u00e1s!<\/strong><\/b><\/li>\n<\/ul>\n<p>Su conductor\/gu\u00eda (o gu\u00eda independiente, si lo prefiere) estar\u00e1 a su entera disposici\u00f3n durante todo el recorrido privado. Todos nuestros gu\u00edas son oficiales y titulados, con amplia experiencia como gu\u00edas. Puede combinar este recorrido privado con una visita a la Laguna Azul.<\/p>\n<p><a href=\"https:\/\/tourtravelandmore.com\/es\/ciudad\/islandia-es\/reykjavik-es\/\">\u00a1Eche un vistazo a nuestras ofertas de experiencias privadas en Islandia!<\/a><\/p>\n","protected":false},"excerpt":{"rendered":"<p>Acomp\u00e1\u00f1enos en este\u00a0<strong>city tour privado por la ciudad de<\/strong>\u00a0<strong>Reykjavik <\/strong>con gu\u00eda oficial privado. Aproveche esta oportunidad para descubrir la historia, cultura e idiosincracia de <strong>Islandia<\/strong> junto a nuestros gu\u00edas expertos.<\/p>\n<p>&nbsp;<\/p>\n","protected":false},"featured_media":80249,"comment_status":"open","ping_status":"closed","template":"","meta":{"_acf_changed":false},"product_brand":[],"product_cat":[2298,2299,2300,2302],"product_tag":[],"class_list":{"0":"post-80231","1":"product","2":"type-product","3":"status-publish","4":"has-post-thumbnail","6":"product_cat-islandia-es","7":"product_cat-reykjavik-es","8":"product_cat-reykjavik-actividades-es","9":"product_cat-reykjavik-tours-privados-es","11":"first","12":"instock","13":"shipping-taxable","14":"purchasable","15":"product-type-simple"},"acf":[],"yoast_head":"<!-- This site is optimized with the Yoast SEO Premium plugin v25.3.1 (Yoast SEO v25.3.1) - https:\/\/yoast.com\/wordpress\/plugins\/seo\/ -->\n<title>\u27a1\ufe0f Tour Privado por Reykjavik en veh\u00edculo privado con chofer\/gu\u00eda | Tour Travel &amp; More<\/title>\n<meta name=\"description\" content=\"Descubra la capital de Islandia con nuestro Tour Privado por Reykjavik abordo de un veh\u00edculo privado de lujo con chofer\/gu\u00eda \u2705\" \/>\n<meta name=\"robots\" content=\"index, follow, max-snippet:-1, max-image-preview:large, max-video-preview:-1\" \/>\n<link rel=\"canonical\" href=\"https:\/\/tourtravelandmore.com\/es\/tours\/islandia-es\/reykjavik-es\/reykjavik-actividades-es\/tour-privado-por-reykjavik\/\" \/>\n<meta property=\"og:locale\" content=\"es_ES\" \/>\n<meta property=\"og:type\" content=\"article\" \/>\n<meta property=\"og:title\" content=\"Tour Privado por Reykjavik\" \/>\n<meta property=\"og:description\" content=\"Descubra la capital de Islandia con nuestro Tour Privado por Reykjavik abordo de un veh\u00edculo privado de lujo con chofer\/gu\u00eda \u2705\" \/>\n<meta property=\"og:url\" content=\"https:\/\/tourtravelandmore.com\/es\/tours\/islandia-es\/reykjavik-es\/reykjavik-actividades-es\/tour-privado-por-reykjavik\/\" \/>\n<meta property=\"og:site_name\" content=\"Tour Travel And More\" \/>\n<meta property=\"article:publisher\" content=\"https:\/\/www.facebook.com\/tourtravelandmore\/\" \/>\n<meta property=\"article:modified_time\" content=\"2025-05-30T14:26:36+00:00\" \/>\n<meta property=\"og:image\" content=\"https:\/\/tourtravelandmore.com\/wp-content\/uploads\/2020\/06\/iceland-reykjavik-hallgrimskirkja-hallgrims-church.jpg\" \/>\n\t<meta property=\"og:image:width\" content=\"910\" \/>\n\t<meta property=\"og:image:height\" content=\"607\" \/>\n\t<meta property=\"og:image:type\" content=\"image\/jpeg\" \/>\n<meta name=\"twitter:card\" content=\"summary_large_image\" \/>\n<meta name=\"twitter:site\" content=\"@TourTravel_More\" \/>\n<meta name=\"twitter:label1\" content=\"Tiempo de lectura\" \/>\n\t<meta name=\"twitter:data1\" content=\"2 minutos\" \/>\n<script type=\"application\/ld+json\" class=\"yoast-schema-graph\">{\"@context\":\"https:\/\/schema.org\",\"@graph\":[{\"@type\":\"WebPage\",\"@id\":\"https:\/\/tourtravelandmore.com\/es\/tours\/islandia-es\/reykjavik-es\/reykjavik-actividades-es\/tour-privado-por-reykjavik\/\",\"url\":\"https:\/\/tourtravelandmore.com\/es\/tours\/islandia-es\/reykjavik-es\/reykjavik-actividades-es\/tour-privado-por-reykjavik\/\",\"name\":\"\u27a1\ufe0f Tour Privado por Reykjavik en veh\u00edculo privado con chofer\/gu\u00eda | Tour Travel & More\",\"isPartOf\":{\"@id\":\"https:\/\/tourtravelandmore.com\/es\/#website\"},\"primaryImageOfPage\":{\"@id\":\"https:\/\/tourtravelandmore.com\/es\/tours\/islandia-es\/reykjavik-es\/reykjavik-actividades-es\/tour-privado-por-reykjavik\/#primaryimage\"},\"image\":{\"@id\":\"https:\/\/tourtravelandmore.com\/es\/tours\/islandia-es\/reykjavik-es\/reykjavik-actividades-es\/tour-privado-por-reykjavik\/#primaryimage\"},\"thumbnailUrl\":\"https:\/\/tourtravelandmore.com\/wp-content\/uploads\/2020\/06\/iceland-reykjavik-hallgrimskirkja-hallgrims-church.jpg\",\"datePublished\":\"2020-06-01T07:55:37+00:00\",\"dateModified\":\"2025-05-30T14:26:36+00:00\",\"description\":\"Descubra la capital de Islandia con nuestro Tour Privado por Reykjavik abordo de un veh\u00edculo privado de lujo con chofer\/gu\u00eda \u2705\",\"breadcrumb\":{\"@id\":\"https:\/\/tourtravelandmore.com\/es\/tours\/islandia-es\/reykjavik-es\/reykjavik-actividades-es\/tour-privado-por-reykjavik\/#breadcrumb\"},\"inLanguage\":\"es\",\"potentialAction\":[{\"@type\":\"ReadAction\",\"target\":[\"https:\/\/tourtravelandmore.com\/es\/tours\/islandia-es\/reykjavik-es\/reykjavik-actividades-es\/tour-privado-por-reykjavik\/\"]}]},{\"@type\":\"ImageObject\",\"inLanguage\":\"es\",\"@id\":\"https:\/\/tourtravelandmore.com\/es\/tours\/islandia-es\/reykjavik-es\/reykjavik-actividades-es\/tour-privado-por-reykjavik\/#primaryimage\",\"url\":\"https:\/\/tourtravelandmore.com\/wp-content\/uploads\/2020\/06\/iceland-reykjavik-hallgrimskirkja-hallgrims-church.jpg\",\"contentUrl\":\"https:\/\/tourtravelandmore.com\/wp-content\/uploads\/2020\/06\/iceland-reykjavik-hallgrimskirkja-hallgrims-church.jpg\",\"width\":910,\"height\":607},{\"@type\":\"BreadcrumbList\",\"@id\":\"https:\/\/tourtravelandmore.com\/es\/tours\/islandia-es\/reykjavik-es\/reykjavik-actividades-es\/tour-privado-por-reykjavik\/#breadcrumb\",\"itemListElement\":[{\"@type\":\"ListItem\",\"position\":1,\"name\":\"Home\",\"item\":\"https:\/\/tourtravelandmore.com\/es\/\"},{\"@type\":\"ListItem\",\"position\":2,\"name\":\"Tours\",\"item\":\"https:\/\/tourtravelandmore.com\/es\/tours\/\"},{\"@type\":\"ListItem\",\"position\":3,\"name\":\"Tour Privado por Reykjavik\"}]},{\"@type\":\"WebSite\",\"@id\":\"https:\/\/tourtravelandmore.com\/es\/#website\",\"url\":\"https:\/\/tourtravelandmore.com\/es\/\",\"name\":\"Tour Travel And More\",\"description\":\"Private sightseeing tours and luxury transfers in Spain\",\"publisher\":{\"@id\":\"https:\/\/tourtravelandmore.com\/es\/#organization\"},\"potentialAction\":[{\"@type\":\"SearchAction\",\"target\":{\"@type\":\"EntryPoint\",\"urlTemplate\":\"https:\/\/tourtravelandmore.com\/es\/?s={search_term_string}\"},\"query-input\":{\"@type\":\"PropertyValueSpecification\",\"valueRequired\":true,\"valueName\":\"search_term_string\"}}],\"inLanguage\":\"es\"},{\"@type\":\"Organization\",\"@id\":\"https:\/\/tourtravelandmore.com\/es\/#organization\",\"name\":\"Tour Travel And More\",\"url\":\"https:\/\/tourtravelandmore.com\/es\/\",\"logo\":{\"@type\":\"ImageObject\",\"inLanguage\":\"es\",\"@id\":\"https:\/\/tourtravelandmore.com\/es\/#\/schema\/logo\/image\/\",\"url\":\"https:\/\/tourtravelandmore.com\/wp-content\/uploads\/2022\/12\/cropped-logo-cabecera-new.png\",\"contentUrl\":\"https:\/\/tourtravelandmore.com\/wp-content\/uploads\/2022\/12\/cropped-logo-cabecera-new.png\",\"width\":430,\"height\":61,\"caption\":\"Tour Travel And More\"},\"image\":{\"@id\":\"https:\/\/tourtravelandmore.com\/es\/#\/schema\/logo\/image\/\"},\"sameAs\":[\"https:\/\/www.facebook.com\/tourtravelandmore\/\",\"https:\/\/x.com\/TourTravel_More\"]}]}<\/script>\n<!-- \/ Yoast SEO Premium plugin. -->","yoast_head_json":{"title":"\u27a1\ufe0f Tour Privado por Reykjavik en veh\u00edculo privado con chofer\/gu\u00eda | Tour Travel & More","description":"Descubra la capital de Islandia con nuestro Tour Privado por Reykjavik abordo de un veh\u00edculo privado de lujo con chofer\/gu\u00eda \u2705","robots":{"index":"index","follow":"follow","max-snippet":"max-snippet:-1","max-image-preview":"max-image-preview:large","max-video-preview":"max-video-preview:-1"},"canonical":"https:\/\/tourtravelandmore.com\/es\/tours\/islandia-es\/reykjavik-es\/reykjavik-actividades-es\/tour-privado-por-reykjavik\/","og_locale":"es_ES","og_type":"article","og_title":"Tour Privado por Reykjavik","og_description":"Descubra la capital de Islandia con nuestro Tour Privado por Reykjavik abordo de un veh\u00edculo privado de lujo con chofer\/gu\u00eda \u2705","og_url":"https:\/\/tourtravelandmore.com\/es\/tours\/islandia-es\/reykjavik-es\/reykjavik-actividades-es\/tour-privado-por-reykjavik\/","og_site_name":"Tour Travel And More","article_publisher":"https:\/\/www.facebook.com\/tourtravelandmore\/","article_modified_time":"2025-05-30T14:26:36+00:00","og_image":[{"width":910,"height":607,"url":"https:\/\/tourtravelandmore.com\/wp-content\/uploads\/2020\/06\/iceland-reykjavik-hallgrimskirkja-hallgrims-church.jpg","type":"image\/jpeg"}],"twitter_card":"summary_large_image","twitter_site":"@TourTravel_More","twitter_misc":{"Tiempo de lectura":"2 minutos"},"schema":{"@context":"https:\/\/schema.org","@graph":[{"@type":"WebPage","@id":"https:\/\/tourtravelandmore.com\/es\/tours\/islandia-es\/reykjavik-es\/reykjavik-actividades-es\/tour-privado-por-reykjavik\/","url":"https:\/\/tourtravelandmore.com\/es\/tours\/islandia-es\/reykjavik-es\/reykjavik-actividades-es\/tour-privado-por-reykjavik\/","name":"\u27a1\ufe0f Tour Privado por Reykjavik en veh\u00edculo privado con chofer\/gu\u00eda | Tour Travel & More","isPartOf":{"@id":"https:\/\/tourtravelandmore.com\/es\/#website"},"primaryImageOfPage":{"@id":"https:\/\/tourtravelandmore.com\/es\/tours\/islandia-es\/reykjavik-es\/reykjavik-actividades-es\/tour-privado-por-reykjavik\/#primaryimage"},"image":{"@id":"https:\/\/tourtravelandmore.com\/es\/tours\/islandia-es\/reykjavik-es\/reykjavik-actividades-es\/tour-privado-por-reykjavik\/#primaryimage"},"thumbnailUrl":"https:\/\/tourtravelandmore.com\/wp-content\/uploads\/2020\/06\/iceland-reykjavik-hallgrimskirkja-hallgrims-church.jpg","datePublished":"2020-06-01T07:55:37+00:00","dateModified":"2025-05-30T14:26:36+00:00","description":"Descubra la capital de Islandia con nuestro Tour Privado por Reykjavik abordo de un veh\u00edculo privado de lujo con chofer\/gu\u00eda \u2705","breadcrumb":{"@id":"https:\/\/tourtravelandmore.com\/es\/tours\/islandia-es\/reykjavik-es\/reykjavik-actividades-es\/tour-privado-por-reykjavik\/#breadcrumb"},"inLanguage":"es","potentialAction":[{"@type":"ReadAction","target":["https:\/\/tourtravelandmore.com\/es\/tours\/islandia-es\/reykjavik-es\/reykjavik-actividades-es\/tour-privado-por-reykjavik\/"]}]},{"@type":"ImageObject","inLanguage":"es","@id":"https:\/\/tourtravelandmore.com\/es\/tours\/islandia-es\/reykjavik-es\/reykjavik-actividades-es\/tour-privado-por-reykjavik\/#primaryimage","url":"https:\/\/tourtravelandmore.com\/wp-content\/uploads\/2020\/06\/iceland-reykjavik-hallgrimskirkja-hallgrims-church.jpg","contentUrl":"https:\/\/tourtravelandmore.com\/wp-content\/uploads\/2020\/06\/iceland-reykjavik-hallgrimskirkja-hallgrims-church.jpg","width":910,"height":607},{"@type":"BreadcrumbList","@id":"https:\/\/tourtravelandmore.com\/es\/tours\/islandia-es\/reykjavik-es\/reykjavik-actividades-es\/tour-privado-por-reykjavik\/#breadcrumb","itemListElement":[{"@type":"ListItem","position":1,"name":"Home","item":"https:\/\/tourtravelandmore.com\/es\/"},{"@type":"ListItem","position":2,"name":"Tours","item":"https:\/\/tourtravelandmore.com\/es\/tours\/"},{"@type":"ListItem","position":3,"name":"Tour Privado por Reykjavik"}]},{"@type":"WebSite","@id":"https:\/\/tourtravelandmore.com\/es\/#website","url":"https:\/\/tourtravelandmore.com\/es\/","name":"Tour Travel And More","description":"Private sightseeing tours and luxury transfers in Spain","publisher":{"@id":"https:\/\/tourtravelandmore.com\/es\/#organization"},"potentialAction":[{"@type":"SearchAction","target":{"@type":"EntryPoint","urlTemplate":"https:\/\/tourtravelandmore.com\/es\/?s={search_term_string}"},"query-input":{"@type":"PropertyValueSpecification","valueRequired":true,"valueName":"search_term_string"}}],"inLanguage":"es"},{"@type":"Organization","@id":"https:\/\/tourtravelandmore.com\/es\/#organization","name":"Tour Travel And More","url":"https:\/\/tourtravelandmore.com\/es\/","logo":{"@type":"ImageObject","inLanguage":"es","@id":"https:\/\/tourtravelandmore.com\/es\/#\/schema\/logo\/image\/","url":"https:\/\/tourtravelandmore.com\/wp-content\/uploads\/2022\/12\/cropped-logo-cabecera-new.png","contentUrl":"https:\/\/tourtravelandmore.com\/wp-content\/uploads\/2022\/12\/cropped-logo-cabecera-new.png","width":430,"height":61,"caption":"Tour Travel And More"},"image":{"@id":"https:\/\/tourtravelandmore.com\/es\/#\/schema\/logo\/image\/"},"sameAs":["https:\/\/www.facebook.com\/tourtravelandmore\/","https:\/\/x.com\/TourTravel_More"]}]}},"_links":{"self":[{"href":"https:\/\/tourtravelandmore.com\/es\/wp-json\/wp\/v2\/product\/80231","targetHints":{"allow":["GET"]}}],"collection":[{"href":"https:\/\/tourtravelandmore.com\/es\/wp-json\/wp\/v2\/product"}],"about":[{"href":"https:\/\/tourtravelandmore.com\/es\/wp-json\/wp\/v2\/types\/product"}],"replies":[{"embeddable":true,"href":"https:\/\/tourtravelandmore.com\/es\/wp-json\/wp\/v2\/comments?post=80231"}],"wp:featuredmedia":[{"embeddable":true,"href":"https:\/\/tourtravelandmore.com\/es\/wp-json\/wp\/v2\/media\/80249"}],"wp:attachment":[{"href":"https:\/\/tourtravelandmore.com\/es\/wp-json\/wp\/v2\/media?parent=80231"}],"wp:term":[{"taxonomy":"product_brand","embeddable":true,"href":"https:\/\/tourtravelandmore.com\/es\/wp-json\/wp\/v2\/product_brand?post=80231"},{"taxonomy":"product_cat","embeddable":true,"href":"https:\/\/tourtravelandmore.com\/es\/wp-json\/wp\/v2\/product_cat?post=80231"},{"taxonomy":"product_tag","embeddable":true,"href":"https:\/\/tourtravelandmore.com\/es\/wp-json\/wp\/v2\/product_tag?post=80231"}],"curies":[{"name":"wp","href":"https:\/\/api.w.org\/{rel}","templated":true}]}}