{"id":80184,"date":"2020-05-27T13:14:38","date_gmt":"2020-05-27T11:14:38","guid":{"rendered":"https:\/\/tourtravelandmore.com\/?post_type=product&#038;p=80184"},"modified":"2025-05-29T21:45:46","modified_gmt":"2025-05-29T19:45:46","slug":"tour-privado-al-circulo-dorado","status":"publish","type":"product","link":"https:\/\/tourtravelandmore.com\/es\/tours\/islandia-es\/reykjavik-es\/reykjavik-actividades-es\/tour-privado-al-circulo-dorado\/","title":{"rendered":"Tour Privado al C\u00edrculo Dorado de Reykjavik"},"content":{"rendered":"<h2>Tour privado por el C\u00edrculo Dorado desde Reikiavik Descripci\u00f3n<\/h2>\n<p><b>Islandia<\/b> ha sido incluida en la lista de lugares que visitar antes de morir de la mayor\u00eda de los viajeros en los \u00faltimos a\u00f1os. Una de las principales razones es disfrutar de un tour privado por el C\u00edrculo Dorado desde Reikiavik. Debido a sus espectaculares y dram\u00e1ticos paisajes, el pa\u00eds ha atra\u00eddo a muchos nuevos visitantes. La mayor\u00eda de ellos terminan enamorados de Islandia y recomiendan visitarla. Por ejemplo, una de las rutas m\u00e1s visitadas es el tour del C\u00edrculo Dorado de Islandia. Esta ruta se puede realizar en una excursi\u00f3n de un d\u00eda desde Reikiavik.<\/p>\n<p>Para este tour privado, organizaremos un traslado r\u00e1pido y sencillo desde el lugar que elija en la ciudad o sus alrededores.<\/p>\n<h2><b>Tour privado del C\u00edrculo Dorado desde Reikiavik | Puntos de inter\u00e9s y lugares emblem\u00e1ticos<\/b><\/h2>\n<p>El C\u00edrculo Dorado es una de las rutas tur\u00edsticas m\u00e1s conocidas de Islandia. Esta ruta es ideal para los visitantes que desean experimentar la fuerza y la belleza de sus paisajes desde una perspectiva cercana. Prep\u00e1rese para visitar algunos de los parajes naturales m\u00e1s espectaculares e impresionantes del mundo. Nuestra propuesta de <b><i>tour privado por el C\u00edrculo Dorado desde Reikiavik<\/i><\/b> tiene una duraci\u00f3n de 9 horas y recorre algunos de los lugares m\u00e1s bellos de Islandia.<\/p>\n<p>En primer lugar, su <b>conductor\/gu\u00eda privado<\/b> le recoger\u00e1 en el lugar que usted elija en Reikiavik. A continuaci\u00f3n, dar\u00e1 comienzo su tour privado. La hora de recogida se puede ajustar seg\u00fan sus preferencias. El itinerario final se puede adaptar completamente a sus intereses, pero aqu\u00ed tiene una lista de algunos de los lugares que puede visitar durante su tour privado por el C\u00edrculo Dorado:<\/p>\n<ul>\n<li><b><strong>Volcanes Nesjavellir y Hengill (campos geot\u00e9rmicos)<\/strong><\/b><\/li>\n<li><b><strong>Parque nacional de Thingvellir<\/strong><\/b><\/li>\n<li><b><strong>Cascadas de Gullfoss (cascada dorada)<\/strong><\/b><\/li>\n<li><b><strong>Zona de aguas termales de Geysir<\/strong><\/b><\/li>\n<li><b><strong>Geyser Strokkur, que lanza agua hirviendo a 25-30 metros de altura cada 5\/10 minutos.<\/strong><\/b><\/li>\n<li><b><strong>Cr\u00e1ter volc\u00e1nico Kerid (entrada incluida)<\/strong><\/b><\/li>\n<\/ul>\n<p>Su conductor\/gu\u00eda (o gu\u00eda independiente, si lo prefiere) estar\u00e1 a su entera disposici\u00f3n durante toda la duraci\u00f3n del tour.<\/p>\n<p>Todos nuestros gu\u00edas son oficiales y titulados, con una amplia y dilatada experiencia. Por supuesto, tendr\u00e1 tiempo libre para almorzar durante el tour. \u00a1Este tour privado del C\u00edrculo Dorado desde Reikiavik es una experiencia \u00fanica para usted!<\/p>\n<p><a href=\"https:\/\/tourtravelandmore.com\/es\/ciudad\/islandia-es\/reykjavik-en\/\">\u00a1Eche un vistazo a nuestros otros tours privados por Islandia aqu\u00ed!<\/a><\/p>\n","protected":false},"excerpt":{"rendered":"<p>Aproveche sus d\u00edas en <strong>Reykjavik<\/strong> y disfrute de esta <strong>excursi\u00f3n privada personalizable al C\u00edrculo Dorado de Islandia<\/strong> y descubra algunos de los paisajes m\u00e1s hermosos de Islandia. Aproveche esta oportunidad para descubrir esta maravillosa regi\u00f3n con un gu\u00eda tur\u00edstico local y experimentado.<\/p>\n","protected":false},"featured_media":80198,"comment_status":"open","ping_status":"closed","template":"","meta":{"_acf_changed":false},"product_brand":[],"product_cat":[2298,2299,2300,2306],"product_tag":[],"class_list":{"0":"post-80184","1":"product","2":"type-product","3":"status-publish","4":"has-post-thumbnail","6":"product_cat-islandia-es","7":"product_cat-reykjavik-es","8":"product_cat-reykjavik-actividades-es","9":"product_cat-reykjavik-excursiones-privadas-es","11":"first","12":"instock","13":"shipping-taxable","14":"purchasable","15":"product-type-simple"},"acf":[],"yoast_head":"<!-- This site is optimized with the Yoast SEO Premium plugin v25.3.1 (Yoast SEO v25.3.1) - https:\/\/yoast.com\/wordpress\/plugins\/seo\/ -->\n<title>\u27a1\ufe0f Tour Privado al C\u00edrculo Dorado de Islandia desde Reykjavik | Tour Travel &amp; More<\/title>\n<meta name=\"description\" content=\"Acomp\u00e1\u00f1enos en esta incre\u00edble experiencia con nuestro Tour Privado al C\u00edrculo Dorado. Visite la cascada de Gullfoss, geyser Strokkur y m\u00e1s! \u2705\" \/>\n<meta name=\"robots\" content=\"index, follow, max-snippet:-1, max-image-preview:large, max-video-preview:-1\" \/>\n<link rel=\"canonical\" href=\"https:\/\/tourtravelandmore.com\/es\/tours\/islandia-es\/reykjavik-es\/reykjavik-actividades-es\/tour-privado-al-circulo-dorado\/\" \/>\n<meta property=\"og:locale\" content=\"es_ES\" \/>\n<meta property=\"og:type\" content=\"article\" \/>\n<meta property=\"og:title\" content=\"Tour Privado al C\u00edrculo Dorado de Reykjavik\" \/>\n<meta property=\"og:description\" content=\"Acomp\u00e1\u00f1enos en esta incre\u00edble experiencia con nuestro Tour Privado al C\u00edrculo Dorado. Visite la cascada de Gullfoss, geyser Strokkur y m\u00e1s! \u2705\" \/>\n<meta property=\"og:url\" content=\"https:\/\/tourtravelandmore.com\/es\/tours\/islandia-es\/reykjavik-es\/reykjavik-actividades-es\/tour-privado-al-circulo-dorado\/\" \/>\n<meta property=\"og:site_name\" content=\"Tour Travel And More\" \/>\n<meta property=\"article:publisher\" content=\"https:\/\/www.facebook.com\/tourtravelandmore\/\" \/>\n<meta property=\"article:modified_time\" content=\"2025-05-29T19:45:46+00:00\" \/>\n<meta property=\"og:image\" content=\"https:\/\/tourtravelandmore.com\/wp-content\/uploads\/2020\/05\/Gullfoss3.jpg\" \/>\n\t<meta property=\"og:image:width\" content=\"1024\" \/>\n\t<meta property=\"og:image:height\" content=\"753\" \/>\n\t<meta property=\"og:image:type\" content=\"image\/jpeg\" \/>\n<meta name=\"twitter:card\" content=\"summary_large_image\" \/>\n<meta name=\"twitter:site\" content=\"@TourTravel_More\" \/>\n<meta name=\"twitter:label1\" content=\"Tiempo de lectura\" \/>\n\t<meta name=\"twitter:data1\" content=\"2 minutos\" \/>\n<script type=\"application\/ld+json\" class=\"yoast-schema-graph\">{\"@context\":\"https:\/\/schema.org\",\"@graph\":[{\"@type\":\"WebPage\",\"@id\":\"https:\/\/tourtravelandmore.com\/es\/tours\/islandia-es\/reykjavik-es\/reykjavik-actividades-es\/tour-privado-al-circulo-dorado\/\",\"url\":\"https:\/\/tourtravelandmore.com\/es\/tours\/islandia-es\/reykjavik-es\/reykjavik-actividades-es\/tour-privado-al-circulo-dorado\/\",\"name\":\"\u27a1\ufe0f Tour Privado al C\u00edrculo Dorado de Islandia desde Reykjavik | Tour Travel & More\",\"isPartOf\":{\"@id\":\"https:\/\/tourtravelandmore.com\/es\/#website\"},\"primaryImageOfPage\":{\"@id\":\"https:\/\/tourtravelandmore.com\/es\/tours\/islandia-es\/reykjavik-es\/reykjavik-actividades-es\/tour-privado-al-circulo-dorado\/#primaryimage\"},\"image\":{\"@id\":\"https:\/\/tourtravelandmore.com\/es\/tours\/islandia-es\/reykjavik-es\/reykjavik-actividades-es\/tour-privado-al-circulo-dorado\/#primaryimage\"},\"thumbnailUrl\":\"https:\/\/tourtravelandmore.com\/wp-content\/uploads\/2020\/05\/Gullfoss3.jpg\",\"datePublished\":\"2020-05-27T11:14:38+00:00\",\"dateModified\":\"2025-05-29T19:45:46+00:00\",\"description\":\"Acomp\u00e1\u00f1enos en esta incre\u00edble experiencia con nuestro Tour Privado al C\u00edrculo Dorado. Visite la cascada de Gullfoss, geyser Strokkur y m\u00e1s! \u2705\",\"breadcrumb\":{\"@id\":\"https:\/\/tourtravelandmore.com\/es\/tours\/islandia-es\/reykjavik-es\/reykjavik-actividades-es\/tour-privado-al-circulo-dorado\/#breadcrumb\"},\"inLanguage\":\"es\",\"potentialAction\":[{\"@type\":\"ReadAction\",\"target\":[\"https:\/\/tourtravelandmore.com\/es\/tours\/islandia-es\/reykjavik-es\/reykjavik-actividades-es\/tour-privado-al-circulo-dorado\/\"]}]},{\"@type\":\"ImageObject\",\"inLanguage\":\"es\",\"@id\":\"https:\/\/tourtravelandmore.com\/es\/tours\/islandia-es\/reykjavik-es\/reykjavik-actividades-es\/tour-privado-al-circulo-dorado\/#primaryimage\",\"url\":\"https:\/\/tourtravelandmore.com\/wp-content\/uploads\/2020\/05\/Gullfoss3.jpg\",\"contentUrl\":\"https:\/\/tourtravelandmore.com\/wp-content\/uploads\/2020\/05\/Gullfoss3.jpg\",\"width\":1024,\"height\":753},{\"@type\":\"BreadcrumbList\",\"@id\":\"https:\/\/tourtravelandmore.com\/es\/tours\/islandia-es\/reykjavik-es\/reykjavik-actividades-es\/tour-privado-al-circulo-dorado\/#breadcrumb\",\"itemListElement\":[{\"@type\":\"ListItem\",\"position\":1,\"name\":\"Home\",\"item\":\"https:\/\/tourtravelandmore.com\/es\/\"},{\"@type\":\"ListItem\",\"position\":2,\"name\":\"Tours\",\"item\":\"https:\/\/tourtravelandmore.com\/es\/tours\/\"},{\"@type\":\"ListItem\",\"position\":3,\"name\":\"Tour Privado al C\u00edrculo Dorado de Reykjavik\"}]},{\"@type\":\"WebSite\",\"@id\":\"https:\/\/tourtravelandmore.com\/es\/#website\",\"url\":\"https:\/\/tourtravelandmore.com\/es\/\",\"name\":\"Tour Travel And More\",\"description\":\"Private sightseeing tours and luxury transfers in Spain\",\"publisher\":{\"@id\":\"https:\/\/tourtravelandmore.com\/es\/#organization\"},\"potentialAction\":[{\"@type\":\"SearchAction\",\"target\":{\"@type\":\"EntryPoint\",\"urlTemplate\":\"https:\/\/tourtravelandmore.com\/es\/?s={search_term_string}\"},\"query-input\":{\"@type\":\"PropertyValueSpecification\",\"valueRequired\":true,\"valueName\":\"search_term_string\"}}],\"inLanguage\":\"es\"},{\"@type\":\"Organization\",\"@id\":\"https:\/\/tourtravelandmore.com\/es\/#organization\",\"name\":\"Tour Travel And More\",\"url\":\"https:\/\/tourtravelandmore.com\/es\/\",\"logo\":{\"@type\":\"ImageObject\",\"inLanguage\":\"es\",\"@id\":\"https:\/\/tourtravelandmore.com\/es\/#\/schema\/logo\/image\/\",\"url\":\"https:\/\/tourtravelandmore.com\/wp-content\/uploads\/2022\/12\/cropped-logo-cabecera-new.png\",\"contentUrl\":\"https:\/\/tourtravelandmore.com\/wp-content\/uploads\/2022\/12\/cropped-logo-cabecera-new.png\",\"width\":430,\"height\":61,\"caption\":\"Tour Travel And More\"},\"image\":{\"@id\":\"https:\/\/tourtravelandmore.com\/es\/#\/schema\/logo\/image\/\"},\"sameAs\":[\"https:\/\/www.facebook.com\/tourtravelandmore\/\",\"https:\/\/x.com\/TourTravel_More\"]}]}<\/script>\n<!-- \/ Yoast SEO Premium plugin. -->","yoast_head_json":{"title":"\u27a1\ufe0f Tour Privado al C\u00edrculo Dorado de Islandia desde Reykjavik | Tour Travel & More","description":"Acomp\u00e1\u00f1enos en esta incre\u00edble experiencia con nuestro Tour Privado al C\u00edrculo Dorado. Visite la cascada de Gullfoss, geyser Strokkur y m\u00e1s! \u2705","robots":{"index":"index","follow":"follow","max-snippet":"max-snippet:-1","max-image-preview":"max-image-preview:large","max-video-preview":"max-video-preview:-1"},"canonical":"https:\/\/tourtravelandmore.com\/es\/tours\/islandia-es\/reykjavik-es\/reykjavik-actividades-es\/tour-privado-al-circulo-dorado\/","og_locale":"es_ES","og_type":"article","og_title":"Tour Privado al C\u00edrculo Dorado de Reykjavik","og_description":"Acomp\u00e1\u00f1enos en esta incre\u00edble experiencia con nuestro Tour Privado al C\u00edrculo Dorado. Visite la cascada de Gullfoss, geyser Strokkur y m\u00e1s! \u2705","og_url":"https:\/\/tourtravelandmore.com\/es\/tours\/islandia-es\/reykjavik-es\/reykjavik-actividades-es\/tour-privado-al-circulo-dorado\/","og_site_name":"Tour Travel And More","article_publisher":"https:\/\/www.facebook.com\/tourtravelandmore\/","article_modified_time":"2025-05-29T19:45:46+00:00","og_image":[{"width":1024,"height":753,"url":"https:\/\/tourtravelandmore.com\/wp-content\/uploads\/2020\/05\/Gullfoss3.jpg","type":"image\/jpeg"}],"twitter_card":"summary_large_image","twitter_site":"@TourTravel_More","twitter_misc":{"Tiempo de lectura":"2 minutos"},"schema":{"@context":"https:\/\/schema.org","@graph":[{"@type":"WebPage","@id":"https:\/\/tourtravelandmore.com\/es\/tours\/islandia-es\/reykjavik-es\/reykjavik-actividades-es\/tour-privado-al-circulo-dorado\/","url":"https:\/\/tourtravelandmore.com\/es\/tours\/islandia-es\/reykjavik-es\/reykjavik-actividades-es\/tour-privado-al-circulo-dorado\/","name":"\u27a1\ufe0f Tour Privado al C\u00edrculo Dorado de Islandia desde Reykjavik | Tour Travel & More","isPartOf":{"@id":"https:\/\/tourtravelandmore.com\/es\/#website"},"primaryImageOfPage":{"@id":"https:\/\/tourtravelandmore.com\/es\/tours\/islandia-es\/reykjavik-es\/reykjavik-actividades-es\/tour-privado-al-circulo-dorado\/#primaryimage"},"image":{"@id":"https:\/\/tourtravelandmore.com\/es\/tours\/islandia-es\/reykjavik-es\/reykjavik-actividades-es\/tour-privado-al-circulo-dorado\/#primaryimage"},"thumbnailUrl":"https:\/\/tourtravelandmore.com\/wp-content\/uploads\/2020\/05\/Gullfoss3.jpg","datePublished":"2020-05-27T11:14:38+00:00","dateModified":"2025-05-29T19:45:46+00:00","description":"Acomp\u00e1\u00f1enos en esta incre\u00edble experiencia con nuestro Tour Privado al C\u00edrculo Dorado. Visite la cascada de Gullfoss, geyser Strokkur y m\u00e1s! \u2705","breadcrumb":{"@id":"https:\/\/tourtravelandmore.com\/es\/tours\/islandia-es\/reykjavik-es\/reykjavik-actividades-es\/tour-privado-al-circulo-dorado\/#breadcrumb"},"inLanguage":"es","potentialAction":[{"@type":"ReadAction","target":["https:\/\/tourtravelandmore.com\/es\/tours\/islandia-es\/reykjavik-es\/reykjavik-actividades-es\/tour-privado-al-circulo-dorado\/"]}]},{"@type":"ImageObject","inLanguage":"es","@id":"https:\/\/tourtravelandmore.com\/es\/tours\/islandia-es\/reykjavik-es\/reykjavik-actividades-es\/tour-privado-al-circulo-dorado\/#primaryimage","url":"https:\/\/tourtravelandmore.com\/wp-content\/uploads\/2020\/05\/Gullfoss3.jpg","contentUrl":"https:\/\/tourtravelandmore.com\/wp-content\/uploads\/2020\/05\/Gullfoss3.jpg","width":1024,"height":753},{"@type":"BreadcrumbList","@id":"https:\/\/tourtravelandmore.com\/es\/tours\/islandia-es\/reykjavik-es\/reykjavik-actividades-es\/tour-privado-al-circulo-dorado\/#breadcrumb","itemListElement":[{"@type":"ListItem","position":1,"name":"Home","item":"https:\/\/tourtravelandmore.com\/es\/"},{"@type":"ListItem","position":2,"name":"Tours","item":"https:\/\/tourtravelandmore.com\/es\/tours\/"},{"@type":"ListItem","position":3,"name":"Tour Privado al C\u00edrculo Dorado de Reykjavik"}]},{"@type":"WebSite","@id":"https:\/\/tourtravelandmore.com\/es\/#website","url":"https:\/\/tourtravelandmore.com\/es\/","name":"Tour Travel And More","description":"Private sightseeing tours and luxury transfers in Spain","publisher":{"@id":"https:\/\/tourtravelandmore.com\/es\/#organization"},"potentialAction":[{"@type":"SearchAction","target":{"@type":"EntryPoint","urlTemplate":"https:\/\/tourtravelandmore.com\/es\/?s={search_term_string}"},"query-input":{"@type":"PropertyValueSpecification","valueRequired":true,"valueName":"search_term_string"}}],"inLanguage":"es"},{"@type":"Organization","@id":"https:\/\/tourtravelandmore.com\/es\/#organization","name":"Tour Travel And More","url":"https:\/\/tourtravelandmore.com\/es\/","logo":{"@type":"ImageObject","inLanguage":"es","@id":"https:\/\/tourtravelandmore.com\/es\/#\/schema\/logo\/image\/","url":"https:\/\/tourtravelandmore.com\/wp-content\/uploads\/2022\/12\/cropped-logo-cabecera-new.png","contentUrl":"https:\/\/tourtravelandmore.com\/wp-content\/uploads\/2022\/12\/cropped-logo-cabecera-new.png","width":430,"height":61,"caption":"Tour Travel And More"},"image":{"@id":"https:\/\/tourtravelandmore.com\/es\/#\/schema\/logo\/image\/"},"sameAs":["https:\/\/www.facebook.com\/tourtravelandmore\/","https:\/\/x.com\/TourTravel_More"]}]}},"_links":{"self":[{"href":"https:\/\/tourtravelandmore.com\/es\/wp-json\/wp\/v2\/product\/80184","targetHints":{"allow":["GET"]}}],"collection":[{"href":"https:\/\/tourtravelandmore.com\/es\/wp-json\/wp\/v2\/product"}],"about":[{"href":"https:\/\/tourtravelandmore.com\/es\/wp-json\/wp\/v2\/types\/product"}],"replies":[{"embeddable":true,"href":"https:\/\/tourtravelandmore.com\/es\/wp-json\/wp\/v2\/comments?post=80184"}],"wp:featuredmedia":[{"embeddable":true,"href":"https:\/\/tourtravelandmore.com\/es\/wp-json\/wp\/v2\/media\/80198"}],"wp:attachment":[{"href":"https:\/\/tourtravelandmore.com\/es\/wp-json\/wp\/v2\/media?parent=80184"}],"wp:term":[{"taxonomy":"product_brand","embeddable":true,"href":"https:\/\/tourtravelandmore.com\/es\/wp-json\/wp\/v2\/product_brand?post=80184"},{"taxonomy":"product_cat","embeddable":true,"href":"https:\/\/tourtravelandmore.com\/es\/wp-json\/wp\/v2\/product_cat?post=80184"},{"taxonomy":"product_tag","embeddable":true,"href":"https:\/\/tourtravelandmore.com\/es\/wp-json\/wp\/v2\/product_tag?post=80184"}],"curies":[{"name":"wp","href":"https:\/\/api.w.org\/{rel}","templated":true}]}}