{"id":80134,"date":"2020-05-26T10:58:08","date_gmt":"2020-05-26T08:58:08","guid":{"rendered":"https:\/\/tourtravelandmore.com\/?post_type=product&#038;p=80134"},"modified":"2022-12-27T06:51:12","modified_gmt":"2022-12-27T05:51:12","slug":"traslado-privado-melilla-desde-aeropuerto-hotel-terminal-de-cruceros","status":"publish","type":"product","link":"https:\/\/tourtravelandmore.com\/es\/tours\/espana-es\/melilla-es\/melilla-traslados-privados-es\/traslado-privado-melilla-desde-aeropuerto-hotel-terminal-de-cruceros\/","title":{"rendered":"Traslado Privado Melilla (Terminal de Cruceros, Hotel, Aeropuerto)"},"content":{"rendered":"<h2>Descripci\u00f3n del Traslado Privado Melilla (Terminal de Cruceros, Hotel, Aeropuerto)<\/h2>\n<p><span style=\"font-weight: 400;\">Si una de sus mayores preocupaciones al visitar <\/span><b>Melilla<\/b><span style=\"font-weight: 400;\"> es c\u00f3mo viajar\u00e1 tranquilamente por el pa\u00eds para recorrer sin restricciones y sin tener que estar al tanto de los horarios de transporte p\u00fablico, en <\/span><b>Tour Travel &amp; More<\/b><span style=\"font-weight: 400;\"> tenemos una soluci\u00f3n para usted, nuestro incre\u00edble <\/span><b>servicio de <\/b><strong>traslado privado Melilla.<\/strong><span style=\"font-weight: 400;\"><br \/>\n<\/span><\/p>\n<p><span style=\"font-weight: 400;\">Solo tiene que decirnos su hora y fecha de llegada al aeropuerto o al puerto de cruceros y uno de nuestros conductores estar\u00e1 esperando para llevarlo a su hotel, lo mismo se aplica el d\u00eda que regrese a su pa\u00eds, podemos recogerlo en su sitio de alojamiento y lo llevaremos hacia el aeropuerto para que pueda regresar a casa.<\/span><\/p>\n<p><span style=\"font-weight: 400;\">Tambi\u00e9n brindamos transporte privado desde cualquier lugar de <\/span><b>Melilla<\/b><span style=\"font-weight: 400;\"> a cualquier otra ciudad cercana.<\/span><\/p>\n<p><span style=\"font-weight: 400;\">No limitamos la cantidad de equipaje, pero le pedimos que informe con cu\u00e1ntas maletas viajar\u00e1 solo por cuestiones log\u00edsticas, ya que a veces puede ser necesario un veh\u00edculo m\u00e1s grande y se pueden aplicar tarifas adicionales.<\/span><\/p>\n<p><span style=\"font-weight: 400;\">Solo tiene que contactarnos a <\/span><b>Tour Travel &amp; More<\/b><span style=\"font-weight: 400;\"> y dar los detalles espec\u00edficos, a partir de ah\u00ed, organizaremos su traslado privado Melilla en un <\/span><b>veh\u00edculo de lujo con conductor.<\/b><\/p>\n<p>Si quiere conocer la ciudad puedes consultar <a href=\"https:\/\/tourtravelandmore.com\/es\/ciudad\/espana-es\/melilla-es\/\"><strong>aqu\u00ed<\/strong><\/a>, los tours privados que ofrecemos en Melilla.<\/p>\n<h2><b>Puntos de inter\u00e9s en el Traslado Privado Melilla (Terminal de Cruceros, Hotel, Aeropuerto)<\/b><\/h2>\n<p><b>Melilla<\/b><span style=\"font-weight: 400;\"> es una ciudad aut\u00f3noma espa\u00f1ola ubicada en el norte de <\/span><b>\u00c1frica<\/b><span style=\"font-weight: 400;\">, a orillas del mar Mediterr\u00e1neo. La ciudad recibe una importante poblaci\u00f3n flotante todos los d\u00edas, principalmente de la provincia marroqu\u00ed de <\/span><b>Nador<\/b><span style=\"font-weight: 400;\">.<\/span><\/p>\n<p><span style=\"font-weight: 400;\">Melilla tambi\u00e9n tiene hermosas extensas playas, as\u00ed como algunos paisajes fascinantes como los <\/span><b>Cortados de Aguad\u00fa<\/b><span style=\"font-weight: 400;\">. \u00a1Todo esto hace que su estancia en Melilla sea una verdadera sorpresa!<\/span><\/p>\n<p><span style=\"font-weight: 400;\">Melilla, como Ceuta y las islas Canarias, fue clasificada como puerto libre antes de que Espa\u00f1a se uniera a la <\/span><b>Uni\u00f3n Europea<\/b><span style=\"font-weight: 400;\">.\u00a0<\/span><\/p>\n<p><span style=\"font-weight: 400;\">Su poblaci\u00f3n est\u00e1 compuesta por cristianos, musulmanes y peque\u00f1as minor\u00edas de jud\u00edos, sefard\u00edes y \u00e9tnicos hind\u00faes sindhi.<\/span><\/p>\n","protected":false},"excerpt":{"rendered":"<p>Aproveche esta oportunidad para <strong>llegar a su destino en Melilla\u00a0<\/strong>de la manera m\u00e1s c\u00f3moda y r\u00e1pida posible, sin preocupaciones. Nuestros choferes profesionales le estar\u00e1n esperando en el lugar de recogida escogi\u00f3 por usted.<br \/>\nOrganizamos recogidas desde su hotel, puerto de cruceros o cualquier lugar de Melilla.<\/p>\n","protected":false},"featured_media":59378,"comment_status":"open","ping_status":"closed","template":"","meta":{"_acf_changed":false},"product_brand":[],"product_cat":[1596,2273,2281],"product_tag":[],"class_list":{"0":"post-80134","1":"product","2":"type-product","3":"status-publish","4":"has-post-thumbnail","6":"product_cat-espana-es","7":"product_cat-melilla-es","8":"product_cat-melilla-traslados-privados-es","10":"first","11":"instock","12":"shipping-taxable","13":"purchasable","14":"product-type-simple"},"acf":[],"yoast_head":"<!-- This site is optimized with the Yoast SEO Premium plugin v25.3.1 (Yoast SEO v25.3.1) - https:\/\/yoast.com\/wordpress\/plugins\/seo\/ -->\n<title>\u27a1\ufe0f Traslado Privado Melilla desde Aeropuerto, Hotel, Terminal de Cruceros<\/title>\n<meta name=\"description\" content=\"Nuestro traslado privado Melilla es el mejor modo de llegar a su destino final en Melilla. Vive una experiencia relajante sin esperas y colas \u2705\" \/>\n<meta name=\"robots\" content=\"index, follow, max-snippet:-1, max-image-preview:large, max-video-preview:-1\" \/>\n<link rel=\"canonical\" href=\"https:\/\/tourtravelandmore.com\/es\/tours\/espana-es\/melilla-es\/melilla-traslados-privados-es\/traslado-privado-melilla-desde-aeropuerto-hotel-terminal-de-cruceros\/\" \/>\n<meta property=\"og:locale\" content=\"es_ES\" \/>\n<meta property=\"og:type\" content=\"article\" \/>\n<meta property=\"og:title\" content=\"Traslado Privado Melilla (Terminal de Cruceros, Hotel, Aeropuerto)\" \/>\n<meta property=\"og:description\" content=\"Nuestro traslado privado Melilla es el mejor modo de llegar a su destino final en Melilla. Vive una experiencia relajante sin esperas y colas \u2705\" \/>\n<meta property=\"og:url\" content=\"https:\/\/tourtravelandmore.com\/es\/tours\/espana-es\/melilla-es\/melilla-traslados-privados-es\/traslado-privado-melilla-desde-aeropuerto-hotel-terminal-de-cruceros\/\" \/>\n<meta property=\"og:site_name\" content=\"Tour Travel And More\" \/>\n<meta property=\"article:publisher\" content=\"https:\/\/www.facebook.com\/tourtravelandmore\/\" \/>\n<meta property=\"article:modified_time\" content=\"2022-12-27T05:51:12+00:00\" \/>\n<meta property=\"og:image\" content=\"https:\/\/tourtravelandmore.com\/wp-content\/uploads\/2016\/11\/TrasladoAlicante-1.png\" \/>\n\t<meta property=\"og:image:width\" content=\"640\" \/>\n\t<meta property=\"og:image:height\" content=\"425\" \/>\n\t<meta property=\"og:image:type\" content=\"image\/png\" \/>\n<meta name=\"twitter:card\" content=\"summary_large_image\" \/>\n<meta name=\"twitter:site\" content=\"@TourTravel_More\" \/>\n<meta name=\"twitter:label1\" content=\"Tiempo de lectura\" \/>\n\t<meta name=\"twitter:data1\" content=\"2 minutos\" \/>\n<script type=\"application\/ld+json\" class=\"yoast-schema-graph\">{\"@context\":\"https:\/\/schema.org\",\"@graph\":[{\"@type\":\"WebPage\",\"@id\":\"https:\/\/tourtravelandmore.com\/es\/tours\/espana-es\/melilla-es\/melilla-traslados-privados-es\/traslado-privado-melilla-desde-aeropuerto-hotel-terminal-de-cruceros\/\",\"url\":\"https:\/\/tourtravelandmore.com\/es\/tours\/espana-es\/melilla-es\/melilla-traslados-privados-es\/traslado-privado-melilla-desde-aeropuerto-hotel-terminal-de-cruceros\/\",\"name\":\"\u27a1\ufe0f Traslado Privado Melilla desde Aeropuerto, Hotel, Terminal de Cruceros\",\"isPartOf\":{\"@id\":\"https:\/\/tourtravelandmore.com\/es\/#website\"},\"primaryImageOfPage\":{\"@id\":\"https:\/\/tourtravelandmore.com\/es\/tours\/espana-es\/melilla-es\/melilla-traslados-privados-es\/traslado-privado-melilla-desde-aeropuerto-hotel-terminal-de-cruceros\/#primaryimage\"},\"image\":{\"@id\":\"https:\/\/tourtravelandmore.com\/es\/tours\/espana-es\/melilla-es\/melilla-traslados-privados-es\/traslado-privado-melilla-desde-aeropuerto-hotel-terminal-de-cruceros\/#primaryimage\"},\"thumbnailUrl\":\"https:\/\/tourtravelandmore.com\/wp-content\/uploads\/2016\/11\/TrasladoAlicante-1.png\",\"datePublished\":\"2020-05-26T08:58:08+00:00\",\"dateModified\":\"2022-12-27T05:51:12+00:00\",\"description\":\"Nuestro traslado privado Melilla es el mejor modo de llegar a su destino final en Melilla. Vive una experiencia relajante sin esperas y colas \u2705\",\"breadcrumb\":{\"@id\":\"https:\/\/tourtravelandmore.com\/es\/tours\/espana-es\/melilla-es\/melilla-traslados-privados-es\/traslado-privado-melilla-desde-aeropuerto-hotel-terminal-de-cruceros\/#breadcrumb\"},\"inLanguage\":\"es\",\"potentialAction\":[{\"@type\":\"ReadAction\",\"target\":[\"https:\/\/tourtravelandmore.com\/es\/tours\/espana-es\/melilla-es\/melilla-traslados-privados-es\/traslado-privado-melilla-desde-aeropuerto-hotel-terminal-de-cruceros\/\"]}]},{\"@type\":\"ImageObject\",\"inLanguage\":\"es\",\"@id\":\"https:\/\/tourtravelandmore.com\/es\/tours\/espana-es\/melilla-es\/melilla-traslados-privados-es\/traslado-privado-melilla-desde-aeropuerto-hotel-terminal-de-cruceros\/#primaryimage\",\"url\":\"https:\/\/tourtravelandmore.com\/wp-content\/uploads\/2016\/11\/TrasladoAlicante-1.png\",\"contentUrl\":\"https:\/\/tourtravelandmore.com\/wp-content\/uploads\/2016\/11\/TrasladoAlicante-1.png\",\"width\":640,\"height\":425},{\"@type\":\"BreadcrumbList\",\"@id\":\"https:\/\/tourtravelandmore.com\/es\/tours\/espana-es\/melilla-es\/melilla-traslados-privados-es\/traslado-privado-melilla-desde-aeropuerto-hotel-terminal-de-cruceros\/#breadcrumb\",\"itemListElement\":[{\"@type\":\"ListItem\",\"position\":1,\"name\":\"Home\",\"item\":\"https:\/\/tourtravelandmore.com\/es\/\"},{\"@type\":\"ListItem\",\"position\":2,\"name\":\"Tours\",\"item\":\"https:\/\/tourtravelandmore.com\/es\/tours\/\"},{\"@type\":\"ListItem\",\"position\":3,\"name\":\"Traslado Privado Melilla (Terminal de Cruceros, Hotel, Aeropuerto)\"}]},{\"@type\":\"WebSite\",\"@id\":\"https:\/\/tourtravelandmore.com\/es\/#website\",\"url\":\"https:\/\/tourtravelandmore.com\/es\/\",\"name\":\"Tour Travel And More\",\"description\":\"Private sightseeing tours and luxury transfers in Spain\",\"publisher\":{\"@id\":\"https:\/\/tourtravelandmore.com\/es\/#organization\"},\"potentialAction\":[{\"@type\":\"SearchAction\",\"target\":{\"@type\":\"EntryPoint\",\"urlTemplate\":\"https:\/\/tourtravelandmore.com\/es\/?s={search_term_string}\"},\"query-input\":{\"@type\":\"PropertyValueSpecification\",\"valueRequired\":true,\"valueName\":\"search_term_string\"}}],\"inLanguage\":\"es\"},{\"@type\":\"Organization\",\"@id\":\"https:\/\/tourtravelandmore.com\/es\/#organization\",\"name\":\"Tour Travel And More\",\"url\":\"https:\/\/tourtravelandmore.com\/es\/\",\"logo\":{\"@type\":\"ImageObject\",\"inLanguage\":\"es\",\"@id\":\"https:\/\/tourtravelandmore.com\/es\/#\/schema\/logo\/image\/\",\"url\":\"https:\/\/tourtravelandmore.com\/wp-content\/uploads\/2022\/12\/cropped-logo-cabecera-new.png\",\"contentUrl\":\"https:\/\/tourtravelandmore.com\/wp-content\/uploads\/2022\/12\/cropped-logo-cabecera-new.png\",\"width\":430,\"height\":61,\"caption\":\"Tour Travel And More\"},\"image\":{\"@id\":\"https:\/\/tourtravelandmore.com\/es\/#\/schema\/logo\/image\/\"},\"sameAs\":[\"https:\/\/www.facebook.com\/tourtravelandmore\/\",\"https:\/\/x.com\/TourTravel_More\"]}]}<\/script>\n<!-- \/ Yoast SEO Premium plugin. -->","yoast_head_json":{"title":"\u27a1\ufe0f Traslado Privado Melilla desde Aeropuerto, Hotel, Terminal de Cruceros","description":"Nuestro traslado privado Melilla es el mejor modo de llegar a su destino final en Melilla. Vive una experiencia relajante sin esperas y colas \u2705","robots":{"index":"index","follow":"follow","max-snippet":"max-snippet:-1","max-image-preview":"max-image-preview:large","max-video-preview":"max-video-preview:-1"},"canonical":"https:\/\/tourtravelandmore.com\/es\/tours\/espana-es\/melilla-es\/melilla-traslados-privados-es\/traslado-privado-melilla-desde-aeropuerto-hotel-terminal-de-cruceros\/","og_locale":"es_ES","og_type":"article","og_title":"Traslado Privado Melilla (Terminal de Cruceros, Hotel, Aeropuerto)","og_description":"Nuestro traslado privado Melilla es el mejor modo de llegar a su destino final en Melilla. Vive una experiencia relajante sin esperas y colas \u2705","og_url":"https:\/\/tourtravelandmore.com\/es\/tours\/espana-es\/melilla-es\/melilla-traslados-privados-es\/traslado-privado-melilla-desde-aeropuerto-hotel-terminal-de-cruceros\/","og_site_name":"Tour Travel And More","article_publisher":"https:\/\/www.facebook.com\/tourtravelandmore\/","article_modified_time":"2022-12-27T05:51:12+00:00","og_image":[{"width":640,"height":425,"url":"https:\/\/tourtravelandmore.com\/wp-content\/uploads\/2016\/11\/TrasladoAlicante-1.png","type":"image\/png"}],"twitter_card":"summary_large_image","twitter_site":"@TourTravel_More","twitter_misc":{"Tiempo de lectura":"2 minutos"},"schema":{"@context":"https:\/\/schema.org","@graph":[{"@type":"WebPage","@id":"https:\/\/tourtravelandmore.com\/es\/tours\/espana-es\/melilla-es\/melilla-traslados-privados-es\/traslado-privado-melilla-desde-aeropuerto-hotel-terminal-de-cruceros\/","url":"https:\/\/tourtravelandmore.com\/es\/tours\/espana-es\/melilla-es\/melilla-traslados-privados-es\/traslado-privado-melilla-desde-aeropuerto-hotel-terminal-de-cruceros\/","name":"\u27a1\ufe0f Traslado Privado Melilla desde Aeropuerto, Hotel, Terminal de Cruceros","isPartOf":{"@id":"https:\/\/tourtravelandmore.com\/es\/#website"},"primaryImageOfPage":{"@id":"https:\/\/tourtravelandmore.com\/es\/tours\/espana-es\/melilla-es\/melilla-traslados-privados-es\/traslado-privado-melilla-desde-aeropuerto-hotel-terminal-de-cruceros\/#primaryimage"},"image":{"@id":"https:\/\/tourtravelandmore.com\/es\/tours\/espana-es\/melilla-es\/melilla-traslados-privados-es\/traslado-privado-melilla-desde-aeropuerto-hotel-terminal-de-cruceros\/#primaryimage"},"thumbnailUrl":"https:\/\/tourtravelandmore.com\/wp-content\/uploads\/2016\/11\/TrasladoAlicante-1.png","datePublished":"2020-05-26T08:58:08+00:00","dateModified":"2022-12-27T05:51:12+00:00","description":"Nuestro traslado privado Melilla es el mejor modo de llegar a su destino final en Melilla. Vive una experiencia relajante sin esperas y colas \u2705","breadcrumb":{"@id":"https:\/\/tourtravelandmore.com\/es\/tours\/espana-es\/melilla-es\/melilla-traslados-privados-es\/traslado-privado-melilla-desde-aeropuerto-hotel-terminal-de-cruceros\/#breadcrumb"},"inLanguage":"es","potentialAction":[{"@type":"ReadAction","target":["https:\/\/tourtravelandmore.com\/es\/tours\/espana-es\/melilla-es\/melilla-traslados-privados-es\/traslado-privado-melilla-desde-aeropuerto-hotel-terminal-de-cruceros\/"]}]},{"@type":"ImageObject","inLanguage":"es","@id":"https:\/\/tourtravelandmore.com\/es\/tours\/espana-es\/melilla-es\/melilla-traslados-privados-es\/traslado-privado-melilla-desde-aeropuerto-hotel-terminal-de-cruceros\/#primaryimage","url":"https:\/\/tourtravelandmore.com\/wp-content\/uploads\/2016\/11\/TrasladoAlicante-1.png","contentUrl":"https:\/\/tourtravelandmore.com\/wp-content\/uploads\/2016\/11\/TrasladoAlicante-1.png","width":640,"height":425},{"@type":"BreadcrumbList","@id":"https:\/\/tourtravelandmore.com\/es\/tours\/espana-es\/melilla-es\/melilla-traslados-privados-es\/traslado-privado-melilla-desde-aeropuerto-hotel-terminal-de-cruceros\/#breadcrumb","itemListElement":[{"@type":"ListItem","position":1,"name":"Home","item":"https:\/\/tourtravelandmore.com\/es\/"},{"@type":"ListItem","position":2,"name":"Tours","item":"https:\/\/tourtravelandmore.com\/es\/tours\/"},{"@type":"ListItem","position":3,"name":"Traslado Privado Melilla (Terminal de Cruceros, Hotel, Aeropuerto)"}]},{"@type":"WebSite","@id":"https:\/\/tourtravelandmore.com\/es\/#website","url":"https:\/\/tourtravelandmore.com\/es\/","name":"Tour Travel And More","description":"Private sightseeing tours and luxury transfers in Spain","publisher":{"@id":"https:\/\/tourtravelandmore.com\/es\/#organization"},"potentialAction":[{"@type":"SearchAction","target":{"@type":"EntryPoint","urlTemplate":"https:\/\/tourtravelandmore.com\/es\/?s={search_term_string}"},"query-input":{"@type":"PropertyValueSpecification","valueRequired":true,"valueName":"search_term_string"}}],"inLanguage":"es"},{"@type":"Organization","@id":"https:\/\/tourtravelandmore.com\/es\/#organization","name":"Tour Travel And More","url":"https:\/\/tourtravelandmore.com\/es\/","logo":{"@type":"ImageObject","inLanguage":"es","@id":"https:\/\/tourtravelandmore.com\/es\/#\/schema\/logo\/image\/","url":"https:\/\/tourtravelandmore.com\/wp-content\/uploads\/2022\/12\/cropped-logo-cabecera-new.png","contentUrl":"https:\/\/tourtravelandmore.com\/wp-content\/uploads\/2022\/12\/cropped-logo-cabecera-new.png","width":430,"height":61,"caption":"Tour Travel And More"},"image":{"@id":"https:\/\/tourtravelandmore.com\/es\/#\/schema\/logo\/image\/"},"sameAs":["https:\/\/www.facebook.com\/tourtravelandmore\/","https:\/\/x.com\/TourTravel_More"]}]}},"_links":{"self":[{"href":"https:\/\/tourtravelandmore.com\/es\/wp-json\/wp\/v2\/product\/80134","targetHints":{"allow":["GET"]}}],"collection":[{"href":"https:\/\/tourtravelandmore.com\/es\/wp-json\/wp\/v2\/product"}],"about":[{"href":"https:\/\/tourtravelandmore.com\/es\/wp-json\/wp\/v2\/types\/product"}],"replies":[{"embeddable":true,"href":"https:\/\/tourtravelandmore.com\/es\/wp-json\/wp\/v2\/comments?post=80134"}],"wp:featuredmedia":[{"embeddable":true,"href":"https:\/\/tourtravelandmore.com\/es\/wp-json\/wp\/v2\/media\/59378"}],"wp:attachment":[{"href":"https:\/\/tourtravelandmore.com\/es\/wp-json\/wp\/v2\/media?parent=80134"}],"wp:term":[{"taxonomy":"product_brand","embeddable":true,"href":"https:\/\/tourtravelandmore.com\/es\/wp-json\/wp\/v2\/product_brand?post=80134"},{"taxonomy":"product_cat","embeddable":true,"href":"https:\/\/tourtravelandmore.com\/es\/wp-json\/wp\/v2\/product_cat?post=80134"},{"taxonomy":"product_tag","embeddable":true,"href":"https:\/\/tourtravelandmore.com\/es\/wp-json\/wp\/v2\/product_tag?post=80134"}],"curies":[{"name":"wp","href":"https:\/\/api.w.org\/{rel}","templated":true}]}}