{"id":80087,"date":"2020-05-26T10:30:58","date_gmt":"2020-05-26T08:30:59","guid":{"rendered":"https:\/\/tourtravelandmore.com\/?post_type=product&#038;p=80087"},"modified":"2022-12-27T06:49:27","modified_gmt":"2022-12-27T05:49:27","slug":"tour-privado-melilla-con-guia-official-y-vehiculo-privado","status":"publish","type":"product","link":"https:\/\/tourtravelandmore.com\/es\/tours\/espana-es\/melilla-es\/melilla-actividades-es\/tour-privado-melilla-con-guia-official-y-vehiculo-privado\/","title":{"rendered":"Tour privado de Melilla desde la Terminal de Cruceros o Hotel"},"content":{"rendered":"<h2>Descripci\u00f3n del Tour privado de Melilla desde la Terminal de Cruceros u Hotel<\/h2>\n<p><span style=\"font-weight: 400;\">No pierdas esta oportunidad de conocer la ciudad \u00fanica de <\/span><b>Melilla<\/b><span style=\"font-weight: 400;\"> con este <\/span><b>tour privado Melilla, con gu\u00eda oficial y veh\u00edculo privado<\/b><span style=\"font-weight: 400;\">. <\/span><\/p>\n<p><span style=\"font-weight: 400;\">Podemos recogerlo en su hotel, en la ciudad, en el puerto de cruceros de Melilla o en cualquier lugar a elecci\u00f3n en Melilla a la hora seleccionada por usted.<\/span><\/p>\n<p><b>Melilla<\/b><span style=\"font-weight: 400;\"> es una ciudad aut\u00f3noma espa\u00f1ola ubicada en el norte de <\/span><b>\u00c1frica<\/b><span style=\"font-weight: 400;\">, a orillas del mar Mediterr\u00e1neo. La ciudad recibe una importante poblaci\u00f3n flotante todos los d\u00edas, principalmente de la provincia marroqu\u00ed de <\/span><b>Nador<\/b><span style=\"font-weight: 400;\">.<\/span><\/p>\n<p><b>Melilla<\/b><span style=\"font-weight: 400;\"> tambi\u00e9n cuenta con hermosas y extensas playas, as\u00ed como algunos paisajes fascinantes como los <\/span><b>Cortados de Aguad\u00fa<\/b><span style=\"font-weight: 400;\">. \u00a1Todo esto hace que su estancia en Melilla sea una verdadera sorpresa!.<\/span><\/p>\n<p><span style=\"font-weight: 400;\">El patrimonio arquitect\u00f3nico de la ciudad, ubicado en el <\/span><b>Ensanche de Melilla<\/b><span style=\"font-weight: 400;\">, es considerado uno de los mejores exponentes del estilo modernista espa\u00f1ol de principios del siglo XX.<\/span><\/p>\n<p><span style=\"font-weight: 400;\">En conclusi\u00f3n, Melilla es una ciudad donde la historia, la arquitectura y sus extensas playas se unen para convertirla en el sitio perfecto para pasar sus vacaciones, lo \u00fanico que debe hacer es ponerse en contacto con <\/span><b>Tour Travel &amp; and More.<\/b><\/p>\n<h2><b>Puntos de inter\u00e9s en el Tour privado de Melilla desde la Terminal de Cruceros o Hotel<br \/>\n<\/b><\/h2>\n<p><span style=\"font-weight: 400;\">Se encontrar\u00e1 con su <\/span><b>conductor privado<\/b><span style=\"font-weight: 400;\"> y <\/span><b>gu\u00eda tur\u00edstico oficial<\/b><span style=\"font-weight: 400;\"> en un lugar de elecci\u00f3n en Melilla, como hemos mencionado antes, la recogida podr\u00eda ser en su hotel o en el puerto de cruceros de Melilla. La hora de inicio del recorrido ser\u00e1 determinada por usted.<\/span><\/p>\n<p><span style=\"font-weight: 400;\">Disfrutar\u00e1 de tour privado Melilla de 4 horas por la ciudad, muy c\u00f3modo en su <\/span><b>veh\u00edculo de lujo<\/b><span style=\"font-weight: 400;\"> con aire acondicionado. Su conductor privado y su gu\u00eda oficial estar\u00e1n a su disposici\u00f3n durante todo el recorrido y har\u00e1n que su experiencia sea \u00fanica y memorable.<\/span><\/p>\n<p><span style=\"font-weight: 400;\">Durante su Tour privado Melilla, descubrir\u00e1 algunos de los sitios m\u00e1s reconocidos de Melilla. Ser\u00e1s testigo de su belleza arquitect\u00f3nica \u00fanica. Entre los sitios que puede visitar a trav\u00e9s de este recorrido privado, ofrecemos:<\/span><\/p>\n<p><span style=\"font-weight: 400;\">&#8211; <\/span><b>La Vieja Melilla<\/b><span style=\"font-weight: 400;\">: La zona m\u00e1s hermosa de Melilla es <\/span><b>La Ciudadela<\/b><span style=\"font-weight: 400;\"> (otro de los nombres con los que se conoce la antigua Melilla). Fue declarado <\/span><b>Sitio Hist\u00f3rico-Art\u00edstico<\/b><span style=\"font-weight: 400;\"> y se muestra como una imponente fortaleza construida sobre un pe\u00f1\u00f3n que se adentra en las aguas del Mediterr\u00e1neo.<\/span><\/p>\n<p><span style=\"font-weight: 400;\">&#8211; <\/span><b>Plaza Hern\u00e1ndez<\/b><span style=\"font-weight: 400;\">: el parque m\u00e1s emblem\u00e1tico de Melilla fue un campo de entrenamiento militar hasta que el Capit\u00e1n General de la ciudad, Venancio Hern\u00e1ndez Fern\u00e1ndez, decidi\u00f3 convertirlo, en 1902, en un parque.<\/span><\/p>\n<p><span style=\"font-weight: 400;\">&#8211; <\/span><b>Plaza de los Pescadore<\/b><span style=\"font-weight: 400;\">s: es el monumento conmemorativo que la gente de Melilla le dedica a los duros pescadores que aqu\u00ed se buscan la vida.<\/span><\/p>\n<p><span style=\"font-weight: 400;\">&#8211; <\/span><b>Cuevas del convento<\/b><span style=\"font-weight: 400;\">: estas cuevas est\u00e1n ubicadas en la <\/span><b>Muralla de la Cruz<\/b><span style=\"font-weight: 400;\">, enmarcada por el primer recinto amurallado de Melilla la Vieja. Se cree que se originaron en una gruta natural que podr\u00eda haber sido utilizada por los fenicios.<\/span><\/p>\n<p><span style=\"font-weight: 400;\">&#8211; <\/span><b>Museo Arqueol\u00f3gico e Hist\u00f3rico de Melilla<\/b><span style=\"font-weight: 400;\">, el edificio tiene tres pisos y presenta colecciones con las que puedes realizar un recorrido cronol\u00f3gico de la Historia de Melilla.<\/span><\/p>\n<p><span style=\"font-weight: 400;\">&#8211; <\/span><b>Fuerte de Victoria Grande<\/b><span style=\"font-weight: 400;\">: durante la Guerra Civil asumi\u00f3 el papel de prisi\u00f3n y, unos a\u00f1os m\u00e1s tarde, fue abandonado.<\/span><\/p>\n<p><span style=\"font-weight: 400;\">Melilla es una ciudad hermosa y \u00fanica. Le ayudaremos a aprender todo lo que necesita saber, as\u00ed como a organizar cualquier parada fotogr\u00e1fica que desee. \u00a1Las fotos son finalmente los recuerdos que nos llevamos a casa! Siempre podemos personalizar y hacer que esta experiencia sea m\u00e1s suya y personalizarla seg\u00fan sus propias necesidades.<\/span><\/p>\n<p>Si dispone de m\u00e1s d\u00edas en Melilla, puedes consultar <a href=\"https:\/\/tourtravelandmore.com\/es\/ciudad\/espana-es\/melilla-es\/\"><strong>aqu\u00ed<\/strong> <\/a>el resto de nuestros tours privados.<\/p>\n","protected":false},"excerpt":{"rendered":"<p>Disfruta de este <strong>tour privado de media\u00a0d\u00eda\u00a0personalizable de\u00a0<\/strong><b>Melilla<\/b>. Tome esta oportunidad para conocer y disfrutar de Melilla durante este tour con vuestro guia oficial privado y vuestro veh\u00edculo de lujo con chofer. Admire los monumentos y lugares m\u00e1s emblem\u00e1ticos de la ciudad con su guia oficial privado.<\/p>\n<p>&nbsp;<\/p>\n","protected":false},"featured_media":80097,"comment_status":"open","ping_status":"closed","template":"","meta":{"_acf_changed":false},"product_brand":[],"product_cat":[2273,2275],"product_tag":[],"class_list":{"0":"post-80087","1":"product","2":"type-product","3":"status-publish","4":"has-post-thumbnail","6":"product_cat-melilla-es","7":"product_cat-melilla-actividades-es","9":"first","10":"instock","11":"shipping-taxable","12":"purchasable","13":"product-type-simple"},"acf":[],"yoast_head":"<!-- This site is optimized with the Yoast SEO Premium plugin v25.3.1 (Yoast SEO v25.3.1) - https:\/\/yoast.com\/wordpress\/plugins\/seo\/ -->\n<title>\u27a1\ufe0f Tour Privado Melilla con guia official y vehiculo privado<\/title>\n<meta name=\"description\" content=\"Disfruta de este tour privado Melilla y descubre su ciudad y historia. Podr\u00e1s conocer La Vieja Melilla, Cuevas del convento, Plaza Hern\u00e1ndez y m\u00e1s! \u2705\" \/>\n<meta name=\"robots\" content=\"index, follow, max-snippet:-1, max-image-preview:large, max-video-preview:-1\" \/>\n<link rel=\"canonical\" href=\"https:\/\/tourtravelandmore.com\/es\/tours\/espana-es\/melilla-es\/melilla-actividades-es\/tour-privado-melilla-con-guia-official-y-vehiculo-privado\/\" \/>\n<meta property=\"og:locale\" content=\"es_ES\" \/>\n<meta property=\"og:type\" content=\"article\" \/>\n<meta property=\"og:title\" content=\"Tour privado de Melilla desde la Terminal de Cruceros o Hotel\" \/>\n<meta property=\"og:description\" content=\"Disfruta de este tour privado Melilla y descubre su ciudad y historia. Podr\u00e1s conocer La Vieja Melilla, Cuevas del convento, Plaza Hern\u00e1ndez y m\u00e1s! \u2705\" \/>\n<meta property=\"og:url\" content=\"https:\/\/tourtravelandmore.com\/es\/tours\/espana-es\/melilla-es\/melilla-actividades-es\/tour-privado-melilla-con-guia-official-y-vehiculo-privado\/\" \/>\n<meta property=\"og:site_name\" content=\"Tour Travel And More\" \/>\n<meta property=\"article:publisher\" content=\"https:\/\/www.facebook.com\/tourtravelandmore\/\" \/>\n<meta property=\"article:modified_time\" content=\"2022-12-27T05:49:27+00:00\" \/>\n<meta property=\"og:image\" content=\"https:\/\/tourtravelandmore.com\/wp-content\/uploads\/2020\/05\/melilla-5-1.jpg\" \/>\n\t<meta property=\"og:image:width\" content=\"960\" \/>\n\t<meta property=\"og:image:height\" content=\"640\" \/>\n\t<meta property=\"og:image:type\" content=\"image\/jpeg\" \/>\n<meta name=\"twitter:card\" content=\"summary_large_image\" \/>\n<meta name=\"twitter:site\" content=\"@TourTravel_More\" \/>\n<meta name=\"twitter:label1\" content=\"Tiempo de lectura\" \/>\n\t<meta name=\"twitter:data1\" content=\"3 minutos\" \/>\n<script type=\"application\/ld+json\" class=\"yoast-schema-graph\">{\"@context\":\"https:\/\/schema.org\",\"@graph\":[{\"@type\":\"WebPage\",\"@id\":\"https:\/\/tourtravelandmore.com\/es\/tours\/espana-es\/melilla-es\/melilla-actividades-es\/tour-privado-melilla-con-guia-official-y-vehiculo-privado\/\",\"url\":\"https:\/\/tourtravelandmore.com\/es\/tours\/espana-es\/melilla-es\/melilla-actividades-es\/tour-privado-melilla-con-guia-official-y-vehiculo-privado\/\",\"name\":\"\u27a1\ufe0f Tour Privado Melilla con guia official y vehiculo privado\",\"isPartOf\":{\"@id\":\"https:\/\/tourtravelandmore.com\/es\/#website\"},\"primaryImageOfPage\":{\"@id\":\"https:\/\/tourtravelandmore.com\/es\/tours\/espana-es\/melilla-es\/melilla-actividades-es\/tour-privado-melilla-con-guia-official-y-vehiculo-privado\/#primaryimage\"},\"image\":{\"@id\":\"https:\/\/tourtravelandmore.com\/es\/tours\/espana-es\/melilla-es\/melilla-actividades-es\/tour-privado-melilla-con-guia-official-y-vehiculo-privado\/#primaryimage\"},\"thumbnailUrl\":\"https:\/\/tourtravelandmore.com\/wp-content\/uploads\/2020\/05\/melilla-5-1.jpg\",\"datePublished\":\"2020-05-26T08:30:59+00:00\",\"dateModified\":\"2022-12-27T05:49:27+00:00\",\"description\":\"Disfruta de este tour privado Melilla y descubre su ciudad y historia. Podr\u00e1s conocer La Vieja Melilla, Cuevas del convento, Plaza Hern\u00e1ndez y m\u00e1s! \u2705\",\"breadcrumb\":{\"@id\":\"https:\/\/tourtravelandmore.com\/es\/tours\/espana-es\/melilla-es\/melilla-actividades-es\/tour-privado-melilla-con-guia-official-y-vehiculo-privado\/#breadcrumb\"},\"inLanguage\":\"es\",\"potentialAction\":[{\"@type\":\"ReadAction\",\"target\":[\"https:\/\/tourtravelandmore.com\/es\/tours\/espana-es\/melilla-es\/melilla-actividades-es\/tour-privado-melilla-con-guia-official-y-vehiculo-privado\/\"]}]},{\"@type\":\"ImageObject\",\"inLanguage\":\"es\",\"@id\":\"https:\/\/tourtravelandmore.com\/es\/tours\/espana-es\/melilla-es\/melilla-actividades-es\/tour-privado-melilla-con-guia-official-y-vehiculo-privado\/#primaryimage\",\"url\":\"https:\/\/tourtravelandmore.com\/wp-content\/uploads\/2020\/05\/melilla-5-1.jpg\",\"contentUrl\":\"https:\/\/tourtravelandmore.com\/wp-content\/uploads\/2020\/05\/melilla-5-1.jpg\",\"width\":960,\"height\":640},{\"@type\":\"BreadcrumbList\",\"@id\":\"https:\/\/tourtravelandmore.com\/es\/tours\/espana-es\/melilla-es\/melilla-actividades-es\/tour-privado-melilla-con-guia-official-y-vehiculo-privado\/#breadcrumb\",\"itemListElement\":[{\"@type\":\"ListItem\",\"position\":1,\"name\":\"Home\",\"item\":\"https:\/\/tourtravelandmore.com\/es\/\"},{\"@type\":\"ListItem\",\"position\":2,\"name\":\"Tours\",\"item\":\"https:\/\/tourtravelandmore.com\/es\/tours\/\"},{\"@type\":\"ListItem\",\"position\":3,\"name\":\"Tour privado de Melilla desde la Terminal de Cruceros o Hotel\"}]},{\"@type\":\"WebSite\",\"@id\":\"https:\/\/tourtravelandmore.com\/es\/#website\",\"url\":\"https:\/\/tourtravelandmore.com\/es\/\",\"name\":\"Tour Travel And More\",\"description\":\"Private sightseeing tours and luxury transfers in Spain\",\"publisher\":{\"@id\":\"https:\/\/tourtravelandmore.com\/es\/#organization\"},\"potentialAction\":[{\"@type\":\"SearchAction\",\"target\":{\"@type\":\"EntryPoint\",\"urlTemplate\":\"https:\/\/tourtravelandmore.com\/es\/?s={search_term_string}\"},\"query-input\":{\"@type\":\"PropertyValueSpecification\",\"valueRequired\":true,\"valueName\":\"search_term_string\"}}],\"inLanguage\":\"es\"},{\"@type\":\"Organization\",\"@id\":\"https:\/\/tourtravelandmore.com\/es\/#organization\",\"name\":\"Tour Travel And More\",\"url\":\"https:\/\/tourtravelandmore.com\/es\/\",\"logo\":{\"@type\":\"ImageObject\",\"inLanguage\":\"es\",\"@id\":\"https:\/\/tourtravelandmore.com\/es\/#\/schema\/logo\/image\/\",\"url\":\"https:\/\/tourtravelandmore.com\/wp-content\/uploads\/2022\/12\/cropped-logo-cabecera-new.png\",\"contentUrl\":\"https:\/\/tourtravelandmore.com\/wp-content\/uploads\/2022\/12\/cropped-logo-cabecera-new.png\",\"width\":430,\"height\":61,\"caption\":\"Tour Travel And More\"},\"image\":{\"@id\":\"https:\/\/tourtravelandmore.com\/es\/#\/schema\/logo\/image\/\"},\"sameAs\":[\"https:\/\/www.facebook.com\/tourtravelandmore\/\",\"https:\/\/x.com\/TourTravel_More\"]}]}<\/script>\n<!-- \/ Yoast SEO Premium plugin. -->","yoast_head_json":{"title":"\u27a1\ufe0f Tour Privado Melilla con guia official y vehiculo privado","description":"Disfruta de este tour privado Melilla y descubre su ciudad y historia. Podr\u00e1s conocer La Vieja Melilla, Cuevas del convento, Plaza Hern\u00e1ndez y m\u00e1s! \u2705","robots":{"index":"index","follow":"follow","max-snippet":"max-snippet:-1","max-image-preview":"max-image-preview:large","max-video-preview":"max-video-preview:-1"},"canonical":"https:\/\/tourtravelandmore.com\/es\/tours\/espana-es\/melilla-es\/melilla-actividades-es\/tour-privado-melilla-con-guia-official-y-vehiculo-privado\/","og_locale":"es_ES","og_type":"article","og_title":"Tour privado de Melilla desde la Terminal de Cruceros o Hotel","og_description":"Disfruta de este tour privado Melilla y descubre su ciudad y historia. Podr\u00e1s conocer La Vieja Melilla, Cuevas del convento, Plaza Hern\u00e1ndez y m\u00e1s! \u2705","og_url":"https:\/\/tourtravelandmore.com\/es\/tours\/espana-es\/melilla-es\/melilla-actividades-es\/tour-privado-melilla-con-guia-official-y-vehiculo-privado\/","og_site_name":"Tour Travel And More","article_publisher":"https:\/\/www.facebook.com\/tourtravelandmore\/","article_modified_time":"2022-12-27T05:49:27+00:00","og_image":[{"width":960,"height":640,"url":"https:\/\/tourtravelandmore.com\/wp-content\/uploads\/2020\/05\/melilla-5-1.jpg","type":"image\/jpeg"}],"twitter_card":"summary_large_image","twitter_site":"@TourTravel_More","twitter_misc":{"Tiempo de lectura":"3 minutos"},"schema":{"@context":"https:\/\/schema.org","@graph":[{"@type":"WebPage","@id":"https:\/\/tourtravelandmore.com\/es\/tours\/espana-es\/melilla-es\/melilla-actividades-es\/tour-privado-melilla-con-guia-official-y-vehiculo-privado\/","url":"https:\/\/tourtravelandmore.com\/es\/tours\/espana-es\/melilla-es\/melilla-actividades-es\/tour-privado-melilla-con-guia-official-y-vehiculo-privado\/","name":"\u27a1\ufe0f Tour Privado Melilla con guia official y vehiculo privado","isPartOf":{"@id":"https:\/\/tourtravelandmore.com\/es\/#website"},"primaryImageOfPage":{"@id":"https:\/\/tourtravelandmore.com\/es\/tours\/espana-es\/melilla-es\/melilla-actividades-es\/tour-privado-melilla-con-guia-official-y-vehiculo-privado\/#primaryimage"},"image":{"@id":"https:\/\/tourtravelandmore.com\/es\/tours\/espana-es\/melilla-es\/melilla-actividades-es\/tour-privado-melilla-con-guia-official-y-vehiculo-privado\/#primaryimage"},"thumbnailUrl":"https:\/\/tourtravelandmore.com\/wp-content\/uploads\/2020\/05\/melilla-5-1.jpg","datePublished":"2020-05-26T08:30:59+00:00","dateModified":"2022-12-27T05:49:27+00:00","description":"Disfruta de este tour privado Melilla y descubre su ciudad y historia. Podr\u00e1s conocer La Vieja Melilla, Cuevas del convento, Plaza Hern\u00e1ndez y m\u00e1s! \u2705","breadcrumb":{"@id":"https:\/\/tourtravelandmore.com\/es\/tours\/espana-es\/melilla-es\/melilla-actividades-es\/tour-privado-melilla-con-guia-official-y-vehiculo-privado\/#breadcrumb"},"inLanguage":"es","potentialAction":[{"@type":"ReadAction","target":["https:\/\/tourtravelandmore.com\/es\/tours\/espana-es\/melilla-es\/melilla-actividades-es\/tour-privado-melilla-con-guia-official-y-vehiculo-privado\/"]}]},{"@type":"ImageObject","inLanguage":"es","@id":"https:\/\/tourtravelandmore.com\/es\/tours\/espana-es\/melilla-es\/melilla-actividades-es\/tour-privado-melilla-con-guia-official-y-vehiculo-privado\/#primaryimage","url":"https:\/\/tourtravelandmore.com\/wp-content\/uploads\/2020\/05\/melilla-5-1.jpg","contentUrl":"https:\/\/tourtravelandmore.com\/wp-content\/uploads\/2020\/05\/melilla-5-1.jpg","width":960,"height":640},{"@type":"BreadcrumbList","@id":"https:\/\/tourtravelandmore.com\/es\/tours\/espana-es\/melilla-es\/melilla-actividades-es\/tour-privado-melilla-con-guia-official-y-vehiculo-privado\/#breadcrumb","itemListElement":[{"@type":"ListItem","position":1,"name":"Home","item":"https:\/\/tourtravelandmore.com\/es\/"},{"@type":"ListItem","position":2,"name":"Tours","item":"https:\/\/tourtravelandmore.com\/es\/tours\/"},{"@type":"ListItem","position":3,"name":"Tour privado de Melilla desde la Terminal de Cruceros o Hotel"}]},{"@type":"WebSite","@id":"https:\/\/tourtravelandmore.com\/es\/#website","url":"https:\/\/tourtravelandmore.com\/es\/","name":"Tour Travel And More","description":"Private sightseeing tours and luxury transfers in Spain","publisher":{"@id":"https:\/\/tourtravelandmore.com\/es\/#organization"},"potentialAction":[{"@type":"SearchAction","target":{"@type":"EntryPoint","urlTemplate":"https:\/\/tourtravelandmore.com\/es\/?s={search_term_string}"},"query-input":{"@type":"PropertyValueSpecification","valueRequired":true,"valueName":"search_term_string"}}],"inLanguage":"es"},{"@type":"Organization","@id":"https:\/\/tourtravelandmore.com\/es\/#organization","name":"Tour Travel And More","url":"https:\/\/tourtravelandmore.com\/es\/","logo":{"@type":"ImageObject","inLanguage":"es","@id":"https:\/\/tourtravelandmore.com\/es\/#\/schema\/logo\/image\/","url":"https:\/\/tourtravelandmore.com\/wp-content\/uploads\/2022\/12\/cropped-logo-cabecera-new.png","contentUrl":"https:\/\/tourtravelandmore.com\/wp-content\/uploads\/2022\/12\/cropped-logo-cabecera-new.png","width":430,"height":61,"caption":"Tour Travel And More"},"image":{"@id":"https:\/\/tourtravelandmore.com\/es\/#\/schema\/logo\/image\/"},"sameAs":["https:\/\/www.facebook.com\/tourtravelandmore\/","https:\/\/x.com\/TourTravel_More"]}]}},"_links":{"self":[{"href":"https:\/\/tourtravelandmore.com\/es\/wp-json\/wp\/v2\/product\/80087","targetHints":{"allow":["GET"]}}],"collection":[{"href":"https:\/\/tourtravelandmore.com\/es\/wp-json\/wp\/v2\/product"}],"about":[{"href":"https:\/\/tourtravelandmore.com\/es\/wp-json\/wp\/v2\/types\/product"}],"replies":[{"embeddable":true,"href":"https:\/\/tourtravelandmore.com\/es\/wp-json\/wp\/v2\/comments?post=80087"}],"wp:featuredmedia":[{"embeddable":true,"href":"https:\/\/tourtravelandmore.com\/es\/wp-json\/wp\/v2\/media\/80097"}],"wp:attachment":[{"href":"https:\/\/tourtravelandmore.com\/es\/wp-json\/wp\/v2\/media?parent=80087"}],"wp:term":[{"taxonomy":"product_brand","embeddable":true,"href":"https:\/\/tourtravelandmore.com\/es\/wp-json\/wp\/v2\/product_brand?post=80087"},{"taxonomy":"product_cat","embeddable":true,"href":"https:\/\/tourtravelandmore.com\/es\/wp-json\/wp\/v2\/product_cat?post=80087"},{"taxonomy":"product_tag","embeddable":true,"href":"https:\/\/tourtravelandmore.com\/es\/wp-json\/wp\/v2\/product_tag?post=80087"}],"curies":[{"name":"wp","href":"https:\/\/api.w.org\/{rel}","templated":true}]}}