{"id":80059,"date":"2020-05-26T09:47:46","date_gmt":"2020-05-26T07:47:47","guid":{"rendered":"https:\/\/tourtravelandmore.com\/?post_type=product&#038;p=80059"},"modified":"2022-12-27T06:50:20","modified_gmt":"2022-12-27T05:50:20","slug":"excursion-privada-nador-y-monte-gurugu-desde-melilla-con-guia-y-vehiculo","status":"publish","type":"product","link":"https:\/\/tourtravelandmore.com\/es\/tours\/espana-es\/melilla-es\/melilla-actividades-es\/excursion-privada-nador-y-monte-gurugu-desde-melilla-con-guia-y-vehiculo\/","title":{"rendered":"Tour Privada de medio d\u00eda a Nador Monte Gurug\u00fa desde Melilla"},"content":{"rendered":"<h2>Descripci\u00f3n del Tour Privado de medio d\u00eda a Nador Monte Gurug\u00fa desde Melilla<\/h2>\n<p><span style=\"font-weight: 400;\">Si est\u00e1s buscando una verdadera aventura, esta excursion privada <b>Nador<\/b> y el <b>Monte Gurugu, <\/b>es perfecto para usted. Disfrute de esta excursion privada a <\/span><b>Nador<\/b><span style=\"font-weight: 400;\"> y el <\/span><b>Monte Gurug\u00fa<\/b><span style=\"font-weight: 400;\"> desde su hotel o el Puerto de Melilla c\u00f3modamente en su <\/span><b>veh\u00edculo de lujo<\/b><span style=\"font-weight: 400;\">.<\/span><\/p>\n<p><span style=\"font-weight: 400;\">El <\/span><b>Monte Gurug\u00fa<\/b><span style=\"font-weight: 400;\"> es el punto m\u00e1s alto del <\/span><b>Cabo de Tres Forcas<\/b><span style=\"font-weight: 400;\">, en la costa norte de <\/span><b>Marruecos<\/b><span style=\"font-weight: 400;\"> y forma parte de la cordillera de <\/span><b>Nador<\/b><span style=\"font-weight: 400;\"> respectivamente.<\/span><\/p>\n<p><span style=\"font-weight: 400;\">El <\/span><b>Gurug\u00fa<\/b><span style=\"font-weight: 400;\"> es un volc\u00e1n extinto, que tiene una altitud de unos 890 metros y en su cumbre, donde se encuentran las ruinas de un par de fortalezas espa\u00f1olas, ofrece espectaculares vistas de la ciudad espa\u00f1ola de Melilla, Nador y la gran laguna conocida como <\/span><b>Mar Chica<\/b><span style=\"font-weight: 400;\">.<\/span><\/p>\n<p><b>Nador<\/b><span style=\"font-weight: 400;\">, en Marruecos, es una ciudad del Rif, capital de la provincia del mismo nombre, ubicada aproximadamente a 15 kil\u00f3metros al sur de la ciudad espa\u00f1ola de Melilla, en el borde de Mar Chica. Es una ciudad moderna, capital de una regi\u00f3n en pleno desarrollo agr\u00edcola e industrial. Su puerto, <\/span><b>Nador Beni-Enzar<\/b><span style=\"font-weight: 400;\">, constituye la salida natural del este de Marruecos.<\/span><\/p>\n<p><span style=\"font-weight: 400;\">Esta excursion privada <b>Nador<\/b> y el <b>Monte Gurugu<\/b> de medio d\u00eda lo llevar\u00e1 a admirar las impresionantes vistas del Monte y la historia de Nador con su conductor privado y gu\u00eda oficial que estar\u00e1 a su disposici\u00f3n durante todo el recorrido.<\/span><\/p>\n<h2><b>Puntos de inter\u00e9s en el Tour Privada de medio d\u00eda a Nador Monte Gurug\u00fa desde Melilla<br \/>\n<\/b><\/h2>\n<p><span style=\"font-weight: 400;\">Su <\/span><b>conductor privado<\/b><span style=\"font-weight: 400;\"> y <\/span><b>gu\u00eda tur\u00edstico oficial<\/b><span style=\"font-weight: 400;\"> lo recoger\u00e1n de su hotel en Melilla o en el puerto de cruceros de Melilla a la hora deseada por usted. Disfrutar\u00e1 de un recorrido privado de 5 horas en un <\/span><b>veh\u00edculo de lujo<\/b><span style=\"font-weight: 400;\">.<\/span><\/p>\n<p><span style=\"font-weight: 400;\">Desde all\u00ed, nos dirigimos hacia la frontera de Beni Enzar para realizar los tr\u00e1mites aduaneros y comenzar la excursi\u00f3n. Despu\u00e9s de algunos minutos, llegaremos a la cima del <\/span><b>Monte Gurug\u00fa<\/b><span style=\"font-weight: 400;\">, donde su gu\u00eda le explicar\u00e1 la historia y la naturaleza del Volc\u00e1n. Por supuesto, tendr\u00e1 tiempo libre para admirar y tomar algunas fotos de la vista panor\u00e1mica de Melilla y Nador, nuestro pr\u00f3ximo destino.<\/span><\/p>\n<p><span style=\"font-weight: 400;\">Una vez que lleguemos a <\/span><b>Nador<\/b><span style=\"font-weight: 400;\">, visitaremos su <\/span><b>centro hist\u00f3rico<\/b><span style=\"font-weight: 400;\"> donde encontraremos la <\/span><b>Mezquita Hassan II<\/b><span style=\"font-weight: 400;\">, ubicada en la Avenida T\u00e1nger, es una construcci\u00f3n amplia con jardines, construida sobre las v\u00edas del tren minero. Luego, continuaremos hacia el nuevo paseo mar\u00edtimo, <\/span><b>La Corniche de Nador<\/b><span style=\"font-weight: 400;\">, este paseo se extiende hacia el norte junto al <\/span><b>Parque Corniche<\/b><span style=\"font-weight: 400;\">, el <\/span><b>Consulado Espa\u00f1ol<\/b><span style=\"font-weight: 400;\">, el <\/span><b>Instituto Espa\u00f1ol Lope de Vega<\/b><span style=\"font-weight: 400;\">, el peque\u00f1o puerto deportivo, el cementerio musulm\u00e1n, <\/span><b>el Sidi Ali morabito<\/b><span style=\"font-weight: 400;\"> y el nuevo <\/span><b>Tirekka<\/b><span style=\"font-weight: 400;\">.<\/span><\/p>\n<p><span style=\"font-weight: 400;\">Dirigi\u00e9ndose hacia el sur, a trav\u00e9s de los antiguos zocos y el mercado, hoy un centro comercial, que termina en <\/span><b>Nador Jadid<\/b><span style=\"font-weight: 400;\">.<\/span><\/p>\n<p><span style=\"font-weight: 400;\">Antes de regresar a Melilla, tendr\u00e1 algo de tiempo libre para hacer compras en el <\/span><b>Zoco<\/b><span style=\"font-weight: 400;\">.<\/span><\/p>\n<p><span style=\"font-weight: 400;\">Esta es una propuesta para una experiencia de medio d\u00eda, pero si espera pasar m\u00e1s tiempo en su tour, eso no ser\u00e1 ning\u00fan problema, podemos incluir m\u00e1s horas en su recorrido privado. Estamos aqu\u00ed para adaptar su tour a sus propios deseos.<\/span><\/p>\n<p>Si dispone de m\u00e1s d\u00edas, puedes consultar<a href=\"https:\/\/tourtravelandmore.com\/es\/ciudad\/espana-es\/melilla-es\/\"><strong> aqu\u00ed<\/strong><\/a>, el resto de nuestros tours privados en Melilla.<\/p>\n","protected":false},"excerpt":{"rendered":"<p>Disfruta de este <strong>tour privado de\u00a0medio\u00a0d\u00eda\u00a0personalizable de\u00a0<\/strong><b>Nador y Monte Gurug\u00fa<\/b>. Tome esta oportunidad para conocer y disfrutar de Nador y Monte Gurugu durante este tour con vuestro guia oficial privado y vuestro veh\u00edculo de lujo con chofer. Admire los monumentos y lugares m\u00e1s emblem\u00e1ticos con su guia oficial privado.<\/p>\n<p>&nbsp;<\/p>\n","protected":false},"featured_media":80070,"comment_status":"open","ping_status":"closed","template":"","meta":{"_acf_changed":false},"product_brand":[],"product_cat":[2273,2275,2277],"product_tag":[],"class_list":{"0":"post-80059","1":"product","2":"type-product","3":"status-publish","4":"has-post-thumbnail","6":"product_cat-melilla-es","7":"product_cat-melilla-actividades-es","8":"product_cat-melilla-excursiones-privadas-es","10":"first","11":"instock","12":"shipping-taxable","13":"purchasable","14":"product-type-simple"},"acf":[],"yoast_head":"<!-- This site is optimized with the Yoast SEO Premium plugin v25.3.1 (Yoast SEO v25.3.1) - https:\/\/yoast.com\/wordpress\/plugins\/seo\/ -->\n<title>\u27a1\ufe0f Excursion privada Nador y Monte Gurug\u00fa desde Melilla con guia y vehiculo<\/title>\n<meta name=\"description\" content=\"Disfruta esta excursion privada Nador y Monte Gurug\u00fa con chofer y guia privado. Conoce los lugares y monumentos mas emblematicos y paisajes \u00fanicos \u2705\" \/>\n<meta name=\"robots\" content=\"index, follow, max-snippet:-1, max-image-preview:large, max-video-preview:-1\" \/>\n<link rel=\"canonical\" href=\"https:\/\/tourtravelandmore.com\/es\/tours\/espana-es\/melilla-es\/melilla-actividades-es\/excursion-privada-nador-y-monte-gurugu-desde-melilla-con-guia-y-vehiculo\/\" \/>\n<meta property=\"og:locale\" content=\"es_ES\" \/>\n<meta property=\"og:type\" content=\"article\" \/>\n<meta property=\"og:title\" content=\"Tour Privada de medio d\u00eda a Nador Monte Gurug\u00fa desde Melilla\" \/>\n<meta property=\"og:description\" content=\"Disfruta esta excursion privada Nador y Monte Gurug\u00fa con chofer y guia privado. Conoce los lugares y monumentos mas emblematicos y paisajes \u00fanicos \u2705\" \/>\n<meta property=\"og:url\" content=\"https:\/\/tourtravelandmore.com\/es\/tours\/espana-es\/melilla-es\/melilla-actividades-es\/excursion-privada-nador-y-monte-gurugu-desde-melilla-con-guia-y-vehiculo\/\" \/>\n<meta property=\"og:site_name\" content=\"Tour Travel And More\" \/>\n<meta property=\"article:publisher\" content=\"https:\/\/www.facebook.com\/tourtravelandmore\/\" \/>\n<meta property=\"article:modified_time\" content=\"2022-12-27T05:50:20+00:00\" \/>\n<meta property=\"og:image\" content=\"https:\/\/tourtravelandmore.com\/wp-content\/uploads\/2020\/05\/nador-1.jpg\" \/>\n\t<meta property=\"og:image:width\" content=\"2560\" \/>\n\t<meta property=\"og:image:height\" content=\"1920\" \/>\n\t<meta property=\"og:image:type\" content=\"image\/jpeg\" \/>\n<meta name=\"twitter:card\" content=\"summary_large_image\" \/>\n<meta name=\"twitter:site\" content=\"@TourTravel_More\" \/>\n<meta name=\"twitter:label1\" content=\"Tiempo de lectura\" \/>\n\t<meta name=\"twitter:data1\" content=\"3 minutos\" \/>\n<script type=\"application\/ld+json\" class=\"yoast-schema-graph\">{\"@context\":\"https:\/\/schema.org\",\"@graph\":[{\"@type\":\"WebPage\",\"@id\":\"https:\/\/tourtravelandmore.com\/es\/tours\/espana-es\/melilla-es\/melilla-actividades-es\/excursion-privada-nador-y-monte-gurugu-desde-melilla-con-guia-y-vehiculo\/\",\"url\":\"https:\/\/tourtravelandmore.com\/es\/tours\/espana-es\/melilla-es\/melilla-actividades-es\/excursion-privada-nador-y-monte-gurugu-desde-melilla-con-guia-y-vehiculo\/\",\"name\":\"\u27a1\ufe0f Excursion privada Nador y Monte Gurug\u00fa desde Melilla con guia y vehiculo\",\"isPartOf\":{\"@id\":\"https:\/\/tourtravelandmore.com\/es\/#website\"},\"primaryImageOfPage\":{\"@id\":\"https:\/\/tourtravelandmore.com\/es\/tours\/espana-es\/melilla-es\/melilla-actividades-es\/excursion-privada-nador-y-monte-gurugu-desde-melilla-con-guia-y-vehiculo\/#primaryimage\"},\"image\":{\"@id\":\"https:\/\/tourtravelandmore.com\/es\/tours\/espana-es\/melilla-es\/melilla-actividades-es\/excursion-privada-nador-y-monte-gurugu-desde-melilla-con-guia-y-vehiculo\/#primaryimage\"},\"thumbnailUrl\":\"https:\/\/tourtravelandmore.com\/wp-content\/uploads\/2020\/05\/nador-1.jpg\",\"datePublished\":\"2020-05-26T07:47:47+00:00\",\"dateModified\":\"2022-12-27T05:50:20+00:00\",\"description\":\"Disfruta esta excursion privada Nador y Monte Gurug\u00fa con chofer y guia privado. Conoce los lugares y monumentos mas emblematicos y paisajes \u00fanicos \u2705\",\"breadcrumb\":{\"@id\":\"https:\/\/tourtravelandmore.com\/es\/tours\/espana-es\/melilla-es\/melilla-actividades-es\/excursion-privada-nador-y-monte-gurugu-desde-melilla-con-guia-y-vehiculo\/#breadcrumb\"},\"inLanguage\":\"es\",\"potentialAction\":[{\"@type\":\"ReadAction\",\"target\":[\"https:\/\/tourtravelandmore.com\/es\/tours\/espana-es\/melilla-es\/melilla-actividades-es\/excursion-privada-nador-y-monte-gurugu-desde-melilla-con-guia-y-vehiculo\/\"]}]},{\"@type\":\"ImageObject\",\"inLanguage\":\"es\",\"@id\":\"https:\/\/tourtravelandmore.com\/es\/tours\/espana-es\/melilla-es\/melilla-actividades-es\/excursion-privada-nador-y-monte-gurugu-desde-melilla-con-guia-y-vehiculo\/#primaryimage\",\"url\":\"https:\/\/tourtravelandmore.com\/wp-content\/uploads\/2020\/05\/nador-1.jpg\",\"contentUrl\":\"https:\/\/tourtravelandmore.com\/wp-content\/uploads\/2020\/05\/nador-1.jpg\",\"width\":2560,\"height\":1920},{\"@type\":\"BreadcrumbList\",\"@id\":\"https:\/\/tourtravelandmore.com\/es\/tours\/espana-es\/melilla-es\/melilla-actividades-es\/excursion-privada-nador-y-monte-gurugu-desde-melilla-con-guia-y-vehiculo\/#breadcrumb\",\"itemListElement\":[{\"@type\":\"ListItem\",\"position\":1,\"name\":\"Home\",\"item\":\"https:\/\/tourtravelandmore.com\/es\/\"},{\"@type\":\"ListItem\",\"position\":2,\"name\":\"Tours\",\"item\":\"https:\/\/tourtravelandmore.com\/es\/tours\/\"},{\"@type\":\"ListItem\",\"position\":3,\"name\":\"Tour Privada de medio d\u00eda a Nador Monte Gurug\u00fa desde Melilla\"}]},{\"@type\":\"WebSite\",\"@id\":\"https:\/\/tourtravelandmore.com\/es\/#website\",\"url\":\"https:\/\/tourtravelandmore.com\/es\/\",\"name\":\"Tour Travel And More\",\"description\":\"Private sightseeing tours and luxury transfers in Spain\",\"publisher\":{\"@id\":\"https:\/\/tourtravelandmore.com\/es\/#organization\"},\"potentialAction\":[{\"@type\":\"SearchAction\",\"target\":{\"@type\":\"EntryPoint\",\"urlTemplate\":\"https:\/\/tourtravelandmore.com\/es\/?s={search_term_string}\"},\"query-input\":{\"@type\":\"PropertyValueSpecification\",\"valueRequired\":true,\"valueName\":\"search_term_string\"}}],\"inLanguage\":\"es\"},{\"@type\":\"Organization\",\"@id\":\"https:\/\/tourtravelandmore.com\/es\/#organization\",\"name\":\"Tour Travel And More\",\"url\":\"https:\/\/tourtravelandmore.com\/es\/\",\"logo\":{\"@type\":\"ImageObject\",\"inLanguage\":\"es\",\"@id\":\"https:\/\/tourtravelandmore.com\/es\/#\/schema\/logo\/image\/\",\"url\":\"https:\/\/tourtravelandmore.com\/wp-content\/uploads\/2022\/12\/cropped-logo-cabecera-new.png\",\"contentUrl\":\"https:\/\/tourtravelandmore.com\/wp-content\/uploads\/2022\/12\/cropped-logo-cabecera-new.png\",\"width\":430,\"height\":61,\"caption\":\"Tour Travel And More\"},\"image\":{\"@id\":\"https:\/\/tourtravelandmore.com\/es\/#\/schema\/logo\/image\/\"},\"sameAs\":[\"https:\/\/www.facebook.com\/tourtravelandmore\/\",\"https:\/\/x.com\/TourTravel_More\"]}]}<\/script>\n<!-- \/ Yoast SEO Premium plugin. -->","yoast_head_json":{"title":"\u27a1\ufe0f Excursion privada Nador y Monte Gurug\u00fa desde Melilla con guia y vehiculo","description":"Disfruta esta excursion privada Nador y Monte Gurug\u00fa con chofer y guia privado. Conoce los lugares y monumentos mas emblematicos y paisajes \u00fanicos \u2705","robots":{"index":"index","follow":"follow","max-snippet":"max-snippet:-1","max-image-preview":"max-image-preview:large","max-video-preview":"max-video-preview:-1"},"canonical":"https:\/\/tourtravelandmore.com\/es\/tours\/espana-es\/melilla-es\/melilla-actividades-es\/excursion-privada-nador-y-monte-gurugu-desde-melilla-con-guia-y-vehiculo\/","og_locale":"es_ES","og_type":"article","og_title":"Tour Privada de medio d\u00eda a Nador Monte Gurug\u00fa desde Melilla","og_description":"Disfruta esta excursion privada Nador y Monte Gurug\u00fa con chofer y guia privado. Conoce los lugares y monumentos mas emblematicos y paisajes \u00fanicos \u2705","og_url":"https:\/\/tourtravelandmore.com\/es\/tours\/espana-es\/melilla-es\/melilla-actividades-es\/excursion-privada-nador-y-monte-gurugu-desde-melilla-con-guia-y-vehiculo\/","og_site_name":"Tour Travel And More","article_publisher":"https:\/\/www.facebook.com\/tourtravelandmore\/","article_modified_time":"2022-12-27T05:50:20+00:00","og_image":[{"width":2560,"height":1920,"url":"https:\/\/tourtravelandmore.com\/wp-content\/uploads\/2020\/05\/nador-1.jpg","type":"image\/jpeg"}],"twitter_card":"summary_large_image","twitter_site":"@TourTravel_More","twitter_misc":{"Tiempo de lectura":"3 minutos"},"schema":{"@context":"https:\/\/schema.org","@graph":[{"@type":"WebPage","@id":"https:\/\/tourtravelandmore.com\/es\/tours\/espana-es\/melilla-es\/melilla-actividades-es\/excursion-privada-nador-y-monte-gurugu-desde-melilla-con-guia-y-vehiculo\/","url":"https:\/\/tourtravelandmore.com\/es\/tours\/espana-es\/melilla-es\/melilla-actividades-es\/excursion-privada-nador-y-monte-gurugu-desde-melilla-con-guia-y-vehiculo\/","name":"\u27a1\ufe0f Excursion privada Nador y Monte Gurug\u00fa desde Melilla con guia y vehiculo","isPartOf":{"@id":"https:\/\/tourtravelandmore.com\/es\/#website"},"primaryImageOfPage":{"@id":"https:\/\/tourtravelandmore.com\/es\/tours\/espana-es\/melilla-es\/melilla-actividades-es\/excursion-privada-nador-y-monte-gurugu-desde-melilla-con-guia-y-vehiculo\/#primaryimage"},"image":{"@id":"https:\/\/tourtravelandmore.com\/es\/tours\/espana-es\/melilla-es\/melilla-actividades-es\/excursion-privada-nador-y-monte-gurugu-desde-melilla-con-guia-y-vehiculo\/#primaryimage"},"thumbnailUrl":"https:\/\/tourtravelandmore.com\/wp-content\/uploads\/2020\/05\/nador-1.jpg","datePublished":"2020-05-26T07:47:47+00:00","dateModified":"2022-12-27T05:50:20+00:00","description":"Disfruta esta excursion privada Nador y Monte Gurug\u00fa con chofer y guia privado. Conoce los lugares y monumentos mas emblematicos y paisajes \u00fanicos \u2705","breadcrumb":{"@id":"https:\/\/tourtravelandmore.com\/es\/tours\/espana-es\/melilla-es\/melilla-actividades-es\/excursion-privada-nador-y-monte-gurugu-desde-melilla-con-guia-y-vehiculo\/#breadcrumb"},"inLanguage":"es","potentialAction":[{"@type":"ReadAction","target":["https:\/\/tourtravelandmore.com\/es\/tours\/espana-es\/melilla-es\/melilla-actividades-es\/excursion-privada-nador-y-monte-gurugu-desde-melilla-con-guia-y-vehiculo\/"]}]},{"@type":"ImageObject","inLanguage":"es","@id":"https:\/\/tourtravelandmore.com\/es\/tours\/espana-es\/melilla-es\/melilla-actividades-es\/excursion-privada-nador-y-monte-gurugu-desde-melilla-con-guia-y-vehiculo\/#primaryimage","url":"https:\/\/tourtravelandmore.com\/wp-content\/uploads\/2020\/05\/nador-1.jpg","contentUrl":"https:\/\/tourtravelandmore.com\/wp-content\/uploads\/2020\/05\/nador-1.jpg","width":2560,"height":1920},{"@type":"BreadcrumbList","@id":"https:\/\/tourtravelandmore.com\/es\/tours\/espana-es\/melilla-es\/melilla-actividades-es\/excursion-privada-nador-y-monte-gurugu-desde-melilla-con-guia-y-vehiculo\/#breadcrumb","itemListElement":[{"@type":"ListItem","position":1,"name":"Home","item":"https:\/\/tourtravelandmore.com\/es\/"},{"@type":"ListItem","position":2,"name":"Tours","item":"https:\/\/tourtravelandmore.com\/es\/tours\/"},{"@type":"ListItem","position":3,"name":"Tour Privada de medio d\u00eda a Nador Monte Gurug\u00fa desde Melilla"}]},{"@type":"WebSite","@id":"https:\/\/tourtravelandmore.com\/es\/#website","url":"https:\/\/tourtravelandmore.com\/es\/","name":"Tour Travel And More","description":"Private sightseeing tours and luxury transfers in Spain","publisher":{"@id":"https:\/\/tourtravelandmore.com\/es\/#organization"},"potentialAction":[{"@type":"SearchAction","target":{"@type":"EntryPoint","urlTemplate":"https:\/\/tourtravelandmore.com\/es\/?s={search_term_string}"},"query-input":{"@type":"PropertyValueSpecification","valueRequired":true,"valueName":"search_term_string"}}],"inLanguage":"es"},{"@type":"Organization","@id":"https:\/\/tourtravelandmore.com\/es\/#organization","name":"Tour Travel And More","url":"https:\/\/tourtravelandmore.com\/es\/","logo":{"@type":"ImageObject","inLanguage":"es","@id":"https:\/\/tourtravelandmore.com\/es\/#\/schema\/logo\/image\/","url":"https:\/\/tourtravelandmore.com\/wp-content\/uploads\/2022\/12\/cropped-logo-cabecera-new.png","contentUrl":"https:\/\/tourtravelandmore.com\/wp-content\/uploads\/2022\/12\/cropped-logo-cabecera-new.png","width":430,"height":61,"caption":"Tour Travel And More"},"image":{"@id":"https:\/\/tourtravelandmore.com\/es\/#\/schema\/logo\/image\/"},"sameAs":["https:\/\/www.facebook.com\/tourtravelandmore\/","https:\/\/x.com\/TourTravel_More"]}]}},"_links":{"self":[{"href":"https:\/\/tourtravelandmore.com\/es\/wp-json\/wp\/v2\/product\/80059","targetHints":{"allow":["GET"]}}],"collection":[{"href":"https:\/\/tourtravelandmore.com\/es\/wp-json\/wp\/v2\/product"}],"about":[{"href":"https:\/\/tourtravelandmore.com\/es\/wp-json\/wp\/v2\/types\/product"}],"replies":[{"embeddable":true,"href":"https:\/\/tourtravelandmore.com\/es\/wp-json\/wp\/v2\/comments?post=80059"}],"wp:featuredmedia":[{"embeddable":true,"href":"https:\/\/tourtravelandmore.com\/es\/wp-json\/wp\/v2\/media\/80070"}],"wp:attachment":[{"href":"https:\/\/tourtravelandmore.com\/es\/wp-json\/wp\/v2\/media?parent=80059"}],"wp:term":[{"taxonomy":"product_brand","embeddable":true,"href":"https:\/\/tourtravelandmore.com\/es\/wp-json\/wp\/v2\/product_brand?post=80059"},{"taxonomy":"product_cat","embeddable":true,"href":"https:\/\/tourtravelandmore.com\/es\/wp-json\/wp\/v2\/product_cat?post=80059"},{"taxonomy":"product_tag","embeddable":true,"href":"https:\/\/tourtravelandmore.com\/es\/wp-json\/wp\/v2\/product_tag?post=80059"}],"curies":[{"name":"wp","href":"https:\/\/api.w.org\/{rel}","templated":true}]}}