{"id":80030,"date":"2020-05-26T09:18:22","date_gmt":"2020-05-26T07:18:23","guid":{"rendered":"https:\/\/tourtravelandmore.com\/?post_type=product&#038;p=80030"},"modified":"2022-12-27T06:48:15","modified_gmt":"2022-12-27T05:48:15","slug":"tour-privado-a-pie-melilla-con-guia-oficial-y-recogida-desde-su-hotel","status":"publish","type":"product","link":"https:\/\/tourtravelandmore.com\/es\/tours\/espana-es\/melilla-es\/melilla-actividades-es\/tour-privado-a-pie-melilla-con-guia-oficial-y-recogida-desde-su-hotel\/","title":{"rendered":"Tour Privado a Pie de por La Antigua Melilla con gu\u00eda oficial"},"content":{"rendered":"<h2><strong>Descripci\u00f3n del Tour Privado a Pie de por La Antigua Melilla con gu\u00eda oficial<\/strong><\/h2>\n<p><span style=\"font-weight: 400;\">Con este tour privado a pie Melilla, con su propio <\/span><b>gu\u00eda oficial privado<\/b><span style=\"font-weight: 400;\">, descubrir\u00e1 la historia y fascinante arquitectura de <\/span><b>Melilla<\/b><span style=\"font-weight: 400;\">, por lo tanto, si estaba interesado en caminar por sus calles, \u00a1este es el recorrido perfecto para usted!.<\/span><\/p>\n<p><b>Melilla<\/b><span style=\"font-weight: 400;\"> es una ciudad aut\u00f3noma espa\u00f1ola ubicada en el norte de <\/span><b>\u00c1frica<\/b><span style=\"font-weight: 400;\">, a orillas del mar Mediterr\u00e1neo. La ciudad recibe una significativa poblaci\u00f3n flotante todos los d\u00edas, principalmente de la provincia marroqu\u00ed de <\/span><b>Nador<\/b><span style=\"font-weight: 400;\">.<\/span><\/p>\n<p><span style=\"font-weight: 400;\">Melilla dispone tambi\u00e9n de agradables y kilom\u00e9tricas playas, as\u00ed como algunos paisajes fascinantes como los <\/span><b>Cortados de Aguad\u00fa, <\/b><span style=\"font-weight: 400;\">todo esto hace que su estancia en Melilla sea una verdadera sorpresa.<\/span><\/p>\n<p><span style=\"font-weight: 400;\">Melilla, como Ceuta y las islas Canarias, fue clasificada como puerto libre antes de que Espa\u00f1a se uniera a la <\/span><b>Uni\u00f3n Europea<\/b><span style=\"font-weight: 400;\">. Su poblaci\u00f3n est\u00e1 compuesta por cristianos, musulmanes y peque\u00f1as minor\u00edas de jud\u00edos, sefard\u00edes y \u00e9tnicos hind\u00faes sindhi.<\/span><\/p>\n<p><span style=\"font-weight: 400;\">En este tour privado a pie Melilla<\/span><span style=\"font-weight: 400;\">, podr\u00e1s descubrir todos los misterios de la hermosa ciudad de Melilla y conocer todos sus datos m\u00e1s interesantes, gracias a la compa\u00f1\u00eda de tu <\/span><b>propio gu\u00eda privado<\/b><span style=\"font-weight: 400;\">, que es un gran conocedor de zona, sus an\u00e9cdotas y la rica cultura que esconde esta antigua ciudad.<\/span><\/p>\n<p><span style=\"font-weight: 400;\">Los sitios y el punto de encuentro de este recorrido son completamente personalizables. P\u00f3ngase en contacto con nosotros para organizar el recorrido y satisfacer sus propias necesidades personales.<\/span><\/p>\n<h2><b>Puntos de inter\u00e9s en el Tour Privado a Pie de por La Antigua Melilla con gu\u00eda oficial<br \/>\n<\/b><\/h2>\n<p><span style=\"font-weight: 400;\">Su recorrido comenzar\u00e1 en <\/span><b>Plaza Espa\u00f1a<\/b><span style=\"font-weight: 400;\"> o en su hotel si est\u00e1 ubicado a una distancia c\u00e9ntrica para ser recogido a pie, a la hora seleccionada por usted.\u00a0<\/span><\/p>\n<p><span style=\"font-weight: 400;\">Este tour est\u00e1 especializado en la <\/span><b>Antigua Melilla<\/b><span style=\"font-weight: 400;\">, donde primero tendr\u00e1s que pasar por la <\/span><b>Puerta de la Marina<\/b><span style=\"font-weight: 400;\"> e inmediatamente llegamos a la <\/span><b>Plaza de los Aljibes<\/b><span style=\"font-weight: 400;\">, una de las plazas m\u00e1s hermosas que tienes que ver en la antigua Melilla. Aqu\u00ed se encuentra una gran cisterna de 13 metros de profundidad que recolectaba agua de lluvia y era responsable del suministro de la Ciudad Vieja. A ambos lados de la cisterna hay dos decantadores separados.<\/span><\/p>\n<p><span style=\"font-weight: 400;\">En esta misma plaza y con sus fachadas frente a la rampa de acceso a la <\/span><b>Plaza de Estopi\u00f1\u00e1n<\/b><span style=\"font-weight: 400;\"> encontramos los <\/span><b>Almacenes de las Pe\u00f1uelas<\/b><span style=\"font-weight: 400;\">. Era un almac\u00e9n militar, como varios que encontraremos durante nuestra caminata.<\/span><\/p>\n<p><span style=\"font-weight: 400;\">En Melilla hay muchos museos que muestran la historia y las diferentes culturas que han abastecido a esta ciudad, algunos de ellos son: el <\/span><b>Museo de Historia<\/b><span style=\"font-weight: 400;\">, el <\/span><b>Museo Sefard\u00ed y Amazigh<\/b><span style=\"font-weight: 400;\">, el <\/span><b>Museo Espa\u00f1ol de Arte Contempor\u00e1neo o el Museo Ib\u00e1nezd<\/b><span style=\"font-weight: 400;\"> y el <\/span><b>Museo de Historia Militar<\/b><span style=\"font-weight: 400;\">.<\/span><\/p>\n<p><span style=\"font-weight: 400;\">Si est\u00e1 interesado en visitar alguno de esos museos, podemos gestionar el ticket de entrada para usted y su grupo.<\/span><\/p>\n<p><span style=\"font-weight: 400;\">Luego, continuar\u00e1 hasta <\/span><b>Las Cuevas del Conventico<\/b><span style=\"font-weight: 400;\">. La verdad es que es sorprendente saber que la Antigua Melilla est\u00e1 completamente perforada por dentro, con multitud de t\u00faneles, rincones y espacios. La visita luego nos lleva desde la cima del fuerte hasta la <\/span><b>Playa de Trapana<\/b><span style=\"font-weight: 400;\">, una de las m\u00e1s bellas para ver en Melilla.<\/span><\/p>\n<p><span style=\"font-weight: 400;\">Terminaremos nuestra visita saliendo por la <\/span><b>Puerta restaurada de Santa Ana,<\/b><span style=\"font-weight: 400;\"> que mira hacia la <\/span><b>Capilla G\u00f3tica de Santiago<\/b><span style=\"font-weight: 400;\">. Por cierto, se dice que esta Capilla de Santiago es la \u00fanica capilla g\u00f3tica en \u00c1frica.<\/span><\/p>\n<p><span style=\"font-weight: 400;\">Si realmente encuentra nuestro recorrido privado interesante, solo tiene que contactarnos en <\/span><b>Tour Travel &amp; More<\/b><span style=\"font-weight: 400;\">, estaremos encantados de ayudarle y adaptar el recorrido a sus necesidades personales.<\/span><\/p>\n<p>Si dispone de m\u00e1s d\u00edas, puedes consultar <a href=\"https:\/\/tourtravelandmore.com\/es\/ciudad\/espana-es\/melilla-es\/\"><strong>aqu\u00ed<\/strong><\/a>, los tours privados que ofrecemos en Melilla.<\/p>\n","protected":false},"excerpt":{"rendered":"<p>Atr\u00e9vase a hacer este tour privado con <strong>Tour Travel and More<\/strong> por la ciudad de <strong>Melilla<\/strong> en tan solo 2 horas. Es un tour ideal para conocer de cerca el casco antiguo de Melilla si dispone de poco tiempo. Para aprovechar el tiempo al m\u00e1ximo podr\u00e1 contar con la asistencia de un gu\u00eda oficial que le acompa\u00f1ar\u00e1 a dar un paseo con extraordinarias vistas y le contar\u00e1 relatos sobre la interesante historia de esta hermosa ciudad espa\u00f1ola.<\/p>\n","protected":false},"featured_media":80040,"comment_status":"open","ping_status":"closed","template":"","meta":{"_acf_changed":false},"product_brand":[],"product_cat":[2273,2275,2279],"product_tag":[],"class_list":{"0":"post-80030","1":"product","2":"type-product","3":"status-publish","4":"has-post-thumbnail","6":"product_cat-melilla-es","7":"product_cat-melilla-actividades-es","8":"product_cat-melilla-a-pie-es","10":"first","11":"instock","12":"shipping-taxable","13":"purchasable","14":"product-type-simple"},"acf":[],"yoast_head":"<!-- This site is optimized with the Yoast SEO Premium plugin v25.3.1 (Yoast SEO v25.3.1) - https:\/\/yoast.com\/wordpress\/plugins\/seo\/ -->\n<title>\u27a1\ufe0f Tour privado a pie Melilla con Guia Oficial y recogida desde su Hotel<\/title>\n<meta name=\"description\" content=\"Disfrute de este tour privado a pie Melilla y conozca los lugares mas emblem\u00e1ticos y conocidos de la ciudad con su guia oficial \u2705\" \/>\n<meta name=\"robots\" content=\"index, follow, max-snippet:-1, max-image-preview:large, max-video-preview:-1\" \/>\n<link rel=\"canonical\" href=\"https:\/\/tourtravelandmore.com\/es\/tours\/espana-es\/melilla-es\/melilla-actividades-es\/tour-privado-a-pie-melilla-con-guia-oficial-y-recogida-desde-su-hotel\/\" \/>\n<meta property=\"og:locale\" content=\"es_ES\" \/>\n<meta property=\"og:type\" content=\"article\" \/>\n<meta property=\"og:title\" content=\"Tour Privado a Pie de por La Antigua Melilla con gu\u00eda oficial\" \/>\n<meta property=\"og:description\" content=\"Disfrute de este tour privado a pie Melilla y conozca los lugares mas emblem\u00e1ticos y conocidos de la ciudad con su guia oficial \u2705\" \/>\n<meta property=\"og:url\" content=\"https:\/\/tourtravelandmore.com\/es\/tours\/espana-es\/melilla-es\/melilla-actividades-es\/tour-privado-a-pie-melilla-con-guia-oficial-y-recogida-desde-su-hotel\/\" \/>\n<meta property=\"og:site_name\" content=\"Tour Travel And More\" \/>\n<meta property=\"article:publisher\" content=\"https:\/\/www.facebook.com\/tourtravelandmore\/\" \/>\n<meta property=\"article:modified_time\" content=\"2022-12-27T05:48:15+00:00\" \/>\n<meta property=\"og:image\" content=\"https:\/\/tourtravelandmore.com\/wp-content\/uploads\/2020\/05\/melilla-1-1024x613.jpg\" \/>\n\t<meta property=\"og:image:width\" content=\"1024\" \/>\n\t<meta property=\"og:image:height\" content=\"613\" \/>\n\t<meta property=\"og:image:type\" content=\"image\/jpeg\" \/>\n<meta name=\"twitter:card\" content=\"summary_large_image\" \/>\n<meta name=\"twitter:site\" content=\"@TourTravel_More\" \/>\n<meta name=\"twitter:label1\" content=\"Tiempo de lectura\" \/>\n\t<meta name=\"twitter:data1\" content=\"3 minutos\" \/>\n<script type=\"application\/ld+json\" class=\"yoast-schema-graph\">{\"@context\":\"https:\/\/schema.org\",\"@graph\":[{\"@type\":\"WebPage\",\"@id\":\"https:\/\/tourtravelandmore.com\/es\/tours\/espana-es\/melilla-es\/melilla-actividades-es\/tour-privado-a-pie-melilla-con-guia-oficial-y-recogida-desde-su-hotel\/\",\"url\":\"https:\/\/tourtravelandmore.com\/es\/tours\/espana-es\/melilla-es\/melilla-actividades-es\/tour-privado-a-pie-melilla-con-guia-oficial-y-recogida-desde-su-hotel\/\",\"name\":\"\u27a1\ufe0f Tour privado a pie Melilla con Guia Oficial y recogida desde su Hotel\",\"isPartOf\":{\"@id\":\"https:\/\/tourtravelandmore.com\/es\/#website\"},\"primaryImageOfPage\":{\"@id\":\"https:\/\/tourtravelandmore.com\/es\/tours\/espana-es\/melilla-es\/melilla-actividades-es\/tour-privado-a-pie-melilla-con-guia-oficial-y-recogida-desde-su-hotel\/#primaryimage\"},\"image\":{\"@id\":\"https:\/\/tourtravelandmore.com\/es\/tours\/espana-es\/melilla-es\/melilla-actividades-es\/tour-privado-a-pie-melilla-con-guia-oficial-y-recogida-desde-su-hotel\/#primaryimage\"},\"thumbnailUrl\":\"https:\/\/tourtravelandmore.com\/wp-content\/uploads\/2020\/05\/melilla-1.jpg\",\"datePublished\":\"2020-05-26T07:18:23+00:00\",\"dateModified\":\"2022-12-27T05:48:15+00:00\",\"description\":\"Disfrute de este tour privado a pie Melilla y conozca los lugares mas emblem\u00e1ticos y conocidos de la ciudad con su guia oficial \u2705\",\"breadcrumb\":{\"@id\":\"https:\/\/tourtravelandmore.com\/es\/tours\/espana-es\/melilla-es\/melilla-actividades-es\/tour-privado-a-pie-melilla-con-guia-oficial-y-recogida-desde-su-hotel\/#breadcrumb\"},\"inLanguage\":\"es\",\"potentialAction\":[{\"@type\":\"ReadAction\",\"target\":[\"https:\/\/tourtravelandmore.com\/es\/tours\/espana-es\/melilla-es\/melilla-actividades-es\/tour-privado-a-pie-melilla-con-guia-oficial-y-recogida-desde-su-hotel\/\"]}]},{\"@type\":\"ImageObject\",\"inLanguage\":\"es\",\"@id\":\"https:\/\/tourtravelandmore.com\/es\/tours\/espana-es\/melilla-es\/melilla-actividades-es\/tour-privado-a-pie-melilla-con-guia-oficial-y-recogida-desde-su-hotel\/#primaryimage\",\"url\":\"https:\/\/tourtravelandmore.com\/wp-content\/uploads\/2020\/05\/melilla-1.jpg\",\"contentUrl\":\"https:\/\/tourtravelandmore.com\/wp-content\/uploads\/2020\/05\/melilla-1.jpg\",\"width\":2560,\"height\":1533},{\"@type\":\"BreadcrumbList\",\"@id\":\"https:\/\/tourtravelandmore.com\/es\/tours\/espana-es\/melilla-es\/melilla-actividades-es\/tour-privado-a-pie-melilla-con-guia-oficial-y-recogida-desde-su-hotel\/#breadcrumb\",\"itemListElement\":[{\"@type\":\"ListItem\",\"position\":1,\"name\":\"Home\",\"item\":\"https:\/\/tourtravelandmore.com\/es\/\"},{\"@type\":\"ListItem\",\"position\":2,\"name\":\"Tours\",\"item\":\"https:\/\/tourtravelandmore.com\/es\/tours\/\"},{\"@type\":\"ListItem\",\"position\":3,\"name\":\"Tour Privado a Pie de por La Antigua Melilla con gu\u00eda oficial\"}]},{\"@type\":\"WebSite\",\"@id\":\"https:\/\/tourtravelandmore.com\/es\/#website\",\"url\":\"https:\/\/tourtravelandmore.com\/es\/\",\"name\":\"Tour Travel And More\",\"description\":\"Private sightseeing tours and luxury transfers in Spain\",\"publisher\":{\"@id\":\"https:\/\/tourtravelandmore.com\/es\/#organization\"},\"potentialAction\":[{\"@type\":\"SearchAction\",\"target\":{\"@type\":\"EntryPoint\",\"urlTemplate\":\"https:\/\/tourtravelandmore.com\/es\/?s={search_term_string}\"},\"query-input\":{\"@type\":\"PropertyValueSpecification\",\"valueRequired\":true,\"valueName\":\"search_term_string\"}}],\"inLanguage\":\"es\"},{\"@type\":\"Organization\",\"@id\":\"https:\/\/tourtravelandmore.com\/es\/#organization\",\"name\":\"Tour Travel And More\",\"url\":\"https:\/\/tourtravelandmore.com\/es\/\",\"logo\":{\"@type\":\"ImageObject\",\"inLanguage\":\"es\",\"@id\":\"https:\/\/tourtravelandmore.com\/es\/#\/schema\/logo\/image\/\",\"url\":\"https:\/\/tourtravelandmore.com\/wp-content\/uploads\/2022\/12\/cropped-logo-cabecera-new.png\",\"contentUrl\":\"https:\/\/tourtravelandmore.com\/wp-content\/uploads\/2022\/12\/cropped-logo-cabecera-new.png\",\"width\":430,\"height\":61,\"caption\":\"Tour Travel And More\"},\"image\":{\"@id\":\"https:\/\/tourtravelandmore.com\/es\/#\/schema\/logo\/image\/\"},\"sameAs\":[\"https:\/\/www.facebook.com\/tourtravelandmore\/\",\"https:\/\/x.com\/TourTravel_More\"]}]}<\/script>\n<!-- \/ Yoast SEO Premium plugin. -->","yoast_head_json":{"title":"\u27a1\ufe0f Tour privado a pie Melilla con Guia Oficial y recogida desde su Hotel","description":"Disfrute de este tour privado a pie Melilla y conozca los lugares mas emblem\u00e1ticos y conocidos de la ciudad con su guia oficial \u2705","robots":{"index":"index","follow":"follow","max-snippet":"max-snippet:-1","max-image-preview":"max-image-preview:large","max-video-preview":"max-video-preview:-1"},"canonical":"https:\/\/tourtravelandmore.com\/es\/tours\/espana-es\/melilla-es\/melilla-actividades-es\/tour-privado-a-pie-melilla-con-guia-oficial-y-recogida-desde-su-hotel\/","og_locale":"es_ES","og_type":"article","og_title":"Tour Privado a Pie de por La Antigua Melilla con gu\u00eda oficial","og_description":"Disfrute de este tour privado a pie Melilla y conozca los lugares mas emblem\u00e1ticos y conocidos de la ciudad con su guia oficial \u2705","og_url":"https:\/\/tourtravelandmore.com\/es\/tours\/espana-es\/melilla-es\/melilla-actividades-es\/tour-privado-a-pie-melilla-con-guia-oficial-y-recogida-desde-su-hotel\/","og_site_name":"Tour Travel And More","article_publisher":"https:\/\/www.facebook.com\/tourtravelandmore\/","article_modified_time":"2022-12-27T05:48:15+00:00","og_image":[{"width":1024,"height":613,"url":"https:\/\/tourtravelandmore.com\/wp-content\/uploads\/2020\/05\/melilla-1-1024x613.jpg","type":"image\/jpeg"}],"twitter_card":"summary_large_image","twitter_site":"@TourTravel_More","twitter_misc":{"Tiempo de lectura":"3 minutos"},"schema":{"@context":"https:\/\/schema.org","@graph":[{"@type":"WebPage","@id":"https:\/\/tourtravelandmore.com\/es\/tours\/espana-es\/melilla-es\/melilla-actividades-es\/tour-privado-a-pie-melilla-con-guia-oficial-y-recogida-desde-su-hotel\/","url":"https:\/\/tourtravelandmore.com\/es\/tours\/espana-es\/melilla-es\/melilla-actividades-es\/tour-privado-a-pie-melilla-con-guia-oficial-y-recogida-desde-su-hotel\/","name":"\u27a1\ufe0f Tour privado a pie Melilla con Guia Oficial y recogida desde su Hotel","isPartOf":{"@id":"https:\/\/tourtravelandmore.com\/es\/#website"},"primaryImageOfPage":{"@id":"https:\/\/tourtravelandmore.com\/es\/tours\/espana-es\/melilla-es\/melilla-actividades-es\/tour-privado-a-pie-melilla-con-guia-oficial-y-recogida-desde-su-hotel\/#primaryimage"},"image":{"@id":"https:\/\/tourtravelandmore.com\/es\/tours\/espana-es\/melilla-es\/melilla-actividades-es\/tour-privado-a-pie-melilla-con-guia-oficial-y-recogida-desde-su-hotel\/#primaryimage"},"thumbnailUrl":"https:\/\/tourtravelandmore.com\/wp-content\/uploads\/2020\/05\/melilla-1.jpg","datePublished":"2020-05-26T07:18:23+00:00","dateModified":"2022-12-27T05:48:15+00:00","description":"Disfrute de este tour privado a pie Melilla y conozca los lugares mas emblem\u00e1ticos y conocidos de la ciudad con su guia oficial \u2705","breadcrumb":{"@id":"https:\/\/tourtravelandmore.com\/es\/tours\/espana-es\/melilla-es\/melilla-actividades-es\/tour-privado-a-pie-melilla-con-guia-oficial-y-recogida-desde-su-hotel\/#breadcrumb"},"inLanguage":"es","potentialAction":[{"@type":"ReadAction","target":["https:\/\/tourtravelandmore.com\/es\/tours\/espana-es\/melilla-es\/melilla-actividades-es\/tour-privado-a-pie-melilla-con-guia-oficial-y-recogida-desde-su-hotel\/"]}]},{"@type":"ImageObject","inLanguage":"es","@id":"https:\/\/tourtravelandmore.com\/es\/tours\/espana-es\/melilla-es\/melilla-actividades-es\/tour-privado-a-pie-melilla-con-guia-oficial-y-recogida-desde-su-hotel\/#primaryimage","url":"https:\/\/tourtravelandmore.com\/wp-content\/uploads\/2020\/05\/melilla-1.jpg","contentUrl":"https:\/\/tourtravelandmore.com\/wp-content\/uploads\/2020\/05\/melilla-1.jpg","width":2560,"height":1533},{"@type":"BreadcrumbList","@id":"https:\/\/tourtravelandmore.com\/es\/tours\/espana-es\/melilla-es\/melilla-actividades-es\/tour-privado-a-pie-melilla-con-guia-oficial-y-recogida-desde-su-hotel\/#breadcrumb","itemListElement":[{"@type":"ListItem","position":1,"name":"Home","item":"https:\/\/tourtravelandmore.com\/es\/"},{"@type":"ListItem","position":2,"name":"Tours","item":"https:\/\/tourtravelandmore.com\/es\/tours\/"},{"@type":"ListItem","position":3,"name":"Tour Privado a Pie de por La Antigua Melilla con gu\u00eda oficial"}]},{"@type":"WebSite","@id":"https:\/\/tourtravelandmore.com\/es\/#website","url":"https:\/\/tourtravelandmore.com\/es\/","name":"Tour Travel And More","description":"Private sightseeing tours and luxury transfers in Spain","publisher":{"@id":"https:\/\/tourtravelandmore.com\/es\/#organization"},"potentialAction":[{"@type":"SearchAction","target":{"@type":"EntryPoint","urlTemplate":"https:\/\/tourtravelandmore.com\/es\/?s={search_term_string}"},"query-input":{"@type":"PropertyValueSpecification","valueRequired":true,"valueName":"search_term_string"}}],"inLanguage":"es"},{"@type":"Organization","@id":"https:\/\/tourtravelandmore.com\/es\/#organization","name":"Tour Travel And More","url":"https:\/\/tourtravelandmore.com\/es\/","logo":{"@type":"ImageObject","inLanguage":"es","@id":"https:\/\/tourtravelandmore.com\/es\/#\/schema\/logo\/image\/","url":"https:\/\/tourtravelandmore.com\/wp-content\/uploads\/2022\/12\/cropped-logo-cabecera-new.png","contentUrl":"https:\/\/tourtravelandmore.com\/wp-content\/uploads\/2022\/12\/cropped-logo-cabecera-new.png","width":430,"height":61,"caption":"Tour Travel And More"},"image":{"@id":"https:\/\/tourtravelandmore.com\/es\/#\/schema\/logo\/image\/"},"sameAs":["https:\/\/www.facebook.com\/tourtravelandmore\/","https:\/\/x.com\/TourTravel_More"]}]}},"_links":{"self":[{"href":"https:\/\/tourtravelandmore.com\/es\/wp-json\/wp\/v2\/product\/80030","targetHints":{"allow":["GET"]}}],"collection":[{"href":"https:\/\/tourtravelandmore.com\/es\/wp-json\/wp\/v2\/product"}],"about":[{"href":"https:\/\/tourtravelandmore.com\/es\/wp-json\/wp\/v2\/types\/product"}],"replies":[{"embeddable":true,"href":"https:\/\/tourtravelandmore.com\/es\/wp-json\/wp\/v2\/comments?post=80030"}],"wp:featuredmedia":[{"embeddable":true,"href":"https:\/\/tourtravelandmore.com\/es\/wp-json\/wp\/v2\/media\/80040"}],"wp:attachment":[{"href":"https:\/\/tourtravelandmore.com\/es\/wp-json\/wp\/v2\/media?parent=80030"}],"wp:term":[{"taxonomy":"product_brand","embeddable":true,"href":"https:\/\/tourtravelandmore.com\/es\/wp-json\/wp\/v2\/product_brand?post=80030"},{"taxonomy":"product_cat","embeddable":true,"href":"https:\/\/tourtravelandmore.com\/es\/wp-json\/wp\/v2\/product_cat?post=80030"},{"taxonomy":"product_tag","embeddable":true,"href":"https:\/\/tourtravelandmore.com\/es\/wp-json\/wp\/v2\/product_tag?post=80030"}],"curies":[{"name":"wp","href":"https:\/\/api.w.org\/{rel}","templated":true}]}}