{"id":79966,"date":"2020-05-22T13:01:56","date_gmt":"2020-05-22T11:01:56","guid":{"rendered":"https:\/\/tourtravelandmore.com\/?post_type=product&#038;p=79966"},"modified":"2022-11-22T05:02:49","modified_gmt":"2022-11-22T04:02:49","slug":"excursion-tanger-desde-ceuta-con-guia-oficial-y-vehiculo","status":"publish","type":"product","link":"https:\/\/tourtravelandmore.com\/es\/tours\/espana-es\/ceuta-es\/ceuta-actividades-privadas-es\/excursion-tanger-desde-ceuta-con-guia-oficial-y-vehiculo\/","title":{"rendered":"Tour privado Tanger desde Ceuta con recogida Terminal de Cruceros"},"content":{"rendered":"<h2><strong>Descripci\u00f3n del Tour privado Tanger desde Ceuta con recogida Terminal de Cruceros<\/strong><\/h2>\n<p><span style=\"font-weight: 400;\">Perm\u00edtanos llevarles a explorar la extravagante ciudad de <\/span><b>T\u00e1nger<\/b><span style=\"font-weight: 400;\"> desde la terminal de cruceros de Ceuta en esta <\/span><b>excursi\u00f3n Tanger desde Ceuta <\/b><span style=\"font-weight: 400;\">con su conductor privado y gu\u00eda oficial privado.<br \/>\n<\/span><\/p>\n<p><b>T\u00e1nger<\/b><span style=\"font-weight: 400;\"> es una ciudad en el extremo norte de <\/span><b>Marruecos<\/b><span style=\"font-weight: 400;\">, en el estrecho de <\/span><b>Gibraltar<\/b><span style=\"font-weight: 400;\">. Es la capital de esa regi\u00f3n y la ciudad tiene m\u00e1s de 252 km\u00b2. Disfrute de esta gran ciudad con una historia incre\u00edble: desde la \u00e9poca romana hasta la edad media, hasta sus d\u00edas actuales.<\/span><\/p>\n<p><span style=\"font-weight: 400;\">Su ubicaci\u00f3n geogr\u00e1fica la convierte, a fines del siglo XIX y principios del XX, en un centro para la diplomacia europea y para la actividad comercial de Marruecos.<\/span><\/p>\n<p><span style=\"font-weight: 400;\">El viaje desde el puerto de cruceros de Ceuta a T\u00e1nger dura aproximadamente una hora y media, ya que se encuentra a una distancia de 78,3 km. Tendr\u00e1 a su disposici\u00f3n un <\/span><b>veh\u00edculo de lujo<\/b><span style=\"font-weight: 400;\"> con aire acondicionado con conductor privado para que pueda relajarse y disfrutar durante todo su recorrido.<\/span><\/p>\n<p><span style=\"font-weight: 400;\">Podr\u00e1 personalizar esta <b>excursion Tanger desde Ceuta<\/b> y tomar fotograf\u00edas impresionantes cuando lo desee. Este es un recorrido \u00fanico completamente personalizado para usted y su grupo, solo tiene<\/span> <span style=\"font-weight: 400;\">que contactarnos a<\/span><b> Tour Travel &amp; More.<\/b><\/p>\n<h2>Puntos de inter\u00e9s en el Tour privado Tanger desde Ceuta con recogida Terminal de Cruceros<\/h2>\n<p><span style=\"font-weight: 400;\">El punto de encuentro exacto estar\u00e1 fuera de su crucero en el <\/span><b>Puerto de Ceuta<\/b><span style=\"font-weight: 400;\">, su <\/span><b>conductor privado<\/b><span style=\"font-weight: 400;\"> lo estar\u00e1 esperando con un cartel con su nombre, para que pueda reconocerlo f\u00e1cilmente.<\/span><\/p>\n<p><span style=\"font-weight: 400;\">Una vez en su <\/span><b>veh\u00edculo privado<\/b><span style=\"font-weight: 400;\">, comenzar\u00e1 su viaje a la ciudad de <\/span><b>T\u00e1nger<\/b><span style=\"font-weight: 400;\">. Durante el viaje, disfrutar\u00e1s de una vista panor\u00e1mica de la costa de Ceuta que te dejar\u00e1n sin aliento!.<\/span><\/p>\n<p><span style=\"font-weight: 400;\">Luego de una hora y media, llegar\u00e1 a T\u00e1nger, donde se encontrar\u00e1 con su <\/span><b>gu\u00eda tur\u00edstico oficial privado<\/b><span style=\"font-weight: 400;\"> para una visita guiada de 6 horas. Comenzaremos con un paseo por diferentes vecindarios y sus alrededores, incluidas varias paradas en impresionantes miradores, un breve descanso en <\/span><b>Cape Spartel<\/b><span style=\"font-weight: 400;\">, donde el oc\u00e9ano Atl\u00e1ntico se encuentra con el mar Mediterr\u00e1neo, una visita a las m\u00edticas <\/span><b>Cuevas de H\u00e9rcules<\/b><span style=\"font-weight: 400;\"> y donde podr\u00e1 disfrutar de un \u00a1Paseo en camello de 15 minutos!.<\/span><\/p>\n<p><span style=\"font-weight: 400;\">La segunda parte del recorrido consiste en un extenso paseo por el laberinto de calles estrechas y callejones de la <\/span><b>Kasbah (fortaleza)<\/b><span style=\"font-weight: 400;\">, para conocer el rico patrimonio arquitect\u00f3nico que incluye una muralla de la ciudad del siglo XV y numerosos edificios de estilo \u00e1rabe-andaluz, estilo, que han inspirado a grandes artistas y pintores entre ellos Eug\u00e8ne Delacroix, Henri Matisse.<\/span><\/p>\n<p><span style=\"font-weight: 400;\">Luego, se adentrar\u00e1n a la <\/span><b>Medina (casco antiguo)<\/b><span style=\"font-weight: 400;\">, que representa un importante centro de inter\u00e9s para conocer la cultura y el estilo de vida locales a trav\u00e9s del ambiente de sus concurridos mercados y calles, hornos comunitarios, ba\u00f1os de vapor, tiendas artesanales y plazas animadas.\u00a0<\/span><\/p>\n<p><span style=\"font-weight: 400;\">Tambi\u00e9n es el hogar de una importante herencia jud\u00eda y cristiana.<\/span><\/p>\n<p><span style=\"font-weight: 400;\">Por supuesto, tendr\u00e1 algo de tiempo libre para ir de compras y la oportunidad de experimentar la aut\u00e9ntica <\/span><b>cocina marroqu\u00ed<\/b> <span style=\"font-weight: 400;\">durante la visita, como tambi\u00e9n de poder visitar negocios de artesan\u00edas locales.<\/span><\/p>\n<p><span style=\"font-weight: 400;\">Cuando termine su visita guiada, su conductor privado lo llevar\u00e1 de regreso a su crucero en el puerto de Ceuta.<\/span><\/p>\n<p>Si dispone de m\u00e1s d\u00edas, puedes consultar <a href=\"https:\/\/tourtravelandmore.com\/es\/ciudad\/espana-es\/ceuta-es\/\"><strong>aqu\u00ed<\/strong><\/a>, el resto de nuestros tours privados de Ceuta.<\/p>\n","protected":false},"excerpt":{"rendered":"<p>Disfruta de este tour privado d\u00eda completo personalizable de\u00a0Tanger. Tome esta oportunidad para conocer y disfrutar de Tanger durante este tour con vuestro guia oficial privado y vuestro veh\u00edculo de lujo con chofer. Admire los monumentos y lugares m\u00e1s emblem\u00e1ticos de la ciudad con su guia oficial privado.<\/p>\n<p>&nbsp;<\/p>\n","protected":false},"featured_media":79976,"comment_status":"open","ping_status":"closed","template":"","meta":{"_acf_changed":false},"product_brand":[],"product_cat":[2254,2258,2260],"product_tag":[],"class_list":{"0":"post-79966","1":"product","2":"type-product","3":"status-publish","4":"has-post-thumbnail","6":"product_cat-ceuta-es","7":"product_cat-ceuta-actividades-privadas-es","8":"product_cat-ceuta-excursiones-privadas-es","10":"first","11":"instock","12":"shipping-taxable","13":"purchasable","14":"product-type-simple"},"acf":[],"yoast_head":"<!-- This site is optimized with the Yoast SEO Premium plugin v25.3.1 (Yoast SEO v25.3.1) - https:\/\/yoast.com\/wordpress\/plugins\/seo\/ -->\n<title>\u27a1\ufe0f Excursion Tanger desde Ceuta con gu\u00eda oficial y vehiculo | Tour Travel &amp; More<\/title>\n<meta name=\"description\" content=\"Disfruta de est\u00e1 Excursion Tanger desde Ceuta con gu\u00eda oficial y vehiculo y descubre su medina, las Cuevas de Hercules y mucho mas! \u2705\" \/>\n<meta name=\"robots\" content=\"index, follow, max-snippet:-1, max-image-preview:large, max-video-preview:-1\" \/>\n<link rel=\"canonical\" href=\"https:\/\/tourtravelandmore.com\/es\/tours\/espana-es\/ceuta-es\/ceuta-actividades-privadas-es\/excursion-tanger-desde-ceuta-con-guia-oficial-y-vehiculo\/\" \/>\n<meta property=\"og:locale\" content=\"es_ES\" \/>\n<meta property=\"og:type\" content=\"article\" \/>\n<meta property=\"og:title\" content=\"Tour privado Tanger desde Ceuta con recogida Terminal de Cruceros\" \/>\n<meta property=\"og:description\" content=\"Disfruta de est\u00e1 Excursion Tanger desde Ceuta con gu\u00eda oficial y vehiculo y descubre su medina, las Cuevas de Hercules y mucho mas! \u2705\" \/>\n<meta property=\"og:url\" content=\"https:\/\/tourtravelandmore.com\/es\/tours\/espana-es\/ceuta-es\/ceuta-actividades-privadas-es\/excursion-tanger-desde-ceuta-con-guia-oficial-y-vehiculo\/\" \/>\n<meta property=\"og:site_name\" content=\"Tour Travel And More\" \/>\n<meta property=\"article:publisher\" content=\"https:\/\/www.facebook.com\/tourtravelandmore\/\" \/>\n<meta property=\"article:modified_time\" content=\"2022-11-22T04:02:49+00:00\" \/>\n<meta property=\"og:image\" content=\"https:\/\/tourtravelandmore.com\/wp-content\/uploads\/2020\/05\/tanger-2.jpg\" \/>\n\t<meta property=\"og:image:width\" content=\"960\" \/>\n\t<meta property=\"og:image:height\" content=\"642\" \/>\n\t<meta property=\"og:image:type\" content=\"image\/jpeg\" \/>\n<meta name=\"twitter:card\" content=\"summary_large_image\" \/>\n<meta name=\"twitter:site\" content=\"@TourTravel_More\" \/>\n<meta name=\"twitter:label1\" content=\"Tiempo de lectura\" \/>\n\t<meta name=\"twitter:data1\" content=\"3 minutos\" \/>\n<script type=\"application\/ld+json\" class=\"yoast-schema-graph\">{\"@context\":\"https:\/\/schema.org\",\"@graph\":[{\"@type\":\"WebPage\",\"@id\":\"https:\/\/tourtravelandmore.com\/es\/tours\/espana-es\/ceuta-es\/ceuta-actividades-privadas-es\/excursion-tanger-desde-ceuta-con-guia-oficial-y-vehiculo\/\",\"url\":\"https:\/\/tourtravelandmore.com\/es\/tours\/espana-es\/ceuta-es\/ceuta-actividades-privadas-es\/excursion-tanger-desde-ceuta-con-guia-oficial-y-vehiculo\/\",\"name\":\"\u27a1\ufe0f Excursion Tanger desde Ceuta con gu\u00eda oficial y vehiculo | Tour Travel & More\",\"isPartOf\":{\"@id\":\"https:\/\/tourtravelandmore.com\/es\/#website\"},\"primaryImageOfPage\":{\"@id\":\"https:\/\/tourtravelandmore.com\/es\/tours\/espana-es\/ceuta-es\/ceuta-actividades-privadas-es\/excursion-tanger-desde-ceuta-con-guia-oficial-y-vehiculo\/#primaryimage\"},\"image\":{\"@id\":\"https:\/\/tourtravelandmore.com\/es\/tours\/espana-es\/ceuta-es\/ceuta-actividades-privadas-es\/excursion-tanger-desde-ceuta-con-guia-oficial-y-vehiculo\/#primaryimage\"},\"thumbnailUrl\":\"https:\/\/tourtravelandmore.com\/wp-content\/uploads\/2020\/05\/tanger-2.jpg\",\"datePublished\":\"2020-05-22T11:01:56+00:00\",\"dateModified\":\"2022-11-22T04:02:49+00:00\",\"description\":\"Disfruta de est\u00e1 Excursion Tanger desde Ceuta con gu\u00eda oficial y vehiculo y descubre su medina, las Cuevas de Hercules y mucho mas! \u2705\",\"breadcrumb\":{\"@id\":\"https:\/\/tourtravelandmore.com\/es\/tours\/espana-es\/ceuta-es\/ceuta-actividades-privadas-es\/excursion-tanger-desde-ceuta-con-guia-oficial-y-vehiculo\/#breadcrumb\"},\"inLanguage\":\"es\",\"potentialAction\":[{\"@type\":\"ReadAction\",\"target\":[\"https:\/\/tourtravelandmore.com\/es\/tours\/espana-es\/ceuta-es\/ceuta-actividades-privadas-es\/excursion-tanger-desde-ceuta-con-guia-oficial-y-vehiculo\/\"]}]},{\"@type\":\"ImageObject\",\"inLanguage\":\"es\",\"@id\":\"https:\/\/tourtravelandmore.com\/es\/tours\/espana-es\/ceuta-es\/ceuta-actividades-privadas-es\/excursion-tanger-desde-ceuta-con-guia-oficial-y-vehiculo\/#primaryimage\",\"url\":\"https:\/\/tourtravelandmore.com\/wp-content\/uploads\/2020\/05\/tanger-2.jpg\",\"contentUrl\":\"https:\/\/tourtravelandmore.com\/wp-content\/uploads\/2020\/05\/tanger-2.jpg\",\"width\":960,\"height\":642},{\"@type\":\"BreadcrumbList\",\"@id\":\"https:\/\/tourtravelandmore.com\/es\/tours\/espana-es\/ceuta-es\/ceuta-actividades-privadas-es\/excursion-tanger-desde-ceuta-con-guia-oficial-y-vehiculo\/#breadcrumb\",\"itemListElement\":[{\"@type\":\"ListItem\",\"position\":1,\"name\":\"Home\",\"item\":\"https:\/\/tourtravelandmore.com\/es\/\"},{\"@type\":\"ListItem\",\"position\":2,\"name\":\"Tours\",\"item\":\"https:\/\/tourtravelandmore.com\/es\/tours\/\"},{\"@type\":\"ListItem\",\"position\":3,\"name\":\"Tour privado Tanger desde Ceuta con recogida Terminal de Cruceros\"}]},{\"@type\":\"WebSite\",\"@id\":\"https:\/\/tourtravelandmore.com\/es\/#website\",\"url\":\"https:\/\/tourtravelandmore.com\/es\/\",\"name\":\"Tour Travel And More\",\"description\":\"Private sightseeing tours and luxury transfers in Spain\",\"publisher\":{\"@id\":\"https:\/\/tourtravelandmore.com\/es\/#organization\"},\"potentialAction\":[{\"@type\":\"SearchAction\",\"target\":{\"@type\":\"EntryPoint\",\"urlTemplate\":\"https:\/\/tourtravelandmore.com\/es\/?s={search_term_string}\"},\"query-input\":{\"@type\":\"PropertyValueSpecification\",\"valueRequired\":true,\"valueName\":\"search_term_string\"}}],\"inLanguage\":\"es\"},{\"@type\":\"Organization\",\"@id\":\"https:\/\/tourtravelandmore.com\/es\/#organization\",\"name\":\"Tour Travel And More\",\"url\":\"https:\/\/tourtravelandmore.com\/es\/\",\"logo\":{\"@type\":\"ImageObject\",\"inLanguage\":\"es\",\"@id\":\"https:\/\/tourtravelandmore.com\/es\/#\/schema\/logo\/image\/\",\"url\":\"https:\/\/tourtravelandmore.com\/wp-content\/uploads\/2022\/12\/cropped-logo-cabecera-new.png\",\"contentUrl\":\"https:\/\/tourtravelandmore.com\/wp-content\/uploads\/2022\/12\/cropped-logo-cabecera-new.png\",\"width\":430,\"height\":61,\"caption\":\"Tour Travel And More\"},\"image\":{\"@id\":\"https:\/\/tourtravelandmore.com\/es\/#\/schema\/logo\/image\/\"},\"sameAs\":[\"https:\/\/www.facebook.com\/tourtravelandmore\/\",\"https:\/\/x.com\/TourTravel_More\"]}]}<\/script>\n<!-- \/ Yoast SEO Premium plugin. -->","yoast_head_json":{"title":"\u27a1\ufe0f Excursion Tanger desde Ceuta con gu\u00eda oficial y vehiculo | Tour Travel & More","description":"Disfruta de est\u00e1 Excursion Tanger desde Ceuta con gu\u00eda oficial y vehiculo y descubre su medina, las Cuevas de Hercules y mucho mas! \u2705","robots":{"index":"index","follow":"follow","max-snippet":"max-snippet:-1","max-image-preview":"max-image-preview:large","max-video-preview":"max-video-preview:-1"},"canonical":"https:\/\/tourtravelandmore.com\/es\/tours\/espana-es\/ceuta-es\/ceuta-actividades-privadas-es\/excursion-tanger-desde-ceuta-con-guia-oficial-y-vehiculo\/","og_locale":"es_ES","og_type":"article","og_title":"Tour privado Tanger desde Ceuta con recogida Terminal de Cruceros","og_description":"Disfruta de est\u00e1 Excursion Tanger desde Ceuta con gu\u00eda oficial y vehiculo y descubre su medina, las Cuevas de Hercules y mucho mas! \u2705","og_url":"https:\/\/tourtravelandmore.com\/es\/tours\/espana-es\/ceuta-es\/ceuta-actividades-privadas-es\/excursion-tanger-desde-ceuta-con-guia-oficial-y-vehiculo\/","og_site_name":"Tour Travel And More","article_publisher":"https:\/\/www.facebook.com\/tourtravelandmore\/","article_modified_time":"2022-11-22T04:02:49+00:00","og_image":[{"width":960,"height":642,"url":"https:\/\/tourtravelandmore.com\/wp-content\/uploads\/2020\/05\/tanger-2.jpg","type":"image\/jpeg"}],"twitter_card":"summary_large_image","twitter_site":"@TourTravel_More","twitter_misc":{"Tiempo de lectura":"3 minutos"},"schema":{"@context":"https:\/\/schema.org","@graph":[{"@type":"WebPage","@id":"https:\/\/tourtravelandmore.com\/es\/tours\/espana-es\/ceuta-es\/ceuta-actividades-privadas-es\/excursion-tanger-desde-ceuta-con-guia-oficial-y-vehiculo\/","url":"https:\/\/tourtravelandmore.com\/es\/tours\/espana-es\/ceuta-es\/ceuta-actividades-privadas-es\/excursion-tanger-desde-ceuta-con-guia-oficial-y-vehiculo\/","name":"\u27a1\ufe0f Excursion Tanger desde Ceuta con gu\u00eda oficial y vehiculo | Tour Travel & More","isPartOf":{"@id":"https:\/\/tourtravelandmore.com\/es\/#website"},"primaryImageOfPage":{"@id":"https:\/\/tourtravelandmore.com\/es\/tours\/espana-es\/ceuta-es\/ceuta-actividades-privadas-es\/excursion-tanger-desde-ceuta-con-guia-oficial-y-vehiculo\/#primaryimage"},"image":{"@id":"https:\/\/tourtravelandmore.com\/es\/tours\/espana-es\/ceuta-es\/ceuta-actividades-privadas-es\/excursion-tanger-desde-ceuta-con-guia-oficial-y-vehiculo\/#primaryimage"},"thumbnailUrl":"https:\/\/tourtravelandmore.com\/wp-content\/uploads\/2020\/05\/tanger-2.jpg","datePublished":"2020-05-22T11:01:56+00:00","dateModified":"2022-11-22T04:02:49+00:00","description":"Disfruta de est\u00e1 Excursion Tanger desde Ceuta con gu\u00eda oficial y vehiculo y descubre su medina, las Cuevas de Hercules y mucho mas! \u2705","breadcrumb":{"@id":"https:\/\/tourtravelandmore.com\/es\/tours\/espana-es\/ceuta-es\/ceuta-actividades-privadas-es\/excursion-tanger-desde-ceuta-con-guia-oficial-y-vehiculo\/#breadcrumb"},"inLanguage":"es","potentialAction":[{"@type":"ReadAction","target":["https:\/\/tourtravelandmore.com\/es\/tours\/espana-es\/ceuta-es\/ceuta-actividades-privadas-es\/excursion-tanger-desde-ceuta-con-guia-oficial-y-vehiculo\/"]}]},{"@type":"ImageObject","inLanguage":"es","@id":"https:\/\/tourtravelandmore.com\/es\/tours\/espana-es\/ceuta-es\/ceuta-actividades-privadas-es\/excursion-tanger-desde-ceuta-con-guia-oficial-y-vehiculo\/#primaryimage","url":"https:\/\/tourtravelandmore.com\/wp-content\/uploads\/2020\/05\/tanger-2.jpg","contentUrl":"https:\/\/tourtravelandmore.com\/wp-content\/uploads\/2020\/05\/tanger-2.jpg","width":960,"height":642},{"@type":"BreadcrumbList","@id":"https:\/\/tourtravelandmore.com\/es\/tours\/espana-es\/ceuta-es\/ceuta-actividades-privadas-es\/excursion-tanger-desde-ceuta-con-guia-oficial-y-vehiculo\/#breadcrumb","itemListElement":[{"@type":"ListItem","position":1,"name":"Home","item":"https:\/\/tourtravelandmore.com\/es\/"},{"@type":"ListItem","position":2,"name":"Tours","item":"https:\/\/tourtravelandmore.com\/es\/tours\/"},{"@type":"ListItem","position":3,"name":"Tour privado Tanger desde Ceuta con recogida Terminal de Cruceros"}]},{"@type":"WebSite","@id":"https:\/\/tourtravelandmore.com\/es\/#website","url":"https:\/\/tourtravelandmore.com\/es\/","name":"Tour Travel And More","description":"Private sightseeing tours and luxury transfers in Spain","publisher":{"@id":"https:\/\/tourtravelandmore.com\/es\/#organization"},"potentialAction":[{"@type":"SearchAction","target":{"@type":"EntryPoint","urlTemplate":"https:\/\/tourtravelandmore.com\/es\/?s={search_term_string}"},"query-input":{"@type":"PropertyValueSpecification","valueRequired":true,"valueName":"search_term_string"}}],"inLanguage":"es"},{"@type":"Organization","@id":"https:\/\/tourtravelandmore.com\/es\/#organization","name":"Tour Travel And More","url":"https:\/\/tourtravelandmore.com\/es\/","logo":{"@type":"ImageObject","inLanguage":"es","@id":"https:\/\/tourtravelandmore.com\/es\/#\/schema\/logo\/image\/","url":"https:\/\/tourtravelandmore.com\/wp-content\/uploads\/2022\/12\/cropped-logo-cabecera-new.png","contentUrl":"https:\/\/tourtravelandmore.com\/wp-content\/uploads\/2022\/12\/cropped-logo-cabecera-new.png","width":430,"height":61,"caption":"Tour Travel And More"},"image":{"@id":"https:\/\/tourtravelandmore.com\/es\/#\/schema\/logo\/image\/"},"sameAs":["https:\/\/www.facebook.com\/tourtravelandmore\/","https:\/\/x.com\/TourTravel_More"]}]}},"_links":{"self":[{"href":"https:\/\/tourtravelandmore.com\/es\/wp-json\/wp\/v2\/product\/79966","targetHints":{"allow":["GET"]}}],"collection":[{"href":"https:\/\/tourtravelandmore.com\/es\/wp-json\/wp\/v2\/product"}],"about":[{"href":"https:\/\/tourtravelandmore.com\/es\/wp-json\/wp\/v2\/types\/product"}],"replies":[{"embeddable":true,"href":"https:\/\/tourtravelandmore.com\/es\/wp-json\/wp\/v2\/comments?post=79966"}],"wp:featuredmedia":[{"embeddable":true,"href":"https:\/\/tourtravelandmore.com\/es\/wp-json\/wp\/v2\/media\/79976"}],"wp:attachment":[{"href":"https:\/\/tourtravelandmore.com\/es\/wp-json\/wp\/v2\/media?parent=79966"}],"wp:term":[{"taxonomy":"product_brand","embeddable":true,"href":"https:\/\/tourtravelandmore.com\/es\/wp-json\/wp\/v2\/product_brand?post=79966"},{"taxonomy":"product_cat","embeddable":true,"href":"https:\/\/tourtravelandmore.com\/es\/wp-json\/wp\/v2\/product_cat?post=79966"},{"taxonomy":"product_tag","embeddable":true,"href":"https:\/\/tourtravelandmore.com\/es\/wp-json\/wp\/v2\/product_tag?post=79966"}],"curies":[{"name":"wp","href":"https:\/\/api.w.org\/{rel}","templated":true}]}}