{"id":79937,"date":"2020-05-22T12:36:06","date_gmt":"2020-05-22T10:36:06","guid":{"rendered":"https:\/\/tourtravelandmore.com\/?post_type=product&#038;p=79937"},"modified":"2022-11-22T05:03:35","modified_gmt":"2022-11-22T04:03:35","slug":"excursion-tetuan-desde-ceuta-con-guia-oficial-privado-y-vehiculo","status":"publish","type":"product","link":"https:\/\/tourtravelandmore.com\/es\/tours\/espana-es\/ceuta-es\/ceuta-actividades-privadas-es\/excursion-tetuan-desde-ceuta-con-guia-oficial-privado-y-vehiculo\/","title":{"rendered":"Tour privado Tetu\u00e1n desde la terminal de Cruceros de Ceuta"},"content":{"rendered":"<h2><strong>Descripci\u00f3n del Tour privado Tetu\u00e1n desde la terminal de Cruceros de Ceuta<\/strong><\/h2>\n<p><span style=\"font-weight: 400;\">Si est\u00e1 pensando qu\u00e9 hacer una vez que llegue a Ceuta, esta <strong>Excursion<\/strong><\/span><b> Tetuan desde Ceuta<\/b><span style=\"font-weight: 400;\"> de <\/span><b>8 horas, con gu\u00eda oficial privado y veh\u00edculo privado,<\/b><span style=\"font-weight: 400;\"> ser\u00eda la opci\u00f3n perfecta para usted y su grupo.<\/span><\/p>\n<p><span style=\"font-weight: 400;\"><strong>Tetu\u00e1n<\/strong> es una ciudad en el norte de <\/span><b>Marruecos<\/b><span style=\"font-weight: 400;\">, situada cerca del mar Mediterr\u00e1neo. Es la ciudad con m\u00e1s rasgos andaluces en Marruecos y a veces se la conoce con el sobrenombre de <\/span><b>&#8220;La Paloma Blanca&#8221;<\/b><span style=\"font-weight: 400;\">.<\/span><\/p>\n<p><span style=\"font-weight: 400;\">El viaje a Tetu\u00e1n es de aproximadamente cincuenta minutos, ya que se encuentra a 39.5 km de Ceuta. Disfrute de un hermoso viaje por el campo de Tetu\u00e1n, donde podr\u00e1 detenerse en el camino para tomar fotos si as\u00ed lo desean.<\/span><\/p>\n<p><span style=\"font-weight: 400;\">Aproveche esta oportunidad para conocer Marruecos en esta\u00a0<\/span><strong>Excursion<\/strong><b> Tetuan desde Ceuta<\/b><span style=\"font-weight: 400;\"> desde el puerto de cruceros de Ceuta. Personalice su propia experiencia y no se pierda los lugares y monumentos m\u00e1s importantes de este recorrido.<\/span><\/p>\n<h2><b>Puntos de inter\u00e9s en el Tour privado Tetu\u00e1n desde la terminal de Cruceros de Ceuta<br \/>\n<\/b><\/h2>\n<p><span style=\"font-weight: 400;\">El recorrido de est<\/span>a <strong>Excursion<\/strong><b> Tetuan desde Ceuta<\/b><span style=\"font-weight: 400;\"> comenzar\u00e1 con su recogida en el puerto de cruceros de Ceuta en un <\/span><b>veh\u00edculo privado con chofer <\/b><span style=\"font-weight: 400;\">a la hora de su\u00a0 desembarque.<\/span><\/p>\n<p><span style=\"font-weight: 400;\">Luego de cincuenta minutos de viaje, llegar\u00e1 a la incre\u00edble ciudad de Tetu\u00e1n, donde su <\/span><b>gu\u00eda tur\u00edstico oficial<\/b><span style=\"font-weight: 400;\"> lo estar\u00e1 esperando ansioso por comenzar a mostrarle todos los puntos m\u00e1s relevantes y emblem\u00e1ticos de la ciudad.<\/span><\/p>\n<p><span style=\"font-weight: 400;\">Comenzar\u00e1 el recorrido con una visita a la <\/span><b>ciudad vieja<\/b><span style=\"font-weight: 400;\"> que es considerada <\/span><b>patrimonio internacional por la UNESCO<\/b><span style=\"font-weight: 400;\"> y explorar\u00e1 los mercados de agricultores (mercados bereberes de frutas, verduras, especias y otros), caminar\u00e1 por varios talleres, curtidores, orfebres, plateros y te detendr\u00e1s en el <\/span><b>Palacio del Rey<\/b><span style=\"font-weight: 400;\">.<\/span><\/p>\n<p><span style=\"font-weight: 400;\">Continuaremos con la visita al <\/span><b>barrio jud\u00edo Mellah<\/b><span style=\"font-weight: 400;\"> de Tetu\u00e1n, m\u00faltiples calles estrechas y arqueadas que forman una especie de laberinto dentro de la medina que hacen una arquitectura distinta, durante este recorrido a pie obtendr\u00e1 mucha informaci\u00f3n sobre la historia y la arquitectura de este lugar.<\/span><\/p>\n<p><span style=\"font-weight: 400;\">Entre otros monumentos y lugares de inter\u00e9s podr\u00e1 conocer:<\/span><\/p>\n<p><span style=\"font-weight: 400;\">&#8211; <\/span><b>Paseo por la antigua Medina<\/b><span style=\"font-weight: 400;\">, fue reconstruida a fines del siglo XV por refugiados de la Reconquista (reconquista de Espa\u00f1a, completada por la ca\u00edda de Granada en 1492), cuando los moros andaluces primero levantaron las paredes y luego llenaron el recinto con casas.\u00a0<\/span><\/p>\n<p><span style=\"font-weight: 400;\">&#8211; <\/span><b>Museo Arqueol\u00f3gico<\/b><span style=\"font-weight: 400;\">, fue construido en 1943. Sus exhibiciones est\u00e1n dedicadas a los fascinantes tiempos prehist\u00f3ricos y pre-isl\u00e1micos de Marruecos.<\/span><\/p>\n<p><span style=\"font-weight: 400;\">&#8211; <\/span><b>Artes y manualidades locales<\/b><span style=\"font-weight: 400;\">, si eres un amante del arte, Tetu\u00e1n es un lugar al que debes ir. Si bien muchas ciudades del pa\u00eds se han movido hacia la creaci\u00f3n de productos artesanales para un mercado masivo, Tetu\u00e1n se mantiene fiel a las formas artesanales tradicionales marroqu\u00edes que se han utilizado durante siglos.<\/span><\/p>\n<p><span style=\"font-weight: 400;\">Una vez finalizado el recorrido, puede tener tiempo libre para pasear por la ciudad y almorzar un poco t\u00edpico marroqu\u00ed antes de regresar a Ceuta.<\/span><\/p>\n<p>Si dispone de m\u00e1s d\u00edas, puedes consultar <strong><a href=\"https:\/\/tourtravelandmore.com\/es\/ciudad\/espana-es\/ceuta-es\/\">aqu\u00ed<\/a><\/strong>, el resto de nuestros tours privados de Ceuta.<\/p>\n","protected":false},"excerpt":{"rendered":"<p>Disfruta de este tour privado d\u00eda completo personalizable de\u00a0Tetu\u00e1n. Tome esta oportunidad para conocer y disfrutar de Tetu\u00e1n durante este tour con vuestro guia oficial privado y vuestro veh\u00edculo de lujo con chofer. Admire los monumentos y lugares m\u00e1s emblem\u00e1ticos de la ciudad con su guia oficial privado.<\/p>\n<p>&nbsp;<\/p>\n","protected":false},"featured_media":79949,"comment_status":"open","ping_status":"closed","template":"","meta":{"_acf_changed":false},"product_brand":[],"product_cat":[2254,2258,2260],"product_tag":[],"class_list":{"0":"post-79937","1":"product","2":"type-product","3":"status-publish","4":"has-post-thumbnail","6":"product_cat-ceuta-es","7":"product_cat-ceuta-actividades-privadas-es","8":"product_cat-ceuta-excursiones-privadas-es","10":"first","11":"instock","12":"shipping-taxable","13":"purchasable","14":"product-type-simple"},"acf":[],"yoast_head":"<!-- This site is optimized with the Yoast SEO Premium plugin v25.3.1 (Yoast SEO v25.3.1) - https:\/\/yoast.com\/wordpress\/plugins\/seo\/ -->\n<title>\u27a1\ufe0f Excursion Tetuan desde Ceuta con gu\u00eda oficial privado y vehiculo | Tour Travel &amp; More<\/title>\n<meta name=\"description\" content=\"Disfruta esta Excursion Tetuan desde Ceuta con gu\u00eda oficial privado y vehiculo privado y descubre est\u00e1 maginifica ciudad de Marruecos \u2705\" \/>\n<meta name=\"robots\" content=\"index, follow, max-snippet:-1, max-image-preview:large, max-video-preview:-1\" \/>\n<link rel=\"canonical\" href=\"https:\/\/tourtravelandmore.com\/es\/tours\/espana-es\/ceuta-es\/ceuta-actividades-privadas-es\/excursion-tetuan-desde-ceuta-con-guia-oficial-privado-y-vehiculo\/\" \/>\n<meta property=\"og:locale\" content=\"es_ES\" \/>\n<meta property=\"og:type\" content=\"article\" \/>\n<meta property=\"og:title\" content=\"Tour privado Tetu\u00e1n desde la terminal de Cruceros de Ceuta\" \/>\n<meta property=\"og:description\" content=\"Disfruta esta Excursion Tetuan desde Ceuta con gu\u00eda oficial privado y vehiculo privado y descubre est\u00e1 maginifica ciudad de Marruecos \u2705\" \/>\n<meta property=\"og:url\" content=\"https:\/\/tourtravelandmore.com\/es\/tours\/espana-es\/ceuta-es\/ceuta-actividades-privadas-es\/excursion-tetuan-desde-ceuta-con-guia-oficial-privado-y-vehiculo\/\" \/>\n<meta property=\"og:site_name\" content=\"Tour Travel And More\" \/>\n<meta property=\"article:publisher\" content=\"https:\/\/www.facebook.com\/tourtravelandmore\/\" \/>\n<meta property=\"article:modified_time\" content=\"2022-11-22T04:03:35+00:00\" \/>\n<meta property=\"og:image\" content=\"https:\/\/tourtravelandmore.com\/wp-content\/uploads\/2020\/05\/tetuan-4.jpg\" \/>\n\t<meta property=\"og:image:width\" content=\"2476\" \/>\n\t<meta property=\"og:image:height\" content=\"1500\" \/>\n\t<meta property=\"og:image:type\" content=\"image\/jpeg\" \/>\n<meta name=\"twitter:card\" content=\"summary_large_image\" \/>\n<meta name=\"twitter:site\" content=\"@TourTravel_More\" \/>\n<meta name=\"twitter:label1\" content=\"Tiempo de lectura\" \/>\n\t<meta name=\"twitter:data1\" content=\"3 minutos\" \/>\n<script type=\"application\/ld+json\" class=\"yoast-schema-graph\">{\"@context\":\"https:\/\/schema.org\",\"@graph\":[{\"@type\":\"WebPage\",\"@id\":\"https:\/\/tourtravelandmore.com\/es\/tours\/espana-es\/ceuta-es\/ceuta-actividades-privadas-es\/excursion-tetuan-desde-ceuta-con-guia-oficial-privado-y-vehiculo\/\",\"url\":\"https:\/\/tourtravelandmore.com\/es\/tours\/espana-es\/ceuta-es\/ceuta-actividades-privadas-es\/excursion-tetuan-desde-ceuta-con-guia-oficial-privado-y-vehiculo\/\",\"name\":\"\u27a1\ufe0f Excursion Tetuan desde Ceuta con gu\u00eda oficial privado y vehiculo | Tour Travel & More\",\"isPartOf\":{\"@id\":\"https:\/\/tourtravelandmore.com\/es\/#website\"},\"primaryImageOfPage\":{\"@id\":\"https:\/\/tourtravelandmore.com\/es\/tours\/espana-es\/ceuta-es\/ceuta-actividades-privadas-es\/excursion-tetuan-desde-ceuta-con-guia-oficial-privado-y-vehiculo\/#primaryimage\"},\"image\":{\"@id\":\"https:\/\/tourtravelandmore.com\/es\/tours\/espana-es\/ceuta-es\/ceuta-actividades-privadas-es\/excursion-tetuan-desde-ceuta-con-guia-oficial-privado-y-vehiculo\/#primaryimage\"},\"thumbnailUrl\":\"https:\/\/tourtravelandmore.com\/wp-content\/uploads\/2020\/05\/tetuan-4.jpg\",\"datePublished\":\"2020-05-22T10:36:06+00:00\",\"dateModified\":\"2022-11-22T04:03:35+00:00\",\"description\":\"Disfruta esta Excursion Tetuan desde Ceuta con gu\u00eda oficial privado y vehiculo privado y descubre est\u00e1 maginifica ciudad de Marruecos \u2705\",\"breadcrumb\":{\"@id\":\"https:\/\/tourtravelandmore.com\/es\/tours\/espana-es\/ceuta-es\/ceuta-actividades-privadas-es\/excursion-tetuan-desde-ceuta-con-guia-oficial-privado-y-vehiculo\/#breadcrumb\"},\"inLanguage\":\"es\",\"potentialAction\":[{\"@type\":\"ReadAction\",\"target\":[\"https:\/\/tourtravelandmore.com\/es\/tours\/espana-es\/ceuta-es\/ceuta-actividades-privadas-es\/excursion-tetuan-desde-ceuta-con-guia-oficial-privado-y-vehiculo\/\"]}]},{\"@type\":\"ImageObject\",\"inLanguage\":\"es\",\"@id\":\"https:\/\/tourtravelandmore.com\/es\/tours\/espana-es\/ceuta-es\/ceuta-actividades-privadas-es\/excursion-tetuan-desde-ceuta-con-guia-oficial-privado-y-vehiculo\/#primaryimage\",\"url\":\"https:\/\/tourtravelandmore.com\/wp-content\/uploads\/2020\/05\/tetuan-4.jpg\",\"contentUrl\":\"https:\/\/tourtravelandmore.com\/wp-content\/uploads\/2020\/05\/tetuan-4.jpg\",\"width\":2476,\"height\":1500,\"caption\":\"KONICA MINOLTA DIGITAL CAMERA\"},{\"@type\":\"BreadcrumbList\",\"@id\":\"https:\/\/tourtravelandmore.com\/es\/tours\/espana-es\/ceuta-es\/ceuta-actividades-privadas-es\/excursion-tetuan-desde-ceuta-con-guia-oficial-privado-y-vehiculo\/#breadcrumb\",\"itemListElement\":[{\"@type\":\"ListItem\",\"position\":1,\"name\":\"Home\",\"item\":\"https:\/\/tourtravelandmore.com\/es\/\"},{\"@type\":\"ListItem\",\"position\":2,\"name\":\"Tours\",\"item\":\"https:\/\/tourtravelandmore.com\/es\/tours\/\"},{\"@type\":\"ListItem\",\"position\":3,\"name\":\"Tour privado Tetu\u00e1n desde la terminal de Cruceros de Ceuta\"}]},{\"@type\":\"WebSite\",\"@id\":\"https:\/\/tourtravelandmore.com\/es\/#website\",\"url\":\"https:\/\/tourtravelandmore.com\/es\/\",\"name\":\"Tour Travel And More\",\"description\":\"Private sightseeing tours and luxury transfers in Spain\",\"publisher\":{\"@id\":\"https:\/\/tourtravelandmore.com\/es\/#organization\"},\"potentialAction\":[{\"@type\":\"SearchAction\",\"target\":{\"@type\":\"EntryPoint\",\"urlTemplate\":\"https:\/\/tourtravelandmore.com\/es\/?s={search_term_string}\"},\"query-input\":{\"@type\":\"PropertyValueSpecification\",\"valueRequired\":true,\"valueName\":\"search_term_string\"}}],\"inLanguage\":\"es\"},{\"@type\":\"Organization\",\"@id\":\"https:\/\/tourtravelandmore.com\/es\/#organization\",\"name\":\"Tour Travel And More\",\"url\":\"https:\/\/tourtravelandmore.com\/es\/\",\"logo\":{\"@type\":\"ImageObject\",\"inLanguage\":\"es\",\"@id\":\"https:\/\/tourtravelandmore.com\/es\/#\/schema\/logo\/image\/\",\"url\":\"https:\/\/tourtravelandmore.com\/wp-content\/uploads\/2022\/12\/cropped-logo-cabecera-new.png\",\"contentUrl\":\"https:\/\/tourtravelandmore.com\/wp-content\/uploads\/2022\/12\/cropped-logo-cabecera-new.png\",\"width\":430,\"height\":61,\"caption\":\"Tour Travel And More\"},\"image\":{\"@id\":\"https:\/\/tourtravelandmore.com\/es\/#\/schema\/logo\/image\/\"},\"sameAs\":[\"https:\/\/www.facebook.com\/tourtravelandmore\/\",\"https:\/\/x.com\/TourTravel_More\"]}]}<\/script>\n<!-- \/ Yoast SEO Premium plugin. -->","yoast_head_json":{"title":"\u27a1\ufe0f Excursion Tetuan desde Ceuta con gu\u00eda oficial privado y vehiculo | Tour Travel & More","description":"Disfruta esta Excursion Tetuan desde Ceuta con gu\u00eda oficial privado y vehiculo privado y descubre est\u00e1 maginifica ciudad de Marruecos \u2705","robots":{"index":"index","follow":"follow","max-snippet":"max-snippet:-1","max-image-preview":"max-image-preview:large","max-video-preview":"max-video-preview:-1"},"canonical":"https:\/\/tourtravelandmore.com\/es\/tours\/espana-es\/ceuta-es\/ceuta-actividades-privadas-es\/excursion-tetuan-desde-ceuta-con-guia-oficial-privado-y-vehiculo\/","og_locale":"es_ES","og_type":"article","og_title":"Tour privado Tetu\u00e1n desde la terminal de Cruceros de Ceuta","og_description":"Disfruta esta Excursion Tetuan desde Ceuta con gu\u00eda oficial privado y vehiculo privado y descubre est\u00e1 maginifica ciudad de Marruecos \u2705","og_url":"https:\/\/tourtravelandmore.com\/es\/tours\/espana-es\/ceuta-es\/ceuta-actividades-privadas-es\/excursion-tetuan-desde-ceuta-con-guia-oficial-privado-y-vehiculo\/","og_site_name":"Tour Travel And More","article_publisher":"https:\/\/www.facebook.com\/tourtravelandmore\/","article_modified_time":"2022-11-22T04:03:35+00:00","og_image":[{"width":2476,"height":1500,"url":"https:\/\/tourtravelandmore.com\/wp-content\/uploads\/2020\/05\/tetuan-4.jpg","type":"image\/jpeg"}],"twitter_card":"summary_large_image","twitter_site":"@TourTravel_More","twitter_misc":{"Tiempo de lectura":"3 minutos"},"schema":{"@context":"https:\/\/schema.org","@graph":[{"@type":"WebPage","@id":"https:\/\/tourtravelandmore.com\/es\/tours\/espana-es\/ceuta-es\/ceuta-actividades-privadas-es\/excursion-tetuan-desde-ceuta-con-guia-oficial-privado-y-vehiculo\/","url":"https:\/\/tourtravelandmore.com\/es\/tours\/espana-es\/ceuta-es\/ceuta-actividades-privadas-es\/excursion-tetuan-desde-ceuta-con-guia-oficial-privado-y-vehiculo\/","name":"\u27a1\ufe0f Excursion Tetuan desde Ceuta con gu\u00eda oficial privado y vehiculo | Tour Travel & More","isPartOf":{"@id":"https:\/\/tourtravelandmore.com\/es\/#website"},"primaryImageOfPage":{"@id":"https:\/\/tourtravelandmore.com\/es\/tours\/espana-es\/ceuta-es\/ceuta-actividades-privadas-es\/excursion-tetuan-desde-ceuta-con-guia-oficial-privado-y-vehiculo\/#primaryimage"},"image":{"@id":"https:\/\/tourtravelandmore.com\/es\/tours\/espana-es\/ceuta-es\/ceuta-actividades-privadas-es\/excursion-tetuan-desde-ceuta-con-guia-oficial-privado-y-vehiculo\/#primaryimage"},"thumbnailUrl":"https:\/\/tourtravelandmore.com\/wp-content\/uploads\/2020\/05\/tetuan-4.jpg","datePublished":"2020-05-22T10:36:06+00:00","dateModified":"2022-11-22T04:03:35+00:00","description":"Disfruta esta Excursion Tetuan desde Ceuta con gu\u00eda oficial privado y vehiculo privado y descubre est\u00e1 maginifica ciudad de Marruecos \u2705","breadcrumb":{"@id":"https:\/\/tourtravelandmore.com\/es\/tours\/espana-es\/ceuta-es\/ceuta-actividades-privadas-es\/excursion-tetuan-desde-ceuta-con-guia-oficial-privado-y-vehiculo\/#breadcrumb"},"inLanguage":"es","potentialAction":[{"@type":"ReadAction","target":["https:\/\/tourtravelandmore.com\/es\/tours\/espana-es\/ceuta-es\/ceuta-actividades-privadas-es\/excursion-tetuan-desde-ceuta-con-guia-oficial-privado-y-vehiculo\/"]}]},{"@type":"ImageObject","inLanguage":"es","@id":"https:\/\/tourtravelandmore.com\/es\/tours\/espana-es\/ceuta-es\/ceuta-actividades-privadas-es\/excursion-tetuan-desde-ceuta-con-guia-oficial-privado-y-vehiculo\/#primaryimage","url":"https:\/\/tourtravelandmore.com\/wp-content\/uploads\/2020\/05\/tetuan-4.jpg","contentUrl":"https:\/\/tourtravelandmore.com\/wp-content\/uploads\/2020\/05\/tetuan-4.jpg","width":2476,"height":1500,"caption":"KONICA MINOLTA DIGITAL CAMERA"},{"@type":"BreadcrumbList","@id":"https:\/\/tourtravelandmore.com\/es\/tours\/espana-es\/ceuta-es\/ceuta-actividades-privadas-es\/excursion-tetuan-desde-ceuta-con-guia-oficial-privado-y-vehiculo\/#breadcrumb","itemListElement":[{"@type":"ListItem","position":1,"name":"Home","item":"https:\/\/tourtravelandmore.com\/es\/"},{"@type":"ListItem","position":2,"name":"Tours","item":"https:\/\/tourtravelandmore.com\/es\/tours\/"},{"@type":"ListItem","position":3,"name":"Tour privado Tetu\u00e1n desde la terminal de Cruceros de Ceuta"}]},{"@type":"WebSite","@id":"https:\/\/tourtravelandmore.com\/es\/#website","url":"https:\/\/tourtravelandmore.com\/es\/","name":"Tour Travel And More","description":"Private sightseeing tours and luxury transfers in Spain","publisher":{"@id":"https:\/\/tourtravelandmore.com\/es\/#organization"},"potentialAction":[{"@type":"SearchAction","target":{"@type":"EntryPoint","urlTemplate":"https:\/\/tourtravelandmore.com\/es\/?s={search_term_string}"},"query-input":{"@type":"PropertyValueSpecification","valueRequired":true,"valueName":"search_term_string"}}],"inLanguage":"es"},{"@type":"Organization","@id":"https:\/\/tourtravelandmore.com\/es\/#organization","name":"Tour Travel And More","url":"https:\/\/tourtravelandmore.com\/es\/","logo":{"@type":"ImageObject","inLanguage":"es","@id":"https:\/\/tourtravelandmore.com\/es\/#\/schema\/logo\/image\/","url":"https:\/\/tourtravelandmore.com\/wp-content\/uploads\/2022\/12\/cropped-logo-cabecera-new.png","contentUrl":"https:\/\/tourtravelandmore.com\/wp-content\/uploads\/2022\/12\/cropped-logo-cabecera-new.png","width":430,"height":61,"caption":"Tour Travel And More"},"image":{"@id":"https:\/\/tourtravelandmore.com\/es\/#\/schema\/logo\/image\/"},"sameAs":["https:\/\/www.facebook.com\/tourtravelandmore\/","https:\/\/x.com\/TourTravel_More"]}]}},"_links":{"self":[{"href":"https:\/\/tourtravelandmore.com\/es\/wp-json\/wp\/v2\/product\/79937","targetHints":{"allow":["GET"]}}],"collection":[{"href":"https:\/\/tourtravelandmore.com\/es\/wp-json\/wp\/v2\/product"}],"about":[{"href":"https:\/\/tourtravelandmore.com\/es\/wp-json\/wp\/v2\/types\/product"}],"replies":[{"embeddable":true,"href":"https:\/\/tourtravelandmore.com\/es\/wp-json\/wp\/v2\/comments?post=79937"}],"wp:featuredmedia":[{"embeddable":true,"href":"https:\/\/tourtravelandmore.com\/es\/wp-json\/wp\/v2\/media\/79949"}],"wp:attachment":[{"href":"https:\/\/tourtravelandmore.com\/es\/wp-json\/wp\/v2\/media?parent=79937"}],"wp:term":[{"taxonomy":"product_brand","embeddable":true,"href":"https:\/\/tourtravelandmore.com\/es\/wp-json\/wp\/v2\/product_brand?post=79937"},{"taxonomy":"product_cat","embeddable":true,"href":"https:\/\/tourtravelandmore.com\/es\/wp-json\/wp\/v2\/product_cat?post=79937"},{"taxonomy":"product_tag","embeddable":true,"href":"https:\/\/tourtravelandmore.com\/es\/wp-json\/wp\/v2\/product_tag?post=79937"}],"curies":[{"name":"wp","href":"https:\/\/api.w.org\/{rel}","templated":true}]}}