{"id":79922,"date":"2020-05-22T12:05:44","date_gmt":"2020-05-22T10:05:44","guid":{"rendered":"https:\/\/tourtravelandmore.com\/?post_type=product&#038;p=79922"},"modified":"2022-11-22T05:01:57","modified_gmt":"2022-11-22T04:01:57","slug":"tour-privado-ceuta-con-guia-oficial-privado-y-vehiculo","status":"publish","type":"product","link":"https:\/\/tourtravelandmore.com\/es\/tours\/espana-es\/ceuta-es\/ceuta-actividades-privadas-es\/tour-privado-ceuta-con-guia-oficial-privado-y-vehiculo\/","title":{"rendered":"Tour privado Ceuta desde la terminal de Cruceros"},"content":{"rendered":"<h2>Descripci\u00f3n del Tour privado Ceuta desde la terminal de Cruceros<\/h2>\n<p><span style=\"font-weight: 400;\">Uno de los destinos tur\u00edsticos a los que puede llegar en crucero es a <\/span><b>Ceuta<\/b><span style=\"font-weight: 400;\">, hablamos de esta hermosa ciudad espa\u00f1ola en la costa norte de \u00c1frica que ofrece hermosas playas de arena blanca, historia y edificios verdaderamente interesantes que al menos deben visitarse una vez en la vida. Podr\u00e1 disfrutar de un tour privado con gu\u00eda oficial privado y veh\u00edculo privado para descubrir la ciudad.<br \/>\n<\/span><\/p>\n<p><span style=\"font-weight: 400;\">Ceuta, como <\/span><b>Melilla<\/b><span style=\"font-weight: 400;\"> y las <\/span><b>Islas Canarias<\/b><span style=\"font-weight: 400;\">, fue clasificada como puerto libre antes de que Espa\u00f1a se uniera a la <\/span><b>Uni\u00f3n Europea<\/b><span style=\"font-weight: 400;\">. Su poblaci\u00f3n est\u00e1 compuesta por cristianos, musulmanes y peque\u00f1as minor\u00edas de jud\u00edos, sefard\u00edes y \u00e9tnicos hind\u00faes sindhi.<\/span><\/p>\n<p><span style=\"font-weight: 400;\">Nuestro fabuloso <\/span><b>tour privado Ceuta, tiene una duraci\u00f3n de 4 horas<\/b><span style=\"font-weight: 400;\"> desde la terminal de cruceros, lo llevar\u00e1 a los mejores lugares de esta ciudad \u00fanica a bordo de un <\/span><b>veh\u00edculo privado de lujo<\/b><span style=\"font-weight: 400;\"> y en compa\u00f1\u00eda de un <\/span><b>gu\u00eda biling\u00fce<\/b><span style=\"font-weight: 400;\"> que crear\u00e1 un itinerario adaptado a sus gustos e intereses.<\/span><\/p>\n<p><span style=\"font-weight: 400;\">Como todos nuestras excursiones, este tour privado Ceuta es un <\/span><b>recorrido completamente personalizado<\/b><span style=\"font-weight: 400;\">. Podemos organizarlo para satisfacer sus propias necesidades y deseos personales. Si tiene algo en mente, h\u00e1ganoslo saber y haremos todo lo posible para organizarlo durante su recorrido privado.<\/span><\/p>\n<p><span style=\"font-weight: 400;\">La duraci\u00f3n exacta del recorrido es completamente flexible. A continuaci\u00f3n se muestra nuestro recorrido privado de 4 horas, pero es posible organizar la duraci\u00f3n del recorrido exactamente como lo desee.<\/span><\/p>\n<h2><b>Puntos de inter\u00e9s en el Tour privado Ceuta desde la terminal de Cruceros<br \/>\n<\/b><\/h2>\n<p><span style=\"font-weight: 400;\">Su <\/span><b>conductor privado<\/b><span style=\"font-weight: 400;\"> junto con su <\/span><b>gu\u00eda oficial<\/b><span style=\"font-weight: 400;\"> lo estar\u00e1n esperando fuera de su crucero en la <\/span><b>terminal de Cruceros de Ceuta<\/b><span style=\"font-weight: 400;\"> para comenzar su recorrido de medio d\u00eda por la ciudad.<\/span><\/p>\n<p><span style=\"font-weight: 400;\">Durante este recorrido privado, explorar\u00e1 los puntos m\u00e1s atractivos del lugar, acompa\u00f1ado por su experto <\/span><b>gu\u00eda tur\u00edstico<\/b><span style=\"font-weight: 400;\"> que le contar\u00e1 todos los secretos de esta incre\u00edble ciudad.<\/span><\/p>\n<p><span style=\"font-weight: 400;\">Entre muchos otros sitios, aqu\u00ed le enumeramos algunos de los principales lugares que podr\u00e1 visitar en esta excursi\u00f3n de medio d\u00eda:<\/span><\/p>\n<p><span style=\"font-weight: 400;\">&#8211; <\/span><b>Plaza de \u00c1frica<\/b><span style=\"font-weight: 400;\">, esta plaza es la m\u00e1s importante de la ciudad, ya que hay edificios importantes como el <\/span><b>Ayuntamiento<\/b><span style=\"font-weight: 400;\">, el \u00a0 <\/span><b>Comando Militar,<\/b><span style=\"font-weight: 400;\"> el <\/span><b>Monumento a los Ca\u00eddos<\/b><span style=\"font-weight: 400;\"> y la <\/span><b>Catedral<\/b><span style=\"font-weight: 400;\">.<\/span><\/p>\n<p><span style=\"font-weight: 400;\">&#8211; <\/span><b>Murallas reales y trinchera navegable<\/b><span style=\"font-weight: 400;\">, los muros de Ceuta se construyeron durante diferentes per\u00edodos, siendo la parte \u00a0m\u00e1s antigua a finales del siglo X y la parte m\u00e1s moderna del siglo XVIII.<\/span><\/p>\n<p><span style=\"font-weight: 400;\">&#8211; <\/span><b>Catedral de la Asunci\u00f3n<\/b><span style=\"font-weight: 400;\">, un legado de la \u00e9poca de la dominaci\u00f3n \u00e1rabe.<\/span><\/p>\n<p><span style=\"font-weight: 400;\">&#8211; <\/span><b>Casa del Drag\u00f3n<\/b><span style=\"font-weight: 400;\">, uno de los edificios m\u00e1s emblem\u00e1ticos de Ceuta, gracias a las 4 esculturas mitol\u00f3gicas en forma de drag\u00f3n que sobresalen de su fachada.<\/span><\/p>\n<p><span style=\"font-weight: 400;\">&#8211; <\/span><b>Ba\u00f1os \u00e1rabes<\/b><span style=\"font-weight: 400;\">, fabricaci\u00f3n antigua que hoy en d\u00eda tiene fines recreativos o tur\u00edsticos.<\/span><\/p>\n<p><span style=\"font-weight: 400;\">&#8211; <\/span><b>Parque Mar\u00edtimo Mediterr\u00e1neo<\/b><span style=\"font-weight: 400;\">, ubicado en el <\/span><b>Paseo de la Marina Espa\u00f1ola<\/b><span style=\"font-weight: 400;\">.<\/span><\/p>\n<p><span style=\"font-weight: 400;\">&#8211; <\/span><b>Museo de la Legi\u00f3n, Paseo de las Palmeras, Monte Hacho<\/b><span style=\"font-weight: 400;\"> y mucho m\u00e1s!<\/span><\/p>\n<p><span style=\"font-weight: 400;\">Al final de su recorrido, su conductor privado y su gu\u00eda lo llevar\u00e1n de regreso a su crucero en el puerto de Ceuta.<\/span><\/p>\n<p><span style=\"font-weight: 400;\">Esta es una experiencia completamente personalizada, as\u00ed que no dude en contactarnos. Nuestro equipo lo ayudar\u00e1 a organizar su recorrido para que pueda aprovechar al m\u00e1ximo su visita a una de las ciudades m\u00e1s exc\u00e9ntricas del mundo.<\/span><\/p>\n<p>Si dispone de m\u00e1s d\u00edas, puedes consultar <a href=\"https:\/\/tourtravelandmore.com\/es\/ciudad\/espana-es\/ceuta-es\/\"><strong>aqu\u00ed<\/strong><\/a>, nuestros tours privados que ofrecemos en Ceuta.<\/p>\n","protected":false},"excerpt":{"rendered":"<p>Aproveche esta oportunidad para conocer y disfrutar de esta hermosa ciudad durante este tour con vuestro gu\u00eda oficial privado y chofer. Descubre los monumentos y sitios m\u00e1s emblem\u00e1ticas de esta maravillosa ciudad como la <i>Casa del Dragon, Ba\u00f1os Arabes, Catedral de Asuncion<\/i>\u00a0y mucho m\u00e1s durante su tour privado.<\/p>\n<p>&nbsp;<\/p>\n","protected":false},"featured_media":79911,"comment_status":"open","ping_status":"closed","template":"","meta":{"_acf_changed":false},"product_brand":[],"product_cat":[2254,2258],"product_tag":[],"class_list":{"0":"post-79922","1":"product","2":"type-product","3":"status-publish","4":"has-post-thumbnail","6":"product_cat-ceuta-es","7":"product_cat-ceuta-actividades-privadas-es","9":"first","10":"instock","11":"shipping-taxable","12":"purchasable","13":"product-type-simple"},"acf":[],"yoast_head":"<!-- This site is optimized with the Yoast SEO Premium plugin v25.3.1 (Yoast SEO v25.3.1) - https:\/\/yoast.com\/wordpress\/plugins\/seo\/ -->\n<title>\u27a1\ufe0f Tour privado Ceuta con gu\u00eda oficial privado y vehiculo | Tour Travel &amp; More<\/title>\n<meta name=\"description\" content=\"Aproveche su visita a Ceuta y disfrute de un tour privado a medida para descubrir esta magn\u00edfica ciudad. Gu\u00eda oficial privado y veh\u00edculo a disposici\u00f3n \u2705\" \/>\n<meta name=\"robots\" content=\"index, follow, max-snippet:-1, max-image-preview:large, max-video-preview:-1\" \/>\n<link rel=\"canonical\" href=\"https:\/\/tourtravelandmore.com\/es\/tours\/espana-es\/ceuta-es\/ceuta-actividades-privadas-es\/tour-privado-ceuta-con-guia-oficial-privado-y-vehiculo\/\" \/>\n<meta property=\"og:locale\" content=\"es_ES\" \/>\n<meta property=\"og:type\" content=\"article\" \/>\n<meta property=\"og:title\" content=\"Tour privado Ceuta desde la terminal de Cruceros\" \/>\n<meta property=\"og:description\" content=\"Aproveche su visita a Ceuta y disfrute de un tour privado a medida para descubrir esta magn\u00edfica ciudad. Gu\u00eda oficial privado y veh\u00edculo a disposici\u00f3n \u2705\" \/>\n<meta property=\"og:url\" content=\"https:\/\/tourtravelandmore.com\/es\/tours\/espana-es\/ceuta-es\/ceuta-actividades-privadas-es\/tour-privado-ceuta-con-guia-oficial-privado-y-vehiculo\/\" \/>\n<meta property=\"og:site_name\" content=\"Tour Travel And More\" \/>\n<meta property=\"article:publisher\" content=\"https:\/\/www.facebook.com\/tourtravelandmore\/\" \/>\n<meta property=\"article:modified_time\" content=\"2022-11-22T04:01:57+00:00\" \/>\n<meta property=\"og:image\" content=\"https:\/\/tourtravelandmore.com\/wp-content\/uploads\/2020\/05\/ceuta-5.jpg\" \/>\n\t<meta property=\"og:image:width\" content=\"2560\" \/>\n\t<meta property=\"og:image:height\" content=\"1707\" \/>\n\t<meta property=\"og:image:type\" content=\"image\/jpeg\" \/>\n<meta name=\"twitter:card\" content=\"summary_large_image\" \/>\n<meta name=\"twitter:site\" content=\"@TourTravel_More\" \/>\n<meta name=\"twitter:label1\" content=\"Tiempo de lectura\" \/>\n\t<meta name=\"twitter:data1\" content=\"3 minutos\" \/>\n<script type=\"application\/ld+json\" class=\"yoast-schema-graph\">{\"@context\":\"https:\/\/schema.org\",\"@graph\":[{\"@type\":\"WebPage\",\"@id\":\"https:\/\/tourtravelandmore.com\/es\/tours\/espana-es\/ceuta-es\/ceuta-actividades-privadas-es\/tour-privado-ceuta-con-guia-oficial-privado-y-vehiculo\/\",\"url\":\"https:\/\/tourtravelandmore.com\/es\/tours\/espana-es\/ceuta-es\/ceuta-actividades-privadas-es\/tour-privado-ceuta-con-guia-oficial-privado-y-vehiculo\/\",\"name\":\"\u27a1\ufe0f Tour privado Ceuta con gu\u00eda oficial privado y vehiculo | Tour Travel & More\",\"isPartOf\":{\"@id\":\"https:\/\/tourtravelandmore.com\/es\/#website\"},\"primaryImageOfPage\":{\"@id\":\"https:\/\/tourtravelandmore.com\/es\/tours\/espana-es\/ceuta-es\/ceuta-actividades-privadas-es\/tour-privado-ceuta-con-guia-oficial-privado-y-vehiculo\/#primaryimage\"},\"image\":{\"@id\":\"https:\/\/tourtravelandmore.com\/es\/tours\/espana-es\/ceuta-es\/ceuta-actividades-privadas-es\/tour-privado-ceuta-con-guia-oficial-privado-y-vehiculo\/#primaryimage\"},\"thumbnailUrl\":\"https:\/\/tourtravelandmore.com\/wp-content\/uploads\/2020\/05\/ceuta-5.jpg\",\"datePublished\":\"2020-05-22T10:05:44+00:00\",\"dateModified\":\"2022-11-22T04:01:57+00:00\",\"description\":\"Aproveche su visita a Ceuta y disfrute de un tour privado a medida para descubrir esta magn\u00edfica ciudad. Gu\u00eda oficial privado y veh\u00edculo a disposici\u00f3n \u2705\",\"breadcrumb\":{\"@id\":\"https:\/\/tourtravelandmore.com\/es\/tours\/espana-es\/ceuta-es\/ceuta-actividades-privadas-es\/tour-privado-ceuta-con-guia-oficial-privado-y-vehiculo\/#breadcrumb\"},\"inLanguage\":\"es\",\"potentialAction\":[{\"@type\":\"ReadAction\",\"target\":[\"https:\/\/tourtravelandmore.com\/es\/tours\/espana-es\/ceuta-es\/ceuta-actividades-privadas-es\/tour-privado-ceuta-con-guia-oficial-privado-y-vehiculo\/\"]}]},{\"@type\":\"ImageObject\",\"inLanguage\":\"es\",\"@id\":\"https:\/\/tourtravelandmore.com\/es\/tours\/espana-es\/ceuta-es\/ceuta-actividades-privadas-es\/tour-privado-ceuta-con-guia-oficial-privado-y-vehiculo\/#primaryimage\",\"url\":\"https:\/\/tourtravelandmore.com\/wp-content\/uploads\/2020\/05\/ceuta-5.jpg\",\"contentUrl\":\"https:\/\/tourtravelandmore.com\/wp-content\/uploads\/2020\/05\/ceuta-5.jpg\",\"width\":2560,\"height\":1707},{\"@type\":\"BreadcrumbList\",\"@id\":\"https:\/\/tourtravelandmore.com\/es\/tours\/espana-es\/ceuta-es\/ceuta-actividades-privadas-es\/tour-privado-ceuta-con-guia-oficial-privado-y-vehiculo\/#breadcrumb\",\"itemListElement\":[{\"@type\":\"ListItem\",\"position\":1,\"name\":\"Home\",\"item\":\"https:\/\/tourtravelandmore.com\/es\/\"},{\"@type\":\"ListItem\",\"position\":2,\"name\":\"Tours\",\"item\":\"https:\/\/tourtravelandmore.com\/es\/tours\/\"},{\"@type\":\"ListItem\",\"position\":3,\"name\":\"Tour privado Ceuta desde la terminal de Cruceros\"}]},{\"@type\":\"WebSite\",\"@id\":\"https:\/\/tourtravelandmore.com\/es\/#website\",\"url\":\"https:\/\/tourtravelandmore.com\/es\/\",\"name\":\"Tour Travel And More\",\"description\":\"Private sightseeing tours and luxury transfers in Spain\",\"publisher\":{\"@id\":\"https:\/\/tourtravelandmore.com\/es\/#organization\"},\"potentialAction\":[{\"@type\":\"SearchAction\",\"target\":{\"@type\":\"EntryPoint\",\"urlTemplate\":\"https:\/\/tourtravelandmore.com\/es\/?s={search_term_string}\"},\"query-input\":{\"@type\":\"PropertyValueSpecification\",\"valueRequired\":true,\"valueName\":\"search_term_string\"}}],\"inLanguage\":\"es\"},{\"@type\":\"Organization\",\"@id\":\"https:\/\/tourtravelandmore.com\/es\/#organization\",\"name\":\"Tour Travel And More\",\"url\":\"https:\/\/tourtravelandmore.com\/es\/\",\"logo\":{\"@type\":\"ImageObject\",\"inLanguage\":\"es\",\"@id\":\"https:\/\/tourtravelandmore.com\/es\/#\/schema\/logo\/image\/\",\"url\":\"https:\/\/tourtravelandmore.com\/wp-content\/uploads\/2022\/12\/cropped-logo-cabecera-new.png\",\"contentUrl\":\"https:\/\/tourtravelandmore.com\/wp-content\/uploads\/2022\/12\/cropped-logo-cabecera-new.png\",\"width\":430,\"height\":61,\"caption\":\"Tour Travel And More\"},\"image\":{\"@id\":\"https:\/\/tourtravelandmore.com\/es\/#\/schema\/logo\/image\/\"},\"sameAs\":[\"https:\/\/www.facebook.com\/tourtravelandmore\/\",\"https:\/\/x.com\/TourTravel_More\"]}]}<\/script>\n<!-- \/ Yoast SEO Premium plugin. -->","yoast_head_json":{"title":"\u27a1\ufe0f Tour privado Ceuta con gu\u00eda oficial privado y vehiculo | Tour Travel & More","description":"Aproveche su visita a Ceuta y disfrute de un tour privado a medida para descubrir esta magn\u00edfica ciudad. Gu\u00eda oficial privado y veh\u00edculo a disposici\u00f3n \u2705","robots":{"index":"index","follow":"follow","max-snippet":"max-snippet:-1","max-image-preview":"max-image-preview:large","max-video-preview":"max-video-preview:-1"},"canonical":"https:\/\/tourtravelandmore.com\/es\/tours\/espana-es\/ceuta-es\/ceuta-actividades-privadas-es\/tour-privado-ceuta-con-guia-oficial-privado-y-vehiculo\/","og_locale":"es_ES","og_type":"article","og_title":"Tour privado Ceuta desde la terminal de Cruceros","og_description":"Aproveche su visita a Ceuta y disfrute de un tour privado a medida para descubrir esta magn\u00edfica ciudad. Gu\u00eda oficial privado y veh\u00edculo a disposici\u00f3n \u2705","og_url":"https:\/\/tourtravelandmore.com\/es\/tours\/espana-es\/ceuta-es\/ceuta-actividades-privadas-es\/tour-privado-ceuta-con-guia-oficial-privado-y-vehiculo\/","og_site_name":"Tour Travel And More","article_publisher":"https:\/\/www.facebook.com\/tourtravelandmore\/","article_modified_time":"2022-11-22T04:01:57+00:00","og_image":[{"width":2560,"height":1707,"url":"https:\/\/tourtravelandmore.com\/wp-content\/uploads\/2020\/05\/ceuta-5.jpg","type":"image\/jpeg"}],"twitter_card":"summary_large_image","twitter_site":"@TourTravel_More","twitter_misc":{"Tiempo de lectura":"3 minutos"},"schema":{"@context":"https:\/\/schema.org","@graph":[{"@type":"WebPage","@id":"https:\/\/tourtravelandmore.com\/es\/tours\/espana-es\/ceuta-es\/ceuta-actividades-privadas-es\/tour-privado-ceuta-con-guia-oficial-privado-y-vehiculo\/","url":"https:\/\/tourtravelandmore.com\/es\/tours\/espana-es\/ceuta-es\/ceuta-actividades-privadas-es\/tour-privado-ceuta-con-guia-oficial-privado-y-vehiculo\/","name":"\u27a1\ufe0f Tour privado Ceuta con gu\u00eda oficial privado y vehiculo | Tour Travel & More","isPartOf":{"@id":"https:\/\/tourtravelandmore.com\/es\/#website"},"primaryImageOfPage":{"@id":"https:\/\/tourtravelandmore.com\/es\/tours\/espana-es\/ceuta-es\/ceuta-actividades-privadas-es\/tour-privado-ceuta-con-guia-oficial-privado-y-vehiculo\/#primaryimage"},"image":{"@id":"https:\/\/tourtravelandmore.com\/es\/tours\/espana-es\/ceuta-es\/ceuta-actividades-privadas-es\/tour-privado-ceuta-con-guia-oficial-privado-y-vehiculo\/#primaryimage"},"thumbnailUrl":"https:\/\/tourtravelandmore.com\/wp-content\/uploads\/2020\/05\/ceuta-5.jpg","datePublished":"2020-05-22T10:05:44+00:00","dateModified":"2022-11-22T04:01:57+00:00","description":"Aproveche su visita a Ceuta y disfrute de un tour privado a medida para descubrir esta magn\u00edfica ciudad. Gu\u00eda oficial privado y veh\u00edculo a disposici\u00f3n \u2705","breadcrumb":{"@id":"https:\/\/tourtravelandmore.com\/es\/tours\/espana-es\/ceuta-es\/ceuta-actividades-privadas-es\/tour-privado-ceuta-con-guia-oficial-privado-y-vehiculo\/#breadcrumb"},"inLanguage":"es","potentialAction":[{"@type":"ReadAction","target":["https:\/\/tourtravelandmore.com\/es\/tours\/espana-es\/ceuta-es\/ceuta-actividades-privadas-es\/tour-privado-ceuta-con-guia-oficial-privado-y-vehiculo\/"]}]},{"@type":"ImageObject","inLanguage":"es","@id":"https:\/\/tourtravelandmore.com\/es\/tours\/espana-es\/ceuta-es\/ceuta-actividades-privadas-es\/tour-privado-ceuta-con-guia-oficial-privado-y-vehiculo\/#primaryimage","url":"https:\/\/tourtravelandmore.com\/wp-content\/uploads\/2020\/05\/ceuta-5.jpg","contentUrl":"https:\/\/tourtravelandmore.com\/wp-content\/uploads\/2020\/05\/ceuta-5.jpg","width":2560,"height":1707},{"@type":"BreadcrumbList","@id":"https:\/\/tourtravelandmore.com\/es\/tours\/espana-es\/ceuta-es\/ceuta-actividades-privadas-es\/tour-privado-ceuta-con-guia-oficial-privado-y-vehiculo\/#breadcrumb","itemListElement":[{"@type":"ListItem","position":1,"name":"Home","item":"https:\/\/tourtravelandmore.com\/es\/"},{"@type":"ListItem","position":2,"name":"Tours","item":"https:\/\/tourtravelandmore.com\/es\/tours\/"},{"@type":"ListItem","position":3,"name":"Tour privado Ceuta desde la terminal de Cruceros"}]},{"@type":"WebSite","@id":"https:\/\/tourtravelandmore.com\/es\/#website","url":"https:\/\/tourtravelandmore.com\/es\/","name":"Tour Travel And More","description":"Private sightseeing tours and luxury transfers in Spain","publisher":{"@id":"https:\/\/tourtravelandmore.com\/es\/#organization"},"potentialAction":[{"@type":"SearchAction","target":{"@type":"EntryPoint","urlTemplate":"https:\/\/tourtravelandmore.com\/es\/?s={search_term_string}"},"query-input":{"@type":"PropertyValueSpecification","valueRequired":true,"valueName":"search_term_string"}}],"inLanguage":"es"},{"@type":"Organization","@id":"https:\/\/tourtravelandmore.com\/es\/#organization","name":"Tour Travel And More","url":"https:\/\/tourtravelandmore.com\/es\/","logo":{"@type":"ImageObject","inLanguage":"es","@id":"https:\/\/tourtravelandmore.com\/es\/#\/schema\/logo\/image\/","url":"https:\/\/tourtravelandmore.com\/wp-content\/uploads\/2022\/12\/cropped-logo-cabecera-new.png","contentUrl":"https:\/\/tourtravelandmore.com\/wp-content\/uploads\/2022\/12\/cropped-logo-cabecera-new.png","width":430,"height":61,"caption":"Tour Travel And More"},"image":{"@id":"https:\/\/tourtravelandmore.com\/es\/#\/schema\/logo\/image\/"},"sameAs":["https:\/\/www.facebook.com\/tourtravelandmore\/","https:\/\/x.com\/TourTravel_More"]}]}},"_links":{"self":[{"href":"https:\/\/tourtravelandmore.com\/es\/wp-json\/wp\/v2\/product\/79922","targetHints":{"allow":["GET"]}}],"collection":[{"href":"https:\/\/tourtravelandmore.com\/es\/wp-json\/wp\/v2\/product"}],"about":[{"href":"https:\/\/tourtravelandmore.com\/es\/wp-json\/wp\/v2\/types\/product"}],"replies":[{"embeddable":true,"href":"https:\/\/tourtravelandmore.com\/es\/wp-json\/wp\/v2\/comments?post=79922"}],"wp:featuredmedia":[{"embeddable":true,"href":"https:\/\/tourtravelandmore.com\/es\/wp-json\/wp\/v2\/media\/79911"}],"wp:attachment":[{"href":"https:\/\/tourtravelandmore.com\/es\/wp-json\/wp\/v2\/media?parent=79922"}],"wp:term":[{"taxonomy":"product_brand","embeddable":true,"href":"https:\/\/tourtravelandmore.com\/es\/wp-json\/wp\/v2\/product_brand?post=79922"},{"taxonomy":"product_cat","embeddable":true,"href":"https:\/\/tourtravelandmore.com\/es\/wp-json\/wp\/v2\/product_cat?post=79922"},{"taxonomy":"product_tag","embeddable":true,"href":"https:\/\/tourtravelandmore.com\/es\/wp-json\/wp\/v2\/product_tag?post=79922"}],"curies":[{"name":"wp","href":"https:\/\/api.w.org\/{rel}","templated":true}]}}