{"id":79887,"date":"2020-05-22T11:05:32","date_gmt":"2020-05-22T09:05:32","guid":{"rendered":"https:\/\/tourtravelandmore.com\/?post_type=product&#038;p=79887"},"modified":"2022-11-22T05:01:11","modified_gmt":"2022-11-22T04:01:11","slug":"tour-a-pie-ceuta-tour-privado-con-guia-oficial-y-recogida","status":"publish","type":"product","link":"https:\/\/tourtravelandmore.com\/es\/tours\/espana-es\/ceuta-es\/ceuta-actividades-privadas-es\/tour-a-pie-ceuta-tour-privado-con-guia-oficial-y-recogida\/","title":{"rendered":"Tour Privado a Pie por Ceuta con gu\u00eda oficial"},"content":{"rendered":"<h2><strong>Descripci\u00f3n del Tour Privado a Pie por Ceuta con gu\u00eda oficial<\/strong><\/h2>\n<p><span style=\"font-weight: 400;\">Disfruta de un tour a pie de Ceuta con gu\u00eda oficial privado. Descubre est\u00e1 maravillosa ciudad <\/span><span style=\"font-weight: 400;\">e<\/span><span style=\"font-weight: 400;\">spa\u00f1ola<\/span><span style=\"font-weight: 400;\"> en la costa norte de <\/span><b>\u00c1frica<\/b><span style=\"font-weight: 400;\">. Limitada por Marruecos, se encuentra a lo largo de la frontera entre el <\/span><b>Mar Mediterr\u00e1neo<\/b><span style=\"font-weight: 400;\"> y el <\/span><b>Oc\u00e9ano Atl\u00e1ntico<\/b><span style=\"font-weight: 400;\"> y es uno de los nueve territorios espa\u00f1oles poblados en \u00c1frica.\u00a0<\/span><\/p>\n<p><span style=\"font-weight: 400;\">Originalmente, era parte de la provincia de C\u00e1diz hasta marzo de 1995, pero desde entonces, los <\/span><i><span style=\"font-weight: 400;\">Estatutos de Autonom\u00eda<\/span><\/i><span style=\"font-weight: 400;\"> fueron aprobados tanto para Ceuta como para Melilla.<\/span><\/p>\n<p><b>Ceuta<\/b><span style=\"font-weight: 400;\">, como <\/span><b>Melilla<\/b><span style=\"font-weight: 400;\"> y las <\/span><b>Islas Canarias<\/b><span style=\"font-weight: 400;\">, fueron clasificadas como puerto libre antes de que Espa\u00f1a se uniera a la Uni\u00f3n Europea. Su poblaci\u00f3n est\u00e1 compuesta por cristianos, musulmanes y peque\u00f1as minor\u00edas de jud\u00edos, sefard\u00edes y \u00e9tnicos hind\u00faes sindhi.<\/span><\/p>\n<p><span style=\"font-weight: 400;\">El idioma oficial de Ceuta es el espa\u00f1ol, pero como la poblaci\u00f3n tambi\u00e9n es marroqu\u00ed, el 40-50% de la poblaci\u00f3n habla \u00e1rabe Darija.<\/span><\/p>\n<p><span style=\"font-weight: 400;\">Junto con su <\/span><b>gu\u00eda tur\u00edstico oficial privado<\/b><span style=\"font-weight: 400;\">, descubrir\u00e1 las incre\u00edbles murallas reales de Ceuta, disfrutar\u00e1 de las hermosas vistas de la costa y aprender\u00e1 sobre la historia que resuena en sus calles.<\/span><\/p>\n<p>La duraci\u00f3n de este tour a pie de Ceuta es de 2 horas. El tour es completamente privado, pueden escoger la hora de comienzo.<\/p>\n<h2><b>Puntos de inter\u00e9s en el Tour Privado a Pie por Ceuta con gu\u00eda oficial<br \/>\n<\/b><\/h2>\n<p><span style=\"font-weight: 400;\">Su <\/span><b>gu\u00eda oficial privado<\/b><span style=\"font-weight: 400;\"> lo recoger\u00e1 en su hotel ubicado en el centro de Ceuta (en caso de que no se encuentre en un lugar c\u00e9ntrico, arreglaremos un punto de encuentro) para tour a pie Ceuta con gu\u00eda oficial.<br \/>\n<\/span><\/p>\n<p><span style=\"font-weight: 400;\">Aunque el itinerario se har\u00e1 a su medida, hay ciertos sitios que no puede perderse en Ceuta, como las <\/span><b>Murallas Reales y la Fosa Navegable<\/b><span style=\"font-weight: 400;\">. Los muros de Ceuta se construyeron durante diferentes per\u00edodos, siendo la parte m\u00e1s antigua de finales del siglo X y la parte m\u00e1s moderna del siglo XVIII.<\/span><\/p>\n<p><span style=\"font-weight: 400;\">Luego, continuar\u00e1 visitando la <\/span><b>Catedral de la Asunci\u00f3n<\/b><span style=\"font-weight: 400;\">, la actual Catedral de Ceuta fue construida sobre los restos de una mezquita, un legado de la \u00e9poca de la dominaci\u00f3n \u00e1rabe.<\/span><\/p>\n<p><span style=\"font-weight: 400;\">Caminando por el <\/span><b>paseo Camoens<\/b><span style=\"font-weight: 400;\"> llegar\u00e1s a la <\/span><b>&#8220;Plaza de los Reyes&#8221;<\/b><span style=\"font-weight: 400;\"> y te sorprender\u00e1 una casa de fachada blanca en la que los dragones ocupan sus balcones y terrazas, esta es la maravillosa <\/span><b>Casa del Drag\u00f3n<\/b><span style=\"font-weight: 400;\">.<\/span><\/p>\n<p><span style=\"font-weight: 400;\">La pr\u00f3xima parada ser\u00e1 el <\/span><b>Casino de Ceuta<\/b><span style=\"font-weight: 400;\">, que se encuentra en el hermoso entorno natural del <\/span><b>Parque Mar\u00edtimo<\/b><span style=\"font-weight: 400;\"> de la ciudad, rodeado de piscinas y exuberante vegetaci\u00f3n.<\/span><\/p>\n<p><span style=\"font-weight: 400;\">Finalmente, caminar\u00e1 por el <\/span><b>Paseo de las Palmeras<\/b><span style=\"font-weight: 400;\">, que se extiende desde la <\/span><b>Plaza de \u00c1frica<\/b><span style=\"font-weight: 400;\"> \u200b\u200ben las cercan\u00edas del Puente del Cristo hasta la <\/span><b>Plaza de la Constituci\u00f3n<\/b><span style=\"font-weight: 400;\">. Durante este recorrido, podr\u00e1 admirar la incre\u00edble vista que ofrece este paseo costero.<\/span><\/p>\n<p><span style=\"font-weight: 400;\">Su gu\u00eda oficial lo dejar\u00e1 en un lugar central de Ceuta despu\u00e9s de la visita guiada de 2 horas.<\/span><\/p>\n<p>Si dispone de m\u00e1s d\u00edas en Ceuta, puedes consultar <a href=\"https:\/\/tourtravelandmore.com\/es\/ciudad\/espana-es\/ceuta-es\/\"><strong>aqu\u00ed<\/strong><\/a><strong>,<\/strong> los tours privados de la ciudad.<\/p>\n","protected":false},"excerpt":{"rendered":"<p>Descubre la ciudad de Ceuta, gracias a este tour privado a pie con su gu\u00eda oficial. Descubre est\u00e1 maravillosa ciudad espa\u00f1ola en la costa norte de <b>\u00c1frica<\/b>. Limitada por Marruecos, se encuentra a lo largo de la frontera entre el <b>Mar Mediterr\u00e1neo<\/b> y el <b>Oc\u00e9ano Atl\u00e1ntico<\/b> y es uno de los nueve territorios espa\u00f1oles poblados en \u00c1frica.<\/p>\n","protected":false},"featured_media":79903,"comment_status":"open","ping_status":"closed","template":"","meta":{"_acf_changed":false},"product_brand":[],"product_cat":[2254,2258,2262],"product_tag":[],"class_list":{"0":"post-79887","1":"product","2":"type-product","3":"status-publish","4":"has-post-thumbnail","6":"product_cat-ceuta-es","7":"product_cat-ceuta-actividades-privadas-es","8":"product_cat-ceuta-tours-a-pie-es","10":"first","11":"instock","12":"shipping-taxable","13":"purchasable","14":"product-type-simple"},"acf":[],"yoast_head":"<!-- This site is optimized with the Yoast SEO Premium plugin v25.3.1 (Yoast SEO v25.3.1) - https:\/\/yoast.com\/wordpress\/plugins\/seo\/ -->\n<title>\u27a1\ufe0f Tour a pie Ceuta - Tour privado con gu\u00eda oficial y recogida | Tour Travel &amp; More<\/title>\n<meta name=\"description\" content=\"Disfruta de este tour a pie Ceuta, con su gu\u00eda oficial privado. Descubre est\u00e1 maravillosa ciudad espa\u00f1ola en la costa de \u00c1frica. Limitada por Marruecos \u2705\" \/>\n<meta name=\"robots\" content=\"index, follow, max-snippet:-1, max-image-preview:large, max-video-preview:-1\" \/>\n<link rel=\"canonical\" href=\"https:\/\/tourtravelandmore.com\/es\/tours\/espana-es\/ceuta-es\/ceuta-actividades-privadas-es\/tour-a-pie-ceuta-tour-privado-con-guia-oficial-y-recogida\/\" \/>\n<meta property=\"og:locale\" content=\"es_ES\" \/>\n<meta property=\"og:type\" content=\"article\" \/>\n<meta property=\"og:title\" content=\"Tour Privado a Pie por Ceuta con gu\u00eda oficial\" \/>\n<meta property=\"og:description\" content=\"Disfruta de este tour a pie Ceuta, con su gu\u00eda oficial privado. Descubre est\u00e1 maravillosa ciudad espa\u00f1ola en la costa de \u00c1frica. Limitada por Marruecos \u2705\" \/>\n<meta property=\"og:url\" content=\"https:\/\/tourtravelandmore.com\/es\/tours\/espana-es\/ceuta-es\/ceuta-actividades-privadas-es\/tour-a-pie-ceuta-tour-privado-con-guia-oficial-y-recogida\/\" \/>\n<meta property=\"og:site_name\" content=\"Tour Travel And More\" \/>\n<meta property=\"article:publisher\" content=\"https:\/\/www.facebook.com\/tourtravelandmore\/\" \/>\n<meta property=\"article:modified_time\" content=\"2022-11-22T04:01:11+00:00\" \/>\n<meta property=\"og:image\" content=\"https:\/\/tourtravelandmore.com\/wp-content\/uploads\/2020\/05\/ceuta-1-1024x824.jpg\" \/>\n\t<meta property=\"og:image:width\" content=\"1024\" \/>\n\t<meta property=\"og:image:height\" content=\"824\" \/>\n\t<meta property=\"og:image:type\" content=\"image\/jpeg\" \/>\n<meta name=\"twitter:card\" content=\"summary_large_image\" \/>\n<meta name=\"twitter:site\" content=\"@TourTravel_More\" \/>\n<meta name=\"twitter:label1\" content=\"Tiempo de lectura\" \/>\n\t<meta name=\"twitter:data1\" content=\"3 minutos\" \/>\n<script type=\"application\/ld+json\" class=\"yoast-schema-graph\">{\"@context\":\"https:\/\/schema.org\",\"@graph\":[{\"@type\":\"WebPage\",\"@id\":\"https:\/\/tourtravelandmore.com\/es\/tours\/espana-es\/ceuta-es\/ceuta-actividades-privadas-es\/tour-a-pie-ceuta-tour-privado-con-guia-oficial-y-recogida\/\",\"url\":\"https:\/\/tourtravelandmore.com\/es\/tours\/espana-es\/ceuta-es\/ceuta-actividades-privadas-es\/tour-a-pie-ceuta-tour-privado-con-guia-oficial-y-recogida\/\",\"name\":\"\u27a1\ufe0f Tour a pie Ceuta - Tour privado con gu\u00eda oficial y recogida | Tour Travel & More\",\"isPartOf\":{\"@id\":\"https:\/\/tourtravelandmore.com\/es\/#website\"},\"primaryImageOfPage\":{\"@id\":\"https:\/\/tourtravelandmore.com\/es\/tours\/espana-es\/ceuta-es\/ceuta-actividades-privadas-es\/tour-a-pie-ceuta-tour-privado-con-guia-oficial-y-recogida\/#primaryimage\"},\"image\":{\"@id\":\"https:\/\/tourtravelandmore.com\/es\/tours\/espana-es\/ceuta-es\/ceuta-actividades-privadas-es\/tour-a-pie-ceuta-tour-privado-con-guia-oficial-y-recogida\/#primaryimage\"},\"thumbnailUrl\":\"https:\/\/tourtravelandmore.com\/wp-content\/uploads\/2020\/05\/ceuta-1.jpg\",\"datePublished\":\"2020-05-22T09:05:32+00:00\",\"dateModified\":\"2022-11-22T04:01:11+00:00\",\"description\":\"Disfruta de este tour a pie Ceuta, con su gu\u00eda oficial privado. Descubre est\u00e1 maravillosa ciudad espa\u00f1ola en la costa de \u00c1frica. Limitada por Marruecos \u2705\",\"breadcrumb\":{\"@id\":\"https:\/\/tourtravelandmore.com\/es\/tours\/espana-es\/ceuta-es\/ceuta-actividades-privadas-es\/tour-a-pie-ceuta-tour-privado-con-guia-oficial-y-recogida\/#breadcrumb\"},\"inLanguage\":\"es\",\"potentialAction\":[{\"@type\":\"ReadAction\",\"target\":[\"https:\/\/tourtravelandmore.com\/es\/tours\/espana-es\/ceuta-es\/ceuta-actividades-privadas-es\/tour-a-pie-ceuta-tour-privado-con-guia-oficial-y-recogida\/\"]}]},{\"@type\":\"ImageObject\",\"inLanguage\":\"es\",\"@id\":\"https:\/\/tourtravelandmore.com\/es\/tours\/espana-es\/ceuta-es\/ceuta-actividades-privadas-es\/tour-a-pie-ceuta-tour-privado-con-guia-oficial-y-recogida\/#primaryimage\",\"url\":\"https:\/\/tourtravelandmore.com\/wp-content\/uploads\/2020\/05\/ceuta-1.jpg\",\"contentUrl\":\"https:\/\/tourtravelandmore.com\/wp-content\/uploads\/2020\/05\/ceuta-1.jpg\",\"width\":2560,\"height\":2059},{\"@type\":\"BreadcrumbList\",\"@id\":\"https:\/\/tourtravelandmore.com\/es\/tours\/espana-es\/ceuta-es\/ceuta-actividades-privadas-es\/tour-a-pie-ceuta-tour-privado-con-guia-oficial-y-recogida\/#breadcrumb\",\"itemListElement\":[{\"@type\":\"ListItem\",\"position\":1,\"name\":\"Home\",\"item\":\"https:\/\/tourtravelandmore.com\/es\/\"},{\"@type\":\"ListItem\",\"position\":2,\"name\":\"Tours\",\"item\":\"https:\/\/tourtravelandmore.com\/es\/tours\/\"},{\"@type\":\"ListItem\",\"position\":3,\"name\":\"Tour Privado a Pie por Ceuta con gu\u00eda oficial\"}]},{\"@type\":\"WebSite\",\"@id\":\"https:\/\/tourtravelandmore.com\/es\/#website\",\"url\":\"https:\/\/tourtravelandmore.com\/es\/\",\"name\":\"Tour Travel And More\",\"description\":\"Private sightseeing tours and luxury transfers in Spain\",\"publisher\":{\"@id\":\"https:\/\/tourtravelandmore.com\/es\/#organization\"},\"potentialAction\":[{\"@type\":\"SearchAction\",\"target\":{\"@type\":\"EntryPoint\",\"urlTemplate\":\"https:\/\/tourtravelandmore.com\/es\/?s={search_term_string}\"},\"query-input\":{\"@type\":\"PropertyValueSpecification\",\"valueRequired\":true,\"valueName\":\"search_term_string\"}}],\"inLanguage\":\"es\"},{\"@type\":\"Organization\",\"@id\":\"https:\/\/tourtravelandmore.com\/es\/#organization\",\"name\":\"Tour Travel And More\",\"url\":\"https:\/\/tourtravelandmore.com\/es\/\",\"logo\":{\"@type\":\"ImageObject\",\"inLanguage\":\"es\",\"@id\":\"https:\/\/tourtravelandmore.com\/es\/#\/schema\/logo\/image\/\",\"url\":\"https:\/\/tourtravelandmore.com\/wp-content\/uploads\/2022\/12\/cropped-logo-cabecera-new.png\",\"contentUrl\":\"https:\/\/tourtravelandmore.com\/wp-content\/uploads\/2022\/12\/cropped-logo-cabecera-new.png\",\"width\":430,\"height\":61,\"caption\":\"Tour Travel And More\"},\"image\":{\"@id\":\"https:\/\/tourtravelandmore.com\/es\/#\/schema\/logo\/image\/\"},\"sameAs\":[\"https:\/\/www.facebook.com\/tourtravelandmore\/\",\"https:\/\/x.com\/TourTravel_More\"]}]}<\/script>\n<!-- \/ Yoast SEO Premium plugin. -->","yoast_head_json":{"title":"\u27a1\ufe0f Tour a pie Ceuta - Tour privado con gu\u00eda oficial y recogida | Tour Travel & More","description":"Disfruta de este tour a pie Ceuta, con su gu\u00eda oficial privado. Descubre est\u00e1 maravillosa ciudad espa\u00f1ola en la costa de \u00c1frica. Limitada por Marruecos \u2705","robots":{"index":"index","follow":"follow","max-snippet":"max-snippet:-1","max-image-preview":"max-image-preview:large","max-video-preview":"max-video-preview:-1"},"canonical":"https:\/\/tourtravelandmore.com\/es\/tours\/espana-es\/ceuta-es\/ceuta-actividades-privadas-es\/tour-a-pie-ceuta-tour-privado-con-guia-oficial-y-recogida\/","og_locale":"es_ES","og_type":"article","og_title":"Tour Privado a Pie por Ceuta con gu\u00eda oficial","og_description":"Disfruta de este tour a pie Ceuta, con su gu\u00eda oficial privado. Descubre est\u00e1 maravillosa ciudad espa\u00f1ola en la costa de \u00c1frica. Limitada por Marruecos \u2705","og_url":"https:\/\/tourtravelandmore.com\/es\/tours\/espana-es\/ceuta-es\/ceuta-actividades-privadas-es\/tour-a-pie-ceuta-tour-privado-con-guia-oficial-y-recogida\/","og_site_name":"Tour Travel And More","article_publisher":"https:\/\/www.facebook.com\/tourtravelandmore\/","article_modified_time":"2022-11-22T04:01:11+00:00","og_image":[{"width":1024,"height":824,"url":"https:\/\/tourtravelandmore.com\/wp-content\/uploads\/2020\/05\/ceuta-1-1024x824.jpg","type":"image\/jpeg"}],"twitter_card":"summary_large_image","twitter_site":"@TourTravel_More","twitter_misc":{"Tiempo de lectura":"3 minutos"},"schema":{"@context":"https:\/\/schema.org","@graph":[{"@type":"WebPage","@id":"https:\/\/tourtravelandmore.com\/es\/tours\/espana-es\/ceuta-es\/ceuta-actividades-privadas-es\/tour-a-pie-ceuta-tour-privado-con-guia-oficial-y-recogida\/","url":"https:\/\/tourtravelandmore.com\/es\/tours\/espana-es\/ceuta-es\/ceuta-actividades-privadas-es\/tour-a-pie-ceuta-tour-privado-con-guia-oficial-y-recogida\/","name":"\u27a1\ufe0f Tour a pie Ceuta - Tour privado con gu\u00eda oficial y recogida | Tour Travel & More","isPartOf":{"@id":"https:\/\/tourtravelandmore.com\/es\/#website"},"primaryImageOfPage":{"@id":"https:\/\/tourtravelandmore.com\/es\/tours\/espana-es\/ceuta-es\/ceuta-actividades-privadas-es\/tour-a-pie-ceuta-tour-privado-con-guia-oficial-y-recogida\/#primaryimage"},"image":{"@id":"https:\/\/tourtravelandmore.com\/es\/tours\/espana-es\/ceuta-es\/ceuta-actividades-privadas-es\/tour-a-pie-ceuta-tour-privado-con-guia-oficial-y-recogida\/#primaryimage"},"thumbnailUrl":"https:\/\/tourtravelandmore.com\/wp-content\/uploads\/2020\/05\/ceuta-1.jpg","datePublished":"2020-05-22T09:05:32+00:00","dateModified":"2022-11-22T04:01:11+00:00","description":"Disfruta de este tour a pie Ceuta, con su gu\u00eda oficial privado. Descubre est\u00e1 maravillosa ciudad espa\u00f1ola en la costa de \u00c1frica. Limitada por Marruecos \u2705","breadcrumb":{"@id":"https:\/\/tourtravelandmore.com\/es\/tours\/espana-es\/ceuta-es\/ceuta-actividades-privadas-es\/tour-a-pie-ceuta-tour-privado-con-guia-oficial-y-recogida\/#breadcrumb"},"inLanguage":"es","potentialAction":[{"@type":"ReadAction","target":["https:\/\/tourtravelandmore.com\/es\/tours\/espana-es\/ceuta-es\/ceuta-actividades-privadas-es\/tour-a-pie-ceuta-tour-privado-con-guia-oficial-y-recogida\/"]}]},{"@type":"ImageObject","inLanguage":"es","@id":"https:\/\/tourtravelandmore.com\/es\/tours\/espana-es\/ceuta-es\/ceuta-actividades-privadas-es\/tour-a-pie-ceuta-tour-privado-con-guia-oficial-y-recogida\/#primaryimage","url":"https:\/\/tourtravelandmore.com\/wp-content\/uploads\/2020\/05\/ceuta-1.jpg","contentUrl":"https:\/\/tourtravelandmore.com\/wp-content\/uploads\/2020\/05\/ceuta-1.jpg","width":2560,"height":2059},{"@type":"BreadcrumbList","@id":"https:\/\/tourtravelandmore.com\/es\/tours\/espana-es\/ceuta-es\/ceuta-actividades-privadas-es\/tour-a-pie-ceuta-tour-privado-con-guia-oficial-y-recogida\/#breadcrumb","itemListElement":[{"@type":"ListItem","position":1,"name":"Home","item":"https:\/\/tourtravelandmore.com\/es\/"},{"@type":"ListItem","position":2,"name":"Tours","item":"https:\/\/tourtravelandmore.com\/es\/tours\/"},{"@type":"ListItem","position":3,"name":"Tour Privado a Pie por Ceuta con gu\u00eda oficial"}]},{"@type":"WebSite","@id":"https:\/\/tourtravelandmore.com\/es\/#website","url":"https:\/\/tourtravelandmore.com\/es\/","name":"Tour Travel And More","description":"Private sightseeing tours and luxury transfers in Spain","publisher":{"@id":"https:\/\/tourtravelandmore.com\/es\/#organization"},"potentialAction":[{"@type":"SearchAction","target":{"@type":"EntryPoint","urlTemplate":"https:\/\/tourtravelandmore.com\/es\/?s={search_term_string}"},"query-input":{"@type":"PropertyValueSpecification","valueRequired":true,"valueName":"search_term_string"}}],"inLanguage":"es"},{"@type":"Organization","@id":"https:\/\/tourtravelandmore.com\/es\/#organization","name":"Tour Travel And More","url":"https:\/\/tourtravelandmore.com\/es\/","logo":{"@type":"ImageObject","inLanguage":"es","@id":"https:\/\/tourtravelandmore.com\/es\/#\/schema\/logo\/image\/","url":"https:\/\/tourtravelandmore.com\/wp-content\/uploads\/2022\/12\/cropped-logo-cabecera-new.png","contentUrl":"https:\/\/tourtravelandmore.com\/wp-content\/uploads\/2022\/12\/cropped-logo-cabecera-new.png","width":430,"height":61,"caption":"Tour Travel And More"},"image":{"@id":"https:\/\/tourtravelandmore.com\/es\/#\/schema\/logo\/image\/"},"sameAs":["https:\/\/www.facebook.com\/tourtravelandmore\/","https:\/\/x.com\/TourTravel_More"]}]}},"_links":{"self":[{"href":"https:\/\/tourtravelandmore.com\/es\/wp-json\/wp\/v2\/product\/79887","targetHints":{"allow":["GET"]}}],"collection":[{"href":"https:\/\/tourtravelandmore.com\/es\/wp-json\/wp\/v2\/product"}],"about":[{"href":"https:\/\/tourtravelandmore.com\/es\/wp-json\/wp\/v2\/types\/product"}],"replies":[{"embeddable":true,"href":"https:\/\/tourtravelandmore.com\/es\/wp-json\/wp\/v2\/comments?post=79887"}],"wp:featuredmedia":[{"embeddable":true,"href":"https:\/\/tourtravelandmore.com\/es\/wp-json\/wp\/v2\/media\/79903"}],"wp:attachment":[{"href":"https:\/\/tourtravelandmore.com\/es\/wp-json\/wp\/v2\/media?parent=79887"}],"wp:term":[{"taxonomy":"product_brand","embeddable":true,"href":"https:\/\/tourtravelandmore.com\/es\/wp-json\/wp\/v2\/product_brand?post=79887"},{"taxonomy":"product_cat","embeddable":true,"href":"https:\/\/tourtravelandmore.com\/es\/wp-json\/wp\/v2\/product_cat?post=79887"},{"taxonomy":"product_tag","embeddable":true,"href":"https:\/\/tourtravelandmore.com\/es\/wp-json\/wp\/v2\/product_tag?post=79887"}],"curies":[{"name":"wp","href":"https:\/\/api.w.org\/{rel}","templated":true}]}}