{"id":79841,"date":"2020-05-20T16:34:52","date_gmt":"2020-05-20T14:34:52","guid":{"rendered":"https:\/\/tourtravelandmore.com\/?post_type=product&#038;p=79841"},"modified":"2022-12-31T03:47:37","modified_gmt":"2022-12-31T02:47:37","slug":"traslado-en-motril-traslado-privado-a-cualquier-ciudad-de-andalucia","status":"publish","type":"product","link":"https:\/\/tourtravelandmore.com\/es\/tours\/espana-es\/motril-es\/motril-traslados-privados-es\/traslado-en-motril-traslado-privado-a-cualquier-ciudad-de-andalucia\/","title":{"rendered":"Traslado Privado desde Motril o Puerto de Cruceros a cualquier ciudad de Andaluc\u00eda"},"content":{"rendered":"<h2><strong>Descripci\u00f3n del Traslado Privado desde Motril o Puerto de Cruceros a cualquier ciudad de Andaluc\u00eda<\/strong><\/h2>\n<p><span style=\"font-weight: 400;\">\u00bfNecesita transporte para realizar un Traslado en Motril, desde la <\/span><b>Terminal de Cruceros de Motril<\/b><span style=\"font-weight: 400;\"> a la ciudad de Motril o cualquier ciudad en Andaluc\u00eda?<\/span><\/p>\n<p><span style=\"font-weight: 400;\">Si es as\u00ed, no tendr\u00e1 que preocuparse, en <\/span><b>Tour Travel &amp; More<\/b><span style=\"font-weight: 400;\"> ponemos a su disposici\u00f3n una amplia variedad de veh\u00edculos de lujo con conductor incluido, que lo llevar\u00e1n de cualquier punto A al punto B.<\/span><\/p>\n<p>Adem\u00e1s de Traslados, tambi\u00e9n ofrecemos disposiciones privadas de Veh\u00edculos para ir a pasar el d\u00eda a cualquier ciudad de Andaluc\u00eda. o si lo prefieren puede consultar <a href=\"https:\/\/tourtravelandmore.com\/es\/ciudad\/espana-es\/motril-es\/\"><strong>aqu\u00ed<\/strong><\/a>, nuestro listado de tours privados en Motril.<\/p>\n<p><span style=\"font-weight: 400;\">Si acaba de llegar al puerto de cruceros de Motril en su crucero y necesita ir a su hotel en la ciudad o desea visitar otra ciudad de Andaluc\u00eda en la que nunca haya estado, puede reservar su traslado con nosotros, estaremos encantados en poder asistirte!.<\/span><\/p>\n<p><span style=\"font-weight: 400;\">Podemos trasladar a una sola persona, a toda una familia o grupo de amigos o empleados que est\u00e1n de paseo por tierras Andaluzas. Viajar con nosotros no solo les garantiza estar en el lugar correcto en el momento adecuado, sino que tambi\u00e9n le serviremos como gu\u00edas y le aconsejamos d\u00f3nde comer, qu\u00e9 ver o d\u00f3nde alojarse si est\u00e1 de paso por esta zona de Espa\u00f1a.<\/span><\/p>\n<p><span style=\"font-weight: 400;\">Todo lo que necesita hacer es contactarnos y organizaremos su traslado en Motril, de la mejor manera posible. Solo tiene que proporcionar sus detalles de recogida y devoluci\u00f3n, cu\u00e1ntas personas hay en su grupo y si tiene equipaje consigo, para que podamos decidir qu\u00e9 veh\u00edculo se adapta mejor a su<\/span><b> traslado privado<\/b><span style=\"font-weight: 400;\">.<\/span><\/p>\n<h2>Puntos de inter\u00e9s en el Traslado Privado desde Motril o Puerto de Cruceros a cualquier ciudad de Andaluc\u00eda<\/h2>\n<p><b>Motril<\/b><span style=\"font-weight: 400;\"> es una ciudad y municipio en la<\/span><i><span style=\"font-weight: 400;\"> costa mediterr\u00e1nea<\/span><\/i><span style=\"font-weight: 400;\"> en la provincia de <\/span><b>Granada<\/b><span style=\"font-weight: 400;\">, Espa\u00f1a. Es la segunda ciudad m\u00e1s grande de la provincia. La ciudad est\u00e1 situada cerca del <\/span><i><span style=\"font-weight: 400;\">r\u00edo Guadalfeo<\/span><\/i><span style=\"font-weight: 400;\"> y a 69 km de Granada.<\/span><\/p>\n<p><span style=\"font-weight: 400;\">La principal atracci\u00f3n tur\u00edstica de Motril es una combinaci\u00f3n de su historia y sus excelentes playas. El pueblo tiene un <\/span><b>microclima tropical<\/b><span style=\"font-weight: 400;\">.<\/span><\/p>\n<p><span style=\"font-weight: 400;\">Motril tiene muchos lugares de inter\u00e9s art\u00edstico e hist\u00f3rico. La construcci\u00f3n m\u00e1s antigua conocida en esta ciudad es la <\/span><b>Iglesia Mayor de la Encarnaci\u00f3n<\/b><span style=\"font-weight: 400;\">, que fue construida en 1502 por el cardenal Mendoza.<\/span><\/p>\n","protected":false},"excerpt":{"rendered":"<p>Aproveche esta oportunidad para <strong>llegar a su destino en Motril o Andalusia\u00a0<\/strong>de la manera m\u00e1s c\u00f3moda y r\u00e1pida posible, sin preocupaciones. Nuestros choferes profesionales le estar\u00e1n esperando con un cartel a su nombre. Organizamos recogidas desde su hotel, puerto de cruceros o cualquier lugar de Motril o Andalusia.<\/p>\n","protected":false},"featured_media":59378,"comment_status":"open","ping_status":"closed","template":"","meta":{"_acf_changed":false},"product_brand":[],"product_cat":[1596,2236,2242],"product_tag":[],"class_list":{"0":"post-79841","1":"product","2":"type-product","3":"status-publish","4":"has-post-thumbnail","6":"product_cat-espana-es","7":"product_cat-motril-es","8":"product_cat-motril-traslados-privados-es","10":"first","11":"instock","12":"shipping-taxable","13":"purchasable","14":"product-type-simple"},"acf":[],"yoast_head":"<!-- This site is optimized with the Yoast SEO Premium plugin v25.3.1 (Yoast SEO v25.3.1) - https:\/\/yoast.com\/wordpress\/plugins\/seo\/ -->\n<title>\u27a1\ufe0f Traslado en Motril | Tour Travel &amp; More<\/title>\n<meta name=\"description\" content=\"Disfruta de un Traslado en Motril, con vehiculo privado, para desplazarte a cualquier ciudad de Andalucia, desde su Crucero, Hotel o cualquier lugar \u2705\" \/>\n<meta name=\"robots\" content=\"index, follow, max-snippet:-1, max-image-preview:large, max-video-preview:-1\" \/>\n<link rel=\"canonical\" href=\"https:\/\/tourtravelandmore.com\/es\/tours\/espana-es\/motril-es\/motril-traslados-privados-es\/traslado-en-motril-traslado-privado-a-cualquier-ciudad-de-andalucia\/\" \/>\n<meta property=\"og:locale\" content=\"es_ES\" \/>\n<meta property=\"og:type\" content=\"article\" \/>\n<meta property=\"og:title\" content=\"Traslado Privado desde Motril o Puerto de Cruceros a cualquier ciudad de Andaluc\u00eda\" \/>\n<meta property=\"og:description\" content=\"Disfruta de un Traslado en Motril, con vehiculo privado, para desplazarte a cualquier ciudad de Andalucia, desde su Crucero, Hotel o cualquier lugar \u2705\" \/>\n<meta property=\"og:url\" content=\"https:\/\/tourtravelandmore.com\/es\/tours\/espana-es\/motril-es\/motril-traslados-privados-es\/traslado-en-motril-traslado-privado-a-cualquier-ciudad-de-andalucia\/\" \/>\n<meta property=\"og:site_name\" content=\"Tour Travel And More\" \/>\n<meta property=\"article:publisher\" content=\"https:\/\/www.facebook.com\/tourtravelandmore\/\" \/>\n<meta property=\"article:modified_time\" content=\"2022-12-31T02:47:37+00:00\" \/>\n<meta property=\"og:image\" content=\"https:\/\/tourtravelandmore.com\/wp-content\/uploads\/2016\/11\/TrasladoAlicante-1.png\" \/>\n\t<meta property=\"og:image:width\" content=\"640\" \/>\n\t<meta property=\"og:image:height\" content=\"425\" \/>\n\t<meta property=\"og:image:type\" content=\"image\/png\" \/>\n<meta name=\"twitter:card\" content=\"summary_large_image\" \/>\n<meta name=\"twitter:site\" content=\"@TourTravel_More\" \/>\n<meta name=\"twitter:label1\" content=\"Tiempo de lectura\" \/>\n\t<meta name=\"twitter:data1\" content=\"2 minutos\" \/>\n<script type=\"application\/ld+json\" class=\"yoast-schema-graph\">{\"@context\":\"https:\/\/schema.org\",\"@graph\":[{\"@type\":\"WebPage\",\"@id\":\"https:\/\/tourtravelandmore.com\/es\/tours\/espana-es\/motril-es\/motril-traslados-privados-es\/traslado-en-motril-traslado-privado-a-cualquier-ciudad-de-andalucia\/\",\"url\":\"https:\/\/tourtravelandmore.com\/es\/tours\/espana-es\/motril-es\/motril-traslados-privados-es\/traslado-en-motril-traslado-privado-a-cualquier-ciudad-de-andalucia\/\",\"name\":\"\u27a1\ufe0f Traslado en Motril | Tour Travel & More\",\"isPartOf\":{\"@id\":\"https:\/\/tourtravelandmore.com\/es\/#website\"},\"primaryImageOfPage\":{\"@id\":\"https:\/\/tourtravelandmore.com\/es\/tours\/espana-es\/motril-es\/motril-traslados-privados-es\/traslado-en-motril-traslado-privado-a-cualquier-ciudad-de-andalucia\/#primaryimage\"},\"image\":{\"@id\":\"https:\/\/tourtravelandmore.com\/es\/tours\/espana-es\/motril-es\/motril-traslados-privados-es\/traslado-en-motril-traslado-privado-a-cualquier-ciudad-de-andalucia\/#primaryimage\"},\"thumbnailUrl\":\"https:\/\/tourtravelandmore.com\/wp-content\/uploads\/2016\/11\/TrasladoAlicante-1.png\",\"datePublished\":\"2020-05-20T14:34:52+00:00\",\"dateModified\":\"2022-12-31T02:47:37+00:00\",\"description\":\"Disfruta de un Traslado en Motril, con vehiculo privado, para desplazarte a cualquier ciudad de Andalucia, desde su Crucero, Hotel o cualquier lugar \u2705\",\"breadcrumb\":{\"@id\":\"https:\/\/tourtravelandmore.com\/es\/tours\/espana-es\/motril-es\/motril-traslados-privados-es\/traslado-en-motril-traslado-privado-a-cualquier-ciudad-de-andalucia\/#breadcrumb\"},\"inLanguage\":\"es\",\"potentialAction\":[{\"@type\":\"ReadAction\",\"target\":[\"https:\/\/tourtravelandmore.com\/es\/tours\/espana-es\/motril-es\/motril-traslados-privados-es\/traslado-en-motril-traslado-privado-a-cualquier-ciudad-de-andalucia\/\"]}]},{\"@type\":\"ImageObject\",\"inLanguage\":\"es\",\"@id\":\"https:\/\/tourtravelandmore.com\/es\/tours\/espana-es\/motril-es\/motril-traslados-privados-es\/traslado-en-motril-traslado-privado-a-cualquier-ciudad-de-andalucia\/#primaryimage\",\"url\":\"https:\/\/tourtravelandmore.com\/wp-content\/uploads\/2016\/11\/TrasladoAlicante-1.png\",\"contentUrl\":\"https:\/\/tourtravelandmore.com\/wp-content\/uploads\/2016\/11\/TrasladoAlicante-1.png\",\"width\":640,\"height\":425},{\"@type\":\"BreadcrumbList\",\"@id\":\"https:\/\/tourtravelandmore.com\/es\/tours\/espana-es\/motril-es\/motril-traslados-privados-es\/traslado-en-motril-traslado-privado-a-cualquier-ciudad-de-andalucia\/#breadcrumb\",\"itemListElement\":[{\"@type\":\"ListItem\",\"position\":1,\"name\":\"Home\",\"item\":\"https:\/\/tourtravelandmore.com\/es\/\"},{\"@type\":\"ListItem\",\"position\":2,\"name\":\"Tours\",\"item\":\"https:\/\/tourtravelandmore.com\/es\/tours\/\"},{\"@type\":\"ListItem\",\"position\":3,\"name\":\"Traslado Privado desde Motril o Puerto de Cruceros a cualquier ciudad de Andaluc\u00eda\"}]},{\"@type\":\"WebSite\",\"@id\":\"https:\/\/tourtravelandmore.com\/es\/#website\",\"url\":\"https:\/\/tourtravelandmore.com\/es\/\",\"name\":\"Tour Travel And More\",\"description\":\"Private sightseeing tours and luxury transfers in Spain\",\"publisher\":{\"@id\":\"https:\/\/tourtravelandmore.com\/es\/#organization\"},\"potentialAction\":[{\"@type\":\"SearchAction\",\"target\":{\"@type\":\"EntryPoint\",\"urlTemplate\":\"https:\/\/tourtravelandmore.com\/es\/?s={search_term_string}\"},\"query-input\":{\"@type\":\"PropertyValueSpecification\",\"valueRequired\":true,\"valueName\":\"search_term_string\"}}],\"inLanguage\":\"es\"},{\"@type\":\"Organization\",\"@id\":\"https:\/\/tourtravelandmore.com\/es\/#organization\",\"name\":\"Tour Travel And More\",\"url\":\"https:\/\/tourtravelandmore.com\/es\/\",\"logo\":{\"@type\":\"ImageObject\",\"inLanguage\":\"es\",\"@id\":\"https:\/\/tourtravelandmore.com\/es\/#\/schema\/logo\/image\/\",\"url\":\"https:\/\/tourtravelandmore.com\/wp-content\/uploads\/2022\/12\/cropped-logo-cabecera-new.png\",\"contentUrl\":\"https:\/\/tourtravelandmore.com\/wp-content\/uploads\/2022\/12\/cropped-logo-cabecera-new.png\",\"width\":430,\"height\":61,\"caption\":\"Tour Travel And More\"},\"image\":{\"@id\":\"https:\/\/tourtravelandmore.com\/es\/#\/schema\/logo\/image\/\"},\"sameAs\":[\"https:\/\/www.facebook.com\/tourtravelandmore\/\",\"https:\/\/x.com\/TourTravel_More\"]}]}<\/script>\n<!-- \/ Yoast SEO Premium plugin. -->","yoast_head_json":{"title":"\u27a1\ufe0f Traslado en Motril | Tour Travel & More","description":"Disfruta de un Traslado en Motril, con vehiculo privado, para desplazarte a cualquier ciudad de Andalucia, desde su Crucero, Hotel o cualquier lugar \u2705","robots":{"index":"index","follow":"follow","max-snippet":"max-snippet:-1","max-image-preview":"max-image-preview:large","max-video-preview":"max-video-preview:-1"},"canonical":"https:\/\/tourtravelandmore.com\/es\/tours\/espana-es\/motril-es\/motril-traslados-privados-es\/traslado-en-motril-traslado-privado-a-cualquier-ciudad-de-andalucia\/","og_locale":"es_ES","og_type":"article","og_title":"Traslado Privado desde Motril o Puerto de Cruceros a cualquier ciudad de Andaluc\u00eda","og_description":"Disfruta de un Traslado en Motril, con vehiculo privado, para desplazarte a cualquier ciudad de Andalucia, desde su Crucero, Hotel o cualquier lugar \u2705","og_url":"https:\/\/tourtravelandmore.com\/es\/tours\/espana-es\/motril-es\/motril-traslados-privados-es\/traslado-en-motril-traslado-privado-a-cualquier-ciudad-de-andalucia\/","og_site_name":"Tour Travel And More","article_publisher":"https:\/\/www.facebook.com\/tourtravelandmore\/","article_modified_time":"2022-12-31T02:47:37+00:00","og_image":[{"width":640,"height":425,"url":"https:\/\/tourtravelandmore.com\/wp-content\/uploads\/2016\/11\/TrasladoAlicante-1.png","type":"image\/png"}],"twitter_card":"summary_large_image","twitter_site":"@TourTravel_More","twitter_misc":{"Tiempo de lectura":"2 minutos"},"schema":{"@context":"https:\/\/schema.org","@graph":[{"@type":"WebPage","@id":"https:\/\/tourtravelandmore.com\/es\/tours\/espana-es\/motril-es\/motril-traslados-privados-es\/traslado-en-motril-traslado-privado-a-cualquier-ciudad-de-andalucia\/","url":"https:\/\/tourtravelandmore.com\/es\/tours\/espana-es\/motril-es\/motril-traslados-privados-es\/traslado-en-motril-traslado-privado-a-cualquier-ciudad-de-andalucia\/","name":"\u27a1\ufe0f Traslado en Motril | Tour Travel & More","isPartOf":{"@id":"https:\/\/tourtravelandmore.com\/es\/#website"},"primaryImageOfPage":{"@id":"https:\/\/tourtravelandmore.com\/es\/tours\/espana-es\/motril-es\/motril-traslados-privados-es\/traslado-en-motril-traslado-privado-a-cualquier-ciudad-de-andalucia\/#primaryimage"},"image":{"@id":"https:\/\/tourtravelandmore.com\/es\/tours\/espana-es\/motril-es\/motril-traslados-privados-es\/traslado-en-motril-traslado-privado-a-cualquier-ciudad-de-andalucia\/#primaryimage"},"thumbnailUrl":"https:\/\/tourtravelandmore.com\/wp-content\/uploads\/2016\/11\/TrasladoAlicante-1.png","datePublished":"2020-05-20T14:34:52+00:00","dateModified":"2022-12-31T02:47:37+00:00","description":"Disfruta de un Traslado en Motril, con vehiculo privado, para desplazarte a cualquier ciudad de Andalucia, desde su Crucero, Hotel o cualquier lugar \u2705","breadcrumb":{"@id":"https:\/\/tourtravelandmore.com\/es\/tours\/espana-es\/motril-es\/motril-traslados-privados-es\/traslado-en-motril-traslado-privado-a-cualquier-ciudad-de-andalucia\/#breadcrumb"},"inLanguage":"es","potentialAction":[{"@type":"ReadAction","target":["https:\/\/tourtravelandmore.com\/es\/tours\/espana-es\/motril-es\/motril-traslados-privados-es\/traslado-en-motril-traslado-privado-a-cualquier-ciudad-de-andalucia\/"]}]},{"@type":"ImageObject","inLanguage":"es","@id":"https:\/\/tourtravelandmore.com\/es\/tours\/espana-es\/motril-es\/motril-traslados-privados-es\/traslado-en-motril-traslado-privado-a-cualquier-ciudad-de-andalucia\/#primaryimage","url":"https:\/\/tourtravelandmore.com\/wp-content\/uploads\/2016\/11\/TrasladoAlicante-1.png","contentUrl":"https:\/\/tourtravelandmore.com\/wp-content\/uploads\/2016\/11\/TrasladoAlicante-1.png","width":640,"height":425},{"@type":"BreadcrumbList","@id":"https:\/\/tourtravelandmore.com\/es\/tours\/espana-es\/motril-es\/motril-traslados-privados-es\/traslado-en-motril-traslado-privado-a-cualquier-ciudad-de-andalucia\/#breadcrumb","itemListElement":[{"@type":"ListItem","position":1,"name":"Home","item":"https:\/\/tourtravelandmore.com\/es\/"},{"@type":"ListItem","position":2,"name":"Tours","item":"https:\/\/tourtravelandmore.com\/es\/tours\/"},{"@type":"ListItem","position":3,"name":"Traslado Privado desde Motril o Puerto de Cruceros a cualquier ciudad de Andaluc\u00eda"}]},{"@type":"WebSite","@id":"https:\/\/tourtravelandmore.com\/es\/#website","url":"https:\/\/tourtravelandmore.com\/es\/","name":"Tour Travel And More","description":"Private sightseeing tours and luxury transfers in Spain","publisher":{"@id":"https:\/\/tourtravelandmore.com\/es\/#organization"},"potentialAction":[{"@type":"SearchAction","target":{"@type":"EntryPoint","urlTemplate":"https:\/\/tourtravelandmore.com\/es\/?s={search_term_string}"},"query-input":{"@type":"PropertyValueSpecification","valueRequired":true,"valueName":"search_term_string"}}],"inLanguage":"es"},{"@type":"Organization","@id":"https:\/\/tourtravelandmore.com\/es\/#organization","name":"Tour Travel And More","url":"https:\/\/tourtravelandmore.com\/es\/","logo":{"@type":"ImageObject","inLanguage":"es","@id":"https:\/\/tourtravelandmore.com\/es\/#\/schema\/logo\/image\/","url":"https:\/\/tourtravelandmore.com\/wp-content\/uploads\/2022\/12\/cropped-logo-cabecera-new.png","contentUrl":"https:\/\/tourtravelandmore.com\/wp-content\/uploads\/2022\/12\/cropped-logo-cabecera-new.png","width":430,"height":61,"caption":"Tour Travel And More"},"image":{"@id":"https:\/\/tourtravelandmore.com\/es\/#\/schema\/logo\/image\/"},"sameAs":["https:\/\/www.facebook.com\/tourtravelandmore\/","https:\/\/x.com\/TourTravel_More"]}]}},"_links":{"self":[{"href":"https:\/\/tourtravelandmore.com\/es\/wp-json\/wp\/v2\/product\/79841","targetHints":{"allow":["GET"]}}],"collection":[{"href":"https:\/\/tourtravelandmore.com\/es\/wp-json\/wp\/v2\/product"}],"about":[{"href":"https:\/\/tourtravelandmore.com\/es\/wp-json\/wp\/v2\/types\/product"}],"replies":[{"embeddable":true,"href":"https:\/\/tourtravelandmore.com\/es\/wp-json\/wp\/v2\/comments?post=79841"}],"wp:featuredmedia":[{"embeddable":true,"href":"https:\/\/tourtravelandmore.com\/es\/wp-json\/wp\/v2\/media\/59378"}],"wp:attachment":[{"href":"https:\/\/tourtravelandmore.com\/es\/wp-json\/wp\/v2\/media?parent=79841"}],"wp:term":[{"taxonomy":"product_brand","embeddable":true,"href":"https:\/\/tourtravelandmore.com\/es\/wp-json\/wp\/v2\/product_brand?post=79841"},{"taxonomy":"product_cat","embeddable":true,"href":"https:\/\/tourtravelandmore.com\/es\/wp-json\/wp\/v2\/product_cat?post=79841"},{"taxonomy":"product_tag","embeddable":true,"href":"https:\/\/tourtravelandmore.com\/es\/wp-json\/wp\/v2\/product_tag?post=79841"}],"curies":[{"name":"wp","href":"https:\/\/api.w.org\/{rel}","templated":true}]}}