{"id":79799,"date":"2020-05-20T15:39:07","date_gmt":"2020-05-20T13:39:08","guid":{"rendered":"https:\/\/tourtravelandmore.com\/?post_type=product&#038;p=79799"},"modified":"2022-12-31T03:52:47","modified_gmt":"2022-12-31T02:52:47","slug":"excursion-a-malaga-desde-motril-con-guia-y-vehiculo-privado","status":"publish","type":"product","link":"https:\/\/tourtravelandmore.com\/es\/tours\/espana-es\/motril-es\/motril-excursiones-privadas-es\/excursion-a-malaga-desde-motril-con-guia-y-vehiculo-privado\/","title":{"rendered":"Excursi\u00f3n Privada a Malaga desde la Terminal de Cruceros Motril"},"content":{"rendered":"<h2>Descripci\u00f3n de la Excursi\u00f3n Privada a M\u00e1laga desde la Terminal de Cruceros Motril<\/h2>\n<p><span style=\"font-weight: 400;\">Si sue\u00f1a con visitar M\u00e1laga, podemos hacer realidad su sue\u00f1o con esta excursi\u00f3n a M\u00e1laga desde Motril<\/span><span style=\"font-weight: 400;\"> de d\u00eda completo a esta maravillosa ciudad costera desde el puerto de cruceros de Motril, con su gu\u00eda oficial privado y veh\u00edculo privado.<br \/>\n<\/span><\/p>\n<p><b>M\u00e1laga<\/b><span style=\"font-weight: 400;\"> es un municipio de Espa\u00f1a, en la comunidad aut\u00f3noma de <\/span><b>Andaluc\u00eda<\/b><span style=\"font-weight: 400;\">, se encuentra en la <\/span><b>&#8220;Costa del Sol&#8221;<\/b><span style=\"font-weight: 400;\"> del mar Mediterr\u00e1neo, a 94,6 kil\u00f3metros de la ciudad de Motril.<\/span><\/p>\n<p><span style=\"font-weight: 400;\">M\u00e1laga es una de las ciudades m\u00e1s grandes de Andaluc\u00eda, tiene hermosas playas y zonas costeras que la convierten en el lugar perfecto para pasar sus vacaciones.<\/span><\/p>\n<p><span style=\"font-weight: 400;\">Quisi\u00e9ramos tener la oportunidad en <\/span><b>Tour Travel &amp; More<\/b><span style=\"font-weight: 400;\"> de organizar esta experiencia para ti y tu grupo, solo dinos tus necesidades y preferencias para este viaje de d\u00eda completo.<\/span><\/p>\n<p><span style=\"font-weight: 400;\">Realizar\u00e1 esta excursi\u00f3n a M\u00e1laga desde Motril, c\u00f3modo en un <\/span><b>veh\u00edculo de lujo privado<\/b><span style=\"font-weight: 400;\"> con su propio conductor que estar\u00e1 a su disposici\u00f3n durante todo el viaje para llevarlo a todos los lugares que desee visitar en M\u00e1laga, junto a su gu\u00eda oficial privado.<br \/>\n<\/span><\/p>\n<p><span style=\"font-weight: 400;\">\u00a0<\/span><span style=\"font-weight: 400;\">Este viaje privado tiene una duraci\u00f3n de 9 horas desde el momento de recogida y devoluci\u00f3n en el puerto de cruceros de Motril.<\/span><\/p>\n<h2><b>Puntos de inter\u00e9s en la Excursi\u00f3n Privada a Malaga desde la Terminal de Cruceros Motril<br \/>\n<\/b><\/h2>\n<p><span style=\"font-weight: 400;\">Su conductor privado lo recoger\u00e1 en el puerto de cruceros de Motril en el momento de desembarque con un letrero con su nombre, para que pueda encontrarlo f\u00e1cilmente, para comenzar su excursi\u00f3n a M\u00e1laga desde Motril, de un d\u00eda completo. <\/span><\/p>\n<p><span style=\"font-weight: 400;\">M\u00e1laga est\u00e1 a aproximadamente 1 hora y quince minutos de Motril. Durante el viaje, podr\u00e1 admirar toda la costa mediterr\u00e1nea pasando por diferentes pueblos peque\u00f1os con hermosas playas, c\u00f3modos en su <\/span><b>veh\u00edculo privado de lujo<\/b><span style=\"font-weight: 400;\"> con aire acondicionado.<\/span><\/p>\n<p><span style=\"font-weight: 400;\">Una vez que lleguen a M\u00e1laga, se encontrar\u00e1 con su <\/span><b>gu\u00eda oficial<\/b><span style=\"font-weight: 400;\"> para realizar una visita guiada de 4 horas donde podr\u00e1n ver o los lugares y monumentos m\u00e1s importantes de la ciudad. Primero visitar\u00e1 el <\/span><b>Gibralfaro<\/b><span style=\"font-weight: 400;\">, ubicado a 132 metros sobre el nivel del mar, desde donde podr\u00e1 disfrutar de una de las vistas m\u00e1s impresionantes de M\u00e1laga. <\/span><\/p>\n<p><span style=\"font-weight: 400;\">Entrar\u00e1n en el <\/span><b>castillo de Gibralfaro<\/b><span style=\"font-weight: 400;\">, un fuerte \u00e1rabe del siglo XIV (entrada incluida en el precio).<\/span><\/p>\n<p><span style=\"font-weight: 400;\">Luego continuar\u00e1 hasta el centro hist\u00f3rico de M\u00e1laga, donde su gu\u00eda privado le explicar\u00e1 la incre\u00edble historia del <\/span><b>Teatro Romano<\/b><span style=\"font-weight: 400;\">, construido en la \u00e9poca de Augusto en el siglo I d.C. y que estuvo en uso hasta el siglo III.<\/span><\/p>\n<p><span style=\"font-weight: 400;\">Tambi\u00e9n visitar\u00e1 la fortaleza \u00e1rabe <\/span><b>La Alcazaba<\/b><span style=\"font-weight: 400;\">, el edificio que data del per\u00edodo musulm\u00e1n se encuentra al pie del cerro Gibralfaro, coronado por las obras de defensa \u00e1rabes a las que la Alcazaba est\u00e1 conectada por un paso amurallado conocido como <\/span><i><span style=\"font-weight: 400;\">Coracha<\/span><\/i><span style=\"font-weight: 400;\">.<\/span><\/p>\n<p><span style=\"font-weight: 400;\">La visita continuar\u00e1 con la <\/span><b>Catedral de M\u00e1laga<\/b><span style=\"font-weight: 400;\">, que es una iglesia cat\u00f3lica romana, la catedral se encuentra dentro de los l\u00edmites definidos, por una parte, ahora desaparecida de las murallas \u00e1rabes medievales, cuyos restos rodean la Alcazaba y el Castillo de Gibralfaro.<\/span><\/p>\n<p><span style=\"font-weight: 400;\">Para finalizar la visita guiada, tambi\u00e9n visitar\u00e1n la <\/span><b>Plaza de la Merced<\/b><span style=\"font-weight: 400;\">, la <\/span><b>Iglesia de San Juan<\/b><span style=\"font-weight: 400;\"> y, por supuesto, el <\/span><b>Puerto<\/b><span style=\"font-weight: 400;\"> y la <\/span><b>playa de la Malagueta<\/b><span style=\"font-weight: 400;\">, donde tendr\u00e1 tiempo para admirar la incre\u00edble vista acompa\u00f1ada de un aperitivo.<\/span><\/p>\n<p><span style=\"font-weight: 400;\">Cuando termine su visita guiada privada, tendr\u00e1 algo de tiempo libre para almorzar y pasear por la ciudad para ir de compras o tal vez simplemente relajarse en su playa.<\/span><\/p>\n<p>Si dispone de m\u00e1s d\u00edas puedes consultar<a href=\"https:\/\/tourtravelandmore.com\/es\/ciudad\/espana-es\/motril-es\/\"><strong> aqu\u00ed<\/strong><\/a>, nuestro listado de tours privado de Motril.<\/p>\n","protected":false},"excerpt":{"rendered":"<p>Disfruta de este <strong>tour personalizable de M\u00e1laga<\/strong>. Tome esta oportunidad para conocer y disfrutar de M\u00e1laga durante este tour con vuestro gu\u00eda oficial privado durante 4 horas y vuestro veh\u00edculo de lujo privado con chofer desde Motril durante 9 horas. Le recogemos desde la terminal de Cruceros de Motril a la hora de desembarco. Disfrute de los monumentos y zonas m\u00e1s emblem\u00e1ticas de <strong>M\u00e1laga<\/strong>.<\/p>\n<p>&nbsp;<\/p>\n","protected":false},"featured_media":79809,"comment_status":"open","ping_status":"closed","template":"","meta":{"_acf_changed":false},"product_brand":[],"product_cat":[2236,2240,2238],"product_tag":[],"class_list":{"0":"post-79799","1":"product","2":"type-product","3":"status-publish","4":"has-post-thumbnail","6":"product_cat-motril-es","7":"product_cat-motril-actividades-es","8":"product_cat-motril-excursiones-privadas-es","10":"first","11":"instock","12":"shipping-taxable","13":"purchasable","14":"product-type-simple"},"acf":[],"yoast_head":"<!-- This site is optimized with the Yoast SEO Premium plugin v25.3.1 (Yoast SEO v25.3.1) - https:\/\/yoast.com\/wordpress\/plugins\/seo\/ -->\n<title>\u27a1\ufe0f Excursion a Malaga desde Motril con gu\u00eda y vehiculo privado | Tour Travel &amp; More<\/title>\n<meta name=\"description\" content=\"Disfruta de esta excursion a Malaga desde Motril con su gu\u00eda oficial y vehiculo privado. Descubre una de las ciudads m\u00e1s importantes de Andalucia y m\u00e1s! \u2705\" \/>\n<meta name=\"robots\" content=\"index, follow, max-snippet:-1, max-image-preview:large, max-video-preview:-1\" \/>\n<link rel=\"canonical\" href=\"https:\/\/tourtravelandmore.com\/es\/tours\/espana-es\/motril-es\/motril-excursiones-privadas-es\/excursion-a-malaga-desde-motril-con-guia-y-vehiculo-privado\/\" \/>\n<meta property=\"og:locale\" content=\"es_ES\" \/>\n<meta property=\"og:type\" content=\"article\" \/>\n<meta property=\"og:title\" content=\"Excursi\u00f3n Privada a Malaga desde la Terminal de Cruceros Motril\" \/>\n<meta property=\"og:description\" content=\"Disfruta de esta excursion a Malaga desde Motril con su gu\u00eda oficial y vehiculo privado. Descubre una de las ciudads m\u00e1s importantes de Andalucia y m\u00e1s! \u2705\" \/>\n<meta property=\"og:url\" content=\"https:\/\/tourtravelandmore.com\/es\/tours\/espana-es\/motril-es\/motril-excursiones-privadas-es\/excursion-a-malaga-desde-motril-con-guia-y-vehiculo-privado\/\" \/>\n<meta property=\"og:site_name\" content=\"Tour Travel And More\" \/>\n<meta property=\"article:publisher\" content=\"https:\/\/www.facebook.com\/tourtravelandmore\/\" \/>\n<meta property=\"article:modified_time\" content=\"2022-12-31T02:52:47+00:00\" \/>\n<meta property=\"og:image\" content=\"https:\/\/tourtravelandmore.com\/wp-content\/uploads\/2020\/05\/malaga-3-1024x683.jpg\" \/>\n\t<meta property=\"og:image:width\" content=\"1024\" \/>\n\t<meta property=\"og:image:height\" content=\"683\" \/>\n\t<meta property=\"og:image:type\" content=\"image\/jpeg\" \/>\n<meta name=\"twitter:card\" content=\"summary_large_image\" \/>\n<meta name=\"twitter:site\" content=\"@TourTravel_More\" \/>\n<meta name=\"twitter:label1\" content=\"Tiempo de lectura\" \/>\n\t<meta name=\"twitter:data1\" content=\"3 minutos\" \/>\n<script type=\"application\/ld+json\" class=\"yoast-schema-graph\">{\"@context\":\"https:\/\/schema.org\",\"@graph\":[{\"@type\":\"WebPage\",\"@id\":\"https:\/\/tourtravelandmore.com\/es\/tours\/espana-es\/motril-es\/motril-excursiones-privadas-es\/excursion-a-malaga-desde-motril-con-guia-y-vehiculo-privado\/\",\"url\":\"https:\/\/tourtravelandmore.com\/es\/tours\/espana-es\/motril-es\/motril-excursiones-privadas-es\/excursion-a-malaga-desde-motril-con-guia-y-vehiculo-privado\/\",\"name\":\"\u27a1\ufe0f Excursion a Malaga desde Motril con gu\u00eda y vehiculo privado | Tour Travel & More\",\"isPartOf\":{\"@id\":\"https:\/\/tourtravelandmore.com\/es\/#website\"},\"primaryImageOfPage\":{\"@id\":\"https:\/\/tourtravelandmore.com\/es\/tours\/espana-es\/motril-es\/motril-excursiones-privadas-es\/excursion-a-malaga-desde-motril-con-guia-y-vehiculo-privado\/#primaryimage\"},\"image\":{\"@id\":\"https:\/\/tourtravelandmore.com\/es\/tours\/espana-es\/motril-es\/motril-excursiones-privadas-es\/excursion-a-malaga-desde-motril-con-guia-y-vehiculo-privado\/#primaryimage\"},\"thumbnailUrl\":\"https:\/\/tourtravelandmore.com\/wp-content\/uploads\/2020\/05\/malaga-3.jpg\",\"datePublished\":\"2020-05-20T13:39:08+00:00\",\"dateModified\":\"2022-12-31T02:52:47+00:00\",\"description\":\"Disfruta de esta excursion a Malaga desde Motril con su gu\u00eda oficial y vehiculo privado. Descubre una de las ciudads m\u00e1s importantes de Andalucia y m\u00e1s! \u2705\",\"breadcrumb\":{\"@id\":\"https:\/\/tourtravelandmore.com\/es\/tours\/espana-es\/motril-es\/motril-excursiones-privadas-es\/excursion-a-malaga-desde-motril-con-guia-y-vehiculo-privado\/#breadcrumb\"},\"inLanguage\":\"es\",\"potentialAction\":[{\"@type\":\"ReadAction\",\"target\":[\"https:\/\/tourtravelandmore.com\/es\/tours\/espana-es\/motril-es\/motril-excursiones-privadas-es\/excursion-a-malaga-desde-motril-con-guia-y-vehiculo-privado\/\"]}]},{\"@type\":\"ImageObject\",\"inLanguage\":\"es\",\"@id\":\"https:\/\/tourtravelandmore.com\/es\/tours\/espana-es\/motril-es\/motril-excursiones-privadas-es\/excursion-a-malaga-desde-motril-con-guia-y-vehiculo-privado\/#primaryimage\",\"url\":\"https:\/\/tourtravelandmore.com\/wp-content\/uploads\/2020\/05\/malaga-3.jpg\",\"contentUrl\":\"https:\/\/tourtravelandmore.com\/wp-content\/uploads\/2020\/05\/malaga-3.jpg\",\"width\":2560,\"height\":1707},{\"@type\":\"BreadcrumbList\",\"@id\":\"https:\/\/tourtravelandmore.com\/es\/tours\/espana-es\/motril-es\/motril-excursiones-privadas-es\/excursion-a-malaga-desde-motril-con-guia-y-vehiculo-privado\/#breadcrumb\",\"itemListElement\":[{\"@type\":\"ListItem\",\"position\":1,\"name\":\"Home\",\"item\":\"https:\/\/tourtravelandmore.com\/es\/\"},{\"@type\":\"ListItem\",\"position\":2,\"name\":\"Tours\",\"item\":\"https:\/\/tourtravelandmore.com\/es\/tours\/\"},{\"@type\":\"ListItem\",\"position\":3,\"name\":\"Excursi\u00f3n Privada a Malaga desde la Terminal de Cruceros Motril\"}]},{\"@type\":\"WebSite\",\"@id\":\"https:\/\/tourtravelandmore.com\/es\/#website\",\"url\":\"https:\/\/tourtravelandmore.com\/es\/\",\"name\":\"Tour Travel And More\",\"description\":\"Private sightseeing tours and luxury transfers in Spain\",\"publisher\":{\"@id\":\"https:\/\/tourtravelandmore.com\/es\/#organization\"},\"potentialAction\":[{\"@type\":\"SearchAction\",\"target\":{\"@type\":\"EntryPoint\",\"urlTemplate\":\"https:\/\/tourtravelandmore.com\/es\/?s={search_term_string}\"},\"query-input\":{\"@type\":\"PropertyValueSpecification\",\"valueRequired\":true,\"valueName\":\"search_term_string\"}}],\"inLanguage\":\"es\"},{\"@type\":\"Organization\",\"@id\":\"https:\/\/tourtravelandmore.com\/es\/#organization\",\"name\":\"Tour Travel And More\",\"url\":\"https:\/\/tourtravelandmore.com\/es\/\",\"logo\":{\"@type\":\"ImageObject\",\"inLanguage\":\"es\",\"@id\":\"https:\/\/tourtravelandmore.com\/es\/#\/schema\/logo\/image\/\",\"url\":\"https:\/\/tourtravelandmore.com\/wp-content\/uploads\/2022\/12\/cropped-logo-cabecera-new.png\",\"contentUrl\":\"https:\/\/tourtravelandmore.com\/wp-content\/uploads\/2022\/12\/cropped-logo-cabecera-new.png\",\"width\":430,\"height\":61,\"caption\":\"Tour Travel And More\"},\"image\":{\"@id\":\"https:\/\/tourtravelandmore.com\/es\/#\/schema\/logo\/image\/\"},\"sameAs\":[\"https:\/\/www.facebook.com\/tourtravelandmore\/\",\"https:\/\/x.com\/TourTravel_More\"]}]}<\/script>\n<!-- \/ Yoast SEO Premium plugin. -->","yoast_head_json":{"title":"\u27a1\ufe0f Excursion a Malaga desde Motril con gu\u00eda y vehiculo privado | Tour Travel & More","description":"Disfruta de esta excursion a Malaga desde Motril con su gu\u00eda oficial y vehiculo privado. Descubre una de las ciudads m\u00e1s importantes de Andalucia y m\u00e1s! \u2705","robots":{"index":"index","follow":"follow","max-snippet":"max-snippet:-1","max-image-preview":"max-image-preview:large","max-video-preview":"max-video-preview:-1"},"canonical":"https:\/\/tourtravelandmore.com\/es\/tours\/espana-es\/motril-es\/motril-excursiones-privadas-es\/excursion-a-malaga-desde-motril-con-guia-y-vehiculo-privado\/","og_locale":"es_ES","og_type":"article","og_title":"Excursi\u00f3n Privada a Malaga desde la Terminal de Cruceros Motril","og_description":"Disfruta de esta excursion a Malaga desde Motril con su gu\u00eda oficial y vehiculo privado. Descubre una de las ciudads m\u00e1s importantes de Andalucia y m\u00e1s! \u2705","og_url":"https:\/\/tourtravelandmore.com\/es\/tours\/espana-es\/motril-es\/motril-excursiones-privadas-es\/excursion-a-malaga-desde-motril-con-guia-y-vehiculo-privado\/","og_site_name":"Tour Travel And More","article_publisher":"https:\/\/www.facebook.com\/tourtravelandmore\/","article_modified_time":"2022-12-31T02:52:47+00:00","og_image":[{"width":1024,"height":683,"url":"https:\/\/tourtravelandmore.com\/wp-content\/uploads\/2020\/05\/malaga-3-1024x683.jpg","type":"image\/jpeg"}],"twitter_card":"summary_large_image","twitter_site":"@TourTravel_More","twitter_misc":{"Tiempo de lectura":"3 minutos"},"schema":{"@context":"https:\/\/schema.org","@graph":[{"@type":"WebPage","@id":"https:\/\/tourtravelandmore.com\/es\/tours\/espana-es\/motril-es\/motril-excursiones-privadas-es\/excursion-a-malaga-desde-motril-con-guia-y-vehiculo-privado\/","url":"https:\/\/tourtravelandmore.com\/es\/tours\/espana-es\/motril-es\/motril-excursiones-privadas-es\/excursion-a-malaga-desde-motril-con-guia-y-vehiculo-privado\/","name":"\u27a1\ufe0f Excursion a Malaga desde Motril con gu\u00eda y vehiculo privado | Tour Travel & More","isPartOf":{"@id":"https:\/\/tourtravelandmore.com\/es\/#website"},"primaryImageOfPage":{"@id":"https:\/\/tourtravelandmore.com\/es\/tours\/espana-es\/motril-es\/motril-excursiones-privadas-es\/excursion-a-malaga-desde-motril-con-guia-y-vehiculo-privado\/#primaryimage"},"image":{"@id":"https:\/\/tourtravelandmore.com\/es\/tours\/espana-es\/motril-es\/motril-excursiones-privadas-es\/excursion-a-malaga-desde-motril-con-guia-y-vehiculo-privado\/#primaryimage"},"thumbnailUrl":"https:\/\/tourtravelandmore.com\/wp-content\/uploads\/2020\/05\/malaga-3.jpg","datePublished":"2020-05-20T13:39:08+00:00","dateModified":"2022-12-31T02:52:47+00:00","description":"Disfruta de esta excursion a Malaga desde Motril con su gu\u00eda oficial y vehiculo privado. Descubre una de las ciudads m\u00e1s importantes de Andalucia y m\u00e1s! \u2705","breadcrumb":{"@id":"https:\/\/tourtravelandmore.com\/es\/tours\/espana-es\/motril-es\/motril-excursiones-privadas-es\/excursion-a-malaga-desde-motril-con-guia-y-vehiculo-privado\/#breadcrumb"},"inLanguage":"es","potentialAction":[{"@type":"ReadAction","target":["https:\/\/tourtravelandmore.com\/es\/tours\/espana-es\/motril-es\/motril-excursiones-privadas-es\/excursion-a-malaga-desde-motril-con-guia-y-vehiculo-privado\/"]}]},{"@type":"ImageObject","inLanguage":"es","@id":"https:\/\/tourtravelandmore.com\/es\/tours\/espana-es\/motril-es\/motril-excursiones-privadas-es\/excursion-a-malaga-desde-motril-con-guia-y-vehiculo-privado\/#primaryimage","url":"https:\/\/tourtravelandmore.com\/wp-content\/uploads\/2020\/05\/malaga-3.jpg","contentUrl":"https:\/\/tourtravelandmore.com\/wp-content\/uploads\/2020\/05\/malaga-3.jpg","width":2560,"height":1707},{"@type":"BreadcrumbList","@id":"https:\/\/tourtravelandmore.com\/es\/tours\/espana-es\/motril-es\/motril-excursiones-privadas-es\/excursion-a-malaga-desde-motril-con-guia-y-vehiculo-privado\/#breadcrumb","itemListElement":[{"@type":"ListItem","position":1,"name":"Home","item":"https:\/\/tourtravelandmore.com\/es\/"},{"@type":"ListItem","position":2,"name":"Tours","item":"https:\/\/tourtravelandmore.com\/es\/tours\/"},{"@type":"ListItem","position":3,"name":"Excursi\u00f3n Privada a Malaga desde la Terminal de Cruceros Motril"}]},{"@type":"WebSite","@id":"https:\/\/tourtravelandmore.com\/es\/#website","url":"https:\/\/tourtravelandmore.com\/es\/","name":"Tour Travel And More","description":"Private sightseeing tours and luxury transfers in Spain","publisher":{"@id":"https:\/\/tourtravelandmore.com\/es\/#organization"},"potentialAction":[{"@type":"SearchAction","target":{"@type":"EntryPoint","urlTemplate":"https:\/\/tourtravelandmore.com\/es\/?s={search_term_string}"},"query-input":{"@type":"PropertyValueSpecification","valueRequired":true,"valueName":"search_term_string"}}],"inLanguage":"es"},{"@type":"Organization","@id":"https:\/\/tourtravelandmore.com\/es\/#organization","name":"Tour Travel And More","url":"https:\/\/tourtravelandmore.com\/es\/","logo":{"@type":"ImageObject","inLanguage":"es","@id":"https:\/\/tourtravelandmore.com\/es\/#\/schema\/logo\/image\/","url":"https:\/\/tourtravelandmore.com\/wp-content\/uploads\/2022\/12\/cropped-logo-cabecera-new.png","contentUrl":"https:\/\/tourtravelandmore.com\/wp-content\/uploads\/2022\/12\/cropped-logo-cabecera-new.png","width":430,"height":61,"caption":"Tour Travel And More"},"image":{"@id":"https:\/\/tourtravelandmore.com\/es\/#\/schema\/logo\/image\/"},"sameAs":["https:\/\/www.facebook.com\/tourtravelandmore\/","https:\/\/x.com\/TourTravel_More"]}]}},"_links":{"self":[{"href":"https:\/\/tourtravelandmore.com\/es\/wp-json\/wp\/v2\/product\/79799","targetHints":{"allow":["GET"]}}],"collection":[{"href":"https:\/\/tourtravelandmore.com\/es\/wp-json\/wp\/v2\/product"}],"about":[{"href":"https:\/\/tourtravelandmore.com\/es\/wp-json\/wp\/v2\/types\/product"}],"replies":[{"embeddable":true,"href":"https:\/\/tourtravelandmore.com\/es\/wp-json\/wp\/v2\/comments?post=79799"}],"wp:featuredmedia":[{"embeddable":true,"href":"https:\/\/tourtravelandmore.com\/es\/wp-json\/wp\/v2\/media\/79809"}],"wp:attachment":[{"href":"https:\/\/tourtravelandmore.com\/es\/wp-json\/wp\/v2\/media?parent=79799"}],"wp:term":[{"taxonomy":"product_brand","embeddable":true,"href":"https:\/\/tourtravelandmore.com\/es\/wp-json\/wp\/v2\/product_brand?post=79799"},{"taxonomy":"product_cat","embeddable":true,"href":"https:\/\/tourtravelandmore.com\/es\/wp-json\/wp\/v2\/product_cat?post=79799"},{"taxonomy":"product_tag","embeddable":true,"href":"https:\/\/tourtravelandmore.com\/es\/wp-json\/wp\/v2\/product_tag?post=79799"}],"curies":[{"name":"wp","href":"https:\/\/api.w.org\/{rel}","templated":true}]}}