{"id":79770,"date":"2020-05-20T15:03:13","date_gmt":"2020-05-20T13:03:14","guid":{"rendered":"https:\/\/tourtravelandmore.com\/?post_type=product&#038;p=79770"},"modified":"2022-12-31T03:54:02","modified_gmt":"2022-12-31T02:54:02","slug":"tour-a-cordoba-desde-motril-con-guia-y-vehiculo-privado","status":"publish","type":"product","link":"https:\/\/tourtravelandmore.com\/es\/tours\/espana-es\/motril-es\/motril-excursiones-privadas-es\/tour-a-cordoba-desde-motril-con-guia-y-vehiculo-privado\/","title":{"rendered":"Excursi\u00f3n Privada a Cordoba desde Motril o Terminal de Cruceros"},"content":{"rendered":"<h2>Descripci\u00f3n de la Excursi\u00f3n Privada a C\u00f3rdoba desde Motril o Terminal de Cruceros<\/h2>\n<p><span style=\"font-weight: 400;\">Disfrute de este tour a C\u00f3rdoba desde Motril, a la maravillosa ciudad de <\/span><b>C\u00f3rdoba<\/b><span style=\"font-weight: 400;\">, el segundo casco antiguo m\u00e1s grande de Europa.<br \/>\n<\/span><\/p>\n<p>Este tour es completamente privado, pueden escoger la hora y lugar de recogida.<\/p>\n<p>La duraci\u00f3n total de este tour a C\u00f3rdoba desde Motril son 9 horas.<\/p>\n<p><span style=\"font-weight: 400;\">C\u00f3rdoba pertenece a la comunidad aut\u00f3noma de <\/span><b>Andaluc\u00eda<\/b><span style=\"font-weight: 400;\"> y se encuentra a unas 2 horas, cuarenta minutos de Motril. C\u00f3rdoba fue fundada por los romanos y al ser el punto navegable m\u00e1s alto del r\u00edo Guadalquivir, se convirti\u00f3 en una ciudad portuaria de gran importancia debido a su estrat\u00e9gica localizaci\u00f3n.<\/span><\/p>\n<p><span style=\"font-weight: 400;\">Tendr\u00e1 a su disposici\u00f3n un <\/span><b>veh\u00edculo privado de lujo con conductor<\/b><span style=\"font-weight: 400;\"> que lo llevar\u00e1 a visitar C\u00f3rdoba de la manera m\u00e1s c\u00f3moda, segura y relajante, porque en este recorrido solo ir\u00e1n usted y aquellos que quieran acompa\u00f1arlo en dicho viaje privado.<\/span><\/p>\n<p><span style=\"font-weight: 400;\">Durante todo el recorrido, estar\u00e1s acompa\u00f1ado por uno de nuestros mejores <\/span><b>gu\u00edas privados<\/b><span style=\"font-weight: 400;\">, grandes conocedores de la historia, con muchas an\u00e9cdotas y, sobre todo, le mostrar\u00e1 todos los lugares m\u00e1s importantes de la ciudad que no puede perderse.<\/span><\/p>\n<p><span style=\"font-weight: 400;\">Solo tendr\u00e1 que contactarnos en <\/span><b>Tour Travel &amp; More<\/b><span style=\"font-weight: 400;\"> y desde all\u00ed nos encargaremos de todo para que su experiencia sea \u00fanica e inolvidable.<\/span><\/p>\n<h2><b>Puntos de inter\u00e9s en la Excursi\u00f3n Privada a C\u00f3rdoba desde Motril o Terminal de Cruceros<br \/>\n<\/b><\/h2>\n<p><span style=\"font-weight: 400;\">Tan pronto como desembarque de su crucero en Motril, el primer contacto con <\/span><b>Tour Travel &amp; More<\/b><span style=\"font-weight: 400;\"> ser\u00eda nuestro <\/span><b>conductor privado<\/b><span style=\"font-weight: 400;\"> que lo estar\u00e1 esperando para comenzar su viaje a C\u00f3rdoba.<\/span><\/p>\n<p><span style=\"font-weight: 400;\">El viaje de Motril a C\u00f3rdoba es un poco largo, pero no tiene por qu\u00e9 preocuparse, ya que tenemos todo lo que necesita para hacerlo interesante y llamativo. Esto se debe a que bordear\u00e1 la <\/span><i><span style=\"font-weight: 400;\">costa mediterr\u00e1nea <\/span><\/i><span style=\"font-weight: 400;\">donde podr\u00e1 disfrutar de las hermosas vistas que nos ofrece, para luego continuar su camino hacia C\u00f3rdoba, donde se pasar\u00e1 por los pueblos t\u00edpicos de esa zona. Por supuesto disfrutar\u00e1n del recorrido en un <\/span><b>veh\u00edculo de lujo privado<\/b><span style=\"font-weight: 400;\"> bien equipado.<\/span><\/p>\n<p><span style=\"font-weight: 400;\">Su <\/span><b>gu\u00eda oficial privado<\/b><span style=\"font-weight: 400;\"> lo estar\u00e1 esperando en un lugar c\u00e9ntrico de C\u00f3rdoba para comenzar una visita guiada de 3 horas por el centro hist\u00f3rico.<\/span><\/p>\n<p><span style=\"font-weight: 400;\">C\u00f3rdoba es la zona urbana m\u00e1s grande del mundo declarada P<\/span><b>atrimonio de la Humanidad por la UNESCO<\/b><span style=\"font-weight: 400;\">. Conocer\u00e1s el centro hist\u00f3rico de C\u00f3rdoba con tu gu\u00eda tur\u00edstico oficial privado. Luego podr\u00e1 disfrutar y admirar la gran arquitectura y lugares de inter\u00e9s de los monumentos m\u00e1s importantes y conocidos de C\u00f3rdoba, como nosotros:<\/span><\/p>\n<p><span style=\"font-weight: 400;\">&#8211; <\/span><b>Gran mezquita de C\u00f3rdoba<\/b><span style=\"font-weight: 400;\">: este monumento se ha convertido en un s\u00edmbolo de la ciudad de C\u00f3rdoba. Tiene estilos g\u00f3ticos, renacentistas y barrocos de construcci\u00f3n cristiana y podr\u00e1 ingresar, ya que la entrada est\u00e1 incluida en el precio.<\/span><\/p>\n<p><span style=\"font-weight: 400;\">&#8211; <\/span><b>Real Alc\u00e1zar<\/b><span style=\"font-weight: 400;\">: es un edificio de car\u00e1cter militar cuya construcci\u00f3n fue ordenada por el rey Alfonso XI de Castilla en el a\u00f1o 1328, en construcciones anteriores (las entradas tambi\u00e9n est\u00e1n incluidas en el precio).<\/span><\/p>\n<p><span style=\"font-weight: 400;\">&#8211; <\/span><b>Sinagoga<\/b><span style=\"font-weight: 400;\">: situada en el coraz\u00f3n del barrio jud\u00edo, es \u00fanica en Andaluc\u00eda y una de las tres sinagogas medievales mejor conservadas de toda Espa\u00f1a (las entradas tambi\u00e9n est\u00e1n incluidas en el precio).<\/span><\/p>\n<p><span style=\"font-weight: 400;\">&#8211; <\/span><b>Barrio jud\u00edo<\/b><span style=\"font-weight: 400;\">: es una de las atracciones tur\u00edsticas m\u00e1s importantes de la ciudad. Destaca el monumento a Maim\u00f3nides y la Sinagoga.<\/span><\/p>\n<p><span style=\"font-weight: 400;\">&#8211; <\/span><b>Murallas romanas<\/b><span style=\"font-weight: 400;\">: las primeras murallas de C\u00f3rdoba datan de la Rep\u00fablica romana y rodearon por completo la ciudad.<\/span><\/p>\n<p><span style=\"font-weight: 400;\">&#8211; <\/span><b>Mausoleo<\/b><span style=\"font-weight: 400;\">: es una estructura antigua en los Jardines de la Victoria.<\/span><\/p>\n<p><span style=\"font-weight: 400;\">&#8211; <\/span><b>Teatro, puente romano, templo romano <\/b><span style=\"font-weight: 400;\">y mucho m\u00e1s!<\/span><\/p>\n<p><span style=\"font-weight: 400;\">Despu\u00e9s de la visita guiada, tendr\u00e1 tiempo libre para caminar por la calle de esta ciudad \u00fanica y continuar explorando la historia de C\u00f3rdoba.<\/span><\/p>\n<p><span style=\"font-weight: 400;\">Su conductor privado lo estar\u00e1 esperando en una ubicaci\u00f3n c\u00e9ntrica de la ciudad hasta el momento de regresar a su crucero.<\/span><\/p>\n<p>Si dispone de m\u00e1s d\u00edas en Motril, puedes consultar <a href=\"https:\/\/tourtravelandmore.com\/es\/ciudad\/espana-es\/motril-es\/\"><strong>aqu\u00ed<\/strong><\/a>, el resto de tours privado de la ciudad.<\/p>\n","protected":false},"excerpt":{"rendered":"<p>Disfruta de este <strong>tour privado a C\u00f3rdoba desde Motril<\/strong>. Tome esta oportunidad para conocer y disfrutar de esta hermosa ciudad durante este tour con vuestro <strong>gu\u00eda oficial privado y vuestro veh\u00edculo de lujo con chofer<\/strong>. Disfruta de los monumentos y zonas m\u00e1s emblem\u00e1ticas de C\u00f3rdoba como la Catedral, Sinagoga y Alcazar&#8230;<\/p>\n<p>&nbsp;<\/p>\n","protected":false},"featured_media":76084,"comment_status":"open","ping_status":"closed","template":"","meta":{"_acf_changed":false},"product_brand":[],"product_cat":[2236,2240,2238],"product_tag":[],"class_list":{"0":"post-79770","1":"product","2":"type-product","3":"status-publish","4":"has-post-thumbnail","6":"product_cat-motril-es","7":"product_cat-motril-actividades-es","8":"product_cat-motril-excursiones-privadas-es","10":"first","11":"instock","12":"shipping-taxable","13":"purchasable","14":"product-type-simple"},"acf":[],"yoast_head":"<!-- This site is optimized with the Yoast SEO Premium plugin v25.3.1 (Yoast SEO v25.3.1) - https:\/\/yoast.com\/wordpress\/plugins\/seo\/ -->\n<title>\u27a1\ufe0f Tour a Cordoba desde Motril con guia y vehiculo privado | Tour Travel &amp; More<\/title>\n<meta name=\"description\" content=\"Disfruta de este tour a Cordoba desde Motril. Conozca los monumentos y zonas m\u00e1s emblem\u00e1ticas de C\u00f3rdoba como El Barrio Judio, Mausoleo y mucho mas! \u2705\" \/>\n<meta name=\"robots\" content=\"index, follow, max-snippet:-1, max-image-preview:large, max-video-preview:-1\" \/>\n<link rel=\"canonical\" href=\"https:\/\/tourtravelandmore.com\/es\/tours\/espana-es\/motril-es\/motril-excursiones-privadas-es\/tour-a-cordoba-desde-motril-con-guia-y-vehiculo-privado\/\" \/>\n<meta property=\"og:locale\" content=\"es_ES\" \/>\n<meta property=\"og:type\" content=\"article\" \/>\n<meta property=\"og:title\" content=\"Excursi\u00f3n Privada a Cordoba desde Motril o Terminal de Cruceros\" \/>\n<meta property=\"og:description\" content=\"Disfruta de este tour a Cordoba desde Motril. Conozca los monumentos y zonas m\u00e1s emblem\u00e1ticas de C\u00f3rdoba como El Barrio Judio, Mausoleo y mucho mas! \u2705\" \/>\n<meta property=\"og:url\" content=\"https:\/\/tourtravelandmore.com\/es\/tours\/espana-es\/motril-es\/motril-excursiones-privadas-es\/tour-a-cordoba-desde-motril-con-guia-y-vehiculo-privado\/\" \/>\n<meta property=\"og:site_name\" content=\"Tour Travel And More\" \/>\n<meta property=\"article:publisher\" content=\"https:\/\/www.facebook.com\/tourtravelandmore\/\" \/>\n<meta property=\"article:modified_time\" content=\"2022-12-31T02:54:02+00:00\" \/>\n<meta property=\"og:image\" content=\"https:\/\/tourtravelandmore.com\/wp-content\/uploads\/2020\/02\/cordoba.jpg\" \/>\n\t<meta property=\"og:image:width\" content=\"1365\" \/>\n\t<meta property=\"og:image:height\" content=\"1365\" \/>\n\t<meta property=\"og:image:type\" content=\"image\/jpeg\" \/>\n<meta name=\"twitter:card\" content=\"summary_large_image\" \/>\n<meta name=\"twitter:site\" content=\"@TourTravel_More\" \/>\n<meta name=\"twitter:label1\" content=\"Tiempo de lectura\" \/>\n\t<meta name=\"twitter:data1\" content=\"4 minutos\" \/>\n<script type=\"application\/ld+json\" class=\"yoast-schema-graph\">{\"@context\":\"https:\/\/schema.org\",\"@graph\":[{\"@type\":\"WebPage\",\"@id\":\"https:\/\/tourtravelandmore.com\/es\/tours\/espana-es\/motril-es\/motril-excursiones-privadas-es\/tour-a-cordoba-desde-motril-con-guia-y-vehiculo-privado\/\",\"url\":\"https:\/\/tourtravelandmore.com\/es\/tours\/espana-es\/motril-es\/motril-excursiones-privadas-es\/tour-a-cordoba-desde-motril-con-guia-y-vehiculo-privado\/\",\"name\":\"\u27a1\ufe0f Tour a Cordoba desde Motril con guia y vehiculo privado | Tour Travel & More\",\"isPartOf\":{\"@id\":\"https:\/\/tourtravelandmore.com\/es\/#website\"},\"primaryImageOfPage\":{\"@id\":\"https:\/\/tourtravelandmore.com\/es\/tours\/espana-es\/motril-es\/motril-excursiones-privadas-es\/tour-a-cordoba-desde-motril-con-guia-y-vehiculo-privado\/#primaryimage\"},\"image\":{\"@id\":\"https:\/\/tourtravelandmore.com\/es\/tours\/espana-es\/motril-es\/motril-excursiones-privadas-es\/tour-a-cordoba-desde-motril-con-guia-y-vehiculo-privado\/#primaryimage\"},\"thumbnailUrl\":\"https:\/\/tourtravelandmore.com\/wp-content\/uploads\/2020\/02\/cordoba.jpg\",\"datePublished\":\"2020-05-20T13:03:14+00:00\",\"dateModified\":\"2022-12-31T02:54:02+00:00\",\"description\":\"Disfruta de este tour a Cordoba desde Motril. Conozca los monumentos y zonas m\u00e1s emblem\u00e1ticas de C\u00f3rdoba como El Barrio Judio, Mausoleo y mucho mas! \u2705\",\"breadcrumb\":{\"@id\":\"https:\/\/tourtravelandmore.com\/es\/tours\/espana-es\/motril-es\/motril-excursiones-privadas-es\/tour-a-cordoba-desde-motril-con-guia-y-vehiculo-privado\/#breadcrumb\"},\"inLanguage\":\"es\",\"potentialAction\":[{\"@type\":\"ReadAction\",\"target\":[\"https:\/\/tourtravelandmore.com\/es\/tours\/espana-es\/motril-es\/motril-excursiones-privadas-es\/tour-a-cordoba-desde-motril-con-guia-y-vehiculo-privado\/\"]}]},{\"@type\":\"ImageObject\",\"inLanguage\":\"es\",\"@id\":\"https:\/\/tourtravelandmore.com\/es\/tours\/espana-es\/motril-es\/motril-excursiones-privadas-es\/tour-a-cordoba-desde-motril-con-guia-y-vehiculo-privado\/#primaryimage\",\"url\":\"https:\/\/tourtravelandmore.com\/wp-content\/uploads\/2020\/02\/cordoba.jpg\",\"contentUrl\":\"https:\/\/tourtravelandmore.com\/wp-content\/uploads\/2020\/02\/cordoba.jpg\",\"width\":1365,\"height\":1365},{\"@type\":\"BreadcrumbList\",\"@id\":\"https:\/\/tourtravelandmore.com\/es\/tours\/espana-es\/motril-es\/motril-excursiones-privadas-es\/tour-a-cordoba-desde-motril-con-guia-y-vehiculo-privado\/#breadcrumb\",\"itemListElement\":[{\"@type\":\"ListItem\",\"position\":1,\"name\":\"Home\",\"item\":\"https:\/\/tourtravelandmore.com\/es\/\"},{\"@type\":\"ListItem\",\"position\":2,\"name\":\"Tours\",\"item\":\"https:\/\/tourtravelandmore.com\/es\/tours\/\"},{\"@type\":\"ListItem\",\"position\":3,\"name\":\"Excursi\u00f3n Privada a Cordoba desde Motril o Terminal de Cruceros\"}]},{\"@type\":\"WebSite\",\"@id\":\"https:\/\/tourtravelandmore.com\/es\/#website\",\"url\":\"https:\/\/tourtravelandmore.com\/es\/\",\"name\":\"Tour Travel And More\",\"description\":\"Private sightseeing tours and luxury transfers in Spain\",\"publisher\":{\"@id\":\"https:\/\/tourtravelandmore.com\/es\/#organization\"},\"potentialAction\":[{\"@type\":\"SearchAction\",\"target\":{\"@type\":\"EntryPoint\",\"urlTemplate\":\"https:\/\/tourtravelandmore.com\/es\/?s={search_term_string}\"},\"query-input\":{\"@type\":\"PropertyValueSpecification\",\"valueRequired\":true,\"valueName\":\"search_term_string\"}}],\"inLanguage\":\"es\"},{\"@type\":\"Organization\",\"@id\":\"https:\/\/tourtravelandmore.com\/es\/#organization\",\"name\":\"Tour Travel And More\",\"url\":\"https:\/\/tourtravelandmore.com\/es\/\",\"logo\":{\"@type\":\"ImageObject\",\"inLanguage\":\"es\",\"@id\":\"https:\/\/tourtravelandmore.com\/es\/#\/schema\/logo\/image\/\",\"url\":\"https:\/\/tourtravelandmore.com\/wp-content\/uploads\/2022\/12\/cropped-logo-cabecera-new.png\",\"contentUrl\":\"https:\/\/tourtravelandmore.com\/wp-content\/uploads\/2022\/12\/cropped-logo-cabecera-new.png\",\"width\":430,\"height\":61,\"caption\":\"Tour Travel And More\"},\"image\":{\"@id\":\"https:\/\/tourtravelandmore.com\/es\/#\/schema\/logo\/image\/\"},\"sameAs\":[\"https:\/\/www.facebook.com\/tourtravelandmore\/\",\"https:\/\/x.com\/TourTravel_More\"]}]}<\/script>\n<!-- \/ Yoast SEO Premium plugin. -->","yoast_head_json":{"title":"\u27a1\ufe0f Tour a Cordoba desde Motril con guia y vehiculo privado | Tour Travel & More","description":"Disfruta de este tour a Cordoba desde Motril. Conozca los monumentos y zonas m\u00e1s emblem\u00e1ticas de C\u00f3rdoba como El Barrio Judio, Mausoleo y mucho mas! \u2705","robots":{"index":"index","follow":"follow","max-snippet":"max-snippet:-1","max-image-preview":"max-image-preview:large","max-video-preview":"max-video-preview:-1"},"canonical":"https:\/\/tourtravelandmore.com\/es\/tours\/espana-es\/motril-es\/motril-excursiones-privadas-es\/tour-a-cordoba-desde-motril-con-guia-y-vehiculo-privado\/","og_locale":"es_ES","og_type":"article","og_title":"Excursi\u00f3n Privada a Cordoba desde Motril o Terminal de Cruceros","og_description":"Disfruta de este tour a Cordoba desde Motril. Conozca los monumentos y zonas m\u00e1s emblem\u00e1ticas de C\u00f3rdoba como El Barrio Judio, Mausoleo y mucho mas! \u2705","og_url":"https:\/\/tourtravelandmore.com\/es\/tours\/espana-es\/motril-es\/motril-excursiones-privadas-es\/tour-a-cordoba-desde-motril-con-guia-y-vehiculo-privado\/","og_site_name":"Tour Travel And More","article_publisher":"https:\/\/www.facebook.com\/tourtravelandmore\/","article_modified_time":"2022-12-31T02:54:02+00:00","og_image":[{"width":1365,"height":1365,"url":"https:\/\/tourtravelandmore.com\/wp-content\/uploads\/2020\/02\/cordoba.jpg","type":"image\/jpeg"}],"twitter_card":"summary_large_image","twitter_site":"@TourTravel_More","twitter_misc":{"Tiempo de lectura":"4 minutos"},"schema":{"@context":"https:\/\/schema.org","@graph":[{"@type":"WebPage","@id":"https:\/\/tourtravelandmore.com\/es\/tours\/espana-es\/motril-es\/motril-excursiones-privadas-es\/tour-a-cordoba-desde-motril-con-guia-y-vehiculo-privado\/","url":"https:\/\/tourtravelandmore.com\/es\/tours\/espana-es\/motril-es\/motril-excursiones-privadas-es\/tour-a-cordoba-desde-motril-con-guia-y-vehiculo-privado\/","name":"\u27a1\ufe0f Tour a Cordoba desde Motril con guia y vehiculo privado | Tour Travel & More","isPartOf":{"@id":"https:\/\/tourtravelandmore.com\/es\/#website"},"primaryImageOfPage":{"@id":"https:\/\/tourtravelandmore.com\/es\/tours\/espana-es\/motril-es\/motril-excursiones-privadas-es\/tour-a-cordoba-desde-motril-con-guia-y-vehiculo-privado\/#primaryimage"},"image":{"@id":"https:\/\/tourtravelandmore.com\/es\/tours\/espana-es\/motril-es\/motril-excursiones-privadas-es\/tour-a-cordoba-desde-motril-con-guia-y-vehiculo-privado\/#primaryimage"},"thumbnailUrl":"https:\/\/tourtravelandmore.com\/wp-content\/uploads\/2020\/02\/cordoba.jpg","datePublished":"2020-05-20T13:03:14+00:00","dateModified":"2022-12-31T02:54:02+00:00","description":"Disfruta de este tour a Cordoba desde Motril. Conozca los monumentos y zonas m\u00e1s emblem\u00e1ticas de C\u00f3rdoba como El Barrio Judio, Mausoleo y mucho mas! \u2705","breadcrumb":{"@id":"https:\/\/tourtravelandmore.com\/es\/tours\/espana-es\/motril-es\/motril-excursiones-privadas-es\/tour-a-cordoba-desde-motril-con-guia-y-vehiculo-privado\/#breadcrumb"},"inLanguage":"es","potentialAction":[{"@type":"ReadAction","target":["https:\/\/tourtravelandmore.com\/es\/tours\/espana-es\/motril-es\/motril-excursiones-privadas-es\/tour-a-cordoba-desde-motril-con-guia-y-vehiculo-privado\/"]}]},{"@type":"ImageObject","inLanguage":"es","@id":"https:\/\/tourtravelandmore.com\/es\/tours\/espana-es\/motril-es\/motril-excursiones-privadas-es\/tour-a-cordoba-desde-motril-con-guia-y-vehiculo-privado\/#primaryimage","url":"https:\/\/tourtravelandmore.com\/wp-content\/uploads\/2020\/02\/cordoba.jpg","contentUrl":"https:\/\/tourtravelandmore.com\/wp-content\/uploads\/2020\/02\/cordoba.jpg","width":1365,"height":1365},{"@type":"BreadcrumbList","@id":"https:\/\/tourtravelandmore.com\/es\/tours\/espana-es\/motril-es\/motril-excursiones-privadas-es\/tour-a-cordoba-desde-motril-con-guia-y-vehiculo-privado\/#breadcrumb","itemListElement":[{"@type":"ListItem","position":1,"name":"Home","item":"https:\/\/tourtravelandmore.com\/es\/"},{"@type":"ListItem","position":2,"name":"Tours","item":"https:\/\/tourtravelandmore.com\/es\/tours\/"},{"@type":"ListItem","position":3,"name":"Excursi\u00f3n Privada a Cordoba desde Motril o Terminal de Cruceros"}]},{"@type":"WebSite","@id":"https:\/\/tourtravelandmore.com\/es\/#website","url":"https:\/\/tourtravelandmore.com\/es\/","name":"Tour Travel And More","description":"Private sightseeing tours and luxury transfers in Spain","publisher":{"@id":"https:\/\/tourtravelandmore.com\/es\/#organization"},"potentialAction":[{"@type":"SearchAction","target":{"@type":"EntryPoint","urlTemplate":"https:\/\/tourtravelandmore.com\/es\/?s={search_term_string}"},"query-input":{"@type":"PropertyValueSpecification","valueRequired":true,"valueName":"search_term_string"}}],"inLanguage":"es"},{"@type":"Organization","@id":"https:\/\/tourtravelandmore.com\/es\/#organization","name":"Tour Travel And More","url":"https:\/\/tourtravelandmore.com\/es\/","logo":{"@type":"ImageObject","inLanguage":"es","@id":"https:\/\/tourtravelandmore.com\/es\/#\/schema\/logo\/image\/","url":"https:\/\/tourtravelandmore.com\/wp-content\/uploads\/2022\/12\/cropped-logo-cabecera-new.png","contentUrl":"https:\/\/tourtravelandmore.com\/wp-content\/uploads\/2022\/12\/cropped-logo-cabecera-new.png","width":430,"height":61,"caption":"Tour Travel And More"},"image":{"@id":"https:\/\/tourtravelandmore.com\/es\/#\/schema\/logo\/image\/"},"sameAs":["https:\/\/www.facebook.com\/tourtravelandmore\/","https:\/\/x.com\/TourTravel_More"]}]}},"_links":{"self":[{"href":"https:\/\/tourtravelandmore.com\/es\/wp-json\/wp\/v2\/product\/79770","targetHints":{"allow":["GET"]}}],"collection":[{"href":"https:\/\/tourtravelandmore.com\/es\/wp-json\/wp\/v2\/product"}],"about":[{"href":"https:\/\/tourtravelandmore.com\/es\/wp-json\/wp\/v2\/types\/product"}],"replies":[{"embeddable":true,"href":"https:\/\/tourtravelandmore.com\/es\/wp-json\/wp\/v2\/comments?post=79770"}],"wp:featuredmedia":[{"embeddable":true,"href":"https:\/\/tourtravelandmore.com\/es\/wp-json\/wp\/v2\/media\/76084"}],"wp:attachment":[{"href":"https:\/\/tourtravelandmore.com\/es\/wp-json\/wp\/v2\/media?parent=79770"}],"wp:term":[{"taxonomy":"product_brand","embeddable":true,"href":"https:\/\/tourtravelandmore.com\/es\/wp-json\/wp\/v2\/product_brand?post=79770"},{"taxonomy":"product_cat","embeddable":true,"href":"https:\/\/tourtravelandmore.com\/es\/wp-json\/wp\/v2\/product_cat?post=79770"},{"taxonomy":"product_tag","embeddable":true,"href":"https:\/\/tourtravelandmore.com\/es\/wp-json\/wp\/v2\/product_tag?post=79770"}],"curies":[{"name":"wp","href":"https:\/\/api.w.org\/{rel}","templated":true}]}}