{"id":79723,"date":"2020-05-12T13:44:43","date_gmt":"2020-05-12T11:44:43","guid":{"rendered":"https:\/\/tourtravelandmore.com\/?post_type=product&#038;p=79723"},"modified":"2024-08-21T17:24:13","modified_gmt":"2024-08-21T15:24:13","slug":"tour-privado-a-pie-pompeya","status":"publish","type":"product","link":"https:\/\/tourtravelandmore.com\/es\/tours\/italia-es\/napoles-pompeya-es\/tour-privado-a-pie-pompeya\/","title":{"rendered":"Tour Privado por Pompeya a Pie"},"content":{"rendered":"<h2><b>Visita privada a pie de Pompeya Descripci\u00f3n:<\/b><\/h2>\n<p><span style=\"font-weight: 400;\">Emb\u00e1rquese en un viaje a trav\u00e9s del tiempo con nuestro completo Tour Privado a Pie de Pompeya de 2,5 horas, donde la historia no s\u00f3lo se aprende, sino que se experimenta. Acompa\u00f1ado por su gu\u00eda oficial personal, experto y especializado en la historia y las ruinas de Pompeya, este recorrido es una invitaci\u00f3n a adentrarse en el mundo de la antigua Roma.<\/span><\/p>\n<p><span style=\"font-weight: 400;\">Pompeya, una ciudad congelada en el tiempo, ofrece una visi\u00f3n \u00fanica del pasado, preservado bajo cenizas volc\u00e1nicas desde la infame erupci\u00f3n del Monte Vesubio. Este catastr\u00f3fico suceso del a\u00f1o 79 d.C., que supuso el primer desastre natural documentado de la historia, parad\u00f3jicamente salvaguard\u00f3 los tesoros de la ciudad durante siglos hasta su redescubrimiento en el siglo XVIII.<\/span><\/p>\n<p><span style=\"font-weight: 400;\">Curiosamente, Pompeya fue en la antig\u00fcedad m\u00e1s un bullicioso destino tur\u00edstico que un centro metropolitano. Muchas de las estructuras hoy en ruinas fueron lujosas residencias de verano de la \u00e9lite romana. Hoy, estas ruinas cuentan historias de grandeza, vida cotidiana y destrucci\u00f3n repentina.<\/span><\/p>\n<p><span style=\"font-weight: 400;\">Nuestro recorrido promete una experiencia envolvente, que le permitir\u00e1 recorrer las calles de esta antigua ciudad como si fuera un antiguo ciudadano romano. Su experto gu\u00eda le har\u00e1 revivir la historia de Pompeya y le revelar\u00e1 los secretos que esconden sus muros.<\/span><\/p>\n<p><span style=\"font-weight: 400;\">Para aquellos que busquen una exploraci\u00f3n m\u00e1s extensa, nuestra excursi\u00f3n privada a Pompeya desde N\u00e1poles incluye un c\u00f3modo servicio de recogida y regreso, ampliando as\u00ed su viaje al mundo romano.<\/span><\/p>\n<p><span style=\"font-weight: 400;\">Mientras serpentea por las silenciosas calles y las majestuosas ruinas de Pompeya, ser\u00e1 testigo de los restos de panader\u00edas, bodegas y hogares, cada uno de los cuales ofrece una ventana a las rutinas y costumbres diarias de sus antiguos habitantes. Los espacios p\u00fablicos bien conservados de la ciudad, como el amplio anfiteatro y el coraz\u00f3n pol\u00edtico del Foro, ponen de relieve la avanzada planificaci\u00f3n urbana y la vibrante vida social de la \u00e9poca romana. Su gu\u00eda tambi\u00e9n le hablar\u00e1 de los intrigantes contrastes de estilo de vida entre la gente acomodada y la gente com\u00fan de Pompeya, ofreci\u00e9ndole una comprensi\u00f3n hol\u00edstica de la sociedad romana.<\/span><\/p>\n<p><span style=\"font-weight: 400;\">Adem\u00e1s, este recorrido ofrece una oportunidad \u00fanica para reflexionar sobre la naturaleza ef\u00edmera de la vida y el poder de la naturaleza, como demuestra v\u00edvidamente el repentino final de Pompeya. Es un conmovedor recordatorio de la fragilidad y resistencia de las civilizaciones humanas. A medida que vaya absorbiendo las historias y el ambiente de esta ciudad anta\u00f1o pr\u00f3spera, sentir\u00e1 un aprecio m\u00e1s profundo por la historia y las lecciones que imparte. Acomp\u00e1\u00f1enos en este esclarecedor viaje a trav\u00e9s de uno de los tesoros arqueol\u00f3gicos m\u00e1s extraordinarios del mundo.<\/span><\/p>\n<h2><b>Visita privada a pie de Pompeya | Puntos de inter\u00e9s y lugares emblem\u00e1ticos:<\/b><\/h2>\n<p><span style=\"font-weight: 400;\">Su aventura comienza en Porta Marina Superiore, donde se encontrar\u00e1 con su gu\u00eda y recibir\u00e1 sus entradas a este impresionante sitio arqueol\u00f3gico<\/span><\/p>\n<ul>\n<li style=\"font-weight: 400;\" aria-level=\"1\"><b>Calles antiguas: <\/b><span style=\"font-weight: 400;\">Mientras camina por las antiguas calles adoquinadas, experimentar\u00e1 la vida cotidiana del Imperio Romano. El trazado de la ciudad, con sus edificios p\u00fablicos y residencias privadas, resume la esencia de la planificaci\u00f3n urbana y la arquitectura romanas.<\/span><\/li>\n<li style=\"font-weight: 400;\" aria-level=\"1\"><b>La Casa del Fauno y la Casa del Poeta Tr\u00e1gico:<\/b><span style=\"font-weight: 400;\"> Explore estas renombradas residencias, que ofrecen una visi\u00f3n del lujoso estilo de vida de los adinerados habitantes de Pompeya.<\/span><\/li>\n<li style=\"font-weight: 400;\" aria-level=\"1\"><b>Foro Romano y Termas:<\/b><span style=\"font-weight: 400;\"> Viaje al coraz\u00f3n de la vida p\u00fablica de Pompeya. El Foro era el n\u00facleo de las actividades pol\u00edticas, religiosas y sociales de la ciudad, mientras que las Termas ponen de relieve el compromiso romano con la salud y el ocio.<\/span><\/li>\n<li style=\"font-weight: 400;\" aria-level=\"1\"><b>Frescos vivos: <\/b><span style=\"font-weight: 400;\">Admire los hermosos frescos que adornan las murallas de la ciudad, testimonio de la maestr\u00eda art\u00edstica de la \u00e9poca. Estas v\u00edvidas pinturas ofrecen una colorida ventana a las preferencias est\u00e9ticas y la vida cotidiana de los antiguos romanos.<\/span><\/li>\n<li style=\"font-weight: 400;\" aria-level=\"1\"><b>Celebraciones de Vulcanalia<\/b><span style=\"font-weight: 400;\">: Profundice en la intrigante coincidencia de que la erupci\u00f3n del Vesubio se produjera poco despu\u00e9s de la Vulcanalia, un festival en honor de Vulcano, el dios romano del fuego. Esto a\u00f1ade una capa de mito y leyenda al tr\u00e1gico destino de la ciudad.<\/span><\/li>\n<li style=\"font-weight: 400;\" aria-level=\"1\"><b>Templo de Apolo<\/b><span style=\"font-weight: 400;\">: Visite uno de los lugares religiosos m\u00e1s antiguos y venerados de Pompeya. El Templo de Apolo, dedicado al dios romano del sol, exhibe un intrincado dise\u00f1o arquitect\u00f3nico e importantes objetos religiosos, que proporcionan una visi\u00f3n de la vida espiritual de los antiguos romanos.<\/span><\/li>\n<li style=\"font-weight: 400;\" aria-level=\"1\"><b>Cuarteles de gladiadores:<\/b><span style=\"font-weight: 400;\"> Explore los restos de los campos de entrenamiento de gladiadores, un aspecto crucial de la cultura pompeyana. Este lugar ofrece una visi\u00f3n de la vida de los gladiadores, sus reg\u00edmenes de entrenamiento y el papel que desempe\u00f1aban en el entretenimiento p\u00fablico.<\/span><\/li>\n<li style=\"font-weight: 400;\" aria-level=\"1\"><b>Jard\u00edn de los Fugitivos:<\/b><span style=\"font-weight: 400;\"> Esta conmovedora zona exhibe los moldes de las v\u00edctimas atrapadas tras la erupci\u00f3n. Es una muestra aleccionadora y emotiva que capta los \u00faltimos momentos de los habitantes de Pompeya, ofreciendo un crudo recordatorio de la tragedia que se abati\u00f3 sobre la ciudad.<\/span><\/li>\n<\/ul>\n<p><span style=\"font-weight: 400;\">Experimente la grandeza, la sofisticaci\u00f3n y el abrupto final de esta extraordinaria ciudad, guiado por los mejores narradores. D\u00e9jenos transportarle en el tiempo a un mundo a la vez familiar y completamente extra\u00f1o. <\/span><a href=\"https:\/\/tourtravelandmore.com\/es\/ciudad\/italia-es\/napoles-pompeya-es\/\"><span style=\"font-weight: 400;\">Reserve nuestra excursi\u00f3n y sum\u00e9rjase en uno de los relatos m\u00e1s fascinantes de la historia.<\/span><\/a><\/p>\n<p><em>nota: el gu\u00eda le espera en Porta Marina superiore (Pompeya)<\/em><\/p>\n","protected":false},"excerpt":{"rendered":"<p><span style=\"font-weight: 400;\">\u00danete a nuestro Tour Privado a Pie por Pompeya y descubre los secretos de esta antigua ciudad romana. Experimenta sus calles, edificios e historias mientras cobran vida con tu gu\u00eda experto.<\/span><\/p>\n","protected":false},"featured_media":79733,"comment_status":"open","ping_status":"closed","template":"","meta":{"_acf_changed":false},"product_brand":[],"product_cat":[463,467,557],"product_tag":[],"class_list":{"0":"post-79723","1":"product","2":"type-product","3":"status-publish","4":"has-post-thumbnail","6":"product_cat-napoles-pompeya-es","7":"product_cat-napoles-pompeya-actividades-es","8":"product_cat-napoles-pompeya-tours-privados-pie-es","10":"first","11":"instock","12":"shipping-taxable","13":"purchasable","14":"product-type-simple"},"acf":[],"yoast_head":"<!-- This site is optimized with the Yoast SEO Premium plugin v25.3.1 (Yoast SEO v25.3.1) - https:\/\/yoast.com\/wordpress\/plugins\/seo\/ -->\n<title>Descubra la Antigua Roma: Excursi\u00f3n privada a pie por Pompeya<\/title>\n<meta name=\"description\" content=\"Ad\u00e9ntrate en la historia con nuestro Tour Privado a Pie por Pompeya. Explora antiguas calles, casas y frescos con un gu\u00eda experto. Un viaje a trav\u00e9s del tiemp\" \/>\n<meta name=\"robots\" content=\"index, follow, max-snippet:-1, max-image-preview:large, max-video-preview:-1\" \/>\n<link rel=\"canonical\" href=\"https:\/\/tourtravelandmore.com\/es\/tours\/italia-es\/napoles-pompeya-es\/tour-privado-a-pie-pompeya\/\" \/>\n<meta property=\"og:locale\" content=\"es_ES\" \/>\n<meta property=\"og:type\" content=\"article\" \/>\n<meta property=\"og:title\" content=\"Tour Privado por Pompeya a Pie\" \/>\n<meta property=\"og:description\" content=\"Ad\u00e9ntrate en la historia con nuestro Tour Privado a Pie por Pompeya. Explora antiguas calles, casas y frescos con un gu\u00eda experto. Un viaje a trav\u00e9s del tiemp\" \/>\n<meta property=\"og:url\" content=\"https:\/\/tourtravelandmore.com\/es\/tours\/italia-es\/napoles-pompeya-es\/tour-privado-a-pie-pompeya\/\" \/>\n<meta property=\"og:site_name\" content=\"Tour Travel And More\" \/>\n<meta property=\"article:publisher\" content=\"https:\/\/www.facebook.com\/tourtravelandmore\/\" \/>\n<meta property=\"article:modified_time\" content=\"2024-08-21T15:24:13+00:00\" \/>\n<meta property=\"og:image\" content=\"https:\/\/tourtravelandmore.com\/wp-content\/uploads\/2020\/05\/excursion-pompeii-15100649391-1510582100-1510669423-1534931920.jpg\" \/>\n\t<meta property=\"og:image:width\" content=\"1680\" \/>\n\t<meta property=\"og:image:height\" content=\"770\" \/>\n\t<meta property=\"og:image:type\" content=\"image\/jpeg\" \/>\n<meta name=\"twitter:card\" content=\"summary_large_image\" \/>\n<meta name=\"twitter:site\" content=\"@TourTravel_More\" \/>\n<meta name=\"twitter:label1\" content=\"Tiempo de lectura\" \/>\n\t<meta name=\"twitter:data1\" content=\"4 minutos\" \/>\n<script type=\"application\/ld+json\" class=\"yoast-schema-graph\">{\"@context\":\"https:\/\/schema.org\",\"@graph\":[{\"@type\":\"WebPage\",\"@id\":\"https:\/\/tourtravelandmore.com\/es\/tours\/italia-es\/napoles-pompeya-es\/tour-privado-a-pie-pompeya\/\",\"url\":\"https:\/\/tourtravelandmore.com\/es\/tours\/italia-es\/napoles-pompeya-es\/tour-privado-a-pie-pompeya\/\",\"name\":\"Descubra la Antigua Roma: Excursi\u00f3n privada a pie por Pompeya\",\"isPartOf\":{\"@id\":\"https:\/\/tourtravelandmore.com\/es\/#website\"},\"primaryImageOfPage\":{\"@id\":\"https:\/\/tourtravelandmore.com\/es\/tours\/italia-es\/napoles-pompeya-es\/tour-privado-a-pie-pompeya\/#primaryimage\"},\"image\":{\"@id\":\"https:\/\/tourtravelandmore.com\/es\/tours\/italia-es\/napoles-pompeya-es\/tour-privado-a-pie-pompeya\/#primaryimage\"},\"thumbnailUrl\":\"https:\/\/tourtravelandmore.com\/wp-content\/uploads\/2020\/05\/excursion-pompeii-15100649391-1510582100-1510669423-1534931920.jpg\",\"datePublished\":\"2020-05-12T11:44:43+00:00\",\"dateModified\":\"2024-08-21T15:24:13+00:00\",\"description\":\"Ad\u00e9ntrate en la historia con nuestro Tour Privado a Pie por Pompeya. Explora antiguas calles, casas y frescos con un gu\u00eda experto. Un viaje a trav\u00e9s del tiemp\",\"breadcrumb\":{\"@id\":\"https:\/\/tourtravelandmore.com\/es\/tours\/italia-es\/napoles-pompeya-es\/tour-privado-a-pie-pompeya\/#breadcrumb\"},\"inLanguage\":\"es\",\"potentialAction\":[{\"@type\":\"ReadAction\",\"target\":[\"https:\/\/tourtravelandmore.com\/es\/tours\/italia-es\/napoles-pompeya-es\/tour-privado-a-pie-pompeya\/\"]}]},{\"@type\":\"ImageObject\",\"inLanguage\":\"es\",\"@id\":\"https:\/\/tourtravelandmore.com\/es\/tours\/italia-es\/napoles-pompeya-es\/tour-privado-a-pie-pompeya\/#primaryimage\",\"url\":\"https:\/\/tourtravelandmore.com\/wp-content\/uploads\/2020\/05\/excursion-pompeii-15100649391-1510582100-1510669423-1534931920.jpg\",\"contentUrl\":\"https:\/\/tourtravelandmore.com\/wp-content\/uploads\/2020\/05\/excursion-pompeii-15100649391-1510582100-1510669423-1534931920.jpg\",\"width\":1680,\"height\":770},{\"@type\":\"BreadcrumbList\",\"@id\":\"https:\/\/tourtravelandmore.com\/es\/tours\/italia-es\/napoles-pompeya-es\/tour-privado-a-pie-pompeya\/#breadcrumb\",\"itemListElement\":[{\"@type\":\"ListItem\",\"position\":1,\"name\":\"Home\",\"item\":\"https:\/\/tourtravelandmore.com\/es\/\"},{\"@type\":\"ListItem\",\"position\":2,\"name\":\"Tours\",\"item\":\"https:\/\/tourtravelandmore.com\/es\/tours\/\"},{\"@type\":\"ListItem\",\"position\":3,\"name\":\"Tour Privado por Pompeya a Pie\"}]},{\"@type\":\"WebSite\",\"@id\":\"https:\/\/tourtravelandmore.com\/es\/#website\",\"url\":\"https:\/\/tourtravelandmore.com\/es\/\",\"name\":\"Tour Travel And More\",\"description\":\"Private sightseeing tours and luxury transfers in Spain\",\"publisher\":{\"@id\":\"https:\/\/tourtravelandmore.com\/es\/#organization\"},\"potentialAction\":[{\"@type\":\"SearchAction\",\"target\":{\"@type\":\"EntryPoint\",\"urlTemplate\":\"https:\/\/tourtravelandmore.com\/es\/?s={search_term_string}\"},\"query-input\":{\"@type\":\"PropertyValueSpecification\",\"valueRequired\":true,\"valueName\":\"search_term_string\"}}],\"inLanguage\":\"es\"},{\"@type\":\"Organization\",\"@id\":\"https:\/\/tourtravelandmore.com\/es\/#organization\",\"name\":\"Tour Travel And More\",\"url\":\"https:\/\/tourtravelandmore.com\/es\/\",\"logo\":{\"@type\":\"ImageObject\",\"inLanguage\":\"es\",\"@id\":\"https:\/\/tourtravelandmore.com\/es\/#\/schema\/logo\/image\/\",\"url\":\"https:\/\/tourtravelandmore.com\/wp-content\/uploads\/2022\/12\/cropped-logo-cabecera-new.png\",\"contentUrl\":\"https:\/\/tourtravelandmore.com\/wp-content\/uploads\/2022\/12\/cropped-logo-cabecera-new.png\",\"width\":430,\"height\":61,\"caption\":\"Tour Travel And More\"},\"image\":{\"@id\":\"https:\/\/tourtravelandmore.com\/es\/#\/schema\/logo\/image\/\"},\"sameAs\":[\"https:\/\/www.facebook.com\/tourtravelandmore\/\",\"https:\/\/x.com\/TourTravel_More\"]}]}<\/script>\n<!-- \/ Yoast SEO Premium plugin. -->","yoast_head_json":{"title":"Descubra la Antigua Roma: Excursi\u00f3n privada a pie por Pompeya","description":"Ad\u00e9ntrate en la historia con nuestro Tour Privado a Pie por Pompeya. Explora antiguas calles, casas y frescos con un gu\u00eda experto. Un viaje a trav\u00e9s del tiemp","robots":{"index":"index","follow":"follow","max-snippet":"max-snippet:-1","max-image-preview":"max-image-preview:large","max-video-preview":"max-video-preview:-1"},"canonical":"https:\/\/tourtravelandmore.com\/es\/tours\/italia-es\/napoles-pompeya-es\/tour-privado-a-pie-pompeya\/","og_locale":"es_ES","og_type":"article","og_title":"Tour Privado por Pompeya a Pie","og_description":"Ad\u00e9ntrate en la historia con nuestro Tour Privado a Pie por Pompeya. Explora antiguas calles, casas y frescos con un gu\u00eda experto. Un viaje a trav\u00e9s del tiemp","og_url":"https:\/\/tourtravelandmore.com\/es\/tours\/italia-es\/napoles-pompeya-es\/tour-privado-a-pie-pompeya\/","og_site_name":"Tour Travel And More","article_publisher":"https:\/\/www.facebook.com\/tourtravelandmore\/","article_modified_time":"2024-08-21T15:24:13+00:00","og_image":[{"width":1680,"height":770,"url":"https:\/\/tourtravelandmore.com\/wp-content\/uploads\/2020\/05\/excursion-pompeii-15100649391-1510582100-1510669423-1534931920.jpg","type":"image\/jpeg"}],"twitter_card":"summary_large_image","twitter_site":"@TourTravel_More","twitter_misc":{"Tiempo de lectura":"4 minutos"},"schema":{"@context":"https:\/\/schema.org","@graph":[{"@type":"WebPage","@id":"https:\/\/tourtravelandmore.com\/es\/tours\/italia-es\/napoles-pompeya-es\/tour-privado-a-pie-pompeya\/","url":"https:\/\/tourtravelandmore.com\/es\/tours\/italia-es\/napoles-pompeya-es\/tour-privado-a-pie-pompeya\/","name":"Descubra la Antigua Roma: Excursi\u00f3n privada a pie por Pompeya","isPartOf":{"@id":"https:\/\/tourtravelandmore.com\/es\/#website"},"primaryImageOfPage":{"@id":"https:\/\/tourtravelandmore.com\/es\/tours\/italia-es\/napoles-pompeya-es\/tour-privado-a-pie-pompeya\/#primaryimage"},"image":{"@id":"https:\/\/tourtravelandmore.com\/es\/tours\/italia-es\/napoles-pompeya-es\/tour-privado-a-pie-pompeya\/#primaryimage"},"thumbnailUrl":"https:\/\/tourtravelandmore.com\/wp-content\/uploads\/2020\/05\/excursion-pompeii-15100649391-1510582100-1510669423-1534931920.jpg","datePublished":"2020-05-12T11:44:43+00:00","dateModified":"2024-08-21T15:24:13+00:00","description":"Ad\u00e9ntrate en la historia con nuestro Tour Privado a Pie por Pompeya. Explora antiguas calles, casas y frescos con un gu\u00eda experto. Un viaje a trav\u00e9s del tiemp","breadcrumb":{"@id":"https:\/\/tourtravelandmore.com\/es\/tours\/italia-es\/napoles-pompeya-es\/tour-privado-a-pie-pompeya\/#breadcrumb"},"inLanguage":"es","potentialAction":[{"@type":"ReadAction","target":["https:\/\/tourtravelandmore.com\/es\/tours\/italia-es\/napoles-pompeya-es\/tour-privado-a-pie-pompeya\/"]}]},{"@type":"ImageObject","inLanguage":"es","@id":"https:\/\/tourtravelandmore.com\/es\/tours\/italia-es\/napoles-pompeya-es\/tour-privado-a-pie-pompeya\/#primaryimage","url":"https:\/\/tourtravelandmore.com\/wp-content\/uploads\/2020\/05\/excursion-pompeii-15100649391-1510582100-1510669423-1534931920.jpg","contentUrl":"https:\/\/tourtravelandmore.com\/wp-content\/uploads\/2020\/05\/excursion-pompeii-15100649391-1510582100-1510669423-1534931920.jpg","width":1680,"height":770},{"@type":"BreadcrumbList","@id":"https:\/\/tourtravelandmore.com\/es\/tours\/italia-es\/napoles-pompeya-es\/tour-privado-a-pie-pompeya\/#breadcrumb","itemListElement":[{"@type":"ListItem","position":1,"name":"Home","item":"https:\/\/tourtravelandmore.com\/es\/"},{"@type":"ListItem","position":2,"name":"Tours","item":"https:\/\/tourtravelandmore.com\/es\/tours\/"},{"@type":"ListItem","position":3,"name":"Tour Privado por Pompeya a Pie"}]},{"@type":"WebSite","@id":"https:\/\/tourtravelandmore.com\/es\/#website","url":"https:\/\/tourtravelandmore.com\/es\/","name":"Tour Travel And More","description":"Private sightseeing tours and luxury transfers in Spain","publisher":{"@id":"https:\/\/tourtravelandmore.com\/es\/#organization"},"potentialAction":[{"@type":"SearchAction","target":{"@type":"EntryPoint","urlTemplate":"https:\/\/tourtravelandmore.com\/es\/?s={search_term_string}"},"query-input":{"@type":"PropertyValueSpecification","valueRequired":true,"valueName":"search_term_string"}}],"inLanguage":"es"},{"@type":"Organization","@id":"https:\/\/tourtravelandmore.com\/es\/#organization","name":"Tour Travel And More","url":"https:\/\/tourtravelandmore.com\/es\/","logo":{"@type":"ImageObject","inLanguage":"es","@id":"https:\/\/tourtravelandmore.com\/es\/#\/schema\/logo\/image\/","url":"https:\/\/tourtravelandmore.com\/wp-content\/uploads\/2022\/12\/cropped-logo-cabecera-new.png","contentUrl":"https:\/\/tourtravelandmore.com\/wp-content\/uploads\/2022\/12\/cropped-logo-cabecera-new.png","width":430,"height":61,"caption":"Tour Travel And More"},"image":{"@id":"https:\/\/tourtravelandmore.com\/es\/#\/schema\/logo\/image\/"},"sameAs":["https:\/\/www.facebook.com\/tourtravelandmore\/","https:\/\/x.com\/TourTravel_More"]}]}},"_links":{"self":[{"href":"https:\/\/tourtravelandmore.com\/es\/wp-json\/wp\/v2\/product\/79723","targetHints":{"allow":["GET"]}}],"collection":[{"href":"https:\/\/tourtravelandmore.com\/es\/wp-json\/wp\/v2\/product"}],"about":[{"href":"https:\/\/tourtravelandmore.com\/es\/wp-json\/wp\/v2\/types\/product"}],"replies":[{"embeddable":true,"href":"https:\/\/tourtravelandmore.com\/es\/wp-json\/wp\/v2\/comments?post=79723"}],"wp:featuredmedia":[{"embeddable":true,"href":"https:\/\/tourtravelandmore.com\/es\/wp-json\/wp\/v2\/media\/79733"}],"wp:attachment":[{"href":"https:\/\/tourtravelandmore.com\/es\/wp-json\/wp\/v2\/media?parent=79723"}],"wp:term":[{"taxonomy":"product_brand","embeddable":true,"href":"https:\/\/tourtravelandmore.com\/es\/wp-json\/wp\/v2\/product_brand?post=79723"},{"taxonomy":"product_cat","embeddable":true,"href":"https:\/\/tourtravelandmore.com\/es\/wp-json\/wp\/v2\/product_cat?post=79723"},{"taxonomy":"product_tag","embeddable":true,"href":"https:\/\/tourtravelandmore.com\/es\/wp-json\/wp\/v2\/product_tag?post=79723"}],"curies":[{"name":"wp","href":"https:\/\/api.w.org\/{rel}","templated":true}]}}