{"id":79711,"date":"2020-05-12T12:34:14","date_gmt":"2020-05-12T10:34:15","guid":{"rendered":"https:\/\/tourtravelandmore.com\/?post_type=product&#038;p=79711"},"modified":"2024-01-15T11:15:36","modified_gmt":"2024-01-15T10:15:36","slug":"tour-privado-a-pie-por-cracovia","status":"publish","type":"product","link":"https:\/\/tourtravelandmore.com\/es\/tours\/polonia-es\/cracovia-es\/cracovia-actividades-es\/tour-privado-a-pie-por-cracovia\/","title":{"rendered":"Tour Privado a pie por Cracovia"},"content":{"rendered":"<h2 id=\"tw-target-text\" class=\"tw-data-text tw-text-large XcVN5d tw-ta\" dir=\"ltr\" data-placeholder=\"Traducci\u00f3n\"><span lang=\"es\">Descripci\u00f3n del Tour Privado a pie por Cracovia<\/span><\/h2>\n<p>Ofrecemos uno de los recorridos m\u00e1s incre\u00edbles y hermosos por el casco antiguo de la ciudad de Cracovia. Esta ciudad tambi\u00e9n es conocida como <em>&#8220;La Nueva Praga&#8221;<\/em>. Haga que nuestro <strong>Tour Privado a pie por Cracovia<\/strong> lo lleve a esta experiencia \u00fanica. Es uno de los lugares tur\u00edsticos m\u00e1s visitados de toda Europa gracias a su riqueza arquitect\u00f3nica.<\/p>\n<p>En este recorrido por el casco antiguo podr\u00e1 apreciar torres barrocas. Tambi\u00e9n disfrutaremos de portales renacentistas y por supuesto de una plaza medieval. Es la mejor conservada de todo el continente. En este viaje de la mano de <strong>Tour Travel &amp; More<\/strong> conseguir\u00e1s desvelar todos los misterios de la bella ciudad polaca. Conozca todos sus datos interesantes gracias a la compa\u00f1\u00eda de su propio gu\u00eda privado, el cual es un gran conocedor de la zona, sus an\u00e9cdotas y la rica cultura que esconde esta antigua ciudad.<\/p>\n<p>Para completar todo el recorrido de este Tour privado a pie por Cracovia, solo necesita reservar 3 horas en su horario. Te ofrecemos una excursi\u00f3n a medida. T\u00fa eres quien decide qu\u00e9 tipo de experiencias quieres vivir en la hermosa ciudad de Cracovia.<\/p>\n<h2>Puntos emblem\u00e1ticos y de inter\u00e9s en el Tour Privado a pie por Cracovia<\/h2>\n<p>El recorrido comenzar\u00e1 en <strong>Rynek Market Square,<\/strong> que fue\u00a0declarado Patrimonio de la Humanidad por la UNESCO. Es una de las plazas del mercado medieval m\u00e1s antiguas y mejor conservadas de toda Europa.<\/p>\n<p>Poco a poco nos iremos acercando a la <strong>Bas\u00edlica de Santa Mar\u00eda<\/strong>. Es una hermosa construcci\u00f3n que podemos admirar y visitar caminando mientras el gu\u00eda nos revela todos sus secretos. Nos habla de su papel protagonista en la historia de Polonia\u2026 Si tenemos suerte, disfrutaremos de las notas de la trompeta que anuncia la llegada de una nueva hora del d\u00eda. Cuando hayamos terminado, iremos al <strong>mercado de la Lonja de los Pa\u00f1os.<\/strong> Es el lugar ideal para la compra de souvenirs, en este lugar obtendr\u00e1s casi cualquier cosa a muy buen precio.<\/p>\n<p>El pr\u00f3ximo punto de inter\u00e9s ser\u00e1 la <strong>Barbacana<\/strong>. Es otro hermoso edificio que admiraremos desde el exterior. El gu\u00eda nos dir\u00e1 a qu\u00e9 le debe su nombre y las funciones que ha tenido para la ciudad.<\/p>\n<p>Otro lugar significativo para muchos turistas es la zona donde vivi\u00f3 el Papa Juan Pablo II. All\u00ed incluso se puede ver la peque\u00f1a ventana donde sol\u00eda mirar.<\/p>\n<p>Finalmente, subiremos a <strong>Wawel Hill<\/strong>. Est\u00e1 coronado por el Castillo del mismo nombre. Fue residencia de la familia real hasta 1600 y hoy es uno de los principales museos de arte del pa\u00eds.<\/p>\n<h2>Conociendo un poco m\u00e1s Cracovia&#8230;<\/h2>\n<p>Cracovia se encuentra en el sureste de Polonia. <span class=\"JLqJ4b ChMk0b\" data-language-for-alternatives=\"es\" data-language-to-translate-into=\"en\" data-phrase-index=\"1\">M\u00e1s concretamente entre las tierras altas del Jura y las monta\u00f1as Tatra. Justo a orillas del r\u00edo V\u00edstula. Entrar en esta ciudad es como adentrarse en un cuento de hadas por la pintoresca arquitectura y el aspecto antiguo que ba\u00f1a todo el pueblo. <\/span><\/p>\n<p><span class=\"JLqJ4b ChMk0b\" data-language-for-alternatives=\"es\" data-language-to-translate-into=\"en\" data-phrase-index=\"1\"><span class=\"JLqJ4b\" data-language-for-alternatives=\"es\" data-language-to-translate-into=\"en\" data-phrase-index=\"4\">Es una de las ciudades polacas m\u00e1s antiguas. Durante cientos de a\u00f1os sirvi\u00f3 como recinto para el desarrollo cultural, cient\u00edfico y art\u00edstico de toda Polonia. Es por eso que hoy en d\u00eda es uno de los destinos tur\u00edsticos m\u00e1s populares, incluso entre los propios polacos. <\/span><\/span><\/p>\n<p><a href=\"https:\/\/tourtravelandmore.com\/es\/ciudad\/polonia-es\/cracovia-es\/\"><span class=\"JLqJ4b ChMk0b\" data-language-for-alternatives=\"es\" data-language-to-translate-into=\"en\" data-phrase-index=\"1\"><span class=\"JLqJ4b\" data-language-for-alternatives=\"es\" data-language-to-translate-into=\"en\" data-phrase-index=\"4\">\u00a1Consulta nuestros tours privados en Cracovia!<\/span><\/span><\/a><\/p>\n","protected":false},"excerpt":{"rendered":"<p>Disfrute de este <strong>tour privado a pie del centro hist\u00f3rico de Cracovia<\/strong> junto a su gu\u00eda oficial privado experto en la ciudad. Tome esta oportunidad para conocer y disfrutar de esta maravillosa ciudad que alberga sitios declaradospor la<em><strong> UNESCO <\/strong><\/em>como<em><strong> Patrimionio de la Humanidad.\u00a0<\/strong><\/em>El itinerario es absolutamente adaptable a sus deseos e intereses personales.<\/p>\n<p>&nbsp;<\/p>\n","protected":false},"featured_media":79721,"comment_status":"open","ping_status":"closed","template":"","meta":{"_acf_changed":false},"product_brand":[],"product_cat":[2206,2213,2216,2222],"product_tag":[],"class_list":{"0":"post-79711","1":"product","2":"type-product","3":"status-publish","4":"has-post-thumbnail","6":"product_cat-polonia-es","7":"product_cat-cracovia-es","8":"product_cat-cracovia-actividades-es","9":"product_cat-cracovia-tours-a-pie","11":"first","12":"instock","13":"shipping-taxable","14":"purchasable","15":"product-type-simple"},"acf":[],"yoast_head":"<!-- This site is optimized with the Yoast SEO Premium plugin v25.3.1 (Yoast SEO v25.3.1) - https:\/\/yoast.com\/wordpress\/plugins\/seo\/ -->\n<title>\u27a1\ufe0f Tour privado a pie por Cracovia con gu\u00eda oficial privado | Tour Travel &amp; More<\/title>\n<meta name=\"description\" content=\"Descubre los sitios m\u00e1s emblem\u00e1ticos del centro hist\u00f3rico de Cracovia con nuestro Tour Privado a pie por Cracovia con gu\u00eda oficial \u2705\" \/>\n<meta name=\"robots\" content=\"index, follow, max-snippet:-1, max-image-preview:large, max-video-preview:-1\" \/>\n<link rel=\"canonical\" href=\"https:\/\/tourtravelandmore.com\/es\/tours\/polonia-es\/cracovia-es\/cracovia-actividades-es\/tour-privado-a-pie-por-cracovia\/\" \/>\n<meta property=\"og:locale\" content=\"es_ES\" \/>\n<meta property=\"og:type\" content=\"article\" \/>\n<meta property=\"og:title\" content=\"Tour Privado a pie por Cracovia\" \/>\n<meta property=\"og:description\" content=\"Descubre los sitios m\u00e1s emblem\u00e1ticos del centro hist\u00f3rico de Cracovia con nuestro Tour Privado a pie por Cracovia con gu\u00eda oficial \u2705\" \/>\n<meta property=\"og:url\" content=\"https:\/\/tourtravelandmore.com\/es\/tours\/polonia-es\/cracovia-es\/cracovia-actividades-es\/tour-privado-a-pie-por-cracovia\/\" \/>\n<meta property=\"og:site_name\" content=\"Tour Travel And More\" \/>\n<meta property=\"article:publisher\" content=\"https:\/\/www.facebook.com\/tourtravelandmore\/\" \/>\n<meta property=\"article:modified_time\" content=\"2024-01-15T10:15:36+00:00\" \/>\n<meta property=\"og:image\" content=\"https:\/\/tourtravelandmore.com\/wp-content\/uploads\/2020\/05\/krakow-5003750_960_720.jpg\" \/>\n\t<meta property=\"og:image:width\" content=\"960\" \/>\n\t<meta property=\"og:image:height\" content=\"720\" \/>\n\t<meta property=\"og:image:type\" content=\"image\/jpeg\" \/>\n<meta name=\"twitter:card\" content=\"summary_large_image\" \/>\n<meta name=\"twitter:site\" content=\"@TourTravel_More\" \/>\n<meta name=\"twitter:label1\" content=\"Tiempo de lectura\" \/>\n\t<meta name=\"twitter:data1\" content=\"3 minutos\" \/>\n<script type=\"application\/ld+json\" class=\"yoast-schema-graph\">{\"@context\":\"https:\/\/schema.org\",\"@graph\":[{\"@type\":\"WebPage\",\"@id\":\"https:\/\/tourtravelandmore.com\/es\/tours\/polonia-es\/cracovia-es\/cracovia-actividades-es\/tour-privado-a-pie-por-cracovia\/\",\"url\":\"https:\/\/tourtravelandmore.com\/es\/tours\/polonia-es\/cracovia-es\/cracovia-actividades-es\/tour-privado-a-pie-por-cracovia\/\",\"name\":\"\u27a1\ufe0f Tour privado a pie por Cracovia con gu\u00eda oficial privado | Tour Travel & More\",\"isPartOf\":{\"@id\":\"https:\/\/tourtravelandmore.com\/es\/#website\"},\"primaryImageOfPage\":{\"@id\":\"https:\/\/tourtravelandmore.com\/es\/tours\/polonia-es\/cracovia-es\/cracovia-actividades-es\/tour-privado-a-pie-por-cracovia\/#primaryimage\"},\"image\":{\"@id\":\"https:\/\/tourtravelandmore.com\/es\/tours\/polonia-es\/cracovia-es\/cracovia-actividades-es\/tour-privado-a-pie-por-cracovia\/#primaryimage\"},\"thumbnailUrl\":\"https:\/\/tourtravelandmore.com\/wp-content\/uploads\/2020\/05\/krakow-5003750_960_720.jpg\",\"datePublished\":\"2020-05-12T10:34:15+00:00\",\"dateModified\":\"2024-01-15T10:15:36+00:00\",\"description\":\"Descubre los sitios m\u00e1s emblem\u00e1ticos del centro hist\u00f3rico de Cracovia con nuestro Tour Privado a pie por Cracovia con gu\u00eda oficial \u2705\",\"breadcrumb\":{\"@id\":\"https:\/\/tourtravelandmore.com\/es\/tours\/polonia-es\/cracovia-es\/cracovia-actividades-es\/tour-privado-a-pie-por-cracovia\/#breadcrumb\"},\"inLanguage\":\"es\",\"potentialAction\":[{\"@type\":\"ReadAction\",\"target\":[\"https:\/\/tourtravelandmore.com\/es\/tours\/polonia-es\/cracovia-es\/cracovia-actividades-es\/tour-privado-a-pie-por-cracovia\/\"]}]},{\"@type\":\"ImageObject\",\"inLanguage\":\"es\",\"@id\":\"https:\/\/tourtravelandmore.com\/es\/tours\/polonia-es\/cracovia-es\/cracovia-actividades-es\/tour-privado-a-pie-por-cracovia\/#primaryimage\",\"url\":\"https:\/\/tourtravelandmore.com\/wp-content\/uploads\/2020\/05\/krakow-5003750_960_720.jpg\",\"contentUrl\":\"https:\/\/tourtravelandmore.com\/wp-content\/uploads\/2020\/05\/krakow-5003750_960_720.jpg\",\"width\":960,\"height\":720},{\"@type\":\"BreadcrumbList\",\"@id\":\"https:\/\/tourtravelandmore.com\/es\/tours\/polonia-es\/cracovia-es\/cracovia-actividades-es\/tour-privado-a-pie-por-cracovia\/#breadcrumb\",\"itemListElement\":[{\"@type\":\"ListItem\",\"position\":1,\"name\":\"Home\",\"item\":\"https:\/\/tourtravelandmore.com\/es\/\"},{\"@type\":\"ListItem\",\"position\":2,\"name\":\"Tours\",\"item\":\"https:\/\/tourtravelandmore.com\/es\/tours\/\"},{\"@type\":\"ListItem\",\"position\":3,\"name\":\"Tour Privado a pie por Cracovia\"}]},{\"@type\":\"WebSite\",\"@id\":\"https:\/\/tourtravelandmore.com\/es\/#website\",\"url\":\"https:\/\/tourtravelandmore.com\/es\/\",\"name\":\"Tour Travel And More\",\"description\":\"Private sightseeing tours and luxury transfers in Spain\",\"publisher\":{\"@id\":\"https:\/\/tourtravelandmore.com\/es\/#organization\"},\"potentialAction\":[{\"@type\":\"SearchAction\",\"target\":{\"@type\":\"EntryPoint\",\"urlTemplate\":\"https:\/\/tourtravelandmore.com\/es\/?s={search_term_string}\"},\"query-input\":{\"@type\":\"PropertyValueSpecification\",\"valueRequired\":true,\"valueName\":\"search_term_string\"}}],\"inLanguage\":\"es\"},{\"@type\":\"Organization\",\"@id\":\"https:\/\/tourtravelandmore.com\/es\/#organization\",\"name\":\"Tour Travel And More\",\"url\":\"https:\/\/tourtravelandmore.com\/es\/\",\"logo\":{\"@type\":\"ImageObject\",\"inLanguage\":\"es\",\"@id\":\"https:\/\/tourtravelandmore.com\/es\/#\/schema\/logo\/image\/\",\"url\":\"https:\/\/tourtravelandmore.com\/wp-content\/uploads\/2022\/12\/cropped-logo-cabecera-new.png\",\"contentUrl\":\"https:\/\/tourtravelandmore.com\/wp-content\/uploads\/2022\/12\/cropped-logo-cabecera-new.png\",\"width\":430,\"height\":61,\"caption\":\"Tour Travel And More\"},\"image\":{\"@id\":\"https:\/\/tourtravelandmore.com\/es\/#\/schema\/logo\/image\/\"},\"sameAs\":[\"https:\/\/www.facebook.com\/tourtravelandmore\/\",\"https:\/\/x.com\/TourTravel_More\"]}]}<\/script>\n<!-- \/ Yoast SEO Premium plugin. -->","yoast_head_json":{"title":"\u27a1\ufe0f Tour privado a pie por Cracovia con gu\u00eda oficial privado | Tour Travel & More","description":"Descubre los sitios m\u00e1s emblem\u00e1ticos del centro hist\u00f3rico de Cracovia con nuestro Tour Privado a pie por Cracovia con gu\u00eda oficial \u2705","robots":{"index":"index","follow":"follow","max-snippet":"max-snippet:-1","max-image-preview":"max-image-preview:large","max-video-preview":"max-video-preview:-1"},"canonical":"https:\/\/tourtravelandmore.com\/es\/tours\/polonia-es\/cracovia-es\/cracovia-actividades-es\/tour-privado-a-pie-por-cracovia\/","og_locale":"es_ES","og_type":"article","og_title":"Tour Privado a pie por Cracovia","og_description":"Descubre los sitios m\u00e1s emblem\u00e1ticos del centro hist\u00f3rico de Cracovia con nuestro Tour Privado a pie por Cracovia con gu\u00eda oficial \u2705","og_url":"https:\/\/tourtravelandmore.com\/es\/tours\/polonia-es\/cracovia-es\/cracovia-actividades-es\/tour-privado-a-pie-por-cracovia\/","og_site_name":"Tour Travel And More","article_publisher":"https:\/\/www.facebook.com\/tourtravelandmore\/","article_modified_time":"2024-01-15T10:15:36+00:00","og_image":[{"width":960,"height":720,"url":"https:\/\/tourtravelandmore.com\/wp-content\/uploads\/2020\/05\/krakow-5003750_960_720.jpg","type":"image\/jpeg"}],"twitter_card":"summary_large_image","twitter_site":"@TourTravel_More","twitter_misc":{"Tiempo de lectura":"3 minutos"},"schema":{"@context":"https:\/\/schema.org","@graph":[{"@type":"WebPage","@id":"https:\/\/tourtravelandmore.com\/es\/tours\/polonia-es\/cracovia-es\/cracovia-actividades-es\/tour-privado-a-pie-por-cracovia\/","url":"https:\/\/tourtravelandmore.com\/es\/tours\/polonia-es\/cracovia-es\/cracovia-actividades-es\/tour-privado-a-pie-por-cracovia\/","name":"\u27a1\ufe0f Tour privado a pie por Cracovia con gu\u00eda oficial privado | Tour Travel & More","isPartOf":{"@id":"https:\/\/tourtravelandmore.com\/es\/#website"},"primaryImageOfPage":{"@id":"https:\/\/tourtravelandmore.com\/es\/tours\/polonia-es\/cracovia-es\/cracovia-actividades-es\/tour-privado-a-pie-por-cracovia\/#primaryimage"},"image":{"@id":"https:\/\/tourtravelandmore.com\/es\/tours\/polonia-es\/cracovia-es\/cracovia-actividades-es\/tour-privado-a-pie-por-cracovia\/#primaryimage"},"thumbnailUrl":"https:\/\/tourtravelandmore.com\/wp-content\/uploads\/2020\/05\/krakow-5003750_960_720.jpg","datePublished":"2020-05-12T10:34:15+00:00","dateModified":"2024-01-15T10:15:36+00:00","description":"Descubre los sitios m\u00e1s emblem\u00e1ticos del centro hist\u00f3rico de Cracovia con nuestro Tour Privado a pie por Cracovia con gu\u00eda oficial \u2705","breadcrumb":{"@id":"https:\/\/tourtravelandmore.com\/es\/tours\/polonia-es\/cracovia-es\/cracovia-actividades-es\/tour-privado-a-pie-por-cracovia\/#breadcrumb"},"inLanguage":"es","potentialAction":[{"@type":"ReadAction","target":["https:\/\/tourtravelandmore.com\/es\/tours\/polonia-es\/cracovia-es\/cracovia-actividades-es\/tour-privado-a-pie-por-cracovia\/"]}]},{"@type":"ImageObject","inLanguage":"es","@id":"https:\/\/tourtravelandmore.com\/es\/tours\/polonia-es\/cracovia-es\/cracovia-actividades-es\/tour-privado-a-pie-por-cracovia\/#primaryimage","url":"https:\/\/tourtravelandmore.com\/wp-content\/uploads\/2020\/05\/krakow-5003750_960_720.jpg","contentUrl":"https:\/\/tourtravelandmore.com\/wp-content\/uploads\/2020\/05\/krakow-5003750_960_720.jpg","width":960,"height":720},{"@type":"BreadcrumbList","@id":"https:\/\/tourtravelandmore.com\/es\/tours\/polonia-es\/cracovia-es\/cracovia-actividades-es\/tour-privado-a-pie-por-cracovia\/#breadcrumb","itemListElement":[{"@type":"ListItem","position":1,"name":"Home","item":"https:\/\/tourtravelandmore.com\/es\/"},{"@type":"ListItem","position":2,"name":"Tours","item":"https:\/\/tourtravelandmore.com\/es\/tours\/"},{"@type":"ListItem","position":3,"name":"Tour Privado a pie por Cracovia"}]},{"@type":"WebSite","@id":"https:\/\/tourtravelandmore.com\/es\/#website","url":"https:\/\/tourtravelandmore.com\/es\/","name":"Tour Travel And More","description":"Private sightseeing tours and luxury transfers in Spain","publisher":{"@id":"https:\/\/tourtravelandmore.com\/es\/#organization"},"potentialAction":[{"@type":"SearchAction","target":{"@type":"EntryPoint","urlTemplate":"https:\/\/tourtravelandmore.com\/es\/?s={search_term_string}"},"query-input":{"@type":"PropertyValueSpecification","valueRequired":true,"valueName":"search_term_string"}}],"inLanguage":"es"},{"@type":"Organization","@id":"https:\/\/tourtravelandmore.com\/es\/#organization","name":"Tour Travel And More","url":"https:\/\/tourtravelandmore.com\/es\/","logo":{"@type":"ImageObject","inLanguage":"es","@id":"https:\/\/tourtravelandmore.com\/es\/#\/schema\/logo\/image\/","url":"https:\/\/tourtravelandmore.com\/wp-content\/uploads\/2022\/12\/cropped-logo-cabecera-new.png","contentUrl":"https:\/\/tourtravelandmore.com\/wp-content\/uploads\/2022\/12\/cropped-logo-cabecera-new.png","width":430,"height":61,"caption":"Tour Travel And More"},"image":{"@id":"https:\/\/tourtravelandmore.com\/es\/#\/schema\/logo\/image\/"},"sameAs":["https:\/\/www.facebook.com\/tourtravelandmore\/","https:\/\/x.com\/TourTravel_More"]}]}},"_links":{"self":[{"href":"https:\/\/tourtravelandmore.com\/es\/wp-json\/wp\/v2\/product\/79711","targetHints":{"allow":["GET"]}}],"collection":[{"href":"https:\/\/tourtravelandmore.com\/es\/wp-json\/wp\/v2\/product"}],"about":[{"href":"https:\/\/tourtravelandmore.com\/es\/wp-json\/wp\/v2\/types\/product"}],"replies":[{"embeddable":true,"href":"https:\/\/tourtravelandmore.com\/es\/wp-json\/wp\/v2\/comments?post=79711"}],"wp:featuredmedia":[{"embeddable":true,"href":"https:\/\/tourtravelandmore.com\/es\/wp-json\/wp\/v2\/media\/79721"}],"wp:attachment":[{"href":"https:\/\/tourtravelandmore.com\/es\/wp-json\/wp\/v2\/media?parent=79711"}],"wp:term":[{"taxonomy":"product_brand","embeddable":true,"href":"https:\/\/tourtravelandmore.com\/es\/wp-json\/wp\/v2\/product_brand?post=79711"},{"taxonomy":"product_cat","embeddable":true,"href":"https:\/\/tourtravelandmore.com\/es\/wp-json\/wp\/v2\/product_cat?post=79711"},{"taxonomy":"product_tag","embeddable":true,"href":"https:\/\/tourtravelandmore.com\/es\/wp-json\/wp\/v2\/product_tag?post=79711"}],"curies":[{"name":"wp","href":"https:\/\/api.w.org\/{rel}","templated":true}]}}