{"id":79667,"date":"2020-05-12T10:37:54","date_gmt":"2020-05-12T08:37:55","guid":{"rendered":"https:\/\/tourtravelandmore.com\/?post_type=product&#038;p=79667"},"modified":"2024-01-15T11:16:07","modified_gmt":"2024-01-15T10:16:07","slug":"tour-privado-a-las-minas-de-sal-de-wieliczka","status":"publish","type":"product","link":"https:\/\/tourtravelandmore.com\/es\/tours\/polonia-es\/cracovia-es\/cracovia-actividades-es\/tour-privado-a-las-minas-de-sal-de-wieliczka\/","title":{"rendered":"Tour Privado a las minas de sal de Wieliczka"},"content":{"rendered":"<h2 id=\"tw-target-text\" class=\"tw-data-text tw-text-large XcVN5d tw-ta\" dir=\"ltr\" data-placeholder=\"Traducci\u00f3n\"><span lang=\"es\">Descripci\u00f3n del Tour Privado a las minas de sal de Wieliczka<\/span><\/h2>\n<p>Disfrute de este <strong>Tour Privado a las minas de sal de Wieliczka<\/strong>. Es un viaje incre\u00edble, repleto de enormes galer\u00edas, esculturas de sal, m\u00e1quinas antiguas, herramientas de miner\u00eda medievales y pozos de sal de color esmeralda. No se pierda nuestro tour privado a las minas de sal de Wieliczka.<\/p>\n<p>Fue uno de los primeros lugares de Polonia en ser declarado <strong>Patrimonio de la Humanidad por la UNESCO<\/strong>. No solo por su belleza art\u00edstica, sino tambi\u00e9n porque las minas de sal siguen en funcionamiento en la actualidad.<\/p>\n<p>Durante este incre\u00edble y espectacular paseo contar\u00e1s con la compa\u00f1\u00eda de un gu\u00eda biling\u00fce privado. Tambi\u00e9n tendr\u00e1 un veh\u00edculo de lujo con ch\u00f3fer a su disposici\u00f3n para moverse m\u00e1s f\u00e1cilmente desde Cracovia a las minas de sal.<\/p>\n<p>Te aseguramos que tendr\u00e1s las entradas que necesitas para la visita porque todo est\u00e1 incluido en el precio de nuestra excursi\u00f3n.<\/p>\n<p>En primer lugar, organizaremos una c\u00f3moda recogida en su hotel o lugar de elecci\u00f3n en Cracovia y nos dirigiremos hacia las minas de sal.<\/p>\n<h2>Puntos emblem\u00e1ticos y de inter\u00e9s en el Tour Privado a las minas de sal de Wieliczka<\/h2>\n<p>Su conductor designado lo recoger\u00e1 en cualquier lugar de Cracovia. Desde all\u00ed viajar\u00e1 unos 12 kil\u00f3metros hasta las incre\u00edbles <strong>minas de sal de Wieliczka<\/strong>.<\/p>\n<p>Una vez en las minas, se encontrar\u00e1 con el gu\u00eda que le mostrar\u00e1 el lugar. Tenga en cuenta que la gu\u00eda es proporcionado por las minas de sal de Wieliczka, por lo que no podemos proporcionar una gu\u00eda privada dentro. El recorrido por el interior es grupal.<\/p>\n<p>Las minas, que a\u00fan hoy se encuentran en explotaci\u00f3n, tienen una profundidad aproximada de 327 metros divididos en 9 niveles. Una extensi\u00f3n total de 300 kil\u00f3metros. Sin embargo, el pasaje para turistas solo incluye los tres primeros niveles.<\/p>\n<p>En el Nivel 1, a 64 metros bajo tierra, puedes explorar 20 c\u00e1maras de sal de 2 kil\u00f3metros. Aqu\u00ed hay una exposici\u00f3n de todos los diferentes m\u00e9todos de minig que se han utilizado en Wieliczka desde la Edad Media hasta nuestros d\u00edas.<\/p>\n<p>Tambi\u00e9n puedes escuchar an\u00e9cdotas y leyendas del lugar. Incluso puedes conocer al fantasma guardi\u00e1n del sitio de Skarbnik. Un esp\u00edritu que ha ayudado a los mineros a sobrevivir en m\u00e1s de una ocasi\u00f3n.<\/p>\n<p>Lo m\u00e1s emblem\u00e1tico de esta visita es apreciar las magn\u00edficas esculturas de sal que adornan sus galer\u00edas. Los lagos salinos de color esmeralda y, por supuesto, para disfrutar de un refrigerio en el caf\u00e9 subterr\u00e1neo antes de continuar el recorrido.<\/p>\n<p>Pasar por las c\u00e1maras toma aproximadamente 2 horas durante las cuales tu gu\u00eda te har\u00e1 descubrir el fascinante mundo que se encuentra bajo tus pies.<\/p>\n<h2>Curiosidades sobre las minas de sal de Wieliczka<\/h2>\n<p>Las minas de sal de Wieliczka siempre han sido un lugar de inter\u00e9s. <span class=\"JLqJ4b ChMk0b\" data-language-for-alternatives=\"es\" data-language-to-translate-into=\"en\" data-phrase-index=\"1\">Por este motivo desde la \u00e9poca medieval hasta nuestros d\u00edas, han sido visitados por grandes personalidades como Nicol\u00e1s Cop\u00e9rnico, Humboldt, Johann Wolfgang von Goethe, Juan Pablo II, entre otros. <\/span><\/p>\n<p><span class=\"JLqJ4b ChMk0b\" data-language-for-alternatives=\"es\" data-language-to-translate-into=\"en\" data-phrase-index=\"1\"><span class=\"JLqJ4b\" data-language-for-alternatives=\"es\" data-language-to-translate-into=\"en\" data-phrase-index=\"2\">Visitar las minas de sal o cualquier otro sitio con alta salinidad es ideal para personas que padecen alg\u00fan tipo de afecci\u00f3n en los pulmones. Esto se debe a que el yodo de la sal ayuda a despejar las v\u00edas respiratorias y a destruir cualquier bacteria que se encuentre. <\/span><\/span><span class=\"JLqJ4b ChMk0b\" data-language-for-alternatives=\"es\" data-language-to-translate-into=\"en\" data-phrase-index=\"1\"><span class=\"JLqJ4b\" data-language-for-alternatives=\"es\" data-language-to-translate-into=\"en\" data-phrase-index=\"2\">Adem\u00e1s, cura cualquier tipo de herida previniendo su infecci\u00f3n. <\/span><\/span><\/p>\n<p><span class=\"JLqJ4b ChMk0b\" data-language-for-alternatives=\"es\" data-language-to-translate-into=\"en\" data-phrase-index=\"1\"><span class=\"JLqJ4b\" data-language-for-alternatives=\"es\" data-language-to-translate-into=\"en\" data-phrase-index=\"2\">No se pierda <a href=\"https:\/\/tourtravelandmore.com\/es\/ciudad\/polonia-es\/cracovia-es\/\">nuestros tours privados en Cracovia y otros tours privados y experiencias que ofrecemos.<\/a><\/span><\/span><\/p>\n","protected":false},"excerpt":{"rendered":"<p>Aproveche al m\u00e1ximo su tiempo en <strong>Cracovia<\/strong> y disfrute de nuestro <strong>tour privado de 4 horas por las minas de sal de Wieliczka<\/strong>. Esta excursi\u00f3n es un viaje incre\u00edble repleto de enormes galer\u00edas, esculturas de sal, m\u00e1quinas antiguas, herramientas de miner\u00eda medievales y pozos de sal de color esmeralda.<\/p>\n","protected":false},"featured_media":79683,"comment_status":"open","ping_status":"closed","template":"","meta":{"_acf_changed":false},"product_brand":[],"product_cat":[2206,2213,2216,2219],"product_tag":[],"class_list":{"0":"post-79667","1":"product","2":"type-product","3":"status-publish","4":"has-post-thumbnail","6":"product_cat-polonia-es","7":"product_cat-cracovia-es","8":"product_cat-cracovia-actividades-es","9":"product_cat-cracovia-rutas-turisticas-privadas-es","11":"first","12":"instock","13":"shipping-taxable","14":"purchasable","15":"product-type-simple"},"acf":[],"yoast_head":"<!-- This site is optimized with the Yoast SEO Premium plugin v25.3.1 (Yoast SEO v25.3.1) - https:\/\/yoast.com\/wordpress\/plugins\/seo\/ -->\n<title>\u27a1\ufe0f Tour Privado a las minas de sal de Wieliczka desde Cracovia | Tour Travel &amp; More<\/title>\n<meta name=\"description\" content=\"Visite uno de los primeros lugares de Polonia declarado Patrimonio de la Humanidad con este Tour Privado a las minas de sal de Wieliczka \u2705\" \/>\n<meta name=\"robots\" content=\"index, follow, max-snippet:-1, max-image-preview:large, max-video-preview:-1\" \/>\n<link rel=\"canonical\" href=\"https:\/\/tourtravelandmore.com\/es\/tours\/polonia-es\/cracovia-es\/cracovia-actividades-es\/tour-privado-a-las-minas-de-sal-de-wieliczka\/\" \/>\n<meta property=\"og:locale\" content=\"es_ES\" \/>\n<meta property=\"og:type\" content=\"article\" \/>\n<meta property=\"og:title\" content=\"Tour Privado a las minas de sal de Wieliczka\" \/>\n<meta property=\"og:description\" content=\"Visite uno de los primeros lugares de Polonia declarado Patrimonio de la Humanidad con este Tour Privado a las minas de sal de Wieliczka \u2705\" \/>\n<meta property=\"og:url\" content=\"https:\/\/tourtravelandmore.com\/es\/tours\/polonia-es\/cracovia-es\/cracovia-actividades-es\/tour-privado-a-las-minas-de-sal-de-wieliczka\/\" \/>\n<meta property=\"og:site_name\" content=\"Tour Travel And More\" \/>\n<meta property=\"article:publisher\" content=\"https:\/\/www.facebook.com\/tourtravelandmore\/\" \/>\n<meta property=\"article:modified_time\" content=\"2024-01-15T10:16:07+00:00\" \/>\n<meta property=\"og:image\" content=\"https:\/\/tourtravelandmore.com\/wp-content\/uploads\/2020\/05\/wieliczka-kopalnya-salt-krakow.jpg\" \/>\n\t<meta property=\"og:image:width\" content=\"910\" \/>\n\t<meta property=\"og:image:height\" content=\"612\" \/>\n\t<meta property=\"og:image:type\" content=\"image\/jpeg\" \/>\n<meta name=\"twitter:card\" content=\"summary_large_image\" \/>\n<meta name=\"twitter:site\" content=\"@TourTravel_More\" \/>\n<meta name=\"twitter:label1\" content=\"Tiempo de lectura\" \/>\n\t<meta name=\"twitter:data1\" content=\"3 minutos\" \/>\n<script type=\"application\/ld+json\" class=\"yoast-schema-graph\">{\"@context\":\"https:\/\/schema.org\",\"@graph\":[{\"@type\":\"WebPage\",\"@id\":\"https:\/\/tourtravelandmore.com\/es\/tours\/polonia-es\/cracovia-es\/cracovia-actividades-es\/tour-privado-a-las-minas-de-sal-de-wieliczka\/\",\"url\":\"https:\/\/tourtravelandmore.com\/es\/tours\/polonia-es\/cracovia-es\/cracovia-actividades-es\/tour-privado-a-las-minas-de-sal-de-wieliczka\/\",\"name\":\"\u27a1\ufe0f Tour Privado a las minas de sal de Wieliczka desde Cracovia | Tour Travel & More\",\"isPartOf\":{\"@id\":\"https:\/\/tourtravelandmore.com\/es\/#website\"},\"primaryImageOfPage\":{\"@id\":\"https:\/\/tourtravelandmore.com\/es\/tours\/polonia-es\/cracovia-es\/cracovia-actividades-es\/tour-privado-a-las-minas-de-sal-de-wieliczka\/#primaryimage\"},\"image\":{\"@id\":\"https:\/\/tourtravelandmore.com\/es\/tours\/polonia-es\/cracovia-es\/cracovia-actividades-es\/tour-privado-a-las-minas-de-sal-de-wieliczka\/#primaryimage\"},\"thumbnailUrl\":\"https:\/\/tourtravelandmore.com\/wp-content\/uploads\/2020\/05\/wieliczka-kopalnya-salt-krakow.jpg\",\"datePublished\":\"2020-05-12T08:37:55+00:00\",\"dateModified\":\"2024-01-15T10:16:07+00:00\",\"description\":\"Visite uno de los primeros lugares de Polonia declarado Patrimonio de la Humanidad con este Tour Privado a las minas de sal de Wieliczka \u2705\",\"breadcrumb\":{\"@id\":\"https:\/\/tourtravelandmore.com\/es\/tours\/polonia-es\/cracovia-es\/cracovia-actividades-es\/tour-privado-a-las-minas-de-sal-de-wieliczka\/#breadcrumb\"},\"inLanguage\":\"es\",\"potentialAction\":[{\"@type\":\"ReadAction\",\"target\":[\"https:\/\/tourtravelandmore.com\/es\/tours\/polonia-es\/cracovia-es\/cracovia-actividades-es\/tour-privado-a-las-minas-de-sal-de-wieliczka\/\"]}]},{\"@type\":\"ImageObject\",\"inLanguage\":\"es\",\"@id\":\"https:\/\/tourtravelandmore.com\/es\/tours\/polonia-es\/cracovia-es\/cracovia-actividades-es\/tour-privado-a-las-minas-de-sal-de-wieliczka\/#primaryimage\",\"url\":\"https:\/\/tourtravelandmore.com\/wp-content\/uploads\/2020\/05\/wieliczka-kopalnya-salt-krakow.jpg\",\"contentUrl\":\"https:\/\/tourtravelandmore.com\/wp-content\/uploads\/2020\/05\/wieliczka-kopalnya-salt-krakow.jpg\",\"width\":910,\"height\":612},{\"@type\":\"BreadcrumbList\",\"@id\":\"https:\/\/tourtravelandmore.com\/es\/tours\/polonia-es\/cracovia-es\/cracovia-actividades-es\/tour-privado-a-las-minas-de-sal-de-wieliczka\/#breadcrumb\",\"itemListElement\":[{\"@type\":\"ListItem\",\"position\":1,\"name\":\"Home\",\"item\":\"https:\/\/tourtravelandmore.com\/es\/\"},{\"@type\":\"ListItem\",\"position\":2,\"name\":\"Tours\",\"item\":\"https:\/\/tourtravelandmore.com\/es\/tours\/\"},{\"@type\":\"ListItem\",\"position\":3,\"name\":\"Tour Privado a las minas de sal de Wieliczka\"}]},{\"@type\":\"WebSite\",\"@id\":\"https:\/\/tourtravelandmore.com\/es\/#website\",\"url\":\"https:\/\/tourtravelandmore.com\/es\/\",\"name\":\"Tour Travel And More\",\"description\":\"Private sightseeing tours and luxury transfers in Spain\",\"publisher\":{\"@id\":\"https:\/\/tourtravelandmore.com\/es\/#organization\"},\"potentialAction\":[{\"@type\":\"SearchAction\",\"target\":{\"@type\":\"EntryPoint\",\"urlTemplate\":\"https:\/\/tourtravelandmore.com\/es\/?s={search_term_string}\"},\"query-input\":{\"@type\":\"PropertyValueSpecification\",\"valueRequired\":true,\"valueName\":\"search_term_string\"}}],\"inLanguage\":\"es\"},{\"@type\":\"Organization\",\"@id\":\"https:\/\/tourtravelandmore.com\/es\/#organization\",\"name\":\"Tour Travel And More\",\"url\":\"https:\/\/tourtravelandmore.com\/es\/\",\"logo\":{\"@type\":\"ImageObject\",\"inLanguage\":\"es\",\"@id\":\"https:\/\/tourtravelandmore.com\/es\/#\/schema\/logo\/image\/\",\"url\":\"https:\/\/tourtravelandmore.com\/wp-content\/uploads\/2022\/12\/cropped-logo-cabecera-new.png\",\"contentUrl\":\"https:\/\/tourtravelandmore.com\/wp-content\/uploads\/2022\/12\/cropped-logo-cabecera-new.png\",\"width\":430,\"height\":61,\"caption\":\"Tour Travel And More\"},\"image\":{\"@id\":\"https:\/\/tourtravelandmore.com\/es\/#\/schema\/logo\/image\/\"},\"sameAs\":[\"https:\/\/www.facebook.com\/tourtravelandmore\/\",\"https:\/\/x.com\/TourTravel_More\"]}]}<\/script>\n<!-- \/ Yoast SEO Premium plugin. -->","yoast_head_json":{"title":"\u27a1\ufe0f Tour Privado a las minas de sal de Wieliczka desde Cracovia | Tour Travel & More","description":"Visite uno de los primeros lugares de Polonia declarado Patrimonio de la Humanidad con este Tour Privado a las minas de sal de Wieliczka \u2705","robots":{"index":"index","follow":"follow","max-snippet":"max-snippet:-1","max-image-preview":"max-image-preview:large","max-video-preview":"max-video-preview:-1"},"canonical":"https:\/\/tourtravelandmore.com\/es\/tours\/polonia-es\/cracovia-es\/cracovia-actividades-es\/tour-privado-a-las-minas-de-sal-de-wieliczka\/","og_locale":"es_ES","og_type":"article","og_title":"Tour Privado a las minas de sal de Wieliczka","og_description":"Visite uno de los primeros lugares de Polonia declarado Patrimonio de la Humanidad con este Tour Privado a las minas de sal de Wieliczka \u2705","og_url":"https:\/\/tourtravelandmore.com\/es\/tours\/polonia-es\/cracovia-es\/cracovia-actividades-es\/tour-privado-a-las-minas-de-sal-de-wieliczka\/","og_site_name":"Tour Travel And More","article_publisher":"https:\/\/www.facebook.com\/tourtravelandmore\/","article_modified_time":"2024-01-15T10:16:07+00:00","og_image":[{"width":910,"height":612,"url":"https:\/\/tourtravelandmore.com\/wp-content\/uploads\/2020\/05\/wieliczka-kopalnya-salt-krakow.jpg","type":"image\/jpeg"}],"twitter_card":"summary_large_image","twitter_site":"@TourTravel_More","twitter_misc":{"Tiempo de lectura":"3 minutos"},"schema":{"@context":"https:\/\/schema.org","@graph":[{"@type":"WebPage","@id":"https:\/\/tourtravelandmore.com\/es\/tours\/polonia-es\/cracovia-es\/cracovia-actividades-es\/tour-privado-a-las-minas-de-sal-de-wieliczka\/","url":"https:\/\/tourtravelandmore.com\/es\/tours\/polonia-es\/cracovia-es\/cracovia-actividades-es\/tour-privado-a-las-minas-de-sal-de-wieliczka\/","name":"\u27a1\ufe0f Tour Privado a las minas de sal de Wieliczka desde Cracovia | Tour Travel & More","isPartOf":{"@id":"https:\/\/tourtravelandmore.com\/es\/#website"},"primaryImageOfPage":{"@id":"https:\/\/tourtravelandmore.com\/es\/tours\/polonia-es\/cracovia-es\/cracovia-actividades-es\/tour-privado-a-las-minas-de-sal-de-wieliczka\/#primaryimage"},"image":{"@id":"https:\/\/tourtravelandmore.com\/es\/tours\/polonia-es\/cracovia-es\/cracovia-actividades-es\/tour-privado-a-las-minas-de-sal-de-wieliczka\/#primaryimage"},"thumbnailUrl":"https:\/\/tourtravelandmore.com\/wp-content\/uploads\/2020\/05\/wieliczka-kopalnya-salt-krakow.jpg","datePublished":"2020-05-12T08:37:55+00:00","dateModified":"2024-01-15T10:16:07+00:00","description":"Visite uno de los primeros lugares de Polonia declarado Patrimonio de la Humanidad con este Tour Privado a las minas de sal de Wieliczka \u2705","breadcrumb":{"@id":"https:\/\/tourtravelandmore.com\/es\/tours\/polonia-es\/cracovia-es\/cracovia-actividades-es\/tour-privado-a-las-minas-de-sal-de-wieliczka\/#breadcrumb"},"inLanguage":"es","potentialAction":[{"@type":"ReadAction","target":["https:\/\/tourtravelandmore.com\/es\/tours\/polonia-es\/cracovia-es\/cracovia-actividades-es\/tour-privado-a-las-minas-de-sal-de-wieliczka\/"]}]},{"@type":"ImageObject","inLanguage":"es","@id":"https:\/\/tourtravelandmore.com\/es\/tours\/polonia-es\/cracovia-es\/cracovia-actividades-es\/tour-privado-a-las-minas-de-sal-de-wieliczka\/#primaryimage","url":"https:\/\/tourtravelandmore.com\/wp-content\/uploads\/2020\/05\/wieliczka-kopalnya-salt-krakow.jpg","contentUrl":"https:\/\/tourtravelandmore.com\/wp-content\/uploads\/2020\/05\/wieliczka-kopalnya-salt-krakow.jpg","width":910,"height":612},{"@type":"BreadcrumbList","@id":"https:\/\/tourtravelandmore.com\/es\/tours\/polonia-es\/cracovia-es\/cracovia-actividades-es\/tour-privado-a-las-minas-de-sal-de-wieliczka\/#breadcrumb","itemListElement":[{"@type":"ListItem","position":1,"name":"Home","item":"https:\/\/tourtravelandmore.com\/es\/"},{"@type":"ListItem","position":2,"name":"Tours","item":"https:\/\/tourtravelandmore.com\/es\/tours\/"},{"@type":"ListItem","position":3,"name":"Tour Privado a las minas de sal de Wieliczka"}]},{"@type":"WebSite","@id":"https:\/\/tourtravelandmore.com\/es\/#website","url":"https:\/\/tourtravelandmore.com\/es\/","name":"Tour Travel And More","description":"Private sightseeing tours and luxury transfers in Spain","publisher":{"@id":"https:\/\/tourtravelandmore.com\/es\/#organization"},"potentialAction":[{"@type":"SearchAction","target":{"@type":"EntryPoint","urlTemplate":"https:\/\/tourtravelandmore.com\/es\/?s={search_term_string}"},"query-input":{"@type":"PropertyValueSpecification","valueRequired":true,"valueName":"search_term_string"}}],"inLanguage":"es"},{"@type":"Organization","@id":"https:\/\/tourtravelandmore.com\/es\/#organization","name":"Tour Travel And More","url":"https:\/\/tourtravelandmore.com\/es\/","logo":{"@type":"ImageObject","inLanguage":"es","@id":"https:\/\/tourtravelandmore.com\/es\/#\/schema\/logo\/image\/","url":"https:\/\/tourtravelandmore.com\/wp-content\/uploads\/2022\/12\/cropped-logo-cabecera-new.png","contentUrl":"https:\/\/tourtravelandmore.com\/wp-content\/uploads\/2022\/12\/cropped-logo-cabecera-new.png","width":430,"height":61,"caption":"Tour Travel And More"},"image":{"@id":"https:\/\/tourtravelandmore.com\/es\/#\/schema\/logo\/image\/"},"sameAs":["https:\/\/www.facebook.com\/tourtravelandmore\/","https:\/\/x.com\/TourTravel_More"]}]}},"_links":{"self":[{"href":"https:\/\/tourtravelandmore.com\/es\/wp-json\/wp\/v2\/product\/79667","targetHints":{"allow":["GET"]}}],"collection":[{"href":"https:\/\/tourtravelandmore.com\/es\/wp-json\/wp\/v2\/product"}],"about":[{"href":"https:\/\/tourtravelandmore.com\/es\/wp-json\/wp\/v2\/types\/product"}],"replies":[{"embeddable":true,"href":"https:\/\/tourtravelandmore.com\/es\/wp-json\/wp\/v2\/comments?post=79667"}],"wp:featuredmedia":[{"embeddable":true,"href":"https:\/\/tourtravelandmore.com\/es\/wp-json\/wp\/v2\/media\/79683"}],"wp:attachment":[{"href":"https:\/\/tourtravelandmore.com\/es\/wp-json\/wp\/v2\/media?parent=79667"}],"wp:term":[{"taxonomy":"product_brand","embeddable":true,"href":"https:\/\/tourtravelandmore.com\/es\/wp-json\/wp\/v2\/product_brand?post=79667"},{"taxonomy":"product_cat","embeddable":true,"href":"https:\/\/tourtravelandmore.com\/es\/wp-json\/wp\/v2\/product_cat?post=79667"},{"taxonomy":"product_tag","embeddable":true,"href":"https:\/\/tourtravelandmore.com\/es\/wp-json\/wp\/v2\/product_tag?post=79667"}],"curies":[{"name":"wp","href":"https:\/\/api.w.org\/{rel}","templated":true}]}}