{"id":79643,"date":"2020-05-12T10:00:17","date_gmt":"2020-05-12T08:00:18","guid":{"rendered":"https:\/\/tourtravelandmore.com\/?post_type=product&#038;p=79643"},"modified":"2024-01-15T11:17:35","modified_gmt":"2024-01-15T10:17:35","slug":"city-tour-privado-a-la-fabrica-de-schindler","status":"publish","type":"product","link":"https:\/\/tourtravelandmore.com\/es\/tours\/polonia-es\/cracovia-es\/cracovia-actividades-es\/city-tour-privado-a-la-fabrica-de-schindler\/","title":{"rendered":"Tour Privado a la f\u00e1brica de Schindler, Barrio Jud\u00edo y antiguo gueto"},"content":{"rendered":"<h2 id=\"tw-target-text\" class=\"tw-data-text tw-text-large XcVN5d tw-ta\" dir=\"ltr\" data-placeholder=\"Traducci\u00f3n\"><span lang=\"es\">Descripci\u00f3n del Tour Privado a la f\u00e1brica de Schindler, Barrio Jud\u00edo y antiguo gueto<\/span><\/h2>\n<p>Disfrute de este <strong>Tour Privado a la f\u00e1brica de Schindler, Barrio Jud\u00edo y antiguo gueto<\/strong> para vivir una gran experiencia junto a <strong>Tour Travel &amp; More.<\/strong><\/p>\n<p>Es un recorrido sin precedentes en la que les revelaremos toda la verdad de la historia jud\u00eda de Polonia. Sobre todo visitaremos los lugares donde se rod\u00f3 la famosa pel\u00edcula &#8220;La lista de Schindler&#8221;.<\/p>\n<p>En el recorrido privado por la ciudad de Cracovia, visitamos las tres grandes joyas de la ciudad polaca. Un ejemplo son Kazimierz, Pod\u00f3rze y la f\u00e1brica de Schindler.<\/p>\n<p>Todas son \u00e1reas donde se rod\u00f3 la pel\u00edcula. Tambi\u00e9n los lugares reales donde tuvo lugar uno de los hechos m\u00e1s traum\u00e1ticos de la historia moderna.<\/p>\n<p>Durante todo el recorrido estar\u00e1s acompa\u00f1ado por uno de nuestros mejores gu\u00edas privados. Nuestro gu\u00eda est\u00e1 bien informado sobre la historia, an\u00e9cdotas. Es alguien que sabe c\u00f3mo demostrar que el camino m\u00e1s oscuro puede conducir a un final feliz.<\/p>\n<p>Tambi\u00e9n tendr\u00e1 a su disposici\u00f3n un veh\u00edculo de lujo y conductor. Te llevar\u00e1 a visitar Cracovia de la forma m\u00e1s c\u00f3moda, segura y relajante. En este tour solo ir\u00e1n usted y aquellos que quieran acompa\u00f1arlo en dicho viaje. \u00a1Disfrute nuestro Tour Privado a la f\u00e1brica de Schindler, Barrio Jud\u00edo y antiguo gueto al m\u00e1ximo!<\/p>\n<h2>Puntos emblem\u00e1ticos y de inter\u00e9s en el Tour Privado a la f\u00e1brica de Schindler, Barrio Jud\u00edo y antiguo gueto<\/h2>\n<p>Todo el recorrido comenzar\u00e1 cuando lo recojamos en su lugar de hospedaje. <span class=\"JLqJ4b ChMk0b\" data-language-for-alternatives=\"es\" data-language-to-translate-into=\"en\" data-phrase-index=\"1\">Tan pronto como suba al autom\u00f3vil de lujo, se encontrar\u00e1 cara a cara con su conductor y, por supuesto, con su gu\u00eda privado. <\/span><\/p>\n<p><span class=\"JLqJ4b ChMk0b\" data-language-for-alternatives=\"es\" data-language-to-translate-into=\"en\" data-phrase-index=\"1\"><span class=\"JLqJ4b\" data-language-for-alternatives=\"es\" data-language-to-translate-into=\"en\" data-phrase-index=\"2\">Desde all\u00ed nos dirigiremos al <strong>barrio jud\u00edo de Kazimierz<\/strong>, que durante mucho tiempo fue considerado el hogar de la comunidad jud\u00eda m\u00e1s grande del mundo. <\/span><\/span><\/p>\n<p><span class=\"JLqJ4b ChMk0b\" data-language-for-alternatives=\"es\" data-language-to-translate-into=\"en\" data-phrase-index=\"1\"><span class=\"JLqJ4b\" data-language-for-alternatives=\"es\" data-language-to-translate-into=\"en\" data-phrase-index=\"2\">Te recomendamos dar un paseo por la <strong>Sinagoga Remuh<\/strong>, admirar el <strong>Monumento a las v\u00edctimas del holocausto<\/strong>. Conoce la casa de Helena Rubinstein y por supuesto hazte m\u00e1s de un selfie en varios de los lugares donde se rod\u00f3 la pel\u00edcula \u201cLa lista de Schindler\u201d. <\/span><\/span><\/p>\n<p><span class=\"JLqJ4b ChMk0b\" data-language-for-alternatives=\"es\" data-language-to-translate-into=\"en\" data-phrase-index=\"1\"><span class=\"JLqJ4b\" data-language-for-alternatives=\"es\" data-language-to-translate-into=\"en\" data-phrase-index=\"2\">En este punto si quieres probar algo o saciar tu sed. Su gu\u00eda puede llevarlo a<strong> Plaza Nueva<\/strong>. Es el coraz\u00f3n de la juder\u00eda, lleno de pubs y restaurantes donde degustar la cocina local.<\/span><\/span><\/p>\n<h2>Continuemos&#8230;<\/h2>\n<p>Continuando con este Barrio Jud\u00edo Privado en Cracovia. <span class=\"JLqJ4b ChMk0b\" data-language-for-alternatives=\"es\" data-language-to-translate-into=\"en\" data-phrase-index=\"1\">Nuestra siguiente parada es el <strong>antiguo gueto de Podg\u00f3rze<\/strong>. <\/span><\/p>\n<p><span class=\"JLqJ4b ChMk0b\" data-language-for-alternatives=\"es\" data-language-to-translate-into=\"en\" data-phrase-index=\"1\"><span class=\"JLqJ4b\" data-language-for-alternatives=\"es\" data-language-to-translate-into=\"en\" data-phrase-index=\"2\">Est\u00e1 ubicado en la zona industrial de Cracovia, pero eso no lo convierte en un lugar menos enigm\u00e1tico o menos interesante. <\/span><\/span><span class=\"JLqJ4b ChMk0b\" data-language-for-alternatives=\"es\" data-language-to-translate-into=\"en\" data-phrase-index=\"1\"><span class=\"JLqJ4b\" data-language-for-alternatives=\"es\" data-language-to-translate-into=\"en\" data-phrase-index=\"2\">En realidad, este lugar fue testigo de gran parte del drama de la invasi\u00f3n nazi. <\/span><\/span><span class=\"JLqJ4b ChMk0b\" data-language-for-alternatives=\"es\" data-language-to-translate-into=\"en\" data-phrase-index=\"1\"><span class=\"JLqJ4b\" data-language-for-alternatives=\"es\" data-language-to-translate-into=\"en\" data-phrase-index=\"2\">Quiz\u00e1s uno de los lugares que te har\u00e1 reflexionar sobre lo fugaz que es la vida. C\u00f3mo el destino puede destruir en un abrir y cerrar de ojos cualquier plan que hayamos creado, es el monumento de las sillas, un conjunto de asientos vac\u00edos que cualquiera puede ocupar para ser la pr\u00f3xima v\u00edctima. <\/span><\/span><\/p>\n<p><span class=\"JLqJ4b ChMk0b\" data-language-for-alternatives=\"es\" data-language-to-translate-into=\"en\" data-phrase-index=\"1\"><span class=\"JLqJ4b\" data-language-for-alternatives=\"es\" data-language-to-translate-into=\"en\" data-phrase-index=\"2\">Finalmente, la \u00faltima parada de la caminata ser\u00e1 la <strong>F\u00e1brica de Schindler<\/strong>. Hoy es el museo m\u00e1s moderno de Polonia. Aqu\u00ed se muestra a los visitantes c\u00f3mo se ve\u00eda la ciudad cuando fue ocupada por los nazis. C\u00f3mo se cont\u00f3 la vida del notable Oskar Schindler. Fue un hombre que tuvo que repensar el rumbo de su vida y termin\u00f3 salvando la vida de m\u00e1s de 1.000 jud\u00edos.<\/span><\/span><\/p>\n<p>\u00a1Puede ver todos nuestros tours y traslados privados en Cracovia <a href=\"https:\/\/tourtravelandmore.com\/es\/ciudad\/polonia-es\/cracovia-es\/\">aqu\u00ed<\/a>!.<\/p>\n","protected":false},"excerpt":{"rendered":"<p><span style=\"font-weight: 400;\">Descubre y visita las tres grande joyas de la ciudad<strong><em> Cracovia;<\/em><\/strong>\u00a0<\/span><b><i>Kazimierz, Podg\u00f3rze<\/i><\/b><span style=\"font-weight: 400;\"> y la <\/span><b><i>F\u00e1brica de Schindler, <\/i><\/b>durante este<i><\/i><b><i> tour privado<\/i><\/b> de 3 horas.<span style=\"font-weight: 400;\"> Visitar\u00e1s todas son zonas donde se rod\u00f3 la pel\u00edcula, pero tambi\u00e9n son los lugares reales donde se vivi\u00f3 uno de los eventos m\u00e1s traum\u00e1ticos de la historia moderna. Descubre y aprende la historia de Cracovia junto a tu gu\u00eda oficial privado.<\/span><\/p>\n<p>&nbsp;<\/p>\n","protected":false},"featured_media":79653,"comment_status":"open","ping_status":"closed","template":"","meta":{"_acf_changed":false},"product_brand":[],"product_cat":[2206,2213,2216,2219],"product_tag":[],"class_list":{"0":"post-79643","1":"product","2":"type-product","3":"status-publish","4":"has-post-thumbnail","6":"product_cat-polonia-es","7":"product_cat-cracovia-es","8":"product_cat-cracovia-actividades-es","9":"product_cat-cracovia-rutas-turisticas-privadas-es","11":"first","12":"instock","13":"shipping-taxable","14":"purchasable","15":"product-type-simple"},"acf":[],"yoast_head":"<!-- This site is optimized with the Yoast SEO Premium plugin v25.3.1 (Yoast SEO v25.3.1) - https:\/\/yoast.com\/wordpress\/plugins\/seo\/ -->\n<title>\u27a1\ufe0f Tour Privado a la f\u00e1brica de Schindler, Barrio Jud\u00edo y antiguo gueto | Tour Travel &amp; More<\/title>\n<meta name=\"description\" content=\"Aproveche a visitar los lugares m\u00e1s emblem\u00e1ticos de Cracovia con nuestro Tour Privado a la f\u00e1brica de Schindler, Barrio Jud\u00edo y antiguo gueto \u2705\" \/>\n<meta name=\"robots\" content=\"index, follow, max-snippet:-1, max-image-preview:large, max-video-preview:-1\" \/>\n<link rel=\"canonical\" href=\"https:\/\/tourtravelandmore.com\/es\/tours\/polonia-es\/cracovia-es\/cracovia-actividades-es\/city-tour-privado-a-la-fabrica-de-schindler\/\" \/>\n<meta property=\"og:locale\" content=\"es_ES\" \/>\n<meta property=\"og:type\" content=\"article\" \/>\n<meta property=\"og:title\" content=\"Tour Privado a la f\u00e1brica de Schindler, Barrio Jud\u00edo y antiguo gueto\" \/>\n<meta property=\"og:description\" content=\"Aproveche a visitar los lugares m\u00e1s emblem\u00e1ticos de Cracovia con nuestro Tour Privado a la f\u00e1brica de Schindler, Barrio Jud\u00edo y antiguo gueto \u2705\" \/>\n<meta property=\"og:url\" content=\"https:\/\/tourtravelandmore.com\/es\/tours\/polonia-es\/cracovia-es\/cracovia-actividades-es\/city-tour-privado-a-la-fabrica-de-schindler\/\" \/>\n<meta property=\"og:site_name\" content=\"Tour Travel And More\" \/>\n<meta property=\"article:publisher\" content=\"https:\/\/www.facebook.com\/tourtravelandmore\/\" \/>\n<meta property=\"article:modified_time\" content=\"2024-01-15T10:17:35+00:00\" \/>\n<meta property=\"og:image\" content=\"https:\/\/tourtravelandmore.com\/wp-content\/uploads\/2020\/05\/krakow-monument.jpg\" \/>\n\t<meta property=\"og:image:width\" content=\"1620\" \/>\n\t<meta property=\"og:image:height\" content=\"1080\" \/>\n\t<meta property=\"og:image:type\" content=\"image\/jpeg\" \/>\n<meta name=\"twitter:card\" content=\"summary_large_image\" \/>\n<meta name=\"twitter:site\" content=\"@TourTravel_More\" \/>\n<meta name=\"twitter:label1\" content=\"Tiempo de lectura\" \/>\n\t<meta name=\"twitter:data1\" content=\"3 minutos\" \/>\n<script type=\"application\/ld+json\" class=\"yoast-schema-graph\">{\"@context\":\"https:\/\/schema.org\",\"@graph\":[{\"@type\":\"WebPage\",\"@id\":\"https:\/\/tourtravelandmore.com\/es\/tours\/polonia-es\/cracovia-es\/cracovia-actividades-es\/city-tour-privado-a-la-fabrica-de-schindler\/\",\"url\":\"https:\/\/tourtravelandmore.com\/es\/tours\/polonia-es\/cracovia-es\/cracovia-actividades-es\/city-tour-privado-a-la-fabrica-de-schindler\/\",\"name\":\"\u27a1\ufe0f Tour Privado a la f\u00e1brica de Schindler, Barrio Jud\u00edo y antiguo gueto | Tour Travel & More\",\"isPartOf\":{\"@id\":\"https:\/\/tourtravelandmore.com\/es\/#website\"},\"primaryImageOfPage\":{\"@id\":\"https:\/\/tourtravelandmore.com\/es\/tours\/polonia-es\/cracovia-es\/cracovia-actividades-es\/city-tour-privado-a-la-fabrica-de-schindler\/#primaryimage\"},\"image\":{\"@id\":\"https:\/\/tourtravelandmore.com\/es\/tours\/polonia-es\/cracovia-es\/cracovia-actividades-es\/city-tour-privado-a-la-fabrica-de-schindler\/#primaryimage\"},\"thumbnailUrl\":\"https:\/\/tourtravelandmore.com\/wp-content\/uploads\/2020\/05\/krakow-monument.jpg\",\"datePublished\":\"2020-05-12T08:00:18+00:00\",\"dateModified\":\"2024-01-15T10:17:35+00:00\",\"description\":\"Aproveche a visitar los lugares m\u00e1s emblem\u00e1ticos de Cracovia con nuestro Tour Privado a la f\u00e1brica de Schindler, Barrio Jud\u00edo y antiguo gueto \u2705\",\"breadcrumb\":{\"@id\":\"https:\/\/tourtravelandmore.com\/es\/tours\/polonia-es\/cracovia-es\/cracovia-actividades-es\/city-tour-privado-a-la-fabrica-de-schindler\/#breadcrumb\"},\"inLanguage\":\"es\",\"potentialAction\":[{\"@type\":\"ReadAction\",\"target\":[\"https:\/\/tourtravelandmore.com\/es\/tours\/polonia-es\/cracovia-es\/cracovia-actividades-es\/city-tour-privado-a-la-fabrica-de-schindler\/\"]}]},{\"@type\":\"ImageObject\",\"inLanguage\":\"es\",\"@id\":\"https:\/\/tourtravelandmore.com\/es\/tours\/polonia-es\/cracovia-es\/cracovia-actividades-es\/city-tour-privado-a-la-fabrica-de-schindler\/#primaryimage\",\"url\":\"https:\/\/tourtravelandmore.com\/wp-content\/uploads\/2020\/05\/krakow-monument.jpg\",\"contentUrl\":\"https:\/\/tourtravelandmore.com\/wp-content\/uploads\/2020\/05\/krakow-monument.jpg\",\"width\":1620,\"height\":1080},{\"@type\":\"BreadcrumbList\",\"@id\":\"https:\/\/tourtravelandmore.com\/es\/tours\/polonia-es\/cracovia-es\/cracovia-actividades-es\/city-tour-privado-a-la-fabrica-de-schindler\/#breadcrumb\",\"itemListElement\":[{\"@type\":\"ListItem\",\"position\":1,\"name\":\"Home\",\"item\":\"https:\/\/tourtravelandmore.com\/es\/\"},{\"@type\":\"ListItem\",\"position\":2,\"name\":\"Tours\",\"item\":\"https:\/\/tourtravelandmore.com\/es\/tours\/\"},{\"@type\":\"ListItem\",\"position\":3,\"name\":\"Tour Privado a la f\u00e1brica de Schindler, Barrio Jud\u00edo y antiguo gueto\"}]},{\"@type\":\"WebSite\",\"@id\":\"https:\/\/tourtravelandmore.com\/es\/#website\",\"url\":\"https:\/\/tourtravelandmore.com\/es\/\",\"name\":\"Tour Travel And More\",\"description\":\"Private sightseeing tours and luxury transfers in Spain\",\"publisher\":{\"@id\":\"https:\/\/tourtravelandmore.com\/es\/#organization\"},\"potentialAction\":[{\"@type\":\"SearchAction\",\"target\":{\"@type\":\"EntryPoint\",\"urlTemplate\":\"https:\/\/tourtravelandmore.com\/es\/?s={search_term_string}\"},\"query-input\":{\"@type\":\"PropertyValueSpecification\",\"valueRequired\":true,\"valueName\":\"search_term_string\"}}],\"inLanguage\":\"es\"},{\"@type\":\"Organization\",\"@id\":\"https:\/\/tourtravelandmore.com\/es\/#organization\",\"name\":\"Tour Travel And More\",\"url\":\"https:\/\/tourtravelandmore.com\/es\/\",\"logo\":{\"@type\":\"ImageObject\",\"inLanguage\":\"es\",\"@id\":\"https:\/\/tourtravelandmore.com\/es\/#\/schema\/logo\/image\/\",\"url\":\"https:\/\/tourtravelandmore.com\/wp-content\/uploads\/2022\/12\/cropped-logo-cabecera-new.png\",\"contentUrl\":\"https:\/\/tourtravelandmore.com\/wp-content\/uploads\/2022\/12\/cropped-logo-cabecera-new.png\",\"width\":430,\"height\":61,\"caption\":\"Tour Travel And More\"},\"image\":{\"@id\":\"https:\/\/tourtravelandmore.com\/es\/#\/schema\/logo\/image\/\"},\"sameAs\":[\"https:\/\/www.facebook.com\/tourtravelandmore\/\",\"https:\/\/x.com\/TourTravel_More\"]}]}<\/script>\n<!-- \/ Yoast SEO Premium plugin. -->","yoast_head_json":{"title":"\u27a1\ufe0f Tour Privado a la f\u00e1brica de Schindler, Barrio Jud\u00edo y antiguo gueto | Tour Travel & More","description":"Aproveche a visitar los lugares m\u00e1s emblem\u00e1ticos de Cracovia con nuestro Tour Privado a la f\u00e1brica de Schindler, Barrio Jud\u00edo y antiguo gueto \u2705","robots":{"index":"index","follow":"follow","max-snippet":"max-snippet:-1","max-image-preview":"max-image-preview:large","max-video-preview":"max-video-preview:-1"},"canonical":"https:\/\/tourtravelandmore.com\/es\/tours\/polonia-es\/cracovia-es\/cracovia-actividades-es\/city-tour-privado-a-la-fabrica-de-schindler\/","og_locale":"es_ES","og_type":"article","og_title":"Tour Privado a la f\u00e1brica de Schindler, Barrio Jud\u00edo y antiguo gueto","og_description":"Aproveche a visitar los lugares m\u00e1s emblem\u00e1ticos de Cracovia con nuestro Tour Privado a la f\u00e1brica de Schindler, Barrio Jud\u00edo y antiguo gueto \u2705","og_url":"https:\/\/tourtravelandmore.com\/es\/tours\/polonia-es\/cracovia-es\/cracovia-actividades-es\/city-tour-privado-a-la-fabrica-de-schindler\/","og_site_name":"Tour Travel And More","article_publisher":"https:\/\/www.facebook.com\/tourtravelandmore\/","article_modified_time":"2024-01-15T10:17:35+00:00","og_image":[{"width":1620,"height":1080,"url":"https:\/\/tourtravelandmore.com\/wp-content\/uploads\/2020\/05\/krakow-monument.jpg","type":"image\/jpeg"}],"twitter_card":"summary_large_image","twitter_site":"@TourTravel_More","twitter_misc":{"Tiempo de lectura":"3 minutos"},"schema":{"@context":"https:\/\/schema.org","@graph":[{"@type":"WebPage","@id":"https:\/\/tourtravelandmore.com\/es\/tours\/polonia-es\/cracovia-es\/cracovia-actividades-es\/city-tour-privado-a-la-fabrica-de-schindler\/","url":"https:\/\/tourtravelandmore.com\/es\/tours\/polonia-es\/cracovia-es\/cracovia-actividades-es\/city-tour-privado-a-la-fabrica-de-schindler\/","name":"\u27a1\ufe0f Tour Privado a la f\u00e1brica de Schindler, Barrio Jud\u00edo y antiguo gueto | Tour Travel & More","isPartOf":{"@id":"https:\/\/tourtravelandmore.com\/es\/#website"},"primaryImageOfPage":{"@id":"https:\/\/tourtravelandmore.com\/es\/tours\/polonia-es\/cracovia-es\/cracovia-actividades-es\/city-tour-privado-a-la-fabrica-de-schindler\/#primaryimage"},"image":{"@id":"https:\/\/tourtravelandmore.com\/es\/tours\/polonia-es\/cracovia-es\/cracovia-actividades-es\/city-tour-privado-a-la-fabrica-de-schindler\/#primaryimage"},"thumbnailUrl":"https:\/\/tourtravelandmore.com\/wp-content\/uploads\/2020\/05\/krakow-monument.jpg","datePublished":"2020-05-12T08:00:18+00:00","dateModified":"2024-01-15T10:17:35+00:00","description":"Aproveche a visitar los lugares m\u00e1s emblem\u00e1ticos de Cracovia con nuestro Tour Privado a la f\u00e1brica de Schindler, Barrio Jud\u00edo y antiguo gueto \u2705","breadcrumb":{"@id":"https:\/\/tourtravelandmore.com\/es\/tours\/polonia-es\/cracovia-es\/cracovia-actividades-es\/city-tour-privado-a-la-fabrica-de-schindler\/#breadcrumb"},"inLanguage":"es","potentialAction":[{"@type":"ReadAction","target":["https:\/\/tourtravelandmore.com\/es\/tours\/polonia-es\/cracovia-es\/cracovia-actividades-es\/city-tour-privado-a-la-fabrica-de-schindler\/"]}]},{"@type":"ImageObject","inLanguage":"es","@id":"https:\/\/tourtravelandmore.com\/es\/tours\/polonia-es\/cracovia-es\/cracovia-actividades-es\/city-tour-privado-a-la-fabrica-de-schindler\/#primaryimage","url":"https:\/\/tourtravelandmore.com\/wp-content\/uploads\/2020\/05\/krakow-monument.jpg","contentUrl":"https:\/\/tourtravelandmore.com\/wp-content\/uploads\/2020\/05\/krakow-monument.jpg","width":1620,"height":1080},{"@type":"BreadcrumbList","@id":"https:\/\/tourtravelandmore.com\/es\/tours\/polonia-es\/cracovia-es\/cracovia-actividades-es\/city-tour-privado-a-la-fabrica-de-schindler\/#breadcrumb","itemListElement":[{"@type":"ListItem","position":1,"name":"Home","item":"https:\/\/tourtravelandmore.com\/es\/"},{"@type":"ListItem","position":2,"name":"Tours","item":"https:\/\/tourtravelandmore.com\/es\/tours\/"},{"@type":"ListItem","position":3,"name":"Tour Privado a la f\u00e1brica de Schindler, Barrio Jud\u00edo y antiguo gueto"}]},{"@type":"WebSite","@id":"https:\/\/tourtravelandmore.com\/es\/#website","url":"https:\/\/tourtravelandmore.com\/es\/","name":"Tour Travel And More","description":"Private sightseeing tours and luxury transfers in Spain","publisher":{"@id":"https:\/\/tourtravelandmore.com\/es\/#organization"},"potentialAction":[{"@type":"SearchAction","target":{"@type":"EntryPoint","urlTemplate":"https:\/\/tourtravelandmore.com\/es\/?s={search_term_string}"},"query-input":{"@type":"PropertyValueSpecification","valueRequired":true,"valueName":"search_term_string"}}],"inLanguage":"es"},{"@type":"Organization","@id":"https:\/\/tourtravelandmore.com\/es\/#organization","name":"Tour Travel And More","url":"https:\/\/tourtravelandmore.com\/es\/","logo":{"@type":"ImageObject","inLanguage":"es","@id":"https:\/\/tourtravelandmore.com\/es\/#\/schema\/logo\/image\/","url":"https:\/\/tourtravelandmore.com\/wp-content\/uploads\/2022\/12\/cropped-logo-cabecera-new.png","contentUrl":"https:\/\/tourtravelandmore.com\/wp-content\/uploads\/2022\/12\/cropped-logo-cabecera-new.png","width":430,"height":61,"caption":"Tour Travel And More"},"image":{"@id":"https:\/\/tourtravelandmore.com\/es\/#\/schema\/logo\/image\/"},"sameAs":["https:\/\/www.facebook.com\/tourtravelandmore\/","https:\/\/x.com\/TourTravel_More"]}]}},"_links":{"self":[{"href":"https:\/\/tourtravelandmore.com\/es\/wp-json\/wp\/v2\/product\/79643","targetHints":{"allow":["GET"]}}],"collection":[{"href":"https:\/\/tourtravelandmore.com\/es\/wp-json\/wp\/v2\/product"}],"about":[{"href":"https:\/\/tourtravelandmore.com\/es\/wp-json\/wp\/v2\/types\/product"}],"replies":[{"embeddable":true,"href":"https:\/\/tourtravelandmore.com\/es\/wp-json\/wp\/v2\/comments?post=79643"}],"wp:featuredmedia":[{"embeddable":true,"href":"https:\/\/tourtravelandmore.com\/es\/wp-json\/wp\/v2\/media\/79653"}],"wp:attachment":[{"href":"https:\/\/tourtravelandmore.com\/es\/wp-json\/wp\/v2\/media?parent=79643"}],"wp:term":[{"taxonomy":"product_brand","embeddable":true,"href":"https:\/\/tourtravelandmore.com\/es\/wp-json\/wp\/v2\/product_brand?post=79643"},{"taxonomy":"product_cat","embeddable":true,"href":"https:\/\/tourtravelandmore.com\/es\/wp-json\/wp\/v2\/product_cat?post=79643"},{"taxonomy":"product_tag","embeddable":true,"href":"https:\/\/tourtravelandmore.com\/es\/wp-json\/wp\/v2\/product_tag?post=79643"}],"curies":[{"name":"wp","href":"https:\/\/api.w.org\/{rel}","templated":true}]}}