{"id":79619,"date":"2020-05-11T14:13:34","date_gmt":"2020-05-11T12:13:34","guid":{"rendered":"https:\/\/tourtravelandmore.com\/?post_type=product&#038;p=79619"},"modified":"2024-01-15T11:18:06","modified_gmt":"2024-01-15T10:18:06","slug":"tour-privado-por-cracovia","status":"publish","type":"product","link":"https:\/\/tourtravelandmore.com\/es\/tours\/polonia-es\/cracovia-es\/cracovia-actividades-es\/tour-privado-por-cracovia\/","title":{"rendered":"Tour Privado por Cracovia"},"content":{"rendered":"<h2 id=\"tw-target-text\" class=\"tw-data-text tw-text-large XcVN5d tw-ta\" dir=\"ltr\" data-placeholder=\"Traducci\u00f3n\"><span lang=\"es\">Descripci\u00f3n del Tour Privado por Cracovia<\/span><\/h2>\n<p>Disfrute de nuestro incre\u00edble<strong> Tour Privado por Cracovia<\/strong> con un gu\u00eda oficial y un veh\u00edculo con chofer. <span class=\"JLqJ4b ChMk0b\" data-language-for-alternatives=\"es\" data-language-to-translate-into=\"en\" data-phrase-index=\"1\">En este tour conocer\u00e1s los lugares m\u00e1s importantes de una de las ciudades m\u00e1s antiguas de Polonia. Este tour privado por Cracovia es una gran experiencia para ti. <\/span><\/p>\n<p><span class=\"JLqJ4b ChMk0b\" data-language-for-alternatives=\"es\" data-language-to-translate-into=\"en\" data-phrase-index=\"1\"><span class=\"JLqJ4b\" data-language-for-alternatives=\"es\" data-language-to-translate-into=\"en\" data-phrase-index=\"3\">Recorre el casco antiguo y descubra una de las plazas medievales mejor conservadas de toda Europa. Realice un viaje por los rincones m\u00e1s oscuros de la historia local visitando algunas de las \u00e1reas que sirvieron como locaciones para la famosa pel\u00edcula de Steven Spielberg, &#8220;La lista de Schindler&#8221;. <\/span><\/span><\/p>\n<p><span class=\"JLqJ4b ChMk0b\" data-language-for-alternatives=\"es\" data-language-to-translate-into=\"en\" data-phrase-index=\"1\"><span class=\"JLqJ4b\" data-language-for-alternatives=\"es\" data-language-to-translate-into=\"en\" data-phrase-index=\"3\">Adem\u00e1s, puedes visitar el <strong>Barrio Jud\u00edo de Cracovia<\/strong>. Su gu\u00eda le cuenta la historia del lugar y lo lleva a conocer la <strong>Sinagoga Vieja<\/strong> y la <strong>Iglesia de Corpus Christi<\/strong>. <\/span><\/span><\/p>\n<p><span class=\"JLqJ4b ChMk0b\" data-language-for-alternatives=\"es\" data-language-to-translate-into=\"en\" data-phrase-index=\"1\"><span class=\"JLqJ4b\" data-language-for-alternatives=\"es\" data-language-to-translate-into=\"en\" data-phrase-index=\"3\">Disfrute de lo mejor de este tour privado por Cracovia.<\/span><\/span><\/p>\n<h2>Puntos emblem\u00e1ticos y de inter\u00e9s en el Tour Privado por Cracovia<\/h2>\n<p>Su conductor lo recoger\u00e1 en el lugar y hora previamente acordados. Te encontrar\u00e1s cara a cara con tu gu\u00eda personal. Compartir\u00e1s contigo informaci\u00f3n relevante sobre las actividades y lugares que m\u00e1s se adapten a tus gustos.<\/p>\n<p>El veh\u00edculo se dirigir\u00e1 hacia el casco antiguo y se detendr\u00e1 justo en la <strong>plaza del mercado Rynek<\/strong>. Este sitio que fue declarado <strong>Patrimonio de la Humanidad por la UNESCO<\/strong>. Realmente es la plaza m\u00e1s antigua y mejor conservada que existe en toda la Uni\u00f3n Europea. Es el coraz\u00f3n de esta peque\u00f1a ciudad polaca, como lo demuestra la cantidad de artistas callejeros que act\u00faan en sus calles. Tambi\u00e9n por la gastronom\u00eda local que lo rodea, y por supuesto tambi\u00e9n por la animada vida nocturna que se encuentra cerca. Este ser\u00eda el lugar ideal para probar la gastronom\u00eda de la regi\u00f3n. Su gu\u00eda estar\u00e1 encantado de recomendarle d\u00f3nde comer y qu\u00e9 plato probar.<\/p>\n<p>Otro lugar que no debe perderse es <strong>The Cloths Hall<\/strong>. Es un mercado o zona comercial de la ciudad donde puedes comprar todos los souvenirs que quieras e incluso adquirir determinadas piezas \u00fanicas t\u00edpicas de la cultura de Polonia.<\/p>\n<h2>Que esperar luego&#8230;<\/h2>\n<p>Entre los edificios m\u00e1s importantes de esta zona y que conviene visitar. <span class=\"JLqJ4b ChMk0b\" data-language-for-alternatives=\"es\" data-language-to-translate-into=\"en\" data-phrase-index=\"1\">Esto es especialmente si te gusta la arquitectura barroca. <\/span><\/p>\n<p><span class=\"JLqJ4b ChMk0b\" data-language-for-alternatives=\"es\" data-language-to-translate-into=\"en\" data-phrase-index=\"1\"><span class=\"JLqJ4b\" data-language-for-alternatives=\"es\" data-language-to-translate-into=\"en\" data-phrase-index=\"2\">Por ejemplo: <strong>La Iglesia de San Adalberto<\/strong>, la <strong>Bas\u00edlica de Santa Mar\u00eda<\/strong>, la <strong>Torre del Ayuntamiento<\/strong> y el lugar favorito de todos los turistas, el <strong>Castillo de Wawel<\/strong>. La casa real por excelencia que actualmente es uno de los museos m\u00e1s famosos de la regi\u00f3n. <\/span><\/span><\/p>\n<p><span class=\"JLqJ4b ChMk0b\" data-language-for-alternatives=\"es\" data-language-to-translate-into=\"en\" data-phrase-index=\"1\"><span class=\"JLqJ4b\" data-language-for-alternatives=\"es\" data-language-to-translate-into=\"en\" data-phrase-index=\"2\">Dejando atr\u00e1s el casco antiguo, entraremos en el famoso <strong>Barrio Jud\u00edo<\/strong>. Este es un lugar donde la cultura jud\u00eda impregn\u00f3 a tal grado que a\u00fan hoy se respira una atm\u00f3sfera casi m\u00edstica. <\/span><\/span><\/p>\n<p><span class=\"JLqJ4b ChMk0b\" data-language-for-alternatives=\"es\" data-language-to-translate-into=\"en\" data-phrase-index=\"1\"><span class=\"JLqJ4b\" data-language-for-alternatives=\"es\" data-language-to-translate-into=\"en\" data-phrase-index=\"2\">Es en esta parte del recorrido donde visitaremos los lugares que se utilizaron en la famosa pel\u00edcula &#8220;La lista de Schindler&#8221; y tambi\u00e9n visitaremos lugares emblem\u00e1ticos como la <strong>Sinagoga Vieja<\/strong>, el <strong>Cementerio Jud\u00edo<\/strong> y la <strong>Iglesia de Corpus Christi<\/strong>. <\/span><\/span><\/p>\n<p><span class=\"JLqJ4b ChMk0b\" data-language-for-alternatives=\"es\" data-language-to-translate-into=\"en\" data-phrase-index=\"1\"><span class=\"JLqJ4b\" data-language-for-alternatives=\"es\" data-language-to-translate-into=\"en\" data-phrase-index=\"2\">\u00a1Eche un vistazo a <a href=\"https:\/\/tourtravelandmore.com\/es\/ciudad\/polonia-es\/cracovia-es\/\">nuestros otros tours privados en Cracovia y experiencias de un d\u00eda<\/a>!<\/span><\/span><\/p>\n","protected":false},"excerpt":{"rendered":"<p>Disfrute de este <strong>tour privado personalizado por la ciudad de Cracovia<\/strong> y conozca sus monumentos y lugares de inter\u00e9s m\u00e1s importantes con un experto local. Personalice su propia experiencia. No se pierda los monumentos, lugares de inter\u00e9s, las numerosas iglesias, sus museos y la <strong>plaza del mercado Rynek<\/strong>, declarada Patrimonio de la Humanidad por la UNESCO.<\/p>\n","protected":false},"featured_media":79633,"comment_status":"open","ping_status":"closed","template":"","meta":{"_acf_changed":false},"product_brand":[],"product_cat":[2206,2213,2216,2219],"product_tag":[],"class_list":{"0":"post-79619","1":"product","2":"type-product","3":"status-publish","4":"has-post-thumbnail","6":"product_cat-polonia-es","7":"product_cat-cracovia-es","8":"product_cat-cracovia-actividades-es","9":"product_cat-cracovia-rutas-turisticas-privadas-es","11":"first","12":"instock","13":"shipping-taxable","14":"purchasable","15":"product-type-simple"},"acf":[],"yoast_head":"<!-- This site is optimized with the Yoast SEO Premium plugin v25.3.1 (Yoast SEO v25.3.1) - https:\/\/yoast.com\/wordpress\/plugins\/seo\/ -->\n<title>\u27a1\ufe0f Tour Privado por Cracovia con chofer y gu\u00eda oficial privado | Tour Travel &amp; More<\/title>\n<meta name=\"description\" content=\"Conozca lo mejor de Cracovia con nuestro Tour Privado por Cracovia. Viaje c\u00f3modamente en un veh\u00edculo privado de lujo con chofer \u2705\" \/>\n<meta name=\"robots\" content=\"index, follow, max-snippet:-1, max-image-preview:large, max-video-preview:-1\" \/>\n<link rel=\"canonical\" href=\"https:\/\/tourtravelandmore.com\/es\/tours\/polonia-es\/cracovia-es\/cracovia-actividades-es\/tour-privado-por-cracovia\/\" \/>\n<meta property=\"og:locale\" content=\"es_ES\" \/>\n<meta property=\"og:type\" content=\"article\" \/>\n<meta property=\"og:title\" content=\"Tour Privado por Cracovia\" \/>\n<meta property=\"og:description\" content=\"Conozca lo mejor de Cracovia con nuestro Tour Privado por Cracovia. Viaje c\u00f3modamente en un veh\u00edculo privado de lujo con chofer \u2705\" \/>\n<meta property=\"og:url\" content=\"https:\/\/tourtravelandmore.com\/es\/tours\/polonia-es\/cracovia-es\/cracovia-actividades-es\/tour-privado-por-cracovia\/\" \/>\n<meta property=\"og:site_name\" content=\"Tour Travel And More\" \/>\n<meta property=\"article:publisher\" content=\"https:\/\/www.facebook.com\/tourtravelandmore\/\" \/>\n<meta property=\"article:modified_time\" content=\"2024-01-15T10:18:06+00:00\" \/>\n<meta property=\"og:image\" content=\"https:\/\/tourtravelandmore.com\/wp-content\/uploads\/2020\/05\/Krakow.jpg\" \/>\n\t<meta property=\"og:image:width\" content=\"960\" \/>\n\t<meta property=\"og:image:height\" content=\"640\" \/>\n\t<meta property=\"og:image:type\" content=\"image\/jpeg\" \/>\n<meta name=\"twitter:card\" content=\"summary_large_image\" \/>\n<meta name=\"twitter:site\" content=\"@TourTravel_More\" \/>\n<meta name=\"twitter:label1\" content=\"Tiempo de lectura\" \/>\n\t<meta name=\"twitter:data1\" content=\"3 minutos\" \/>\n<script type=\"application\/ld+json\" class=\"yoast-schema-graph\">{\"@context\":\"https:\/\/schema.org\",\"@graph\":[{\"@type\":\"WebPage\",\"@id\":\"https:\/\/tourtravelandmore.com\/es\/tours\/polonia-es\/cracovia-es\/cracovia-actividades-es\/tour-privado-por-cracovia\/\",\"url\":\"https:\/\/tourtravelandmore.com\/es\/tours\/polonia-es\/cracovia-es\/cracovia-actividades-es\/tour-privado-por-cracovia\/\",\"name\":\"\u27a1\ufe0f Tour Privado por Cracovia con chofer y gu\u00eda oficial privado | Tour Travel & More\",\"isPartOf\":{\"@id\":\"https:\/\/tourtravelandmore.com\/es\/#website\"},\"primaryImageOfPage\":{\"@id\":\"https:\/\/tourtravelandmore.com\/es\/tours\/polonia-es\/cracovia-es\/cracovia-actividades-es\/tour-privado-por-cracovia\/#primaryimage\"},\"image\":{\"@id\":\"https:\/\/tourtravelandmore.com\/es\/tours\/polonia-es\/cracovia-es\/cracovia-actividades-es\/tour-privado-por-cracovia\/#primaryimage\"},\"thumbnailUrl\":\"https:\/\/tourtravelandmore.com\/wp-content\/uploads\/2020\/05\/Krakow.jpg\",\"datePublished\":\"2020-05-11T12:13:34+00:00\",\"dateModified\":\"2024-01-15T10:18:06+00:00\",\"description\":\"Conozca lo mejor de Cracovia con nuestro Tour Privado por Cracovia. Viaje c\u00f3modamente en un veh\u00edculo privado de lujo con chofer \u2705\",\"breadcrumb\":{\"@id\":\"https:\/\/tourtravelandmore.com\/es\/tours\/polonia-es\/cracovia-es\/cracovia-actividades-es\/tour-privado-por-cracovia\/#breadcrumb\"},\"inLanguage\":\"es\",\"potentialAction\":[{\"@type\":\"ReadAction\",\"target\":[\"https:\/\/tourtravelandmore.com\/es\/tours\/polonia-es\/cracovia-es\/cracovia-actividades-es\/tour-privado-por-cracovia\/\"]}]},{\"@type\":\"ImageObject\",\"inLanguage\":\"es\",\"@id\":\"https:\/\/tourtravelandmore.com\/es\/tours\/polonia-es\/cracovia-es\/cracovia-actividades-es\/tour-privado-por-cracovia\/#primaryimage\",\"url\":\"https:\/\/tourtravelandmore.com\/wp-content\/uploads\/2020\/05\/Krakow.jpg\",\"contentUrl\":\"https:\/\/tourtravelandmore.com\/wp-content\/uploads\/2020\/05\/Krakow.jpg\",\"width\":960,\"height\":640},{\"@type\":\"BreadcrumbList\",\"@id\":\"https:\/\/tourtravelandmore.com\/es\/tours\/polonia-es\/cracovia-es\/cracovia-actividades-es\/tour-privado-por-cracovia\/#breadcrumb\",\"itemListElement\":[{\"@type\":\"ListItem\",\"position\":1,\"name\":\"Home\",\"item\":\"https:\/\/tourtravelandmore.com\/es\/\"},{\"@type\":\"ListItem\",\"position\":2,\"name\":\"Tours\",\"item\":\"https:\/\/tourtravelandmore.com\/es\/tours\/\"},{\"@type\":\"ListItem\",\"position\":3,\"name\":\"Tour Privado por Cracovia\"}]},{\"@type\":\"WebSite\",\"@id\":\"https:\/\/tourtravelandmore.com\/es\/#website\",\"url\":\"https:\/\/tourtravelandmore.com\/es\/\",\"name\":\"Tour Travel And More\",\"description\":\"Private sightseeing tours and luxury transfers in Spain\",\"publisher\":{\"@id\":\"https:\/\/tourtravelandmore.com\/es\/#organization\"},\"potentialAction\":[{\"@type\":\"SearchAction\",\"target\":{\"@type\":\"EntryPoint\",\"urlTemplate\":\"https:\/\/tourtravelandmore.com\/es\/?s={search_term_string}\"},\"query-input\":{\"@type\":\"PropertyValueSpecification\",\"valueRequired\":true,\"valueName\":\"search_term_string\"}}],\"inLanguage\":\"es\"},{\"@type\":\"Organization\",\"@id\":\"https:\/\/tourtravelandmore.com\/es\/#organization\",\"name\":\"Tour Travel And More\",\"url\":\"https:\/\/tourtravelandmore.com\/es\/\",\"logo\":{\"@type\":\"ImageObject\",\"inLanguage\":\"es\",\"@id\":\"https:\/\/tourtravelandmore.com\/es\/#\/schema\/logo\/image\/\",\"url\":\"https:\/\/tourtravelandmore.com\/wp-content\/uploads\/2022\/12\/cropped-logo-cabecera-new.png\",\"contentUrl\":\"https:\/\/tourtravelandmore.com\/wp-content\/uploads\/2022\/12\/cropped-logo-cabecera-new.png\",\"width\":430,\"height\":61,\"caption\":\"Tour Travel And More\"},\"image\":{\"@id\":\"https:\/\/tourtravelandmore.com\/es\/#\/schema\/logo\/image\/\"},\"sameAs\":[\"https:\/\/www.facebook.com\/tourtravelandmore\/\",\"https:\/\/x.com\/TourTravel_More\"]}]}<\/script>\n<!-- \/ Yoast SEO Premium plugin. -->","yoast_head_json":{"title":"\u27a1\ufe0f Tour Privado por Cracovia con chofer y gu\u00eda oficial privado | Tour Travel & More","description":"Conozca lo mejor de Cracovia con nuestro Tour Privado por Cracovia. Viaje c\u00f3modamente en un veh\u00edculo privado de lujo con chofer \u2705","robots":{"index":"index","follow":"follow","max-snippet":"max-snippet:-1","max-image-preview":"max-image-preview:large","max-video-preview":"max-video-preview:-1"},"canonical":"https:\/\/tourtravelandmore.com\/es\/tours\/polonia-es\/cracovia-es\/cracovia-actividades-es\/tour-privado-por-cracovia\/","og_locale":"es_ES","og_type":"article","og_title":"Tour Privado por Cracovia","og_description":"Conozca lo mejor de Cracovia con nuestro Tour Privado por Cracovia. Viaje c\u00f3modamente en un veh\u00edculo privado de lujo con chofer \u2705","og_url":"https:\/\/tourtravelandmore.com\/es\/tours\/polonia-es\/cracovia-es\/cracovia-actividades-es\/tour-privado-por-cracovia\/","og_site_name":"Tour Travel And More","article_publisher":"https:\/\/www.facebook.com\/tourtravelandmore\/","article_modified_time":"2024-01-15T10:18:06+00:00","og_image":[{"width":960,"height":640,"url":"https:\/\/tourtravelandmore.com\/wp-content\/uploads\/2020\/05\/Krakow.jpg","type":"image\/jpeg"}],"twitter_card":"summary_large_image","twitter_site":"@TourTravel_More","twitter_misc":{"Tiempo de lectura":"3 minutos"},"schema":{"@context":"https:\/\/schema.org","@graph":[{"@type":"WebPage","@id":"https:\/\/tourtravelandmore.com\/es\/tours\/polonia-es\/cracovia-es\/cracovia-actividades-es\/tour-privado-por-cracovia\/","url":"https:\/\/tourtravelandmore.com\/es\/tours\/polonia-es\/cracovia-es\/cracovia-actividades-es\/tour-privado-por-cracovia\/","name":"\u27a1\ufe0f Tour Privado por Cracovia con chofer y gu\u00eda oficial privado | Tour Travel & More","isPartOf":{"@id":"https:\/\/tourtravelandmore.com\/es\/#website"},"primaryImageOfPage":{"@id":"https:\/\/tourtravelandmore.com\/es\/tours\/polonia-es\/cracovia-es\/cracovia-actividades-es\/tour-privado-por-cracovia\/#primaryimage"},"image":{"@id":"https:\/\/tourtravelandmore.com\/es\/tours\/polonia-es\/cracovia-es\/cracovia-actividades-es\/tour-privado-por-cracovia\/#primaryimage"},"thumbnailUrl":"https:\/\/tourtravelandmore.com\/wp-content\/uploads\/2020\/05\/Krakow.jpg","datePublished":"2020-05-11T12:13:34+00:00","dateModified":"2024-01-15T10:18:06+00:00","description":"Conozca lo mejor de Cracovia con nuestro Tour Privado por Cracovia. Viaje c\u00f3modamente en un veh\u00edculo privado de lujo con chofer \u2705","breadcrumb":{"@id":"https:\/\/tourtravelandmore.com\/es\/tours\/polonia-es\/cracovia-es\/cracovia-actividades-es\/tour-privado-por-cracovia\/#breadcrumb"},"inLanguage":"es","potentialAction":[{"@type":"ReadAction","target":["https:\/\/tourtravelandmore.com\/es\/tours\/polonia-es\/cracovia-es\/cracovia-actividades-es\/tour-privado-por-cracovia\/"]}]},{"@type":"ImageObject","inLanguage":"es","@id":"https:\/\/tourtravelandmore.com\/es\/tours\/polonia-es\/cracovia-es\/cracovia-actividades-es\/tour-privado-por-cracovia\/#primaryimage","url":"https:\/\/tourtravelandmore.com\/wp-content\/uploads\/2020\/05\/Krakow.jpg","contentUrl":"https:\/\/tourtravelandmore.com\/wp-content\/uploads\/2020\/05\/Krakow.jpg","width":960,"height":640},{"@type":"BreadcrumbList","@id":"https:\/\/tourtravelandmore.com\/es\/tours\/polonia-es\/cracovia-es\/cracovia-actividades-es\/tour-privado-por-cracovia\/#breadcrumb","itemListElement":[{"@type":"ListItem","position":1,"name":"Home","item":"https:\/\/tourtravelandmore.com\/es\/"},{"@type":"ListItem","position":2,"name":"Tours","item":"https:\/\/tourtravelandmore.com\/es\/tours\/"},{"@type":"ListItem","position":3,"name":"Tour Privado por Cracovia"}]},{"@type":"WebSite","@id":"https:\/\/tourtravelandmore.com\/es\/#website","url":"https:\/\/tourtravelandmore.com\/es\/","name":"Tour Travel And More","description":"Private sightseeing tours and luxury transfers in Spain","publisher":{"@id":"https:\/\/tourtravelandmore.com\/es\/#organization"},"potentialAction":[{"@type":"SearchAction","target":{"@type":"EntryPoint","urlTemplate":"https:\/\/tourtravelandmore.com\/es\/?s={search_term_string}"},"query-input":{"@type":"PropertyValueSpecification","valueRequired":true,"valueName":"search_term_string"}}],"inLanguage":"es"},{"@type":"Organization","@id":"https:\/\/tourtravelandmore.com\/es\/#organization","name":"Tour Travel And More","url":"https:\/\/tourtravelandmore.com\/es\/","logo":{"@type":"ImageObject","inLanguage":"es","@id":"https:\/\/tourtravelandmore.com\/es\/#\/schema\/logo\/image\/","url":"https:\/\/tourtravelandmore.com\/wp-content\/uploads\/2022\/12\/cropped-logo-cabecera-new.png","contentUrl":"https:\/\/tourtravelandmore.com\/wp-content\/uploads\/2022\/12\/cropped-logo-cabecera-new.png","width":430,"height":61,"caption":"Tour Travel And More"},"image":{"@id":"https:\/\/tourtravelandmore.com\/es\/#\/schema\/logo\/image\/"},"sameAs":["https:\/\/www.facebook.com\/tourtravelandmore\/","https:\/\/x.com\/TourTravel_More"]}]}},"_links":{"self":[{"href":"https:\/\/tourtravelandmore.com\/es\/wp-json\/wp\/v2\/product\/79619","targetHints":{"allow":["GET"]}}],"collection":[{"href":"https:\/\/tourtravelandmore.com\/es\/wp-json\/wp\/v2\/product"}],"about":[{"href":"https:\/\/tourtravelandmore.com\/es\/wp-json\/wp\/v2\/types\/product"}],"replies":[{"embeddable":true,"href":"https:\/\/tourtravelandmore.com\/es\/wp-json\/wp\/v2\/comments?post=79619"}],"wp:featuredmedia":[{"embeddable":true,"href":"https:\/\/tourtravelandmore.com\/es\/wp-json\/wp\/v2\/media\/79633"}],"wp:attachment":[{"href":"https:\/\/tourtravelandmore.com\/es\/wp-json\/wp\/v2\/media?parent=79619"}],"wp:term":[{"taxonomy":"product_brand","embeddable":true,"href":"https:\/\/tourtravelandmore.com\/es\/wp-json\/wp\/v2\/product_brand?post=79619"},{"taxonomy":"product_cat","embeddable":true,"href":"https:\/\/tourtravelandmore.com\/es\/wp-json\/wp\/v2\/product_cat?post=79619"},{"taxonomy":"product_tag","embeddable":true,"href":"https:\/\/tourtravelandmore.com\/es\/wp-json\/wp\/v2\/product_tag?post=79619"}],"curies":[{"name":"wp","href":"https:\/\/api.w.org\/{rel}","templated":true}]}}