{"id":79595,"date":"2020-05-08T13:16:23","date_gmt":"2020-05-08T11:16:23","guid":{"rendered":"https:\/\/tourtravelandmore.com\/?post_type=product&#038;p=79595"},"modified":"2024-02-16T10:56:06","modified_gmt":"2024-02-16T09:56:06","slug":"tour-privado-por-san-petersburgo","status":"publish","type":"product","link":"https:\/\/tourtravelandmore.com\/es\/tours\/rusia-es\/san-petersburgo-es\/san-petersburgo-actividades-es\/tour-privado-por-san-petersburgo\/","title":{"rendered":"Tour Privado por San Petersburgo &#8211; posible recogida en Puerto"},"content":{"rendered":"<h2 id=\"tw-target-text\" class=\"tw-data-text tw-text-large XcVN5d tw-ta\" dir=\"ltr\" data-placeholder=\"Traducci\u00f3n\"><span lang=\"es\">Descripci\u00f3n del Tour Privado por San Petersburgo\u00a0<\/span><\/h2>\n<p>San Petersburgo es una de las ciudades m\u00e1s bellas del mundo. Es por eso que necesita disfrutar de nuestro <strong>Tour Privado por San Petersburgo<\/strong>. La ciudad tiene un estilo arquitect\u00f3nico amplio con una alta influencia de las capitales europeas.<\/p>\n<p>En esta excursi\u00f3n privada, organizaremos un conductor privado y un gu\u00eda tur\u00edstico oficial. Lo llevaremos en este recorrido \u00fanico y lo ayudaremos a descubrir esta maravillosa ciudad.<\/p>\n<p>Su conductor y gu\u00eda lo recoger\u00e1n en el puerto de cruceros de San Petersburgo o en alg\u00fan lugar a elecci\u00f3n a la hora deseada para comenzar su recorrido privado.<\/p>\n<p>Esta es una experiencia personalizada y podemos modificar los sitios para visitar seg\u00fan sus solicitudes e intereses. Podemos gestionar entradas sin colas a cualquier monumento o museo de la ciudad como Hermitage, Peterhof o Catalina Palace, entre otros.<\/p>\n<p>Cont\u00e1ctenos y organizaremos una experiencia privada para descubrir San Petersburgo desde el puerto de cruceros o cualquier lugar. Deje que nuestros expertos en viajes lo lleven a los sitios m\u00e1s importantes durante este Tour Privado por San Petersburgo.<\/p>\n<h2>Puntos emblem\u00e1ticos y de inter\u00e9s en el Tour Privado por San Petersburgo &#8211; posible recogida en Puerto<\/h2>\n<p>Podemos organizar un tour de medio d\u00eda o de d\u00eda completo. Nuestro conductor y gu\u00eda tur\u00edstico oficial lo recoger\u00e1 en el puerto de cruceros o en su hotel.<\/p>\n<p>Luego de una c\u00f3moda recogida, nos dirigiremos hacia el centro de San Petersburgo. La ciudad fue fundada como la intenci\u00f3n de Rusia de mostrar su creciente estatus imperial en el mundo. El fundador fue el zar Pedro I (el Grande). San Petersburgo es conocido mundialmente como el s\u00edmbolo del amor de Rusia por el arte, la historia y la cultura.<\/p>\n<p>Durante su excursi\u00f3n privada, lo ayudaremos a descubrir los lugares m\u00e1s hermosos de la ciudad. Siempre nos adaptamos a sus propios intereses personales. El recorrido puede centrarse en la arquitectura y el arte. Tambi\u00e9n puede centrarse en la historia de la ciudad y el pa\u00eds.<\/p>\n<p>Estos son algunos de los sitios m\u00e1s emblem\u00e1ticos de la ciudad que puede visitar durante su tour privado:<\/p>\n<ul>\n<li><strong>Fortaleza de Pedro y Pablo <\/strong><\/li>\n<li><strong><span class=\"JLqJ4b\" data-language-for-alternatives=\"es\" data-language-to-translate-into=\"en\" data-phrase-index=\"1\"><span class=\"JLqJ4b ChMk0b\" data-language-for-alternatives=\"es\" data-language-to-translate-into=\"en\" data-phrase-index=\"2\">Plaza del Palacio <\/span><\/span><\/strong><\/li>\n<li><strong><span class=\"JLqJ4b\" data-language-for-alternatives=\"es\" data-language-to-translate-into=\"en\" data-phrase-index=\"1\"><span class=\"JLqJ4b ChMk0b\" data-language-for-alternatives=\"es\" data-language-to-translate-into=\"en\" data-phrase-index=\"2\">Puente del Palacio <\/span><\/span><\/strong><\/li>\n<li><strong><span class=\"JLqJ4b\" data-language-for-alternatives=\"es\" data-language-to-translate-into=\"en\" data-phrase-index=\"1\"><span class=\"JLqJ4b ChMk0b\" data-language-for-alternatives=\"es\" data-language-to-translate-into=\"en\" data-phrase-index=\"2\">Plaza del Senado <\/span><\/span><\/strong><\/li>\n<li><strong><span class=\"JLqJ4b\" data-language-for-alternatives=\"es\" data-language-to-translate-into=\"en\" data-phrase-index=\"1\"><span class=\"JLqJ4b ChMk0b\" data-language-for-alternatives=\"es\" data-language-to-translate-into=\"en\" data-phrase-index=\"2\">Plaza de San Isaac <\/span><\/span><\/strong><\/li>\n<li><strong><span class=\"JLqJ4b\" data-language-for-alternatives=\"es\" data-language-to-translate-into=\"en\" data-phrase-index=\"1\"><span class=\"JLqJ4b ChMk0b\" data-language-for-alternatives=\"es\" data-language-to-translate-into=\"en\" data-phrase-index=\"2\">Catedral de San Isaac <\/span><\/span><\/strong><\/li>\n<li><span class=\"JLqJ4b\" data-language-for-alternatives=\"es\" data-language-to-translate-into=\"en\" data-phrase-index=\"1\"><span class=\"JLqJ4b ChMk0b\" data-language-for-alternatives=\"es\" data-language-to-translate-into=\"en\" data-phrase-index=\"2\"><a href=\"https:\/\/www.hermitagemuseum.org\/wps\/portal\/hermitage\/\">Hermitage<\/a> (entradas opcionales sin colas) <\/span><\/span><\/li>\n<li><span class=\"JLqJ4b\" data-language-for-alternatives=\"es\" data-language-to-translate-into=\"en\" data-phrase-index=\"1\"><span class=\"JLqJ4b ChMk0b\" data-language-for-alternatives=\"es\" data-language-to-translate-into=\"en\" data-phrase-index=\"2\"><strong>Catalina<\/strong> (podemos organizar boletos sin colas si lo desea) <\/span><\/span><\/li>\n<li><span class=\"JLqJ4b\" data-language-for-alternatives=\"es\" data-language-to-translate-into=\"en\" data-phrase-index=\"1\"><span class=\"JLqJ4b ChMk0b\" data-language-for-alternatives=\"es\" data-language-to-translate-into=\"en\" data-phrase-index=\"2\"><strong>Peterhof<\/strong> (entradas opcionales sin colas) <\/span><\/span><\/li>\n<li><strong><span class=\"JLqJ4b\" data-language-for-alternatives=\"es\" data-language-to-translate-into=\"en\" data-phrase-index=\"1\"><span class=\"JLqJ4b ChMk0b\" data-language-for-alternatives=\"es\" data-language-to-translate-into=\"en\" data-phrase-index=\"2\">Nevsky prospekt <\/span><\/span><\/strong><\/li>\n<li><strong><span class=\"JLqJ4b\" data-language-for-alternatives=\"es\" data-language-to-translate-into=\"en\" data-phrase-index=\"1\"><span class=\"JLqJ4b ChMk0b\" data-language-for-alternatives=\"es\" data-language-to-translate-into=\"en\" data-phrase-index=\"2\">Iglesia de la Sangre Derramada <\/span><\/span><\/strong><\/li>\n<li><strong><span class=\"JLqJ4b\" data-language-for-alternatives=\"es\" data-language-to-translate-into=\"en\" data-phrase-index=\"1\"><span class=\"JLqJ4b ChMk0b\" data-language-for-alternatives=\"es\" data-language-to-translate-into=\"en\" data-phrase-index=\"2\">Catedral de Kaz\u00e1n <\/span><\/span><\/strong><\/li>\n<li><strong><span class=\"JLqJ4b\" data-language-for-alternatives=\"es\" data-language-to-translate-into=\"en\" data-phrase-index=\"1\"><span class=\"JLqJ4b ChMk0b\" data-language-for-alternatives=\"es\" data-language-to-translate-into=\"en\" data-phrase-index=\"2\">Emporio Elisseeff<\/span><\/span><\/strong><\/li>\n<li><strong><span class=\"JLqJ4b\" data-language-for-alternatives=\"es\" data-language-to-translate-into=\"en\" data-phrase-index=\"1\"><span class=\"JLqJ4b ChMk0b\" data-language-for-alternatives=\"es\" data-language-to-translate-into=\"en\" data-phrase-index=\"2\">Casa cantante <\/span><\/span><\/strong><\/li>\n<li><span class=\"JLqJ4b\" data-language-for-alternatives=\"es\" data-language-to-translate-into=\"en\" data-phrase-index=\"1\"><span class=\"JLqJ4b ChMk0b\" data-language-for-alternatives=\"es\" data-language-to-translate-into=\"en\" data-phrase-index=\"2\">\u00a1Mucho m\u00e1s!<\/span><\/span><\/li>\n<\/ul>\n<p>Nuestro conductor y gu\u00eda lo llevar\u00e1n de regreso a su hotel o al puerto de cruceros de la ciudad a tiempo para su salida.<\/p>\n<p><span class=\"JLqJ4b ChMk0b\" data-language-for-alternatives=\"es\" data-language-to-translate-into=\"en\" data-phrase-index=\"1\"><span class=\"JLqJ4b\" data-language-for-alternatives=\"es\" data-language-to-translate-into=\"en\" data-phrase-index=\"2\">Eche un vistazo a <a href=\"https:\/\/tourtravelandmore.com\/es\/ciudad\/rusia-es\/san-petersburgo-es\/\">nuestros otros tours privados en San Petersburgo<\/a>. Ofrecemos tours privados en cualquier lugar.<\/span><\/span><\/p>\n","protected":false},"excerpt":{"rendered":"<p>Disfrute de la posibilidad de\u00a0conocer esta hermosa ciudad durante este tour con vuestro gu\u00eda oficial privado y chofer. Conozca los monumentos y zonas m\u00e1s emblem\u00e1ticas de esta maravillosa ciudad como <strong>la Iglesia de la sangre derramada, el Museo Hermitage<\/strong><b>\u00a0<\/b>y muchos lugares m\u00e1s.<\/p>\n<p>&nbsp;<\/p>\n","protected":false},"featured_media":79605,"comment_status":"open","ping_status":"closed","template":"","meta":{"_acf_changed":false},"product_brand":[],"product_cat":[2174,2180,2190,2193,2198],"product_tag":[],"class_list":{"0":"post-79595","1":"product","2":"type-product","3":"status-publish","4":"has-post-thumbnail","6":"product_cat-rusia-es","7":"product_cat-san-petersburgo-es","8":"product_cat-san-petersburgo-actividades-es","9":"product_cat-san-petersburgo-tours-privadas-es","10":"product_cat-san-petersburgo-excursiones-puerto-es","12":"first","13":"instock","14":"shipping-taxable","15":"purchasable","16":"product-type-simple"},"acf":[],"yoast_head":"<!-- This site is optimized with the Yoast SEO Premium plugin v25.3.1 (Yoast SEO v25.3.1) - https:\/\/yoast.com\/wordpress\/plugins\/seo\/ -->\n<title>\u27a1\ufe0f Tour Privado por San Petersburgo con chofer y gu\u00eda oficial | Tour Travel &amp; More<\/title>\n<meta name=\"description\" content=\"Explora una de las ciudades m\u00e1s hermosas de Rusia con nuestro Tour Privado por San Petersburgo en veh\u00edculo privado de lujo con chofer \u2705\" \/>\n<meta name=\"robots\" content=\"index, follow, max-snippet:-1, max-image-preview:large, max-video-preview:-1\" \/>\n<link rel=\"canonical\" href=\"https:\/\/tourtravelandmore.com\/es\/tours\/rusia-es\/san-petersburgo-es\/san-petersburgo-actividades-es\/tour-privado-por-san-petersburgo\/\" \/>\n<meta property=\"og:locale\" content=\"es_ES\" \/>\n<meta property=\"og:type\" content=\"article\" \/>\n<meta property=\"og:title\" content=\"Tour Privado por San Petersburgo - posible recogida en Puerto\" \/>\n<meta property=\"og:description\" content=\"Explora una de las ciudades m\u00e1s hermosas de Rusia con nuestro Tour Privado por San Petersburgo en veh\u00edculo privado de lujo con chofer \u2705\" \/>\n<meta property=\"og:url\" content=\"https:\/\/tourtravelandmore.com\/es\/tours\/rusia-es\/san-petersburgo-es\/san-petersburgo-actividades-es\/tour-privado-por-san-petersburgo\/\" \/>\n<meta property=\"og:site_name\" content=\"Tour Travel And More\" \/>\n<meta property=\"article:publisher\" content=\"https:\/\/www.facebook.com\/tourtravelandmore\/\" \/>\n<meta property=\"article:modified_time\" content=\"2024-02-16T09:56:06+00:00\" \/>\n<meta property=\"og:image\" content=\"https:\/\/tourtravelandmore.com\/wp-content\/uploads\/2020\/05\/Petersburg-square.jpg\" \/>\n\t<meta property=\"og:image:width\" content=\"1600\" \/>\n\t<meta property=\"og:image:height\" content=\"1200\" \/>\n\t<meta property=\"og:image:type\" content=\"image\/jpeg\" \/>\n<meta name=\"twitter:card\" content=\"summary_large_image\" \/>\n<meta name=\"twitter:site\" content=\"@TourTravel_More\" \/>\n<meta name=\"twitter:label1\" content=\"Tiempo de lectura\" \/>\n\t<meta name=\"twitter:data1\" content=\"3 minutos\" \/>\n<script type=\"application\/ld+json\" class=\"yoast-schema-graph\">{\"@context\":\"https:\/\/schema.org\",\"@graph\":[{\"@type\":\"WebPage\",\"@id\":\"https:\/\/tourtravelandmore.com\/es\/tours\/rusia-es\/san-petersburgo-es\/san-petersburgo-actividades-es\/tour-privado-por-san-petersburgo\/\",\"url\":\"https:\/\/tourtravelandmore.com\/es\/tours\/rusia-es\/san-petersburgo-es\/san-petersburgo-actividades-es\/tour-privado-por-san-petersburgo\/\",\"name\":\"\u27a1\ufe0f Tour Privado por San Petersburgo con chofer y gu\u00eda oficial | Tour Travel & More\",\"isPartOf\":{\"@id\":\"https:\/\/tourtravelandmore.com\/es\/#website\"},\"primaryImageOfPage\":{\"@id\":\"https:\/\/tourtravelandmore.com\/es\/tours\/rusia-es\/san-petersburgo-es\/san-petersburgo-actividades-es\/tour-privado-por-san-petersburgo\/#primaryimage\"},\"image\":{\"@id\":\"https:\/\/tourtravelandmore.com\/es\/tours\/rusia-es\/san-petersburgo-es\/san-petersburgo-actividades-es\/tour-privado-por-san-petersburgo\/#primaryimage\"},\"thumbnailUrl\":\"https:\/\/tourtravelandmore.com\/wp-content\/uploads\/2020\/05\/Petersburg-square.jpg\",\"datePublished\":\"2020-05-08T11:16:23+00:00\",\"dateModified\":\"2024-02-16T09:56:06+00:00\",\"description\":\"Explora una de las ciudades m\u00e1s hermosas de Rusia con nuestro Tour Privado por San Petersburgo en veh\u00edculo privado de lujo con chofer \u2705\",\"breadcrumb\":{\"@id\":\"https:\/\/tourtravelandmore.com\/es\/tours\/rusia-es\/san-petersburgo-es\/san-petersburgo-actividades-es\/tour-privado-por-san-petersburgo\/#breadcrumb\"},\"inLanguage\":\"es\",\"potentialAction\":[{\"@type\":\"ReadAction\",\"target\":[\"https:\/\/tourtravelandmore.com\/es\/tours\/rusia-es\/san-petersburgo-es\/san-petersburgo-actividades-es\/tour-privado-por-san-petersburgo\/\"]}]},{\"@type\":\"ImageObject\",\"inLanguage\":\"es\",\"@id\":\"https:\/\/tourtravelandmore.com\/es\/tours\/rusia-es\/san-petersburgo-es\/san-petersburgo-actividades-es\/tour-privado-por-san-petersburgo\/#primaryimage\",\"url\":\"https:\/\/tourtravelandmore.com\/wp-content\/uploads\/2020\/05\/Petersburg-square.jpg\",\"contentUrl\":\"https:\/\/tourtravelandmore.com\/wp-content\/uploads\/2020\/05\/Petersburg-square.jpg\",\"width\":1600,\"height\":1200},{\"@type\":\"BreadcrumbList\",\"@id\":\"https:\/\/tourtravelandmore.com\/es\/tours\/rusia-es\/san-petersburgo-es\/san-petersburgo-actividades-es\/tour-privado-por-san-petersburgo\/#breadcrumb\",\"itemListElement\":[{\"@type\":\"ListItem\",\"position\":1,\"name\":\"Home\",\"item\":\"https:\/\/tourtravelandmore.com\/es\/\"},{\"@type\":\"ListItem\",\"position\":2,\"name\":\"Tours\",\"item\":\"https:\/\/tourtravelandmore.com\/es\/tours\/\"},{\"@type\":\"ListItem\",\"position\":3,\"name\":\"Tour Privado por San Petersburgo &#8211; posible recogida en Puerto\"}]},{\"@type\":\"WebSite\",\"@id\":\"https:\/\/tourtravelandmore.com\/es\/#website\",\"url\":\"https:\/\/tourtravelandmore.com\/es\/\",\"name\":\"Tour Travel And More\",\"description\":\"Private sightseeing tours and luxury transfers in Spain\",\"publisher\":{\"@id\":\"https:\/\/tourtravelandmore.com\/es\/#organization\"},\"potentialAction\":[{\"@type\":\"SearchAction\",\"target\":{\"@type\":\"EntryPoint\",\"urlTemplate\":\"https:\/\/tourtravelandmore.com\/es\/?s={search_term_string}\"},\"query-input\":{\"@type\":\"PropertyValueSpecification\",\"valueRequired\":true,\"valueName\":\"search_term_string\"}}],\"inLanguage\":\"es\"},{\"@type\":\"Organization\",\"@id\":\"https:\/\/tourtravelandmore.com\/es\/#organization\",\"name\":\"Tour Travel And More\",\"url\":\"https:\/\/tourtravelandmore.com\/es\/\",\"logo\":{\"@type\":\"ImageObject\",\"inLanguage\":\"es\",\"@id\":\"https:\/\/tourtravelandmore.com\/es\/#\/schema\/logo\/image\/\",\"url\":\"https:\/\/tourtravelandmore.com\/wp-content\/uploads\/2022\/12\/cropped-logo-cabecera-new.png\",\"contentUrl\":\"https:\/\/tourtravelandmore.com\/wp-content\/uploads\/2022\/12\/cropped-logo-cabecera-new.png\",\"width\":430,\"height\":61,\"caption\":\"Tour Travel And More\"},\"image\":{\"@id\":\"https:\/\/tourtravelandmore.com\/es\/#\/schema\/logo\/image\/\"},\"sameAs\":[\"https:\/\/www.facebook.com\/tourtravelandmore\/\",\"https:\/\/x.com\/TourTravel_More\"]}]}<\/script>\n<!-- \/ Yoast SEO Premium plugin. -->","yoast_head_json":{"title":"\u27a1\ufe0f Tour Privado por San Petersburgo con chofer y gu\u00eda oficial | Tour Travel & More","description":"Explora una de las ciudades m\u00e1s hermosas de Rusia con nuestro Tour Privado por San Petersburgo en veh\u00edculo privado de lujo con chofer \u2705","robots":{"index":"index","follow":"follow","max-snippet":"max-snippet:-1","max-image-preview":"max-image-preview:large","max-video-preview":"max-video-preview:-1"},"canonical":"https:\/\/tourtravelandmore.com\/es\/tours\/rusia-es\/san-petersburgo-es\/san-petersburgo-actividades-es\/tour-privado-por-san-petersburgo\/","og_locale":"es_ES","og_type":"article","og_title":"Tour Privado por San Petersburgo - posible recogida en Puerto","og_description":"Explora una de las ciudades m\u00e1s hermosas de Rusia con nuestro Tour Privado por San Petersburgo en veh\u00edculo privado de lujo con chofer \u2705","og_url":"https:\/\/tourtravelandmore.com\/es\/tours\/rusia-es\/san-petersburgo-es\/san-petersburgo-actividades-es\/tour-privado-por-san-petersburgo\/","og_site_name":"Tour Travel And More","article_publisher":"https:\/\/www.facebook.com\/tourtravelandmore\/","article_modified_time":"2024-02-16T09:56:06+00:00","og_image":[{"width":1600,"height":1200,"url":"https:\/\/tourtravelandmore.com\/wp-content\/uploads\/2020\/05\/Petersburg-square.jpg","type":"image\/jpeg"}],"twitter_card":"summary_large_image","twitter_site":"@TourTravel_More","twitter_misc":{"Tiempo de lectura":"3 minutos"},"schema":{"@context":"https:\/\/schema.org","@graph":[{"@type":"WebPage","@id":"https:\/\/tourtravelandmore.com\/es\/tours\/rusia-es\/san-petersburgo-es\/san-petersburgo-actividades-es\/tour-privado-por-san-petersburgo\/","url":"https:\/\/tourtravelandmore.com\/es\/tours\/rusia-es\/san-petersburgo-es\/san-petersburgo-actividades-es\/tour-privado-por-san-petersburgo\/","name":"\u27a1\ufe0f Tour Privado por San Petersburgo con chofer y gu\u00eda oficial | Tour Travel & More","isPartOf":{"@id":"https:\/\/tourtravelandmore.com\/es\/#website"},"primaryImageOfPage":{"@id":"https:\/\/tourtravelandmore.com\/es\/tours\/rusia-es\/san-petersburgo-es\/san-petersburgo-actividades-es\/tour-privado-por-san-petersburgo\/#primaryimage"},"image":{"@id":"https:\/\/tourtravelandmore.com\/es\/tours\/rusia-es\/san-petersburgo-es\/san-petersburgo-actividades-es\/tour-privado-por-san-petersburgo\/#primaryimage"},"thumbnailUrl":"https:\/\/tourtravelandmore.com\/wp-content\/uploads\/2020\/05\/Petersburg-square.jpg","datePublished":"2020-05-08T11:16:23+00:00","dateModified":"2024-02-16T09:56:06+00:00","description":"Explora una de las ciudades m\u00e1s hermosas de Rusia con nuestro Tour Privado por San Petersburgo en veh\u00edculo privado de lujo con chofer \u2705","breadcrumb":{"@id":"https:\/\/tourtravelandmore.com\/es\/tours\/rusia-es\/san-petersburgo-es\/san-petersburgo-actividades-es\/tour-privado-por-san-petersburgo\/#breadcrumb"},"inLanguage":"es","potentialAction":[{"@type":"ReadAction","target":["https:\/\/tourtravelandmore.com\/es\/tours\/rusia-es\/san-petersburgo-es\/san-petersburgo-actividades-es\/tour-privado-por-san-petersburgo\/"]}]},{"@type":"ImageObject","inLanguage":"es","@id":"https:\/\/tourtravelandmore.com\/es\/tours\/rusia-es\/san-petersburgo-es\/san-petersburgo-actividades-es\/tour-privado-por-san-petersburgo\/#primaryimage","url":"https:\/\/tourtravelandmore.com\/wp-content\/uploads\/2020\/05\/Petersburg-square.jpg","contentUrl":"https:\/\/tourtravelandmore.com\/wp-content\/uploads\/2020\/05\/Petersburg-square.jpg","width":1600,"height":1200},{"@type":"BreadcrumbList","@id":"https:\/\/tourtravelandmore.com\/es\/tours\/rusia-es\/san-petersburgo-es\/san-petersburgo-actividades-es\/tour-privado-por-san-petersburgo\/#breadcrumb","itemListElement":[{"@type":"ListItem","position":1,"name":"Home","item":"https:\/\/tourtravelandmore.com\/es\/"},{"@type":"ListItem","position":2,"name":"Tours","item":"https:\/\/tourtravelandmore.com\/es\/tours\/"},{"@type":"ListItem","position":3,"name":"Tour Privado por San Petersburgo &#8211; posible recogida en Puerto"}]},{"@type":"WebSite","@id":"https:\/\/tourtravelandmore.com\/es\/#website","url":"https:\/\/tourtravelandmore.com\/es\/","name":"Tour Travel And More","description":"Private sightseeing tours and luxury transfers in Spain","publisher":{"@id":"https:\/\/tourtravelandmore.com\/es\/#organization"},"potentialAction":[{"@type":"SearchAction","target":{"@type":"EntryPoint","urlTemplate":"https:\/\/tourtravelandmore.com\/es\/?s={search_term_string}"},"query-input":{"@type":"PropertyValueSpecification","valueRequired":true,"valueName":"search_term_string"}}],"inLanguage":"es"},{"@type":"Organization","@id":"https:\/\/tourtravelandmore.com\/es\/#organization","name":"Tour Travel And More","url":"https:\/\/tourtravelandmore.com\/es\/","logo":{"@type":"ImageObject","inLanguage":"es","@id":"https:\/\/tourtravelandmore.com\/es\/#\/schema\/logo\/image\/","url":"https:\/\/tourtravelandmore.com\/wp-content\/uploads\/2022\/12\/cropped-logo-cabecera-new.png","contentUrl":"https:\/\/tourtravelandmore.com\/wp-content\/uploads\/2022\/12\/cropped-logo-cabecera-new.png","width":430,"height":61,"caption":"Tour Travel And More"},"image":{"@id":"https:\/\/tourtravelandmore.com\/es\/#\/schema\/logo\/image\/"},"sameAs":["https:\/\/www.facebook.com\/tourtravelandmore\/","https:\/\/x.com\/TourTravel_More"]}]}},"_links":{"self":[{"href":"https:\/\/tourtravelandmore.com\/es\/wp-json\/wp\/v2\/product\/79595","targetHints":{"allow":["GET"]}}],"collection":[{"href":"https:\/\/tourtravelandmore.com\/es\/wp-json\/wp\/v2\/product"}],"about":[{"href":"https:\/\/tourtravelandmore.com\/es\/wp-json\/wp\/v2\/types\/product"}],"replies":[{"embeddable":true,"href":"https:\/\/tourtravelandmore.com\/es\/wp-json\/wp\/v2\/comments?post=79595"}],"wp:featuredmedia":[{"embeddable":true,"href":"https:\/\/tourtravelandmore.com\/es\/wp-json\/wp\/v2\/media\/79605"}],"wp:attachment":[{"href":"https:\/\/tourtravelandmore.com\/es\/wp-json\/wp\/v2\/media?parent=79595"}],"wp:term":[{"taxonomy":"product_brand","embeddable":true,"href":"https:\/\/tourtravelandmore.com\/es\/wp-json\/wp\/v2\/product_brand?post=79595"},{"taxonomy":"product_cat","embeddable":true,"href":"https:\/\/tourtravelandmore.com\/es\/wp-json\/wp\/v2\/product_cat?post=79595"},{"taxonomy":"product_tag","embeddable":true,"href":"https:\/\/tourtravelandmore.com\/es\/wp-json\/wp\/v2\/product_tag?post=79595"}],"curies":[{"name":"wp","href":"https:\/\/api.w.org\/{rel}","templated":true}]}}