{"id":79569,"date":"2020-05-07T15:41:44","date_gmt":"2020-05-07T13:41:45","guid":{"rendered":"https:\/\/tourtravelandmore.com\/?post_type=product&#038;p=79569"},"modified":"2022-11-26T00:49:55","modified_gmt":"2022-11-25T23:49:55","slug":"tour-privado-pueblos-medievales-cataluna-barcelona","status":"publish","type":"product","link":"https:\/\/tourtravelandmore.com\/es\/tours\/espana-es\/barcelona-es\/tour-privado-pueblos-medievales-cataluna-barcelona\/","title":{"rendered":"Ruta por los pueblos medievales de Girona &#8211; Tour Privado desde Barcelona"},"content":{"rendered":"<h2><strong>Descripci\u00f3n de la Ruta\u00a0por los pueblos medievales de Girona &#8211; Tour Privado desde Barcelona<\/strong><\/h2>\n<p class=\"p1\">Si dispone de tiempo en su vista a Barcelona, le recomendamos que salga de la ciudad y pueda conocer su costa. <strong>La Ruta por los pueblos medievales de Girona<\/strong> es la m\u00e1s bonita,<strong> son sus pueblos mediavales situados en la costa, <\/strong>junto a nuestro gu\u00eda oficial, conoceremos cada rinc\u00f3n, la Historia, incluso podremos parar para hacer un ba\u00f1o en la playa.<\/p>\n<p>La duraci\u00f3n de este tour es de 11 horas, desde la recogida en su Hotel, Apartamento o Terminal de Cruceros, hasta su vuelta.<\/p>\n<p>Si no desea un gu\u00eda oficial, puede realizar el Tour con nuestro conductor, \u00e9l conoce perfectamente la zona, pero no tiene conocimientos de la Historia, pero os puede llevar a los principales pueblos y vosotros visitar estos pueblos por vuestra cuenta.<\/p>\n<p class=\"p1\"><span class=\"s1\">Esta es una experiencia personalizada y podemos modificar las ubicaciones seg\u00fan sus solicitudes. <\/span><\/p>\n<h2 class=\"p4\"><span class=\"s1\"><b>Puntos de Inter\u00e9s en la Ruta\u00a0por los pueblos medievales de Girona &#8211; Tour Privado desde Barcelona<br \/>\n<\/b><\/span><\/h2>\n<p class=\"p1\"><span class=\"s1\">Una sean recogidos desde Barcelona, nos dirigiremos hacia la Costa Brava para empezar <strong>La Ruta por los pueblos medievales de <a href=\"https:\/\/es.wikipedia.org\/wiki\/Gerona\">Girona<\/a><\/strong>. Este es un ejemplo del itinerario que se puede hacer. Por supuesto, depender\u00e1 de cu\u00e1nto tiempo se pase en cada ubicaci\u00f3n. Al ser un recorrido privado, no limitamos el tiempo en cada ubicaci\u00f3n, podemos recomendar cu\u00e1ndo salir para continuar y poder tener una vista en m\u00e1s ubicaciones, pero depender\u00e1 completamente de usted.<\/span><\/p>\n<p class=\"p1\"><span class=\"s1\">Aqu\u00ed est\u00e1 el itinerario:<\/span><\/p>\n<ul class=\"ul1\">\n<li class=\"li1\"><span class=\"s1\"><em><strong>Besal\u00fa<\/strong><\/em>: Hermoso y \u00fanico pueblo medieval. Es una visita obligada y no solo por los hechos hist\u00f3ricos sorprendentes que tiene, sino tambi\u00e9n para caminar y disfrutar de esta ciudad y un lugar donde se film\u00f3 Game of Thrones.<\/span><\/li>\n<\/ul>\n<ul class=\"ul1\">\n<li class=\"li1\"><span class=\"s1\"><strong><em>Pals<\/em><\/strong>: Pals es una hermosa ubicaci\u00f3n y ciudad en la zona \u00fanica de la Costa Brava. En el coraz\u00f3n de la Costa Brava puedes encontrar pueblos m\u00e9dicos \u00fanicos. Este es el caso de Pals. Era una ciudad construida sobre un peque\u00f1o acantilado. Tiene un gran encanto y puedes encontrar castillos y sitios \u00fanicos.<\/span><\/li>\n<\/ul>\n<ul class=\"ul1\">\n<li class=\"li1\"><span class=\"s1\"><strong><em>Begur<\/em><\/strong>: Begur tambi\u00e9n es parte de la Costa Brava. No est\u00e1 directamente en el mar, pero es un lugar \u00fanico con un encanto incre\u00edble. Pasea por sus calles y su casco antiguo. Una visita obligada en Catalu\u00f1a.<\/span><\/li>\n<\/ul>\n<ul class=\"ul1\">\n<li class=\"li1\"><span class=\"s1\"><strong><em>Tossa de Mar<\/em><\/strong>: Otro pueblo en el sur de la Costa Brava. Este pueblo est\u00e1 m\u00e1s cerca de Barcelona que el resto de los pueblos anteriores. Hay un hermoso castillo con vistas al mar.<\/span><\/li>\n<\/ul>\n<p class=\"p1\"><span class=\"s1\">A lo largo de la ruta podr\u00e1 parar para comer y disfrutar de cada localidad.<br \/>\n<\/span><\/p>\n<p>Si desea conocer Girona y otros pueblos de la Costa Brava os recomendamos hacer el <a href=\"https:\/\/tourtravelandmore.com\/es\/tours\/espana-es\/barcelona-es\/tour-privado-girona-desde-barcelona-6-horas\/\">Tour Privado de Girona desde Barcelona<\/a> o el <a href=\"https:\/\/tourtravelandmore.com\/es\/tours\/espana-es\/barcelona-es\/tour-privado-costa-brava-girona-desde-barcelona\/\">Tour Privado de Girona y Costa Brava desde Barcelona.<\/a><\/p>\n<p>Para m\u00e1s informaci\u00f3n puedes contactar en el formulario de contacto del tour, un nuestro equipo le escribir\u00e1 para pasarle la informaci\u00f3n del tour detallada.<\/p>\n","protected":false},"excerpt":{"rendered":"<p>Disfrute de esta e<strong>xperiencia completamente privada<\/strong> desde Barcelona y descubra los <strong>pueblos medievales de la regi\u00f3n<\/strong>, por ejemplo, tenga una vista de <strong>Pals<\/strong>, <strong>Begur<\/strong>, <strong>Tossa de Mar<\/strong> y <strong>Besalu<\/strong> en Espa\u00f1a como uno de los pueblos medievales ic\u00f3nicos. Tendr\u00e1 un ch\u00f3fer privado a su disposici\u00f3n y gu\u00eda tur\u00edstico oficial opcional. La recogida puede realizarse en el hotel o lugar de elecci\u00f3n en Barcelona.<\/p>\n","protected":false},"featured_media":79589,"comment_status":"open","ping_status":"closed","template":"","meta":{"_acf_changed":false},"product_brand":[],"product_cat":[69,266,267],"product_tag":[],"class_list":{"0":"post-79569","1":"product","2":"type-product","3":"status-publish","4":"has-post-thumbnail","6":"product_cat-barcelona-es","7":"product_cat-barcelona-actividades-es","8":"product_cat-barcelona-excursiones-es","10":"first","11":"instock","12":"shipping-taxable","13":"purchasable","14":"product-type-simple"},"acf":[],"yoast_head":"<!-- This site is optimized with the Yoast SEO Premium plugin v25.3.1 (Yoast SEO v25.3.1) - https:\/\/yoast.com\/wordpress\/plugins\/seo\/ -->\n<title>\u27a1\ufe0f Ruta por los pueblos medievales de Girona | Tour Travel &amp; More<\/title>\n<meta name=\"description\" content=\"La Ruta por los pueblos medievales de Girona conocer\u00e1 Pals, Besal\u00fa, Tossa de Mar y Begur son algunos de los pueblos m\u00e1s bonitos de la regi\u00f3n \u2705\" \/>\n<meta name=\"robots\" content=\"index, follow, max-snippet:-1, max-image-preview:large, max-video-preview:-1\" \/>\n<link rel=\"canonical\" href=\"https:\/\/tourtravelandmore.com\/es\/tours\/espana-es\/barcelona-es\/tour-privado-pueblos-medievales-cataluna-barcelona\/\" \/>\n<meta property=\"og:locale\" content=\"es_ES\" \/>\n<meta property=\"og:type\" content=\"article\" \/>\n<meta property=\"og:title\" content=\"Ruta por los pueblos medievales de Girona - Tour Privado desde Barcelona\" \/>\n<meta property=\"og:description\" content=\"La Ruta por los pueblos medievales de Girona conocer\u00e1 Pals, Besal\u00fa, Tossa de Mar y Begur son algunos de los pueblos m\u00e1s bonitos de la regi\u00f3n \u2705\" \/>\n<meta property=\"og:url\" content=\"https:\/\/tourtravelandmore.com\/es\/tours\/espana-es\/barcelona-es\/tour-privado-pueblos-medievales-cataluna-barcelona\/\" \/>\n<meta property=\"og:site_name\" content=\"Tour Travel And More\" \/>\n<meta property=\"article:publisher\" content=\"https:\/\/www.facebook.com\/tourtravelandmore\/\" \/>\n<meta property=\"article:modified_time\" content=\"2022-11-25T23:49:55+00:00\" \/>\n<meta property=\"og:image\" content=\"https:\/\/tourtravelandmore.com\/wp-content\/uploads\/2020\/05\/Portal_dacce\u0301s_al_carrer_Major_Pals_-_1-1024x667.jpg\" \/>\n\t<meta property=\"og:image:width\" content=\"1024\" \/>\n\t<meta property=\"og:image:height\" content=\"667\" \/>\n\t<meta property=\"og:image:type\" content=\"image\/jpeg\" \/>\n<meta name=\"twitter:card\" content=\"summary_large_image\" \/>\n<meta name=\"twitter:site\" content=\"@TourTravel_More\" \/>\n<meta name=\"twitter:label1\" content=\"Tiempo de lectura\" \/>\n\t<meta name=\"twitter:data1\" content=\"3 minutos\" \/>\n<script type=\"application\/ld+json\" class=\"yoast-schema-graph\">{\"@context\":\"https:\/\/schema.org\",\"@graph\":[{\"@type\":\"WebPage\",\"@id\":\"https:\/\/tourtravelandmore.com\/es\/tours\/espana-es\/barcelona-es\/tour-privado-pueblos-medievales-cataluna-barcelona\/\",\"url\":\"https:\/\/tourtravelandmore.com\/es\/tours\/espana-es\/barcelona-es\/tour-privado-pueblos-medievales-cataluna-barcelona\/\",\"name\":\"\u27a1\ufe0f Ruta por los pueblos medievales de Girona | Tour Travel & More\",\"isPartOf\":{\"@id\":\"https:\/\/tourtravelandmore.com\/es\/#website\"},\"primaryImageOfPage\":{\"@id\":\"https:\/\/tourtravelandmore.com\/es\/tours\/espana-es\/barcelona-es\/tour-privado-pueblos-medievales-cataluna-barcelona\/#primaryimage\"},\"image\":{\"@id\":\"https:\/\/tourtravelandmore.com\/es\/tours\/espana-es\/barcelona-es\/tour-privado-pueblos-medievales-cataluna-barcelona\/#primaryimage\"},\"thumbnailUrl\":\"https:\/\/tourtravelandmore.com\/wp-content\/uploads\/2020\/05\/Portal_dacce\u0301s_al_carrer_Major_Pals_-_1.jpg\",\"datePublished\":\"2020-05-07T13:41:45+00:00\",\"dateModified\":\"2022-11-25T23:49:55+00:00\",\"description\":\"La Ruta por los pueblos medievales de Girona conocer\u00e1 Pals, Besal\u00fa, Tossa de Mar y Begur son algunos de los pueblos m\u00e1s bonitos de la regi\u00f3n \u2705\",\"breadcrumb\":{\"@id\":\"https:\/\/tourtravelandmore.com\/es\/tours\/espana-es\/barcelona-es\/tour-privado-pueblos-medievales-cataluna-barcelona\/#breadcrumb\"},\"inLanguage\":\"es\",\"potentialAction\":[{\"@type\":\"ReadAction\",\"target\":[\"https:\/\/tourtravelandmore.com\/es\/tours\/espana-es\/barcelona-es\/tour-privado-pueblos-medievales-cataluna-barcelona\/\"]}]},{\"@type\":\"ImageObject\",\"inLanguage\":\"es\",\"@id\":\"https:\/\/tourtravelandmore.com\/es\/tours\/espana-es\/barcelona-es\/tour-privado-pueblos-medievales-cataluna-barcelona\/#primaryimage\",\"url\":\"https:\/\/tourtravelandmore.com\/wp-content\/uploads\/2020\/05\/Portal_dacce\u0301s_al_carrer_Major_Pals_-_1.jpg\",\"contentUrl\":\"https:\/\/tourtravelandmore.com\/wp-content\/uploads\/2020\/05\/Portal_dacce\u0301s_al_carrer_Major_Pals_-_1.jpg\",\"width\":2560,\"height\":1669},{\"@type\":\"BreadcrumbList\",\"@id\":\"https:\/\/tourtravelandmore.com\/es\/tours\/espana-es\/barcelona-es\/tour-privado-pueblos-medievales-cataluna-barcelona\/#breadcrumb\",\"itemListElement\":[{\"@type\":\"ListItem\",\"position\":1,\"name\":\"Home\",\"item\":\"https:\/\/tourtravelandmore.com\/es\/\"},{\"@type\":\"ListItem\",\"position\":2,\"name\":\"Tours\",\"item\":\"https:\/\/tourtravelandmore.com\/es\/tours\/\"},{\"@type\":\"ListItem\",\"position\":3,\"name\":\"Ruta por los pueblos medievales de Girona &#8211; Tour Privado desde Barcelona\"}]},{\"@type\":\"WebSite\",\"@id\":\"https:\/\/tourtravelandmore.com\/es\/#website\",\"url\":\"https:\/\/tourtravelandmore.com\/es\/\",\"name\":\"Tour Travel And More\",\"description\":\"Private sightseeing tours and luxury transfers in Spain\",\"publisher\":{\"@id\":\"https:\/\/tourtravelandmore.com\/es\/#organization\"},\"potentialAction\":[{\"@type\":\"SearchAction\",\"target\":{\"@type\":\"EntryPoint\",\"urlTemplate\":\"https:\/\/tourtravelandmore.com\/es\/?s={search_term_string}\"},\"query-input\":{\"@type\":\"PropertyValueSpecification\",\"valueRequired\":true,\"valueName\":\"search_term_string\"}}],\"inLanguage\":\"es\"},{\"@type\":\"Organization\",\"@id\":\"https:\/\/tourtravelandmore.com\/es\/#organization\",\"name\":\"Tour Travel And More\",\"url\":\"https:\/\/tourtravelandmore.com\/es\/\",\"logo\":{\"@type\":\"ImageObject\",\"inLanguage\":\"es\",\"@id\":\"https:\/\/tourtravelandmore.com\/es\/#\/schema\/logo\/image\/\",\"url\":\"https:\/\/tourtravelandmore.com\/wp-content\/uploads\/2022\/12\/cropped-logo-cabecera-new.png\",\"contentUrl\":\"https:\/\/tourtravelandmore.com\/wp-content\/uploads\/2022\/12\/cropped-logo-cabecera-new.png\",\"width\":430,\"height\":61,\"caption\":\"Tour Travel And More\"},\"image\":{\"@id\":\"https:\/\/tourtravelandmore.com\/es\/#\/schema\/logo\/image\/\"},\"sameAs\":[\"https:\/\/www.facebook.com\/tourtravelandmore\/\",\"https:\/\/x.com\/TourTravel_More\"]}]}<\/script>\n<!-- \/ Yoast SEO Premium plugin. -->","yoast_head_json":{"title":"\u27a1\ufe0f Ruta por los pueblos medievales de Girona | Tour Travel & More","description":"La Ruta por los pueblos medievales de Girona conocer\u00e1 Pals, Besal\u00fa, Tossa de Mar y Begur son algunos de los pueblos m\u00e1s bonitos de la regi\u00f3n \u2705","robots":{"index":"index","follow":"follow","max-snippet":"max-snippet:-1","max-image-preview":"max-image-preview:large","max-video-preview":"max-video-preview:-1"},"canonical":"https:\/\/tourtravelandmore.com\/es\/tours\/espana-es\/barcelona-es\/tour-privado-pueblos-medievales-cataluna-barcelona\/","og_locale":"es_ES","og_type":"article","og_title":"Ruta por los pueblos medievales de Girona - Tour Privado desde Barcelona","og_description":"La Ruta por los pueblos medievales de Girona conocer\u00e1 Pals, Besal\u00fa, Tossa de Mar y Begur son algunos de los pueblos m\u00e1s bonitos de la regi\u00f3n \u2705","og_url":"https:\/\/tourtravelandmore.com\/es\/tours\/espana-es\/barcelona-es\/tour-privado-pueblos-medievales-cataluna-barcelona\/","og_site_name":"Tour Travel And More","article_publisher":"https:\/\/www.facebook.com\/tourtravelandmore\/","article_modified_time":"2022-11-25T23:49:55+00:00","og_image":[{"width":1024,"height":667,"url":"https:\/\/tourtravelandmore.com\/wp-content\/uploads\/2020\/05\/Portal_dacce\u0301s_al_carrer_Major_Pals_-_1-1024x667.jpg","type":"image\/jpeg"}],"twitter_card":"summary_large_image","twitter_site":"@TourTravel_More","twitter_misc":{"Tiempo de lectura":"3 minutos"},"schema":{"@context":"https:\/\/schema.org","@graph":[{"@type":"WebPage","@id":"https:\/\/tourtravelandmore.com\/es\/tours\/espana-es\/barcelona-es\/tour-privado-pueblos-medievales-cataluna-barcelona\/","url":"https:\/\/tourtravelandmore.com\/es\/tours\/espana-es\/barcelona-es\/tour-privado-pueblos-medievales-cataluna-barcelona\/","name":"\u27a1\ufe0f Ruta por los pueblos medievales de Girona | Tour Travel & More","isPartOf":{"@id":"https:\/\/tourtravelandmore.com\/es\/#website"},"primaryImageOfPage":{"@id":"https:\/\/tourtravelandmore.com\/es\/tours\/espana-es\/barcelona-es\/tour-privado-pueblos-medievales-cataluna-barcelona\/#primaryimage"},"image":{"@id":"https:\/\/tourtravelandmore.com\/es\/tours\/espana-es\/barcelona-es\/tour-privado-pueblos-medievales-cataluna-barcelona\/#primaryimage"},"thumbnailUrl":"https:\/\/tourtravelandmore.com\/wp-content\/uploads\/2020\/05\/Portal_dacce\u0301s_al_carrer_Major_Pals_-_1.jpg","datePublished":"2020-05-07T13:41:45+00:00","dateModified":"2022-11-25T23:49:55+00:00","description":"La Ruta por los pueblos medievales de Girona conocer\u00e1 Pals, Besal\u00fa, Tossa de Mar y Begur son algunos de los pueblos m\u00e1s bonitos de la regi\u00f3n \u2705","breadcrumb":{"@id":"https:\/\/tourtravelandmore.com\/es\/tours\/espana-es\/barcelona-es\/tour-privado-pueblos-medievales-cataluna-barcelona\/#breadcrumb"},"inLanguage":"es","potentialAction":[{"@type":"ReadAction","target":["https:\/\/tourtravelandmore.com\/es\/tours\/espana-es\/barcelona-es\/tour-privado-pueblos-medievales-cataluna-barcelona\/"]}]},{"@type":"ImageObject","inLanguage":"es","@id":"https:\/\/tourtravelandmore.com\/es\/tours\/espana-es\/barcelona-es\/tour-privado-pueblos-medievales-cataluna-barcelona\/#primaryimage","url":"https:\/\/tourtravelandmore.com\/wp-content\/uploads\/2020\/05\/Portal_dacce\u0301s_al_carrer_Major_Pals_-_1.jpg","contentUrl":"https:\/\/tourtravelandmore.com\/wp-content\/uploads\/2020\/05\/Portal_dacce\u0301s_al_carrer_Major_Pals_-_1.jpg","width":2560,"height":1669},{"@type":"BreadcrumbList","@id":"https:\/\/tourtravelandmore.com\/es\/tours\/espana-es\/barcelona-es\/tour-privado-pueblos-medievales-cataluna-barcelona\/#breadcrumb","itemListElement":[{"@type":"ListItem","position":1,"name":"Home","item":"https:\/\/tourtravelandmore.com\/es\/"},{"@type":"ListItem","position":2,"name":"Tours","item":"https:\/\/tourtravelandmore.com\/es\/tours\/"},{"@type":"ListItem","position":3,"name":"Ruta por los pueblos medievales de Girona &#8211; Tour Privado desde Barcelona"}]},{"@type":"WebSite","@id":"https:\/\/tourtravelandmore.com\/es\/#website","url":"https:\/\/tourtravelandmore.com\/es\/","name":"Tour Travel And More","description":"Private sightseeing tours and luxury transfers in Spain","publisher":{"@id":"https:\/\/tourtravelandmore.com\/es\/#organization"},"potentialAction":[{"@type":"SearchAction","target":{"@type":"EntryPoint","urlTemplate":"https:\/\/tourtravelandmore.com\/es\/?s={search_term_string}"},"query-input":{"@type":"PropertyValueSpecification","valueRequired":true,"valueName":"search_term_string"}}],"inLanguage":"es"},{"@type":"Organization","@id":"https:\/\/tourtravelandmore.com\/es\/#organization","name":"Tour Travel And More","url":"https:\/\/tourtravelandmore.com\/es\/","logo":{"@type":"ImageObject","inLanguage":"es","@id":"https:\/\/tourtravelandmore.com\/es\/#\/schema\/logo\/image\/","url":"https:\/\/tourtravelandmore.com\/wp-content\/uploads\/2022\/12\/cropped-logo-cabecera-new.png","contentUrl":"https:\/\/tourtravelandmore.com\/wp-content\/uploads\/2022\/12\/cropped-logo-cabecera-new.png","width":430,"height":61,"caption":"Tour Travel And More"},"image":{"@id":"https:\/\/tourtravelandmore.com\/es\/#\/schema\/logo\/image\/"},"sameAs":["https:\/\/www.facebook.com\/tourtravelandmore\/","https:\/\/x.com\/TourTravel_More"]}]}},"_links":{"self":[{"href":"https:\/\/tourtravelandmore.com\/es\/wp-json\/wp\/v2\/product\/79569","targetHints":{"allow":["GET"]}}],"collection":[{"href":"https:\/\/tourtravelandmore.com\/es\/wp-json\/wp\/v2\/product"}],"about":[{"href":"https:\/\/tourtravelandmore.com\/es\/wp-json\/wp\/v2\/types\/product"}],"replies":[{"embeddable":true,"href":"https:\/\/tourtravelandmore.com\/es\/wp-json\/wp\/v2\/comments?post=79569"}],"wp:featuredmedia":[{"embeddable":true,"href":"https:\/\/tourtravelandmore.com\/es\/wp-json\/wp\/v2\/media\/79589"}],"wp:attachment":[{"href":"https:\/\/tourtravelandmore.com\/es\/wp-json\/wp\/v2\/media?parent=79569"}],"wp:term":[{"taxonomy":"product_brand","embeddable":true,"href":"https:\/\/tourtravelandmore.com\/es\/wp-json\/wp\/v2\/product_brand?post=79569"},{"taxonomy":"product_cat","embeddable":true,"href":"https:\/\/tourtravelandmore.com\/es\/wp-json\/wp\/v2\/product_cat?post=79569"},{"taxonomy":"product_tag","embeddable":true,"href":"https:\/\/tourtravelandmore.com\/es\/wp-json\/wp\/v2\/product_tag?post=79569"}],"curies":[{"name":"wp","href":"https:\/\/api.w.org\/{rel}","templated":true}]}}