{"id":79551,"date":"2020-05-04T12:00:20","date_gmt":"2020-05-04T10:00:20","guid":{"rendered":"https:\/\/tourtravelandmore.com\/?post_type=product&#038;p=79551"},"modified":"2024-02-16T10:50:35","modified_gmt":"2024-02-16T09:50:35","slug":"tour-privado-a-pie-por-san-petersburgo","status":"publish","type":"product","link":"https:\/\/tourtravelandmore.com\/es\/tours\/rusia-es\/san-petersburgo-es\/san-petersburgo-actividades-es\/tour-privado-a-pie-por-san-petersburgo\/","title":{"rendered":"Tour Privado a pie por San Petersburgo"},"content":{"rendered":"<h2 id=\"tw-target-text\" class=\"tw-data-text tw-text-large XcVN5d tw-ta\" dir=\"ltr\" data-placeholder=\"Traducci\u00f3n\"><span lang=\"es\">Descripci\u00f3n del Tour Privado a pie por San Petersburgo<\/span><\/h2>\n<p>Descubra una de las ciudades m\u00e1s maravillosas de Rusia con nosotros y disfrute de este Tour Privado a pie por San Petersburgo. <span class=\"JLqJ4b ChMk0b\" data-language-for-alternatives=\"es\" data-language-to-translate-into=\"en\" data-phrase-index=\"1\">D\u00e9jate hipnotizar por su arquitectura, su historia y un valor art\u00edstico y una oferta asombrosos. <\/span><\/p>\n<p><span class=\"JLqJ4b ChMk0b\" data-language-for-alternatives=\"es\" data-language-to-translate-into=\"en\" data-phrase-index=\"1\"><span class=\"JLqJ4b\" data-language-for-alternatives=\"es\" data-language-to-translate-into=\"en\" data-phrase-index=\"2\">Durante esta hermosa e informativa caminata, contar\u00e1 con la compa\u00f1\u00eda de un gu\u00eda privado. Su gu\u00eda tambi\u00e9n es un gran conocedor de la ciudad, su historia, sus leyendas y los hechos e historias m\u00e1s interesantes de San Petersburgo.<\/span><\/span><\/p>\n<p><span class=\"JLqJ4b ChMk0b\" data-language-for-alternatives=\"es\" data-language-to-translate-into=\"en\" data-phrase-index=\"1\"><span class=\"JLqJ4b\" data-language-for-alternatives=\"es\" data-language-to-translate-into=\"en\" data-phrase-index=\"2\">Este tour privado comenzar\u00e1 desde un punto de encuentro ubicado en el centro de la ciudad. Si su hotel est\u00e1 ubicado en el centro de la ciudad, podemos organizar una recogida privada a pie. P\u00f3ngase en contacto con nuestros expertos en viajes para obtener m\u00e1s informaci\u00f3n.<\/span><\/span><\/p>\n<h2>Puntos emblem\u00e1ticos y de inter\u00e9s en el Tour Privado a pie por San Petersburgo<\/h2>\n<p>San Petersburgo fue creado como la intenci\u00f3n de Rusia de mostrar el creciente estatus imperial de los pa\u00edses en el mundo. <span class=\"JLqJ4b\" data-language-for-alternatives=\"es\" data-language-to-translate-into=\"en\" data-phrase-index=\"1\"><span class=\"JLqJ4b ChMk0b\" data-language-for-alternatives=\"es\" data-language-to-translate-into=\"en\" data-phrase-index=\"2\">La ciudad fue fundada por el zar Pedro I (el Grande) y ha sido la capital de Rusia durante m\u00e1s de 200 a\u00f1os. <\/span><\/span><\/p>\n<p><span class=\"JLqJ4b\" data-language-for-alternatives=\"es\" data-language-to-translate-into=\"en\" data-phrase-index=\"1\"><span class=\"JLqJ4b ChMk0b\" data-language-for-alternatives=\"es\" data-language-to-translate-into=\"en\" data-phrase-index=\"2\">Durante nuestro tour privado a pie por San Petersburgo, descubrir\u00e1 algunos de los sitios m\u00e1s emblem\u00e1ticos del centro hist\u00f3rico de la ciudad con un experto local. Este recorrido a pie privado est\u00e1 destinado a cubrir todas las principales atracciones de la ciudad y conocer su historia. Descubra su maravillosa arquitectura y, por supuesto, tiempo para tomar algunas fotograf\u00edas maravillosas.<\/span><\/span><\/p>\n<ul>\n<li>Algunos de los sitios que visitar\u00e1 durante su tour privado son:<\/li>\n<li><strong>Fortaleza de San Pedro y San Pablo<\/strong><\/li>\n<li><strong>Plaza del palacio<\/strong><\/li>\n<li><strong>\u00a0Puente del palacio<\/strong><\/li>\n<li><strong>\u00a0Plaza del senado<\/strong><\/li>\n<li><strong>\u00a0Plaza de San Isaac<\/strong><\/li>\n<li><strong>\u00a0Catedral de San Isaac<\/strong><\/li>\n<li><strong>\u00a0Nevsky prospekt<\/strong><\/li>\n<li><strong>\u00a0Iglesia de la Sangre Derramada<\/strong><\/li>\n<li><a href=\"http:\/\/kazansky-spb.ru\">Catedral Kazan<\/a><\/li>\n<li><strong>Emporio de Elisseeff<\/strong><\/li>\n<li><strong>\u00a0Casa Singer<\/strong><\/li>\n<li>\u00a0Mucho m\u00e1s!<\/li>\n<\/ul>\n<p>Podemos coordinar recogida en su hotel y dirigirse al centro hist\u00f3rico junto al gu\u00eda con el metro, o bien podemos gestionar un coche a su disposici\u00f3n para su tour privado. En caso de que deseen podemos gestionar entradas sin fila a cualquier museo o monumento de la ciudad.<\/p>\n<p>No se pierda esta oportunidad de disfrutar de este tour privado a pie por San Petersburgo.<\/p>\n<p><span class=\"JLqJ4b\" data-language-for-alternatives=\"es\" data-language-to-translate-into=\"en\" data-phrase-index=\"1\"><span class=\"JLqJ4b ChMk0b\" data-language-for-alternatives=\"es\" data-language-to-translate-into=\"en\" data-phrase-index=\"2\">Disponemos de varios tours y traslados privados en San Petersburgo, eche un vistazo <a href=\"https:\/\/tourtravelandmore.com\/es\/ciudad\/rusia-es\/san-petersburgo-es\/\">aqu\u00ed<\/a>.<\/span><\/span><\/p>\n","protected":false},"excerpt":{"rendered":"<p>Tome esta oportunidad para conocer y disfrutar la maravillosa ciudad de San Petersburgo,<em><strong> declarada por la UNESCO como Patrimionio de la Humanidad <\/strong><\/em>debido a su arquitectura e historia, durante este tour con vuestro gu\u00eda oficial privado.<\/p>\n<p>&nbsp;<\/p>\n","protected":false},"featured_media":79565,"comment_status":"open","ping_status":"closed","template":"","meta":{"_acf_changed":false},"product_brand":[],"product_cat":[2174,2180,2190,2200],"product_tag":[],"class_list":{"0":"post-79551","1":"product","2":"type-product","3":"status-publish","4":"has-post-thumbnail","6":"product_cat-rusia-es","7":"product_cat-san-petersburgo-es","8":"product_cat-san-petersburgo-actividades-es","9":"product_cat-san-petersburgo-a-pie-es","11":"first","12":"instock","13":"shipping-taxable","14":"purchasable","15":"product-type-simple"},"acf":[],"yoast_head":"<!-- This site is optimized with the Yoast SEO Premium plugin v25.3.1 (Yoast SEO v25.3.1) - https:\/\/yoast.com\/wordpress\/plugins\/seo\/ -->\n<title>\u27a1\ufe0f Tour Privado a pie por San Petersburgo con gu\u00eda profesional local | Tour Travel &amp; More<\/title>\n<meta name=\"description\" content=\"Lo invitamos a conocer una de las ciudades m\u00e1s importantes de Rusia con nuestro Tour privado a pie por San Petersburgo con gu\u00eda oficial \u2705\" \/>\n<meta name=\"robots\" content=\"index, follow, max-snippet:-1, max-image-preview:large, max-video-preview:-1\" \/>\n<link rel=\"canonical\" href=\"https:\/\/tourtravelandmore.com\/es\/tours\/rusia-es\/san-petersburgo-es\/san-petersburgo-actividades-es\/tour-privado-a-pie-por-san-petersburgo\/\" \/>\n<meta property=\"og:locale\" content=\"es_ES\" \/>\n<meta property=\"og:type\" content=\"article\" \/>\n<meta property=\"og:title\" content=\"Tour Privado a pie por San Petersburgo\" \/>\n<meta property=\"og:description\" content=\"Lo invitamos a conocer una de las ciudades m\u00e1s importantes de Rusia con nuestro Tour privado a pie por San Petersburgo con gu\u00eda oficial \u2705\" \/>\n<meta property=\"og:url\" content=\"https:\/\/tourtravelandmore.com\/es\/tours\/rusia-es\/san-petersburgo-es\/san-petersburgo-actividades-es\/tour-privado-a-pie-por-san-petersburgo\/\" \/>\n<meta property=\"og:site_name\" content=\"Tour Travel And More\" \/>\n<meta property=\"article:publisher\" content=\"https:\/\/www.facebook.com\/tourtravelandmore\/\" \/>\n<meta property=\"article:modified_time\" content=\"2024-02-16T09:50:35+00:00\" \/>\n<meta property=\"og:image\" content=\"https:\/\/tourtravelandmore.com\/wp-content\/uploads\/2020\/05\/saint-petersburg-peter-st-petersburg-saint-petersburg.jpg\" \/>\n\t<meta property=\"og:image:width\" content=\"910\" \/>\n\t<meta property=\"og:image:height\" content=\"607\" \/>\n\t<meta property=\"og:image:type\" content=\"image\/jpeg\" \/>\n<meta name=\"twitter:card\" content=\"summary_large_image\" \/>\n<meta name=\"twitter:site\" content=\"@TourTravel_More\" \/>\n<meta name=\"twitter:label1\" content=\"Tiempo de lectura\" \/>\n\t<meta name=\"twitter:data1\" content=\"2 minutos\" \/>\n<script type=\"application\/ld+json\" class=\"yoast-schema-graph\">{\"@context\":\"https:\/\/schema.org\",\"@graph\":[{\"@type\":\"WebPage\",\"@id\":\"https:\/\/tourtravelandmore.com\/es\/tours\/rusia-es\/san-petersburgo-es\/san-petersburgo-actividades-es\/tour-privado-a-pie-por-san-petersburgo\/\",\"url\":\"https:\/\/tourtravelandmore.com\/es\/tours\/rusia-es\/san-petersburgo-es\/san-petersburgo-actividades-es\/tour-privado-a-pie-por-san-petersburgo\/\",\"name\":\"\u27a1\ufe0f Tour Privado a pie por San Petersburgo con gu\u00eda profesional local | Tour Travel & More\",\"isPartOf\":{\"@id\":\"https:\/\/tourtravelandmore.com\/es\/#website\"},\"primaryImageOfPage\":{\"@id\":\"https:\/\/tourtravelandmore.com\/es\/tours\/rusia-es\/san-petersburgo-es\/san-petersburgo-actividades-es\/tour-privado-a-pie-por-san-petersburgo\/#primaryimage\"},\"image\":{\"@id\":\"https:\/\/tourtravelandmore.com\/es\/tours\/rusia-es\/san-petersburgo-es\/san-petersburgo-actividades-es\/tour-privado-a-pie-por-san-petersburgo\/#primaryimage\"},\"thumbnailUrl\":\"https:\/\/tourtravelandmore.com\/wp-content\/uploads\/2020\/05\/saint-petersburg-peter-st-petersburg-saint-petersburg.jpg\",\"datePublished\":\"2020-05-04T10:00:20+00:00\",\"dateModified\":\"2024-02-16T09:50:35+00:00\",\"description\":\"Lo invitamos a conocer una de las ciudades m\u00e1s importantes de Rusia con nuestro Tour privado a pie por San Petersburgo con gu\u00eda oficial \u2705\",\"breadcrumb\":{\"@id\":\"https:\/\/tourtravelandmore.com\/es\/tours\/rusia-es\/san-petersburgo-es\/san-petersburgo-actividades-es\/tour-privado-a-pie-por-san-petersburgo\/#breadcrumb\"},\"inLanguage\":\"es\",\"potentialAction\":[{\"@type\":\"ReadAction\",\"target\":[\"https:\/\/tourtravelandmore.com\/es\/tours\/rusia-es\/san-petersburgo-es\/san-petersburgo-actividades-es\/tour-privado-a-pie-por-san-petersburgo\/\"]}]},{\"@type\":\"ImageObject\",\"inLanguage\":\"es\",\"@id\":\"https:\/\/tourtravelandmore.com\/es\/tours\/rusia-es\/san-petersburgo-es\/san-petersburgo-actividades-es\/tour-privado-a-pie-por-san-petersburgo\/#primaryimage\",\"url\":\"https:\/\/tourtravelandmore.com\/wp-content\/uploads\/2020\/05\/saint-petersburg-peter-st-petersburg-saint-petersburg.jpg\",\"contentUrl\":\"https:\/\/tourtravelandmore.com\/wp-content\/uploads\/2020\/05\/saint-petersburg-peter-st-petersburg-saint-petersburg.jpg\",\"width\":910,\"height\":607},{\"@type\":\"BreadcrumbList\",\"@id\":\"https:\/\/tourtravelandmore.com\/es\/tours\/rusia-es\/san-petersburgo-es\/san-petersburgo-actividades-es\/tour-privado-a-pie-por-san-petersburgo\/#breadcrumb\",\"itemListElement\":[{\"@type\":\"ListItem\",\"position\":1,\"name\":\"Home\",\"item\":\"https:\/\/tourtravelandmore.com\/es\/\"},{\"@type\":\"ListItem\",\"position\":2,\"name\":\"Tours\",\"item\":\"https:\/\/tourtravelandmore.com\/es\/tours\/\"},{\"@type\":\"ListItem\",\"position\":3,\"name\":\"Tour Privado a pie por San Petersburgo\"}]},{\"@type\":\"WebSite\",\"@id\":\"https:\/\/tourtravelandmore.com\/es\/#website\",\"url\":\"https:\/\/tourtravelandmore.com\/es\/\",\"name\":\"Tour Travel And More\",\"description\":\"Private sightseeing tours and luxury transfers in Spain\",\"publisher\":{\"@id\":\"https:\/\/tourtravelandmore.com\/es\/#organization\"},\"potentialAction\":[{\"@type\":\"SearchAction\",\"target\":{\"@type\":\"EntryPoint\",\"urlTemplate\":\"https:\/\/tourtravelandmore.com\/es\/?s={search_term_string}\"},\"query-input\":{\"@type\":\"PropertyValueSpecification\",\"valueRequired\":true,\"valueName\":\"search_term_string\"}}],\"inLanguage\":\"es\"},{\"@type\":\"Organization\",\"@id\":\"https:\/\/tourtravelandmore.com\/es\/#organization\",\"name\":\"Tour Travel And More\",\"url\":\"https:\/\/tourtravelandmore.com\/es\/\",\"logo\":{\"@type\":\"ImageObject\",\"inLanguage\":\"es\",\"@id\":\"https:\/\/tourtravelandmore.com\/es\/#\/schema\/logo\/image\/\",\"url\":\"https:\/\/tourtravelandmore.com\/wp-content\/uploads\/2022\/12\/cropped-logo-cabecera-new.png\",\"contentUrl\":\"https:\/\/tourtravelandmore.com\/wp-content\/uploads\/2022\/12\/cropped-logo-cabecera-new.png\",\"width\":430,\"height\":61,\"caption\":\"Tour Travel And More\"},\"image\":{\"@id\":\"https:\/\/tourtravelandmore.com\/es\/#\/schema\/logo\/image\/\"},\"sameAs\":[\"https:\/\/www.facebook.com\/tourtravelandmore\/\",\"https:\/\/x.com\/TourTravel_More\"]}]}<\/script>\n<!-- \/ Yoast SEO Premium plugin. -->","yoast_head_json":{"title":"\u27a1\ufe0f Tour Privado a pie por San Petersburgo con gu\u00eda profesional local | Tour Travel & More","description":"Lo invitamos a conocer una de las ciudades m\u00e1s importantes de Rusia con nuestro Tour privado a pie por San Petersburgo con gu\u00eda oficial \u2705","robots":{"index":"index","follow":"follow","max-snippet":"max-snippet:-1","max-image-preview":"max-image-preview:large","max-video-preview":"max-video-preview:-1"},"canonical":"https:\/\/tourtravelandmore.com\/es\/tours\/rusia-es\/san-petersburgo-es\/san-petersburgo-actividades-es\/tour-privado-a-pie-por-san-petersburgo\/","og_locale":"es_ES","og_type":"article","og_title":"Tour Privado a pie por San Petersburgo","og_description":"Lo invitamos a conocer una de las ciudades m\u00e1s importantes de Rusia con nuestro Tour privado a pie por San Petersburgo con gu\u00eda oficial \u2705","og_url":"https:\/\/tourtravelandmore.com\/es\/tours\/rusia-es\/san-petersburgo-es\/san-petersburgo-actividades-es\/tour-privado-a-pie-por-san-petersburgo\/","og_site_name":"Tour Travel And More","article_publisher":"https:\/\/www.facebook.com\/tourtravelandmore\/","article_modified_time":"2024-02-16T09:50:35+00:00","og_image":[{"width":910,"height":607,"url":"https:\/\/tourtravelandmore.com\/wp-content\/uploads\/2020\/05\/saint-petersburg-peter-st-petersburg-saint-petersburg.jpg","type":"image\/jpeg"}],"twitter_card":"summary_large_image","twitter_site":"@TourTravel_More","twitter_misc":{"Tiempo de lectura":"2 minutos"},"schema":{"@context":"https:\/\/schema.org","@graph":[{"@type":"WebPage","@id":"https:\/\/tourtravelandmore.com\/es\/tours\/rusia-es\/san-petersburgo-es\/san-petersburgo-actividades-es\/tour-privado-a-pie-por-san-petersburgo\/","url":"https:\/\/tourtravelandmore.com\/es\/tours\/rusia-es\/san-petersburgo-es\/san-petersburgo-actividades-es\/tour-privado-a-pie-por-san-petersburgo\/","name":"\u27a1\ufe0f Tour Privado a pie por San Petersburgo con gu\u00eda profesional local | Tour Travel & More","isPartOf":{"@id":"https:\/\/tourtravelandmore.com\/es\/#website"},"primaryImageOfPage":{"@id":"https:\/\/tourtravelandmore.com\/es\/tours\/rusia-es\/san-petersburgo-es\/san-petersburgo-actividades-es\/tour-privado-a-pie-por-san-petersburgo\/#primaryimage"},"image":{"@id":"https:\/\/tourtravelandmore.com\/es\/tours\/rusia-es\/san-petersburgo-es\/san-petersburgo-actividades-es\/tour-privado-a-pie-por-san-petersburgo\/#primaryimage"},"thumbnailUrl":"https:\/\/tourtravelandmore.com\/wp-content\/uploads\/2020\/05\/saint-petersburg-peter-st-petersburg-saint-petersburg.jpg","datePublished":"2020-05-04T10:00:20+00:00","dateModified":"2024-02-16T09:50:35+00:00","description":"Lo invitamos a conocer una de las ciudades m\u00e1s importantes de Rusia con nuestro Tour privado a pie por San Petersburgo con gu\u00eda oficial \u2705","breadcrumb":{"@id":"https:\/\/tourtravelandmore.com\/es\/tours\/rusia-es\/san-petersburgo-es\/san-petersburgo-actividades-es\/tour-privado-a-pie-por-san-petersburgo\/#breadcrumb"},"inLanguage":"es","potentialAction":[{"@type":"ReadAction","target":["https:\/\/tourtravelandmore.com\/es\/tours\/rusia-es\/san-petersburgo-es\/san-petersburgo-actividades-es\/tour-privado-a-pie-por-san-petersburgo\/"]}]},{"@type":"ImageObject","inLanguage":"es","@id":"https:\/\/tourtravelandmore.com\/es\/tours\/rusia-es\/san-petersburgo-es\/san-petersburgo-actividades-es\/tour-privado-a-pie-por-san-petersburgo\/#primaryimage","url":"https:\/\/tourtravelandmore.com\/wp-content\/uploads\/2020\/05\/saint-petersburg-peter-st-petersburg-saint-petersburg.jpg","contentUrl":"https:\/\/tourtravelandmore.com\/wp-content\/uploads\/2020\/05\/saint-petersburg-peter-st-petersburg-saint-petersburg.jpg","width":910,"height":607},{"@type":"BreadcrumbList","@id":"https:\/\/tourtravelandmore.com\/es\/tours\/rusia-es\/san-petersburgo-es\/san-petersburgo-actividades-es\/tour-privado-a-pie-por-san-petersburgo\/#breadcrumb","itemListElement":[{"@type":"ListItem","position":1,"name":"Home","item":"https:\/\/tourtravelandmore.com\/es\/"},{"@type":"ListItem","position":2,"name":"Tours","item":"https:\/\/tourtravelandmore.com\/es\/tours\/"},{"@type":"ListItem","position":3,"name":"Tour Privado a pie por San Petersburgo"}]},{"@type":"WebSite","@id":"https:\/\/tourtravelandmore.com\/es\/#website","url":"https:\/\/tourtravelandmore.com\/es\/","name":"Tour Travel And More","description":"Private sightseeing tours and luxury transfers in Spain","publisher":{"@id":"https:\/\/tourtravelandmore.com\/es\/#organization"},"potentialAction":[{"@type":"SearchAction","target":{"@type":"EntryPoint","urlTemplate":"https:\/\/tourtravelandmore.com\/es\/?s={search_term_string}"},"query-input":{"@type":"PropertyValueSpecification","valueRequired":true,"valueName":"search_term_string"}}],"inLanguage":"es"},{"@type":"Organization","@id":"https:\/\/tourtravelandmore.com\/es\/#organization","name":"Tour Travel And More","url":"https:\/\/tourtravelandmore.com\/es\/","logo":{"@type":"ImageObject","inLanguage":"es","@id":"https:\/\/tourtravelandmore.com\/es\/#\/schema\/logo\/image\/","url":"https:\/\/tourtravelandmore.com\/wp-content\/uploads\/2022\/12\/cropped-logo-cabecera-new.png","contentUrl":"https:\/\/tourtravelandmore.com\/wp-content\/uploads\/2022\/12\/cropped-logo-cabecera-new.png","width":430,"height":61,"caption":"Tour Travel And More"},"image":{"@id":"https:\/\/tourtravelandmore.com\/es\/#\/schema\/logo\/image\/"},"sameAs":["https:\/\/www.facebook.com\/tourtravelandmore\/","https:\/\/x.com\/TourTravel_More"]}]}},"_links":{"self":[{"href":"https:\/\/tourtravelandmore.com\/es\/wp-json\/wp\/v2\/product\/79551","targetHints":{"allow":["GET"]}}],"collection":[{"href":"https:\/\/tourtravelandmore.com\/es\/wp-json\/wp\/v2\/product"}],"about":[{"href":"https:\/\/tourtravelandmore.com\/es\/wp-json\/wp\/v2\/types\/product"}],"replies":[{"embeddable":true,"href":"https:\/\/tourtravelandmore.com\/es\/wp-json\/wp\/v2\/comments?post=79551"}],"wp:featuredmedia":[{"embeddable":true,"href":"https:\/\/tourtravelandmore.com\/es\/wp-json\/wp\/v2\/media\/79565"}],"wp:attachment":[{"href":"https:\/\/tourtravelandmore.com\/es\/wp-json\/wp\/v2\/media?parent=79551"}],"wp:term":[{"taxonomy":"product_brand","embeddable":true,"href":"https:\/\/tourtravelandmore.com\/es\/wp-json\/wp\/v2\/product_brand?post=79551"},{"taxonomy":"product_cat","embeddable":true,"href":"https:\/\/tourtravelandmore.com\/es\/wp-json\/wp\/v2\/product_cat?post=79551"},{"taxonomy":"product_tag","embeddable":true,"href":"https:\/\/tourtravelandmore.com\/es\/wp-json\/wp\/v2\/product_tag?post=79551"}],"curies":[{"name":"wp","href":"https:\/\/api.w.org\/{rel}","templated":true}]}}