{"id":79504,"date":"2020-04-22T11:08:46","date_gmt":"2020-04-22T09:08:50","guid":{"rendered":"https:\/\/tourtravelandmore.com\/?post_type=product&#038;p=79504"},"modified":"2024-02-16T10:58:16","modified_gmt":"2024-02-16T09:58:16","slug":"tour-privado-a-pie-por-el-museo-hermitage","status":"publish","type":"product","link":"https:\/\/tourtravelandmore.com\/es\/tours\/rusia-es\/san-petersburgo-es\/san-petersburgo-actividades-es\/tour-privado-a-pie-por-el-museo-hermitage\/","title":{"rendered":"Tour Privado a pie por el Museo Hermitage"},"content":{"rendered":"<h2 id=\"tw-target-text\" class=\"tw-data-text tw-text-large XcVN5d tw-ta\" dir=\"ltr\" data-placeholder=\"Traducci\u00f3n\"><span lang=\"es\">Descripci\u00f3n del Tour Privado a pie por el Museo Hermitage<\/span><\/h2>\n<div class=\"dePhmb\">\n<div class=\"eyKpYb\" data-language=\"es\" data-original-language=\"en\" data-result-index=\"0\">\n<div class=\"J0lOec\"><span class=\"VIiyi\" lang=\"es\"><span class=\"JLqJ4b ChMk0b\" data-language-for-alternatives=\"es\" data-language-to-translate-into=\"en\" data-phrase-index=\"0\">Ven con nosotros y disfruta de este <strong>Tour Privado a pie por el Museo Hermitage<\/strong>. Conozca uno de los museos m\u00e1s asombrosos del mundo, d\u00e9jese cautivar por su arquitectura, su historia y un valor art\u00edstico y una oferta asombrosos. <\/span><\/span><\/div>\n<div><\/div>\n<div class=\"J0lOec\"><span class=\"VIiyi\" lang=\"es\"><span class=\"JLqJ4b ChMk0b\" data-language-for-alternatives=\"es\" data-language-to-translate-into=\"en\" data-phrase-index=\"0\"><span class=\"JLqJ4b\" data-language-for-alternatives=\"es\" data-language-to-translate-into=\"en\" data-phrase-index=\"2\">Durante este hermoso e informativo paseo, contar\u00e1 con la compa\u00f1\u00eda de un gu\u00eda privado, quien tambi\u00e9n es un amplio conocedor de la ciudad. Tambi\u00e9n conoce muy bien su historia, sus leyendas y los hechos m\u00e1s interesantes de cada obra de arte que ofrece el segundo museo de arte m\u00e1s grande del mundo. <\/span><\/span><\/span><\/div>\n<div><\/div>\n<div class=\"J0lOec\"><span class=\"VIiyi\" lang=\"es\"><span class=\"JLqJ4b ChMk0b\" data-language-for-alternatives=\"es\" data-language-to-translate-into=\"en\" data-phrase-index=\"0\"><span class=\"JLqJ4b\" data-language-for-alternatives=\"es\" data-language-to-translate-into=\"en\" data-phrase-index=\"2\">Esta tour privado a pie por el <a href=\"https:\/\/www.hermitagemuseum.org\/wps\/portal\/hermitage\/\">Museo Hermitage<\/a> comenzar\u00e1 frente al museo. Si desea otra ubicaci\u00f3n, h\u00e1ganoslo saber y nos ocuparemos de organizar una recogida a pie. En caso de que se encuentre alejado al museo, tambi\u00e9n podemos organizar un traslado privado en veh\u00edculo.<\/span><\/span><\/span><\/div>\n<div>\n<h2>Puntos emblem\u00e1ticos y de inter\u00e9s en el Tour Privado a pie por el Museo Hermitage<\/h2>\n<p>El <strong>Museo Hermitage<\/strong> es uno de los museos art\u00edsticos, culturales e hist\u00f3ricos m\u00e1s grandes de Rusia. De hecho, es<span class=\"JLqJ4b ChMk0b\" data-language-for-alternatives=\"es\" data-language-to-translate-into=\"en\" data-phrase-index=\"1\">\u00a0uno de los m\u00e1s grandes del mundo. Durante su recorrido privado aprender\u00e1 sobre la historia de sus principales piezas de arte. Descubra la maravillosa colecci\u00f3n que alberga el museo, que incluye m\u00e1s de tres millones de obras de arte y artefactos de la cultura mundial. Su gu\u00eda tur\u00edstico privado es un experto en arte y un amplio conocedor del museo y sus exposiciones. \u00a1Este tour privado a pie por el museo es perfecto para los amantes del arte!<\/span><\/p>\n<p><span class=\"JLqJ4b ChMk0b\" data-language-for-alternatives=\"es\" data-language-to-translate-into=\"en\" data-phrase-index=\"1\"><span class=\"JLqJ4b\" data-language-for-alternatives=\"es\" data-language-to-translate-into=\"en\" data-phrase-index=\"5\">Las entradas sin colas al museo Hermitage est\u00e1n incluidas en el precio de este tour. <\/span><\/span><\/p>\n<p><span class=\"JLqJ4b ChMk0b\" data-language-for-alternatives=\"es\" data-language-to-translate-into=\"en\" data-phrase-index=\"1\"><span class=\"JLqJ4b\" data-language-for-alternatives=\"es\" data-language-to-translate-into=\"en\" data-phrase-index=\"5\">Por si lo desea, tambi\u00e9n podemos combinar esta visita con un city tour por los sitios m\u00e1s emblem\u00e1ticos de la ciudad. Podemos organizar la recogida en cualquier hotel dentro de San Petersburgo o puede utilizar el metro local con su gu\u00eda privado. Tambi\u00e9n podemos organizar la disposici\u00f3n de un veh\u00edculo privado para su recorrido privado.<\/span><\/span><\/p>\n<p>Al finalizar este tour privado a pie por el Museo Hermitage, su gu\u00eda oficial lo dejar\u00e1 en la entrada del museo.<\/p>\n<p><span class=\"JLqJ4b ChMk0b\" data-language-for-alternatives=\"es\" data-language-to-translate-into=\"en\" data-phrase-index=\"1\"><span class=\"JLqJ4b\" data-language-for-alternatives=\"es\" data-language-to-translate-into=\"en\" data-phrase-index=\"5\">\u00a1No se pierda todos los tours privados que ofrecemos en todo el mundo y en <a href=\"https:\/\/tourtravelandmore.com\/es\/ciudad\/rusia-es\/\">Rusia<\/a>!<\/span><\/span><\/p>\n<\/div>\n<\/div>\n<\/div>\n","protected":false},"excerpt":{"rendered":"<p>Disfruta de este <strong>tour privado <\/strong>y descubre el maravilloso <strong>Museo Hermitage<\/strong> junto a tu gu\u00eda oficial privado. Tome esta oportunidad para conocer y disfrutar de este espectacular sitio,<em><strong> uno de los mayores museos de pinturas y antig\u00fcedades el mundo<\/strong><\/em>, durante este tour con vuestro gu\u00eda oficial privado.<\/p>\n<p>&nbsp;<\/p>\n","protected":false},"featured_media":79445,"comment_status":"open","ping_status":"closed","template":"","meta":{"_acf_changed":false},"product_brand":[],"product_cat":[2174,2180,2190,2200],"product_tag":[],"class_list":{"0":"post-79504","1":"product","2":"type-product","3":"status-publish","4":"has-post-thumbnail","6":"product_cat-rusia-es","7":"product_cat-san-petersburgo-es","8":"product_cat-san-petersburgo-actividades-es","9":"product_cat-san-petersburgo-a-pie-es","11":"first","12":"instock","13":"shipping-taxable","14":"purchasable","15":"product-type-simple"},"acf":[],"yoast_head":"<!-- This site is optimized with the Yoast SEO Premium plugin v25.3.1 (Yoast SEO v25.3.1) - https:\/\/yoast.com\/wordpress\/plugins\/seo\/ -->\n<title>\u27a1\ufe0f Tour Privado a pie por el Museo Hermitage con gu\u00eda oficial local | Tour Travel &amp; More<\/title>\n<meta name=\"description\" content=\"Visita uno de los mayores museos de pinturas y antig\u00fcedades el mundo con nuestro Tour Privado a pie por el Museo Hermitage \u2705\" \/>\n<meta name=\"robots\" content=\"index, follow, max-snippet:-1, max-image-preview:large, max-video-preview:-1\" \/>\n<link rel=\"canonical\" href=\"https:\/\/tourtravelandmore.com\/es\/tours\/rusia-es\/san-petersburgo-es\/san-petersburgo-actividades-es\/tour-privado-a-pie-por-el-museo-hermitage\/\" \/>\n<meta property=\"og:locale\" content=\"es_ES\" \/>\n<meta property=\"og:type\" content=\"article\" \/>\n<meta property=\"og:title\" content=\"Tour Privado a pie por el Museo Hermitage\" \/>\n<meta property=\"og:description\" content=\"Visita uno de los mayores museos de pinturas y antig\u00fcedades el mundo con nuestro Tour Privado a pie por el Museo Hermitage \u2705\" \/>\n<meta property=\"og:url\" content=\"https:\/\/tourtravelandmore.com\/es\/tours\/rusia-es\/san-petersburgo-es\/san-petersburgo-actividades-es\/tour-privado-a-pie-por-el-museo-hermitage\/\" \/>\n<meta property=\"og:site_name\" content=\"Tour Travel And More\" \/>\n<meta property=\"article:publisher\" content=\"https:\/\/www.facebook.com\/tourtravelandmore\/\" \/>\n<meta property=\"article:modified_time\" content=\"2024-02-16T09:58:16+00:00\" \/>\n<meta property=\"og:image\" content=\"https:\/\/tourtravelandmore.com\/wp-content\/uploads\/2020\/04\/hermitage.jpg\" \/>\n\t<meta property=\"og:image:width\" content=\"512\" \/>\n\t<meta property=\"og:image:height\" content=\"384\" \/>\n\t<meta property=\"og:image:type\" content=\"image\/jpeg\" \/>\n<meta name=\"twitter:card\" content=\"summary_large_image\" \/>\n<meta name=\"twitter:site\" content=\"@TourTravel_More\" \/>\n<meta name=\"twitter:label1\" content=\"Tiempo de lectura\" \/>\n\t<meta name=\"twitter:data1\" content=\"2 minutos\" \/>\n<script type=\"application\/ld+json\" class=\"yoast-schema-graph\">{\"@context\":\"https:\/\/schema.org\",\"@graph\":[{\"@type\":\"WebPage\",\"@id\":\"https:\/\/tourtravelandmore.com\/es\/tours\/rusia-es\/san-petersburgo-es\/san-petersburgo-actividades-es\/tour-privado-a-pie-por-el-museo-hermitage\/\",\"url\":\"https:\/\/tourtravelandmore.com\/es\/tours\/rusia-es\/san-petersburgo-es\/san-petersburgo-actividades-es\/tour-privado-a-pie-por-el-museo-hermitage\/\",\"name\":\"\u27a1\ufe0f Tour Privado a pie por el Museo Hermitage con gu\u00eda oficial local | Tour Travel & More\",\"isPartOf\":{\"@id\":\"https:\/\/tourtravelandmore.com\/es\/#website\"},\"primaryImageOfPage\":{\"@id\":\"https:\/\/tourtravelandmore.com\/es\/tours\/rusia-es\/san-petersburgo-es\/san-petersburgo-actividades-es\/tour-privado-a-pie-por-el-museo-hermitage\/#primaryimage\"},\"image\":{\"@id\":\"https:\/\/tourtravelandmore.com\/es\/tours\/rusia-es\/san-petersburgo-es\/san-petersburgo-actividades-es\/tour-privado-a-pie-por-el-museo-hermitage\/#primaryimage\"},\"thumbnailUrl\":\"https:\/\/tourtravelandmore.com\/wp-content\/uploads\/2020\/04\/hermitage.jpg\",\"datePublished\":\"2020-04-22T09:08:50+00:00\",\"dateModified\":\"2024-02-16T09:58:16+00:00\",\"description\":\"Visita uno de los mayores museos de pinturas y antig\u00fcedades el mundo con nuestro Tour Privado a pie por el Museo Hermitage \u2705\",\"breadcrumb\":{\"@id\":\"https:\/\/tourtravelandmore.com\/es\/tours\/rusia-es\/san-petersburgo-es\/san-petersburgo-actividades-es\/tour-privado-a-pie-por-el-museo-hermitage\/#breadcrumb\"},\"inLanguage\":\"es\",\"potentialAction\":[{\"@type\":\"ReadAction\",\"target\":[\"https:\/\/tourtravelandmore.com\/es\/tours\/rusia-es\/san-petersburgo-es\/san-petersburgo-actividades-es\/tour-privado-a-pie-por-el-museo-hermitage\/\"]}]},{\"@type\":\"ImageObject\",\"inLanguage\":\"es\",\"@id\":\"https:\/\/tourtravelandmore.com\/es\/tours\/rusia-es\/san-petersburgo-es\/san-petersburgo-actividades-es\/tour-privado-a-pie-por-el-museo-hermitage\/#primaryimage\",\"url\":\"https:\/\/tourtravelandmore.com\/wp-content\/uploads\/2020\/04\/hermitage.jpg\",\"contentUrl\":\"https:\/\/tourtravelandmore.com\/wp-content\/uploads\/2020\/04\/hermitage.jpg\",\"width\":512,\"height\":384},{\"@type\":\"BreadcrumbList\",\"@id\":\"https:\/\/tourtravelandmore.com\/es\/tours\/rusia-es\/san-petersburgo-es\/san-petersburgo-actividades-es\/tour-privado-a-pie-por-el-museo-hermitage\/#breadcrumb\",\"itemListElement\":[{\"@type\":\"ListItem\",\"position\":1,\"name\":\"Home\",\"item\":\"https:\/\/tourtravelandmore.com\/es\/\"},{\"@type\":\"ListItem\",\"position\":2,\"name\":\"Tours\",\"item\":\"https:\/\/tourtravelandmore.com\/es\/tours\/\"},{\"@type\":\"ListItem\",\"position\":3,\"name\":\"Tour Privado a pie por el Museo Hermitage\"}]},{\"@type\":\"WebSite\",\"@id\":\"https:\/\/tourtravelandmore.com\/es\/#website\",\"url\":\"https:\/\/tourtravelandmore.com\/es\/\",\"name\":\"Tour Travel And More\",\"description\":\"Private sightseeing tours and luxury transfers in Spain\",\"publisher\":{\"@id\":\"https:\/\/tourtravelandmore.com\/es\/#organization\"},\"potentialAction\":[{\"@type\":\"SearchAction\",\"target\":{\"@type\":\"EntryPoint\",\"urlTemplate\":\"https:\/\/tourtravelandmore.com\/es\/?s={search_term_string}\"},\"query-input\":{\"@type\":\"PropertyValueSpecification\",\"valueRequired\":true,\"valueName\":\"search_term_string\"}}],\"inLanguage\":\"es\"},{\"@type\":\"Organization\",\"@id\":\"https:\/\/tourtravelandmore.com\/es\/#organization\",\"name\":\"Tour Travel And More\",\"url\":\"https:\/\/tourtravelandmore.com\/es\/\",\"logo\":{\"@type\":\"ImageObject\",\"inLanguage\":\"es\",\"@id\":\"https:\/\/tourtravelandmore.com\/es\/#\/schema\/logo\/image\/\",\"url\":\"https:\/\/tourtravelandmore.com\/wp-content\/uploads\/2022\/12\/cropped-logo-cabecera-new.png\",\"contentUrl\":\"https:\/\/tourtravelandmore.com\/wp-content\/uploads\/2022\/12\/cropped-logo-cabecera-new.png\",\"width\":430,\"height\":61,\"caption\":\"Tour Travel And More\"},\"image\":{\"@id\":\"https:\/\/tourtravelandmore.com\/es\/#\/schema\/logo\/image\/\"},\"sameAs\":[\"https:\/\/www.facebook.com\/tourtravelandmore\/\",\"https:\/\/x.com\/TourTravel_More\"]}]}<\/script>\n<!-- \/ Yoast SEO Premium plugin. -->","yoast_head_json":{"title":"\u27a1\ufe0f Tour Privado a pie por el Museo Hermitage con gu\u00eda oficial local | Tour Travel & More","description":"Visita uno de los mayores museos de pinturas y antig\u00fcedades el mundo con nuestro Tour Privado a pie por el Museo Hermitage \u2705","robots":{"index":"index","follow":"follow","max-snippet":"max-snippet:-1","max-image-preview":"max-image-preview:large","max-video-preview":"max-video-preview:-1"},"canonical":"https:\/\/tourtravelandmore.com\/es\/tours\/rusia-es\/san-petersburgo-es\/san-petersburgo-actividades-es\/tour-privado-a-pie-por-el-museo-hermitage\/","og_locale":"es_ES","og_type":"article","og_title":"Tour Privado a pie por el Museo Hermitage","og_description":"Visita uno de los mayores museos de pinturas y antig\u00fcedades el mundo con nuestro Tour Privado a pie por el Museo Hermitage \u2705","og_url":"https:\/\/tourtravelandmore.com\/es\/tours\/rusia-es\/san-petersburgo-es\/san-petersburgo-actividades-es\/tour-privado-a-pie-por-el-museo-hermitage\/","og_site_name":"Tour Travel And More","article_publisher":"https:\/\/www.facebook.com\/tourtravelandmore\/","article_modified_time":"2024-02-16T09:58:16+00:00","og_image":[{"width":512,"height":384,"url":"https:\/\/tourtravelandmore.com\/wp-content\/uploads\/2020\/04\/hermitage.jpg","type":"image\/jpeg"}],"twitter_card":"summary_large_image","twitter_site":"@TourTravel_More","twitter_misc":{"Tiempo de lectura":"2 minutos"},"schema":{"@context":"https:\/\/schema.org","@graph":[{"@type":"WebPage","@id":"https:\/\/tourtravelandmore.com\/es\/tours\/rusia-es\/san-petersburgo-es\/san-petersburgo-actividades-es\/tour-privado-a-pie-por-el-museo-hermitage\/","url":"https:\/\/tourtravelandmore.com\/es\/tours\/rusia-es\/san-petersburgo-es\/san-petersburgo-actividades-es\/tour-privado-a-pie-por-el-museo-hermitage\/","name":"\u27a1\ufe0f Tour Privado a pie por el Museo Hermitage con gu\u00eda oficial local | Tour Travel & More","isPartOf":{"@id":"https:\/\/tourtravelandmore.com\/es\/#website"},"primaryImageOfPage":{"@id":"https:\/\/tourtravelandmore.com\/es\/tours\/rusia-es\/san-petersburgo-es\/san-petersburgo-actividades-es\/tour-privado-a-pie-por-el-museo-hermitage\/#primaryimage"},"image":{"@id":"https:\/\/tourtravelandmore.com\/es\/tours\/rusia-es\/san-petersburgo-es\/san-petersburgo-actividades-es\/tour-privado-a-pie-por-el-museo-hermitage\/#primaryimage"},"thumbnailUrl":"https:\/\/tourtravelandmore.com\/wp-content\/uploads\/2020\/04\/hermitage.jpg","datePublished":"2020-04-22T09:08:50+00:00","dateModified":"2024-02-16T09:58:16+00:00","description":"Visita uno de los mayores museos de pinturas y antig\u00fcedades el mundo con nuestro Tour Privado a pie por el Museo Hermitage \u2705","breadcrumb":{"@id":"https:\/\/tourtravelandmore.com\/es\/tours\/rusia-es\/san-petersburgo-es\/san-petersburgo-actividades-es\/tour-privado-a-pie-por-el-museo-hermitage\/#breadcrumb"},"inLanguage":"es","potentialAction":[{"@type":"ReadAction","target":["https:\/\/tourtravelandmore.com\/es\/tours\/rusia-es\/san-petersburgo-es\/san-petersburgo-actividades-es\/tour-privado-a-pie-por-el-museo-hermitage\/"]}]},{"@type":"ImageObject","inLanguage":"es","@id":"https:\/\/tourtravelandmore.com\/es\/tours\/rusia-es\/san-petersburgo-es\/san-petersburgo-actividades-es\/tour-privado-a-pie-por-el-museo-hermitage\/#primaryimage","url":"https:\/\/tourtravelandmore.com\/wp-content\/uploads\/2020\/04\/hermitage.jpg","contentUrl":"https:\/\/tourtravelandmore.com\/wp-content\/uploads\/2020\/04\/hermitage.jpg","width":512,"height":384},{"@type":"BreadcrumbList","@id":"https:\/\/tourtravelandmore.com\/es\/tours\/rusia-es\/san-petersburgo-es\/san-petersburgo-actividades-es\/tour-privado-a-pie-por-el-museo-hermitage\/#breadcrumb","itemListElement":[{"@type":"ListItem","position":1,"name":"Home","item":"https:\/\/tourtravelandmore.com\/es\/"},{"@type":"ListItem","position":2,"name":"Tours","item":"https:\/\/tourtravelandmore.com\/es\/tours\/"},{"@type":"ListItem","position":3,"name":"Tour Privado a pie por el Museo Hermitage"}]},{"@type":"WebSite","@id":"https:\/\/tourtravelandmore.com\/es\/#website","url":"https:\/\/tourtravelandmore.com\/es\/","name":"Tour Travel And More","description":"Private sightseeing tours and luxury transfers in Spain","publisher":{"@id":"https:\/\/tourtravelandmore.com\/es\/#organization"},"potentialAction":[{"@type":"SearchAction","target":{"@type":"EntryPoint","urlTemplate":"https:\/\/tourtravelandmore.com\/es\/?s={search_term_string}"},"query-input":{"@type":"PropertyValueSpecification","valueRequired":true,"valueName":"search_term_string"}}],"inLanguage":"es"},{"@type":"Organization","@id":"https:\/\/tourtravelandmore.com\/es\/#organization","name":"Tour Travel And More","url":"https:\/\/tourtravelandmore.com\/es\/","logo":{"@type":"ImageObject","inLanguage":"es","@id":"https:\/\/tourtravelandmore.com\/es\/#\/schema\/logo\/image\/","url":"https:\/\/tourtravelandmore.com\/wp-content\/uploads\/2022\/12\/cropped-logo-cabecera-new.png","contentUrl":"https:\/\/tourtravelandmore.com\/wp-content\/uploads\/2022\/12\/cropped-logo-cabecera-new.png","width":430,"height":61,"caption":"Tour Travel And More"},"image":{"@id":"https:\/\/tourtravelandmore.com\/es\/#\/schema\/logo\/image\/"},"sameAs":["https:\/\/www.facebook.com\/tourtravelandmore\/","https:\/\/x.com\/TourTravel_More"]}]}},"_links":{"self":[{"href":"https:\/\/tourtravelandmore.com\/es\/wp-json\/wp\/v2\/product\/79504","targetHints":{"allow":["GET"]}}],"collection":[{"href":"https:\/\/tourtravelandmore.com\/es\/wp-json\/wp\/v2\/product"}],"about":[{"href":"https:\/\/tourtravelandmore.com\/es\/wp-json\/wp\/v2\/types\/product"}],"replies":[{"embeddable":true,"href":"https:\/\/tourtravelandmore.com\/es\/wp-json\/wp\/v2\/comments?post=79504"}],"wp:featuredmedia":[{"embeddable":true,"href":"https:\/\/tourtravelandmore.com\/es\/wp-json\/wp\/v2\/media\/79445"}],"wp:attachment":[{"href":"https:\/\/tourtravelandmore.com\/es\/wp-json\/wp\/v2\/media?parent=79504"}],"wp:term":[{"taxonomy":"product_brand","embeddable":true,"href":"https:\/\/tourtravelandmore.com\/es\/wp-json\/wp\/v2\/product_brand?post=79504"},{"taxonomy":"product_cat","embeddable":true,"href":"https:\/\/tourtravelandmore.com\/es\/wp-json\/wp\/v2\/product_cat?post=79504"},{"taxonomy":"product_tag","embeddable":true,"href":"https:\/\/tourtravelandmore.com\/es\/wp-json\/wp\/v2\/product_tag?post=79504"}],"curies":[{"name":"wp","href":"https:\/\/api.w.org\/{rel}","templated":true}]}}