{"id":79472,"date":"2020-04-21T13:00:29","date_gmt":"2020-04-21T11:00:29","guid":{"rendered":"https:\/\/tourtravelandmore.com\/?post_type=product&#038;p=79472"},"modified":"2024-02-16T10:57:45","modified_gmt":"2024-02-16T09:57:45","slug":"tour-privado-a-los-palacios-peterhof-y-catherina","status":"publish","type":"product","link":"https:\/\/tourtravelandmore.com\/es\/tours\/rusia-es\/san-petersburgo-es\/san-petersburgo-actividades-es\/tour-privado-a-los-palacios-peterhof-y-catherina\/","title":{"rendered":"Tour Privado a los Palacios Peterhof y Catherina"},"content":{"rendered":"<h2 id=\"tw-target-text\" class=\"tw-data-text tw-text-large XcVN5d tw-ta\" dir=\"ltr\" data-placeholder=\"Traducci\u00f3n\"><span lang=\"es\">Descripci\u00f3n del Tour Privado a los Palacios Peterhof y Catherina<\/span><\/h2>\n<p>Ven con nosotros y disfruta de este <strong>Tour Privado a los Palacios Peterhof y Catherina,\u00a0<\/strong>dos de los palacios m\u00e1s emblem\u00e1ticos de San Petersburgo. <span class=\"JLqJ4b ChMk0b\" data-language-for-alternatives=\"es\" data-language-to-translate-into=\"en\" data-phrase-index=\"1\">\u00a1No te pierdas esta oportunidad \u00fanica de conocer dos de los principales palacios de la ciudad!<\/span><\/p>\n<p><span class=\"JLqJ4b ChMk0b\" data-language-for-alternatives=\"es\" data-language-to-translate-into=\"en\" data-phrase-index=\"1\"><span class=\"JLqJ4b\" data-language-for-alternatives=\"es\" data-language-to-translate-into=\"en\" data-phrase-index=\"2\">Aproveche esta oportunidad para descubrir San Petersburgo y sus 2 palacios principales con su propio gu\u00eda tur\u00edstico y conductor privado. No se pierda las fuentes de Peterhof, el palacio de Catalina de estilo barroco y mucho m\u00e1s en este tour privado.<\/span><\/span><\/p>\n<p>Para este tour privado, nuestro chofer privado y gu\u00eda tur\u00edstico oficial se reunir\u00e1 con usted en el lugar que elija. <span class=\"JLqJ4b ChMk0b\" data-language-for-alternatives=\"es\" data-language-to-translate-into=\"en\" data-phrase-index=\"7\">Podemos recogerlo en su hotel o incluso en el puerto de cruceros. La recogida se puede organizar en cualquier lugar de la ciudad.<\/span><\/p>\n<p><span class=\"JLqJ4b ChMk0b\" data-language-for-alternatives=\"es\" data-language-to-translate-into=\"en\" data-phrase-index=\"7\"><span class=\"JLqJ4b\" data-language-for-alternatives=\"es\" data-language-to-translate-into=\"en\" data-phrase-index=\"9\">Una vez que nos hayamos conocido, comenzaremos su recorrido privado. \u00a1S\u00fabete a nuestro veh\u00edculo privado y partiremos hacia el Palacio de Catalina!<\/span><\/span><\/p>\n<h2>Puntos emblem\u00e1ticos y de inter\u00e9s del Tour Privado a los Palacios Peterhof y Catherina<\/h2>\n<p>Durante su tour privado a los Palacios Peterhof y Catherina, descubrir\u00e1 dos de los sitios m\u00e1s emblem\u00e1ticos de San Petersburgo. Dos famosos palacios de verano de los zares rusos. Nuestro conductor y gu\u00eda lo recoger\u00e1 a la hora deseada en su hotel o lugar de elecci\u00f3n en la ciudad.<\/p>\n<p>Conducir\u00e1 30 km fuera de la ciudad hasta llegar al <a href=\"https:\/\/www.tzar.ru\/objects\/ekaterininsky\">Palacio de Catalina<\/a>. Visitar\u00e1s este maravilloso lugar. Esto incluir\u00e1 la sala Amber.<\/p>\n<p>Luego disfruta de un paseo por sus maravillosos jardines. Esto siempre es con su gu\u00eda tur\u00edstico oficial privado. Luego visitar\u00e1 Peterhof, que fue establecido por Pedro el Grande. Este hermoso lugar est\u00e1 lleno de pinturas que trajo de sus viajes por Europa. Este maravilloso palacio, conocido como el &#8220;Versalles ruso&#8221;, es un sitio del Patrimonio Mundial de la UNESCO. Tambi\u00e9n es muy conocido por sus fuentes.<\/p>\n<p>Al finalizar su recorrido, su chofer y gu\u00eda oficial lo llevar\u00e1n de regreso a su punto de partida en San Petersburgo.<\/p>\n<p>El itinerario final para su tour privado desde San Petersburgo es absolutamente ajustable a sus propios intereses y gustos.<\/p>\n<p>\u00a1Consulta nuestros tours privados en San Petersburgo <a href=\"https:\/\/tourtravelandmore.com\/es\/ciudad\/rusia-es\/san-petersburgo-es\/\">aqu\u00ed<\/a>!<\/p>\n","protected":false},"excerpt":{"rendered":"<p>Conozca los dos palacios m\u00e1s emblem\u00e1ticos de San Petersburgo con nuestro Tour Privado a los Palacios Peterhof y Catherina con gu\u00eda oficial y chofer privado a bordo de un veh\u00edculo de lujo.<\/p>\n","protected":false},"featured_media":79486,"comment_status":"open","ping_status":"closed","template":"","meta":{"_acf_changed":false},"product_brand":[],"product_cat":[2174,2180,2190,2193],"product_tag":[],"class_list":{"0":"post-79472","1":"product","2":"type-product","3":"status-publish","4":"has-post-thumbnail","6":"product_cat-rusia-es","7":"product_cat-san-petersburgo-es","8":"product_cat-san-petersburgo-actividades-es","9":"product_cat-san-petersburgo-tours-privadas-es","11":"first","12":"instock","13":"shipping-taxable","14":"purchasable","15":"product-type-simple"},"acf":[],"yoast_head":"<!-- This site is optimized with the Yoast SEO Premium plugin v25.3.1 (Yoast SEO v25.3.1) - https:\/\/yoast.com\/wordpress\/plugins\/seo\/ -->\n<title>\u27a1\ufe0f Tour Privado a los Palacios Peterhof y Catherina con chofer y gu\u00eda | Tour Travel &amp; More<\/title>\n<meta name=\"description\" content=\"Conozca los dos palacios m\u00e1s emblem\u00e1ticos de San Petersburgo con nuestro Tour Privado a los Palacios Peterhof y Catherina con gu\u00eda oficial \u2705\" \/>\n<meta name=\"robots\" content=\"index, follow, max-snippet:-1, max-image-preview:large, max-video-preview:-1\" \/>\n<link rel=\"canonical\" href=\"https:\/\/tourtravelandmore.com\/es\/tours\/rusia-es\/san-petersburgo-es\/san-petersburgo-actividades-es\/tour-privado-a-los-palacios-peterhof-y-catherina\/\" \/>\n<meta property=\"og:locale\" content=\"es_ES\" \/>\n<meta property=\"og:type\" content=\"article\" \/>\n<meta property=\"og:title\" content=\"Tour Privado a los Palacios Peterhof y Catherina\" \/>\n<meta property=\"og:description\" content=\"Conozca los dos palacios m\u00e1s emblem\u00e1ticos de San Petersburgo con nuestro Tour Privado a los Palacios Peterhof y Catherina con gu\u00eda oficial \u2705\" \/>\n<meta property=\"og:url\" content=\"https:\/\/tourtravelandmore.com\/es\/tours\/rusia-es\/san-petersburgo-es\/san-petersburgo-actividades-es\/tour-privado-a-los-palacios-peterhof-y-catherina\/\" \/>\n<meta property=\"og:site_name\" content=\"Tour Travel And More\" \/>\n<meta property=\"article:publisher\" content=\"https:\/\/www.facebook.com\/tourtravelandmore\/\" \/>\n<meta property=\"article:modified_time\" content=\"2024-02-16T09:57:45+00:00\" \/>\n<meta property=\"og:image\" content=\"https:\/\/tourtravelandmore.com\/wp-content\/uploads\/2020\/04\/peterhof.jpg\" \/>\n\t<meta property=\"og:image:width\" content=\"1023\" \/>\n\t<meta property=\"og:image:height\" content=\"623\" \/>\n\t<meta property=\"og:image:type\" content=\"image\/jpeg\" \/>\n<meta name=\"twitter:card\" content=\"summary_large_image\" \/>\n<meta name=\"twitter:site\" content=\"@TourTravel_More\" \/>\n<meta name=\"twitter:label1\" content=\"Tiempo de lectura\" \/>\n\t<meta name=\"twitter:data1\" content=\"2 minutos\" \/>\n<script type=\"application\/ld+json\" class=\"yoast-schema-graph\">{\"@context\":\"https:\/\/schema.org\",\"@graph\":[{\"@type\":\"WebPage\",\"@id\":\"https:\/\/tourtravelandmore.com\/es\/tours\/rusia-es\/san-petersburgo-es\/san-petersburgo-actividades-es\/tour-privado-a-los-palacios-peterhof-y-catherina\/\",\"url\":\"https:\/\/tourtravelandmore.com\/es\/tours\/rusia-es\/san-petersburgo-es\/san-petersburgo-actividades-es\/tour-privado-a-los-palacios-peterhof-y-catherina\/\",\"name\":\"\u27a1\ufe0f Tour Privado a los Palacios Peterhof y Catherina con chofer y gu\u00eda | Tour Travel & More\",\"isPartOf\":{\"@id\":\"https:\/\/tourtravelandmore.com\/es\/#website\"},\"primaryImageOfPage\":{\"@id\":\"https:\/\/tourtravelandmore.com\/es\/tours\/rusia-es\/san-petersburgo-es\/san-petersburgo-actividades-es\/tour-privado-a-los-palacios-peterhof-y-catherina\/#primaryimage\"},\"image\":{\"@id\":\"https:\/\/tourtravelandmore.com\/es\/tours\/rusia-es\/san-petersburgo-es\/san-petersburgo-actividades-es\/tour-privado-a-los-palacios-peterhof-y-catherina\/#primaryimage\"},\"thumbnailUrl\":\"https:\/\/tourtravelandmore.com\/wp-content\/uploads\/2020\/04\/peterhof.jpg\",\"datePublished\":\"2020-04-21T11:00:29+00:00\",\"dateModified\":\"2024-02-16T09:57:45+00:00\",\"description\":\"Conozca los dos palacios m\u00e1s emblem\u00e1ticos de San Petersburgo con nuestro Tour Privado a los Palacios Peterhof y Catherina con gu\u00eda oficial \u2705\",\"breadcrumb\":{\"@id\":\"https:\/\/tourtravelandmore.com\/es\/tours\/rusia-es\/san-petersburgo-es\/san-petersburgo-actividades-es\/tour-privado-a-los-palacios-peterhof-y-catherina\/#breadcrumb\"},\"inLanguage\":\"es\",\"potentialAction\":[{\"@type\":\"ReadAction\",\"target\":[\"https:\/\/tourtravelandmore.com\/es\/tours\/rusia-es\/san-petersburgo-es\/san-petersburgo-actividades-es\/tour-privado-a-los-palacios-peterhof-y-catherina\/\"]}]},{\"@type\":\"ImageObject\",\"inLanguage\":\"es\",\"@id\":\"https:\/\/tourtravelandmore.com\/es\/tours\/rusia-es\/san-petersburgo-es\/san-petersburgo-actividades-es\/tour-privado-a-los-palacios-peterhof-y-catherina\/#primaryimage\",\"url\":\"https:\/\/tourtravelandmore.com\/wp-content\/uploads\/2020\/04\/peterhof.jpg\",\"contentUrl\":\"https:\/\/tourtravelandmore.com\/wp-content\/uploads\/2020\/04\/peterhof.jpg\",\"width\":1023,\"height\":623},{\"@type\":\"BreadcrumbList\",\"@id\":\"https:\/\/tourtravelandmore.com\/es\/tours\/rusia-es\/san-petersburgo-es\/san-petersburgo-actividades-es\/tour-privado-a-los-palacios-peterhof-y-catherina\/#breadcrumb\",\"itemListElement\":[{\"@type\":\"ListItem\",\"position\":1,\"name\":\"Home\",\"item\":\"https:\/\/tourtravelandmore.com\/es\/\"},{\"@type\":\"ListItem\",\"position\":2,\"name\":\"Tours\",\"item\":\"https:\/\/tourtravelandmore.com\/es\/tours\/\"},{\"@type\":\"ListItem\",\"position\":3,\"name\":\"Tour Privado a los Palacios Peterhof y Catherina\"}]},{\"@type\":\"WebSite\",\"@id\":\"https:\/\/tourtravelandmore.com\/es\/#website\",\"url\":\"https:\/\/tourtravelandmore.com\/es\/\",\"name\":\"Tour Travel And More\",\"description\":\"Private sightseeing tours and luxury transfers in Spain\",\"publisher\":{\"@id\":\"https:\/\/tourtravelandmore.com\/es\/#organization\"},\"potentialAction\":[{\"@type\":\"SearchAction\",\"target\":{\"@type\":\"EntryPoint\",\"urlTemplate\":\"https:\/\/tourtravelandmore.com\/es\/?s={search_term_string}\"},\"query-input\":{\"@type\":\"PropertyValueSpecification\",\"valueRequired\":true,\"valueName\":\"search_term_string\"}}],\"inLanguage\":\"es\"},{\"@type\":\"Organization\",\"@id\":\"https:\/\/tourtravelandmore.com\/es\/#organization\",\"name\":\"Tour Travel And More\",\"url\":\"https:\/\/tourtravelandmore.com\/es\/\",\"logo\":{\"@type\":\"ImageObject\",\"inLanguage\":\"es\",\"@id\":\"https:\/\/tourtravelandmore.com\/es\/#\/schema\/logo\/image\/\",\"url\":\"https:\/\/tourtravelandmore.com\/wp-content\/uploads\/2022\/12\/cropped-logo-cabecera-new.png\",\"contentUrl\":\"https:\/\/tourtravelandmore.com\/wp-content\/uploads\/2022\/12\/cropped-logo-cabecera-new.png\",\"width\":430,\"height\":61,\"caption\":\"Tour Travel And More\"},\"image\":{\"@id\":\"https:\/\/tourtravelandmore.com\/es\/#\/schema\/logo\/image\/\"},\"sameAs\":[\"https:\/\/www.facebook.com\/tourtravelandmore\/\",\"https:\/\/x.com\/TourTravel_More\"]}]}<\/script>\n<!-- \/ Yoast SEO Premium plugin. -->","yoast_head_json":{"title":"\u27a1\ufe0f Tour Privado a los Palacios Peterhof y Catherina con chofer y gu\u00eda | Tour Travel & More","description":"Conozca los dos palacios m\u00e1s emblem\u00e1ticos de San Petersburgo con nuestro Tour Privado a los Palacios Peterhof y Catherina con gu\u00eda oficial \u2705","robots":{"index":"index","follow":"follow","max-snippet":"max-snippet:-1","max-image-preview":"max-image-preview:large","max-video-preview":"max-video-preview:-1"},"canonical":"https:\/\/tourtravelandmore.com\/es\/tours\/rusia-es\/san-petersburgo-es\/san-petersburgo-actividades-es\/tour-privado-a-los-palacios-peterhof-y-catherina\/","og_locale":"es_ES","og_type":"article","og_title":"Tour Privado a los Palacios Peterhof y Catherina","og_description":"Conozca los dos palacios m\u00e1s emblem\u00e1ticos de San Petersburgo con nuestro Tour Privado a los Palacios Peterhof y Catherina con gu\u00eda oficial \u2705","og_url":"https:\/\/tourtravelandmore.com\/es\/tours\/rusia-es\/san-petersburgo-es\/san-petersburgo-actividades-es\/tour-privado-a-los-palacios-peterhof-y-catherina\/","og_site_name":"Tour Travel And More","article_publisher":"https:\/\/www.facebook.com\/tourtravelandmore\/","article_modified_time":"2024-02-16T09:57:45+00:00","og_image":[{"width":1023,"height":623,"url":"https:\/\/tourtravelandmore.com\/wp-content\/uploads\/2020\/04\/peterhof.jpg","type":"image\/jpeg"}],"twitter_card":"summary_large_image","twitter_site":"@TourTravel_More","twitter_misc":{"Tiempo de lectura":"2 minutos"},"schema":{"@context":"https:\/\/schema.org","@graph":[{"@type":"WebPage","@id":"https:\/\/tourtravelandmore.com\/es\/tours\/rusia-es\/san-petersburgo-es\/san-petersburgo-actividades-es\/tour-privado-a-los-palacios-peterhof-y-catherina\/","url":"https:\/\/tourtravelandmore.com\/es\/tours\/rusia-es\/san-petersburgo-es\/san-petersburgo-actividades-es\/tour-privado-a-los-palacios-peterhof-y-catherina\/","name":"\u27a1\ufe0f Tour Privado a los Palacios Peterhof y Catherina con chofer y gu\u00eda | Tour Travel & More","isPartOf":{"@id":"https:\/\/tourtravelandmore.com\/es\/#website"},"primaryImageOfPage":{"@id":"https:\/\/tourtravelandmore.com\/es\/tours\/rusia-es\/san-petersburgo-es\/san-petersburgo-actividades-es\/tour-privado-a-los-palacios-peterhof-y-catherina\/#primaryimage"},"image":{"@id":"https:\/\/tourtravelandmore.com\/es\/tours\/rusia-es\/san-petersburgo-es\/san-petersburgo-actividades-es\/tour-privado-a-los-palacios-peterhof-y-catherina\/#primaryimage"},"thumbnailUrl":"https:\/\/tourtravelandmore.com\/wp-content\/uploads\/2020\/04\/peterhof.jpg","datePublished":"2020-04-21T11:00:29+00:00","dateModified":"2024-02-16T09:57:45+00:00","description":"Conozca los dos palacios m\u00e1s emblem\u00e1ticos de San Petersburgo con nuestro Tour Privado a los Palacios Peterhof y Catherina con gu\u00eda oficial \u2705","breadcrumb":{"@id":"https:\/\/tourtravelandmore.com\/es\/tours\/rusia-es\/san-petersburgo-es\/san-petersburgo-actividades-es\/tour-privado-a-los-palacios-peterhof-y-catherina\/#breadcrumb"},"inLanguage":"es","potentialAction":[{"@type":"ReadAction","target":["https:\/\/tourtravelandmore.com\/es\/tours\/rusia-es\/san-petersburgo-es\/san-petersburgo-actividades-es\/tour-privado-a-los-palacios-peterhof-y-catherina\/"]}]},{"@type":"ImageObject","inLanguage":"es","@id":"https:\/\/tourtravelandmore.com\/es\/tours\/rusia-es\/san-petersburgo-es\/san-petersburgo-actividades-es\/tour-privado-a-los-palacios-peterhof-y-catherina\/#primaryimage","url":"https:\/\/tourtravelandmore.com\/wp-content\/uploads\/2020\/04\/peterhof.jpg","contentUrl":"https:\/\/tourtravelandmore.com\/wp-content\/uploads\/2020\/04\/peterhof.jpg","width":1023,"height":623},{"@type":"BreadcrumbList","@id":"https:\/\/tourtravelandmore.com\/es\/tours\/rusia-es\/san-petersburgo-es\/san-petersburgo-actividades-es\/tour-privado-a-los-palacios-peterhof-y-catherina\/#breadcrumb","itemListElement":[{"@type":"ListItem","position":1,"name":"Home","item":"https:\/\/tourtravelandmore.com\/es\/"},{"@type":"ListItem","position":2,"name":"Tours","item":"https:\/\/tourtravelandmore.com\/es\/tours\/"},{"@type":"ListItem","position":3,"name":"Tour Privado a los Palacios Peterhof y Catherina"}]},{"@type":"WebSite","@id":"https:\/\/tourtravelandmore.com\/es\/#website","url":"https:\/\/tourtravelandmore.com\/es\/","name":"Tour Travel And More","description":"Private sightseeing tours and luxury transfers in Spain","publisher":{"@id":"https:\/\/tourtravelandmore.com\/es\/#organization"},"potentialAction":[{"@type":"SearchAction","target":{"@type":"EntryPoint","urlTemplate":"https:\/\/tourtravelandmore.com\/es\/?s={search_term_string}"},"query-input":{"@type":"PropertyValueSpecification","valueRequired":true,"valueName":"search_term_string"}}],"inLanguage":"es"},{"@type":"Organization","@id":"https:\/\/tourtravelandmore.com\/es\/#organization","name":"Tour Travel And More","url":"https:\/\/tourtravelandmore.com\/es\/","logo":{"@type":"ImageObject","inLanguage":"es","@id":"https:\/\/tourtravelandmore.com\/es\/#\/schema\/logo\/image\/","url":"https:\/\/tourtravelandmore.com\/wp-content\/uploads\/2022\/12\/cropped-logo-cabecera-new.png","contentUrl":"https:\/\/tourtravelandmore.com\/wp-content\/uploads\/2022\/12\/cropped-logo-cabecera-new.png","width":430,"height":61,"caption":"Tour Travel And More"},"image":{"@id":"https:\/\/tourtravelandmore.com\/es\/#\/schema\/logo\/image\/"},"sameAs":["https:\/\/www.facebook.com\/tourtravelandmore\/","https:\/\/x.com\/TourTravel_More"]}]}},"_links":{"self":[{"href":"https:\/\/tourtravelandmore.com\/es\/wp-json\/wp\/v2\/product\/79472","targetHints":{"allow":["GET"]}}],"collection":[{"href":"https:\/\/tourtravelandmore.com\/es\/wp-json\/wp\/v2\/product"}],"about":[{"href":"https:\/\/tourtravelandmore.com\/es\/wp-json\/wp\/v2\/types\/product"}],"replies":[{"embeddable":true,"href":"https:\/\/tourtravelandmore.com\/es\/wp-json\/wp\/v2\/comments?post=79472"}],"wp:featuredmedia":[{"embeddable":true,"href":"https:\/\/tourtravelandmore.com\/es\/wp-json\/wp\/v2\/media\/79486"}],"wp:attachment":[{"href":"https:\/\/tourtravelandmore.com\/es\/wp-json\/wp\/v2\/media?parent=79472"}],"wp:term":[{"taxonomy":"product_brand","embeddable":true,"href":"https:\/\/tourtravelandmore.com\/es\/wp-json\/wp\/v2\/product_brand?post=79472"},{"taxonomy":"product_cat","embeddable":true,"href":"https:\/\/tourtravelandmore.com\/es\/wp-json\/wp\/v2\/product_cat?post=79472"},{"taxonomy":"product_tag","embeddable":true,"href":"https:\/\/tourtravelandmore.com\/es\/wp-json\/wp\/v2\/product_tag?post=79472"}],"curies":[{"name":"wp","href":"https:\/\/api.w.org\/{rel}","templated":true}]}}