{"id":79458,"date":"2020-04-21T12:16:51","date_gmt":"2020-04-21T10:16:52","guid":{"rendered":"https:\/\/tourtravelandmore.com\/?post_type=product&#038;p=79458"},"modified":"2024-02-16T10:57:09","modified_gmt":"2024-02-16T09:57:09","slug":"tour-privado-por-san-petersburgo-y-museo-hermitage","status":"publish","type":"product","link":"https:\/\/tourtravelandmore.com\/es\/tours\/rusia-es\/san-petersburgo-es\/san-petersburgo-actividades-es\/tour-privado-por-san-petersburgo-y-museo-hermitage\/","title":{"rendered":"Tour Privado por San Petersburgo y Museo Hermitage"},"content":{"rendered":"<h2 id=\"tw-target-text\" class=\"tw-data-text tw-text-large XcVN5d tw-ta\" dir=\"ltr\" data-placeholder=\"Traducci\u00f3n\"><span lang=\"es\">Descripci\u00f3n del Tour Privado por San Petersburgo y Museo Hermitage<\/span><\/h2>\n<p>Ven con nosotros y disfruta de este city tour por los lugares m\u00e1s emblem\u00e1ticos de San Petersburgo y el museo Hermitage.\u00a0<span class=\"JLqJ4b ChMk0b\" data-language-for-alternatives=\"es\" data-language-to-translate-into=\"en\" data-phrase-index=\"1\">D\u00e9jate cautivar por su arquitectura, as\u00ed como por su historia y un impresionante legado cultural. Para obtener una experiencia completa, no se pierda nuestro <strong>Tour Privado por San Petersburgo y Museo Hermitage<\/strong>. <\/span><\/p>\n<p><span class=\"JLqJ4b ChMk0b\" data-language-for-alternatives=\"es\" data-language-to-translate-into=\"en\" data-phrase-index=\"1\"><span class=\"JLqJ4b\" data-language-for-alternatives=\"es\" data-language-to-translate-into=\"en\" data-phrase-index=\"3\">Aproveche esta oportunidad para descubrir la ciudad de San Petersburgo con su propio conductor y gu\u00eda tur\u00edstico oficial privado.<\/span><\/span><\/p>\n<p><span class=\"JLqJ4b ChMk0b\" data-language-for-alternatives=\"es\" data-language-to-translate-into=\"en\" data-phrase-index=\"1\"><span class=\"JLqJ4b\" data-language-for-alternatives=\"es\" data-language-to-translate-into=\"en\" data-phrase-index=\"3\">Personalice su propio tour privado por San Petersburgo y Museo Hermitage. No se pierda sus monumentos, sitios, iglesias hist\u00f3ricas y museos \u00fanicos. Por ejemplo, el Hermitage, la Iglesia del Salvador sobre la sangre derramada, la plaza del Senado y mucho m\u00e1s en este tour privado.<\/span><\/span><\/p>\n<h2>Puntos emblem\u00e1ticos y de inter\u00e9s en el Tour Privado por San Petersburgo y Museo Hermitage<\/h2>\n<p>Durante su recorrido privado, descubrir\u00e1 algunos de los sitios m\u00e1s emblem\u00e1ticos de San Petersburgo. Es la segunda ciudad m\u00e1s habitada de Rusia.<\/p>\n<p>En primer lugar, nuestro gu\u00eda tur\u00edstico oficial privado lo recoger\u00e1 junto con su veh\u00edculo de lujo con chofer. Lo recogeremos en cualquier lugar de San Petersburgo donde comenzaremos este tour privado.<\/p>\n<p>Durante este recorrido, visitar\u00e1 todos los puntos tur\u00edsticos clave de esta maravillosa ciudad, un tesoro de arte y cultura casi inigualable. Su gu\u00eda tur\u00edstico privado le contar\u00e1 la historia, los h\u00e1bitos y las tradiciones de la ciudad y sus habitantes mientras est\u00e1 c\u00f3modamente sentado en su veh\u00edculo privado.<\/p>\n<p>Con nuestro recorrido privado por la ciudad, visitar\u00e1 y descubrir\u00e1 los aspectos m\u00e1s destacados de San Petersburgo y el emblem\u00e1tico <a href=\"https:\/\/www.hermitagemuseum.org\/wps\/portal\/hermitage\/\">museo Hermitage<\/a>, mientras que tambi\u00e9n aprender\u00e1 sobre la historia y la cultura de esta vibrante ciudad.<\/p>\n<p>Durante su tour privado podr\u00e1n visitar, entre otros sitios, los siguientes:<\/p>\n<ul>\n<li><strong>Catedral San Isaac<\/strong><\/li>\n<li><strong>\u00a0Plaza Catedral San Isaac<\/strong><\/li>\n<li><strong>\u00a0Plaza del Senado<\/strong><\/li>\n<li><strong>\u00a0Iglesia de la Sangre Derramada<\/strong><\/li>\n<li><strong>\u00a0Catedral de San Pedro y San Pablo<\/strong><\/li>\n<li><strong>\u00a0Avenida Nevsky<\/strong><\/li>\n<li><strong>\u00a0Catedral Kazan<\/strong><\/li>\n<li><strong>\u00a0Museo Hermitage (entradas sin fila incluidas)<\/strong><\/li>\n<li><strong>\u00a0Castillo Mijailovski<\/strong><\/li>\n<li>\u00a0Mucho m\u00e1s!<\/li>\n<\/ul>\n<p>El itinerario final para su recorrido privado por la ciudad de San Petersburgo es absolutamente ajustable a sus propios intereses y gustos. <span class=\"JLqJ4b ChMk0b\" data-language-for-alternatives=\"es\" data-language-to-translate-into=\"en\" data-phrase-index=\"1\">En caso de que est\u00e9 interesado en visitar cualquier otro monumento o museo de la ciudad, no dude en contactarnos, podemos personalizar su recorrido seg\u00fan sus propios deseos.<\/span><\/p>\n<p><span class=\"JLqJ4b ChMk0b\" data-language-for-alternatives=\"es\" data-language-to-translate-into=\"en\" data-phrase-index=\"1\"><span class=\"JLqJ4b\" data-language-for-alternatives=\"es\" data-language-to-translate-into=\"en\" data-phrase-index=\"2\"><a href=\"https:\/\/tourtravelandmore.com\/es\/ciudad\/rusia-es\/san-petersburgo-es\/\"> Aqu\u00ed hay lista con los otros tours privados de la ciudad<\/a>. No olvide que ofrecemos recorridos privados en cualquier lugar.<\/span><\/span><\/p>\n","protected":false},"excerpt":{"rendered":"<p>Tenga la oportunidad de conocer en profundidad esta maravillosa ciudad con nuestro Tour Privado por San Petersburgo y Museo Hermitage. Tendr\u00e1 un chofer y un gu\u00eda profesional local a su disposici\u00f3n.<\/p>\n","protected":false},"featured_media":79468,"comment_status":"open","ping_status":"closed","template":"","meta":{"_acf_changed":false},"product_brand":[],"product_cat":[2174,2180,2190,2193],"product_tag":[],"class_list":{"0":"post-79458","1":"product","2":"type-product","3":"status-publish","4":"has-post-thumbnail","6":"product_cat-rusia-es","7":"product_cat-san-petersburgo-es","8":"product_cat-san-petersburgo-actividades-es","9":"product_cat-san-petersburgo-tours-privadas-es","11":"first","12":"instock","13":"shipping-taxable","14":"purchasable","15":"product-type-simple"},"acf":[],"yoast_head":"<!-- This site is optimized with the Yoast SEO Premium plugin v25.3.1 (Yoast SEO v25.3.1) - https:\/\/yoast.com\/wordpress\/plugins\/seo\/ -->\n<title>\u27a1\ufe0f Tour Privado por San Petersburgo y Museo Hermitage con gu\u00eda | Tour Travel &amp; More<\/title>\n<meta name=\"description\" content=\"Tenga la oportunidad de conocer en profundidad esta maravillosa ciudad con nuestro Tour Privado por San Petersburgo y Museo Hermitage \u2705\" \/>\n<meta name=\"robots\" content=\"index, follow, max-snippet:-1, max-image-preview:large, max-video-preview:-1\" \/>\n<link rel=\"canonical\" href=\"https:\/\/tourtravelandmore.com\/es\/tours\/rusia-es\/san-petersburgo-es\/san-petersburgo-actividades-es\/tour-privado-por-san-petersburgo-y-museo-hermitage\/\" \/>\n<meta property=\"og:locale\" content=\"es_ES\" \/>\n<meta property=\"og:type\" content=\"article\" \/>\n<meta property=\"og:title\" content=\"Tour Privado por San Petersburgo y Museo Hermitage\" \/>\n<meta property=\"og:description\" content=\"Tenga la oportunidad de conocer en profundidad esta maravillosa ciudad con nuestro Tour Privado por San Petersburgo y Museo Hermitage \u2705\" \/>\n<meta property=\"og:url\" content=\"https:\/\/tourtravelandmore.com\/es\/tours\/rusia-es\/san-petersburgo-es\/san-petersburgo-actividades-es\/tour-privado-por-san-petersburgo-y-museo-hermitage\/\" \/>\n<meta property=\"og:site_name\" content=\"Tour Travel And More\" \/>\n<meta property=\"article:publisher\" content=\"https:\/\/www.facebook.com\/tourtravelandmore\/\" \/>\n<meta property=\"article:modified_time\" content=\"2024-02-16T09:57:09+00:00\" \/>\n<meta property=\"og:image\" content=\"https:\/\/tourtravelandmore.com\/wp-content\/uploads\/2020\/04\/hermitage-st_petersburg-1500x850-1.jpg\" \/>\n\t<meta property=\"og:image:width\" content=\"1500\" \/>\n\t<meta property=\"og:image:height\" content=\"850\" \/>\n\t<meta property=\"og:image:type\" content=\"image\/jpeg\" \/>\n<meta name=\"twitter:card\" content=\"summary_large_image\" \/>\n<meta name=\"twitter:site\" content=\"@TourTravel_More\" \/>\n<meta name=\"twitter:label1\" content=\"Tiempo de lectura\" \/>\n\t<meta name=\"twitter:data1\" content=\"2 minutos\" \/>\n<script type=\"application\/ld+json\" class=\"yoast-schema-graph\">{\"@context\":\"https:\/\/schema.org\",\"@graph\":[{\"@type\":\"WebPage\",\"@id\":\"https:\/\/tourtravelandmore.com\/es\/tours\/rusia-es\/san-petersburgo-es\/san-petersburgo-actividades-es\/tour-privado-por-san-petersburgo-y-museo-hermitage\/\",\"url\":\"https:\/\/tourtravelandmore.com\/es\/tours\/rusia-es\/san-petersburgo-es\/san-petersburgo-actividades-es\/tour-privado-por-san-petersburgo-y-museo-hermitage\/\",\"name\":\"\u27a1\ufe0f Tour Privado por San Petersburgo y Museo Hermitage con gu\u00eda | Tour Travel & More\",\"isPartOf\":{\"@id\":\"https:\/\/tourtravelandmore.com\/es\/#website\"},\"primaryImageOfPage\":{\"@id\":\"https:\/\/tourtravelandmore.com\/es\/tours\/rusia-es\/san-petersburgo-es\/san-petersburgo-actividades-es\/tour-privado-por-san-petersburgo-y-museo-hermitage\/#primaryimage\"},\"image\":{\"@id\":\"https:\/\/tourtravelandmore.com\/es\/tours\/rusia-es\/san-petersburgo-es\/san-petersburgo-actividades-es\/tour-privado-por-san-petersburgo-y-museo-hermitage\/#primaryimage\"},\"thumbnailUrl\":\"https:\/\/tourtravelandmore.com\/wp-content\/uploads\/2020\/04\/hermitage-st_petersburg-1500x850-1.jpg\",\"datePublished\":\"2020-04-21T10:16:52+00:00\",\"dateModified\":\"2024-02-16T09:57:09+00:00\",\"description\":\"Tenga la oportunidad de conocer en profundidad esta maravillosa ciudad con nuestro Tour Privado por San Petersburgo y Museo Hermitage \u2705\",\"breadcrumb\":{\"@id\":\"https:\/\/tourtravelandmore.com\/es\/tours\/rusia-es\/san-petersburgo-es\/san-petersburgo-actividades-es\/tour-privado-por-san-petersburgo-y-museo-hermitage\/#breadcrumb\"},\"inLanguage\":\"es\",\"potentialAction\":[{\"@type\":\"ReadAction\",\"target\":[\"https:\/\/tourtravelandmore.com\/es\/tours\/rusia-es\/san-petersburgo-es\/san-petersburgo-actividades-es\/tour-privado-por-san-petersburgo-y-museo-hermitage\/\"]}]},{\"@type\":\"ImageObject\",\"inLanguage\":\"es\",\"@id\":\"https:\/\/tourtravelandmore.com\/es\/tours\/rusia-es\/san-petersburgo-es\/san-petersburgo-actividades-es\/tour-privado-por-san-petersburgo-y-museo-hermitage\/#primaryimage\",\"url\":\"https:\/\/tourtravelandmore.com\/wp-content\/uploads\/2020\/04\/hermitage-st_petersburg-1500x850-1.jpg\",\"contentUrl\":\"https:\/\/tourtravelandmore.com\/wp-content\/uploads\/2020\/04\/hermitage-st_petersburg-1500x850-1.jpg\",\"width\":1500,\"height\":850},{\"@type\":\"BreadcrumbList\",\"@id\":\"https:\/\/tourtravelandmore.com\/es\/tours\/rusia-es\/san-petersburgo-es\/san-petersburgo-actividades-es\/tour-privado-por-san-petersburgo-y-museo-hermitage\/#breadcrumb\",\"itemListElement\":[{\"@type\":\"ListItem\",\"position\":1,\"name\":\"Home\",\"item\":\"https:\/\/tourtravelandmore.com\/es\/\"},{\"@type\":\"ListItem\",\"position\":2,\"name\":\"Tours\",\"item\":\"https:\/\/tourtravelandmore.com\/es\/tours\/\"},{\"@type\":\"ListItem\",\"position\":3,\"name\":\"Tour Privado por San Petersburgo y Museo Hermitage\"}]},{\"@type\":\"WebSite\",\"@id\":\"https:\/\/tourtravelandmore.com\/es\/#website\",\"url\":\"https:\/\/tourtravelandmore.com\/es\/\",\"name\":\"Tour Travel And More\",\"description\":\"Private sightseeing tours and luxury transfers in Spain\",\"publisher\":{\"@id\":\"https:\/\/tourtravelandmore.com\/es\/#organization\"},\"potentialAction\":[{\"@type\":\"SearchAction\",\"target\":{\"@type\":\"EntryPoint\",\"urlTemplate\":\"https:\/\/tourtravelandmore.com\/es\/?s={search_term_string}\"},\"query-input\":{\"@type\":\"PropertyValueSpecification\",\"valueRequired\":true,\"valueName\":\"search_term_string\"}}],\"inLanguage\":\"es\"},{\"@type\":\"Organization\",\"@id\":\"https:\/\/tourtravelandmore.com\/es\/#organization\",\"name\":\"Tour Travel And More\",\"url\":\"https:\/\/tourtravelandmore.com\/es\/\",\"logo\":{\"@type\":\"ImageObject\",\"inLanguage\":\"es\",\"@id\":\"https:\/\/tourtravelandmore.com\/es\/#\/schema\/logo\/image\/\",\"url\":\"https:\/\/tourtravelandmore.com\/wp-content\/uploads\/2022\/12\/cropped-logo-cabecera-new.png\",\"contentUrl\":\"https:\/\/tourtravelandmore.com\/wp-content\/uploads\/2022\/12\/cropped-logo-cabecera-new.png\",\"width\":430,\"height\":61,\"caption\":\"Tour Travel And More\"},\"image\":{\"@id\":\"https:\/\/tourtravelandmore.com\/es\/#\/schema\/logo\/image\/\"},\"sameAs\":[\"https:\/\/www.facebook.com\/tourtravelandmore\/\",\"https:\/\/x.com\/TourTravel_More\"]}]}<\/script>\n<!-- \/ Yoast SEO Premium plugin. -->","yoast_head_json":{"title":"\u27a1\ufe0f Tour Privado por San Petersburgo y Museo Hermitage con gu\u00eda | Tour Travel & More","description":"Tenga la oportunidad de conocer en profundidad esta maravillosa ciudad con nuestro Tour Privado por San Petersburgo y Museo Hermitage \u2705","robots":{"index":"index","follow":"follow","max-snippet":"max-snippet:-1","max-image-preview":"max-image-preview:large","max-video-preview":"max-video-preview:-1"},"canonical":"https:\/\/tourtravelandmore.com\/es\/tours\/rusia-es\/san-petersburgo-es\/san-petersburgo-actividades-es\/tour-privado-por-san-petersburgo-y-museo-hermitage\/","og_locale":"es_ES","og_type":"article","og_title":"Tour Privado por San Petersburgo y Museo Hermitage","og_description":"Tenga la oportunidad de conocer en profundidad esta maravillosa ciudad con nuestro Tour Privado por San Petersburgo y Museo Hermitage \u2705","og_url":"https:\/\/tourtravelandmore.com\/es\/tours\/rusia-es\/san-petersburgo-es\/san-petersburgo-actividades-es\/tour-privado-por-san-petersburgo-y-museo-hermitage\/","og_site_name":"Tour Travel And More","article_publisher":"https:\/\/www.facebook.com\/tourtravelandmore\/","article_modified_time":"2024-02-16T09:57:09+00:00","og_image":[{"width":1500,"height":850,"url":"https:\/\/tourtravelandmore.com\/wp-content\/uploads\/2020\/04\/hermitage-st_petersburg-1500x850-1.jpg","type":"image\/jpeg"}],"twitter_card":"summary_large_image","twitter_site":"@TourTravel_More","twitter_misc":{"Tiempo de lectura":"2 minutos"},"schema":{"@context":"https:\/\/schema.org","@graph":[{"@type":"WebPage","@id":"https:\/\/tourtravelandmore.com\/es\/tours\/rusia-es\/san-petersburgo-es\/san-petersburgo-actividades-es\/tour-privado-por-san-petersburgo-y-museo-hermitage\/","url":"https:\/\/tourtravelandmore.com\/es\/tours\/rusia-es\/san-petersburgo-es\/san-petersburgo-actividades-es\/tour-privado-por-san-petersburgo-y-museo-hermitage\/","name":"\u27a1\ufe0f Tour Privado por San Petersburgo y Museo Hermitage con gu\u00eda | Tour Travel & More","isPartOf":{"@id":"https:\/\/tourtravelandmore.com\/es\/#website"},"primaryImageOfPage":{"@id":"https:\/\/tourtravelandmore.com\/es\/tours\/rusia-es\/san-petersburgo-es\/san-petersburgo-actividades-es\/tour-privado-por-san-petersburgo-y-museo-hermitage\/#primaryimage"},"image":{"@id":"https:\/\/tourtravelandmore.com\/es\/tours\/rusia-es\/san-petersburgo-es\/san-petersburgo-actividades-es\/tour-privado-por-san-petersburgo-y-museo-hermitage\/#primaryimage"},"thumbnailUrl":"https:\/\/tourtravelandmore.com\/wp-content\/uploads\/2020\/04\/hermitage-st_petersburg-1500x850-1.jpg","datePublished":"2020-04-21T10:16:52+00:00","dateModified":"2024-02-16T09:57:09+00:00","description":"Tenga la oportunidad de conocer en profundidad esta maravillosa ciudad con nuestro Tour Privado por San Petersburgo y Museo Hermitage \u2705","breadcrumb":{"@id":"https:\/\/tourtravelandmore.com\/es\/tours\/rusia-es\/san-petersburgo-es\/san-petersburgo-actividades-es\/tour-privado-por-san-petersburgo-y-museo-hermitage\/#breadcrumb"},"inLanguage":"es","potentialAction":[{"@type":"ReadAction","target":["https:\/\/tourtravelandmore.com\/es\/tours\/rusia-es\/san-petersburgo-es\/san-petersburgo-actividades-es\/tour-privado-por-san-petersburgo-y-museo-hermitage\/"]}]},{"@type":"ImageObject","inLanguage":"es","@id":"https:\/\/tourtravelandmore.com\/es\/tours\/rusia-es\/san-petersburgo-es\/san-petersburgo-actividades-es\/tour-privado-por-san-petersburgo-y-museo-hermitage\/#primaryimage","url":"https:\/\/tourtravelandmore.com\/wp-content\/uploads\/2020\/04\/hermitage-st_petersburg-1500x850-1.jpg","contentUrl":"https:\/\/tourtravelandmore.com\/wp-content\/uploads\/2020\/04\/hermitage-st_petersburg-1500x850-1.jpg","width":1500,"height":850},{"@type":"BreadcrumbList","@id":"https:\/\/tourtravelandmore.com\/es\/tours\/rusia-es\/san-petersburgo-es\/san-petersburgo-actividades-es\/tour-privado-por-san-petersburgo-y-museo-hermitage\/#breadcrumb","itemListElement":[{"@type":"ListItem","position":1,"name":"Home","item":"https:\/\/tourtravelandmore.com\/es\/"},{"@type":"ListItem","position":2,"name":"Tours","item":"https:\/\/tourtravelandmore.com\/es\/tours\/"},{"@type":"ListItem","position":3,"name":"Tour Privado por San Petersburgo y Museo Hermitage"}]},{"@type":"WebSite","@id":"https:\/\/tourtravelandmore.com\/es\/#website","url":"https:\/\/tourtravelandmore.com\/es\/","name":"Tour Travel And More","description":"Private sightseeing tours and luxury transfers in Spain","publisher":{"@id":"https:\/\/tourtravelandmore.com\/es\/#organization"},"potentialAction":[{"@type":"SearchAction","target":{"@type":"EntryPoint","urlTemplate":"https:\/\/tourtravelandmore.com\/es\/?s={search_term_string}"},"query-input":{"@type":"PropertyValueSpecification","valueRequired":true,"valueName":"search_term_string"}}],"inLanguage":"es"},{"@type":"Organization","@id":"https:\/\/tourtravelandmore.com\/es\/#organization","name":"Tour Travel And More","url":"https:\/\/tourtravelandmore.com\/es\/","logo":{"@type":"ImageObject","inLanguage":"es","@id":"https:\/\/tourtravelandmore.com\/es\/#\/schema\/logo\/image\/","url":"https:\/\/tourtravelandmore.com\/wp-content\/uploads\/2022\/12\/cropped-logo-cabecera-new.png","contentUrl":"https:\/\/tourtravelandmore.com\/wp-content\/uploads\/2022\/12\/cropped-logo-cabecera-new.png","width":430,"height":61,"caption":"Tour Travel And More"},"image":{"@id":"https:\/\/tourtravelandmore.com\/es\/#\/schema\/logo\/image\/"},"sameAs":["https:\/\/www.facebook.com\/tourtravelandmore\/","https:\/\/x.com\/TourTravel_More"]}]}},"_links":{"self":[{"href":"https:\/\/tourtravelandmore.com\/es\/wp-json\/wp\/v2\/product\/79458","targetHints":{"allow":["GET"]}}],"collection":[{"href":"https:\/\/tourtravelandmore.com\/es\/wp-json\/wp\/v2\/product"}],"about":[{"href":"https:\/\/tourtravelandmore.com\/es\/wp-json\/wp\/v2\/types\/product"}],"replies":[{"embeddable":true,"href":"https:\/\/tourtravelandmore.com\/es\/wp-json\/wp\/v2\/comments?post=79458"}],"wp:featuredmedia":[{"embeddable":true,"href":"https:\/\/tourtravelandmore.com\/es\/wp-json\/wp\/v2\/media\/79468"}],"wp:attachment":[{"href":"https:\/\/tourtravelandmore.com\/es\/wp-json\/wp\/v2\/media?parent=79458"}],"wp:term":[{"taxonomy":"product_brand","embeddable":true,"href":"https:\/\/tourtravelandmore.com\/es\/wp-json\/wp\/v2\/product_brand?post=79458"},{"taxonomy":"product_cat","embeddable":true,"href":"https:\/\/tourtravelandmore.com\/es\/wp-json\/wp\/v2\/product_cat?post=79458"},{"taxonomy":"product_tag","embeddable":true,"href":"https:\/\/tourtravelandmore.com\/es\/wp-json\/wp\/v2\/product_tag?post=79458"}],"curies":[{"name":"wp","href":"https:\/\/api.w.org\/{rel}","templated":true}]}}