{"id":794,"date":"2016-03-13T20:01:56","date_gmt":"2016-04-14T18:41:07","guid":{"rendered":"http:\/\/tourtravelandmore.com\/?post_type=product&#038;p=794&#038;lang=es"},"modified":"2025-05-26T10:45:19","modified_gmt":"2025-05-26T08:45:19","slug":"tour-privado-sevilla-barrio-judio-plaza-espana","status":"publish","type":"product","link":"https:\/\/tourtravelandmore.com\/es\/tours\/espana-es\/sevilla-es\/tour-privado-sevilla-barrio-judio-plaza-espana\/","title":{"rendered":"Tour Privado de Sevilla por el Barrio Jud\u00edo y Plaza Espa\u00f1a"},"content":{"rendered":"<h2>Descripci\u00f3n<\/h2>\n<p class=\"p1\">Disfrute de este <a href=\"https:\/\/tourtravelandmore.com\/es\/ciudad\/espana-es\/sevilla-es\/\">tour privado en Sevilla<\/a> por el <span class=\"s1\"><b>Barrio Jud\u00edo<\/b><\/span> y la <span class=\"s1\"><b>Plaza de Espa\u00f1a<\/b><\/span>, acompa\u00f1ado de nuestro gu\u00eda oficial y viajando c\u00f3modamente en veh\u00edculo privado con ch\u00f3fer.<\/p>\n<p class=\"p1\">Podr\u00e1n escoger la hora de salida y el punto de recogida en cualquier lugar de la ciudad de Sevilla.<\/p>\n<p class=\"p1\">Este tour es <span class=\"s1\"><b>completamente personalizable<\/b><\/span>: pueden dise\u00f1arlo seg\u00fan sus intereses y lo que quieran descubrir. Si desean un itinerario a medida, solo tienen que contactarnos. A continuaci\u00f3n les mostramos un ejemplo de recorrido; cada experiencia se adaptar\u00e1 para que vean y conozcan exactamente lo que desean ver en Sevilla.<\/p>\n<p class=\"p1\">Les llevaremos a explorar algunos de los rincones m\u00e1s fascinantes de la ciudad, adentr\u00e1ndose en el encanto del barrio jud\u00edo y la majestuosidad de la Plaza de Espa\u00f1a, mientras recorren sus calles y plazas de la mano de un gu\u00eda experto.<\/p>\n<h2>Puntos de inter\u00e9s | Tour Privado de Sevilla por el Barrio Jud\u00edo y Plaza Espa\u00f1a<\/h2>\n<p>Comenzaremos nuestro recorrido en el coraz\u00f3n del <strong>Barrio Jud\u00edo<\/strong> de <strong>Sevilla.<\/strong> Este barrio es uno de los lugares m\u00e1s antiguos de la ciudad y tiene una rica historia que se remonta a la \u00e9poca romana. A lo largo de nuestro paseo, visitaremos lugares como la <strong>Sinagoga<\/strong> de <strong>Sevilla,<\/strong> la <strong>Casa<\/strong> de <strong>Pilatos<\/strong> y la impresionante <strong>Catedral<\/strong> de <strong>Sevilla.<\/strong><\/p>\n<p>Durante el recorrido, su gu\u00eda experto le hablar\u00e1 sobre la historia y la cultura de la <strong>comunidad jud\u00eda<\/strong> en <strong>Sevilla<\/strong> y c\u00f3mo se han integrado en la sociedad espa\u00f1ola a lo largo de los siglos. Descubrir\u00e1 historias fascinantes sobre personajes influyentes y eventos hist\u00f3ricos que han moldeado el barrio.<\/p>\n<p>Continuaremos nuestro recorrido hacia la impresionante <strong>Plaza<\/strong> de <strong>Espa\u00f1a.<\/strong> Esta plaza es uno de los lugares m\u00e1s emblem\u00e1ticos de <strong>Sevilla<\/strong> y cuenta con una arquitectura impresionante y detalles ornamentales \u00fanicos. Se construy\u00f3 para la <strong>Exposici\u00f3n Iberoamericana<\/strong> de <strong>1929<\/strong> y es un ejemplo de la rica <strong>arquitectura renacentista espa\u00f1ola.<\/strong><\/p>\n<p>Mientras caminamos por la <strong>plaza,<\/strong> su gu\u00eda le mostrar\u00e1 los detalles m\u00e1s fascinantes de la <strong>arquitectura<\/strong> y la <strong>historia<\/strong> detr\u00e1s de la plaza. Podr\u00e1 admirar los detalles en cer\u00e1mica de las paredes y escuchar historias sobre los eventos que se celebran all\u00ed.<\/p>\n<p>En general, este tour privado de <strong>3 horas<\/strong> es una oportunidad \u00fanica para explorar el barrio jud\u00edo de <strong>Sevilla<\/strong> y la impresionante Plaza Espa\u00f1a con un gu\u00eda experto que le brindar\u00e1 informaci\u00f3n detallada y fascinante sobre la historia y la cultura de la ciudad. Reserve su tour con <strong>Tour Travel &amp; More<\/strong> hoy y descubra lo mejor que <strong>Sevilla<\/strong> tiene para ofrecer.<\/p>\n","protected":false},"excerpt":{"rendered":"<p>Disfruta de <strong>Sevilla<\/strong> y su <strong>barrio jud\u00edo<\/strong> y <strong>Plaza Espa\u00f1a<\/strong>. Tome esta oportunidad para conocer y disfrutar de Sevilla durante este <strong>tour con vuestro gu\u00eda oficial privado y vuestro veh\u00edculo de lujo con chofer<\/strong>. Disfruta de los monumentos y zonas m\u00e1s emblem\u00e1ticas de Sevilla como el barrio jud\u00edo y la preciosa Plaza Espa\u00f1a.<\/p>\n","protected":false},"featured_media":719,"comment_status":"open","ping_status":"closed","template":"","meta":{"_acf_changed":false},"product_brand":[],"product_cat":[105,108],"product_tag":[],"class_list":{"0":"post-794","1":"product","2":"type-product","3":"status-publish","4":"has-post-thumbnail","6":"product_cat-sevilla-es","7":"product_cat-sevilla-tours-privados-pie-es","9":"first","10":"instock","11":"shipping-taxable","12":"purchasable","13":"product-type-simple"},"acf":[],"yoast_head":"<!-- This site is optimized with the Yoast SEO Premium plugin v25.3.1 (Yoast SEO v25.3.1) - https:\/\/yoast.com\/wordpress\/plugins\/seo\/ -->\n<title>\u27a1\ufe0f Tour Privado por el Barrio Jud\u00edo y Plaza Espa\u00f1a de Sevilla<\/title>\n<meta name=\"description\" content=\"Tour Privado de Sevilla por el Barrio Jud\u00edo y Plaza Espa\u00f1a. Descubra Sevilla durante este tour privado con gu\u00eda oficial privado \u2705\" \/>\n<meta name=\"robots\" content=\"index, follow, max-snippet:-1, max-image-preview:large, max-video-preview:-1\" \/>\n<link rel=\"canonical\" href=\"https:\/\/tourtravelandmore.com\/es\/tours\/espana-es\/sevilla-es\/tour-privado-sevilla-barrio-judio-plaza-espana\/\" \/>\n<meta property=\"og:locale\" content=\"es_ES\" \/>\n<meta property=\"og:type\" content=\"article\" \/>\n<meta property=\"og:title\" content=\"Tour Privado de Sevilla por el Barrio Jud\u00edo y Plaza Espa\u00f1a\" \/>\n<meta property=\"og:description\" content=\"Tour Privado de Sevilla por el Barrio Jud\u00edo y Plaza Espa\u00f1a. Descubra Sevilla durante este tour privado con gu\u00eda oficial privado \u2705\" \/>\n<meta property=\"og:url\" content=\"https:\/\/tourtravelandmore.com\/es\/tours\/espana-es\/sevilla-es\/tour-privado-sevilla-barrio-judio-plaza-espana\/\" \/>\n<meta property=\"og:site_name\" content=\"Tour Travel And More\" \/>\n<meta property=\"article:publisher\" content=\"https:\/\/www.facebook.com\/tourtravelandmore\/\" \/>\n<meta property=\"article:modified_time\" content=\"2025-05-26T08:45:19+00:00\" \/>\n<meta property=\"og:image\" content=\"https:\/\/tourtravelandmore.com\/wp-content\/uploads\/2016\/03\/Torre-de-oro-1-scaled.jpg\" \/>\n\t<meta property=\"og:image:width\" content=\"5274\" \/>\n\t<meta property=\"og:image:height\" content=\"3071\" \/>\n\t<meta property=\"og:image:type\" content=\"image\/jpeg\" \/>\n<meta name=\"twitter:card\" content=\"summary_large_image\" \/>\n<meta name=\"twitter:site\" content=\"@TourTravel_More\" \/>\n<meta name=\"twitter:label1\" content=\"Tiempo de lectura\" \/>\n\t<meta name=\"twitter:data1\" content=\"3 minutos\" \/>\n<script type=\"application\/ld+json\" class=\"yoast-schema-graph\">{\"@context\":\"https:\/\/schema.org\",\"@graph\":[{\"@type\":\"WebPage\",\"@id\":\"https:\/\/tourtravelandmore.com\/es\/tours\/espana-es\/sevilla-es\/tour-privado-sevilla-barrio-judio-plaza-espana\/\",\"url\":\"https:\/\/tourtravelandmore.com\/es\/tours\/espana-es\/sevilla-es\/tour-privado-sevilla-barrio-judio-plaza-espana\/\",\"name\":\"\u27a1\ufe0f Tour Privado por el Barrio Jud\u00edo y Plaza Espa\u00f1a de Sevilla\",\"isPartOf\":{\"@id\":\"https:\/\/tourtravelandmore.com\/es\/#website\"},\"primaryImageOfPage\":{\"@id\":\"https:\/\/tourtravelandmore.com\/es\/tours\/espana-es\/sevilla-es\/tour-privado-sevilla-barrio-judio-plaza-espana\/#primaryimage\"},\"image\":{\"@id\":\"https:\/\/tourtravelandmore.com\/es\/tours\/espana-es\/sevilla-es\/tour-privado-sevilla-barrio-judio-plaza-espana\/#primaryimage\"},\"thumbnailUrl\":\"https:\/\/tourtravelandmore.com\/wp-content\/uploads\/2016\/03\/Torre-de-oro-1-scaled.jpg\",\"datePublished\":\"2016-04-14T18:41:07+00:00\",\"dateModified\":\"2025-05-26T08:45:19+00:00\",\"description\":\"Tour Privado de Sevilla por el Barrio Jud\u00edo y Plaza Espa\u00f1a. Descubra Sevilla durante este tour privado con gu\u00eda oficial privado \u2705\",\"breadcrumb\":{\"@id\":\"https:\/\/tourtravelandmore.com\/es\/tours\/espana-es\/sevilla-es\/tour-privado-sevilla-barrio-judio-plaza-espana\/#breadcrumb\"},\"inLanguage\":\"es\",\"potentialAction\":[{\"@type\":\"ReadAction\",\"target\":[\"https:\/\/tourtravelandmore.com\/es\/tours\/espana-es\/sevilla-es\/tour-privado-sevilla-barrio-judio-plaza-espana\/\"]}]},{\"@type\":\"ImageObject\",\"inLanguage\":\"es\",\"@id\":\"https:\/\/tourtravelandmore.com\/es\/tours\/espana-es\/sevilla-es\/tour-privado-sevilla-barrio-judio-plaza-espana\/#primaryimage\",\"url\":\"https:\/\/tourtravelandmore.com\/wp-content\/uploads\/2016\/03\/Torre-de-oro-1-scaled.jpg\",\"contentUrl\":\"https:\/\/tourtravelandmore.com\/wp-content\/uploads\/2016\/03\/Torre-de-oro-1-scaled.jpg\",\"width\":5274,\"height\":3071},{\"@type\":\"BreadcrumbList\",\"@id\":\"https:\/\/tourtravelandmore.com\/es\/tours\/espana-es\/sevilla-es\/tour-privado-sevilla-barrio-judio-plaza-espana\/#breadcrumb\",\"itemListElement\":[{\"@type\":\"ListItem\",\"position\":1,\"name\":\"Home\",\"item\":\"https:\/\/tourtravelandmore.com\/es\/\"},{\"@type\":\"ListItem\",\"position\":2,\"name\":\"Tours\",\"item\":\"https:\/\/tourtravelandmore.com\/es\/tours\/\"},{\"@type\":\"ListItem\",\"position\":3,\"name\":\"Tour Privado de Sevilla por el Barrio Jud\u00edo y Plaza Espa\u00f1a\"}]},{\"@type\":\"WebSite\",\"@id\":\"https:\/\/tourtravelandmore.com\/es\/#website\",\"url\":\"https:\/\/tourtravelandmore.com\/es\/\",\"name\":\"Tour Travel And More\",\"description\":\"Private sightseeing tours and luxury transfers in Spain\",\"publisher\":{\"@id\":\"https:\/\/tourtravelandmore.com\/es\/#organization\"},\"potentialAction\":[{\"@type\":\"SearchAction\",\"target\":{\"@type\":\"EntryPoint\",\"urlTemplate\":\"https:\/\/tourtravelandmore.com\/es\/?s={search_term_string}\"},\"query-input\":{\"@type\":\"PropertyValueSpecification\",\"valueRequired\":true,\"valueName\":\"search_term_string\"}}],\"inLanguage\":\"es\"},{\"@type\":\"Organization\",\"@id\":\"https:\/\/tourtravelandmore.com\/es\/#organization\",\"name\":\"Tour Travel And More\",\"url\":\"https:\/\/tourtravelandmore.com\/es\/\",\"logo\":{\"@type\":\"ImageObject\",\"inLanguage\":\"es\",\"@id\":\"https:\/\/tourtravelandmore.com\/es\/#\/schema\/logo\/image\/\",\"url\":\"https:\/\/tourtravelandmore.com\/wp-content\/uploads\/2022\/12\/cropped-logo-cabecera-new.png\",\"contentUrl\":\"https:\/\/tourtravelandmore.com\/wp-content\/uploads\/2022\/12\/cropped-logo-cabecera-new.png\",\"width\":430,\"height\":61,\"caption\":\"Tour Travel And More\"},\"image\":{\"@id\":\"https:\/\/tourtravelandmore.com\/es\/#\/schema\/logo\/image\/\"},\"sameAs\":[\"https:\/\/www.facebook.com\/tourtravelandmore\/\",\"https:\/\/x.com\/TourTravel_More\"]}]}<\/script>\n<!-- \/ Yoast SEO Premium plugin. -->","yoast_head_json":{"title":"\u27a1\ufe0f Tour Privado por el Barrio Jud\u00edo y Plaza Espa\u00f1a de Sevilla","description":"Tour Privado de Sevilla por el Barrio Jud\u00edo y Plaza Espa\u00f1a. Descubra Sevilla durante este tour privado con gu\u00eda oficial privado \u2705","robots":{"index":"index","follow":"follow","max-snippet":"max-snippet:-1","max-image-preview":"max-image-preview:large","max-video-preview":"max-video-preview:-1"},"canonical":"https:\/\/tourtravelandmore.com\/es\/tours\/espana-es\/sevilla-es\/tour-privado-sevilla-barrio-judio-plaza-espana\/","og_locale":"es_ES","og_type":"article","og_title":"Tour Privado de Sevilla por el Barrio Jud\u00edo y Plaza Espa\u00f1a","og_description":"Tour Privado de Sevilla por el Barrio Jud\u00edo y Plaza Espa\u00f1a. Descubra Sevilla durante este tour privado con gu\u00eda oficial privado \u2705","og_url":"https:\/\/tourtravelandmore.com\/es\/tours\/espana-es\/sevilla-es\/tour-privado-sevilla-barrio-judio-plaza-espana\/","og_site_name":"Tour Travel And More","article_publisher":"https:\/\/www.facebook.com\/tourtravelandmore\/","article_modified_time":"2025-05-26T08:45:19+00:00","og_image":[{"width":5274,"height":3071,"url":"https:\/\/tourtravelandmore.com\/wp-content\/uploads\/2016\/03\/Torre-de-oro-1-scaled.jpg","type":"image\/jpeg"}],"twitter_card":"summary_large_image","twitter_site":"@TourTravel_More","twitter_misc":{"Tiempo de lectura":"3 minutos"},"schema":{"@context":"https:\/\/schema.org","@graph":[{"@type":"WebPage","@id":"https:\/\/tourtravelandmore.com\/es\/tours\/espana-es\/sevilla-es\/tour-privado-sevilla-barrio-judio-plaza-espana\/","url":"https:\/\/tourtravelandmore.com\/es\/tours\/espana-es\/sevilla-es\/tour-privado-sevilla-barrio-judio-plaza-espana\/","name":"\u27a1\ufe0f Tour Privado por el Barrio Jud\u00edo y Plaza Espa\u00f1a de Sevilla","isPartOf":{"@id":"https:\/\/tourtravelandmore.com\/es\/#website"},"primaryImageOfPage":{"@id":"https:\/\/tourtravelandmore.com\/es\/tours\/espana-es\/sevilla-es\/tour-privado-sevilla-barrio-judio-plaza-espana\/#primaryimage"},"image":{"@id":"https:\/\/tourtravelandmore.com\/es\/tours\/espana-es\/sevilla-es\/tour-privado-sevilla-barrio-judio-plaza-espana\/#primaryimage"},"thumbnailUrl":"https:\/\/tourtravelandmore.com\/wp-content\/uploads\/2016\/03\/Torre-de-oro-1-scaled.jpg","datePublished":"2016-04-14T18:41:07+00:00","dateModified":"2025-05-26T08:45:19+00:00","description":"Tour Privado de Sevilla por el Barrio Jud\u00edo y Plaza Espa\u00f1a. Descubra Sevilla durante este tour privado con gu\u00eda oficial privado \u2705","breadcrumb":{"@id":"https:\/\/tourtravelandmore.com\/es\/tours\/espana-es\/sevilla-es\/tour-privado-sevilla-barrio-judio-plaza-espana\/#breadcrumb"},"inLanguage":"es","potentialAction":[{"@type":"ReadAction","target":["https:\/\/tourtravelandmore.com\/es\/tours\/espana-es\/sevilla-es\/tour-privado-sevilla-barrio-judio-plaza-espana\/"]}]},{"@type":"ImageObject","inLanguage":"es","@id":"https:\/\/tourtravelandmore.com\/es\/tours\/espana-es\/sevilla-es\/tour-privado-sevilla-barrio-judio-plaza-espana\/#primaryimage","url":"https:\/\/tourtravelandmore.com\/wp-content\/uploads\/2016\/03\/Torre-de-oro-1-scaled.jpg","contentUrl":"https:\/\/tourtravelandmore.com\/wp-content\/uploads\/2016\/03\/Torre-de-oro-1-scaled.jpg","width":5274,"height":3071},{"@type":"BreadcrumbList","@id":"https:\/\/tourtravelandmore.com\/es\/tours\/espana-es\/sevilla-es\/tour-privado-sevilla-barrio-judio-plaza-espana\/#breadcrumb","itemListElement":[{"@type":"ListItem","position":1,"name":"Home","item":"https:\/\/tourtravelandmore.com\/es\/"},{"@type":"ListItem","position":2,"name":"Tours","item":"https:\/\/tourtravelandmore.com\/es\/tours\/"},{"@type":"ListItem","position":3,"name":"Tour Privado de Sevilla por el Barrio Jud\u00edo y Plaza Espa\u00f1a"}]},{"@type":"WebSite","@id":"https:\/\/tourtravelandmore.com\/es\/#website","url":"https:\/\/tourtravelandmore.com\/es\/","name":"Tour Travel And More","description":"Private sightseeing tours and luxury transfers in Spain","publisher":{"@id":"https:\/\/tourtravelandmore.com\/es\/#organization"},"potentialAction":[{"@type":"SearchAction","target":{"@type":"EntryPoint","urlTemplate":"https:\/\/tourtravelandmore.com\/es\/?s={search_term_string}"},"query-input":{"@type":"PropertyValueSpecification","valueRequired":true,"valueName":"search_term_string"}}],"inLanguage":"es"},{"@type":"Organization","@id":"https:\/\/tourtravelandmore.com\/es\/#organization","name":"Tour Travel And More","url":"https:\/\/tourtravelandmore.com\/es\/","logo":{"@type":"ImageObject","inLanguage":"es","@id":"https:\/\/tourtravelandmore.com\/es\/#\/schema\/logo\/image\/","url":"https:\/\/tourtravelandmore.com\/wp-content\/uploads\/2022\/12\/cropped-logo-cabecera-new.png","contentUrl":"https:\/\/tourtravelandmore.com\/wp-content\/uploads\/2022\/12\/cropped-logo-cabecera-new.png","width":430,"height":61,"caption":"Tour Travel And More"},"image":{"@id":"https:\/\/tourtravelandmore.com\/es\/#\/schema\/logo\/image\/"},"sameAs":["https:\/\/www.facebook.com\/tourtravelandmore\/","https:\/\/x.com\/TourTravel_More"]}]}},"_links":{"self":[{"href":"https:\/\/tourtravelandmore.com\/es\/wp-json\/wp\/v2\/product\/794","targetHints":{"allow":["GET"]}}],"collection":[{"href":"https:\/\/tourtravelandmore.com\/es\/wp-json\/wp\/v2\/product"}],"about":[{"href":"https:\/\/tourtravelandmore.com\/es\/wp-json\/wp\/v2\/types\/product"}],"replies":[{"embeddable":true,"href":"https:\/\/tourtravelandmore.com\/es\/wp-json\/wp\/v2\/comments?post=794"}],"wp:featuredmedia":[{"embeddable":true,"href":"https:\/\/tourtravelandmore.com\/es\/wp-json\/wp\/v2\/media\/719"}],"wp:attachment":[{"href":"https:\/\/tourtravelandmore.com\/es\/wp-json\/wp\/v2\/media?parent=794"}],"wp:term":[{"taxonomy":"product_brand","embeddable":true,"href":"https:\/\/tourtravelandmore.com\/es\/wp-json\/wp\/v2\/product_brand?post=794"},{"taxonomy":"product_cat","embeddable":true,"href":"https:\/\/tourtravelandmore.com\/es\/wp-json\/wp\/v2\/product_cat?post=794"},{"taxonomy":"product_tag","embeddable":true,"href":"https:\/\/tourtravelandmore.com\/es\/wp-json\/wp\/v2\/product_tag?post=794"}],"curies":[{"name":"wp","href":"https:\/\/api.w.org\/{rel}","templated":true}]}}