{"id":79364,"date":"2020-04-09T13:39:42","date_gmt":"2020-04-09T11:39:42","guid":{"rendered":"https:\/\/tourtravelandmore.com\/?post_type=product&#038;p=79364"},"modified":"2021-06-28T11:16:37","modified_gmt":"2021-06-28T09:16:37","slug":"tour-privado-a-yosemite-desde-san-francisco","status":"publish","type":"product","link":"https:\/\/tourtravelandmore.com\/es\/tours\/eeuu-es\/san-francisco-es\/san-francisco-actividades-es\/tour-privado-a-yosemite-desde-san-francisco\/","title":{"rendered":"Excursi\u00f3n privada a Yosemite"},"content":{"rendered":"<h2><strong>Descripci\u00f3n de la Excursi\u00f3n privada a Yosemite<\/strong><\/h2>\n<p>Disfruta una excursi\u00f3n personalizada desde San Francisco y visita uno de los sitios m\u00e1s bonitos del pa\u00eds. A pesar de que hay mucho para hacer en San Francisco esta escapada es casi obligatoria para los amantes de la naturaleza. Cont\u00e1ctenos y le ayudaremos a coordinar un tour privado a Yosemite desde San Francisco a medida.<\/p>\n<p class=\"p1\"><span class=\"s1\">El <b>Parque Nacional de Yosemite<\/b> se encuentra a unos 350 km de San Francisco. Est\u00e1 en la parte occidental de <b>Sierra Nevada<\/b>. Ha sido <b>Patrimonio de la Humanidad <\/b>desde 1964. <\/span><span class=\"s1\"><b>Yosemite<\/b> es muy famoso por su gran paisaje, as\u00ed como por los acantilados de granito, cascadas, secuoyas gigantes, monta\u00f1as, lagos y su gran desierto.<\/span><\/p>\n<p class=\"p1\"><span class=\"s1\">Este <b>tour privado<\/b> tiene una duraci\u00f3n aproximada de 14 horas. <\/span><span class=\"s1\">Organizaremos una recogida privada en su hotel o lugar de elecci\u00f3n en <b>San Francisco <\/b>y nos dirigiremos hacia <b>Yosemite<\/b>. Disfrute de una excursi\u00f3n de un d\u00eda a un hermoso parque natural que tiene casi el 95% del parque designado para la vida salvaje. <\/span><\/p>\n<h2><strong>Puntos de inter\u00e9s en el Parque de Yosemite<\/strong><\/h2>\n<p class=\"p1\"><span class=\"s1\">Una vez que llegue a <a href=\"https:\/\/www.nps.gov\/yose\/index.htm\"><b>Yosemite<\/b><\/a>, disfrutar\u00e1 de la tranquilidad de <b>High Sierra<\/b>. Esta ubicaci\u00f3n \u00fanica ha sido protegida desde 1864. Es muy conocida por sus incre\u00edbles cascadas y alberga hermosos valles, prados, secuoyas gigantes y mucho m\u00e1s. A lo largo del d\u00eda podr\u00e1 disfrutar de excelentes paisajes fotogr\u00e1ficos y una gran experiencia de d\u00eda. Visitar\u00e1 tambi\u00e9n el valle de Yosemite, el cual tiene una longitud de casi 20 km. Debido a que la altitud de sus terrenos oscila entre 600 y 4.000 metros, el parque alberga especies animales y vegetales extremadamente variadas.<\/span><\/p>\n<p><strong>El parque nacional fue declarado por la UNESCO como <a href=\"https:\/\/whc.unesco.org\/es\/list\/308\/\">patrimonio de la humanidad<\/a> en 1984.<\/strong><\/p>\n<p class=\"p1\"><span class=\"s1\">Yosemite es un gran recorrido para disfrutar en invierno, primavera, verano, oto\u00f1o y cualquier estaci\u00f3n del a\u00f1o. Dependiendo de la temporada, personalizaremos su tour privado a Yosemite desde San Francisco para satisfacer sus propias necesidades.<\/span><\/p>\n<p class=\"p1\"><span class=\"s1\">Cont\u00e1ctenos y organizaremos un recorrido privado \u00fanico. Su chofer y gu\u00eda privado estar\u00e1 a su entera disposici\u00f3n durante la total duraci\u00f3n del tour.<\/span><\/p>\n","protected":false},"excerpt":{"rendered":"<p>Disfrute esta <strong>excursi\u00f3n hacia el parque nacional de Yosemite<\/strong> y descubra uno de los sitios m\u00e1s maravillosos de EUA. Su chofer\/gu\u00eda le recoger\u00e1 en su sitio deseado en San Francisco.<\/p>\n","protected":false},"featured_media":79386,"comment_status":"open","ping_status":"closed","template":"","meta":{"_acf_changed":false},"product_brand":[],"product_cat":[1602,2149,2155,2663],"product_tag":[],"class_list":{"0":"post-79364","1":"product","2":"type-product","3":"status-publish","4":"has-post-thumbnail","6":"product_cat-eeuu-es","7":"product_cat-san-francisco-es","8":"product_cat-san-francisco-actividades-es","9":"product_cat-san-francisco-tours-es","11":"first","12":"instock","13":"shipping-taxable","14":"purchasable","15":"product-type-simple"},"acf":[],"yoast_head":"<!-- This site is optimized with the Yoast SEO Premium plugin v25.3.1 (Yoast SEO v25.3.1) - https:\/\/yoast.com\/wordpress\/plugins\/seo\/ -->\n<title>Tour privado a Yosemite desde San Francisco con chofer\/gu\u00eda<\/title>\n<meta name=\"description\" content=\"\u2192 Reserva ya una visita a el maravilloso parque nacional de Yosemite con nuestro tour privado desde San Francisco \u2705\" \/>\n<meta name=\"robots\" content=\"index, follow, max-snippet:-1, max-image-preview:large, max-video-preview:-1\" \/>\n<link rel=\"canonical\" href=\"https:\/\/tourtravelandmore.com\/es\/tours\/eeuu-es\/san-francisco-es\/san-francisco-actividades-es\/tour-privado-a-yosemite-desde-san-francisco\/\" \/>\n<meta property=\"og:locale\" content=\"es_ES\" \/>\n<meta property=\"og:type\" content=\"article\" \/>\n<meta property=\"og:title\" content=\"Excursi\u00f3n privada a Yosemite\" \/>\n<meta property=\"og:description\" content=\"\u2192 Reserva ya una visita a el maravilloso parque nacional de Yosemite con nuestro tour privado desde San Francisco \u2705\" \/>\n<meta property=\"og:url\" content=\"https:\/\/tourtravelandmore.com\/es\/tours\/eeuu-es\/san-francisco-es\/san-francisco-actividades-es\/tour-privado-a-yosemite-desde-san-francisco\/\" \/>\n<meta property=\"og:site_name\" content=\"Tour Travel And More\" \/>\n<meta property=\"article:publisher\" content=\"https:\/\/www.facebook.com\/tourtravelandmore\/\" \/>\n<meta property=\"article:modified_time\" content=\"2021-06-28T09:16:37+00:00\" \/>\n<meta property=\"og:image\" content=\"https:\/\/tourtravelandmore.com\/wp-content\/uploads\/2020\/04\/yosemite-national-park-2405333_960_720.jpg\" \/>\n\t<meta property=\"og:image:width\" content=\"960\" \/>\n\t<meta property=\"og:image:height\" content=\"539\" \/>\n\t<meta property=\"og:image:type\" content=\"image\/jpeg\" \/>\n<meta name=\"twitter:card\" content=\"summary_large_image\" \/>\n<meta name=\"twitter:site\" content=\"@TourTravel_More\" \/>\n<meta name=\"twitter:label1\" content=\"Tiempo de lectura\" \/>\n\t<meta name=\"twitter:data1\" content=\"2 minutos\" \/>\n<script type=\"application\/ld+json\" class=\"yoast-schema-graph\">{\"@context\":\"https:\/\/schema.org\",\"@graph\":[{\"@type\":\"WebPage\",\"@id\":\"https:\/\/tourtravelandmore.com\/es\/tours\/eeuu-es\/san-francisco-es\/san-francisco-actividades-es\/tour-privado-a-yosemite-desde-san-francisco\/\",\"url\":\"https:\/\/tourtravelandmore.com\/es\/tours\/eeuu-es\/san-francisco-es\/san-francisco-actividades-es\/tour-privado-a-yosemite-desde-san-francisco\/\",\"name\":\"Tour privado a Yosemite desde San Francisco con chofer\/gu\u00eda\",\"isPartOf\":{\"@id\":\"https:\/\/tourtravelandmore.com\/es\/#website\"},\"primaryImageOfPage\":{\"@id\":\"https:\/\/tourtravelandmore.com\/es\/tours\/eeuu-es\/san-francisco-es\/san-francisco-actividades-es\/tour-privado-a-yosemite-desde-san-francisco\/#primaryimage\"},\"image\":{\"@id\":\"https:\/\/tourtravelandmore.com\/es\/tours\/eeuu-es\/san-francisco-es\/san-francisco-actividades-es\/tour-privado-a-yosemite-desde-san-francisco\/#primaryimage\"},\"thumbnailUrl\":\"https:\/\/tourtravelandmore.com\/wp-content\/uploads\/2020\/04\/yosemite-national-park-2405333_960_720.jpg\",\"datePublished\":\"2020-04-09T11:39:42+00:00\",\"dateModified\":\"2021-06-28T09:16:37+00:00\",\"description\":\"\u2192 Reserva ya una visita a el maravilloso parque nacional de Yosemite con nuestro tour privado desde San Francisco \u2705\",\"breadcrumb\":{\"@id\":\"https:\/\/tourtravelandmore.com\/es\/tours\/eeuu-es\/san-francisco-es\/san-francisco-actividades-es\/tour-privado-a-yosemite-desde-san-francisco\/#breadcrumb\"},\"inLanguage\":\"es\",\"potentialAction\":[{\"@type\":\"ReadAction\",\"target\":[\"https:\/\/tourtravelandmore.com\/es\/tours\/eeuu-es\/san-francisco-es\/san-francisco-actividades-es\/tour-privado-a-yosemite-desde-san-francisco\/\"]}]},{\"@type\":\"ImageObject\",\"inLanguage\":\"es\",\"@id\":\"https:\/\/tourtravelandmore.com\/es\/tours\/eeuu-es\/san-francisco-es\/san-francisco-actividades-es\/tour-privado-a-yosemite-desde-san-francisco\/#primaryimage\",\"url\":\"https:\/\/tourtravelandmore.com\/wp-content\/uploads\/2020\/04\/yosemite-national-park-2405333_960_720.jpg\",\"contentUrl\":\"https:\/\/tourtravelandmore.com\/wp-content\/uploads\/2020\/04\/yosemite-national-park-2405333_960_720.jpg\",\"width\":960,\"height\":539},{\"@type\":\"BreadcrumbList\",\"@id\":\"https:\/\/tourtravelandmore.com\/es\/tours\/eeuu-es\/san-francisco-es\/san-francisco-actividades-es\/tour-privado-a-yosemite-desde-san-francisco\/#breadcrumb\",\"itemListElement\":[{\"@type\":\"ListItem\",\"position\":1,\"name\":\"Home\",\"item\":\"https:\/\/tourtravelandmore.com\/es\/\"},{\"@type\":\"ListItem\",\"position\":2,\"name\":\"Tours\",\"item\":\"https:\/\/tourtravelandmore.com\/es\/tours\/\"},{\"@type\":\"ListItem\",\"position\":3,\"name\":\"Excursi\u00f3n privada a Yosemite\"}]},{\"@type\":\"WebSite\",\"@id\":\"https:\/\/tourtravelandmore.com\/es\/#website\",\"url\":\"https:\/\/tourtravelandmore.com\/es\/\",\"name\":\"Tour Travel And More\",\"description\":\"Private sightseeing tours and luxury transfers in Spain\",\"publisher\":{\"@id\":\"https:\/\/tourtravelandmore.com\/es\/#organization\"},\"potentialAction\":[{\"@type\":\"SearchAction\",\"target\":{\"@type\":\"EntryPoint\",\"urlTemplate\":\"https:\/\/tourtravelandmore.com\/es\/?s={search_term_string}\"},\"query-input\":{\"@type\":\"PropertyValueSpecification\",\"valueRequired\":true,\"valueName\":\"search_term_string\"}}],\"inLanguage\":\"es\"},{\"@type\":\"Organization\",\"@id\":\"https:\/\/tourtravelandmore.com\/es\/#organization\",\"name\":\"Tour Travel And More\",\"url\":\"https:\/\/tourtravelandmore.com\/es\/\",\"logo\":{\"@type\":\"ImageObject\",\"inLanguage\":\"es\",\"@id\":\"https:\/\/tourtravelandmore.com\/es\/#\/schema\/logo\/image\/\",\"url\":\"https:\/\/tourtravelandmore.com\/wp-content\/uploads\/2022\/12\/cropped-logo-cabecera-new.png\",\"contentUrl\":\"https:\/\/tourtravelandmore.com\/wp-content\/uploads\/2022\/12\/cropped-logo-cabecera-new.png\",\"width\":430,\"height\":61,\"caption\":\"Tour Travel And More\"},\"image\":{\"@id\":\"https:\/\/tourtravelandmore.com\/es\/#\/schema\/logo\/image\/\"},\"sameAs\":[\"https:\/\/www.facebook.com\/tourtravelandmore\/\",\"https:\/\/x.com\/TourTravel_More\"]}]}<\/script>\n<!-- \/ Yoast SEO Premium plugin. -->","yoast_head_json":{"title":"Tour privado a Yosemite desde San Francisco con chofer\/gu\u00eda","description":"\u2192 Reserva ya una visita a el maravilloso parque nacional de Yosemite con nuestro tour privado desde San Francisco \u2705","robots":{"index":"index","follow":"follow","max-snippet":"max-snippet:-1","max-image-preview":"max-image-preview:large","max-video-preview":"max-video-preview:-1"},"canonical":"https:\/\/tourtravelandmore.com\/es\/tours\/eeuu-es\/san-francisco-es\/san-francisco-actividades-es\/tour-privado-a-yosemite-desde-san-francisco\/","og_locale":"es_ES","og_type":"article","og_title":"Excursi\u00f3n privada a Yosemite","og_description":"\u2192 Reserva ya una visita a el maravilloso parque nacional de Yosemite con nuestro tour privado desde San Francisco \u2705","og_url":"https:\/\/tourtravelandmore.com\/es\/tours\/eeuu-es\/san-francisco-es\/san-francisco-actividades-es\/tour-privado-a-yosemite-desde-san-francisco\/","og_site_name":"Tour Travel And More","article_publisher":"https:\/\/www.facebook.com\/tourtravelandmore\/","article_modified_time":"2021-06-28T09:16:37+00:00","og_image":[{"width":960,"height":539,"url":"https:\/\/tourtravelandmore.com\/wp-content\/uploads\/2020\/04\/yosemite-national-park-2405333_960_720.jpg","type":"image\/jpeg"}],"twitter_card":"summary_large_image","twitter_site":"@TourTravel_More","twitter_misc":{"Tiempo de lectura":"2 minutos"},"schema":{"@context":"https:\/\/schema.org","@graph":[{"@type":"WebPage","@id":"https:\/\/tourtravelandmore.com\/es\/tours\/eeuu-es\/san-francisco-es\/san-francisco-actividades-es\/tour-privado-a-yosemite-desde-san-francisco\/","url":"https:\/\/tourtravelandmore.com\/es\/tours\/eeuu-es\/san-francisco-es\/san-francisco-actividades-es\/tour-privado-a-yosemite-desde-san-francisco\/","name":"Tour privado a Yosemite desde San Francisco con chofer\/gu\u00eda","isPartOf":{"@id":"https:\/\/tourtravelandmore.com\/es\/#website"},"primaryImageOfPage":{"@id":"https:\/\/tourtravelandmore.com\/es\/tours\/eeuu-es\/san-francisco-es\/san-francisco-actividades-es\/tour-privado-a-yosemite-desde-san-francisco\/#primaryimage"},"image":{"@id":"https:\/\/tourtravelandmore.com\/es\/tours\/eeuu-es\/san-francisco-es\/san-francisco-actividades-es\/tour-privado-a-yosemite-desde-san-francisco\/#primaryimage"},"thumbnailUrl":"https:\/\/tourtravelandmore.com\/wp-content\/uploads\/2020\/04\/yosemite-national-park-2405333_960_720.jpg","datePublished":"2020-04-09T11:39:42+00:00","dateModified":"2021-06-28T09:16:37+00:00","description":"\u2192 Reserva ya una visita a el maravilloso parque nacional de Yosemite con nuestro tour privado desde San Francisco \u2705","breadcrumb":{"@id":"https:\/\/tourtravelandmore.com\/es\/tours\/eeuu-es\/san-francisco-es\/san-francisco-actividades-es\/tour-privado-a-yosemite-desde-san-francisco\/#breadcrumb"},"inLanguage":"es","potentialAction":[{"@type":"ReadAction","target":["https:\/\/tourtravelandmore.com\/es\/tours\/eeuu-es\/san-francisco-es\/san-francisco-actividades-es\/tour-privado-a-yosemite-desde-san-francisco\/"]}]},{"@type":"ImageObject","inLanguage":"es","@id":"https:\/\/tourtravelandmore.com\/es\/tours\/eeuu-es\/san-francisco-es\/san-francisco-actividades-es\/tour-privado-a-yosemite-desde-san-francisco\/#primaryimage","url":"https:\/\/tourtravelandmore.com\/wp-content\/uploads\/2020\/04\/yosemite-national-park-2405333_960_720.jpg","contentUrl":"https:\/\/tourtravelandmore.com\/wp-content\/uploads\/2020\/04\/yosemite-national-park-2405333_960_720.jpg","width":960,"height":539},{"@type":"BreadcrumbList","@id":"https:\/\/tourtravelandmore.com\/es\/tours\/eeuu-es\/san-francisco-es\/san-francisco-actividades-es\/tour-privado-a-yosemite-desde-san-francisco\/#breadcrumb","itemListElement":[{"@type":"ListItem","position":1,"name":"Home","item":"https:\/\/tourtravelandmore.com\/es\/"},{"@type":"ListItem","position":2,"name":"Tours","item":"https:\/\/tourtravelandmore.com\/es\/tours\/"},{"@type":"ListItem","position":3,"name":"Excursi\u00f3n privada a Yosemite"}]},{"@type":"WebSite","@id":"https:\/\/tourtravelandmore.com\/es\/#website","url":"https:\/\/tourtravelandmore.com\/es\/","name":"Tour Travel And More","description":"Private sightseeing tours and luxury transfers in Spain","publisher":{"@id":"https:\/\/tourtravelandmore.com\/es\/#organization"},"potentialAction":[{"@type":"SearchAction","target":{"@type":"EntryPoint","urlTemplate":"https:\/\/tourtravelandmore.com\/es\/?s={search_term_string}"},"query-input":{"@type":"PropertyValueSpecification","valueRequired":true,"valueName":"search_term_string"}}],"inLanguage":"es"},{"@type":"Organization","@id":"https:\/\/tourtravelandmore.com\/es\/#organization","name":"Tour Travel And More","url":"https:\/\/tourtravelandmore.com\/es\/","logo":{"@type":"ImageObject","inLanguage":"es","@id":"https:\/\/tourtravelandmore.com\/es\/#\/schema\/logo\/image\/","url":"https:\/\/tourtravelandmore.com\/wp-content\/uploads\/2022\/12\/cropped-logo-cabecera-new.png","contentUrl":"https:\/\/tourtravelandmore.com\/wp-content\/uploads\/2022\/12\/cropped-logo-cabecera-new.png","width":430,"height":61,"caption":"Tour Travel And More"},"image":{"@id":"https:\/\/tourtravelandmore.com\/es\/#\/schema\/logo\/image\/"},"sameAs":["https:\/\/www.facebook.com\/tourtravelandmore\/","https:\/\/x.com\/TourTravel_More"]}]}},"_links":{"self":[{"href":"https:\/\/tourtravelandmore.com\/es\/wp-json\/wp\/v2\/product\/79364","targetHints":{"allow":["GET"]}}],"collection":[{"href":"https:\/\/tourtravelandmore.com\/es\/wp-json\/wp\/v2\/product"}],"about":[{"href":"https:\/\/tourtravelandmore.com\/es\/wp-json\/wp\/v2\/types\/product"}],"replies":[{"embeddable":true,"href":"https:\/\/tourtravelandmore.com\/es\/wp-json\/wp\/v2\/comments?post=79364"}],"wp:featuredmedia":[{"embeddable":true,"href":"https:\/\/tourtravelandmore.com\/es\/wp-json\/wp\/v2\/media\/79386"}],"wp:attachment":[{"href":"https:\/\/tourtravelandmore.com\/es\/wp-json\/wp\/v2\/media?parent=79364"}],"wp:term":[{"taxonomy":"product_brand","embeddable":true,"href":"https:\/\/tourtravelandmore.com\/es\/wp-json\/wp\/v2\/product_brand?post=79364"},{"taxonomy":"product_cat","embeddable":true,"href":"https:\/\/tourtravelandmore.com\/es\/wp-json\/wp\/v2\/product_cat?post=79364"},{"taxonomy":"product_tag","embeddable":true,"href":"https:\/\/tourtravelandmore.com\/es\/wp-json\/wp\/v2\/product_tag?post=79364"}],"curies":[{"name":"wp","href":"https:\/\/api.w.org\/{rel}","templated":true}]}}