{"id":79322,"date":"2020-04-06T13:21:46","date_gmt":"2020-04-06T11:21:47","guid":{"rendered":"https:\/\/tourtravelandmore.com\/?post_type=product&#038;p=79322"},"modified":"2024-02-12T10:43:01","modified_gmt":"2024-02-12T09:43:01","slug":"tour-privado-a-vladimir-y-suzdal","status":"publish","type":"product","link":"https:\/\/tourtravelandmore.com\/es\/tours\/rusia-es\/moscu-es\/moscu-tours-privados\/tour-privado-a-vladimir-y-suzdal\/","title":{"rendered":"Tour Privado a Vladimir y S\u00fazdal"},"content":{"rendered":"<h2 id=\"tw-target-text\" class=\"tw-data-text tw-text-large XcVN5d tw-ta\" dir=\"ltr\" data-placeholder=\"Traducci\u00f3n\"><span lang=\"es\">Descripci\u00f3n del Tour Privado a Vladimir y S\u00fazdal<\/span><\/h2>\n<p>Ven con nosotros y disfruta de este tour privado de d\u00eda completo desde Mosc\u00fa. <span class=\"JLqJ4b ChMk0b\" data-language-for-alternatives=\"es\" data-language-to-translate-into=\"en\" data-phrase-index=\"1\">Descubra dos de las ciudades m\u00e1s emblem\u00e1ticas del Anillo de Oro de Rusia; Vladimir y S\u00fazdal. Aproveche una maravillosa oportunidad y disfrute de este <strong>Tour Privado a Vlad\u00edmir y S\u00fazdal (Anillo de oro)<\/strong>. <\/span><\/p>\n<p><span class=\"JLqJ4b ChMk0b\" data-language-for-alternatives=\"es\" data-language-to-translate-into=\"en\" data-phrase-index=\"1\"><span class=\"JLqJ4b\" data-language-for-alternatives=\"es\" data-language-to-translate-into=\"en\" data-phrase-index=\"4\">Aproveche esta oportunidad para descubrir S\u00fazdal. Esta es una de las ciudades rusas m\u00e1s antiguas. Disfruta tambi\u00e9n de Vlad\u00edmir, una de las capitales medievales de Rusia. Con su propio veh\u00edculo y gu\u00eda tur\u00edstico oficial privado, puede personalizar su propia experiencia.<\/span><\/span><\/p>\n<h2>Puntos emblem\u00e1ticos y de inter\u00e9s en el Tour Privado a Vlad\u00edmir y S\u00fazdal<\/h2>\n<p>Nuestro conductor y gu\u00eda lo recoger\u00e1n a la hora deseada en su hotel o lugar de elecci\u00f3n en la ciudad y comenzar\u00e1n su excursi\u00f3n privada de un d\u00eda. Su gu\u00eda tur\u00edstico privado le informar\u00e1 sobre la historia, el patrimonio y las tradiciones de estas dos ciudades hist\u00f3ricas. Todo esto mientras est\u00e1 c\u00f3modamente sentado en su veh\u00edculo privado.<\/p>\n<p>Tu primera parada ser\u00e1 <strong>Vladimir<\/strong>. La primera ciudad del anillo de oro, ubicada a 190 km de Mosc\u00fa. Fundada a principios del siglo XII en un acantilado sobre el r\u00edo Klyazma. Vladimir se convirti\u00f3 en la cuna de la historia rusa cuando el pr\u00edncipe Andrei Bogolyubsky traslad\u00f3 all\u00ed su capital desde Kiev en 1169. As\u00ed comenz\u00f3 la Edad de Oro de Vladimir. Fue entonces cuando Bogolyubsky y su hermano, el pr\u00edncipe Vsevolod el Gran Nido, construyeron muchos de los edificios de piedra blanca bellamente tallados por los que el \u00e1rea es famosa. Durante su visita a Vladimir, visitar\u00e1 la <a href=\"http:\/\/sobor33.ru\">Catedral de la Asunci\u00f3n y los frescos<\/a>. Este es el templo principal de la ciudad, que fue declarado Patrimonio de la Humanidad por la UNESCO. Adem\u00e1s podr\u00e1 conocer la <strong>Catedral de San Demetrio<\/strong>.<\/p>\n<h3>Luego continuaremos hacia S\u00fazdal&#8230;<\/h3>\n<p>La primera parada ser\u00e1 en el <strong>Museo de Arquitectura de Madera<\/strong>. Conserva numerosos ejemplos de arquitectura de madera antigua y se considera un peque\u00f1o rinc\u00f3n de la antigua Rusia cl\u00e1sica. Antes de llegar a la ciudad, se detendr\u00e1 en un punto panor\u00e1mico para disfrutar de una vista de S\u00fazdal.<\/p>\n<p>Una vez en la ciudad, visitar\u00e1 el <strong>Kremlin de S\u00fazdal<\/strong>. Es la parte m\u00e1s antigua de la ciudad que sent\u00f3 las bases para el asentamiento. Este conjunto arquitect\u00f3nico est\u00e1 rodeado por muros de barro del siglo XI bien conservados. Entre algunos sitios dentro del Kremlin podr\u00e1s visitar la <strong>Catedral de la Natividad<\/strong>. Fue construido originalmente en 1222-1225 en el sitio de una iglesia anterior erigida por Vladimir Monomakh en el siglo XI. Hoy es Patrimonio de la Humanidad por la UNESCO, el Convento de la Intercesi\u00f3n. Y el Monasterio de Nuestro Salvador y San Eutimio, fundado en 1352 por Boris Konstantinovich.<\/p>\n<p>El itinerario final para su tour privado desde Mosc\u00fa es absolutamente ajustable a sus propios intereses y gustos. El conductor y el gu\u00eda estar\u00e1n a su entera disposici\u00f3n durante la duraci\u00f3n total de este Tour Privado a Vladimir y S\u00fazdal.<\/p>\n<p>\u00a1Eche un vistazo a todos los tours privados que ofrecemos en Mosc\u00fa haciendo clic <a href=\"https:\/\/tourtravelandmore.com\/es\/ciudad\/rusia-es\/moscu-es\/\">aqu\u00ed<\/a>!<\/p>\n","protected":false},"excerpt":{"rendered":"<p>Disfruta de este <strong>tour privado a Vladimir y S\u00fazdal desde<\/strong>\u00a0<b>Mosc\u00fa <\/b>y descubre el emblem\u00e1tico <b>Anillo de oro de Rusia <\/b>con vuestro gu\u00eda oficial privado y chofer. Visita con nosotros ambos pueblos, los cuales albergan sitios declarados por la UNESCO como Patrimonio de la Humanidad.<\/p>\n<p>&nbsp;<\/p>\n","protected":false},"featured_media":79336,"comment_status":"open","ping_status":"closed","template":"","meta":{"_acf_changed":false},"product_brand":[],"product_cat":[2174,2175,2178,2173],"product_tag":[],"class_list":{"0":"post-79322","1":"product","2":"type-product","3":"status-publish","4":"has-post-thumbnail","6":"product_cat-rusia-es","7":"product_cat-moscu-es","8":"product_cat-moscu-actividades-es","9":"product_cat-moscu-tours-privados","11":"first","12":"instock","13":"shipping-taxable","14":"purchasable","15":"product-type-simple"},"acf":[],"yoast_head":"<!-- This site is optimized with the Yoast SEO Premium plugin v25.3.1 (Yoast SEO v25.3.1) - https:\/\/yoast.com\/wordpress\/plugins\/seo\/ -->\n<title>\u27a1\ufe0f Tour Privado a Vladimir y S\u00fazdal desde Mosc\u00fa con gu\u00eda oficial y chofer | Tour Travel &amp; More<\/title>\n<meta name=\"description\" content=\"Acomp\u00e1\u00f1enos en este Tour Privado a Vladimir y S\u00fazdal. Ambas ciudades albergan sitios declarados Patrimonio de la Humanidad por la UNESCO \u2705\" \/>\n<meta name=\"robots\" content=\"index, follow, max-snippet:-1, max-image-preview:large, max-video-preview:-1\" \/>\n<link rel=\"canonical\" href=\"https:\/\/tourtravelandmore.com\/es\/tours\/rusia-es\/moscu-es\/moscu-tours-privados\/tour-privado-a-vladimir-y-suzdal\/\" \/>\n<meta property=\"og:locale\" content=\"es_ES\" \/>\n<meta property=\"og:type\" content=\"article\" \/>\n<meta property=\"og:title\" content=\"Tour Privado a Vladimir y S\u00fazdal\" \/>\n<meta property=\"og:description\" content=\"Acomp\u00e1\u00f1enos en este Tour Privado a Vladimir y S\u00fazdal. Ambas ciudades albergan sitios declarados Patrimonio de la Humanidad por la UNESCO \u2705\" \/>\n<meta property=\"og:url\" content=\"https:\/\/tourtravelandmore.com\/es\/tours\/rusia-es\/moscu-es\/moscu-tours-privados\/tour-privado-a-vladimir-y-suzdal\/\" \/>\n<meta property=\"og:site_name\" content=\"Tour Travel And More\" \/>\n<meta property=\"article:publisher\" content=\"https:\/\/www.facebook.com\/tourtravelandmore\/\" \/>\n<meta property=\"article:modified_time\" content=\"2024-02-12T09:43:01+00:00\" \/>\n<meta property=\"og:image\" content=\"https:\/\/tourtravelandmore.com\/wp-content\/uploads\/2020\/04\/suzdal-2262448_1280.jpg\" \/>\n\t<meta property=\"og:image:width\" content=\"1280\" \/>\n\t<meta property=\"og:image:height\" content=\"960\" \/>\n\t<meta property=\"og:image:type\" content=\"image\/jpeg\" \/>\n<meta name=\"twitter:card\" content=\"summary_large_image\" \/>\n<meta name=\"twitter:site\" content=\"@TourTravel_More\" \/>\n<meta name=\"twitter:label1\" content=\"Tiempo de lectura\" \/>\n\t<meta name=\"twitter:data1\" content=\"3 minutos\" \/>\n<script type=\"application\/ld+json\" class=\"yoast-schema-graph\">{\"@context\":\"https:\/\/schema.org\",\"@graph\":[{\"@type\":\"WebPage\",\"@id\":\"https:\/\/tourtravelandmore.com\/es\/tours\/rusia-es\/moscu-es\/moscu-tours-privados\/tour-privado-a-vladimir-y-suzdal\/\",\"url\":\"https:\/\/tourtravelandmore.com\/es\/tours\/rusia-es\/moscu-es\/moscu-tours-privados\/tour-privado-a-vladimir-y-suzdal\/\",\"name\":\"\u27a1\ufe0f Tour Privado a Vladimir y S\u00fazdal desde Mosc\u00fa con gu\u00eda oficial y chofer | Tour Travel & More\",\"isPartOf\":{\"@id\":\"https:\/\/tourtravelandmore.com\/es\/#website\"},\"primaryImageOfPage\":{\"@id\":\"https:\/\/tourtravelandmore.com\/es\/tours\/rusia-es\/moscu-es\/moscu-tours-privados\/tour-privado-a-vladimir-y-suzdal\/#primaryimage\"},\"image\":{\"@id\":\"https:\/\/tourtravelandmore.com\/es\/tours\/rusia-es\/moscu-es\/moscu-tours-privados\/tour-privado-a-vladimir-y-suzdal\/#primaryimage\"},\"thumbnailUrl\":\"https:\/\/tourtravelandmore.com\/wp-content\/uploads\/2020\/04\/suzdal-2262448_1280.jpg\",\"datePublished\":\"2020-04-06T11:21:47+00:00\",\"dateModified\":\"2024-02-12T09:43:01+00:00\",\"description\":\"Acomp\u00e1\u00f1enos en este Tour Privado a Vladimir y S\u00fazdal. Ambas ciudades albergan sitios declarados Patrimonio de la Humanidad por la UNESCO \u2705\",\"breadcrumb\":{\"@id\":\"https:\/\/tourtravelandmore.com\/es\/tours\/rusia-es\/moscu-es\/moscu-tours-privados\/tour-privado-a-vladimir-y-suzdal\/#breadcrumb\"},\"inLanguage\":\"es\",\"potentialAction\":[{\"@type\":\"ReadAction\",\"target\":[\"https:\/\/tourtravelandmore.com\/es\/tours\/rusia-es\/moscu-es\/moscu-tours-privados\/tour-privado-a-vladimir-y-suzdal\/\"]}]},{\"@type\":\"ImageObject\",\"inLanguage\":\"es\",\"@id\":\"https:\/\/tourtravelandmore.com\/es\/tours\/rusia-es\/moscu-es\/moscu-tours-privados\/tour-privado-a-vladimir-y-suzdal\/#primaryimage\",\"url\":\"https:\/\/tourtravelandmore.com\/wp-content\/uploads\/2020\/04\/suzdal-2262448_1280.jpg\",\"contentUrl\":\"https:\/\/tourtravelandmore.com\/wp-content\/uploads\/2020\/04\/suzdal-2262448_1280.jpg\",\"width\":1280,\"height\":960},{\"@type\":\"BreadcrumbList\",\"@id\":\"https:\/\/tourtravelandmore.com\/es\/tours\/rusia-es\/moscu-es\/moscu-tours-privados\/tour-privado-a-vladimir-y-suzdal\/#breadcrumb\",\"itemListElement\":[{\"@type\":\"ListItem\",\"position\":1,\"name\":\"Home\",\"item\":\"https:\/\/tourtravelandmore.com\/es\/\"},{\"@type\":\"ListItem\",\"position\":2,\"name\":\"Tours\",\"item\":\"https:\/\/tourtravelandmore.com\/es\/tours\/\"},{\"@type\":\"ListItem\",\"position\":3,\"name\":\"Tour Privado a Vladimir y S\u00fazdal\"}]},{\"@type\":\"WebSite\",\"@id\":\"https:\/\/tourtravelandmore.com\/es\/#website\",\"url\":\"https:\/\/tourtravelandmore.com\/es\/\",\"name\":\"Tour Travel And More\",\"description\":\"Private sightseeing tours and luxury transfers in Spain\",\"publisher\":{\"@id\":\"https:\/\/tourtravelandmore.com\/es\/#organization\"},\"potentialAction\":[{\"@type\":\"SearchAction\",\"target\":{\"@type\":\"EntryPoint\",\"urlTemplate\":\"https:\/\/tourtravelandmore.com\/es\/?s={search_term_string}\"},\"query-input\":{\"@type\":\"PropertyValueSpecification\",\"valueRequired\":true,\"valueName\":\"search_term_string\"}}],\"inLanguage\":\"es\"},{\"@type\":\"Organization\",\"@id\":\"https:\/\/tourtravelandmore.com\/es\/#organization\",\"name\":\"Tour Travel And More\",\"url\":\"https:\/\/tourtravelandmore.com\/es\/\",\"logo\":{\"@type\":\"ImageObject\",\"inLanguage\":\"es\",\"@id\":\"https:\/\/tourtravelandmore.com\/es\/#\/schema\/logo\/image\/\",\"url\":\"https:\/\/tourtravelandmore.com\/wp-content\/uploads\/2022\/12\/cropped-logo-cabecera-new.png\",\"contentUrl\":\"https:\/\/tourtravelandmore.com\/wp-content\/uploads\/2022\/12\/cropped-logo-cabecera-new.png\",\"width\":430,\"height\":61,\"caption\":\"Tour Travel And More\"},\"image\":{\"@id\":\"https:\/\/tourtravelandmore.com\/es\/#\/schema\/logo\/image\/\"},\"sameAs\":[\"https:\/\/www.facebook.com\/tourtravelandmore\/\",\"https:\/\/x.com\/TourTravel_More\"]}]}<\/script>\n<!-- \/ Yoast SEO Premium plugin. -->","yoast_head_json":{"title":"\u27a1\ufe0f Tour Privado a Vladimir y S\u00fazdal desde Mosc\u00fa con gu\u00eda oficial y chofer | Tour Travel & More","description":"Acomp\u00e1\u00f1enos en este Tour Privado a Vladimir y S\u00fazdal. Ambas ciudades albergan sitios declarados Patrimonio de la Humanidad por la UNESCO \u2705","robots":{"index":"index","follow":"follow","max-snippet":"max-snippet:-1","max-image-preview":"max-image-preview:large","max-video-preview":"max-video-preview:-1"},"canonical":"https:\/\/tourtravelandmore.com\/es\/tours\/rusia-es\/moscu-es\/moscu-tours-privados\/tour-privado-a-vladimir-y-suzdal\/","og_locale":"es_ES","og_type":"article","og_title":"Tour Privado a Vladimir y S\u00fazdal","og_description":"Acomp\u00e1\u00f1enos en este Tour Privado a Vladimir y S\u00fazdal. Ambas ciudades albergan sitios declarados Patrimonio de la Humanidad por la UNESCO \u2705","og_url":"https:\/\/tourtravelandmore.com\/es\/tours\/rusia-es\/moscu-es\/moscu-tours-privados\/tour-privado-a-vladimir-y-suzdal\/","og_site_name":"Tour Travel And More","article_publisher":"https:\/\/www.facebook.com\/tourtravelandmore\/","article_modified_time":"2024-02-12T09:43:01+00:00","og_image":[{"width":1280,"height":960,"url":"https:\/\/tourtravelandmore.com\/wp-content\/uploads\/2020\/04\/suzdal-2262448_1280.jpg","type":"image\/jpeg"}],"twitter_card":"summary_large_image","twitter_site":"@TourTravel_More","twitter_misc":{"Tiempo de lectura":"3 minutos"},"schema":{"@context":"https:\/\/schema.org","@graph":[{"@type":"WebPage","@id":"https:\/\/tourtravelandmore.com\/es\/tours\/rusia-es\/moscu-es\/moscu-tours-privados\/tour-privado-a-vladimir-y-suzdal\/","url":"https:\/\/tourtravelandmore.com\/es\/tours\/rusia-es\/moscu-es\/moscu-tours-privados\/tour-privado-a-vladimir-y-suzdal\/","name":"\u27a1\ufe0f Tour Privado a Vladimir y S\u00fazdal desde Mosc\u00fa con gu\u00eda oficial y chofer | Tour Travel & More","isPartOf":{"@id":"https:\/\/tourtravelandmore.com\/es\/#website"},"primaryImageOfPage":{"@id":"https:\/\/tourtravelandmore.com\/es\/tours\/rusia-es\/moscu-es\/moscu-tours-privados\/tour-privado-a-vladimir-y-suzdal\/#primaryimage"},"image":{"@id":"https:\/\/tourtravelandmore.com\/es\/tours\/rusia-es\/moscu-es\/moscu-tours-privados\/tour-privado-a-vladimir-y-suzdal\/#primaryimage"},"thumbnailUrl":"https:\/\/tourtravelandmore.com\/wp-content\/uploads\/2020\/04\/suzdal-2262448_1280.jpg","datePublished":"2020-04-06T11:21:47+00:00","dateModified":"2024-02-12T09:43:01+00:00","description":"Acomp\u00e1\u00f1enos en este Tour Privado a Vladimir y S\u00fazdal. Ambas ciudades albergan sitios declarados Patrimonio de la Humanidad por la UNESCO \u2705","breadcrumb":{"@id":"https:\/\/tourtravelandmore.com\/es\/tours\/rusia-es\/moscu-es\/moscu-tours-privados\/tour-privado-a-vladimir-y-suzdal\/#breadcrumb"},"inLanguage":"es","potentialAction":[{"@type":"ReadAction","target":["https:\/\/tourtravelandmore.com\/es\/tours\/rusia-es\/moscu-es\/moscu-tours-privados\/tour-privado-a-vladimir-y-suzdal\/"]}]},{"@type":"ImageObject","inLanguage":"es","@id":"https:\/\/tourtravelandmore.com\/es\/tours\/rusia-es\/moscu-es\/moscu-tours-privados\/tour-privado-a-vladimir-y-suzdal\/#primaryimage","url":"https:\/\/tourtravelandmore.com\/wp-content\/uploads\/2020\/04\/suzdal-2262448_1280.jpg","contentUrl":"https:\/\/tourtravelandmore.com\/wp-content\/uploads\/2020\/04\/suzdal-2262448_1280.jpg","width":1280,"height":960},{"@type":"BreadcrumbList","@id":"https:\/\/tourtravelandmore.com\/es\/tours\/rusia-es\/moscu-es\/moscu-tours-privados\/tour-privado-a-vladimir-y-suzdal\/#breadcrumb","itemListElement":[{"@type":"ListItem","position":1,"name":"Home","item":"https:\/\/tourtravelandmore.com\/es\/"},{"@type":"ListItem","position":2,"name":"Tours","item":"https:\/\/tourtravelandmore.com\/es\/tours\/"},{"@type":"ListItem","position":3,"name":"Tour Privado a Vladimir y S\u00fazdal"}]},{"@type":"WebSite","@id":"https:\/\/tourtravelandmore.com\/es\/#website","url":"https:\/\/tourtravelandmore.com\/es\/","name":"Tour Travel And More","description":"Private sightseeing tours and luxury transfers in Spain","publisher":{"@id":"https:\/\/tourtravelandmore.com\/es\/#organization"},"potentialAction":[{"@type":"SearchAction","target":{"@type":"EntryPoint","urlTemplate":"https:\/\/tourtravelandmore.com\/es\/?s={search_term_string}"},"query-input":{"@type":"PropertyValueSpecification","valueRequired":true,"valueName":"search_term_string"}}],"inLanguage":"es"},{"@type":"Organization","@id":"https:\/\/tourtravelandmore.com\/es\/#organization","name":"Tour Travel And More","url":"https:\/\/tourtravelandmore.com\/es\/","logo":{"@type":"ImageObject","inLanguage":"es","@id":"https:\/\/tourtravelandmore.com\/es\/#\/schema\/logo\/image\/","url":"https:\/\/tourtravelandmore.com\/wp-content\/uploads\/2022\/12\/cropped-logo-cabecera-new.png","contentUrl":"https:\/\/tourtravelandmore.com\/wp-content\/uploads\/2022\/12\/cropped-logo-cabecera-new.png","width":430,"height":61,"caption":"Tour Travel And More"},"image":{"@id":"https:\/\/tourtravelandmore.com\/es\/#\/schema\/logo\/image\/"},"sameAs":["https:\/\/www.facebook.com\/tourtravelandmore\/","https:\/\/x.com\/TourTravel_More"]}]}},"_links":{"self":[{"href":"https:\/\/tourtravelandmore.com\/es\/wp-json\/wp\/v2\/product\/79322","targetHints":{"allow":["GET"]}}],"collection":[{"href":"https:\/\/tourtravelandmore.com\/es\/wp-json\/wp\/v2\/product"}],"about":[{"href":"https:\/\/tourtravelandmore.com\/es\/wp-json\/wp\/v2\/types\/product"}],"replies":[{"embeddable":true,"href":"https:\/\/tourtravelandmore.com\/es\/wp-json\/wp\/v2\/comments?post=79322"}],"wp:featuredmedia":[{"embeddable":true,"href":"https:\/\/tourtravelandmore.com\/es\/wp-json\/wp\/v2\/media\/79336"}],"wp:attachment":[{"href":"https:\/\/tourtravelandmore.com\/es\/wp-json\/wp\/v2\/media?parent=79322"}],"wp:term":[{"taxonomy":"product_brand","embeddable":true,"href":"https:\/\/tourtravelandmore.com\/es\/wp-json\/wp\/v2\/product_brand?post=79322"},{"taxonomy":"product_cat","embeddable":true,"href":"https:\/\/tourtravelandmore.com\/es\/wp-json\/wp\/v2\/product_cat?post=79322"},{"taxonomy":"product_tag","embeddable":true,"href":"https:\/\/tourtravelandmore.com\/es\/wp-json\/wp\/v2\/product_tag?post=79322"}],"curies":[{"name":"wp","href":"https:\/\/api.w.org\/{rel}","templated":true}]}}