{"id":79275,"date":"2020-04-06T11:19:42","date_gmt":"2020-04-06T09:19:43","guid":{"rendered":"https:\/\/tourtravelandmore.com\/?post_type=product&#038;p=79275"},"modified":"2024-02-12T10:49:40","modified_gmt":"2024-02-12T09:49:40","slug":"tour-privado-a-sergiev-posad","status":"publish","type":"product","link":"https:\/\/tourtravelandmore.com\/es\/tours\/rusia-es\/moscu-es\/moscu-tours-privados\/tour-privado-a-sergiev-posad\/","title":{"rendered":"Tour Privado a Sergiev Posad desde Mosc\u00fa"},"content":{"rendered":"<h2 id=\"tw-target-text\" class=\"tw-data-text tw-text-large XcVN5d tw-ta\" dir=\"ltr\" data-placeholder=\"Traducci\u00f3n\"><span lang=\"es\">Descripci\u00f3n del Tour Privado a Vladimir y S\u00fazdal<\/span><\/h2>\n<p>Ven con nosotros y disfruta de este tour privado de d\u00eda completo desde Mosc\u00fa. <span class=\"JLqJ4b ChMk0b\" data-language-for-alternatives=\"es\" data-language-to-translate-into=\"en\" data-phrase-index=\"1\">Descubra Sergiev Posad, declarado Patrimonio de la Humanidad por la UNESCO. Nuestro <strong>Tour Privado a Sergiev Posad<\/strong> es una experiencia \u00fanica para ti. <\/span><\/p>\n<p><span class=\"JLqJ4b ChMk0b\" data-language-for-alternatives=\"es\" data-language-to-translate-into=\"en\" data-phrase-index=\"1\"><span class=\"JLqJ4b\" data-language-for-alternatives=\"es\" data-language-to-translate-into=\"en\" data-phrase-index=\"3\">Aproveche esta oportunidad para descubrir Sergiev Posad. Un centro espiritual de fama mundial por la Iglesia Ortodoxa Rusa y un lugar popular de peregrinaci\u00f3n y turismo. Tenga su propio gu\u00eda tur\u00edstico oficial privado y veh\u00edculo ya su disposici\u00f3n durante todo el d\u00eda. <\/span><\/span><\/p>\n<p><span class=\"JLqJ4b ChMk0b\" data-language-for-alternatives=\"es\" data-language-to-translate-into=\"en\" data-phrase-index=\"1\"><span class=\"JLqJ4b\" data-language-for-alternatives=\"es\" data-language-to-translate-into=\"en\" data-phrase-index=\"3\">Para este tour privado, espere una c\u00f3moda recogida en su hotel o lugar de elecci\u00f3n en Mosc\u00fa. Su Tour Privado a Sergiev Posad lo llevar\u00e1 a recorrer uno de los lugares m\u00e1s impresionantes de Rusia.<\/span><\/span><\/p>\n<h2>Puntos emblem\u00e1ticos y de inter\u00e9s en el Tour Privado a Vladimir y S\u00fazdal<\/h2>\n<p>Durante su tour privado de d\u00eda completo, visitar\u00e1 uno de los sitios m\u00e1s famosos fuera de Mosc\u00fa. <span class=\"JLqJ4b ChMk0b\" data-language-for-alternatives=\"es\" data-language-to-translate-into=\"en\" data-phrase-index=\"1\">Este es <strong>Sergiev Posad<\/strong>. Ubicado a solo 70 km de la capital de Rusia y dentro del famoso Anillo de Oro. Sergiev Posad alberga un sitio declarado Patrimonio de la Humanidad por la UNESCO: el conjunto arquitect\u00f3nico de la <strong>Trinidad Sergius Lavra<\/strong>.<\/span><\/p>\n<p><span class=\"JLqJ4b ChMk0b\" data-language-for-alternatives=\"es\" data-language-to-translate-into=\"en\" data-phrase-index=\"1\"><span class=\"JLqJ4b\" data-language-for-alternatives=\"es\" data-language-to-translate-into=\"en\" data-phrase-index=\"4\"> En primer lugar, nuestro conductor y gu\u00eda lo recoger\u00e1n a la hora deseada en su hotel o lugar de elecci\u00f3n en la ciudad y comenzar\u00e1n su recorrido privado. Su gu\u00eda tur\u00edstico privado le informar\u00e1 sobre la historia, el patrimonio y las tradiciones de este famoso lugar de peregrinaje, mientras est\u00e1 c\u00f3modamente sentado en su veh\u00edculo privado. <\/span><\/span><\/p>\n<p><span class=\"JLqJ4b ChMk0b\" data-language-for-alternatives=\"es\" data-language-to-translate-into=\"en\" data-phrase-index=\"1\"><span class=\"JLqJ4b\" data-language-for-alternatives=\"es\" data-language-to-translate-into=\"en\" data-phrase-index=\"4\">Solo 10 minutos antes de llegar a Sergiev Posad, tendr\u00e1 una maravillosa vista panor\u00e1mica de todo el conjunto arquitect\u00f3nico de Trinity Lavra. Desde donde podr\u00e1s tomar unas maravillosas fotograf\u00edas del mismo.<\/span><\/span><\/p>\n<h3>Conozcamos Sergiev Posad&#8230;<\/h3>\n<p>Una vez en Sergiev Posad conocer\u00e1 toda su arquitectura. Es un conjunto \u00fanico de m\u00e1s de 50 edificaciones y se establecieron construcciones de diferentes fechas. Todo el conjunto se construy\u00f3 seg\u00fan el concepto arquitect\u00f3nico de la iglesia principal, la <a href=\"http:\/\/www.stsl.ru\/about_lavra\/all\/troitskiy-sobor\/\">Catedral de la Trinidad<\/a> (1422).<\/p>\n<p>Durante su visita podr\u00e1 visitar la Catedral de la Trinidad, las reliquias de San Sergio y la Capilla sobre el pozo. Se trata de una vertiginosa estructura tallada con flores, enredaderas y arabescos azules. Est\u00e1 construida sobre un manantial descubierto en 1644. Adem\u00e1s, podr\u00e1 observar la <strong>Catedral de la Asunci\u00f3n<\/strong>. Haci\u00e9ndose eco de la Catedral de la Asunci\u00f3n en el Kremlin de Mosc\u00fa, fue erigida entre 1559 y 1585.<\/p>\n<p>Los frescos de la Catedral de la Asunci\u00f3n se pintaron en 1684. En la esquina noroeste de la Catedral, en el sitio del p\u00f3rtico occidental, en 1780 se construy\u00f3 una b\u00f3veda que conten\u00eda los entierros del zar Boris Godunov y su familia.<\/p>\n<p>Durante este tour de d\u00eda completo, organizaremos algo de tiempo libre para comer algo.<\/p>\n<p>Por \u00faltimo, haga que nuestro equipo privado lo lleve de regreso a su hotel o lugar de elecci\u00f3n en Mosc\u00fa.<\/p>\n<p>\u00a1Vea todos los tours privados y personalizados que Tour Travel &amp; More ofrece en Mosc\u00fa <a href=\"https:\/\/tourtravelandmore.com\/es\/ciudad\/rusia-es\/moscu-es\/\">aqu\u00ed<\/a>!<\/p>\n","protected":false},"excerpt":{"rendered":"<p>Visita con nosotros este sitio hist\u00f3rico, declarado por la UNESCO como Patrimonio de la Humanidad, y descubre uno de los sitios m\u00e1s emblem\u00e1ticos de Rusia durante tu Tour Privado a Sergiev Posad desde Mosc\u00fa.<\/p>\n<p>&nbsp;<\/p>\n","protected":false},"featured_media":79295,"comment_status":"open","ping_status":"closed","template":"","meta":{"_acf_changed":false},"product_brand":[],"product_cat":[2174,2175,2178,2173],"product_tag":[],"class_list":{"0":"post-79275","1":"product","2":"type-product","3":"status-publish","4":"has-post-thumbnail","6":"product_cat-rusia-es","7":"product_cat-moscu-es","8":"product_cat-moscu-actividades-es","9":"product_cat-moscu-tours-privados","11":"first","12":"instock","13":"shipping-taxable","14":"purchasable","15":"product-type-simple"},"acf":[],"yoast_head":"<!-- This site is optimized with the Yoast SEO Premium plugin v25.3.1 (Yoast SEO v25.3.1) - https:\/\/yoast.com\/wordpress\/plugins\/seo\/ -->\n<title>\u27a1\ufe0f Tour Privado a Sergiev Posad desde Mosc\u00fa con gu\u00eda oficial y chofer | Tour Travel &amp; More<\/title>\n<meta name=\"description\" content=\"Avent\u00farese en este Tour Privado a Sergiev Posad desde Mosc\u00fa y aproveche a conocer un lugar \u00fanico considerado Patrimonio de la Humanidad \u2705\" \/>\n<meta name=\"robots\" content=\"index, follow, max-snippet:-1, max-image-preview:large, max-video-preview:-1\" \/>\n<link rel=\"canonical\" href=\"https:\/\/tourtravelandmore.com\/es\/tours\/rusia-es\/moscu-es\/moscu-tours-privados\/tour-privado-a-sergiev-posad\/\" \/>\n<meta property=\"og:locale\" content=\"es_ES\" \/>\n<meta property=\"og:type\" content=\"article\" \/>\n<meta property=\"og:title\" content=\"Tour Privado a Sergiev Posad desde Mosc\u00fa\" \/>\n<meta property=\"og:description\" content=\"Avent\u00farese en este Tour Privado a Sergiev Posad desde Mosc\u00fa y aproveche a conocer un lugar \u00fanico considerado Patrimonio de la Humanidad \u2705\" \/>\n<meta property=\"og:url\" content=\"https:\/\/tourtravelandmore.com\/es\/tours\/rusia-es\/moscu-es\/moscu-tours-privados\/tour-privado-a-sergiev-posad\/\" \/>\n<meta property=\"og:site_name\" content=\"Tour Travel And More\" \/>\n<meta property=\"article:publisher\" content=\"https:\/\/www.facebook.com\/tourtravelandmore\/\" \/>\n<meta property=\"article:modified_time\" content=\"2024-02-12T09:49:40+00:00\" \/>\n<meta property=\"og:image\" content=\"https:\/\/tourtravelandmore.com\/wp-content\/uploads\/2020\/04\/Trinity_Lavra_06-2015_img4_Assumption_Cathedral_and_water_well-1-1024x1024.jpg\" \/>\n\t<meta property=\"og:image:width\" content=\"1024\" \/>\n\t<meta property=\"og:image:height\" content=\"1024\" \/>\n\t<meta property=\"og:image:type\" content=\"image\/jpeg\" \/>\n<meta name=\"twitter:card\" content=\"summary_large_image\" \/>\n<meta name=\"twitter:site\" content=\"@TourTravel_More\" \/>\n<meta name=\"twitter:label1\" content=\"Tiempo de lectura\" \/>\n\t<meta name=\"twitter:data1\" content=\"3 minutos\" \/>\n<script type=\"application\/ld+json\" class=\"yoast-schema-graph\">{\"@context\":\"https:\/\/schema.org\",\"@graph\":[{\"@type\":\"WebPage\",\"@id\":\"https:\/\/tourtravelandmore.com\/es\/tours\/rusia-es\/moscu-es\/moscu-tours-privados\/tour-privado-a-sergiev-posad\/\",\"url\":\"https:\/\/tourtravelandmore.com\/es\/tours\/rusia-es\/moscu-es\/moscu-tours-privados\/tour-privado-a-sergiev-posad\/\",\"name\":\"\u27a1\ufe0f Tour Privado a Sergiev Posad desde Mosc\u00fa con gu\u00eda oficial y chofer | Tour Travel & More\",\"isPartOf\":{\"@id\":\"https:\/\/tourtravelandmore.com\/es\/#website\"},\"primaryImageOfPage\":{\"@id\":\"https:\/\/tourtravelandmore.com\/es\/tours\/rusia-es\/moscu-es\/moscu-tours-privados\/tour-privado-a-sergiev-posad\/#primaryimage\"},\"image\":{\"@id\":\"https:\/\/tourtravelandmore.com\/es\/tours\/rusia-es\/moscu-es\/moscu-tours-privados\/tour-privado-a-sergiev-posad\/#primaryimage\"},\"thumbnailUrl\":\"https:\/\/tourtravelandmore.com\/wp-content\/uploads\/2020\/04\/Trinity_Lavra_06-2015_img4_Assumption_Cathedral_and_water_well-1.jpg\",\"datePublished\":\"2020-04-06T09:19:43+00:00\",\"dateModified\":\"2024-02-12T09:49:40+00:00\",\"description\":\"Avent\u00farese en este Tour Privado a Sergiev Posad desde Mosc\u00fa y aproveche a conocer un lugar \u00fanico considerado Patrimonio de la Humanidad \u2705\",\"breadcrumb\":{\"@id\":\"https:\/\/tourtravelandmore.com\/es\/tours\/rusia-es\/moscu-es\/moscu-tours-privados\/tour-privado-a-sergiev-posad\/#breadcrumb\"},\"inLanguage\":\"es\",\"potentialAction\":[{\"@type\":\"ReadAction\",\"target\":[\"https:\/\/tourtravelandmore.com\/es\/tours\/rusia-es\/moscu-es\/moscu-tours-privados\/tour-privado-a-sergiev-posad\/\"]}]},{\"@type\":\"ImageObject\",\"inLanguage\":\"es\",\"@id\":\"https:\/\/tourtravelandmore.com\/es\/tours\/rusia-es\/moscu-es\/moscu-tours-privados\/tour-privado-a-sergiev-posad\/#primaryimage\",\"url\":\"https:\/\/tourtravelandmore.com\/wp-content\/uploads\/2020\/04\/Trinity_Lavra_06-2015_img4_Assumption_Cathedral_and_water_well-1.jpg\",\"contentUrl\":\"https:\/\/tourtravelandmore.com\/wp-content\/uploads\/2020\/04\/Trinity_Lavra_06-2015_img4_Assumption_Cathedral_and_water_well-1.jpg\",\"width\":2560,\"height\":2560},{\"@type\":\"BreadcrumbList\",\"@id\":\"https:\/\/tourtravelandmore.com\/es\/tours\/rusia-es\/moscu-es\/moscu-tours-privados\/tour-privado-a-sergiev-posad\/#breadcrumb\",\"itemListElement\":[{\"@type\":\"ListItem\",\"position\":1,\"name\":\"Home\",\"item\":\"https:\/\/tourtravelandmore.com\/es\/\"},{\"@type\":\"ListItem\",\"position\":2,\"name\":\"Tours\",\"item\":\"https:\/\/tourtravelandmore.com\/es\/tours\/\"},{\"@type\":\"ListItem\",\"position\":3,\"name\":\"Tour Privado a Sergiev Posad desde Mosc\u00fa\"}]},{\"@type\":\"WebSite\",\"@id\":\"https:\/\/tourtravelandmore.com\/es\/#website\",\"url\":\"https:\/\/tourtravelandmore.com\/es\/\",\"name\":\"Tour Travel And More\",\"description\":\"Private sightseeing tours and luxury transfers in Spain\",\"publisher\":{\"@id\":\"https:\/\/tourtravelandmore.com\/es\/#organization\"},\"potentialAction\":[{\"@type\":\"SearchAction\",\"target\":{\"@type\":\"EntryPoint\",\"urlTemplate\":\"https:\/\/tourtravelandmore.com\/es\/?s={search_term_string}\"},\"query-input\":{\"@type\":\"PropertyValueSpecification\",\"valueRequired\":true,\"valueName\":\"search_term_string\"}}],\"inLanguage\":\"es\"},{\"@type\":\"Organization\",\"@id\":\"https:\/\/tourtravelandmore.com\/es\/#organization\",\"name\":\"Tour Travel And More\",\"url\":\"https:\/\/tourtravelandmore.com\/es\/\",\"logo\":{\"@type\":\"ImageObject\",\"inLanguage\":\"es\",\"@id\":\"https:\/\/tourtravelandmore.com\/es\/#\/schema\/logo\/image\/\",\"url\":\"https:\/\/tourtravelandmore.com\/wp-content\/uploads\/2022\/12\/cropped-logo-cabecera-new.png\",\"contentUrl\":\"https:\/\/tourtravelandmore.com\/wp-content\/uploads\/2022\/12\/cropped-logo-cabecera-new.png\",\"width\":430,\"height\":61,\"caption\":\"Tour Travel And More\"},\"image\":{\"@id\":\"https:\/\/tourtravelandmore.com\/es\/#\/schema\/logo\/image\/\"},\"sameAs\":[\"https:\/\/www.facebook.com\/tourtravelandmore\/\",\"https:\/\/x.com\/TourTravel_More\"]}]}<\/script>\n<!-- \/ Yoast SEO Premium plugin. -->","yoast_head_json":{"title":"\u27a1\ufe0f Tour Privado a Sergiev Posad desde Mosc\u00fa con gu\u00eda oficial y chofer | Tour Travel & More","description":"Avent\u00farese en este Tour Privado a Sergiev Posad desde Mosc\u00fa y aproveche a conocer un lugar \u00fanico considerado Patrimonio de la Humanidad \u2705","robots":{"index":"index","follow":"follow","max-snippet":"max-snippet:-1","max-image-preview":"max-image-preview:large","max-video-preview":"max-video-preview:-1"},"canonical":"https:\/\/tourtravelandmore.com\/es\/tours\/rusia-es\/moscu-es\/moscu-tours-privados\/tour-privado-a-sergiev-posad\/","og_locale":"es_ES","og_type":"article","og_title":"Tour Privado a Sergiev Posad desde Mosc\u00fa","og_description":"Avent\u00farese en este Tour Privado a Sergiev Posad desde Mosc\u00fa y aproveche a conocer un lugar \u00fanico considerado Patrimonio de la Humanidad \u2705","og_url":"https:\/\/tourtravelandmore.com\/es\/tours\/rusia-es\/moscu-es\/moscu-tours-privados\/tour-privado-a-sergiev-posad\/","og_site_name":"Tour Travel And More","article_publisher":"https:\/\/www.facebook.com\/tourtravelandmore\/","article_modified_time":"2024-02-12T09:49:40+00:00","og_image":[{"width":1024,"height":1024,"url":"https:\/\/tourtravelandmore.com\/wp-content\/uploads\/2020\/04\/Trinity_Lavra_06-2015_img4_Assumption_Cathedral_and_water_well-1-1024x1024.jpg","type":"image\/jpeg"}],"twitter_card":"summary_large_image","twitter_site":"@TourTravel_More","twitter_misc":{"Tiempo de lectura":"3 minutos"},"schema":{"@context":"https:\/\/schema.org","@graph":[{"@type":"WebPage","@id":"https:\/\/tourtravelandmore.com\/es\/tours\/rusia-es\/moscu-es\/moscu-tours-privados\/tour-privado-a-sergiev-posad\/","url":"https:\/\/tourtravelandmore.com\/es\/tours\/rusia-es\/moscu-es\/moscu-tours-privados\/tour-privado-a-sergiev-posad\/","name":"\u27a1\ufe0f Tour Privado a Sergiev Posad desde Mosc\u00fa con gu\u00eda oficial y chofer | Tour Travel & More","isPartOf":{"@id":"https:\/\/tourtravelandmore.com\/es\/#website"},"primaryImageOfPage":{"@id":"https:\/\/tourtravelandmore.com\/es\/tours\/rusia-es\/moscu-es\/moscu-tours-privados\/tour-privado-a-sergiev-posad\/#primaryimage"},"image":{"@id":"https:\/\/tourtravelandmore.com\/es\/tours\/rusia-es\/moscu-es\/moscu-tours-privados\/tour-privado-a-sergiev-posad\/#primaryimage"},"thumbnailUrl":"https:\/\/tourtravelandmore.com\/wp-content\/uploads\/2020\/04\/Trinity_Lavra_06-2015_img4_Assumption_Cathedral_and_water_well-1.jpg","datePublished":"2020-04-06T09:19:43+00:00","dateModified":"2024-02-12T09:49:40+00:00","description":"Avent\u00farese en este Tour Privado a Sergiev Posad desde Mosc\u00fa y aproveche a conocer un lugar \u00fanico considerado Patrimonio de la Humanidad \u2705","breadcrumb":{"@id":"https:\/\/tourtravelandmore.com\/es\/tours\/rusia-es\/moscu-es\/moscu-tours-privados\/tour-privado-a-sergiev-posad\/#breadcrumb"},"inLanguage":"es","potentialAction":[{"@type":"ReadAction","target":["https:\/\/tourtravelandmore.com\/es\/tours\/rusia-es\/moscu-es\/moscu-tours-privados\/tour-privado-a-sergiev-posad\/"]}]},{"@type":"ImageObject","inLanguage":"es","@id":"https:\/\/tourtravelandmore.com\/es\/tours\/rusia-es\/moscu-es\/moscu-tours-privados\/tour-privado-a-sergiev-posad\/#primaryimage","url":"https:\/\/tourtravelandmore.com\/wp-content\/uploads\/2020\/04\/Trinity_Lavra_06-2015_img4_Assumption_Cathedral_and_water_well-1.jpg","contentUrl":"https:\/\/tourtravelandmore.com\/wp-content\/uploads\/2020\/04\/Trinity_Lavra_06-2015_img4_Assumption_Cathedral_and_water_well-1.jpg","width":2560,"height":2560},{"@type":"BreadcrumbList","@id":"https:\/\/tourtravelandmore.com\/es\/tours\/rusia-es\/moscu-es\/moscu-tours-privados\/tour-privado-a-sergiev-posad\/#breadcrumb","itemListElement":[{"@type":"ListItem","position":1,"name":"Home","item":"https:\/\/tourtravelandmore.com\/es\/"},{"@type":"ListItem","position":2,"name":"Tours","item":"https:\/\/tourtravelandmore.com\/es\/tours\/"},{"@type":"ListItem","position":3,"name":"Tour Privado a Sergiev Posad desde Mosc\u00fa"}]},{"@type":"WebSite","@id":"https:\/\/tourtravelandmore.com\/es\/#website","url":"https:\/\/tourtravelandmore.com\/es\/","name":"Tour Travel And More","description":"Private sightseeing tours and luxury transfers in Spain","publisher":{"@id":"https:\/\/tourtravelandmore.com\/es\/#organization"},"potentialAction":[{"@type":"SearchAction","target":{"@type":"EntryPoint","urlTemplate":"https:\/\/tourtravelandmore.com\/es\/?s={search_term_string}"},"query-input":{"@type":"PropertyValueSpecification","valueRequired":true,"valueName":"search_term_string"}}],"inLanguage":"es"},{"@type":"Organization","@id":"https:\/\/tourtravelandmore.com\/es\/#organization","name":"Tour Travel And More","url":"https:\/\/tourtravelandmore.com\/es\/","logo":{"@type":"ImageObject","inLanguage":"es","@id":"https:\/\/tourtravelandmore.com\/es\/#\/schema\/logo\/image\/","url":"https:\/\/tourtravelandmore.com\/wp-content\/uploads\/2022\/12\/cropped-logo-cabecera-new.png","contentUrl":"https:\/\/tourtravelandmore.com\/wp-content\/uploads\/2022\/12\/cropped-logo-cabecera-new.png","width":430,"height":61,"caption":"Tour Travel And More"},"image":{"@id":"https:\/\/tourtravelandmore.com\/es\/#\/schema\/logo\/image\/"},"sameAs":["https:\/\/www.facebook.com\/tourtravelandmore\/","https:\/\/x.com\/TourTravel_More"]}]}},"_links":{"self":[{"href":"https:\/\/tourtravelandmore.com\/es\/wp-json\/wp\/v2\/product\/79275","targetHints":{"allow":["GET"]}}],"collection":[{"href":"https:\/\/tourtravelandmore.com\/es\/wp-json\/wp\/v2\/product"}],"about":[{"href":"https:\/\/tourtravelandmore.com\/es\/wp-json\/wp\/v2\/types\/product"}],"replies":[{"embeddable":true,"href":"https:\/\/tourtravelandmore.com\/es\/wp-json\/wp\/v2\/comments?post=79275"}],"wp:featuredmedia":[{"embeddable":true,"href":"https:\/\/tourtravelandmore.com\/es\/wp-json\/wp\/v2\/media\/79295"}],"wp:attachment":[{"href":"https:\/\/tourtravelandmore.com\/es\/wp-json\/wp\/v2\/media?parent=79275"}],"wp:term":[{"taxonomy":"product_brand","embeddable":true,"href":"https:\/\/tourtravelandmore.com\/es\/wp-json\/wp\/v2\/product_brand?post=79275"},{"taxonomy":"product_cat","embeddable":true,"href":"https:\/\/tourtravelandmore.com\/es\/wp-json\/wp\/v2\/product_cat?post=79275"},{"taxonomy":"product_tag","embeddable":true,"href":"https:\/\/tourtravelandmore.com\/es\/wp-json\/wp\/v2\/product_tag?post=79275"}],"curies":[{"name":"wp","href":"https:\/\/api.w.org\/{rel}","templated":true}]}}