{"id":79259,"date":"2020-04-03T13:32:26","date_gmt":"2020-04-03T11:32:27","guid":{"rendered":"https:\/\/tourtravelandmore.com\/?post_type=product&#038;p=79259"},"modified":"2021-06-28T10:21:05","modified_gmt":"2021-06-28T08:21:05","slug":"tour-a-pie-san-francisco","status":"publish","type":"product","link":"https:\/\/tourtravelandmore.com\/es\/tours\/eeuu-es\/san-francisco-es\/san-francisco-a-pie-es\/tour-a-pie-san-francisco\/","title":{"rendered":"Tour privado a pie de San Francisco"},"content":{"rendered":"<h2><strong>Descripci\u00f3n del Tour Privado a Pie de San Francisco<\/strong><\/h2>\n<p class=\"p1\">Descubra una de las ciudades con m\u00e1s diversidad de Estados Unido junto a un gu\u00eda local experto. Disfruta de un tour privado a pie de San Francisco y conoce la historia y secretos de la ciudad.<\/p>\n<p class=\"p1\"><span class=\"s1\">Su gu\u00eda privado le estar\u00e1 esperando en un punto c\u00e9ntrico designado, o bien le recoger\u00e1 en su hotel c\u00e9ntrico. A continuaci\u00f3n dar\u00e1 comienzo a su recorrido personalizado de la ciudad.<\/span><\/p>\n<p class=\"p1\"><span class=\"s1\">Todo nuestro equipo en <strong>Tour Travel &amp; More<\/strong> est\u00e1 a su disposici\u00f3n para que su experiencia sea \u00fanica. Cont\u00e1ctenos y le ayudaremos a coordinar un <b>recorrido privado<\/b> a medida para que disfrute junto a su<b> gu\u00eda privado<\/b>.<\/span><\/p>\n<p class=\"p1\"><span class=\"s1\">Disfrutar\u00e1 de visitar excelentes \u00e1reas como la <b>Catedral de Santa Mar\u00eda, las Damas pintadas, Union Street<\/b> y mucho m\u00e1s.\u00a0<\/span><\/p>\n<h2><strong>Descripci\u00f3n del Tour Privado a Pie<\/strong><\/h2>\n<p class=\"p1\">Los motivos por los que visitar San Francisco son interminables. Esta maravillosa ciudad ofrece el mejor nivel art\u00edstico, cultural, culinario y de entretenimiento. Disfrute de poder descubrir la ciudad junto a un local experto durante nuestro tour privado a pie de San Francisco.<\/p>\n<p class=\"p1\"><strong><span class=\"s1\">Entre otros, durante su recorrido privado a pie podr\u00e1 disfrutar de:<\/span><\/strong><\/p>\n<ul>\n<li class=\"p1\"><strong><em><a href=\"https:\/\/fishermanswharf.org\/\">Fisherman&#8217;s Wharf<\/a>: Uno de los barrios frente al mar m\u00e1s famoso de la ciudad<\/em><\/strong><\/li>\n<li class=\"p1\"><strong><span class=\"s1\">Catedral de Santa Mar\u00eda<\/span><\/strong><\/li>\n<li class=\"p1\"><strong><span class=\"s1\">Parque Lafayette<\/span><\/strong><\/li>\n<li class=\"p1\"><strong><span class=\"s1\">Damas pintadas: Estas casas de estilo victoriano fueron construidas entre 1892 y 1896. Estan ubicadas frente al Alamo Square Park.<\/span><\/strong><\/li>\n<li class=\"p1\"><strong><span class=\"s1\">Alturas del Pac\u00edfico<\/span><\/strong><\/li>\n<li class=\"p1\"><strong><span class=\"s1\">Hueco de vaca<\/span><\/strong><\/li>\n<li class=\"p1\"><strong><span class=\"s1\">Union Street: Ubicada en el coraz\u00f3n de la ciudad. Es el centro comercial m\u00e1s importante de la ciudad<\/span><\/strong><\/li>\n<li><strong>Barrio chino: Uno de los barrios m\u00e1s poblados de la ciudad. Explora sus calles, restaurantes, mercados y m\u00e1s!<\/strong><\/li>\n<\/ul>\n<p class=\"p1\"><span class=\"s1\"><b>San Francisco<\/b> es una gran ciudad y este es un breve ejemplo de lo que puede disfrutar durante el recorrido a pie. Cont\u00e1ctenos y nuestro equipo de expertos le ayudar\u00e1 a coordinar una experiencia a medida.<\/span><\/p>\n<p>En caso de que lo desee podemos coordinar tambi\u00e9n la disposici\u00f3n de un veh\u00edculo privado para su tour.<\/p>\n","protected":false},"excerpt":{"rendered":"<p>Descubre la ciudad junto a un gu\u00eda local experto. Personaliza tu propia experiencia. \u00a1No te pierdas monumentos y lugares de inter\u00e9s como el <strong>Barrio Chino, Little Italy, Damas pintadas y mucho m\u00e1s<\/strong>!<\/p>\n","protected":false},"featured_media":79271,"comment_status":"open","ping_status":"closed","template":"","meta":{"_acf_changed":false},"product_brand":[],"product_cat":[1602,2149,2155,2151],"product_tag":[],"class_list":{"0":"post-79259","1":"product","2":"type-product","3":"status-publish","4":"has-post-thumbnail","6":"product_cat-eeuu-es","7":"product_cat-san-francisco-es","8":"product_cat-san-francisco-actividades-es","9":"product_cat-san-francisco-a-pie-es","11":"first","12":"instock","13":"shipping-taxable","14":"purchasable","15":"product-type-simple"},"acf":[],"yoast_head":"<!-- This site is optimized with the Yoast SEO Premium plugin v25.3.1 (Yoast SEO v25.3.1) - https:\/\/yoast.com\/wordpress\/plugins\/seo\/ -->\n<title>Tour privado a pie de San Francisco con gu\u00eda oficial | Tour Travel &amp; More<\/title>\n<meta name=\"description\" content=\"\u2192 Visite uno de los sitios m\u00e1s emblem\u00e1ticos durante un tour privado a pie de San Francisco. Visita la Catedral de Santa Mar\u00eda y mucho mas \u2705\" \/>\n<meta name=\"robots\" content=\"index, follow, max-snippet:-1, max-image-preview:large, max-video-preview:-1\" \/>\n<link rel=\"canonical\" href=\"https:\/\/tourtravelandmore.com\/es\/tours\/eeuu-es\/san-francisco-es\/san-francisco-a-pie-es\/tour-a-pie-san-francisco\/\" \/>\n<meta property=\"og:locale\" content=\"es_ES\" \/>\n<meta property=\"og:type\" content=\"article\" \/>\n<meta property=\"og:title\" content=\"Tour privado a pie de San Francisco\" \/>\n<meta property=\"og:description\" content=\"\u2192 Visite uno de los sitios m\u00e1s emblem\u00e1ticos durante un tour privado a pie de San Francisco. Visita la Catedral de Santa Mar\u00eda y mucho mas \u2705\" \/>\n<meta property=\"og:url\" content=\"https:\/\/tourtravelandmore.com\/es\/tours\/eeuu-es\/san-francisco-es\/san-francisco-a-pie-es\/tour-a-pie-san-francisco\/\" \/>\n<meta property=\"og:site_name\" content=\"Tour Travel And More\" \/>\n<meta property=\"article:publisher\" content=\"https:\/\/www.facebook.com\/tourtravelandmore\/\" \/>\n<meta property=\"article:modified_time\" content=\"2021-06-28T08:21:05+00:00\" \/>\n<meta property=\"og:image\" content=\"https:\/\/tourtravelandmore.com\/wp-content\/uploads\/2020\/04\/Union-square.jpg\" \/>\n\t<meta property=\"og:image:width\" content=\"1023\" \/>\n\t<meta property=\"og:image:height\" content=\"734\" \/>\n\t<meta property=\"og:image:type\" content=\"image\/jpeg\" \/>\n<meta name=\"twitter:card\" content=\"summary_large_image\" \/>\n<meta name=\"twitter:site\" content=\"@TourTravel_More\" \/>\n<meta name=\"twitter:label1\" content=\"Tiempo de lectura\" \/>\n\t<meta name=\"twitter:data1\" content=\"2 minutos\" \/>\n<script type=\"application\/ld+json\" class=\"yoast-schema-graph\">{\"@context\":\"https:\/\/schema.org\",\"@graph\":[{\"@type\":\"WebPage\",\"@id\":\"https:\/\/tourtravelandmore.com\/es\/tours\/eeuu-es\/san-francisco-es\/san-francisco-a-pie-es\/tour-a-pie-san-francisco\/\",\"url\":\"https:\/\/tourtravelandmore.com\/es\/tours\/eeuu-es\/san-francisco-es\/san-francisco-a-pie-es\/tour-a-pie-san-francisco\/\",\"name\":\"Tour privado a pie de San Francisco con gu\u00eda oficial | Tour Travel & More\",\"isPartOf\":{\"@id\":\"https:\/\/tourtravelandmore.com\/es\/#website\"},\"primaryImageOfPage\":{\"@id\":\"https:\/\/tourtravelandmore.com\/es\/tours\/eeuu-es\/san-francisco-es\/san-francisco-a-pie-es\/tour-a-pie-san-francisco\/#primaryimage\"},\"image\":{\"@id\":\"https:\/\/tourtravelandmore.com\/es\/tours\/eeuu-es\/san-francisco-es\/san-francisco-a-pie-es\/tour-a-pie-san-francisco\/#primaryimage\"},\"thumbnailUrl\":\"https:\/\/tourtravelandmore.com\/wp-content\/uploads\/2020\/04\/Union-square.jpg\",\"datePublished\":\"2020-04-03T11:32:27+00:00\",\"dateModified\":\"2021-06-28T08:21:05+00:00\",\"description\":\"\u2192 Visite uno de los sitios m\u00e1s emblem\u00e1ticos durante un tour privado a pie de San Francisco. Visita la Catedral de Santa Mar\u00eda y mucho mas \u2705\",\"breadcrumb\":{\"@id\":\"https:\/\/tourtravelandmore.com\/es\/tours\/eeuu-es\/san-francisco-es\/san-francisco-a-pie-es\/tour-a-pie-san-francisco\/#breadcrumb\"},\"inLanguage\":\"es\",\"potentialAction\":[{\"@type\":\"ReadAction\",\"target\":[\"https:\/\/tourtravelandmore.com\/es\/tours\/eeuu-es\/san-francisco-es\/san-francisco-a-pie-es\/tour-a-pie-san-francisco\/\"]}]},{\"@type\":\"ImageObject\",\"inLanguage\":\"es\",\"@id\":\"https:\/\/tourtravelandmore.com\/es\/tours\/eeuu-es\/san-francisco-es\/san-francisco-a-pie-es\/tour-a-pie-san-francisco\/#primaryimage\",\"url\":\"https:\/\/tourtravelandmore.com\/wp-content\/uploads\/2020\/04\/Union-square.jpg\",\"contentUrl\":\"https:\/\/tourtravelandmore.com\/wp-content\/uploads\/2020\/04\/Union-square.jpg\",\"width\":1023,\"height\":734},{\"@type\":\"BreadcrumbList\",\"@id\":\"https:\/\/tourtravelandmore.com\/es\/tours\/eeuu-es\/san-francisco-es\/san-francisco-a-pie-es\/tour-a-pie-san-francisco\/#breadcrumb\",\"itemListElement\":[{\"@type\":\"ListItem\",\"position\":1,\"name\":\"Home\",\"item\":\"https:\/\/tourtravelandmore.com\/es\/\"},{\"@type\":\"ListItem\",\"position\":2,\"name\":\"Tours\",\"item\":\"https:\/\/tourtravelandmore.com\/es\/tours\/\"},{\"@type\":\"ListItem\",\"position\":3,\"name\":\"Tour privado a pie de San Francisco\"}]},{\"@type\":\"WebSite\",\"@id\":\"https:\/\/tourtravelandmore.com\/es\/#website\",\"url\":\"https:\/\/tourtravelandmore.com\/es\/\",\"name\":\"Tour Travel And More\",\"description\":\"Private sightseeing tours and luxury transfers in Spain\",\"publisher\":{\"@id\":\"https:\/\/tourtravelandmore.com\/es\/#organization\"},\"potentialAction\":[{\"@type\":\"SearchAction\",\"target\":{\"@type\":\"EntryPoint\",\"urlTemplate\":\"https:\/\/tourtravelandmore.com\/es\/?s={search_term_string}\"},\"query-input\":{\"@type\":\"PropertyValueSpecification\",\"valueRequired\":true,\"valueName\":\"search_term_string\"}}],\"inLanguage\":\"es\"},{\"@type\":\"Organization\",\"@id\":\"https:\/\/tourtravelandmore.com\/es\/#organization\",\"name\":\"Tour Travel And More\",\"url\":\"https:\/\/tourtravelandmore.com\/es\/\",\"logo\":{\"@type\":\"ImageObject\",\"inLanguage\":\"es\",\"@id\":\"https:\/\/tourtravelandmore.com\/es\/#\/schema\/logo\/image\/\",\"url\":\"https:\/\/tourtravelandmore.com\/wp-content\/uploads\/2022\/12\/cropped-logo-cabecera-new.png\",\"contentUrl\":\"https:\/\/tourtravelandmore.com\/wp-content\/uploads\/2022\/12\/cropped-logo-cabecera-new.png\",\"width\":430,\"height\":61,\"caption\":\"Tour Travel And More\"},\"image\":{\"@id\":\"https:\/\/tourtravelandmore.com\/es\/#\/schema\/logo\/image\/\"},\"sameAs\":[\"https:\/\/www.facebook.com\/tourtravelandmore\/\",\"https:\/\/x.com\/TourTravel_More\"]}]}<\/script>\n<!-- \/ Yoast SEO Premium plugin. -->","yoast_head_json":{"title":"Tour privado a pie de San Francisco con gu\u00eda oficial | Tour Travel & More","description":"\u2192 Visite uno de los sitios m\u00e1s emblem\u00e1ticos durante un tour privado a pie de San Francisco. Visita la Catedral de Santa Mar\u00eda y mucho mas \u2705","robots":{"index":"index","follow":"follow","max-snippet":"max-snippet:-1","max-image-preview":"max-image-preview:large","max-video-preview":"max-video-preview:-1"},"canonical":"https:\/\/tourtravelandmore.com\/es\/tours\/eeuu-es\/san-francisco-es\/san-francisco-a-pie-es\/tour-a-pie-san-francisco\/","og_locale":"es_ES","og_type":"article","og_title":"Tour privado a pie de San Francisco","og_description":"\u2192 Visite uno de los sitios m\u00e1s emblem\u00e1ticos durante un tour privado a pie de San Francisco. Visita la Catedral de Santa Mar\u00eda y mucho mas \u2705","og_url":"https:\/\/tourtravelandmore.com\/es\/tours\/eeuu-es\/san-francisco-es\/san-francisco-a-pie-es\/tour-a-pie-san-francisco\/","og_site_name":"Tour Travel And More","article_publisher":"https:\/\/www.facebook.com\/tourtravelandmore\/","article_modified_time":"2021-06-28T08:21:05+00:00","og_image":[{"width":1023,"height":734,"url":"https:\/\/tourtravelandmore.com\/wp-content\/uploads\/2020\/04\/Union-square.jpg","type":"image\/jpeg"}],"twitter_card":"summary_large_image","twitter_site":"@TourTravel_More","twitter_misc":{"Tiempo de lectura":"2 minutos"},"schema":{"@context":"https:\/\/schema.org","@graph":[{"@type":"WebPage","@id":"https:\/\/tourtravelandmore.com\/es\/tours\/eeuu-es\/san-francisco-es\/san-francisco-a-pie-es\/tour-a-pie-san-francisco\/","url":"https:\/\/tourtravelandmore.com\/es\/tours\/eeuu-es\/san-francisco-es\/san-francisco-a-pie-es\/tour-a-pie-san-francisco\/","name":"Tour privado a pie de San Francisco con gu\u00eda oficial | Tour Travel & More","isPartOf":{"@id":"https:\/\/tourtravelandmore.com\/es\/#website"},"primaryImageOfPage":{"@id":"https:\/\/tourtravelandmore.com\/es\/tours\/eeuu-es\/san-francisco-es\/san-francisco-a-pie-es\/tour-a-pie-san-francisco\/#primaryimage"},"image":{"@id":"https:\/\/tourtravelandmore.com\/es\/tours\/eeuu-es\/san-francisco-es\/san-francisco-a-pie-es\/tour-a-pie-san-francisco\/#primaryimage"},"thumbnailUrl":"https:\/\/tourtravelandmore.com\/wp-content\/uploads\/2020\/04\/Union-square.jpg","datePublished":"2020-04-03T11:32:27+00:00","dateModified":"2021-06-28T08:21:05+00:00","description":"\u2192 Visite uno de los sitios m\u00e1s emblem\u00e1ticos durante un tour privado a pie de San Francisco. Visita la Catedral de Santa Mar\u00eda y mucho mas \u2705","breadcrumb":{"@id":"https:\/\/tourtravelandmore.com\/es\/tours\/eeuu-es\/san-francisco-es\/san-francisco-a-pie-es\/tour-a-pie-san-francisco\/#breadcrumb"},"inLanguage":"es","potentialAction":[{"@type":"ReadAction","target":["https:\/\/tourtravelandmore.com\/es\/tours\/eeuu-es\/san-francisco-es\/san-francisco-a-pie-es\/tour-a-pie-san-francisco\/"]}]},{"@type":"ImageObject","inLanguage":"es","@id":"https:\/\/tourtravelandmore.com\/es\/tours\/eeuu-es\/san-francisco-es\/san-francisco-a-pie-es\/tour-a-pie-san-francisco\/#primaryimage","url":"https:\/\/tourtravelandmore.com\/wp-content\/uploads\/2020\/04\/Union-square.jpg","contentUrl":"https:\/\/tourtravelandmore.com\/wp-content\/uploads\/2020\/04\/Union-square.jpg","width":1023,"height":734},{"@type":"BreadcrumbList","@id":"https:\/\/tourtravelandmore.com\/es\/tours\/eeuu-es\/san-francisco-es\/san-francisco-a-pie-es\/tour-a-pie-san-francisco\/#breadcrumb","itemListElement":[{"@type":"ListItem","position":1,"name":"Home","item":"https:\/\/tourtravelandmore.com\/es\/"},{"@type":"ListItem","position":2,"name":"Tours","item":"https:\/\/tourtravelandmore.com\/es\/tours\/"},{"@type":"ListItem","position":3,"name":"Tour privado a pie de San Francisco"}]},{"@type":"WebSite","@id":"https:\/\/tourtravelandmore.com\/es\/#website","url":"https:\/\/tourtravelandmore.com\/es\/","name":"Tour Travel And More","description":"Private sightseeing tours and luxury transfers in Spain","publisher":{"@id":"https:\/\/tourtravelandmore.com\/es\/#organization"},"potentialAction":[{"@type":"SearchAction","target":{"@type":"EntryPoint","urlTemplate":"https:\/\/tourtravelandmore.com\/es\/?s={search_term_string}"},"query-input":{"@type":"PropertyValueSpecification","valueRequired":true,"valueName":"search_term_string"}}],"inLanguage":"es"},{"@type":"Organization","@id":"https:\/\/tourtravelandmore.com\/es\/#organization","name":"Tour Travel And More","url":"https:\/\/tourtravelandmore.com\/es\/","logo":{"@type":"ImageObject","inLanguage":"es","@id":"https:\/\/tourtravelandmore.com\/es\/#\/schema\/logo\/image\/","url":"https:\/\/tourtravelandmore.com\/wp-content\/uploads\/2022\/12\/cropped-logo-cabecera-new.png","contentUrl":"https:\/\/tourtravelandmore.com\/wp-content\/uploads\/2022\/12\/cropped-logo-cabecera-new.png","width":430,"height":61,"caption":"Tour Travel And More"},"image":{"@id":"https:\/\/tourtravelandmore.com\/es\/#\/schema\/logo\/image\/"},"sameAs":["https:\/\/www.facebook.com\/tourtravelandmore\/","https:\/\/x.com\/TourTravel_More"]}]}},"_links":{"self":[{"href":"https:\/\/tourtravelandmore.com\/es\/wp-json\/wp\/v2\/product\/79259","targetHints":{"allow":["GET"]}}],"collection":[{"href":"https:\/\/tourtravelandmore.com\/es\/wp-json\/wp\/v2\/product"}],"about":[{"href":"https:\/\/tourtravelandmore.com\/es\/wp-json\/wp\/v2\/types\/product"}],"replies":[{"embeddable":true,"href":"https:\/\/tourtravelandmore.com\/es\/wp-json\/wp\/v2\/comments?post=79259"}],"wp:featuredmedia":[{"embeddable":true,"href":"https:\/\/tourtravelandmore.com\/es\/wp-json\/wp\/v2\/media\/79271"}],"wp:attachment":[{"href":"https:\/\/tourtravelandmore.com\/es\/wp-json\/wp\/v2\/media?parent=79259"}],"wp:term":[{"taxonomy":"product_brand","embeddable":true,"href":"https:\/\/tourtravelandmore.com\/es\/wp-json\/wp\/v2\/product_brand?post=79259"},{"taxonomy":"product_cat","embeddable":true,"href":"https:\/\/tourtravelandmore.com\/es\/wp-json\/wp\/v2\/product_cat?post=79259"},{"taxonomy":"product_tag","embeddable":true,"href":"https:\/\/tourtravelandmore.com\/es\/wp-json\/wp\/v2\/product_tag?post=79259"}],"curies":[{"name":"wp","href":"https:\/\/api.w.org\/{rel}","templated":true}]}}