{"id":79204,"date":"2020-04-03T12:21:50","date_gmt":"2020-04-03T10:21:50","guid":{"rendered":"https:\/\/tourtravelandmore.com\/?post_type=product&#038;p=79204"},"modified":"2024-11-11T20:42:11","modified_gmt":"2024-11-11T19:42:11","slug":"tour-privado-culinario-de-san-francisco","status":"publish","type":"product","link":"https:\/\/tourtravelandmore.com\/es\/tours\/eeuu-es\/san-francisco-es\/san-francisco-a-pie-es\/tour-privado-culinario-de-san-francisco\/","title":{"rendered":"Tour gastron\u00f3mico de San Francisco"},"content":{"rendered":"<h2><b><strong>Descripci\u00f3n del Tour Culinario Privado de San Francisco<\/strong><\/b><\/h2>\n<p>Descubra el variado patrimonio culinario de San Francisco en este exclusivo recorrido a pie de 4 horas que comienza en la bulliciosa Union Square y le lleva por los ricos sabores y tradiciones de Chinatown y North Beach. Dirigido por un gu\u00eda experto, este viaje inmersivo le acerca a los sabores y las historias emblem\u00e1ticas de la ciudad, con deliciosas degustaciones a lo largo del recorrido.<\/p>\n<p>Nuestro recorrido comienza con un tranquilo paseo hasta Chinatown, el m\u00e1s antiguo de Norteam\u00e9rica y centro neur\u00e1lgico de la cultura y los sabores cantoneses. Aqu\u00ed visitaremos tres c\u00e9lebres paradas, empezando por la famosa f\u00e1brica de galletas de la fortuna Golden Gate, donde podr\u00e1 observar el arte de la fabricaci\u00f3n de galletas de la fortuna y degustar estas ic\u00f3nicas y crujientes golosinas. A continuaci\u00f3n, profundizaremos en los sabores aut\u00e9nticos en Delicious DimSum, donde degustar\u00e1 una selecci\u00f3n de dim sum cl\u00e1sicos: delicadas bolas de arroz al vapor rellenas de sabrosas opciones como cerdo, gambas y hierbas frescas. Por \u00faltimo, nos detendremos en Yummy Bakery and Cafe para degustar delicias dulces, incluidas sus famosas tartas de huevo, una sedosa delicia de natillas que encarna un giro local del postre tradicional chino.<\/p>\n<p>Con nuestras golosinas en la mano, daremos un corto paseo hasta un parque cercano para disfrutar de estos sabores en un ambiente relajado antes de dirigirnos a North Beach, el hist\u00f3rico barrio italiano de San Francisco. Conocido por su vibrante influencia italoamericana, North Beach ofrece dos deliciosas opciones para terminar nuestro recorrido. Podr\u00e1 elegir entre la cl\u00e1sica pizza napolitana en Il Casaro o la pinsa al estilo romano en Piccolo Forno, donde podr\u00e1 disfrutar de uno de los platos italianos m\u00e1s apreciados con un toque \u00fanico.<\/p>\n<p>Esta excursi\u00f3n promete una enriquecedora mezcla de historia, cultura y deliciosa comida, perfecta para quienes deseen explorar San Francisco bocado a bocado.<\/p>\n<h2><b><strong>Puntos de inter\u00e9s culinario y lugares emblem\u00e1ticos de San Francisco<\/strong><\/b><\/h2>\n<p>San Francisco es una ciudad \u00fanica que destaca por su diversidad y apertura. D\u00e9jenos ayudarle a explorar su <b>escena culinaria<\/b> junto a nuestro <b>experto local privado.<\/b><\/p>\n<ul>\n<li><b><strong>Salida de Union Square<\/strong><\/b>: Comience su aventura en la emblem\u00e1tica Union Square y dir\u00edjase a pie para descubrir dos de los barrios m\u00e1s famosos de San Francisco.<\/li>\n<li><b><strong>Paradas culinarias en Chinatown<\/strong><\/b>:\n<ul>\n<li><b><strong>F\u00e1brica de galletas de la fortuna Golden Gate<\/strong><\/b>: Observe c\u00f3mo cobran vida estas ic\u00f3nicas golosinas y deguste galletas de la fortuna reci\u00e9n hechas.<\/li>\n<li><b><strong>Delicioso DimSum<\/strong><\/b>: Pruebe una variedad de dim sum tradicionales, incluidos sabrosos dumplings con rellenos como cerdo, gambas y cilantro.<\/li>\n<li><b><strong>Yummy Bakery and Cafe<\/strong><\/b>: Del\u00e9itese con las delicias dulces, especialmente sus famosas tartas de huevo, un favorito local con un cremoso relleno de natillas.<\/li>\n<\/ul>\n<\/li>\n<li><b><strong>Descanso relajante en el parque<\/strong><\/b>: Disfrute de sus degustaciones de Chinatown en un parque cercano, contemplando las vistas y los sonidos de la zona.<\/li>\n<li><b><strong>Final de degustaci\u00f3n en North Beach<\/strong><\/b>:\n<ul>\n<li><b><strong>Il Casaro<\/strong><\/b>: Saboree la aut\u00e9ntica pizza napolitana, horneada a la perfecci\u00f3n.<\/li>\n<li><b><strong>Piccolo Forno<\/strong><\/b>: Pruebe una pinsa romana \u00fanica, con su corteza ligera y aireada y sus deliciosos ingredientes.<\/li>\n<\/ul>\n<\/li>\n<\/ul>\n<p>Explore y saboree los vibrantes sabores de San Francisco con Tour Travel &amp; More, todo ello guiado por un experto que da vida a la historia y la cultura de la ciudad a trav\u00e9s de la comida.<\/p>\n<p>Tambi\u00e9n exploraremos el vibrante<b> <\/b><a href=\"https:\/\/www.visitcalifornia.com\/experience\/chinatown\/\"><b>Chinatown<\/b><\/a> y su <b>cocina<\/b>. Esta zona de la ciudad parece un trozo de China dentro de San Francisco. Podr\u00e1 encontrar numerosas tiendas chinas, restaurantes y muchos otros sitios. No s\u00f3lo conocer\u00e1 la estupenda comida china, sino tambi\u00e9n sus famosas l\u00e1mparas con luces.<\/p>\n","protected":false},"excerpt":{"rendered":"<p>Disfruta de este <strong>tour privado completamente personalizado de San Francisco y su gastronom\u00eda!<\/strong> Personaliza tu propia experiencia. \u00a1Descubre lugares de inter\u00e9s como el <strong>Barrio Chino, Little Italy, North Beach y mucho m\u00e1s<\/strong>!<\/p>\n","protected":false},"featured_media":79214,"comment_status":"open","ping_status":"closed","template":"","meta":{"_acf_changed":false},"product_brand":[],"product_cat":[1602,2149,2155,2151],"product_tag":[],"class_list":{"0":"post-79204","1":"product","2":"type-product","3":"status-publish","4":"has-post-thumbnail","6":"product_cat-eeuu-es","7":"product_cat-san-francisco-es","8":"product_cat-san-francisco-actividades-es","9":"product_cat-san-francisco-a-pie-es","11":"first","12":"instock","13":"shipping-taxable","14":"purchasable","15":"product-type-simple"},"acf":[],"yoast_head":"<!-- This site is optimized with the Yoast SEO Premium plugin v25.3.1 (Yoast SEO v25.3.1) - https:\/\/yoast.com\/wordpress\/plugins\/seo\/ -->\n<title>Tour gastron\u00f3mico de San Francisco con gu\u00eda oficial | Tour Travel &amp; More<\/title>\n<meta name=\"description\" content=\"\u2192 Visite lo mejor de Chinatown y North Beach, incluyendo Little Italy, durante tour gastron\u00f3mico de San Francisco junto a su gu\u00eda oficial. \u2705\" \/>\n<meta name=\"robots\" content=\"index, follow, max-snippet:-1, max-image-preview:large, max-video-preview:-1\" \/>\n<link rel=\"canonical\" href=\"https:\/\/tourtravelandmore.com\/es\/tours\/eeuu-es\/san-francisco-es\/san-francisco-a-pie-es\/tour-privado-culinario-de-san-francisco\/\" \/>\n<meta property=\"og:locale\" content=\"es_ES\" \/>\n<meta property=\"og:type\" content=\"article\" \/>\n<meta property=\"og:title\" content=\"Tour gastron\u00f3mico de San Francisco\" \/>\n<meta property=\"og:description\" content=\"\u2192 Visite lo mejor de Chinatown y North Beach, incluyendo Little Italy, durante tour gastron\u00f3mico de San Francisco junto a su gu\u00eda oficial. \u2705\" \/>\n<meta property=\"og:url\" content=\"https:\/\/tourtravelandmore.com\/es\/tours\/eeuu-es\/san-francisco-es\/san-francisco-a-pie-es\/tour-privado-culinario-de-san-francisco\/\" \/>\n<meta property=\"og:site_name\" content=\"Tour Travel And More\" \/>\n<meta property=\"article:publisher\" content=\"https:\/\/www.facebook.com\/tourtravelandmore\/\" \/>\n<meta property=\"article:modified_time\" content=\"2024-11-11T19:42:11+00:00\" \/>\n<meta property=\"og:image\" content=\"https:\/\/tourtravelandmore.com\/wp-content\/uploads\/2020\/04\/chinatown.jpg\" \/>\n\t<meta property=\"og:image:width\" content=\"1024\" \/>\n\t<meta property=\"og:image:height\" content=\"768\" \/>\n\t<meta property=\"og:image:type\" content=\"image\/jpeg\" \/>\n<meta name=\"twitter:card\" content=\"summary_large_image\" \/>\n<meta name=\"twitter:site\" content=\"@TourTravel_More\" \/>\n<meta name=\"twitter:label1\" content=\"Tiempo de lectura\" \/>\n\t<meta name=\"twitter:data1\" content=\"3 minutos\" \/>\n<script type=\"application\/ld+json\" class=\"yoast-schema-graph\">{\"@context\":\"https:\/\/schema.org\",\"@graph\":[{\"@type\":\"WebPage\",\"@id\":\"https:\/\/tourtravelandmore.com\/es\/tours\/eeuu-es\/san-francisco-es\/san-francisco-a-pie-es\/tour-privado-culinario-de-san-francisco\/\",\"url\":\"https:\/\/tourtravelandmore.com\/es\/tours\/eeuu-es\/san-francisco-es\/san-francisco-a-pie-es\/tour-privado-culinario-de-san-francisco\/\",\"name\":\"Tour gastron\u00f3mico de San Francisco con gu\u00eda oficial | Tour Travel & More\",\"isPartOf\":{\"@id\":\"https:\/\/tourtravelandmore.com\/es\/#website\"},\"primaryImageOfPage\":{\"@id\":\"https:\/\/tourtravelandmore.com\/es\/tours\/eeuu-es\/san-francisco-es\/san-francisco-a-pie-es\/tour-privado-culinario-de-san-francisco\/#primaryimage\"},\"image\":{\"@id\":\"https:\/\/tourtravelandmore.com\/es\/tours\/eeuu-es\/san-francisco-es\/san-francisco-a-pie-es\/tour-privado-culinario-de-san-francisco\/#primaryimage\"},\"thumbnailUrl\":\"https:\/\/tourtravelandmore.com\/wp-content\/uploads\/2020\/04\/chinatown.jpg\",\"datePublished\":\"2020-04-03T10:21:50+00:00\",\"dateModified\":\"2024-11-11T19:42:11+00:00\",\"description\":\"\u2192 Visite lo mejor de Chinatown y North Beach, incluyendo Little Italy, durante tour gastron\u00f3mico de San Francisco junto a su gu\u00eda oficial. \u2705\",\"breadcrumb\":{\"@id\":\"https:\/\/tourtravelandmore.com\/es\/tours\/eeuu-es\/san-francisco-es\/san-francisco-a-pie-es\/tour-privado-culinario-de-san-francisco\/#breadcrumb\"},\"inLanguage\":\"es\",\"potentialAction\":[{\"@type\":\"ReadAction\",\"target\":[\"https:\/\/tourtravelandmore.com\/es\/tours\/eeuu-es\/san-francisco-es\/san-francisco-a-pie-es\/tour-privado-culinario-de-san-francisco\/\"]}]},{\"@type\":\"ImageObject\",\"inLanguage\":\"es\",\"@id\":\"https:\/\/tourtravelandmore.com\/es\/tours\/eeuu-es\/san-francisco-es\/san-francisco-a-pie-es\/tour-privado-culinario-de-san-francisco\/#primaryimage\",\"url\":\"https:\/\/tourtravelandmore.com\/wp-content\/uploads\/2020\/04\/chinatown.jpg\",\"contentUrl\":\"https:\/\/tourtravelandmore.com\/wp-content\/uploads\/2020\/04\/chinatown.jpg\",\"width\":1024,\"height\":768},{\"@type\":\"BreadcrumbList\",\"@id\":\"https:\/\/tourtravelandmore.com\/es\/tours\/eeuu-es\/san-francisco-es\/san-francisco-a-pie-es\/tour-privado-culinario-de-san-francisco\/#breadcrumb\",\"itemListElement\":[{\"@type\":\"ListItem\",\"position\":1,\"name\":\"Home\",\"item\":\"https:\/\/tourtravelandmore.com\/es\/\"},{\"@type\":\"ListItem\",\"position\":2,\"name\":\"Tours\",\"item\":\"https:\/\/tourtravelandmore.com\/es\/tours\/\"},{\"@type\":\"ListItem\",\"position\":3,\"name\":\"Tour gastron\u00f3mico de San Francisco\"}]},{\"@type\":\"WebSite\",\"@id\":\"https:\/\/tourtravelandmore.com\/es\/#website\",\"url\":\"https:\/\/tourtravelandmore.com\/es\/\",\"name\":\"Tour Travel And More\",\"description\":\"Private sightseeing tours and luxury transfers in Spain\",\"publisher\":{\"@id\":\"https:\/\/tourtravelandmore.com\/es\/#organization\"},\"potentialAction\":[{\"@type\":\"SearchAction\",\"target\":{\"@type\":\"EntryPoint\",\"urlTemplate\":\"https:\/\/tourtravelandmore.com\/es\/?s={search_term_string}\"},\"query-input\":{\"@type\":\"PropertyValueSpecification\",\"valueRequired\":true,\"valueName\":\"search_term_string\"}}],\"inLanguage\":\"es\"},{\"@type\":\"Organization\",\"@id\":\"https:\/\/tourtravelandmore.com\/es\/#organization\",\"name\":\"Tour Travel And More\",\"url\":\"https:\/\/tourtravelandmore.com\/es\/\",\"logo\":{\"@type\":\"ImageObject\",\"inLanguage\":\"es\",\"@id\":\"https:\/\/tourtravelandmore.com\/es\/#\/schema\/logo\/image\/\",\"url\":\"https:\/\/tourtravelandmore.com\/wp-content\/uploads\/2022\/12\/cropped-logo-cabecera-new.png\",\"contentUrl\":\"https:\/\/tourtravelandmore.com\/wp-content\/uploads\/2022\/12\/cropped-logo-cabecera-new.png\",\"width\":430,\"height\":61,\"caption\":\"Tour Travel And More\"},\"image\":{\"@id\":\"https:\/\/tourtravelandmore.com\/es\/#\/schema\/logo\/image\/\"},\"sameAs\":[\"https:\/\/www.facebook.com\/tourtravelandmore\/\",\"https:\/\/x.com\/TourTravel_More\"]}]}<\/script>\n<!-- \/ Yoast SEO Premium plugin. -->","yoast_head_json":{"title":"Tour gastron\u00f3mico de San Francisco con gu\u00eda oficial | Tour Travel & More","description":"\u2192 Visite lo mejor de Chinatown y North Beach, incluyendo Little Italy, durante tour gastron\u00f3mico de San Francisco junto a su gu\u00eda oficial. \u2705","robots":{"index":"index","follow":"follow","max-snippet":"max-snippet:-1","max-image-preview":"max-image-preview:large","max-video-preview":"max-video-preview:-1"},"canonical":"https:\/\/tourtravelandmore.com\/es\/tours\/eeuu-es\/san-francisco-es\/san-francisco-a-pie-es\/tour-privado-culinario-de-san-francisco\/","og_locale":"es_ES","og_type":"article","og_title":"Tour gastron\u00f3mico de San Francisco","og_description":"\u2192 Visite lo mejor de Chinatown y North Beach, incluyendo Little Italy, durante tour gastron\u00f3mico de San Francisco junto a su gu\u00eda oficial. \u2705","og_url":"https:\/\/tourtravelandmore.com\/es\/tours\/eeuu-es\/san-francisco-es\/san-francisco-a-pie-es\/tour-privado-culinario-de-san-francisco\/","og_site_name":"Tour Travel And More","article_publisher":"https:\/\/www.facebook.com\/tourtravelandmore\/","article_modified_time":"2024-11-11T19:42:11+00:00","og_image":[{"width":1024,"height":768,"url":"https:\/\/tourtravelandmore.com\/wp-content\/uploads\/2020\/04\/chinatown.jpg","type":"image\/jpeg"}],"twitter_card":"summary_large_image","twitter_site":"@TourTravel_More","twitter_misc":{"Tiempo de lectura":"3 minutos"},"schema":{"@context":"https:\/\/schema.org","@graph":[{"@type":"WebPage","@id":"https:\/\/tourtravelandmore.com\/es\/tours\/eeuu-es\/san-francisco-es\/san-francisco-a-pie-es\/tour-privado-culinario-de-san-francisco\/","url":"https:\/\/tourtravelandmore.com\/es\/tours\/eeuu-es\/san-francisco-es\/san-francisco-a-pie-es\/tour-privado-culinario-de-san-francisco\/","name":"Tour gastron\u00f3mico de San Francisco con gu\u00eda oficial | Tour Travel & More","isPartOf":{"@id":"https:\/\/tourtravelandmore.com\/es\/#website"},"primaryImageOfPage":{"@id":"https:\/\/tourtravelandmore.com\/es\/tours\/eeuu-es\/san-francisco-es\/san-francisco-a-pie-es\/tour-privado-culinario-de-san-francisco\/#primaryimage"},"image":{"@id":"https:\/\/tourtravelandmore.com\/es\/tours\/eeuu-es\/san-francisco-es\/san-francisco-a-pie-es\/tour-privado-culinario-de-san-francisco\/#primaryimage"},"thumbnailUrl":"https:\/\/tourtravelandmore.com\/wp-content\/uploads\/2020\/04\/chinatown.jpg","datePublished":"2020-04-03T10:21:50+00:00","dateModified":"2024-11-11T19:42:11+00:00","description":"\u2192 Visite lo mejor de Chinatown y North Beach, incluyendo Little Italy, durante tour gastron\u00f3mico de San Francisco junto a su gu\u00eda oficial. \u2705","breadcrumb":{"@id":"https:\/\/tourtravelandmore.com\/es\/tours\/eeuu-es\/san-francisco-es\/san-francisco-a-pie-es\/tour-privado-culinario-de-san-francisco\/#breadcrumb"},"inLanguage":"es","potentialAction":[{"@type":"ReadAction","target":["https:\/\/tourtravelandmore.com\/es\/tours\/eeuu-es\/san-francisco-es\/san-francisco-a-pie-es\/tour-privado-culinario-de-san-francisco\/"]}]},{"@type":"ImageObject","inLanguage":"es","@id":"https:\/\/tourtravelandmore.com\/es\/tours\/eeuu-es\/san-francisco-es\/san-francisco-a-pie-es\/tour-privado-culinario-de-san-francisco\/#primaryimage","url":"https:\/\/tourtravelandmore.com\/wp-content\/uploads\/2020\/04\/chinatown.jpg","contentUrl":"https:\/\/tourtravelandmore.com\/wp-content\/uploads\/2020\/04\/chinatown.jpg","width":1024,"height":768},{"@type":"BreadcrumbList","@id":"https:\/\/tourtravelandmore.com\/es\/tours\/eeuu-es\/san-francisco-es\/san-francisco-a-pie-es\/tour-privado-culinario-de-san-francisco\/#breadcrumb","itemListElement":[{"@type":"ListItem","position":1,"name":"Home","item":"https:\/\/tourtravelandmore.com\/es\/"},{"@type":"ListItem","position":2,"name":"Tours","item":"https:\/\/tourtravelandmore.com\/es\/tours\/"},{"@type":"ListItem","position":3,"name":"Tour gastron\u00f3mico de San Francisco"}]},{"@type":"WebSite","@id":"https:\/\/tourtravelandmore.com\/es\/#website","url":"https:\/\/tourtravelandmore.com\/es\/","name":"Tour Travel And More","description":"Private sightseeing tours and luxury transfers in Spain","publisher":{"@id":"https:\/\/tourtravelandmore.com\/es\/#organization"},"potentialAction":[{"@type":"SearchAction","target":{"@type":"EntryPoint","urlTemplate":"https:\/\/tourtravelandmore.com\/es\/?s={search_term_string}"},"query-input":{"@type":"PropertyValueSpecification","valueRequired":true,"valueName":"search_term_string"}}],"inLanguage":"es"},{"@type":"Organization","@id":"https:\/\/tourtravelandmore.com\/es\/#organization","name":"Tour Travel And More","url":"https:\/\/tourtravelandmore.com\/es\/","logo":{"@type":"ImageObject","inLanguage":"es","@id":"https:\/\/tourtravelandmore.com\/es\/#\/schema\/logo\/image\/","url":"https:\/\/tourtravelandmore.com\/wp-content\/uploads\/2022\/12\/cropped-logo-cabecera-new.png","contentUrl":"https:\/\/tourtravelandmore.com\/wp-content\/uploads\/2022\/12\/cropped-logo-cabecera-new.png","width":430,"height":61,"caption":"Tour Travel And More"},"image":{"@id":"https:\/\/tourtravelandmore.com\/es\/#\/schema\/logo\/image\/"},"sameAs":["https:\/\/www.facebook.com\/tourtravelandmore\/","https:\/\/x.com\/TourTravel_More"]}]}},"_links":{"self":[{"href":"https:\/\/tourtravelandmore.com\/es\/wp-json\/wp\/v2\/product\/79204","targetHints":{"allow":["GET"]}}],"collection":[{"href":"https:\/\/tourtravelandmore.com\/es\/wp-json\/wp\/v2\/product"}],"about":[{"href":"https:\/\/tourtravelandmore.com\/es\/wp-json\/wp\/v2\/types\/product"}],"replies":[{"embeddable":true,"href":"https:\/\/tourtravelandmore.com\/es\/wp-json\/wp\/v2\/comments?post=79204"}],"wp:featuredmedia":[{"embeddable":true,"href":"https:\/\/tourtravelandmore.com\/es\/wp-json\/wp\/v2\/media\/79214"}],"wp:attachment":[{"href":"https:\/\/tourtravelandmore.com\/es\/wp-json\/wp\/v2\/media?parent=79204"}],"wp:term":[{"taxonomy":"product_brand","embeddable":true,"href":"https:\/\/tourtravelandmore.com\/es\/wp-json\/wp\/v2\/product_brand?post=79204"},{"taxonomy":"product_cat","embeddable":true,"href":"https:\/\/tourtravelandmore.com\/es\/wp-json\/wp\/v2\/product_cat?post=79204"},{"taxonomy":"product_tag","embeddable":true,"href":"https:\/\/tourtravelandmore.com\/es\/wp-json\/wp\/v2\/product_tag?post=79204"}],"curies":[{"name":"wp","href":"https:\/\/api.w.org\/{rel}","templated":true}]}}