{"id":79150,"date":"2020-04-03T10:45:00","date_gmt":"2020-04-03T08:45:02","guid":{"rendered":"https:\/\/tourtravelandmore.com\/?post_type=product&#038;p=79150"},"modified":"2024-10-30T15:42:55","modified_gmt":"2024-10-30T14:42:55","slug":"tour-privado-a-silicon-valley","status":"publish","type":"product","link":"https:\/\/tourtravelandmore.com\/es\/tours\/eeuu-es\/san-francisco-es\/san-francisco-actividades-es\/tour-privado-a-silicon-valley\/","title":{"rendered":"Tour privado a Silicon Valley"},"content":{"rendered":"<h2><strong>Descripci\u00f3n Tour privado a Silicon Valley<\/strong><\/h2>\n<p class=\"p1\"><span class=\"s1\">Descubra <b>Silicon Valley<\/b>, la base del coraz\u00f3n de la tecnolog\u00eda inform\u00e1tica, en un <strong>tour privado<\/strong> desde <b>San Francisco<\/b>. Disfruta nuestro tour privado a Silicon Valley junto a un gu\u00eda local experto.<\/span><\/p>\n<p class=\"p1\"><span class=\"s1\">Su chofer lo recoger\u00e1 de su hotel o sitio deseado en San Francisco. A continuaci\u00f3n nos dirigiremos hacia el \u00e1rea donde las principales empresas tecnol\u00f3gicas tienen su sede. Eche un vistazo a <b>Google, Facebook, Apple park<\/b> y muchos m\u00e1s.<\/span><\/p>\n<p class=\"p1\"><span class=\"s1\">Nuestro equipo est\u00e1 a su disposici\u00f3n<b>\u00a0<\/b>para que su experiencia sea \u00fanica. Conocer\u00e1 las paradas m\u00e1s importantes en <b>Silicon Valley<\/b> junto a su gu\u00eda privado, experto conocedor de la regi\u00f3n.<\/span><\/p>\n<h2><strong>Puntos de inter\u00e9s del Tour Privado<\/strong><\/h2>\n<p class=\"p4\"><span class=\"s1\">Al salir de <b>San Francisco<\/b>\u00a0podr\u00e1 disfrutar de una breve <b>vista panor\u00e1mica <\/b>de la ciudad. Incluyendo una vista del <b>Puente Golden Gate<\/b> y del <\/span>Fisherman&#8217;s Wharf.<\/p>\n<p class=\"p4\"><span class=\"s1\">Nos dirigiremos hacia el valle de<b> Santa Clara<\/b> hasta <a href=\"https:\/\/www.visitcalifornia.com\/mx\/destination\/silicon-valley\" rel=\"nofollow\"><b>Silicon Valley<\/b><\/a>. All\u00ed podr\u00e1s encontrar las<b> startups y las empresas tecnol\u00f3gicas<\/b>. El viaje durar\u00e1 alrededor de 90 minutos. \u00a1Su chofer\/gu\u00eda privado estar\u00e1 a su disposici\u00f3n durante el tour privado a Silicon Valley y le explicar\u00e1 muchas an\u00e9cdotas e historias sobre el valle y sus genios!<\/span><\/p>\n<p class=\"p4\"><span class=\"s1\">Organizaremos paradas en las sedes de <b>Facebook, Peers Park de Palo Alto, la Universidad de Stanford, Google, Apple Park Visitor Center <\/b>y mucho m\u00e1s. Pasaremos por un garaje donde Bill Hewlett y David Packard comenzaron <b>HP<\/b> y mucho otros secretos m\u00e1s!<\/span><\/p>\n<p class=\"p4\">Disfruta de los grandes beneficios de una econom\u00eda en crecimiento, donde hay espacios de expresi\u00f3n art\u00edstica, compras de primer nivel y restaurantes de primer nivel.<\/p>\n<p class=\"p4\">Su chofer\/gu\u00eda oficial es experto conocedor de la regi\u00f3n. Estar\u00e1 a su disposici\u00f3n durante todo el tour.<\/p>\n","protected":false},"excerpt":{"rendered":"<p>Aproveche la oportunidad de visitar el sitio donde se encuentran l<span class=\"s1\">as<b> startups y las empresas tecnol\u00f3gicas m\u00e1s reconocidas del mundo <\/b>junto a un chofer\/gu\u00eda local. <strong>Recogida y devoluci\u00f3n en San Francisco.<\/strong><\/span><\/p>\n","protected":false},"featured_media":79160,"comment_status":"open","ping_status":"closed","template":"","meta":{"_acf_changed":false},"product_brand":[],"product_cat":[1602,2149,2155,2663],"product_tag":[],"class_list":{"0":"post-79150","1":"product","2":"type-product","3":"status-publish","4":"has-post-thumbnail","6":"product_cat-eeuu-es","7":"product_cat-san-francisco-es","8":"product_cat-san-francisco-actividades-es","9":"product_cat-san-francisco-tours-es","11":"first","12":"instock","13":"shipping-taxable","14":"purchasable","15":"product-type-simple"},"acf":[],"yoast_head":"<!-- This site is optimized with the Yoast SEO Premium plugin v25.3.1 (Yoast SEO v25.3.1) - https:\/\/yoast.com\/wordpress\/plugins\/seo\/ -->\n<title>Tour privado a Silicon Valley desde San Francisco con chofer\/gu\u00eda<\/title>\n<meta name=\"description\" content=\"Descubra Silicon Valley: Facebook, Apple, Google y sus centros de visitantes con chofer\/gu\u00eda y reserve nuestros tour privado a Silicon Valley.\" \/>\n<meta name=\"robots\" content=\"index, follow, max-snippet:-1, max-image-preview:large, max-video-preview:-1\" \/>\n<link rel=\"canonical\" href=\"https:\/\/tourtravelandmore.com\/es\/tours\/eeuu-es\/san-francisco-es\/san-francisco-actividades-es\/tour-privado-a-silicon-valley\/\" \/>\n<meta property=\"og:locale\" content=\"es_ES\" \/>\n<meta property=\"og:type\" content=\"article\" \/>\n<meta property=\"og:title\" content=\"Tour privado a Silicon Valley\" \/>\n<meta property=\"og:description\" content=\"Descubra Silicon Valley: Facebook, Apple, Google y sus centros de visitantes con chofer\/gu\u00eda y reserve nuestros tour privado a Silicon Valley.\" \/>\n<meta property=\"og:url\" content=\"https:\/\/tourtravelandmore.com\/es\/tours\/eeuu-es\/san-francisco-es\/san-francisco-actividades-es\/tour-privado-a-silicon-valley\/\" \/>\n<meta property=\"og:site_name\" content=\"Tour Travel And More\" \/>\n<meta property=\"article:publisher\" content=\"https:\/\/www.facebook.com\/tourtravelandmore\/\" \/>\n<meta property=\"article:modified_time\" content=\"2024-10-30T14:42:55+00:00\" \/>\n<meta property=\"og:image\" content=\"https:\/\/tourtravelandmore.com\/wp-content\/uploads\/2020\/04\/aerial-photography-of-round-building.jpg\" \/>\n\t<meta property=\"og:image:width\" content=\"910\" \/>\n\t<meta property=\"og:image:height\" content=\"512\" \/>\n\t<meta property=\"og:image:type\" content=\"image\/jpeg\" \/>\n<meta name=\"twitter:card\" content=\"summary_large_image\" \/>\n<meta name=\"twitter:site\" content=\"@TourTravel_More\" \/>\n<meta name=\"twitter:label1\" content=\"Tiempo de lectura\" \/>\n\t<meta name=\"twitter:data1\" content=\"2 minutos\" \/>\n<script type=\"application\/ld+json\" class=\"yoast-schema-graph\">{\"@context\":\"https:\/\/schema.org\",\"@graph\":[{\"@type\":\"WebPage\",\"@id\":\"https:\/\/tourtravelandmore.com\/es\/tours\/eeuu-es\/san-francisco-es\/san-francisco-actividades-es\/tour-privado-a-silicon-valley\/\",\"url\":\"https:\/\/tourtravelandmore.com\/es\/tours\/eeuu-es\/san-francisco-es\/san-francisco-actividades-es\/tour-privado-a-silicon-valley\/\",\"name\":\"Tour privado a Silicon Valley desde San Francisco con chofer\/gu\u00eda\",\"isPartOf\":{\"@id\":\"https:\/\/tourtravelandmore.com\/es\/#website\"},\"primaryImageOfPage\":{\"@id\":\"https:\/\/tourtravelandmore.com\/es\/tours\/eeuu-es\/san-francisco-es\/san-francisco-actividades-es\/tour-privado-a-silicon-valley\/#primaryimage\"},\"image\":{\"@id\":\"https:\/\/tourtravelandmore.com\/es\/tours\/eeuu-es\/san-francisco-es\/san-francisco-actividades-es\/tour-privado-a-silicon-valley\/#primaryimage\"},\"thumbnailUrl\":\"https:\/\/tourtravelandmore.com\/wp-content\/uploads\/2020\/04\/aerial-photography-of-round-building.jpg\",\"datePublished\":\"2020-04-03T08:45:02+00:00\",\"dateModified\":\"2024-10-30T14:42:55+00:00\",\"description\":\"Descubra Silicon Valley: Facebook, Apple, Google y sus centros de visitantes con chofer\/gu\u00eda y reserve nuestros tour privado a Silicon Valley.\",\"breadcrumb\":{\"@id\":\"https:\/\/tourtravelandmore.com\/es\/tours\/eeuu-es\/san-francisco-es\/san-francisco-actividades-es\/tour-privado-a-silicon-valley\/#breadcrumb\"},\"inLanguage\":\"es\",\"potentialAction\":[{\"@type\":\"ReadAction\",\"target\":[\"https:\/\/tourtravelandmore.com\/es\/tours\/eeuu-es\/san-francisco-es\/san-francisco-actividades-es\/tour-privado-a-silicon-valley\/\"]}]},{\"@type\":\"ImageObject\",\"inLanguage\":\"es\",\"@id\":\"https:\/\/tourtravelandmore.com\/es\/tours\/eeuu-es\/san-francisco-es\/san-francisco-actividades-es\/tour-privado-a-silicon-valley\/#primaryimage\",\"url\":\"https:\/\/tourtravelandmore.com\/wp-content\/uploads\/2020\/04\/aerial-photography-of-round-building.jpg\",\"contentUrl\":\"https:\/\/tourtravelandmore.com\/wp-content\/uploads\/2020\/04\/aerial-photography-of-round-building.jpg\",\"width\":910,\"height\":512},{\"@type\":\"BreadcrumbList\",\"@id\":\"https:\/\/tourtravelandmore.com\/es\/tours\/eeuu-es\/san-francisco-es\/san-francisco-actividades-es\/tour-privado-a-silicon-valley\/#breadcrumb\",\"itemListElement\":[{\"@type\":\"ListItem\",\"position\":1,\"name\":\"Home\",\"item\":\"https:\/\/tourtravelandmore.com\/es\/\"},{\"@type\":\"ListItem\",\"position\":2,\"name\":\"Tours\",\"item\":\"https:\/\/tourtravelandmore.com\/es\/tours\/\"},{\"@type\":\"ListItem\",\"position\":3,\"name\":\"Tour privado a Silicon Valley\"}]},{\"@type\":\"WebSite\",\"@id\":\"https:\/\/tourtravelandmore.com\/es\/#website\",\"url\":\"https:\/\/tourtravelandmore.com\/es\/\",\"name\":\"Tour Travel And More\",\"description\":\"Private sightseeing tours and luxury transfers in Spain\",\"publisher\":{\"@id\":\"https:\/\/tourtravelandmore.com\/es\/#organization\"},\"potentialAction\":[{\"@type\":\"SearchAction\",\"target\":{\"@type\":\"EntryPoint\",\"urlTemplate\":\"https:\/\/tourtravelandmore.com\/es\/?s={search_term_string}\"},\"query-input\":{\"@type\":\"PropertyValueSpecification\",\"valueRequired\":true,\"valueName\":\"search_term_string\"}}],\"inLanguage\":\"es\"},{\"@type\":\"Organization\",\"@id\":\"https:\/\/tourtravelandmore.com\/es\/#organization\",\"name\":\"Tour Travel And More\",\"url\":\"https:\/\/tourtravelandmore.com\/es\/\",\"logo\":{\"@type\":\"ImageObject\",\"inLanguage\":\"es\",\"@id\":\"https:\/\/tourtravelandmore.com\/es\/#\/schema\/logo\/image\/\",\"url\":\"https:\/\/tourtravelandmore.com\/wp-content\/uploads\/2022\/12\/cropped-logo-cabecera-new.png\",\"contentUrl\":\"https:\/\/tourtravelandmore.com\/wp-content\/uploads\/2022\/12\/cropped-logo-cabecera-new.png\",\"width\":430,\"height\":61,\"caption\":\"Tour Travel And More\"},\"image\":{\"@id\":\"https:\/\/tourtravelandmore.com\/es\/#\/schema\/logo\/image\/\"},\"sameAs\":[\"https:\/\/www.facebook.com\/tourtravelandmore\/\",\"https:\/\/x.com\/TourTravel_More\"]}]}<\/script>\n<!-- \/ Yoast SEO Premium plugin. -->","yoast_head_json":{"title":"Tour privado a Silicon Valley desde San Francisco con chofer\/gu\u00eda","description":"Descubra Silicon Valley: Facebook, Apple, Google y sus centros de visitantes con chofer\/gu\u00eda y reserve nuestros tour privado a Silicon Valley.","robots":{"index":"index","follow":"follow","max-snippet":"max-snippet:-1","max-image-preview":"max-image-preview:large","max-video-preview":"max-video-preview:-1"},"canonical":"https:\/\/tourtravelandmore.com\/es\/tours\/eeuu-es\/san-francisco-es\/san-francisco-actividades-es\/tour-privado-a-silicon-valley\/","og_locale":"es_ES","og_type":"article","og_title":"Tour privado a Silicon Valley","og_description":"Descubra Silicon Valley: Facebook, Apple, Google y sus centros de visitantes con chofer\/gu\u00eda y reserve nuestros tour privado a Silicon Valley.","og_url":"https:\/\/tourtravelandmore.com\/es\/tours\/eeuu-es\/san-francisco-es\/san-francisco-actividades-es\/tour-privado-a-silicon-valley\/","og_site_name":"Tour Travel And More","article_publisher":"https:\/\/www.facebook.com\/tourtravelandmore\/","article_modified_time":"2024-10-30T14:42:55+00:00","og_image":[{"width":910,"height":512,"url":"https:\/\/tourtravelandmore.com\/wp-content\/uploads\/2020\/04\/aerial-photography-of-round-building.jpg","type":"image\/jpeg"}],"twitter_card":"summary_large_image","twitter_site":"@TourTravel_More","twitter_misc":{"Tiempo de lectura":"2 minutos"},"schema":{"@context":"https:\/\/schema.org","@graph":[{"@type":"WebPage","@id":"https:\/\/tourtravelandmore.com\/es\/tours\/eeuu-es\/san-francisco-es\/san-francisco-actividades-es\/tour-privado-a-silicon-valley\/","url":"https:\/\/tourtravelandmore.com\/es\/tours\/eeuu-es\/san-francisco-es\/san-francisco-actividades-es\/tour-privado-a-silicon-valley\/","name":"Tour privado a Silicon Valley desde San Francisco con chofer\/gu\u00eda","isPartOf":{"@id":"https:\/\/tourtravelandmore.com\/es\/#website"},"primaryImageOfPage":{"@id":"https:\/\/tourtravelandmore.com\/es\/tours\/eeuu-es\/san-francisco-es\/san-francisco-actividades-es\/tour-privado-a-silicon-valley\/#primaryimage"},"image":{"@id":"https:\/\/tourtravelandmore.com\/es\/tours\/eeuu-es\/san-francisco-es\/san-francisco-actividades-es\/tour-privado-a-silicon-valley\/#primaryimage"},"thumbnailUrl":"https:\/\/tourtravelandmore.com\/wp-content\/uploads\/2020\/04\/aerial-photography-of-round-building.jpg","datePublished":"2020-04-03T08:45:02+00:00","dateModified":"2024-10-30T14:42:55+00:00","description":"Descubra Silicon Valley: Facebook, Apple, Google y sus centros de visitantes con chofer\/gu\u00eda y reserve nuestros tour privado a Silicon Valley.","breadcrumb":{"@id":"https:\/\/tourtravelandmore.com\/es\/tours\/eeuu-es\/san-francisco-es\/san-francisco-actividades-es\/tour-privado-a-silicon-valley\/#breadcrumb"},"inLanguage":"es","potentialAction":[{"@type":"ReadAction","target":["https:\/\/tourtravelandmore.com\/es\/tours\/eeuu-es\/san-francisco-es\/san-francisco-actividades-es\/tour-privado-a-silicon-valley\/"]}]},{"@type":"ImageObject","inLanguage":"es","@id":"https:\/\/tourtravelandmore.com\/es\/tours\/eeuu-es\/san-francisco-es\/san-francisco-actividades-es\/tour-privado-a-silicon-valley\/#primaryimage","url":"https:\/\/tourtravelandmore.com\/wp-content\/uploads\/2020\/04\/aerial-photography-of-round-building.jpg","contentUrl":"https:\/\/tourtravelandmore.com\/wp-content\/uploads\/2020\/04\/aerial-photography-of-round-building.jpg","width":910,"height":512},{"@type":"BreadcrumbList","@id":"https:\/\/tourtravelandmore.com\/es\/tours\/eeuu-es\/san-francisco-es\/san-francisco-actividades-es\/tour-privado-a-silicon-valley\/#breadcrumb","itemListElement":[{"@type":"ListItem","position":1,"name":"Home","item":"https:\/\/tourtravelandmore.com\/es\/"},{"@type":"ListItem","position":2,"name":"Tours","item":"https:\/\/tourtravelandmore.com\/es\/tours\/"},{"@type":"ListItem","position":3,"name":"Tour privado a Silicon Valley"}]},{"@type":"WebSite","@id":"https:\/\/tourtravelandmore.com\/es\/#website","url":"https:\/\/tourtravelandmore.com\/es\/","name":"Tour Travel And More","description":"Private sightseeing tours and luxury transfers in Spain","publisher":{"@id":"https:\/\/tourtravelandmore.com\/es\/#organization"},"potentialAction":[{"@type":"SearchAction","target":{"@type":"EntryPoint","urlTemplate":"https:\/\/tourtravelandmore.com\/es\/?s={search_term_string}"},"query-input":{"@type":"PropertyValueSpecification","valueRequired":true,"valueName":"search_term_string"}}],"inLanguage":"es"},{"@type":"Organization","@id":"https:\/\/tourtravelandmore.com\/es\/#organization","name":"Tour Travel And More","url":"https:\/\/tourtravelandmore.com\/es\/","logo":{"@type":"ImageObject","inLanguage":"es","@id":"https:\/\/tourtravelandmore.com\/es\/#\/schema\/logo\/image\/","url":"https:\/\/tourtravelandmore.com\/wp-content\/uploads\/2022\/12\/cropped-logo-cabecera-new.png","contentUrl":"https:\/\/tourtravelandmore.com\/wp-content\/uploads\/2022\/12\/cropped-logo-cabecera-new.png","width":430,"height":61,"caption":"Tour Travel And More"},"image":{"@id":"https:\/\/tourtravelandmore.com\/es\/#\/schema\/logo\/image\/"},"sameAs":["https:\/\/www.facebook.com\/tourtravelandmore\/","https:\/\/x.com\/TourTravel_More"]}]}},"_links":{"self":[{"href":"https:\/\/tourtravelandmore.com\/es\/wp-json\/wp\/v2\/product\/79150","targetHints":{"allow":["GET"]}}],"collection":[{"href":"https:\/\/tourtravelandmore.com\/es\/wp-json\/wp\/v2\/product"}],"about":[{"href":"https:\/\/tourtravelandmore.com\/es\/wp-json\/wp\/v2\/types\/product"}],"replies":[{"embeddable":true,"href":"https:\/\/tourtravelandmore.com\/es\/wp-json\/wp\/v2\/comments?post=79150"}],"wp:featuredmedia":[{"embeddable":true,"href":"https:\/\/tourtravelandmore.com\/es\/wp-json\/wp\/v2\/media\/79160"}],"wp:attachment":[{"href":"https:\/\/tourtravelandmore.com\/es\/wp-json\/wp\/v2\/media?parent=79150"}],"wp:term":[{"taxonomy":"product_brand","embeddable":true,"href":"https:\/\/tourtravelandmore.com\/es\/wp-json\/wp\/v2\/product_brand?post=79150"},{"taxonomy":"product_cat","embeddable":true,"href":"https:\/\/tourtravelandmore.com\/es\/wp-json\/wp\/v2\/product_cat?post=79150"},{"taxonomy":"product_tag","embeddable":true,"href":"https:\/\/tourtravelandmore.com\/es\/wp-json\/wp\/v2\/product_tag?post=79150"}],"curies":[{"name":"wp","href":"https:\/\/api.w.org\/{rel}","templated":true}]}}