{"id":79126,"date":"2020-03-31T12:21:38","date_gmt":"2020-03-31T10:21:38","guid":{"rendered":"https:\/\/tourtravelandmore.com\/?post_type=product&#038;p=79126"},"modified":"2024-02-12T10:30:48","modified_gmt":"2024-02-12T09:30:48","slug":"tour-privado-por-moscu","status":"publish","type":"product","link":"https:\/\/tourtravelandmore.com\/es\/tours\/rusia-es\/moscu-es\/moscu-tours-privados\/tour-privado-por-moscu\/","title":{"rendered":"Tour Privado por Mosc\u00fa"},"content":{"rendered":"<h2 id=\"tw-target-text\" class=\"tw-data-text tw-text-large XcVN5d tw-ta\" dir=\"ltr\" data-placeholder=\"Traducci\u00f3n\"><span lang=\"es\">Descripci\u00f3n del Tour Privado por Mosc\u00fa<\/span><\/h2>\n<p>Ven con nosotros y disfruta de este <strong>Tour Privado por Mosc\u00fa<\/strong> a trav\u00e9s de los monumentos y sitios m\u00e1s emblem\u00e1ticos de esta hermosa ciudad. <span class=\"JLqJ4b ChMk0b\" data-language-for-alternatives=\"es\" data-language-to-translate-into=\"en\" data-phrase-index=\"1\">Sorpr\u00e9ndete con su arquitectura, su historia y su impresionante legado cultural. <\/span><\/p>\n<p><span class=\"JLqJ4b ChMk0b\" data-language-for-alternatives=\"es\" data-language-to-translate-into=\"en\" data-phrase-index=\"1\"><span class=\"JLqJ4b\" data-language-for-alternatives=\"es\" data-language-to-translate-into=\"en\" data-phrase-index=\"2\">Aproveche esta oportunidad para descubrir la ciudad de Mosc\u00fa con su propio veh\u00edculo y gu\u00eda tur\u00edstico oficial privado. <\/span><\/span><\/p>\n<p><span class=\"JLqJ4b ChMk0b\" data-language-for-alternatives=\"es\" data-language-to-translate-into=\"en\" data-phrase-index=\"1\"><span class=\"JLqJ4b\" data-language-for-alternatives=\"es\" data-language-to-translate-into=\"en\" data-phrase-index=\"2\">Puedes personalizar tu propia experiencia. No se pierda los monumentos, sitios, las numerosas iglesias, sus museos como los rascacielos de Stalin, la Catedral de Cristo Salvador, el Monumento a Pedro el grande, la calle Arbat y mucho m\u00e1s en este Tour Privado por Mosc\u00fa. <\/span><\/span><\/p>\n<p><span class=\"JLqJ4b ChMk0b\" data-language-for-alternatives=\"es\" data-language-to-translate-into=\"en\" data-phrase-index=\"1\"><span class=\"JLqJ4b\" data-language-for-alternatives=\"es\" data-language-to-translate-into=\"en\" data-phrase-index=\"2\">Para este tour privado, lo recogeremos c\u00f3modamente en el lugar que elija en Mosc\u00fa. \u00a1Entonces comenzaremos esta incre\u00edble experiencia para conocer Mosc\u00fa!<\/span><\/span><\/p>\n<h2>Puntos emblem\u00e1ticos y de inter\u00e9s en Mosc\u00fa<\/h2>\n<p>Durante su tour privado por Mosc\u00fa, descubrir\u00e1 algunos de los sitios m\u00e1s emblem\u00e1ticos de Mosc\u00fa con su experto local.<\/p>\n<p><span class=\"JLqJ4b\" data-language-for-alternatives=\"es\" data-language-to-translate-into=\"en\" data-phrase-index=\"1\"><span class=\"JLqJ4b ChMk0b\" data-language-for-alternatives=\"es\" data-language-to-translate-into=\"en\" data-phrase-index=\"2\">Nuestro conductor y gu\u00eda lo recoger\u00e1n a la hora deseada en su hotel o lugar de elecci\u00f3n en la ciudad y comenzar\u00e1 su recorrido privado por la ciudad. Durante este recorrido, visitar\u00e1 todos los puntos tur\u00edsticos clave de la capital de Rusia.<\/span><\/span><\/p>\n<p><span class=\"JLqJ4b\" data-language-for-alternatives=\"es\" data-language-to-translate-into=\"en\" data-phrase-index=\"1\"><span class=\"JLqJ4b ChMk0b\" data-language-for-alternatives=\"es\" data-language-to-translate-into=\"en\" data-phrase-index=\"2\"> Su gu\u00eda tur\u00edstico privado le contar\u00e1 la historia, los h\u00e1bitos y las tradiciones de la ciudad mientras est\u00e1 c\u00f3modamente sentado en su veh\u00edculo privado. <\/span><\/span><\/p>\n<p><span class=\"JLqJ4b\" data-language-for-alternatives=\"es\" data-language-to-translate-into=\"en\" data-phrase-index=\"1\"><span class=\"JLqJ4b ChMk0b\" data-language-for-alternatives=\"es\" data-language-to-translate-into=\"en\" data-phrase-index=\"2\">Visitar\u00e1 algunos de los sitios m\u00e1s emblem\u00e1ticos de Mosc\u00fa, disfrutar\u00e1 de la maravillosa vista panor\u00e1mica desde Sparrow Hills y aprender\u00e1 sobre la historia y la cultura de esta vibrante ciudad.<\/span><\/span><\/p>\n<h2>M\u00e1s lugares de inter\u00e9s durante el tour<\/h2>\n<ul>\n<li><strong>La Catedral del Cristo Salvador<\/strong>, principal iglesia ortodoxa y el templo m\u00e1s grande de Rusia. Podr\u00e1n visitar los interiores de la catedral y subir a la <strong>azotea<\/strong> para tener las mejores vistas panor\u00e1micas 360\u00b0 al centro de Mosc\u00fa.<\/li>\n<li>\u00a0El monumento de 98 metros de altura a Pedro I<\/li>\n<li>\u00a0El ministerio de Defensa de Rusia<\/li>\n<li>Exteriores del convento Novodevichi<\/li>\n<li>El Lago de los Cisnes, que de acuerdo la leyenda urbana inspir\u00f3 al famoso compositor ruso Chaikovski<\/li>\n<li>La Universidad estatal de Mosc\u00fa<\/li>\n<li>Vista panor\u00e1mica de la ciudad desde la colina de los gorriones<\/li>\n<li>\u00a0Vista panor\u00e1mica al estadio Luzhniki, la sede del Mundial de futbol del 2018<\/li>\n<li>Visita al parque conmemorativo de la Victoria, con el memorial dedicado a la Segunda Guerra Mundial<\/li>\n<li>El arco de Triunfo del s. XIX levantado por Rusia en conmemoraci\u00f3n a la expulsi\u00f3n de Napole\u00f3n<\/li>\n<li>\u00a0El complejo de los rascacielos modernos del barrio llamado Moscow-City<\/li>\n<li>\u00a0Hotel Radisson Ucrania<\/li>\n<li><a href=\"http:\/\/government.ru\">La Casa del gobierno de Rusia<\/a><\/li>\n<li>\u00a0La avenida Arbat<\/li>\n<li><strong>\u00a0La aut\u00e9ntica casa de Le\u00f3n Tolstoy<\/strong>, autor de las novelas universales &#8220;Anna Karenina&#8221; y &#8220;Guerra y Paz&#8221;. Aunque uno no conozca la obra e historia del escritor, una visita a su casa le ayuda sumergirse en el aut\u00e9ntico ambiente de Rusia de la \u00e9poca antigua, previa a la Revoluci\u00f3n.<\/li>\n<\/ul>\n<p>El itinerario final de su tour privado de Mosc\u00fa es absolutamente adaptable a sus deseos e intereses. Su gu\u00eda oficial privado y veh\u00edculo estar\u00e1n a su entera disposici\u00f3n para ayudarle a descubrir los sitios que m\u00e1s le interesen de Mosc\u00fa. En caso que deseen visitar alg\u00fan museo o monumento por dentro podemos gestionar sus entradas con anticipaci\u00f3n.<\/p>\n<p>\u00a1<a href=\"https:\/\/tourtravelandmore.com\/es\/ciudad\/rusia-es\/moscu-es\/\">No se pierda todas las otras experiencias privadas que le ofrecemos en Mosc\u00fa<\/a>!<\/p>\n","protected":false},"excerpt":{"rendered":"<p>Lo invitamos a conocer la capital de Rusia con nuestro Tour Privado por Mosc\u00fa. Tome esta oportunidad para conocer y disfrutar de esta hermosa ciudad durante este tour con vuestro gu\u00eda oficial privado y chofer.<\/p>\n<p>&nbsp;<\/p>\n","protected":false},"featured_media":79146,"comment_status":"open","ping_status":"closed","template":"","meta":{"_acf_changed":false},"product_brand":[],"product_cat":[2174,2175,2178,2173],"product_tag":[],"class_list":{"0":"post-79126","1":"product","2":"type-product","3":"status-publish","4":"has-post-thumbnail","6":"product_cat-rusia-es","7":"product_cat-moscu-es","8":"product_cat-moscu-actividades-es","9":"product_cat-moscu-tours-privados","11":"first","12":"instock","13":"shipping-taxable","14":"purchasable","15":"product-type-simple"},"acf":[],"yoast_head":"<!-- This site is optimized with the Yoast SEO Premium plugin v25.3.1 (Yoast SEO v25.3.1) - https:\/\/yoast.com\/wordpress\/plugins\/seo\/ -->\n<title>\u27a1\ufe0f Tour Privado por Mosc\u00fa con chofer y gu\u00eda profesional local | Tour Travel &amp; More<\/title>\n<meta name=\"description\" content=\"Conozca los sitios mas emblem\u00e1ticos de la capital de Rusia con nuestro Tour Privado por Mosc\u00fa comodamente en un veh\u00edculo privado \u2705\" \/>\n<meta name=\"robots\" content=\"index, follow, max-snippet:-1, max-image-preview:large, max-video-preview:-1\" \/>\n<link rel=\"canonical\" href=\"https:\/\/tourtravelandmore.com\/es\/tours\/rusia-es\/moscu-es\/moscu-tours-privados\/tour-privado-por-moscu\/\" \/>\n<meta property=\"og:locale\" content=\"es_ES\" \/>\n<meta property=\"og:type\" content=\"article\" \/>\n<meta property=\"og:title\" content=\"Tour Privado por Mosc\u00fa\" \/>\n<meta property=\"og:description\" content=\"Conozca los sitios mas emblem\u00e1ticos de la capital de Rusia con nuestro Tour Privado por Mosc\u00fa comodamente en un veh\u00edculo privado \u2705\" \/>\n<meta property=\"og:url\" content=\"https:\/\/tourtravelandmore.com\/es\/tours\/rusia-es\/moscu-es\/moscu-tours-privados\/tour-privado-por-moscu\/\" \/>\n<meta property=\"og:site_name\" content=\"Tour Travel And More\" \/>\n<meta property=\"article:publisher\" content=\"https:\/\/www.facebook.com\/tourtravelandmore\/\" \/>\n<meta property=\"article:modified_time\" content=\"2024-02-12T09:30:48+00:00\" \/>\n<meta property=\"og:image\" content=\"https:\/\/tourtravelandmore.com\/wp-content\/uploads\/2020\/03\/christ-the-savior-cathedral-2032112_960_720.jpg\" \/>\n\t<meta property=\"og:image:width\" content=\"960\" \/>\n\t<meta property=\"og:image:height\" content=\"640\" \/>\n\t<meta property=\"og:image:type\" content=\"image\/jpeg\" \/>\n<meta name=\"twitter:card\" content=\"summary_large_image\" \/>\n<meta name=\"twitter:site\" content=\"@TourTravel_More\" \/>\n<meta name=\"twitter:label1\" content=\"Tiempo de lectura\" \/>\n\t<meta name=\"twitter:data1\" content=\"3 minutos\" \/>\n<script type=\"application\/ld+json\" class=\"yoast-schema-graph\">{\"@context\":\"https:\/\/schema.org\",\"@graph\":[{\"@type\":\"WebPage\",\"@id\":\"https:\/\/tourtravelandmore.com\/es\/tours\/rusia-es\/moscu-es\/moscu-tours-privados\/tour-privado-por-moscu\/\",\"url\":\"https:\/\/tourtravelandmore.com\/es\/tours\/rusia-es\/moscu-es\/moscu-tours-privados\/tour-privado-por-moscu\/\",\"name\":\"\u27a1\ufe0f Tour Privado por Mosc\u00fa con chofer y gu\u00eda profesional local | Tour Travel & More\",\"isPartOf\":{\"@id\":\"https:\/\/tourtravelandmore.com\/es\/#website\"},\"primaryImageOfPage\":{\"@id\":\"https:\/\/tourtravelandmore.com\/es\/tours\/rusia-es\/moscu-es\/moscu-tours-privados\/tour-privado-por-moscu\/#primaryimage\"},\"image\":{\"@id\":\"https:\/\/tourtravelandmore.com\/es\/tours\/rusia-es\/moscu-es\/moscu-tours-privados\/tour-privado-por-moscu\/#primaryimage\"},\"thumbnailUrl\":\"https:\/\/tourtravelandmore.com\/wp-content\/uploads\/2020\/03\/christ-the-savior-cathedral-2032112_960_720.jpg\",\"datePublished\":\"2020-03-31T10:21:38+00:00\",\"dateModified\":\"2024-02-12T09:30:48+00:00\",\"description\":\"Conozca los sitios mas emblem\u00e1ticos de la capital de Rusia con nuestro Tour Privado por Mosc\u00fa comodamente en un veh\u00edculo privado \u2705\",\"breadcrumb\":{\"@id\":\"https:\/\/tourtravelandmore.com\/es\/tours\/rusia-es\/moscu-es\/moscu-tours-privados\/tour-privado-por-moscu\/#breadcrumb\"},\"inLanguage\":\"es\",\"potentialAction\":[{\"@type\":\"ReadAction\",\"target\":[\"https:\/\/tourtravelandmore.com\/es\/tours\/rusia-es\/moscu-es\/moscu-tours-privados\/tour-privado-por-moscu\/\"]}]},{\"@type\":\"ImageObject\",\"inLanguage\":\"es\",\"@id\":\"https:\/\/tourtravelandmore.com\/es\/tours\/rusia-es\/moscu-es\/moscu-tours-privados\/tour-privado-por-moscu\/#primaryimage\",\"url\":\"https:\/\/tourtravelandmore.com\/wp-content\/uploads\/2020\/03\/christ-the-savior-cathedral-2032112_960_720.jpg\",\"contentUrl\":\"https:\/\/tourtravelandmore.com\/wp-content\/uploads\/2020\/03\/christ-the-savior-cathedral-2032112_960_720.jpg\",\"width\":960,\"height\":640},{\"@type\":\"BreadcrumbList\",\"@id\":\"https:\/\/tourtravelandmore.com\/es\/tours\/rusia-es\/moscu-es\/moscu-tours-privados\/tour-privado-por-moscu\/#breadcrumb\",\"itemListElement\":[{\"@type\":\"ListItem\",\"position\":1,\"name\":\"Home\",\"item\":\"https:\/\/tourtravelandmore.com\/es\/\"},{\"@type\":\"ListItem\",\"position\":2,\"name\":\"Tours\",\"item\":\"https:\/\/tourtravelandmore.com\/es\/tours\/\"},{\"@type\":\"ListItem\",\"position\":3,\"name\":\"Tour Privado por Mosc\u00fa\"}]},{\"@type\":\"WebSite\",\"@id\":\"https:\/\/tourtravelandmore.com\/es\/#website\",\"url\":\"https:\/\/tourtravelandmore.com\/es\/\",\"name\":\"Tour Travel And More\",\"description\":\"Private sightseeing tours and luxury transfers in Spain\",\"publisher\":{\"@id\":\"https:\/\/tourtravelandmore.com\/es\/#organization\"},\"potentialAction\":[{\"@type\":\"SearchAction\",\"target\":{\"@type\":\"EntryPoint\",\"urlTemplate\":\"https:\/\/tourtravelandmore.com\/es\/?s={search_term_string}\"},\"query-input\":{\"@type\":\"PropertyValueSpecification\",\"valueRequired\":true,\"valueName\":\"search_term_string\"}}],\"inLanguage\":\"es\"},{\"@type\":\"Organization\",\"@id\":\"https:\/\/tourtravelandmore.com\/es\/#organization\",\"name\":\"Tour Travel And More\",\"url\":\"https:\/\/tourtravelandmore.com\/es\/\",\"logo\":{\"@type\":\"ImageObject\",\"inLanguage\":\"es\",\"@id\":\"https:\/\/tourtravelandmore.com\/es\/#\/schema\/logo\/image\/\",\"url\":\"https:\/\/tourtravelandmore.com\/wp-content\/uploads\/2022\/12\/cropped-logo-cabecera-new.png\",\"contentUrl\":\"https:\/\/tourtravelandmore.com\/wp-content\/uploads\/2022\/12\/cropped-logo-cabecera-new.png\",\"width\":430,\"height\":61,\"caption\":\"Tour Travel And More\"},\"image\":{\"@id\":\"https:\/\/tourtravelandmore.com\/es\/#\/schema\/logo\/image\/\"},\"sameAs\":[\"https:\/\/www.facebook.com\/tourtravelandmore\/\",\"https:\/\/x.com\/TourTravel_More\"]}]}<\/script>\n<!-- \/ Yoast SEO Premium plugin. -->","yoast_head_json":{"title":"\u27a1\ufe0f Tour Privado por Mosc\u00fa con chofer y gu\u00eda profesional local | Tour Travel & More","description":"Conozca los sitios mas emblem\u00e1ticos de la capital de Rusia con nuestro Tour Privado por Mosc\u00fa comodamente en un veh\u00edculo privado \u2705","robots":{"index":"index","follow":"follow","max-snippet":"max-snippet:-1","max-image-preview":"max-image-preview:large","max-video-preview":"max-video-preview:-1"},"canonical":"https:\/\/tourtravelandmore.com\/es\/tours\/rusia-es\/moscu-es\/moscu-tours-privados\/tour-privado-por-moscu\/","og_locale":"es_ES","og_type":"article","og_title":"Tour Privado por Mosc\u00fa","og_description":"Conozca los sitios mas emblem\u00e1ticos de la capital de Rusia con nuestro Tour Privado por Mosc\u00fa comodamente en un veh\u00edculo privado \u2705","og_url":"https:\/\/tourtravelandmore.com\/es\/tours\/rusia-es\/moscu-es\/moscu-tours-privados\/tour-privado-por-moscu\/","og_site_name":"Tour Travel And More","article_publisher":"https:\/\/www.facebook.com\/tourtravelandmore\/","article_modified_time":"2024-02-12T09:30:48+00:00","og_image":[{"width":960,"height":640,"url":"https:\/\/tourtravelandmore.com\/wp-content\/uploads\/2020\/03\/christ-the-savior-cathedral-2032112_960_720.jpg","type":"image\/jpeg"}],"twitter_card":"summary_large_image","twitter_site":"@TourTravel_More","twitter_misc":{"Tiempo de lectura":"3 minutos"},"schema":{"@context":"https:\/\/schema.org","@graph":[{"@type":"WebPage","@id":"https:\/\/tourtravelandmore.com\/es\/tours\/rusia-es\/moscu-es\/moscu-tours-privados\/tour-privado-por-moscu\/","url":"https:\/\/tourtravelandmore.com\/es\/tours\/rusia-es\/moscu-es\/moscu-tours-privados\/tour-privado-por-moscu\/","name":"\u27a1\ufe0f Tour Privado por Mosc\u00fa con chofer y gu\u00eda profesional local | Tour Travel & More","isPartOf":{"@id":"https:\/\/tourtravelandmore.com\/es\/#website"},"primaryImageOfPage":{"@id":"https:\/\/tourtravelandmore.com\/es\/tours\/rusia-es\/moscu-es\/moscu-tours-privados\/tour-privado-por-moscu\/#primaryimage"},"image":{"@id":"https:\/\/tourtravelandmore.com\/es\/tours\/rusia-es\/moscu-es\/moscu-tours-privados\/tour-privado-por-moscu\/#primaryimage"},"thumbnailUrl":"https:\/\/tourtravelandmore.com\/wp-content\/uploads\/2020\/03\/christ-the-savior-cathedral-2032112_960_720.jpg","datePublished":"2020-03-31T10:21:38+00:00","dateModified":"2024-02-12T09:30:48+00:00","description":"Conozca los sitios mas emblem\u00e1ticos de la capital de Rusia con nuestro Tour Privado por Mosc\u00fa comodamente en un veh\u00edculo privado \u2705","breadcrumb":{"@id":"https:\/\/tourtravelandmore.com\/es\/tours\/rusia-es\/moscu-es\/moscu-tours-privados\/tour-privado-por-moscu\/#breadcrumb"},"inLanguage":"es","potentialAction":[{"@type":"ReadAction","target":["https:\/\/tourtravelandmore.com\/es\/tours\/rusia-es\/moscu-es\/moscu-tours-privados\/tour-privado-por-moscu\/"]}]},{"@type":"ImageObject","inLanguage":"es","@id":"https:\/\/tourtravelandmore.com\/es\/tours\/rusia-es\/moscu-es\/moscu-tours-privados\/tour-privado-por-moscu\/#primaryimage","url":"https:\/\/tourtravelandmore.com\/wp-content\/uploads\/2020\/03\/christ-the-savior-cathedral-2032112_960_720.jpg","contentUrl":"https:\/\/tourtravelandmore.com\/wp-content\/uploads\/2020\/03\/christ-the-savior-cathedral-2032112_960_720.jpg","width":960,"height":640},{"@type":"BreadcrumbList","@id":"https:\/\/tourtravelandmore.com\/es\/tours\/rusia-es\/moscu-es\/moscu-tours-privados\/tour-privado-por-moscu\/#breadcrumb","itemListElement":[{"@type":"ListItem","position":1,"name":"Home","item":"https:\/\/tourtravelandmore.com\/es\/"},{"@type":"ListItem","position":2,"name":"Tours","item":"https:\/\/tourtravelandmore.com\/es\/tours\/"},{"@type":"ListItem","position":3,"name":"Tour Privado por Mosc\u00fa"}]},{"@type":"WebSite","@id":"https:\/\/tourtravelandmore.com\/es\/#website","url":"https:\/\/tourtravelandmore.com\/es\/","name":"Tour Travel And More","description":"Private sightseeing tours and luxury transfers in Spain","publisher":{"@id":"https:\/\/tourtravelandmore.com\/es\/#organization"},"potentialAction":[{"@type":"SearchAction","target":{"@type":"EntryPoint","urlTemplate":"https:\/\/tourtravelandmore.com\/es\/?s={search_term_string}"},"query-input":{"@type":"PropertyValueSpecification","valueRequired":true,"valueName":"search_term_string"}}],"inLanguage":"es"},{"@type":"Organization","@id":"https:\/\/tourtravelandmore.com\/es\/#organization","name":"Tour Travel And More","url":"https:\/\/tourtravelandmore.com\/es\/","logo":{"@type":"ImageObject","inLanguage":"es","@id":"https:\/\/tourtravelandmore.com\/es\/#\/schema\/logo\/image\/","url":"https:\/\/tourtravelandmore.com\/wp-content\/uploads\/2022\/12\/cropped-logo-cabecera-new.png","contentUrl":"https:\/\/tourtravelandmore.com\/wp-content\/uploads\/2022\/12\/cropped-logo-cabecera-new.png","width":430,"height":61,"caption":"Tour Travel And More"},"image":{"@id":"https:\/\/tourtravelandmore.com\/es\/#\/schema\/logo\/image\/"},"sameAs":["https:\/\/www.facebook.com\/tourtravelandmore\/","https:\/\/x.com\/TourTravel_More"]}]}},"_links":{"self":[{"href":"https:\/\/tourtravelandmore.com\/es\/wp-json\/wp\/v2\/product\/79126","targetHints":{"allow":["GET"]}}],"collection":[{"href":"https:\/\/tourtravelandmore.com\/es\/wp-json\/wp\/v2\/product"}],"about":[{"href":"https:\/\/tourtravelandmore.com\/es\/wp-json\/wp\/v2\/types\/product"}],"replies":[{"embeddable":true,"href":"https:\/\/tourtravelandmore.com\/es\/wp-json\/wp\/v2\/comments?post=79126"}],"wp:featuredmedia":[{"embeddable":true,"href":"https:\/\/tourtravelandmore.com\/es\/wp-json\/wp\/v2\/media\/79146"}],"wp:attachment":[{"href":"https:\/\/tourtravelandmore.com\/es\/wp-json\/wp\/v2\/media?parent=79126"}],"wp:term":[{"taxonomy":"product_brand","embeddable":true,"href":"https:\/\/tourtravelandmore.com\/es\/wp-json\/wp\/v2\/product_brand?post=79126"},{"taxonomy":"product_cat","embeddable":true,"href":"https:\/\/tourtravelandmore.com\/es\/wp-json\/wp\/v2\/product_cat?post=79126"},{"taxonomy":"product_tag","embeddable":true,"href":"https:\/\/tourtravelandmore.com\/es\/wp-json\/wp\/v2\/product_tag?post=79126"}],"curies":[{"name":"wp","href":"https:\/\/api.w.org\/{rel}","templated":true}]}}