{"id":79062,"date":"2020-03-27T12:05:17","date_gmt":"2020-03-27T11:05:18","guid":{"rendered":"https:\/\/tourtravelandmore.com\/?post_type=product&#038;p=79062"},"modified":"2024-02-12T10:42:11","modified_gmt":"2024-02-12T09:42:11","slug":"tour-privado-a-pie-por-moscu","status":"publish","type":"product","link":"https:\/\/tourtravelandmore.com\/es\/tours\/rusia-es\/moscu-es\/moscu-a-pie-es\/tour-privado-a-pie-por-moscu\/","title":{"rendered":"Tour Privado a pie por Mosc\u00fa"},"content":{"rendered":"<h2 id=\"tw-target-text\" class=\"tw-data-text tw-text-large XcVN5d tw-ta\" dir=\"ltr\" data-placeholder=\"Traducci\u00f3n\"><span lang=\"es\">Descripci\u00f3n del Tour Privado a pie por Mosc\u00fa<\/span><\/h2>\n<p>Ven con nosotros y disfruta de este <strong>Tour Privado a pie por Mosc\u00fa<\/strong>. <span class=\"JLqJ4b ChMk0b\" data-language-for-alternatives=\"es\" data-language-to-translate-into=\"en\" data-phrase-index=\"1\">Haga que nuestro gu\u00eda tur\u00edstico privado lo lleve a ver la gran arquitectura e historia de la ciudad de Mosc\u00fa. <\/span><\/p>\n<p><span class=\"JLqJ4b ChMk0b\" data-language-for-alternatives=\"es\" data-language-to-translate-into=\"en\" data-phrase-index=\"1\"><span class=\"JLqJ4b\" data-language-for-alternatives=\"es\" data-language-to-translate-into=\"en\" data-phrase-index=\"2\">Mosc\u00fa es verdaderamente una ciudad \u00fanica en Rusia. No solo es la capital del pa\u00eds, \u00a1sino la ciudad m\u00e1s grande de Rusia! <\/span><\/span><\/p>\n<p><span class=\"JLqJ4b ChMk0b\" data-language-for-alternatives=\"es\" data-language-to-translate-into=\"en\" data-phrase-index=\"1\"><span class=\"JLqJ4b\" data-language-for-alternatives=\"es\" data-language-to-translate-into=\"en\" data-phrase-index=\"2\">Durante esta hermosa e informativa caminata, contar\u00e1 con la compa\u00f1\u00eda de un gu\u00eda privado. Su gu\u00eda es tambi\u00e9n un amplio conocedor de la zona, su historia, sus leyendas y las an\u00e9cdotas m\u00e1s interesantes que han servido para hacer de la capital de Rusia una de las principales ciudades del Mundo.<\/span><\/span><\/p>\n<p>Este tour privado a pie por Mosc\u00fa comenzar\u00e1 en el centro de la ciudad. <span class=\"JLqJ4b ChMk0b\" data-language-for-alternatives=\"es\" data-language-to-translate-into=\"en\" data-phrase-index=\"10\">Este es un punto de encuentro c\u00e9ntrico. Si su hotel tiene una ubicaci\u00f3n c\u00e9ntrica, podemos organizar una recogida privada a pie. <\/span><\/p>\n<p><span class=\"JLqJ4b ChMk0b\" data-language-for-alternatives=\"es\" data-language-to-translate-into=\"en\" data-phrase-index=\"10\"><span class=\"JLqJ4b\" data-language-for-alternatives=\"es\" data-language-to-translate-into=\"en\" data-phrase-index=\"12\">Disfrute de lo mejor del centro de la ciudad y del coraz\u00f3n de Mosc\u00fa. \u00a1Nuestro gu\u00eda tur\u00edstico oficial privado es un profesional enamorado de su ciudad! \u00a1Te haremos amar Mosc\u00fa tanto como a nosotros!<\/span><\/span><\/p>\n<h2>Puntos emblem\u00e1ticos y de inter\u00e9s en Mosc\u00fa<\/h2>\n<p>En nuestro Tour privado a pie por Mosc\u00fa, comenzaremos por lo que ser\u00eda la <strong>Plaza Roja<\/strong>. Se considera el coraz\u00f3n y el alma de Mosc\u00fa, ya que alberga la emblem\u00e1tica catedral de San Basilio del siglo XVI y la pir\u00e1mide constructivista del mausoleo de Lenin, entre otros sitios.<\/p>\n<p>Podemos organizar entradas sin colas con anticipaci\u00f3n para el Museo y la Catedral. El mausoleo de Lenin abre todos los d\u00edas de 10:00 a 13:00. Cierra los lunes y viernes. La entrada a la tumba es gratuita.<\/p>\n<p>La siguiente parada de este recorrido ser\u00e1 el <strong>Museo Estatal de Historia<\/strong>. Es la colecci\u00f3n m\u00e1s grande sobre la historia de Rusia desde la antig\u00fcedad hasta finales del siglo XIX. Cuenta con 5 millones de exhibiciones e interiores \u00fanicos al estilo ruso. Visitar el museo en el interior es opcional, podemos organizar boletos sin colas con anticipaci\u00f3n.<\/p>\n<p>Tambi\u00e9n visitar\u00e1 la <a href=\"http:\/\/kazansky-spb.ru\">Catedral de Kaz\u00e1n<\/a>. Esta es una r\u00e9plica de la original construida para conmemorar la victoria del zar Miguel, en 1612, sobre los polacos al final de la \u00e9poca de los disturbios. El original fue destruido durante el r\u00e9gimen comunista.<\/p>\n<p>Su tour privado incluir\u00e1 una visita a la <strong>puerta de la Resurrecci\u00f3n<\/strong> y la <strong>capilla ib\u00e9rica<\/strong>. Esta es una de las capillas m\u00e1s peque\u00f1as de Mosc\u00fa. Se trata de sus torres gemelas rojas coronadas por agujas de carpa verde, una r\u00e9plica construida en 1995.<\/p>\n<h2>Otros lugares que podr\u00e1 visitar<\/h2>\n<ul>\n<li><strong>Kil\u00f3metro cero<\/strong><\/li>\n<li><span class=\"JLqJ4b\" data-language-for-alternatives=\"es\" data-language-to-translate-into=\"en\" data-phrase-index=\"1\"><span class=\"JLqJ4b ChMk0b\" data-language-for-alternatives=\"es\" data-language-to-translate-into=\"en\" data-phrase-index=\"2\"><strong>Plaza Manege<\/strong><\/span><\/span><\/li>\n<li><span class=\"JLqJ4b\" data-language-for-alternatives=\"es\" data-language-to-translate-into=\"en\" data-phrase-index=\"1\"><span class=\"JLqJ4b ChMk0b\" data-language-for-alternatives=\"es\" data-language-to-translate-into=\"en\" data-phrase-index=\"2\"><strong>Monumento del mariscal Zhukov<\/strong><\/span><\/span><\/li>\n<li><span class=\"JLqJ4b\" data-language-for-alternatives=\"es\" data-language-to-translate-into=\"en\" data-phrase-index=\"1\"><span class=\"JLqJ4b ChMk0b\" data-language-for-alternatives=\"es\" data-language-to-translate-into=\"en\" data-phrase-index=\"2\"><strong>La tumba del soldado desconocido<\/strong><\/span><\/span><\/li>\n<li><span class=\"JLqJ4b\" data-language-for-alternatives=\"es\" data-language-to-translate-into=\"en\" data-phrase-index=\"1\"><span class=\"JLqJ4b ChMk0b\" data-language-for-alternatives=\"es\" data-language-to-translate-into=\"en\" data-phrase-index=\"2\"><strong>\u00a0Calle Arbat<\/strong><\/span><\/span><\/li>\n<li><span class=\"JLqJ4b\" data-language-for-alternatives=\"es\" data-language-to-translate-into=\"en\" data-phrase-index=\"1\"><span class=\"JLqJ4b ChMk0b\" data-language-for-alternatives=\"es\" data-language-to-translate-into=\"en\" data-phrase-index=\"2\">\u00a0\u00a1Mucho m\u00e1s! <\/span><\/span><\/li>\n<\/ul>\n<p><span class=\"JLqJ4b\" data-language-for-alternatives=\"es\" data-language-to-translate-into=\"en\" data-phrase-index=\"1\"><span class=\"JLqJ4b ChMk0b\" data-language-for-alternatives=\"es\" data-language-to-translate-into=\"en\" data-phrase-index=\"2\">Por \u00faltimo, este tour privado a pie por Mosc\u00fa terminar\u00e1 en el centro de la ciudad de Mosc\u00fa. Para este tour privado, si lo prefiere, podemos organizar transporte privado.\u00a0<\/span><\/span><\/p>\n<p>Contamos con varias opciones de tours privados en y desde Mosc\u00fa, \u00a1mire <a href=\"https:\/\/tourtravelandmore.com\/es\/ciudad\/rusia-es\/moscu-es\/\">aqu\u00ed<\/a>!<\/p>\n","protected":false},"excerpt":{"rendered":"<p>Tome esta oportunidad para conocer y disfrutar de esta hermosa ciudad con nuestro Tour Privado a pie por Mosc\u00fa. Disfruta de los monumentos y zonas m\u00e1s emblem\u00e1ticas como <strong>Plaza Roja: La catedral San Basilio, el Mausoleo de Lenin<\/strong><b>\u00a0<\/b>y muchos lugares m\u00e1s.<\/p>\n<p>&nbsp;<\/p>\n","protected":false},"featured_media":79080,"comment_status":"open","ping_status":"closed","template":"","meta":{"_acf_changed":false},"product_brand":[],"product_cat":[2174,2175,2178,2177],"product_tag":[],"class_list":{"0":"post-79062","1":"product","2":"type-product","3":"status-publish","4":"has-post-thumbnail","6":"product_cat-rusia-es","7":"product_cat-moscu-es","8":"product_cat-moscu-actividades-es","9":"product_cat-moscu-a-pie-es","11":"first","12":"instock","13":"shipping-taxable","14":"purchasable","15":"product-type-simple"},"acf":[],"yoast_head":"<!-- This site is optimized with the Yoast SEO Premium plugin v25.3.1 (Yoast SEO v25.3.1) - https:\/\/yoast.com\/wordpress\/plugins\/seo\/ -->\n<title>\u27a1\ufe0f Tour Privado a pie por Mosc\u00fa con gu\u00eda profesional local | Tour Travel &amp; More<\/title>\n<meta name=\"description\" content=\"Conozca los lugares mas emblem\u00e1ticos de la capital de Rusia con nuestro Tour Privado a pie por Mosc\u00fa con gu\u00eda oficial local \u2705\" \/>\n<meta name=\"robots\" content=\"index, follow, max-snippet:-1, max-image-preview:large, max-video-preview:-1\" \/>\n<link rel=\"canonical\" href=\"https:\/\/tourtravelandmore.com\/es\/tours\/rusia-es\/moscu-es\/moscu-a-pie-es\/tour-privado-a-pie-por-moscu\/\" \/>\n<meta property=\"og:locale\" content=\"es_ES\" \/>\n<meta property=\"og:type\" content=\"article\" \/>\n<meta property=\"og:title\" content=\"Tour Privado a pie por Mosc\u00fa\" \/>\n<meta property=\"og:description\" content=\"Conozca los lugares mas emblem\u00e1ticos de la capital de Rusia con nuestro Tour Privado a pie por Mosc\u00fa con gu\u00eda oficial local \u2705\" \/>\n<meta property=\"og:url\" content=\"https:\/\/tourtravelandmore.com\/es\/tours\/rusia-es\/moscu-es\/moscu-a-pie-es\/tour-privado-a-pie-por-moscu\/\" \/>\n<meta property=\"og:site_name\" content=\"Tour Travel And More\" \/>\n<meta property=\"article:publisher\" content=\"https:\/\/www.facebook.com\/tourtravelandmore\/\" \/>\n<meta property=\"article:modified_time\" content=\"2024-02-12T09:42:11+00:00\" \/>\n<meta property=\"og:image\" content=\"https:\/\/tourtravelandmore.com\/wp-content\/uploads\/2020\/03\/St_Basil_Moscow.jpg\" \/>\n\t<meta property=\"og:image:width\" content=\"836\" \/>\n\t<meta property=\"og:image:height\" content=\"899\" \/>\n\t<meta property=\"og:image:type\" content=\"image\/jpeg\" \/>\n<meta name=\"twitter:card\" content=\"summary_large_image\" \/>\n<meta name=\"twitter:site\" content=\"@TourTravel_More\" \/>\n<meta name=\"twitter:label1\" content=\"Tiempo de lectura\" \/>\n\t<meta name=\"twitter:data1\" content=\"3 minutos\" \/>\n<script type=\"application\/ld+json\" class=\"yoast-schema-graph\">{\"@context\":\"https:\/\/schema.org\",\"@graph\":[{\"@type\":\"WebPage\",\"@id\":\"https:\/\/tourtravelandmore.com\/es\/tours\/rusia-es\/moscu-es\/moscu-a-pie-es\/tour-privado-a-pie-por-moscu\/\",\"url\":\"https:\/\/tourtravelandmore.com\/es\/tours\/rusia-es\/moscu-es\/moscu-a-pie-es\/tour-privado-a-pie-por-moscu\/\",\"name\":\"\u27a1\ufe0f Tour Privado a pie por Mosc\u00fa con gu\u00eda profesional local | Tour Travel & More\",\"isPartOf\":{\"@id\":\"https:\/\/tourtravelandmore.com\/es\/#website\"},\"primaryImageOfPage\":{\"@id\":\"https:\/\/tourtravelandmore.com\/es\/tours\/rusia-es\/moscu-es\/moscu-a-pie-es\/tour-privado-a-pie-por-moscu\/#primaryimage\"},\"image\":{\"@id\":\"https:\/\/tourtravelandmore.com\/es\/tours\/rusia-es\/moscu-es\/moscu-a-pie-es\/tour-privado-a-pie-por-moscu\/#primaryimage\"},\"thumbnailUrl\":\"https:\/\/tourtravelandmore.com\/wp-content\/uploads\/2020\/03\/St_Basil_Moscow.jpg\",\"datePublished\":\"2020-03-27T11:05:18+00:00\",\"dateModified\":\"2024-02-12T09:42:11+00:00\",\"description\":\"Conozca los lugares mas emblem\u00e1ticos de la capital de Rusia con nuestro Tour Privado a pie por Mosc\u00fa con gu\u00eda oficial local \u2705\",\"breadcrumb\":{\"@id\":\"https:\/\/tourtravelandmore.com\/es\/tours\/rusia-es\/moscu-es\/moscu-a-pie-es\/tour-privado-a-pie-por-moscu\/#breadcrumb\"},\"inLanguage\":\"es\",\"potentialAction\":[{\"@type\":\"ReadAction\",\"target\":[\"https:\/\/tourtravelandmore.com\/es\/tours\/rusia-es\/moscu-es\/moscu-a-pie-es\/tour-privado-a-pie-por-moscu\/\"]}]},{\"@type\":\"ImageObject\",\"inLanguage\":\"es\",\"@id\":\"https:\/\/tourtravelandmore.com\/es\/tours\/rusia-es\/moscu-es\/moscu-a-pie-es\/tour-privado-a-pie-por-moscu\/#primaryimage\",\"url\":\"https:\/\/tourtravelandmore.com\/wp-content\/uploads\/2020\/03\/St_Basil_Moscow.jpg\",\"contentUrl\":\"https:\/\/tourtravelandmore.com\/wp-content\/uploads\/2020\/03\/St_Basil_Moscow.jpg\",\"width\":836,\"height\":899,\"caption\":\"\u041f\u043e\u043a\u0440\u043e\u0432\u0441\u043a\u0438\u0439 \u0421\u043e\u0431\u043e\u0440\"},{\"@type\":\"BreadcrumbList\",\"@id\":\"https:\/\/tourtravelandmore.com\/es\/tours\/rusia-es\/moscu-es\/moscu-a-pie-es\/tour-privado-a-pie-por-moscu\/#breadcrumb\",\"itemListElement\":[{\"@type\":\"ListItem\",\"position\":1,\"name\":\"Home\",\"item\":\"https:\/\/tourtravelandmore.com\/es\/\"},{\"@type\":\"ListItem\",\"position\":2,\"name\":\"Tours\",\"item\":\"https:\/\/tourtravelandmore.com\/es\/tours\/\"},{\"@type\":\"ListItem\",\"position\":3,\"name\":\"Tour Privado a pie por Mosc\u00fa\"}]},{\"@type\":\"WebSite\",\"@id\":\"https:\/\/tourtravelandmore.com\/es\/#website\",\"url\":\"https:\/\/tourtravelandmore.com\/es\/\",\"name\":\"Tour Travel And More\",\"description\":\"Private sightseeing tours and luxury transfers in Spain\",\"publisher\":{\"@id\":\"https:\/\/tourtravelandmore.com\/es\/#organization\"},\"potentialAction\":[{\"@type\":\"SearchAction\",\"target\":{\"@type\":\"EntryPoint\",\"urlTemplate\":\"https:\/\/tourtravelandmore.com\/es\/?s={search_term_string}\"},\"query-input\":{\"@type\":\"PropertyValueSpecification\",\"valueRequired\":true,\"valueName\":\"search_term_string\"}}],\"inLanguage\":\"es\"},{\"@type\":\"Organization\",\"@id\":\"https:\/\/tourtravelandmore.com\/es\/#organization\",\"name\":\"Tour Travel And More\",\"url\":\"https:\/\/tourtravelandmore.com\/es\/\",\"logo\":{\"@type\":\"ImageObject\",\"inLanguage\":\"es\",\"@id\":\"https:\/\/tourtravelandmore.com\/es\/#\/schema\/logo\/image\/\",\"url\":\"https:\/\/tourtravelandmore.com\/wp-content\/uploads\/2022\/12\/cropped-logo-cabecera-new.png\",\"contentUrl\":\"https:\/\/tourtravelandmore.com\/wp-content\/uploads\/2022\/12\/cropped-logo-cabecera-new.png\",\"width\":430,\"height\":61,\"caption\":\"Tour Travel And More\"},\"image\":{\"@id\":\"https:\/\/tourtravelandmore.com\/es\/#\/schema\/logo\/image\/\"},\"sameAs\":[\"https:\/\/www.facebook.com\/tourtravelandmore\/\",\"https:\/\/x.com\/TourTravel_More\"]}]}<\/script>\n<!-- \/ Yoast SEO Premium plugin. -->","yoast_head_json":{"title":"\u27a1\ufe0f Tour Privado a pie por Mosc\u00fa con gu\u00eda profesional local | Tour Travel & More","description":"Conozca los lugares mas emblem\u00e1ticos de la capital de Rusia con nuestro Tour Privado a pie por Mosc\u00fa con gu\u00eda oficial local \u2705","robots":{"index":"index","follow":"follow","max-snippet":"max-snippet:-1","max-image-preview":"max-image-preview:large","max-video-preview":"max-video-preview:-1"},"canonical":"https:\/\/tourtravelandmore.com\/es\/tours\/rusia-es\/moscu-es\/moscu-a-pie-es\/tour-privado-a-pie-por-moscu\/","og_locale":"es_ES","og_type":"article","og_title":"Tour Privado a pie por Mosc\u00fa","og_description":"Conozca los lugares mas emblem\u00e1ticos de la capital de Rusia con nuestro Tour Privado a pie por Mosc\u00fa con gu\u00eda oficial local \u2705","og_url":"https:\/\/tourtravelandmore.com\/es\/tours\/rusia-es\/moscu-es\/moscu-a-pie-es\/tour-privado-a-pie-por-moscu\/","og_site_name":"Tour Travel And More","article_publisher":"https:\/\/www.facebook.com\/tourtravelandmore\/","article_modified_time":"2024-02-12T09:42:11+00:00","og_image":[{"width":836,"height":899,"url":"https:\/\/tourtravelandmore.com\/wp-content\/uploads\/2020\/03\/St_Basil_Moscow.jpg","type":"image\/jpeg"}],"twitter_card":"summary_large_image","twitter_site":"@TourTravel_More","twitter_misc":{"Tiempo de lectura":"3 minutos"},"schema":{"@context":"https:\/\/schema.org","@graph":[{"@type":"WebPage","@id":"https:\/\/tourtravelandmore.com\/es\/tours\/rusia-es\/moscu-es\/moscu-a-pie-es\/tour-privado-a-pie-por-moscu\/","url":"https:\/\/tourtravelandmore.com\/es\/tours\/rusia-es\/moscu-es\/moscu-a-pie-es\/tour-privado-a-pie-por-moscu\/","name":"\u27a1\ufe0f Tour Privado a pie por Mosc\u00fa con gu\u00eda profesional local | Tour Travel & More","isPartOf":{"@id":"https:\/\/tourtravelandmore.com\/es\/#website"},"primaryImageOfPage":{"@id":"https:\/\/tourtravelandmore.com\/es\/tours\/rusia-es\/moscu-es\/moscu-a-pie-es\/tour-privado-a-pie-por-moscu\/#primaryimage"},"image":{"@id":"https:\/\/tourtravelandmore.com\/es\/tours\/rusia-es\/moscu-es\/moscu-a-pie-es\/tour-privado-a-pie-por-moscu\/#primaryimage"},"thumbnailUrl":"https:\/\/tourtravelandmore.com\/wp-content\/uploads\/2020\/03\/St_Basil_Moscow.jpg","datePublished":"2020-03-27T11:05:18+00:00","dateModified":"2024-02-12T09:42:11+00:00","description":"Conozca los lugares mas emblem\u00e1ticos de la capital de Rusia con nuestro Tour Privado a pie por Mosc\u00fa con gu\u00eda oficial local \u2705","breadcrumb":{"@id":"https:\/\/tourtravelandmore.com\/es\/tours\/rusia-es\/moscu-es\/moscu-a-pie-es\/tour-privado-a-pie-por-moscu\/#breadcrumb"},"inLanguage":"es","potentialAction":[{"@type":"ReadAction","target":["https:\/\/tourtravelandmore.com\/es\/tours\/rusia-es\/moscu-es\/moscu-a-pie-es\/tour-privado-a-pie-por-moscu\/"]}]},{"@type":"ImageObject","inLanguage":"es","@id":"https:\/\/tourtravelandmore.com\/es\/tours\/rusia-es\/moscu-es\/moscu-a-pie-es\/tour-privado-a-pie-por-moscu\/#primaryimage","url":"https:\/\/tourtravelandmore.com\/wp-content\/uploads\/2020\/03\/St_Basil_Moscow.jpg","contentUrl":"https:\/\/tourtravelandmore.com\/wp-content\/uploads\/2020\/03\/St_Basil_Moscow.jpg","width":836,"height":899,"caption":"\u041f\u043e\u043a\u0440\u043e\u0432\u0441\u043a\u0438\u0439 \u0421\u043e\u0431\u043e\u0440"},{"@type":"BreadcrumbList","@id":"https:\/\/tourtravelandmore.com\/es\/tours\/rusia-es\/moscu-es\/moscu-a-pie-es\/tour-privado-a-pie-por-moscu\/#breadcrumb","itemListElement":[{"@type":"ListItem","position":1,"name":"Home","item":"https:\/\/tourtravelandmore.com\/es\/"},{"@type":"ListItem","position":2,"name":"Tours","item":"https:\/\/tourtravelandmore.com\/es\/tours\/"},{"@type":"ListItem","position":3,"name":"Tour Privado a pie por Mosc\u00fa"}]},{"@type":"WebSite","@id":"https:\/\/tourtravelandmore.com\/es\/#website","url":"https:\/\/tourtravelandmore.com\/es\/","name":"Tour Travel And More","description":"Private sightseeing tours and luxury transfers in Spain","publisher":{"@id":"https:\/\/tourtravelandmore.com\/es\/#organization"},"potentialAction":[{"@type":"SearchAction","target":{"@type":"EntryPoint","urlTemplate":"https:\/\/tourtravelandmore.com\/es\/?s={search_term_string}"},"query-input":{"@type":"PropertyValueSpecification","valueRequired":true,"valueName":"search_term_string"}}],"inLanguage":"es"},{"@type":"Organization","@id":"https:\/\/tourtravelandmore.com\/es\/#organization","name":"Tour Travel And More","url":"https:\/\/tourtravelandmore.com\/es\/","logo":{"@type":"ImageObject","inLanguage":"es","@id":"https:\/\/tourtravelandmore.com\/es\/#\/schema\/logo\/image\/","url":"https:\/\/tourtravelandmore.com\/wp-content\/uploads\/2022\/12\/cropped-logo-cabecera-new.png","contentUrl":"https:\/\/tourtravelandmore.com\/wp-content\/uploads\/2022\/12\/cropped-logo-cabecera-new.png","width":430,"height":61,"caption":"Tour Travel And More"},"image":{"@id":"https:\/\/tourtravelandmore.com\/es\/#\/schema\/logo\/image\/"},"sameAs":["https:\/\/www.facebook.com\/tourtravelandmore\/","https:\/\/x.com\/TourTravel_More"]}]}},"_links":{"self":[{"href":"https:\/\/tourtravelandmore.com\/es\/wp-json\/wp\/v2\/product\/79062","targetHints":{"allow":["GET"]}}],"collection":[{"href":"https:\/\/tourtravelandmore.com\/es\/wp-json\/wp\/v2\/product"}],"about":[{"href":"https:\/\/tourtravelandmore.com\/es\/wp-json\/wp\/v2\/types\/product"}],"replies":[{"embeddable":true,"href":"https:\/\/tourtravelandmore.com\/es\/wp-json\/wp\/v2\/comments?post=79062"}],"wp:featuredmedia":[{"embeddable":true,"href":"https:\/\/tourtravelandmore.com\/es\/wp-json\/wp\/v2\/media\/79080"}],"wp:attachment":[{"href":"https:\/\/tourtravelandmore.com\/es\/wp-json\/wp\/v2\/media?parent=79062"}],"wp:term":[{"taxonomy":"product_brand","embeddable":true,"href":"https:\/\/tourtravelandmore.com\/es\/wp-json\/wp\/v2\/product_brand?post=79062"},{"taxonomy":"product_cat","embeddable":true,"href":"https:\/\/tourtravelandmore.com\/es\/wp-json\/wp\/v2\/product_cat?post=79062"},{"taxonomy":"product_tag","embeddable":true,"href":"https:\/\/tourtravelandmore.com\/es\/wp-json\/wp\/v2\/product_tag?post=79062"}],"curies":[{"name":"wp","href":"https:\/\/api.w.org\/{rel}","templated":true}]}}