{"id":79026,"date":"2020-03-26T12:10:25","date_gmt":"2020-03-26T11:10:26","guid":{"rendered":"https:\/\/tourtravelandmore.com\/?post_type=product&#038;p=79026"},"modified":"2025-01-28T20:10:19","modified_gmt":"2025-01-28T19:10:19","slug":"tour-privado-a-napa-sonoma-desde-san-francisco","status":"publish","type":"product","link":"https:\/\/tourtravelandmore.com\/es\/tours\/eeuu-es\/san-francisco-es\/san-francisco-actividades-es\/tour-privado-a-napa-sonoma-desde-san-francisco\/","title":{"rendered":"Tour privado a vi\u00f1edos en Napa y Sonoma"},"content":{"rendered":"<h2><b><strong>Descripci\u00f3n de la ruta del vino por los valles de Napa y Sonoma<\/strong><\/b><\/h2>\n<p>Explore dos de las <b><strong>regiones vin\u00edcolas<\/strong><\/b> m\u00e1s maravillosas <b><strong>de California:<\/strong><\/b> <b><strong>Napa y Sonoma<\/strong><\/b>. Prep\u00e1rese para explorar esta hermosa zona y visitar algunas de sus mejores bodegas con un conductor local desde San Francisco. Aproveche al m\u00e1ximo su estancia en California y disfrute de nuestra excursi\u00f3n a las bodegas del valle de Napa desde San Francisco.<\/p>\n<p>En primer lugar le recogeremos en su hotel o lugar de su elecci\u00f3n (puerto de cruceros, aeropuerto o apartamento) en <b>San Francisco<\/b>. Despu\u00e9s dar\u00e1 comienzo su experiencia a medida. \u00a1Podr\u00e1 degustar los mejores vinos de California!<\/p>\n<p>P\u00f3ngase en contacto con nosotros y nuestro equipo de expertos le ayudar\u00e1 a organizar una experiencia totalmente personalizada.<\/p>\n<h2><b><strong>Puntos de inter\u00e9s y lugares emblem\u00e1ticos de Napa y Sonoma<\/strong><\/b><\/h2>\n<p>Durante su excursi\u00f3n a las bodegas del valle de Napa desde San Francisco descubrir\u00e1 las maravillosas regiones vin\u00edcolas de <b><strong>Napa y Sonoma <\/strong><\/b>con un conductor experto. Sienta el fresco olor de la naturaleza y conduzca 1 hora desde San Francisco hasta esta maravillosa regi\u00f3n vin\u00edcola. En 1976 el Juicio de Par\u00eds declar\u00f3 que los vinos del Valle de Napa y Sonoma eran considerados tan buenos y, en algunos casos, mejores que las ofertas m\u00e1s prestigiosas de Francia. A partir de entonces, la comunidad internacional empez\u00f3 a darse cuenta de lo bueno que es el vino americano y su popularidad creci\u00f3.<\/p>\n<p>Tanto Napa como <a href=\"https:\/\/www.sonomavalley.com\/\" data-mce-href=\"https:\/\/www.sonomavalley.com\/\">Sonoma<\/a> son l\u00edderes en turismo sostenible. Perm\u00edtanos ayudarle a explorar esta hermosa regi\u00f3n de California a su propio ritmo.<\/p>\n<p>Visitar\u00e1 2 bodegas de la regi\u00f3n y tambi\u00e9n podr\u00e1 visitar el mercado p\u00fablico Oxbow para almorzar. El precio de nuestra excursi\u00f3n privada incluye las catas de vino en 2 bodegas diferentes de la regi\u00f3n. Su conductor\/gu\u00eda privado ser\u00e1 un profundo conocedor de la zona y sus bodegas.<\/p>\n<p>Si lo prefiere, podemos organizar el almuerzo en un restaurante concreto con antelaci\u00f3n. P\u00f3ngase en contacto con nosotros para una propuesta personalizada.<\/p>\n","protected":false},"excerpt":{"rendered":"<p>Explore dos de las <b><strong>regiones vin\u00edcolas<\/strong><\/b> m\u00e1s maravillosas <b><strong>de California:<\/strong><\/b> <b><strong>Napa y Sonoma<\/strong><\/b>. Prep\u00e1rese para explorar esta hermosa zona y visitar algunas de sus mejores bodegas con un conductor local desde San Francisco. Aproveche al m\u00e1ximo su estancia en California y disfrute de nuestra excursi\u00f3n a las bodegas del valle de Napa desde San Francisco.<\/p>\n","protected":false},"featured_media":79044,"comment_status":"open","ping_status":"closed","template":"","meta":{"_acf_changed":false},"product_brand":[],"product_cat":[1602,2149,2155,2663],"product_tag":[],"class_list":{"0":"post-79026","1":"product","2":"type-product","3":"status-publish","4":"has-post-thumbnail","6":"product_cat-eeuu-es","7":"product_cat-san-francisco-es","8":"product_cat-san-francisco-actividades-es","9":"product_cat-san-francisco-tours-es","11":"first","12":"instock","13":"shipping-taxable","14":"purchasable","15":"product-type-simple"},"acf":[],"yoast_head":"<!-- This site is optimized with the Yoast SEO Premium plugin v25.3.1 (Yoast SEO v25.3.1) - https:\/\/yoast.com\/wordpress\/plugins\/seo\/ -->\n<title>Tour privado a Napa y Sonoma desde San Francisco | Tour Travel &amp; More<\/title>\n<meta name=\"description\" content=\"\u2192 Disfrute nuestro tour privado a Napa y Sonoma desde San Francisco junto a su chofer\/gu\u00eda. Sera una experiencia de lujo inolvidable \u2705\" \/>\n<meta name=\"robots\" content=\"index, follow, max-snippet:-1, max-image-preview:large, max-video-preview:-1\" \/>\n<link rel=\"canonical\" href=\"https:\/\/tourtravelandmore.com\/es\/tours\/eeuu-es\/san-francisco-es\/san-francisco-actividades-es\/tour-privado-a-napa-sonoma-desde-san-francisco\/\" \/>\n<meta property=\"og:locale\" content=\"es_ES\" \/>\n<meta property=\"og:type\" content=\"article\" \/>\n<meta property=\"og:title\" content=\"Tour privado a vi\u00f1edos en Napa y Sonoma\" \/>\n<meta property=\"og:description\" content=\"\u2192 Disfrute nuestro tour privado a Napa y Sonoma desde San Francisco junto a su chofer\/gu\u00eda. Sera una experiencia de lujo inolvidable \u2705\" \/>\n<meta property=\"og:url\" content=\"https:\/\/tourtravelandmore.com\/es\/tours\/eeuu-es\/san-francisco-es\/san-francisco-actividades-es\/tour-privado-a-napa-sonoma-desde-san-francisco\/\" \/>\n<meta property=\"og:site_name\" content=\"Tour Travel And More\" \/>\n<meta property=\"article:publisher\" content=\"https:\/\/www.facebook.com\/tourtravelandmore\/\" \/>\n<meta property=\"article:modified_time\" content=\"2025-01-28T19:10:19+00:00\" \/>\n<meta property=\"og:image\" content=\"https:\/\/tourtravelandmore.com\/wp-content\/uploads\/2020\/03\/Napa3.jpg\" \/>\n\t<meta property=\"og:image:width\" content=\"1280\" \/>\n\t<meta property=\"og:image:height\" content=\"847\" \/>\n\t<meta property=\"og:image:type\" content=\"image\/jpeg\" \/>\n<meta name=\"twitter:card\" content=\"summary_large_image\" \/>\n<meta name=\"twitter:site\" content=\"@TourTravel_More\" \/>\n<meta name=\"twitter:label1\" content=\"Tiempo de lectura\" \/>\n\t<meta name=\"twitter:data1\" content=\"2 minutos\" \/>\n<script type=\"application\/ld+json\" class=\"yoast-schema-graph\">{\"@context\":\"https:\/\/schema.org\",\"@graph\":[{\"@type\":\"WebPage\",\"@id\":\"https:\/\/tourtravelandmore.com\/es\/tours\/eeuu-es\/san-francisco-es\/san-francisco-actividades-es\/tour-privado-a-napa-sonoma-desde-san-francisco\/\",\"url\":\"https:\/\/tourtravelandmore.com\/es\/tours\/eeuu-es\/san-francisco-es\/san-francisco-actividades-es\/tour-privado-a-napa-sonoma-desde-san-francisco\/\",\"name\":\"Tour privado a Napa y Sonoma desde San Francisco | Tour Travel & More\",\"isPartOf\":{\"@id\":\"https:\/\/tourtravelandmore.com\/es\/#website\"},\"primaryImageOfPage\":{\"@id\":\"https:\/\/tourtravelandmore.com\/es\/tours\/eeuu-es\/san-francisco-es\/san-francisco-actividades-es\/tour-privado-a-napa-sonoma-desde-san-francisco\/#primaryimage\"},\"image\":{\"@id\":\"https:\/\/tourtravelandmore.com\/es\/tours\/eeuu-es\/san-francisco-es\/san-francisco-actividades-es\/tour-privado-a-napa-sonoma-desde-san-francisco\/#primaryimage\"},\"thumbnailUrl\":\"https:\/\/tourtravelandmore.com\/wp-content\/uploads\/2020\/03\/Napa3.jpg\",\"datePublished\":\"2020-03-26T11:10:26+00:00\",\"dateModified\":\"2025-01-28T19:10:19+00:00\",\"description\":\"\u2192 Disfrute nuestro tour privado a Napa y Sonoma desde San Francisco junto a su chofer\/gu\u00eda. Sera una experiencia de lujo inolvidable \u2705\",\"breadcrumb\":{\"@id\":\"https:\/\/tourtravelandmore.com\/es\/tours\/eeuu-es\/san-francisco-es\/san-francisco-actividades-es\/tour-privado-a-napa-sonoma-desde-san-francisco\/#breadcrumb\"},\"inLanguage\":\"es\",\"potentialAction\":[{\"@type\":\"ReadAction\",\"target\":[\"https:\/\/tourtravelandmore.com\/es\/tours\/eeuu-es\/san-francisco-es\/san-francisco-actividades-es\/tour-privado-a-napa-sonoma-desde-san-francisco\/\"]}]},{\"@type\":\"ImageObject\",\"inLanguage\":\"es\",\"@id\":\"https:\/\/tourtravelandmore.com\/es\/tours\/eeuu-es\/san-francisco-es\/san-francisco-actividades-es\/tour-privado-a-napa-sonoma-desde-san-francisco\/#primaryimage\",\"url\":\"https:\/\/tourtravelandmore.com\/wp-content\/uploads\/2020\/03\/Napa3.jpg\",\"contentUrl\":\"https:\/\/tourtravelandmore.com\/wp-content\/uploads\/2020\/03\/Napa3.jpg\",\"width\":1280,\"height\":847},{\"@type\":\"BreadcrumbList\",\"@id\":\"https:\/\/tourtravelandmore.com\/es\/tours\/eeuu-es\/san-francisco-es\/san-francisco-actividades-es\/tour-privado-a-napa-sonoma-desde-san-francisco\/#breadcrumb\",\"itemListElement\":[{\"@type\":\"ListItem\",\"position\":1,\"name\":\"Home\",\"item\":\"https:\/\/tourtravelandmore.com\/es\/\"},{\"@type\":\"ListItem\",\"position\":2,\"name\":\"Tours\",\"item\":\"https:\/\/tourtravelandmore.com\/es\/tours\/\"},{\"@type\":\"ListItem\",\"position\":3,\"name\":\"Tour privado a vi\u00f1edos en Napa y Sonoma\"}]},{\"@type\":\"WebSite\",\"@id\":\"https:\/\/tourtravelandmore.com\/es\/#website\",\"url\":\"https:\/\/tourtravelandmore.com\/es\/\",\"name\":\"Tour Travel And More\",\"description\":\"Private sightseeing tours and luxury transfers in Spain\",\"publisher\":{\"@id\":\"https:\/\/tourtravelandmore.com\/es\/#organization\"},\"potentialAction\":[{\"@type\":\"SearchAction\",\"target\":{\"@type\":\"EntryPoint\",\"urlTemplate\":\"https:\/\/tourtravelandmore.com\/es\/?s={search_term_string}\"},\"query-input\":{\"@type\":\"PropertyValueSpecification\",\"valueRequired\":true,\"valueName\":\"search_term_string\"}}],\"inLanguage\":\"es\"},{\"@type\":\"Organization\",\"@id\":\"https:\/\/tourtravelandmore.com\/es\/#organization\",\"name\":\"Tour Travel And More\",\"url\":\"https:\/\/tourtravelandmore.com\/es\/\",\"logo\":{\"@type\":\"ImageObject\",\"inLanguage\":\"es\",\"@id\":\"https:\/\/tourtravelandmore.com\/es\/#\/schema\/logo\/image\/\",\"url\":\"https:\/\/tourtravelandmore.com\/wp-content\/uploads\/2022\/12\/cropped-logo-cabecera-new.png\",\"contentUrl\":\"https:\/\/tourtravelandmore.com\/wp-content\/uploads\/2022\/12\/cropped-logo-cabecera-new.png\",\"width\":430,\"height\":61,\"caption\":\"Tour Travel And More\"},\"image\":{\"@id\":\"https:\/\/tourtravelandmore.com\/es\/#\/schema\/logo\/image\/\"},\"sameAs\":[\"https:\/\/www.facebook.com\/tourtravelandmore\/\",\"https:\/\/x.com\/TourTravel_More\"]}]}<\/script>\n<!-- \/ Yoast SEO Premium plugin. -->","yoast_head_json":{"title":"Tour privado a Napa y Sonoma desde San Francisco | Tour Travel & More","description":"\u2192 Disfrute nuestro tour privado a Napa y Sonoma desde San Francisco junto a su chofer\/gu\u00eda. Sera una experiencia de lujo inolvidable \u2705","robots":{"index":"index","follow":"follow","max-snippet":"max-snippet:-1","max-image-preview":"max-image-preview:large","max-video-preview":"max-video-preview:-1"},"canonical":"https:\/\/tourtravelandmore.com\/es\/tours\/eeuu-es\/san-francisco-es\/san-francisco-actividades-es\/tour-privado-a-napa-sonoma-desde-san-francisco\/","og_locale":"es_ES","og_type":"article","og_title":"Tour privado a vi\u00f1edos en Napa y Sonoma","og_description":"\u2192 Disfrute nuestro tour privado a Napa y Sonoma desde San Francisco junto a su chofer\/gu\u00eda. Sera una experiencia de lujo inolvidable \u2705","og_url":"https:\/\/tourtravelandmore.com\/es\/tours\/eeuu-es\/san-francisco-es\/san-francisco-actividades-es\/tour-privado-a-napa-sonoma-desde-san-francisco\/","og_site_name":"Tour Travel And More","article_publisher":"https:\/\/www.facebook.com\/tourtravelandmore\/","article_modified_time":"2025-01-28T19:10:19+00:00","og_image":[{"width":1280,"height":847,"url":"https:\/\/tourtravelandmore.com\/wp-content\/uploads\/2020\/03\/Napa3.jpg","type":"image\/jpeg"}],"twitter_card":"summary_large_image","twitter_site":"@TourTravel_More","twitter_misc":{"Tiempo de lectura":"2 minutos"},"schema":{"@context":"https:\/\/schema.org","@graph":[{"@type":"WebPage","@id":"https:\/\/tourtravelandmore.com\/es\/tours\/eeuu-es\/san-francisco-es\/san-francisco-actividades-es\/tour-privado-a-napa-sonoma-desde-san-francisco\/","url":"https:\/\/tourtravelandmore.com\/es\/tours\/eeuu-es\/san-francisco-es\/san-francisco-actividades-es\/tour-privado-a-napa-sonoma-desde-san-francisco\/","name":"Tour privado a Napa y Sonoma desde San Francisco | Tour Travel & More","isPartOf":{"@id":"https:\/\/tourtravelandmore.com\/es\/#website"},"primaryImageOfPage":{"@id":"https:\/\/tourtravelandmore.com\/es\/tours\/eeuu-es\/san-francisco-es\/san-francisco-actividades-es\/tour-privado-a-napa-sonoma-desde-san-francisco\/#primaryimage"},"image":{"@id":"https:\/\/tourtravelandmore.com\/es\/tours\/eeuu-es\/san-francisco-es\/san-francisco-actividades-es\/tour-privado-a-napa-sonoma-desde-san-francisco\/#primaryimage"},"thumbnailUrl":"https:\/\/tourtravelandmore.com\/wp-content\/uploads\/2020\/03\/Napa3.jpg","datePublished":"2020-03-26T11:10:26+00:00","dateModified":"2025-01-28T19:10:19+00:00","description":"\u2192 Disfrute nuestro tour privado a Napa y Sonoma desde San Francisco junto a su chofer\/gu\u00eda. Sera una experiencia de lujo inolvidable \u2705","breadcrumb":{"@id":"https:\/\/tourtravelandmore.com\/es\/tours\/eeuu-es\/san-francisco-es\/san-francisco-actividades-es\/tour-privado-a-napa-sonoma-desde-san-francisco\/#breadcrumb"},"inLanguage":"es","potentialAction":[{"@type":"ReadAction","target":["https:\/\/tourtravelandmore.com\/es\/tours\/eeuu-es\/san-francisco-es\/san-francisco-actividades-es\/tour-privado-a-napa-sonoma-desde-san-francisco\/"]}]},{"@type":"ImageObject","inLanguage":"es","@id":"https:\/\/tourtravelandmore.com\/es\/tours\/eeuu-es\/san-francisco-es\/san-francisco-actividades-es\/tour-privado-a-napa-sonoma-desde-san-francisco\/#primaryimage","url":"https:\/\/tourtravelandmore.com\/wp-content\/uploads\/2020\/03\/Napa3.jpg","contentUrl":"https:\/\/tourtravelandmore.com\/wp-content\/uploads\/2020\/03\/Napa3.jpg","width":1280,"height":847},{"@type":"BreadcrumbList","@id":"https:\/\/tourtravelandmore.com\/es\/tours\/eeuu-es\/san-francisco-es\/san-francisco-actividades-es\/tour-privado-a-napa-sonoma-desde-san-francisco\/#breadcrumb","itemListElement":[{"@type":"ListItem","position":1,"name":"Home","item":"https:\/\/tourtravelandmore.com\/es\/"},{"@type":"ListItem","position":2,"name":"Tours","item":"https:\/\/tourtravelandmore.com\/es\/tours\/"},{"@type":"ListItem","position":3,"name":"Tour privado a vi\u00f1edos en Napa y Sonoma"}]},{"@type":"WebSite","@id":"https:\/\/tourtravelandmore.com\/es\/#website","url":"https:\/\/tourtravelandmore.com\/es\/","name":"Tour Travel And More","description":"Private sightseeing tours and luxury transfers in Spain","publisher":{"@id":"https:\/\/tourtravelandmore.com\/es\/#organization"},"potentialAction":[{"@type":"SearchAction","target":{"@type":"EntryPoint","urlTemplate":"https:\/\/tourtravelandmore.com\/es\/?s={search_term_string}"},"query-input":{"@type":"PropertyValueSpecification","valueRequired":true,"valueName":"search_term_string"}}],"inLanguage":"es"},{"@type":"Organization","@id":"https:\/\/tourtravelandmore.com\/es\/#organization","name":"Tour Travel And More","url":"https:\/\/tourtravelandmore.com\/es\/","logo":{"@type":"ImageObject","inLanguage":"es","@id":"https:\/\/tourtravelandmore.com\/es\/#\/schema\/logo\/image\/","url":"https:\/\/tourtravelandmore.com\/wp-content\/uploads\/2022\/12\/cropped-logo-cabecera-new.png","contentUrl":"https:\/\/tourtravelandmore.com\/wp-content\/uploads\/2022\/12\/cropped-logo-cabecera-new.png","width":430,"height":61,"caption":"Tour Travel And More"},"image":{"@id":"https:\/\/tourtravelandmore.com\/es\/#\/schema\/logo\/image\/"},"sameAs":["https:\/\/www.facebook.com\/tourtravelandmore\/","https:\/\/x.com\/TourTravel_More"]}]}},"_links":{"self":[{"href":"https:\/\/tourtravelandmore.com\/es\/wp-json\/wp\/v2\/product\/79026","targetHints":{"allow":["GET"]}}],"collection":[{"href":"https:\/\/tourtravelandmore.com\/es\/wp-json\/wp\/v2\/product"}],"about":[{"href":"https:\/\/tourtravelandmore.com\/es\/wp-json\/wp\/v2\/types\/product"}],"replies":[{"embeddable":true,"href":"https:\/\/tourtravelandmore.com\/es\/wp-json\/wp\/v2\/comments?post=79026"}],"wp:featuredmedia":[{"embeddable":true,"href":"https:\/\/tourtravelandmore.com\/es\/wp-json\/wp\/v2\/media\/79044"}],"wp:attachment":[{"href":"https:\/\/tourtravelandmore.com\/es\/wp-json\/wp\/v2\/media?parent=79026"}],"wp:term":[{"taxonomy":"product_brand","embeddable":true,"href":"https:\/\/tourtravelandmore.com\/es\/wp-json\/wp\/v2\/product_brand?post=79026"},{"taxonomy":"product_cat","embeddable":true,"href":"https:\/\/tourtravelandmore.com\/es\/wp-json\/wp\/v2\/product_cat?post=79026"},{"taxonomy":"product_tag","embeddable":true,"href":"https:\/\/tourtravelandmore.com\/es\/wp-json\/wp\/v2\/product_tag?post=79026"}],"curies":[{"name":"wp","href":"https:\/\/api.w.org\/{rel}","templated":true}]}}