{"id":79011,"date":"2020-03-24T13:30:41","date_gmt":"2020-03-24T12:30:41","guid":{"rendered":"https:\/\/tourtravelandmore.com\/?post_type=product&#038;p=79011"},"modified":"2023-10-27T12:41:32","modified_gmt":"2023-10-27T10:41:32","slug":"tour-privado-de-dia-completo-a-namur-y-dinant-desde-bruselas","status":"publish","type":"product","link":"https:\/\/tourtravelandmore.com\/es\/tours\/belgica-es\/bruselas-es\/tour-privado-de-dia-completo-a-namur-y-dinant-desde-bruselas\/","title":{"rendered":"Tour Privado a Namur y Dinant desde Bruselas"},"content":{"rendered":"<h2>Descripci\u00f3n del Tour Privado a Namur y Dinant desde Bruselas<\/h2>\n<p>Reserva un tour Namur y Dinant desde Bruselas con gu\u00eda oficial y veh\u00edculo de lujo. Descubre dos ciudades en un mismo d\u00eda, gracias a este tour de d\u00eda completo.<\/p>\n<p><span style=\"font-weight: 400;\">Namur y Dinant son dos provincias belgas con derroches de encantos para satisfacer a sus visitantes. Si se encuentra de vacaciones por la capital, le invitamos a tomar un <\/span><b>tour privado de 10 horas a Namur y Dinant desde Bruselas con Tour Travel &amp; More<\/b><span style=\"font-weight: 400;\">. No pierda la oportunidad de recorrer estas dos ciudades a bordo de un <\/span><b>veh\u00edculo privado de lujo<\/b><span style=\"font-weight: 400;\"> y en compa\u00f1\u00eda de un <\/span><b>gu\u00eda oficial<\/b><span style=\"font-weight: 400;\">.<\/span><\/p>\n<p><span style=\"font-weight: 400;\">En este tour Namur y Dinant desde Bruselas, podr\u00e1 admirar la antigua ciudad romana de Namur y sus tantos vestigios de su glorioso pasado. Tambi\u00e9n recorrer\u00e1 la provincia de Dinant, ubicada cerca del r\u00edo Mosa y encajonada entre peque\u00f1os macizos rocosos con un atractivo tur\u00edstico genuino.<\/span><\/p>\n<p><span style=\"font-weight: 400;\">Es un tour privado de 10 horas en un coche privado desde Bruselas, su <\/span><b>gu\u00eda privado multiling\u00fce<\/b> estar\u00e1 esperando en<span style=\"font-weight: 400;\"> Namur y Dinant.<br \/>\n<\/span><\/p>\n<h2><b>Puntos de inter\u00e9s del Tour Privado a Namur y Dinant desde Bruselas<\/b><\/h2>\n<p><span style=\"font-weight: 400;\">El primer recorrido en Namur lo haremos desde la Place d&#8217;Armes, hasta el Pont de Jambes o el puente de la Liberaci\u00f3n, pasando por la Catedral de San Albano y, por supuesto, su suntuosa Ciudadela que data de la Edad Media.\u00a0<\/span><\/p>\n<p><span style=\"font-weight: 400;\">Otros lugares de visita obligada son las abad\u00edas de Floreffe y Maredsous, el magn\u00edfico castillo de Lavaux-Sainte-Anne y el castillo de V\u00eaves, ciertamente antiguo pero bien conservado. Estos cuatro sitios resumen el patrimonio hist\u00f3rico de la provincia muy bien, por lo que son lugares imperdibles en este tour privado.<\/span><\/p>\n<p><span style=\"font-weight: 400;\">Para los amantes de la comida, Namur tiene una variedad de restaurantes de calidad, que han ganado numerosos premios. Por lo que disfrutar\u00e1 el placer de una excelente velada despu\u00e9s de recorrer los principales lugares de inter\u00e9s tur\u00edsticos en Namur.<\/span><\/p>\n<p><span style=\"font-weight: 400;\">Ahora, al llegar a la ciudad de Dinant, le invitamos a descubrir dos rutas encantadoras en un radio de 30 km alrededor de la provincia.\u00a0<\/span><\/p>\n<p><span style=\"font-weight: 400;\">Primero nos detendremos en el <\/span><b>pueblo de Leffe<\/b><span style=\"font-weight: 400;\">, donde podr\u00e1 visitar el Museo de la Cerveza del mismo nombre para conocer su gran secreto que data del siglo XIII. El paisaje te encantar\u00e1 con su sinuoso camino que atraviesa los valles al ritmo del r\u00edo Leffe.<\/span><\/p>\n<p><span style=\"font-weight: 400;\">Luego llegaremos a <\/span><b>Celles<\/b><span style=\"font-weight: 400;\">, uno de los pueblos m\u00e1s bellos de Valonia con numerosas casas de arenisca y piedra caliza, techos de pizarra y algunas fachadas de entramado de madera. Descubrir\u00e1 la iglesia rom\u00e1nica de los siglos XI y XII.<\/span><\/p>\n<p><span style=\"font-weight: 400;\">Podr\u00e1 llegar en telef\u00e9rico hasta la cima de la ciudadela y admirar esta impresionante fortaleza erigida por los holandeses. Desde all\u00ed tambi\u00e9n podr\u00e1 presenciar los panoramas m\u00e1s bellos de B\u00e9lgica. <\/span><\/p>\n<p>Si dispone de m\u00e1s d\u00edas en Bruselas, puedes consultar <a href=\"https:\/\/tourtravelandmore.com\/es\/ciudad\/belgica-es\/bruselas-es\/\"><strong>aqui<\/strong><\/a> el resto de tours privados que ofrecemos.<\/p>\n","protected":false},"excerpt":{"rendered":"<p>Tome ventaja de sus d\u00edas en <strong>Bruselas<\/strong> y disfrute de este <strong>tour privado de 10 horas por Namur y Dinant<\/strong>. Aproveche esta oportunidad para descubrir estas maravillosas ciudades con su propio conductor privado y gu\u00eda tur\u00edstico oficial. No se pierda los monumentos, lugares de inter\u00e9s y las numerosas iglesias, como la<strong> Ciudadela de Namur<\/strong>, la <strong>Catedral de St. Aubain<\/strong>, <strong>la ciudad local de Leffe<\/strong> y mucho m\u00e1s.<\/p>\n","protected":false},"featured_media":79021,"comment_status":"open","ping_status":"closed","template":"","meta":{"_acf_changed":false},"product_brand":[],"product_cat":[1454,1459,1458],"product_tag":[],"class_list":{"0":"post-79011","1":"product","2":"type-product","3":"status-publish","4":"has-post-thumbnail","6":"product_cat-bruselas-es","7":"product_cat-bruselas-actividades-es","8":"product_cat-bruselas-rutas-turisticas-privadas-es","10":"first","11":"instock","12":"shipping-taxable","13":"purchasable","14":"product-type-simple"},"acf":[],"yoast_head":"<!-- This site is optimized with the Yoast SEO Premium plugin v25.3.1 (Yoast SEO v25.3.1) - https:\/\/yoast.com\/wordpress\/plugins\/seo\/ -->\n<title>Tour Privado de dia completo a Namur y Dinant desde Bruselas | TTM<\/title>\n<meta name=\"description\" content=\"Reserva este Tour privado de Namur y Dinant. Conozca los lugares mas bonitos y emblem\u00e1ticos de estas maravillosas ciudades.\" \/>\n<meta name=\"robots\" content=\"index, follow, max-snippet:-1, max-image-preview:large, max-video-preview:-1\" \/>\n<link rel=\"canonical\" href=\"https:\/\/tourtravelandmore.com\/es\/tours\/belgica-es\/bruselas-es\/tour-privado-de-dia-completo-a-namur-y-dinant-desde-bruselas\/\" \/>\n<meta property=\"og:locale\" content=\"es_ES\" \/>\n<meta property=\"og:type\" content=\"article\" \/>\n<meta property=\"og:title\" content=\"Tour Privado a Namur y Dinant desde Bruselas\" \/>\n<meta property=\"og:description\" content=\"Reserva este Tour privado de Namur y Dinant. Conozca los lugares mas bonitos y emblem\u00e1ticos de estas maravillosas ciudades.\" \/>\n<meta property=\"og:url\" content=\"https:\/\/tourtravelandmore.com\/es\/tours\/belgica-es\/bruselas-es\/tour-privado-de-dia-completo-a-namur-y-dinant-desde-bruselas\/\" \/>\n<meta property=\"og:site_name\" content=\"Tour Travel And More\" \/>\n<meta property=\"article:publisher\" content=\"https:\/\/www.facebook.com\/tourtravelandmore\/\" \/>\n<meta property=\"article:modified_time\" content=\"2023-10-27T10:41:32+00:00\" \/>\n<meta property=\"og:image\" content=\"https:\/\/tourtravelandmore.com\/wp-content\/uploads\/2020\/03\/belgium-namur-church-of-saint-loop-from-above.jpg\" \/>\n\t<meta property=\"og:image:width\" content=\"730\" \/>\n\t<meta property=\"og:image:height\" content=\"462\" \/>\n\t<meta property=\"og:image:type\" content=\"image\/jpeg\" \/>\n<meta name=\"twitter:card\" content=\"summary_large_image\" \/>\n<meta name=\"twitter:site\" content=\"@TourTravel_More\" \/>\n<meta name=\"twitter:label1\" content=\"Tiempo de lectura\" \/>\n\t<meta name=\"twitter:data1\" content=\"3 minutos\" \/>\n<script type=\"application\/ld+json\" class=\"yoast-schema-graph\">{\"@context\":\"https:\/\/schema.org\",\"@graph\":[{\"@type\":\"WebPage\",\"@id\":\"https:\/\/tourtravelandmore.com\/es\/tours\/belgica-es\/bruselas-es\/tour-privado-de-dia-completo-a-namur-y-dinant-desde-bruselas\/\",\"url\":\"https:\/\/tourtravelandmore.com\/es\/tours\/belgica-es\/bruselas-es\/tour-privado-de-dia-completo-a-namur-y-dinant-desde-bruselas\/\",\"name\":\"Tour Privado de dia completo a Namur y Dinant desde Bruselas | TTM\",\"isPartOf\":{\"@id\":\"https:\/\/tourtravelandmore.com\/es\/#website\"},\"primaryImageOfPage\":{\"@id\":\"https:\/\/tourtravelandmore.com\/es\/tours\/belgica-es\/bruselas-es\/tour-privado-de-dia-completo-a-namur-y-dinant-desde-bruselas\/#primaryimage\"},\"image\":{\"@id\":\"https:\/\/tourtravelandmore.com\/es\/tours\/belgica-es\/bruselas-es\/tour-privado-de-dia-completo-a-namur-y-dinant-desde-bruselas\/#primaryimage\"},\"thumbnailUrl\":\"https:\/\/tourtravelandmore.com\/wp-content\/uploads\/2020\/03\/belgium-namur-church-of-saint-loop-from-above.jpg\",\"datePublished\":\"2020-03-24T12:30:41+00:00\",\"dateModified\":\"2023-10-27T10:41:32+00:00\",\"description\":\"Reserva este Tour privado de Namur y Dinant. Conozca los lugares mas bonitos y emblem\u00e1ticos de estas maravillosas ciudades.\",\"breadcrumb\":{\"@id\":\"https:\/\/tourtravelandmore.com\/es\/tours\/belgica-es\/bruselas-es\/tour-privado-de-dia-completo-a-namur-y-dinant-desde-bruselas\/#breadcrumb\"},\"inLanguage\":\"es\",\"potentialAction\":[{\"@type\":\"ReadAction\",\"target\":[\"https:\/\/tourtravelandmore.com\/es\/tours\/belgica-es\/bruselas-es\/tour-privado-de-dia-completo-a-namur-y-dinant-desde-bruselas\/\"]}]},{\"@type\":\"ImageObject\",\"inLanguage\":\"es\",\"@id\":\"https:\/\/tourtravelandmore.com\/es\/tours\/belgica-es\/bruselas-es\/tour-privado-de-dia-completo-a-namur-y-dinant-desde-bruselas\/#primaryimage\",\"url\":\"https:\/\/tourtravelandmore.com\/wp-content\/uploads\/2020\/03\/belgium-namur-church-of-saint-loop-from-above.jpg\",\"contentUrl\":\"https:\/\/tourtravelandmore.com\/wp-content\/uploads\/2020\/03\/belgium-namur-church-of-saint-loop-from-above.jpg\",\"width\":730,\"height\":462},{\"@type\":\"BreadcrumbList\",\"@id\":\"https:\/\/tourtravelandmore.com\/es\/tours\/belgica-es\/bruselas-es\/tour-privado-de-dia-completo-a-namur-y-dinant-desde-bruselas\/#breadcrumb\",\"itemListElement\":[{\"@type\":\"ListItem\",\"position\":1,\"name\":\"Home\",\"item\":\"https:\/\/tourtravelandmore.com\/es\/\"},{\"@type\":\"ListItem\",\"position\":2,\"name\":\"Tours\",\"item\":\"https:\/\/tourtravelandmore.com\/es\/tours\/\"},{\"@type\":\"ListItem\",\"position\":3,\"name\":\"Tour Privado a Namur y Dinant desde Bruselas\"}]},{\"@type\":\"WebSite\",\"@id\":\"https:\/\/tourtravelandmore.com\/es\/#website\",\"url\":\"https:\/\/tourtravelandmore.com\/es\/\",\"name\":\"Tour Travel And More\",\"description\":\"Private sightseeing tours and luxury transfers in Spain\",\"publisher\":{\"@id\":\"https:\/\/tourtravelandmore.com\/es\/#organization\"},\"potentialAction\":[{\"@type\":\"SearchAction\",\"target\":{\"@type\":\"EntryPoint\",\"urlTemplate\":\"https:\/\/tourtravelandmore.com\/es\/?s={search_term_string}\"},\"query-input\":{\"@type\":\"PropertyValueSpecification\",\"valueRequired\":true,\"valueName\":\"search_term_string\"}}],\"inLanguage\":\"es\"},{\"@type\":\"Organization\",\"@id\":\"https:\/\/tourtravelandmore.com\/es\/#organization\",\"name\":\"Tour Travel And More\",\"url\":\"https:\/\/tourtravelandmore.com\/es\/\",\"logo\":{\"@type\":\"ImageObject\",\"inLanguage\":\"es\",\"@id\":\"https:\/\/tourtravelandmore.com\/es\/#\/schema\/logo\/image\/\",\"url\":\"https:\/\/tourtravelandmore.com\/wp-content\/uploads\/2022\/12\/cropped-logo-cabecera-new.png\",\"contentUrl\":\"https:\/\/tourtravelandmore.com\/wp-content\/uploads\/2022\/12\/cropped-logo-cabecera-new.png\",\"width\":430,\"height\":61,\"caption\":\"Tour Travel And More\"},\"image\":{\"@id\":\"https:\/\/tourtravelandmore.com\/es\/#\/schema\/logo\/image\/\"},\"sameAs\":[\"https:\/\/www.facebook.com\/tourtravelandmore\/\",\"https:\/\/x.com\/TourTravel_More\"]}]}<\/script>\n<!-- \/ Yoast SEO Premium plugin. -->","yoast_head_json":{"title":"Tour Privado de dia completo a Namur y Dinant desde Bruselas | TTM","description":"Reserva este Tour privado de Namur y Dinant. Conozca los lugares mas bonitos y emblem\u00e1ticos de estas maravillosas ciudades.","robots":{"index":"index","follow":"follow","max-snippet":"max-snippet:-1","max-image-preview":"max-image-preview:large","max-video-preview":"max-video-preview:-1"},"canonical":"https:\/\/tourtravelandmore.com\/es\/tours\/belgica-es\/bruselas-es\/tour-privado-de-dia-completo-a-namur-y-dinant-desde-bruselas\/","og_locale":"es_ES","og_type":"article","og_title":"Tour Privado a Namur y Dinant desde Bruselas","og_description":"Reserva este Tour privado de Namur y Dinant. Conozca los lugares mas bonitos y emblem\u00e1ticos de estas maravillosas ciudades.","og_url":"https:\/\/tourtravelandmore.com\/es\/tours\/belgica-es\/bruselas-es\/tour-privado-de-dia-completo-a-namur-y-dinant-desde-bruselas\/","og_site_name":"Tour Travel And More","article_publisher":"https:\/\/www.facebook.com\/tourtravelandmore\/","article_modified_time":"2023-10-27T10:41:32+00:00","og_image":[{"width":730,"height":462,"url":"https:\/\/tourtravelandmore.com\/wp-content\/uploads\/2020\/03\/belgium-namur-church-of-saint-loop-from-above.jpg","type":"image\/jpeg"}],"twitter_card":"summary_large_image","twitter_site":"@TourTravel_More","twitter_misc":{"Tiempo de lectura":"3 minutos"},"schema":{"@context":"https:\/\/schema.org","@graph":[{"@type":"WebPage","@id":"https:\/\/tourtravelandmore.com\/es\/tours\/belgica-es\/bruselas-es\/tour-privado-de-dia-completo-a-namur-y-dinant-desde-bruselas\/","url":"https:\/\/tourtravelandmore.com\/es\/tours\/belgica-es\/bruselas-es\/tour-privado-de-dia-completo-a-namur-y-dinant-desde-bruselas\/","name":"Tour Privado de dia completo a Namur y Dinant desde Bruselas | TTM","isPartOf":{"@id":"https:\/\/tourtravelandmore.com\/es\/#website"},"primaryImageOfPage":{"@id":"https:\/\/tourtravelandmore.com\/es\/tours\/belgica-es\/bruselas-es\/tour-privado-de-dia-completo-a-namur-y-dinant-desde-bruselas\/#primaryimage"},"image":{"@id":"https:\/\/tourtravelandmore.com\/es\/tours\/belgica-es\/bruselas-es\/tour-privado-de-dia-completo-a-namur-y-dinant-desde-bruselas\/#primaryimage"},"thumbnailUrl":"https:\/\/tourtravelandmore.com\/wp-content\/uploads\/2020\/03\/belgium-namur-church-of-saint-loop-from-above.jpg","datePublished":"2020-03-24T12:30:41+00:00","dateModified":"2023-10-27T10:41:32+00:00","description":"Reserva este Tour privado de Namur y Dinant. Conozca los lugares mas bonitos y emblem\u00e1ticos de estas maravillosas ciudades.","breadcrumb":{"@id":"https:\/\/tourtravelandmore.com\/es\/tours\/belgica-es\/bruselas-es\/tour-privado-de-dia-completo-a-namur-y-dinant-desde-bruselas\/#breadcrumb"},"inLanguage":"es","potentialAction":[{"@type":"ReadAction","target":["https:\/\/tourtravelandmore.com\/es\/tours\/belgica-es\/bruselas-es\/tour-privado-de-dia-completo-a-namur-y-dinant-desde-bruselas\/"]}]},{"@type":"ImageObject","inLanguage":"es","@id":"https:\/\/tourtravelandmore.com\/es\/tours\/belgica-es\/bruselas-es\/tour-privado-de-dia-completo-a-namur-y-dinant-desde-bruselas\/#primaryimage","url":"https:\/\/tourtravelandmore.com\/wp-content\/uploads\/2020\/03\/belgium-namur-church-of-saint-loop-from-above.jpg","contentUrl":"https:\/\/tourtravelandmore.com\/wp-content\/uploads\/2020\/03\/belgium-namur-church-of-saint-loop-from-above.jpg","width":730,"height":462},{"@type":"BreadcrumbList","@id":"https:\/\/tourtravelandmore.com\/es\/tours\/belgica-es\/bruselas-es\/tour-privado-de-dia-completo-a-namur-y-dinant-desde-bruselas\/#breadcrumb","itemListElement":[{"@type":"ListItem","position":1,"name":"Home","item":"https:\/\/tourtravelandmore.com\/es\/"},{"@type":"ListItem","position":2,"name":"Tours","item":"https:\/\/tourtravelandmore.com\/es\/tours\/"},{"@type":"ListItem","position":3,"name":"Tour Privado a Namur y Dinant desde Bruselas"}]},{"@type":"WebSite","@id":"https:\/\/tourtravelandmore.com\/es\/#website","url":"https:\/\/tourtravelandmore.com\/es\/","name":"Tour Travel And More","description":"Private sightseeing tours and luxury transfers in Spain","publisher":{"@id":"https:\/\/tourtravelandmore.com\/es\/#organization"},"potentialAction":[{"@type":"SearchAction","target":{"@type":"EntryPoint","urlTemplate":"https:\/\/tourtravelandmore.com\/es\/?s={search_term_string}"},"query-input":{"@type":"PropertyValueSpecification","valueRequired":true,"valueName":"search_term_string"}}],"inLanguage":"es"},{"@type":"Organization","@id":"https:\/\/tourtravelandmore.com\/es\/#organization","name":"Tour Travel And More","url":"https:\/\/tourtravelandmore.com\/es\/","logo":{"@type":"ImageObject","inLanguage":"es","@id":"https:\/\/tourtravelandmore.com\/es\/#\/schema\/logo\/image\/","url":"https:\/\/tourtravelandmore.com\/wp-content\/uploads\/2022\/12\/cropped-logo-cabecera-new.png","contentUrl":"https:\/\/tourtravelandmore.com\/wp-content\/uploads\/2022\/12\/cropped-logo-cabecera-new.png","width":430,"height":61,"caption":"Tour Travel And More"},"image":{"@id":"https:\/\/tourtravelandmore.com\/es\/#\/schema\/logo\/image\/"},"sameAs":["https:\/\/www.facebook.com\/tourtravelandmore\/","https:\/\/x.com\/TourTravel_More"]}]}},"_links":{"self":[{"href":"https:\/\/tourtravelandmore.com\/es\/wp-json\/wp\/v2\/product\/79011","targetHints":{"allow":["GET"]}}],"collection":[{"href":"https:\/\/tourtravelandmore.com\/es\/wp-json\/wp\/v2\/product"}],"about":[{"href":"https:\/\/tourtravelandmore.com\/es\/wp-json\/wp\/v2\/types\/product"}],"replies":[{"embeddable":true,"href":"https:\/\/tourtravelandmore.com\/es\/wp-json\/wp\/v2\/comments?post=79011"}],"wp:featuredmedia":[{"embeddable":true,"href":"https:\/\/tourtravelandmore.com\/es\/wp-json\/wp\/v2\/media\/79021"}],"wp:attachment":[{"href":"https:\/\/tourtravelandmore.com\/es\/wp-json\/wp\/v2\/media?parent=79011"}],"wp:term":[{"taxonomy":"product_brand","embeddable":true,"href":"https:\/\/tourtravelandmore.com\/es\/wp-json\/wp\/v2\/product_brand?post=79011"},{"taxonomy":"product_cat","embeddable":true,"href":"https:\/\/tourtravelandmore.com\/es\/wp-json\/wp\/v2\/product_cat?post=79011"},{"taxonomy":"product_tag","embeddable":true,"href":"https:\/\/tourtravelandmore.com\/es\/wp-json\/wp\/v2\/product_tag?post=79011"}],"curies":[{"name":"wp","href":"https:\/\/api.w.org\/{rel}","templated":true}]}}