{"id":78991,"date":"2020-03-24T13:03:40","date_gmt":"2020-03-24T12:03:40","guid":{"rendered":"https:\/\/tourtravelandmore.com\/?post_type=product&#038;p=78991"},"modified":"2023-10-27T12:38:42","modified_gmt":"2023-10-27T10:38:42","slug":"tour-amberes-y-gante-desde-bruselas-con-guia-oficial-y-vehiculo-privado","status":"publish","type":"product","link":"https:\/\/tourtravelandmore.com\/es\/tours\/belgica-es\/bruselas-es\/tour-amberes-y-gante-desde-bruselas-con-guia-oficial-y-vehiculo-privado\/","title":{"rendered":"Tour Privado a Amberes y Gante desde Bruselas"},"content":{"rendered":"<h2>Descripci\u00f3n del Tour Privado a Amberes y Gante desde Bruselas<\/h2>\n<p><span style=\"font-weight: 400;\">Disfruta de este tour <\/span>Amberes y Gante desde Bruselas, con su gu\u00eda oficial y veh\u00edculo privado<span style=\"font-weight: 400;\">.<\/span><\/p>\n<p>La duraci\u00f3n de este tour Amberes y Gante es de 10 Horas. Al ser un tour privado pueden escoger la hora y lugar de comienzo.<\/p>\n<p>A la hora acordada nuestro conductor le recoger\u00e1 en Bruselas y nos dirigiremos hacia Amberes y Gante d\u00f3nde esperar\u00e1 nuestro gu\u00eda para empezar el tour privado de la ciudad.<\/p>\n<p>A lo largo del tour podr\u00e1n parar a comer para disfrutar de la gastronom\u00eda de la regi\u00f3n y seguir con el tour Amberes y Gante.<\/p>\n<h2><b>Puntos de inter\u00e9s en el tour privado<br \/>\n<\/b><\/h2>\n<p><span style=\"font-weight: 400;\">Comenzaremos en la <\/span><b>Estaci\u00f3n Central de Amberes<\/b><span style=\"font-weight: 400;\">, con su impresionante estructura que data de principios del siglo XX. Tambi\u00e9n se conoce como Catedral del Ferrocarril y es clasificada como una de las estaciones m\u00e1s bellas del mundo.<\/span><\/p>\n<p><span style=\"font-weight: 400;\">Luego recorreremos su <\/span><b>centro hist\u00f3rico<\/b><span style=\"font-weight: 400;\">, peque\u00f1o, pero con numerosas calles peatonales y mucha animaci\u00f3n, ideal para admirar la arquitectura de los edificios y disfrutar del ambiente alegre de las terrazas.<\/span><\/p>\n<p><span style=\"font-weight: 400;\">El pr\u00f3ximo paso es la <\/span><b>Catedral de Amberes<\/b><span style=\"font-weight: 400;\">, o la <\/span><b>catedral g\u00f3tica de Notre Dame d&#8217;Anvers<\/b><span style=\"font-weight: 400;\">, impresionante por su tama\u00f1o. Es un buen hito en la ciudad, pues se puede ver su torre que sobresale de todas partes.<\/span><\/p>\n<p><span style=\"font-weight: 400;\">Luego pasaremos por la <\/span><b>Grand Place d&#8217;Anvers (Grote markt)<\/b><span style=\"font-weight: 400;\">, donde tambi\u00e9n se encuentra <\/span><b>el<\/b> <b>Ayuntamiento<\/b><span style=\"font-weight: 400;\">. La belleza de este lugar es indiscutible con su arquitectura armoniosa.\u00a0<\/span><\/p>\n<p><b>Groenplaats<\/b><span style=\"font-weight: 400;\"> es otra plaza importante en el centro de Amberes con hermosos edificios, terrazas acogedoras y una estatua de Rubens, un edificio ricamente decorado. Desde ah\u00ed visitaremos la <\/span><b>Place Hendrik Conscience<\/b><span style=\"font-weight: 400;\">, una bonita plaza en Amberes que alberga la Iglesia <\/span><b>Saint-Charles-Borrom\u00e9e<\/b><span style=\"font-weight: 400;\"> y <\/span><b>la Biblioteca del Patrimonio Hendrik Conscience<\/b><span style=\"font-weight: 400;\">.<\/span><\/p>\n<p><span style=\"font-weight: 400;\">Pasaremos por el <\/span><b>Museo Plantin-Moretus<\/b><span style=\"font-weight: 400;\">, declarado Patrimonio de la Humanidad por la Unesco y la antigua bolsa de valores (<\/span><b>Oude beurs<\/b><span style=\"font-weight: 400;\">), una bonita casa descubierta con un hermoso patio.<\/span><\/p>\n<p><span style=\"font-weight: 400;\">Luego pasaremos a <\/span><b>Gante<\/b><span style=\"font-weight: 400;\">, una de las ciudades m\u00e1s concurridas del norte de Europa por albergar un gran n\u00famero de estudiantes. Su historia tiene cosas en com\u00fan con Brujas, es por ello que su centro hist\u00f3rico es muy similar.\u00a0<\/span><\/p>\n<p><span style=\"font-weight: 400;\">Al igual que Brujas, pero en menor medida, Gante tambi\u00e9n tiene una <\/span><b>red de canales y un hermoso centro medieval <\/b><span style=\"font-weight: 400;\">que deleita a los visitantes.<\/span><\/p>\n<p><span style=\"font-weight: 400;\">La <\/span><b>Catedral de Gante (Sint-Baafskathedral)<\/b><span style=\"font-weight: 400;\"> es el primer punto. Admirar\u00e1 de cerca esta estructura que tard\u00f3 tres siglos en ser construida. Luego pasaremos al <\/span><b>Ch\u00e2teau de Gand (Gravensteen)<\/b><span style=\"font-weight: 400;\">, residencia Real que alberga un museo de instrumento de tortura. <\/span><span style=\"font-weight: 400;\">Tiene tambi\u00e9n uno de los panoramas m\u00e1s incre\u00edbles de toda la ciudad<\/span><span style=\"font-weight: 400;\">.<\/span><\/p>\n<p><span style=\"font-weight: 400;\">El <\/span><b>Ayuntamiento<\/b><span style=\"font-weight: 400;\"> en Gante tampoco pasa desapercibido en este tour. Fue levantado en el siglo XIV y tiene una impresionante altura de 91 metros. Al igual que la Catedral de Gante, <\/span><span style=\"font-weight: 400;\">desde arriba podr\u00e1 admirar una de las vistas m\u00e1s maravillosas de la ciudad<\/span><span style=\"font-weight: 400;\">.<\/span><\/p>\n<p><span style=\"font-weight: 400;\">A unos pasos de dicha catedral visitaremos <\/span><b>la Iglesia de San Nicol\u00e1s (Sint-Niklaaskerk)<\/b><span style=\"font-weight: 400;\">, otra de las estructuras religiosas m\u00e1s bellas de la ciudad. Por \u00faltimo, al pie de la iglesia de San Nicol\u00e1s se encuentra la famosa plaza <\/span><b>Korenmarkt<\/b><span style=\"font-weight: 400;\">, un lugar muy animado para pasar un rato agradable y descansar del recorrido.<\/span><\/p>\n<p>Si dispone de m\u00e1s d\u00edas puedes consultar<a href=\"https:\/\/tourtravelandmore.com\/es\/ciudad\/belgica-es\/bruselas-es\/\"><strong> aqu\u00ed<\/strong><\/a> el resto de tour privado que ofrecemos en Bruselas.<\/p>\n","protected":false},"excerpt":{"rendered":"<p>La ubicaci\u00f3n de la ciudad de Bruselas te permite poder conocer otras ciudades cercanas. Disfrute de este\u00a0<strong>tour privado de 10 horas a<\/strong>\u00a0<strong>Amberes y Gante desde Bruselas<\/strong>. Disfruta de los monumentos y zonas m\u00e1s emblem\u00e1ticas como la <b>Estaci\u00f3n Central de Amberes<\/b><b>, la Catedral g\u00f3tica de Notre Dame d&#8217;Anvers o la Catedral de Gante (Sint-Baafskathedral), <\/b>entre otros!<\/p>\n","protected":false},"featured_media":79005,"comment_status":"open","ping_status":"closed","template":"","meta":{"_acf_changed":false},"product_brand":[],"product_cat":[1454,1459,1458],"product_tag":[],"class_list":{"0":"post-78991","1":"product","2":"type-product","3":"status-publish","4":"has-post-thumbnail","6":"product_cat-bruselas-es","7":"product_cat-bruselas-actividades-es","8":"product_cat-bruselas-rutas-turisticas-privadas-es","10":"first","11":"instock","12":"shipping-taxable","13":"purchasable","14":"product-type-simple"},"acf":[],"yoast_head":"<!-- This site is optimized with the Yoast SEO Premium plugin v25.3.1 (Yoast SEO v25.3.1) - https:\/\/yoast.com\/wordpress\/plugins\/seo\/ -->\n<title>tour Amberes y Gante desde Bruselas con gu\u00eda oficial y vehiculo privado | TTM<\/title>\n<meta name=\"description\" content=\"Reserva este tour Amberes y Gante desde Bruselas con gu\u00eda oficial y vehiculo privado y descubre en un mismo d\u00eda dos ciudades.\" \/>\n<meta name=\"robots\" content=\"index, follow, max-snippet:-1, max-image-preview:large, max-video-preview:-1\" \/>\n<link rel=\"canonical\" href=\"https:\/\/tourtravelandmore.com\/es\/tours\/belgica-es\/bruselas-es\/tour-amberes-y-gante-desde-bruselas-con-guia-oficial-y-vehiculo-privado\/\" \/>\n<meta property=\"og:locale\" content=\"es_ES\" \/>\n<meta property=\"og:type\" content=\"article\" \/>\n<meta property=\"og:title\" content=\"Tour Privado a Amberes y Gante desde Bruselas\" \/>\n<meta property=\"og:description\" content=\"Reserva este tour Amberes y Gante desde Bruselas con gu\u00eda oficial y vehiculo privado y descubre en un mismo d\u00eda dos ciudades.\" \/>\n<meta property=\"og:url\" content=\"https:\/\/tourtravelandmore.com\/es\/tours\/belgica-es\/bruselas-es\/tour-amberes-y-gante-desde-bruselas-con-guia-oficial-y-vehiculo-privado\/\" \/>\n<meta property=\"og:site_name\" content=\"Tour Travel And More\" \/>\n<meta property=\"article:publisher\" content=\"https:\/\/www.facebook.com\/tourtravelandmore\/\" \/>\n<meta property=\"article:modified_time\" content=\"2023-10-27T10:38:42+00:00\" \/>\n<meta property=\"og:image\" content=\"https:\/\/tourtravelandmore.com\/wp-content\/uploads\/2020\/03\/antwerp-station-hall-building-station.jpg\" \/>\n\t<meta property=\"og:image:width\" content=\"910\" \/>\n\t<meta property=\"og:image:height\" content=\"611\" \/>\n\t<meta property=\"og:image:type\" content=\"image\/jpeg\" \/>\n<meta name=\"twitter:card\" content=\"summary_large_image\" \/>\n<meta name=\"twitter:site\" content=\"@TourTravel_More\" \/>\n<meta name=\"twitter:label1\" content=\"Tiempo de lectura\" \/>\n\t<meta name=\"twitter:data1\" content=\"3 minutos\" \/>\n<script type=\"application\/ld+json\" class=\"yoast-schema-graph\">{\"@context\":\"https:\/\/schema.org\",\"@graph\":[{\"@type\":\"WebPage\",\"@id\":\"https:\/\/tourtravelandmore.com\/es\/tours\/belgica-es\/bruselas-es\/tour-amberes-y-gante-desde-bruselas-con-guia-oficial-y-vehiculo-privado\/\",\"url\":\"https:\/\/tourtravelandmore.com\/es\/tours\/belgica-es\/bruselas-es\/tour-amberes-y-gante-desde-bruselas-con-guia-oficial-y-vehiculo-privado\/\",\"name\":\"tour Amberes y Gante desde Bruselas con gu\u00eda oficial y vehiculo privado | TTM\",\"isPartOf\":{\"@id\":\"https:\/\/tourtravelandmore.com\/es\/#website\"},\"primaryImageOfPage\":{\"@id\":\"https:\/\/tourtravelandmore.com\/es\/tours\/belgica-es\/bruselas-es\/tour-amberes-y-gante-desde-bruselas-con-guia-oficial-y-vehiculo-privado\/#primaryimage\"},\"image\":{\"@id\":\"https:\/\/tourtravelandmore.com\/es\/tours\/belgica-es\/bruselas-es\/tour-amberes-y-gante-desde-bruselas-con-guia-oficial-y-vehiculo-privado\/#primaryimage\"},\"thumbnailUrl\":\"https:\/\/tourtravelandmore.com\/wp-content\/uploads\/2020\/03\/antwerp-station-hall-building-station.jpg\",\"datePublished\":\"2020-03-24T12:03:40+00:00\",\"dateModified\":\"2023-10-27T10:38:42+00:00\",\"description\":\"Reserva este tour Amberes y Gante desde Bruselas con gu\u00eda oficial y vehiculo privado y descubre en un mismo d\u00eda dos ciudades.\",\"breadcrumb\":{\"@id\":\"https:\/\/tourtravelandmore.com\/es\/tours\/belgica-es\/bruselas-es\/tour-amberes-y-gante-desde-bruselas-con-guia-oficial-y-vehiculo-privado\/#breadcrumb\"},\"inLanguage\":\"es\",\"potentialAction\":[{\"@type\":\"ReadAction\",\"target\":[\"https:\/\/tourtravelandmore.com\/es\/tours\/belgica-es\/bruselas-es\/tour-amberes-y-gante-desde-bruselas-con-guia-oficial-y-vehiculo-privado\/\"]}]},{\"@type\":\"ImageObject\",\"inLanguage\":\"es\",\"@id\":\"https:\/\/tourtravelandmore.com\/es\/tours\/belgica-es\/bruselas-es\/tour-amberes-y-gante-desde-bruselas-con-guia-oficial-y-vehiculo-privado\/#primaryimage\",\"url\":\"https:\/\/tourtravelandmore.com\/wp-content\/uploads\/2020\/03\/antwerp-station-hall-building-station.jpg\",\"contentUrl\":\"https:\/\/tourtravelandmore.com\/wp-content\/uploads\/2020\/03\/antwerp-station-hall-building-station.jpg\",\"width\":910,\"height\":611},{\"@type\":\"BreadcrumbList\",\"@id\":\"https:\/\/tourtravelandmore.com\/es\/tours\/belgica-es\/bruselas-es\/tour-amberes-y-gante-desde-bruselas-con-guia-oficial-y-vehiculo-privado\/#breadcrumb\",\"itemListElement\":[{\"@type\":\"ListItem\",\"position\":1,\"name\":\"Home\",\"item\":\"https:\/\/tourtravelandmore.com\/es\/\"},{\"@type\":\"ListItem\",\"position\":2,\"name\":\"Tours\",\"item\":\"https:\/\/tourtravelandmore.com\/es\/tours\/\"},{\"@type\":\"ListItem\",\"position\":3,\"name\":\"Tour Privado a Amberes y Gante desde Bruselas\"}]},{\"@type\":\"WebSite\",\"@id\":\"https:\/\/tourtravelandmore.com\/es\/#website\",\"url\":\"https:\/\/tourtravelandmore.com\/es\/\",\"name\":\"Tour Travel And More\",\"description\":\"Private sightseeing tours and luxury transfers in Spain\",\"publisher\":{\"@id\":\"https:\/\/tourtravelandmore.com\/es\/#organization\"},\"potentialAction\":[{\"@type\":\"SearchAction\",\"target\":{\"@type\":\"EntryPoint\",\"urlTemplate\":\"https:\/\/tourtravelandmore.com\/es\/?s={search_term_string}\"},\"query-input\":{\"@type\":\"PropertyValueSpecification\",\"valueRequired\":true,\"valueName\":\"search_term_string\"}}],\"inLanguage\":\"es\"},{\"@type\":\"Organization\",\"@id\":\"https:\/\/tourtravelandmore.com\/es\/#organization\",\"name\":\"Tour Travel And More\",\"url\":\"https:\/\/tourtravelandmore.com\/es\/\",\"logo\":{\"@type\":\"ImageObject\",\"inLanguage\":\"es\",\"@id\":\"https:\/\/tourtravelandmore.com\/es\/#\/schema\/logo\/image\/\",\"url\":\"https:\/\/tourtravelandmore.com\/wp-content\/uploads\/2022\/12\/cropped-logo-cabecera-new.png\",\"contentUrl\":\"https:\/\/tourtravelandmore.com\/wp-content\/uploads\/2022\/12\/cropped-logo-cabecera-new.png\",\"width\":430,\"height\":61,\"caption\":\"Tour Travel And More\"},\"image\":{\"@id\":\"https:\/\/tourtravelandmore.com\/es\/#\/schema\/logo\/image\/\"},\"sameAs\":[\"https:\/\/www.facebook.com\/tourtravelandmore\/\",\"https:\/\/x.com\/TourTravel_More\"]}]}<\/script>\n<!-- \/ Yoast SEO Premium plugin. -->","yoast_head_json":{"title":"tour Amberes y Gante desde Bruselas con gu\u00eda oficial y vehiculo privado | TTM","description":"Reserva este tour Amberes y Gante desde Bruselas con gu\u00eda oficial y vehiculo privado y descubre en un mismo d\u00eda dos ciudades.","robots":{"index":"index","follow":"follow","max-snippet":"max-snippet:-1","max-image-preview":"max-image-preview:large","max-video-preview":"max-video-preview:-1"},"canonical":"https:\/\/tourtravelandmore.com\/es\/tours\/belgica-es\/bruselas-es\/tour-amberes-y-gante-desde-bruselas-con-guia-oficial-y-vehiculo-privado\/","og_locale":"es_ES","og_type":"article","og_title":"Tour Privado a Amberes y Gante desde Bruselas","og_description":"Reserva este tour Amberes y Gante desde Bruselas con gu\u00eda oficial y vehiculo privado y descubre en un mismo d\u00eda dos ciudades.","og_url":"https:\/\/tourtravelandmore.com\/es\/tours\/belgica-es\/bruselas-es\/tour-amberes-y-gante-desde-bruselas-con-guia-oficial-y-vehiculo-privado\/","og_site_name":"Tour Travel And More","article_publisher":"https:\/\/www.facebook.com\/tourtravelandmore\/","article_modified_time":"2023-10-27T10:38:42+00:00","og_image":[{"width":910,"height":611,"url":"https:\/\/tourtravelandmore.com\/wp-content\/uploads\/2020\/03\/antwerp-station-hall-building-station.jpg","type":"image\/jpeg"}],"twitter_card":"summary_large_image","twitter_site":"@TourTravel_More","twitter_misc":{"Tiempo de lectura":"3 minutos"},"schema":{"@context":"https:\/\/schema.org","@graph":[{"@type":"WebPage","@id":"https:\/\/tourtravelandmore.com\/es\/tours\/belgica-es\/bruselas-es\/tour-amberes-y-gante-desde-bruselas-con-guia-oficial-y-vehiculo-privado\/","url":"https:\/\/tourtravelandmore.com\/es\/tours\/belgica-es\/bruselas-es\/tour-amberes-y-gante-desde-bruselas-con-guia-oficial-y-vehiculo-privado\/","name":"tour Amberes y Gante desde Bruselas con gu\u00eda oficial y vehiculo privado | TTM","isPartOf":{"@id":"https:\/\/tourtravelandmore.com\/es\/#website"},"primaryImageOfPage":{"@id":"https:\/\/tourtravelandmore.com\/es\/tours\/belgica-es\/bruselas-es\/tour-amberes-y-gante-desde-bruselas-con-guia-oficial-y-vehiculo-privado\/#primaryimage"},"image":{"@id":"https:\/\/tourtravelandmore.com\/es\/tours\/belgica-es\/bruselas-es\/tour-amberes-y-gante-desde-bruselas-con-guia-oficial-y-vehiculo-privado\/#primaryimage"},"thumbnailUrl":"https:\/\/tourtravelandmore.com\/wp-content\/uploads\/2020\/03\/antwerp-station-hall-building-station.jpg","datePublished":"2020-03-24T12:03:40+00:00","dateModified":"2023-10-27T10:38:42+00:00","description":"Reserva este tour Amberes y Gante desde Bruselas con gu\u00eda oficial y vehiculo privado y descubre en un mismo d\u00eda dos ciudades.","breadcrumb":{"@id":"https:\/\/tourtravelandmore.com\/es\/tours\/belgica-es\/bruselas-es\/tour-amberes-y-gante-desde-bruselas-con-guia-oficial-y-vehiculo-privado\/#breadcrumb"},"inLanguage":"es","potentialAction":[{"@type":"ReadAction","target":["https:\/\/tourtravelandmore.com\/es\/tours\/belgica-es\/bruselas-es\/tour-amberes-y-gante-desde-bruselas-con-guia-oficial-y-vehiculo-privado\/"]}]},{"@type":"ImageObject","inLanguage":"es","@id":"https:\/\/tourtravelandmore.com\/es\/tours\/belgica-es\/bruselas-es\/tour-amberes-y-gante-desde-bruselas-con-guia-oficial-y-vehiculo-privado\/#primaryimage","url":"https:\/\/tourtravelandmore.com\/wp-content\/uploads\/2020\/03\/antwerp-station-hall-building-station.jpg","contentUrl":"https:\/\/tourtravelandmore.com\/wp-content\/uploads\/2020\/03\/antwerp-station-hall-building-station.jpg","width":910,"height":611},{"@type":"BreadcrumbList","@id":"https:\/\/tourtravelandmore.com\/es\/tours\/belgica-es\/bruselas-es\/tour-amberes-y-gante-desde-bruselas-con-guia-oficial-y-vehiculo-privado\/#breadcrumb","itemListElement":[{"@type":"ListItem","position":1,"name":"Home","item":"https:\/\/tourtravelandmore.com\/es\/"},{"@type":"ListItem","position":2,"name":"Tours","item":"https:\/\/tourtravelandmore.com\/es\/tours\/"},{"@type":"ListItem","position":3,"name":"Tour Privado a Amberes y Gante desde Bruselas"}]},{"@type":"WebSite","@id":"https:\/\/tourtravelandmore.com\/es\/#website","url":"https:\/\/tourtravelandmore.com\/es\/","name":"Tour Travel And More","description":"Private sightseeing tours and luxury transfers in Spain","publisher":{"@id":"https:\/\/tourtravelandmore.com\/es\/#organization"},"potentialAction":[{"@type":"SearchAction","target":{"@type":"EntryPoint","urlTemplate":"https:\/\/tourtravelandmore.com\/es\/?s={search_term_string}"},"query-input":{"@type":"PropertyValueSpecification","valueRequired":true,"valueName":"search_term_string"}}],"inLanguage":"es"},{"@type":"Organization","@id":"https:\/\/tourtravelandmore.com\/es\/#organization","name":"Tour Travel And More","url":"https:\/\/tourtravelandmore.com\/es\/","logo":{"@type":"ImageObject","inLanguage":"es","@id":"https:\/\/tourtravelandmore.com\/es\/#\/schema\/logo\/image\/","url":"https:\/\/tourtravelandmore.com\/wp-content\/uploads\/2022\/12\/cropped-logo-cabecera-new.png","contentUrl":"https:\/\/tourtravelandmore.com\/wp-content\/uploads\/2022\/12\/cropped-logo-cabecera-new.png","width":430,"height":61,"caption":"Tour Travel And More"},"image":{"@id":"https:\/\/tourtravelandmore.com\/es\/#\/schema\/logo\/image\/"},"sameAs":["https:\/\/www.facebook.com\/tourtravelandmore\/","https:\/\/x.com\/TourTravel_More"]}]}},"_links":{"self":[{"href":"https:\/\/tourtravelandmore.com\/es\/wp-json\/wp\/v2\/product\/78991","targetHints":{"allow":["GET"]}}],"collection":[{"href":"https:\/\/tourtravelandmore.com\/es\/wp-json\/wp\/v2\/product"}],"about":[{"href":"https:\/\/tourtravelandmore.com\/es\/wp-json\/wp\/v2\/types\/product"}],"replies":[{"embeddable":true,"href":"https:\/\/tourtravelandmore.com\/es\/wp-json\/wp\/v2\/comments?post=78991"}],"wp:featuredmedia":[{"embeddable":true,"href":"https:\/\/tourtravelandmore.com\/es\/wp-json\/wp\/v2\/media\/79005"}],"wp:attachment":[{"href":"https:\/\/tourtravelandmore.com\/es\/wp-json\/wp\/v2\/media?parent=78991"}],"wp:term":[{"taxonomy":"product_brand","embeddable":true,"href":"https:\/\/tourtravelandmore.com\/es\/wp-json\/wp\/v2\/product_brand?post=78991"},{"taxonomy":"product_cat","embeddable":true,"href":"https:\/\/tourtravelandmore.com\/es\/wp-json\/wp\/v2\/product_cat?post=78991"},{"taxonomy":"product_tag","embeddable":true,"href":"https:\/\/tourtravelandmore.com\/es\/wp-json\/wp\/v2\/product_tag?post=78991"}],"curies":[{"name":"wp","href":"https:\/\/api.w.org\/{rel}","templated":true}]}}